{"id":130808,"date":"2020-07-13T17:25:33","date_gmt":"2020-07-13T15:25:33","guid":{"rendered":"https:\/\/www.ikuchyne.sk\/eshop\/?post_type=product&#038;p=130808"},"modified":"2020-09-17T13:28:49","modified_gmt":"2020-09-17T11:28:49","slug":"stojanova-lampa-elements-147cm-cierna-agat","status":"publish","type":"product","link":"https:\/\/www.ikuchyne.sk\/eshop\/produkt\/stojanova-lampa-elements-147cm-cierna-agat\/","title":{"rendered":"\u010cierna stojanov\u00e1 lampa Elements 147cm \u00bb"},"content":{"rendered":"<h1>\u010cierna stojanov\u00e1 lampa Elements 147cm \u00bb<\/h1>\n<p><strong>V\u0161eobecn\u00fd opis stojanovej lampy:<br \/>\n<\/strong>Pokia\u013e h\u013ead\u00e1te nie\u010do \u0161peci\u00e1lne do v\u00e1\u0161ho interi\u00e9ru, ur\u010dite si pozorne prezrite t\u00fato zauj\u00edmav\u00fa stojanov\u00fa lampu. Ve\u013ek\u00e9 \u010dierne tienidlo so zaoblen\u00fdmi rohmi je vyroben\u00e9 z vysoko kvalitnej bavlny a poskytuje pr\u00edjemn\u00e9 osvetlenie bez oslnenia, ke\u010f je svetlo zapnut\u00e9. \u010cere\u0161ni\u010dou na torte je jednozna\u010dne unik\u00e1tne nadizajnovan\u00e1 podno\u017e lapmy. Tvoria ju \u0161tyri ve\u013ek\u00e9 kovov\u00e9 prstence. Ka\u017ed\u00fd z nich v sebe ukr\u00fdva k\u00fasok ag\u00e1tov\u00e9ho dreva. Ka\u017ed\u00fd kus dreva pou\u017eit\u00fd pri tejto lampe je unik\u00e1tny, vzh\u013eadom na to, \u017ee ide o pr\u00edrodn\u00fd produkt. Svietidlo je prisp\u00f4soben\u00e9 na \u017eiarovku so z\u00e1vitom E27. Dod\u00e1va sa bez \u017eiarovky. Jednotliv\u00e9 kusy sa m\u00f4\u017eu od seba l\u00ed\u0161i\u0165 &#8211; nie je to v\u0161ak v\u00fdrobn\u00e1 chyba &#8211; len to pod\u010diarkuje originalitu produktu.<\/p>\n<p><strong>\u010eal\u0161ie inform\u00e1cie:<br \/>\n<\/strong>V pr\u00edpade zne\u010distenia, pou\u017eite prachovku alebo pr\u00edpravky na \u010distenie svietidiel a m\u00e4kk\u00fa handri\u010dku. Nikdy nemanipulujte so svietidlom pod nap\u00e4t\u00edm.<\/p>\n<p><b>Rozmery stojanovej lampy<\/b>\u00a0(cca):<br \/>\n\u0160\u00edrka: 55 cm<br \/>\nV\u00fd\u0161ka: 147 cm<br \/>\nH\u013abka: 21 cm<br \/>\n<strong>Priemer podno\u017ee:<\/strong> 40 x 1 x 20 cm<br \/>\n<strong>Pr\u00edvodn\u00e9 vedenie:<\/strong> 205 cm<br \/>\n<strong>Tienidlo:<\/strong> \u0160 x V x H 55 x 23 x 21 cm<\/p>\n<p><strong>Technick\u00e9 parametre:<br \/>\n<\/strong>zdroj: 1 x E27 max. 60W<br \/>\n(energetick\u00e1 trieda\u00a0A++ a\u017e E)<\/p>\n<p><b>Materi\u00e1l:<\/b> bavlna, naplaven\u00e9 drevo, kov<\/p>\n<p><b>Farba:<\/b> \u010dierna, pr\u00edrodn\u00e1<\/p>\n","protected":false},"excerpt":{"rendered":"<p>\u010cierna stojanov\u00e1 lampa Elements 147cm \u00bb V\u0161eobecn\u00fd opis stojanovej lampy: Pokia\u013e h\u013ead\u00e1te nie\u010do \u0161peci\u00e1lne do v\u00e1\u0161ho interi\u00e9ru, ur\u010dite si pozorne prezrite t\u00fato zauj\u00edmav\u00fa stojanov\u00fa lampu. Ve\u013ek\u00e9 \u010dierne tienidlo so zaoblen\u00fdmi<\/p>\n","protected":false},"featured_media":130809,"comment_status":"closed","ping_status":"closed","template":"","meta":[],"product_cat":[937,935,772,182,185],"product_tag":[187,198],"yoast_head":"<!-- This site is optimized with the Yoast SEO plugin v22.1 - https:\/\/yoast.com\/wordpress\/plugins\/seo\/ -->\n<title>\u010cierna stojanov\u00e1 lampa Elements 147cm \u00bb &#187; iKuchyne iSHOP s n\u00e1bytkom<\/title>\n<meta name=\"description\" content=\"K\u00fapte si u n\u00e1s \u010cierna stojanov\u00e1 lampa Elements 147cm \u00bb za akciov\u00fa cenu. R\u00fdchle dodanie tovaru, odborn\u00e9 poradenstvo a stovky produktov skladom. \u010cierna stojanov\u00e1 lampa Elements 147cm \u00bb sa stane dominantou V\u00e1\u0161ho interi\u00e9ru. Internetov\u00fd obchod ikuchyne! pon\u00faka odber \u010cierna stojanov\u00e1 lampa Elements 147cm \u00bb u\u017e od 1 kusu.\" \/>\n<meta name=\"robots\" content=\"index, follow, max-snippet:-1, max-image-preview:large, max-video-preview:-1\" \/>\n<link rel=\"canonical\" href=\"https:\/\/www.ikuchyne.sk\/eshop\/produkt\/stojanova-lampa-elements-147cm-cierna-agat\/\" \/>\n<meta property=\"og:locale\" content=\"sk_SK\" \/>\n<meta property=\"og:type\" content=\"article\" \/>\n<meta property=\"og:title\" content=\"\u010cierna stojanov\u00e1 lampa Elements 147cm \u00bb &#187; iKuchyne iSHOP s n\u00e1bytkom\" \/>\n<meta property=\"og:description\" content=\"K\u00fapte si u n\u00e1s \u010cierna stojanov\u00e1 lampa Elements 147cm \u00bb za akciov\u00fa cenu. R\u00fdchle dodanie tovaru, odborn\u00e9 poradenstvo a stovky produktov skladom. \u010cierna stojanov\u00e1 lampa Elements 147cm \u00bb sa stane dominantou V\u00e1\u0161ho interi\u00e9ru. Internetov\u00fd obchod ikuchyne! pon\u00faka odber \u010cierna stojanov\u00e1 lampa Elements 147cm \u00bb u\u017e od 1 kusu.\" \/>\n<meta property=\"og:url\" content=\"https:\/\/www.ikuchyne.sk\/eshop\/produkt\/stojanova-lampa-elements-147cm-cierna-agat\/\" \/>\n<meta property=\"og:site_name\" content=\"iKuchyne iSHOP s n\u00e1bytkom\" \/>\n<meta property=\"article:publisher\" content=\"https:\/\/www.facebook.com\/ikuchyne\/\" \/>\n<meta property=\"article:modified_time\" content=\"2020-09-17T11:28:49+00:00\" \/>\n<meta property=\"og:image\" content=\"https:\/\/www.ikuchyne.sk\/eshop\/wp-content\/uploads\/2020\/07\/Stojanov\u00e1-lampa-Elements-147cm-\u010dierna-ag\u00e1t-40398.jpg\" \/>\n\t<meta property=\"og:image:width\" content=\"800\" \/>\n\t<meta property=\"og:image:height\" content=\"533\" \/>\n\t<meta property=\"og:image:type\" content=\"image\/jpeg\" \/>\n<meta name=\"twitter:card\" content=\"summary_large_image\" \/>\n<meta name=\"twitter:label1\" content=\"Predpokladan\u00fd \u010das \u010d\u00edtania\" \/>\n\t<meta name=\"twitter:data1\" content=\"1 min\u00fata\" \/>\n<script type=\"application\/ld+json\" class=\"yoast-schema-graph\">{\"@context\":\"https:\/\/schema.org\",\"@graph\":[{\"@type\":\"WebPage\",\"@id\":\"https:\/\/www.ikuchyne.sk\/eshop\/produkt\/stojanova-lampa-elements-147cm-cierna-agat\/\",\"url\":\"https:\/\/www.ikuchyne.sk\/eshop\/produkt\/stojanova-lampa-elements-147cm-cierna-agat\/\",\"name\":\"\u010cierna stojanov\u00e1 lampa Elements 147cm \u00bb &#187; iKuchyne iSHOP s n\u00e1bytkom\",\"isPartOf\":{\"@id\":\"https:\/\/www.ikuchyne.sk\/eshop\/#website\"},\"datePublished\":\"2020-07-13T15:25:33+00:00\",\"dateModified\":\"2020-09-17T11:28:49+00:00\",\"description\":\"K\u00fapte si u n\u00e1s \u010cierna stojanov\u00e1 lampa Elements 147cm \u00bb za akciov\u00fa cenu. R\u00fdchle dodanie tovaru, odborn\u00e9 poradenstvo a stovky produktov skladom. \u010cierna stojanov\u00e1 lampa Elements 147cm \u00bb sa stane dominantou V\u00e1\u0161ho interi\u00e9ru. Internetov\u00fd obchod ikuchyne! pon\u00faka odber \u010cierna stojanov\u00e1 lampa Elements 147cm \u00bb u\u017e od 1 kusu.\",\"breadcrumb\":{\"@id\":\"https:\/\/www.ikuchyne.sk\/eshop\/produkt\/stojanova-lampa-elements-147cm-cierna-agat\/#breadcrumb\"},\"inLanguage\":\"sk-SK\",\"potentialAction\":[{\"@type\":\"ReadAction\",\"target\":[\"https:\/\/www.ikuchyne.sk\/eshop\/produkt\/stojanova-lampa-elements-147cm-cierna-agat\/\"]}]},{\"@type\":\"BreadcrumbList\",\"@id\":\"https:\/\/www.ikuchyne.sk\/eshop\/produkt\/stojanova-lampa-elements-147cm-cierna-agat\/#breadcrumb\",\"itemListElement\":[{\"@type\":\"ListItem\",\"position\":1,\"name\":\"Home\",\"item\":\"https:\/\/www.ikuchyne.sk\/eshop\/\"},{\"@type\":\"ListItem\",\"position\":2,\"name\":\"Obchod\",\"item\":\"https:\/\/www.ikuchyne.sk\/eshop\/obchod\/\"},{\"@type\":\"ListItem\",\"position\":3,\"name\":\"\u010cierna stojanov\u00e1 lampa Elements 147cm \u00bb\"}]},{\"@type\":\"WebSite\",\"@id\":\"https:\/\/www.ikuchyne.sk\/eshop\/#website\",\"url\":\"https:\/\/www.ikuchyne.sk\/eshop\/\",\"name\":\"iKuchyne iSHOP s n\u00e1bytkom\",\"description\":\"Jed\u00e1lensk\u00e9 stoly, stoli\u010dky, n\u00e1bytok, svietidl\u00e1...\",\"publisher\":{\"@id\":\"https:\/\/www.ikuchyne.sk\/eshop\/#organization\"},\"potentialAction\":[{\"@type\":\"SearchAction\",\"target\":{\"@type\":\"EntryPoint\",\"urlTemplate\":\"https:\/\/www.ikuchyne.sk\/eshop\/?s={search_term_string}\"},\"query-input\":\"required name=search_term_string\"}],\"inLanguage\":\"sk-SK\"},{\"@type\":\"Organization\",\"@id\":\"https:\/\/www.ikuchyne.sk\/eshop\/#organization\",\"name\":\"ikuchyne!\",\"url\":\"https:\/\/www.ikuchyne.sk\/eshop\/\",\"logo\":{\"@type\":\"ImageObject\",\"inLanguage\":\"sk-SK\",\"@id\":\"https:\/\/www.ikuchyne.sk\/eshop\/#\/schema\/logo\/image\/\",\"url\":\"https:\/\/www.ikuchyne.sk\/eshop\/wp-content\/uploads\/2017\/04\/ikuchyne-logo.jpg\",\"contentUrl\":\"https:\/\/www.ikuchyne.sk\/eshop\/wp-content\/uploads\/2017\/04\/ikuchyne-logo.jpg\",\"width\":200,\"height\":48,\"caption\":\"ikuchyne!\"},\"image\":{\"@id\":\"https:\/\/www.ikuchyne.sk\/eshop\/#\/schema\/logo\/image\/\"},\"sameAs\":[\"https:\/\/www.facebook.com\/ikuchyne\/\",\"https:\/\/www.instagram.com\/ikuchyne.sk\/\",\"https:\/\/sk.pinterest.com\/ikuchynesk\/\"]}]}<\/script>\n<!-- \/ Yoast SEO plugin. -->","yoast_head_json":{"title":"\u010cierna stojanov\u00e1 lampa Elements 147cm \u00bb &#187; iKuchyne iSHOP s n\u00e1bytkom","description":"K\u00fapte si u n\u00e1s \u010cierna stojanov\u00e1 lampa Elements 147cm \u00bb za akciov\u00fa cenu. R\u00fdchle dodanie tovaru, odborn\u00e9 poradenstvo a stovky produktov skladom. \u010cierna stojanov\u00e1 lampa Elements 147cm \u00bb sa stane dominantou V\u00e1\u0161ho interi\u00e9ru. Internetov\u00fd obchod ikuchyne! pon\u00faka odber \u010cierna stojanov\u00e1 lampa Elements 147cm \u00bb u\u017e od 1 kusu.","robots":{"index":"index","follow":"follow","max-snippet":"max-snippet:-1","max-image-preview":"max-image-preview:large","max-video-preview":"max-video-preview:-1"},"canonical":"https:\/\/www.ikuchyne.sk\/eshop\/produkt\/stojanova-lampa-elements-147cm-cierna-agat\/","og_locale":"sk_SK","og_type":"article","og_title":"\u010cierna stojanov\u00e1 lampa Elements 147cm \u00bb &#187; iKuchyne iSHOP s n\u00e1bytkom","og_description":"K\u00fapte si u n\u00e1s \u010cierna stojanov\u00e1 lampa Elements 147cm \u00bb za akciov\u00fa cenu. R\u00fdchle dodanie tovaru, odborn\u00e9 poradenstvo a stovky produktov skladom. \u010cierna stojanov\u00e1 lampa Elements 147cm \u00bb sa stane dominantou V\u00e1\u0161ho interi\u00e9ru. Internetov\u00fd obchod ikuchyne! pon\u00faka odber \u010cierna stojanov\u00e1 lampa Elements 147cm \u00bb u\u017e od 1 kusu.","og_url":"https:\/\/www.ikuchyne.sk\/eshop\/produkt\/stojanova-lampa-elements-147cm-cierna-agat\/","og_site_name":"iKuchyne iSHOP s n\u00e1bytkom","article_publisher":"https:\/\/www.facebook.com\/ikuchyne\/","article_modified_time":"2020-09-17T11:28:49+00:00","og_image":[{"width":800,"height":533,"url":"https:\/\/www.ikuchyne.sk\/eshop\/wp-content\/uploads\/2020\/07\/Stojanov\u00e1-lampa-Elements-147cm-\u010dierna-ag\u00e1t-40398.jpg","type":"image\/jpeg"}],"twitter_card":"summary_large_image","twitter_misc":{"Predpokladan\u00fd \u010das \u010d\u00edtania":"1 min\u00fata"},"schema":{"@context":"https:\/\/schema.org","@graph":[{"@type":"WebPage","@id":"https:\/\/www.ikuchyne.sk\/eshop\/produkt\/stojanova-lampa-elements-147cm-cierna-agat\/","url":"https:\/\/www.ikuchyne.sk\/eshop\/produkt\/stojanova-lampa-elements-147cm-cierna-agat\/","name":"\u010cierna stojanov\u00e1 lampa Elements 147cm \u00bb &#187; iKuchyne iSHOP s n\u00e1bytkom","isPartOf":{"@id":"https:\/\/www.ikuchyne.sk\/eshop\/#website"},"datePublished":"2020-07-13T15:25:33+00:00","dateModified":"2020-09-17T11:28:49+00:00","description":"K\u00fapte si u n\u00e1s \u010cierna stojanov\u00e1 lampa Elements 147cm \u00bb za akciov\u00fa cenu. R\u00fdchle dodanie tovaru, odborn\u00e9 poradenstvo a stovky produktov skladom. \u010cierna stojanov\u00e1 lampa Elements 147cm \u00bb sa stane dominantou V\u00e1\u0161ho interi\u00e9ru. Internetov\u00fd obchod ikuchyne! pon\u00faka odber \u010cierna stojanov\u00e1 lampa Elements 147cm \u00bb u\u017e od 1 kusu.","breadcrumb":{"@id":"https:\/\/www.ikuchyne.sk\/eshop\/produkt\/stojanova-lampa-elements-147cm-cierna-agat\/#breadcrumb"},"inLanguage":"sk-SK","potentialAction":[{"@type":"ReadAction","target":["https:\/\/www.ikuchyne.sk\/eshop\/produkt\/stojanova-lampa-elements-147cm-cierna-agat\/"]}]},{"@type":"BreadcrumbList","@id":"https:\/\/www.ikuchyne.sk\/eshop\/produkt\/stojanova-lampa-elements-147cm-cierna-agat\/#breadcrumb","itemListElement":[{"@type":"ListItem","position":1,"name":"Home","item":"https:\/\/www.ikuchyne.sk\/eshop\/"},{"@type":"ListItem","position":2,"name":"Obchod","item":"https:\/\/www.ikuchyne.sk\/eshop\/obchod\/"},{"@type":"ListItem","position":3,"name":"\u010cierna stojanov\u00e1 lampa Elements 147cm \u00bb"}]},{"@type":"WebSite","@id":"https:\/\/www.ikuchyne.sk\/eshop\/#website","url":"https:\/\/www.ikuchyne.sk\/eshop\/","name":"iKuchyne iSHOP s n\u00e1bytkom","description":"Jed\u00e1lensk\u00e9 stoly, stoli\u010dky, n\u00e1bytok, svietidl\u00e1...","publisher":{"@id":"https:\/\/www.ikuchyne.sk\/eshop\/#organization"},"potentialAction":[{"@type":"SearchAction","target":{"@type":"EntryPoint","urlTemplate":"https:\/\/www.ikuchyne.sk\/eshop\/?s={search_term_string}"},"query-input":"required name=search_term_string"}],"inLanguage":"sk-SK"},{"@type":"Organization","@id":"https:\/\/www.ikuchyne.sk\/eshop\/#organization","name":"ikuchyne!","url":"https:\/\/www.ikuchyne.sk\/eshop\/","logo":{"@type":"ImageObject","inLanguage":"sk-SK","@id":"https:\/\/www.ikuchyne.sk\/eshop\/#\/schema\/logo\/image\/","url":"https:\/\/www.ikuchyne.sk\/eshop\/wp-content\/uploads\/2017\/04\/ikuchyne-logo.jpg","contentUrl":"https:\/\/www.ikuchyne.sk\/eshop\/wp-content\/uploads\/2017\/04\/ikuchyne-logo.jpg","width":200,"height":48,"caption":"ikuchyne!"},"image":{"@id":"https:\/\/www.ikuchyne.sk\/eshop\/#\/schema\/logo\/image\/"},"sameAs":["https:\/\/www.facebook.com\/ikuchyne\/","https:\/\/www.instagram.com\/ikuchyne.sk\/","https:\/\/sk.pinterest.com\/ikuchynesk\/"]}]}},"_links":{"self":[{"href":"https:\/\/www.ikuchyne.sk\/eshop\/wp-json\/wp\/v2\/product\/130808"}],"collection":[{"href":"https:\/\/www.ikuchyne.sk\/eshop\/wp-json\/wp\/v2\/product"}],"about":[{"href":"https:\/\/www.ikuchyne.sk\/eshop\/wp-json\/wp\/v2\/types\/product"}],"replies":[{"embeddable":true,"href":"https:\/\/www.ikuchyne.sk\/eshop\/wp-json\/wp\/v2\/comments?post=130808"}],"wp:featuredmedia":[{"embeddable":true,"href":"https:\/\/www.ikuchyne.sk\/eshop\/wp-json\/wp\/v2\/media\/130809"}],"wp:attachment":[{"href":"https:\/\/www.ikuchyne.sk\/eshop\/wp-json\/wp\/v2\/media?parent=130808"}],"wp:term":[{"taxonomy":"product_cat","embeddable":true,"href":"https:\/\/www.ikuchyne.sk\/eshop\/wp-json\/wp\/v2\/product_cat?post=130808"},{"taxonomy":"product_tag","embeddable":true,"href":"https:\/\/www.ikuchyne.sk\/eshop\/wp-json\/wp\/v2\/product_tag?post=130808"}],"curies":[{"name":"wp","href":"https:\/\/api.w.org\/{rel}","templated":true}]}}