{"id":130982,"date":"2020-07-16T22:39:50","date_gmt":"2020-07-16T20:39:50","guid":{"rendered":"https:\/\/www.ikuchyne.sk\/eshop\/?post_type=product&#038;p=130982"},"modified":"2021-12-08T16:39:36","modified_gmt":"2021-12-08T15:39:36","slug":"siva-jedalenska-stolicka-comfort","status":"publish","type":"product","link":"https:\/\/www.ikuchyne.sk\/eshop\/produkt\/siva-jedalenska-stolicka-comfort\/","title":{"rendered":"Siv\u00e1 jed\u00e1lensk\u00e1 stoli\u010dka Comfort \u00bb"},"content":{"rendered":"<h1>Siv\u00e1 jed\u00e1lensk\u00e1 stoli\u010dka Comfort \u00bb<\/h1>\n<h4><strong>V\u0161eobecn\u00fd popis:<\/strong><\/h4>\n<p>Pohodln\u00e1 stoli\u010dka siv\u00e1 jed\u00e1lensk\u00e1 stoli\u010dka Comfort navrhnut\u00e1 v trendovom \u0161t\u00fdle Bauhaus. Konzolov\u00e1 stoli\u010dka zaujme najvy\u0161\u0161ou \u00farov\u0148ou komfortu sedenia. R\u00e1m z nehrdzavej\u00facej ocele zaru\u010duje pevn\u00e9 st\u00e1tie na akomko\u013evek povrchu. Urobte si pohodlie na dizajnovej klasike!<\/p>\n<p>Vysoko kvalitn\u00e1 stoli\u010dka s pr\u00e9miov\u00fdm komfortom sedenia. Na rozdiel od in\u00fdch stoli\u010diek vyzer\u00e1 stoli\u010dka nielen \u0161t\u00fdlovo, ale zaujme aj kvalitn\u00fdm komfortom sedenia. Predov\u0161etk\u00fdm polstrovan\u00e1 chrbtov\u00e1 v\u00fdpl\u0148 je \u0161etrn\u00e1 k v\u00e1\u0161mu chrbtu a podporuje pohodln\u00e9 sedenie. M\u00f4\u017eete si vychutna\u0165 spolo\u010densk\u00e9 stretnutia na svojich nov\u00fdch konzolov\u00fdch stoli\u010dk\u00e1ch a objavte v\u010faka t\u00fdmto stoli\u010dk\u00e1m svoje ob\u013e\u00faben\u00e9 miesto vo svojom dome.<\/p>\n<p>Kvalita, ktor\u00e1 v\u00e1s in\u0161piruje. Dizajnov\u00e1 konzolov\u00e1 stoli\u010dka COMFORT v sivej farbe je atrakt\u00edvna aj v\u010faka svojmu kvalitn\u00e9mu spracovaniu. Pevn\u00fd oce\u013eov\u00fd r\u00e1m z br\u00fasenej nehrdzavej\u00facej ocele zaru\u010duje mimoriadnu stabilitu. V\u00e1\u0161 nov\u00fd kus n\u00e1bytku v\u00e1s bude dlho te\u0161i\u0165. Sedacia \u010das\u0165 je tie\u017e \u013eahko udr\u017eiavate\u013en\u00e1 a dostato\u010dne robustn\u00e1, aby vydr\u017eala ka\u017edodenn\u00fd rodinn\u00fd \u017eivot. Nechajte sa in\u0161pirova\u0165 touto stoli\u010dkou a dodajte svojmu domovu obzvl\u00e1\u0161\u0165 pohodln\u00fa jed\u00e1lensk\u00fa stoli\u010dku.<\/p>\n<h4>Dopl\u0148uj\u00face inform\u00e1cie:<\/h4>\n<p>Tento po\u0165ah je vyroben\u00fd z robustn\u00e9ho mikrovl\u00e1kna &#8211; to popisuje l\u00e1tku s obzvl\u00e1\u0161\u0165 tenk\u00fdmi ni\u0165ami. Tkaniny z mikrovl\u00e1kien s\u00fa ve\u013emi m\u00e4kk\u00e9 a mimoriadne tvarovo st\u00e1le. Po\u0165ah r\u00fdchlo schne, je ve\u013emi dobre drhnute\u013en\u00fd a odoln\u00fd. Vysok\u00fd komfort sedenia v\u010faka pohodln\u00e9mu \u010dal\u00faneniu. S r\u00e1mom z br\u00fasenej nehrdzavej\u00facej ocele. Maxim\u00e1lna nosnos\u0165: 120 kg. Vhodn\u00e9 bytov\u00e9 doplnky pre kombinovanie interi\u00e9ru s touto jed\u00e1lenskou stoli\u010dkou n\u00e1jdete na na\u0161om e-shope v sekcii Bytov\u00e9 doplnky. Kontaktujte n\u00e1s a my v\u00e1m radi pom\u00f4\u017eeme s v\u00fdberom vhodn\u00fdch dekor\u00e1ci\u00ed a n\u00e1bytku do va\u0161ej dom\u00e1cnosti.<\/p>\n<p><strong>\u010eal\u0161ie inform\u00e1cie:<br \/>\n<\/strong>Stoli\u010dka je ve\u013emi jednoduch\u00e1 na \u00fadr\u017ebu. Posta\u010d\u00ed v\u00e1m handri\u010dka a mydlov\u00e1 voda.<\/p>\n<p><b>Rozmery:<br \/>\n<\/b>\u0160\u00edrka: 45cm<br \/>\nV\u00fd\u0161ka: 98cm<br \/>\nH\u013abka: 63cm\u00a0<b><br \/>\n<\/b><\/p>\n<p><b>Rozmery sedenia:<\/b> 5cm x 50cm x 40cm<\/p>\n<p><b>Materi\u00e1l:<\/b> mikrovl\u00e1kno<br \/>\n<b>Farba:<\/b> svetl\u00e1 siv\u00e1<\/p>\n<p>Dodato\u010dn\u00e9 inform\u00e1cie:<\/p>\n<p>V pr\u00edpade z\u00e1ujmu o in\u00e9 stoli\u010dky &#8211; jed\u00e1lensk\u00e9, barov\u00e9, kancel\u00e1rske, nav\u0161t\u00edvte sekciu stoli\u010dky na <a href=\"https:\/\/www.ikuchyne.sk\/eshop\/kategoria\/stolicky\/\">www.ikuchyne.sk\/eshop<\/a><br \/>\nV pr\u00edpade z\u00e1ujmu o n\u00e1bytok na mieru n\u00e1s kontaktuje na <a href=\"http:\/\/www.ikuchyne.sk\">www.ikuchyne.sk<\/a><\/p>\n<p>&nbsp;<\/p>\n","protected":false},"excerpt":{"rendered":"<p>Siv\u00e1 jed\u00e1lensk\u00e1 stoli\u010dka Comfort \u00bb V\u0161eobecn\u00fd popis: Pohodln\u00e1 stoli\u010dka siv\u00e1 jed\u00e1lensk\u00e1 stoli\u010dka Comfort navrhnut\u00e1 v trendovom \u0161t\u00fdle Bauhaus. Konzolov\u00e1 stoli\u010dka zaujme najvy\u0161\u0161ou \u00farov\u0148ou komfortu sedenia. R\u00e1m z nehrdzavej\u00facej ocele zaru\u010duje<\/p>\n","protected":false},"featured_media":130983,"comment_status":"closed","ping_status":"closed","template":"","meta":[],"product_cat":[310,823,826,828,820,830,772,288],"product_tag":[204],"yoast_head":"<!-- This site is optimized with the Yoast SEO plugin v22.1 - https:\/\/yoast.com\/wordpress\/plugins\/seo\/ -->\n<title>Siv\u00e1 jed\u00e1lensk\u00e1 stoli\u010dka Comfort \u00bb &#187; iKuchyne iSHOP s n\u00e1bytkom<\/title>\n<meta name=\"description\" content=\"Siv\u00e1 jed\u00e1lensk\u00e1 stoli\u010dka Comfort \u00bb - r\u00fdchle dodanie, poradenstvo, n\u00e1bytok skladom v Bratislave s ikuchyne.sk - kuchyne na mieru.\" \/>\n<meta name=\"robots\" content=\"index, follow, max-snippet:-1, max-image-preview:large, max-video-preview:-1\" \/>\n<link rel=\"canonical\" href=\"https:\/\/www.ikuchyne.sk\/eshop\/produkt\/siva-jedalenska-stolicka-comfort\/\" \/>\n<meta property=\"og:locale\" content=\"sk_SK\" \/>\n<meta property=\"og:type\" content=\"article\" \/>\n<meta property=\"og:title\" content=\"Siv\u00e1 jed\u00e1lensk\u00e1 stoli\u010dka Comfort \u00bb &#187; iKuchyne iSHOP s n\u00e1bytkom\" \/>\n<meta property=\"og:description\" content=\"Siv\u00e1 jed\u00e1lensk\u00e1 stoli\u010dka Comfort \u00bb - r\u00fdchle dodanie, poradenstvo, n\u00e1bytok skladom v Bratislave s ikuchyne.sk - kuchyne na mieru.\" \/>\n<meta property=\"og:url\" content=\"https:\/\/www.ikuchyne.sk\/eshop\/produkt\/siva-jedalenska-stolicka-comfort\/\" \/>\n<meta property=\"og:site_name\" content=\"iKuchyne iSHOP s n\u00e1bytkom\" \/>\n<meta property=\"article:publisher\" content=\"https:\/\/www.facebook.com\/ikuchyne\/\" \/>\n<meta property=\"article:modified_time\" content=\"2021-12-08T15:39:36+00:00\" \/>\n<meta property=\"og:image\" content=\"https:\/\/www.ikuchyne.sk\/eshop\/wp-content\/uploads\/2020\/07\/Stoli\u010dka-Comfort-vrecovina-siv\u00e1-40461.jpg\" \/>\n\t<meta property=\"og:image:width\" content=\"800\" \/>\n\t<meta property=\"og:image:height\" content=\"533\" \/>\n\t<meta property=\"og:image:type\" content=\"image\/jpeg\" \/>\n<meta name=\"twitter:card\" content=\"summary_large_image\" \/>\n<meta name=\"twitter:label1\" content=\"Predpokladan\u00fd \u010das \u010d\u00edtania\" \/>\n\t<meta name=\"twitter:data1\" content=\"2 min\u00faty\" \/>\n<script type=\"application\/ld+json\" class=\"yoast-schema-graph\">{\"@context\":\"https:\/\/schema.org\",\"@graph\":[{\"@type\":\"WebPage\",\"@id\":\"https:\/\/www.ikuchyne.sk\/eshop\/produkt\/siva-jedalenska-stolicka-comfort\/\",\"url\":\"https:\/\/www.ikuchyne.sk\/eshop\/produkt\/siva-jedalenska-stolicka-comfort\/\",\"name\":\"Siv\u00e1 jed\u00e1lensk\u00e1 stoli\u010dka Comfort \u00bb &#187; iKuchyne iSHOP s n\u00e1bytkom\",\"isPartOf\":{\"@id\":\"https:\/\/www.ikuchyne.sk\/eshop\/#website\"},\"datePublished\":\"2020-07-16T20:39:50+00:00\",\"dateModified\":\"2021-12-08T15:39:36+00:00\",\"description\":\"Siv\u00e1 jed\u00e1lensk\u00e1 stoli\u010dka Comfort \u00bb - r\u00fdchle dodanie, poradenstvo, n\u00e1bytok skladom v Bratislave s ikuchyne.sk - kuchyne na mieru.\",\"breadcrumb\":{\"@id\":\"https:\/\/www.ikuchyne.sk\/eshop\/produkt\/siva-jedalenska-stolicka-comfort\/#breadcrumb\"},\"inLanguage\":\"sk-SK\",\"potentialAction\":[{\"@type\":\"ReadAction\",\"target\":[\"https:\/\/www.ikuchyne.sk\/eshop\/produkt\/siva-jedalenska-stolicka-comfort\/\"]}]},{\"@type\":\"BreadcrumbList\",\"@id\":\"https:\/\/www.ikuchyne.sk\/eshop\/produkt\/siva-jedalenska-stolicka-comfort\/#breadcrumb\",\"itemListElement\":[{\"@type\":\"ListItem\",\"position\":1,\"name\":\"Home\",\"item\":\"https:\/\/www.ikuchyne.sk\/eshop\/\"},{\"@type\":\"ListItem\",\"position\":2,\"name\":\"Obchod\",\"item\":\"https:\/\/www.ikuchyne.sk\/eshop\/obchod\/\"},{\"@type\":\"ListItem\",\"position\":3,\"name\":\"Siv\u00e1 jed\u00e1lensk\u00e1 stoli\u010dka Comfort \u00bb\"}]},{\"@type\":\"WebSite\",\"@id\":\"https:\/\/www.ikuchyne.sk\/eshop\/#website\",\"url\":\"https:\/\/www.ikuchyne.sk\/eshop\/\",\"name\":\"iKuchyne iSHOP s n\u00e1bytkom\",\"description\":\"Jed\u00e1lensk\u00e9 stoly, stoli\u010dky, n\u00e1bytok, svietidl\u00e1...\",\"publisher\":{\"@id\":\"https:\/\/www.ikuchyne.sk\/eshop\/#organization\"},\"potentialAction\":[{\"@type\":\"SearchAction\",\"target\":{\"@type\":\"EntryPoint\",\"urlTemplate\":\"https:\/\/www.ikuchyne.sk\/eshop\/?s={search_term_string}\"},\"query-input\":\"required name=search_term_string\"}],\"inLanguage\":\"sk-SK\"},{\"@type\":\"Organization\",\"@id\":\"https:\/\/www.ikuchyne.sk\/eshop\/#organization\",\"name\":\"ikuchyne!\",\"url\":\"https:\/\/www.ikuchyne.sk\/eshop\/\",\"logo\":{\"@type\":\"ImageObject\",\"inLanguage\":\"sk-SK\",\"@id\":\"https:\/\/www.ikuchyne.sk\/eshop\/#\/schema\/logo\/image\/\",\"url\":\"https:\/\/www.ikuchyne.sk\/eshop\/wp-content\/uploads\/2017\/04\/ikuchyne-logo.jpg\",\"contentUrl\":\"https:\/\/www.ikuchyne.sk\/eshop\/wp-content\/uploads\/2017\/04\/ikuchyne-logo.jpg\",\"width\":200,\"height\":48,\"caption\":\"ikuchyne!\"},\"image\":{\"@id\":\"https:\/\/www.ikuchyne.sk\/eshop\/#\/schema\/logo\/image\/\"},\"sameAs\":[\"https:\/\/www.facebook.com\/ikuchyne\/\",\"https:\/\/www.instagram.com\/ikuchyne.sk\/\",\"https:\/\/sk.pinterest.com\/ikuchynesk\/\"]}]}<\/script>\n<!-- \/ Yoast SEO plugin. -->","yoast_head_json":{"title":"Siv\u00e1 jed\u00e1lensk\u00e1 stoli\u010dka Comfort \u00bb &#187; iKuchyne iSHOP s n\u00e1bytkom","description":"Siv\u00e1 jed\u00e1lensk\u00e1 stoli\u010dka Comfort \u00bb - r\u00fdchle dodanie, poradenstvo, n\u00e1bytok skladom v Bratislave s ikuchyne.sk - kuchyne na mieru.","robots":{"index":"index","follow":"follow","max-snippet":"max-snippet:-1","max-image-preview":"max-image-preview:large","max-video-preview":"max-video-preview:-1"},"canonical":"https:\/\/www.ikuchyne.sk\/eshop\/produkt\/siva-jedalenska-stolicka-comfort\/","og_locale":"sk_SK","og_type":"article","og_title":"Siv\u00e1 jed\u00e1lensk\u00e1 stoli\u010dka Comfort \u00bb &#187; iKuchyne iSHOP s n\u00e1bytkom","og_description":"Siv\u00e1 jed\u00e1lensk\u00e1 stoli\u010dka Comfort \u00bb - r\u00fdchle dodanie, poradenstvo, n\u00e1bytok skladom v Bratislave s ikuchyne.sk - kuchyne na mieru.","og_url":"https:\/\/www.ikuchyne.sk\/eshop\/produkt\/siva-jedalenska-stolicka-comfort\/","og_site_name":"iKuchyne iSHOP s n\u00e1bytkom","article_publisher":"https:\/\/www.facebook.com\/ikuchyne\/","article_modified_time":"2021-12-08T15:39:36+00:00","og_image":[{"width":800,"height":533,"url":"https:\/\/www.ikuchyne.sk\/eshop\/wp-content\/uploads\/2020\/07\/Stoli\u010dka-Comfort-vrecovina-siv\u00e1-40461.jpg","type":"image\/jpeg"}],"twitter_card":"summary_large_image","twitter_misc":{"Predpokladan\u00fd \u010das \u010d\u00edtania":"2 min\u00faty"},"schema":{"@context":"https:\/\/schema.org","@graph":[{"@type":"WebPage","@id":"https:\/\/www.ikuchyne.sk\/eshop\/produkt\/siva-jedalenska-stolicka-comfort\/","url":"https:\/\/www.ikuchyne.sk\/eshop\/produkt\/siva-jedalenska-stolicka-comfort\/","name":"Siv\u00e1 jed\u00e1lensk\u00e1 stoli\u010dka Comfort \u00bb &#187; iKuchyne iSHOP s n\u00e1bytkom","isPartOf":{"@id":"https:\/\/www.ikuchyne.sk\/eshop\/#website"},"datePublished":"2020-07-16T20:39:50+00:00","dateModified":"2021-12-08T15:39:36+00:00","description":"Siv\u00e1 jed\u00e1lensk\u00e1 stoli\u010dka Comfort \u00bb - r\u00fdchle dodanie, poradenstvo, n\u00e1bytok skladom v Bratislave s ikuchyne.sk - kuchyne na mieru.","breadcrumb":{"@id":"https:\/\/www.ikuchyne.sk\/eshop\/produkt\/siva-jedalenska-stolicka-comfort\/#breadcrumb"},"inLanguage":"sk-SK","potentialAction":[{"@type":"ReadAction","target":["https:\/\/www.ikuchyne.sk\/eshop\/produkt\/siva-jedalenska-stolicka-comfort\/"]}]},{"@type":"BreadcrumbList","@id":"https:\/\/www.ikuchyne.sk\/eshop\/produkt\/siva-jedalenska-stolicka-comfort\/#breadcrumb","itemListElement":[{"@type":"ListItem","position":1,"name":"Home","item":"https:\/\/www.ikuchyne.sk\/eshop\/"},{"@type":"ListItem","position":2,"name":"Obchod","item":"https:\/\/www.ikuchyne.sk\/eshop\/obchod\/"},{"@type":"ListItem","position":3,"name":"Siv\u00e1 jed\u00e1lensk\u00e1 stoli\u010dka Comfort \u00bb"}]},{"@type":"WebSite","@id":"https:\/\/www.ikuchyne.sk\/eshop\/#website","url":"https:\/\/www.ikuchyne.sk\/eshop\/","name":"iKuchyne iSHOP s n\u00e1bytkom","description":"Jed\u00e1lensk\u00e9 stoly, stoli\u010dky, n\u00e1bytok, svietidl\u00e1...","publisher":{"@id":"https:\/\/www.ikuchyne.sk\/eshop\/#organization"},"potentialAction":[{"@type":"SearchAction","target":{"@type":"EntryPoint","urlTemplate":"https:\/\/www.ikuchyne.sk\/eshop\/?s={search_term_string}"},"query-input":"required name=search_term_string"}],"inLanguage":"sk-SK"},{"@type":"Organization","@id":"https:\/\/www.ikuchyne.sk\/eshop\/#organization","name":"ikuchyne!","url":"https:\/\/www.ikuchyne.sk\/eshop\/","logo":{"@type":"ImageObject","inLanguage":"sk-SK","@id":"https:\/\/www.ikuchyne.sk\/eshop\/#\/schema\/logo\/image\/","url":"https:\/\/www.ikuchyne.sk\/eshop\/wp-content\/uploads\/2017\/04\/ikuchyne-logo.jpg","contentUrl":"https:\/\/www.ikuchyne.sk\/eshop\/wp-content\/uploads\/2017\/04\/ikuchyne-logo.jpg","width":200,"height":48,"caption":"ikuchyne!"},"image":{"@id":"https:\/\/www.ikuchyne.sk\/eshop\/#\/schema\/logo\/image\/"},"sameAs":["https:\/\/www.facebook.com\/ikuchyne\/","https:\/\/www.instagram.com\/ikuchyne.sk\/","https:\/\/sk.pinterest.com\/ikuchynesk\/"]}]}},"_links":{"self":[{"href":"https:\/\/www.ikuchyne.sk\/eshop\/wp-json\/wp\/v2\/product\/130982"}],"collection":[{"href":"https:\/\/www.ikuchyne.sk\/eshop\/wp-json\/wp\/v2\/product"}],"about":[{"href":"https:\/\/www.ikuchyne.sk\/eshop\/wp-json\/wp\/v2\/types\/product"}],"replies":[{"embeddable":true,"href":"https:\/\/www.ikuchyne.sk\/eshop\/wp-json\/wp\/v2\/comments?post=130982"}],"wp:featuredmedia":[{"embeddable":true,"href":"https:\/\/www.ikuchyne.sk\/eshop\/wp-json\/wp\/v2\/media\/130983"}],"wp:attachment":[{"href":"https:\/\/www.ikuchyne.sk\/eshop\/wp-json\/wp\/v2\/media?parent=130982"}],"wp:term":[{"taxonomy":"product_cat","embeddable":true,"href":"https:\/\/www.ikuchyne.sk\/eshop\/wp-json\/wp\/v2\/product_cat?post=130982"},{"taxonomy":"product_tag","embeddable":true,"href":"https:\/\/www.ikuchyne.sk\/eshop\/wp-json\/wp\/v2\/product_tag?post=130982"}],"curies":[{"name":"wp","href":"https:\/\/api.w.org\/{rel}","templated":true}]}}