{"id":131128,"date":"2020-07-22T22:05:29","date_gmt":"2020-07-22T20:05:29","guid":{"rendered":"https:\/\/www.ikuchyne.sk\/eshop\/?post_type=product&#038;p=131128"},"modified":"2020-07-22T22:05:50","modified_gmt":"2020-07-22T20:05:50","slug":"modry-vankus-na-sedenie-abstrakt-70cm","status":"publish","type":"product","link":"https:\/\/www.ikuchyne.sk\/eshop\/produkt\/modry-vankus-na-sedenie-abstrakt-70cm\/","title":{"rendered":"Modr\u00fd vank\u00fa\u0161 na sedenie Abstrakt 70cm \u00bb"},"content":{"rendered":"<h1>Modr\u00fd vank\u00fa\u0161 na sedenie Abstrakt 70cm \u00bb<\/h1>\n<p><strong>V\u0161eobecn\u00fd opis:<br \/>\n<\/strong>Kr\u00e1sny a jemn\u00fd vamk\u00fa\u0161 na sedenie na zemi je tu preto, aby z\u00fatulnil va\u0161u ob\u00fdva\u010dku. Navy\u0161e, p\u00f4sob\u00ed origin\u00e1lne a nepozn\u00e1 f\u00e1dnos\u0165. D\u00e1 sa pou\u017ei\u0165 na sedenie, ako podno\u017eka, aj ako mal\u00fd stol\u00edk na odkladanie drobnost\u00ed. Je m\u00e4kk\u00fd ako vank\u00fa\u0161, no pevnej\u0161\u00ed. Ob\u013e\u00fabia si ho aj t\u00ed najmen\u0161\u00ed. Je z pr\u00edjemnej vrecoviny v tmavomodrej farbe a m\u00e1 \u0161tvorcov\u00fd tvar. V\u010faka v\u00fdraznej farbe sa m\u00f4\u017eete vyhra\u0165 pri zariadzovan\u00ed interi\u00e9ru v modernom \u0161t\u00fdle.<\/p>\n<p><strong>Sed\u00e1k taburetu:<br \/>\n<\/strong>Povrch sed\u00e1ka je z vrecoviny vo v\u00fdraznej tmavomodrej farbe s b\u00e9\u017eov\u00fdmi prvkami.<\/p>\n<p><strong>\u010eal\u0161ie inform\u00e1cie:<br \/>\n<\/strong>V pr\u00edpade zne\u010distenia, pou\u017eite vlhku handri\u010dku namo\u010den\u00fa v mydlovej vode.<\/p>\n<p><b>Rozmery<\/b> (cca): 70cm x 70cm x 20cm (BxTxH)<br \/>\n<b>Farba:<\/b> modr\u00e1, b\u00e9\u017eov\u00e1<br \/>\n<b>Materi\u00e1l:<\/b> vrecovina<\/p>\n","protected":false},"excerpt":{"rendered":"<p>Modr\u00fd vank\u00fa\u0161 na sedenie Abstrakt 70cm \u00bb V\u0161eobecn\u00fd opis: Kr\u00e1sny a jemn\u00fd vamk\u00fa\u0161 na sedenie na zemi je tu preto, aby z\u00fatulnil va\u0161u ob\u00fdva\u010dku. Navy\u0161e, p\u00f4sob\u00ed origin\u00e1lne a nepozn\u00e1 f\u00e1dnos\u0165.<\/p>\n","protected":false},"featured_media":131129,"comment_status":"closed","ping_status":"closed","template":"","meta":[],"product_cat":[772,600,604],"product_tag":[221,762],"yoast_head":"<!-- This site is optimized with the Yoast SEO plugin v22.1 - https:\/\/yoast.com\/wordpress\/plugins\/seo\/ -->\n<title>Modr\u00fd vank\u00fa\u0161 na sedenie Abstrakt 70cm \u00bb &#187; iKuchyne iSHOP s n\u00e1bytkom<\/title>\n<meta name=\"description\" content=\"K\u00fapte si u n\u00e1s Modr\u00fd vank\u00fa\u0161 na sedenie Abstrakt 70cm \u00bb za akciov\u00fa cenu. R\u00fdchle dodanie tovaru, odborn\u00e9 poradenstvo a stovky produktov skladom. Modr\u00fd vank\u00fa\u0161 na sedenie Abstrakt 70cm \u00bb sa stane dominantou V\u00e1\u0161ho interi\u00e9ru. Internetov\u00fd obchod ikuchyne! pon\u00faka odber Modr\u00fd vank\u00fa\u0161 na sedenie Abstrakt 70cm \u00bb u\u017e od 1 kusu.\" \/>\n<meta name=\"robots\" content=\"index, follow, max-snippet:-1, max-image-preview:large, max-video-preview:-1\" \/>\n<link rel=\"canonical\" href=\"https:\/\/www.ikuchyne.sk\/eshop\/produkt\/modry-vankus-na-sedenie-abstrakt-70cm\/\" \/>\n<meta property=\"og:locale\" content=\"sk_SK\" \/>\n<meta property=\"og:type\" content=\"article\" \/>\n<meta property=\"og:title\" content=\"Modr\u00fd vank\u00fa\u0161 na sedenie Abstrakt 70cm \u00bb &#187; iKuchyne iSHOP s n\u00e1bytkom\" \/>\n<meta property=\"og:description\" content=\"K\u00fapte si u n\u00e1s Modr\u00fd vank\u00fa\u0161 na sedenie Abstrakt 70cm \u00bb za akciov\u00fa cenu. R\u00fdchle dodanie tovaru, odborn\u00e9 poradenstvo a stovky produktov skladom. Modr\u00fd vank\u00fa\u0161 na sedenie Abstrakt 70cm \u00bb sa stane dominantou V\u00e1\u0161ho interi\u00e9ru. Internetov\u00fd obchod ikuchyne! pon\u00faka odber Modr\u00fd vank\u00fa\u0161 na sedenie Abstrakt 70cm \u00bb u\u017e od 1 kusu.\" \/>\n<meta property=\"og:url\" content=\"https:\/\/www.ikuchyne.sk\/eshop\/produkt\/modry-vankus-na-sedenie-abstrakt-70cm\/\" \/>\n<meta property=\"og:site_name\" content=\"iKuchyne iSHOP s n\u00e1bytkom\" \/>\n<meta property=\"article:publisher\" content=\"https:\/\/www.facebook.com\/ikuchyne\/\" \/>\n<meta property=\"article:modified_time\" content=\"2020-07-22T20:05:50+00:00\" \/>\n<meta property=\"og:image\" content=\"https:\/\/www.ikuchyne.sk\/eshop\/wp-content\/uploads\/2020\/07\/Bodenkissen-Abstrakt-70cm-blau-b\u00e9\u017eov\u00e1-40242.jpg\" \/>\n\t<meta property=\"og:image:width\" content=\"800\" \/>\n\t<meta property=\"og:image:height\" content=\"603\" \/>\n\t<meta property=\"og:image:type\" content=\"image\/jpeg\" \/>\n<meta name=\"twitter:card\" content=\"summary_large_image\" \/>\n<meta name=\"twitter:label1\" content=\"Predpokladan\u00fd \u010das \u010d\u00edtania\" \/>\n\t<meta name=\"twitter:data1\" content=\"1 min\u00fata\" \/>\n<script type=\"application\/ld+json\" class=\"yoast-schema-graph\">{\"@context\":\"https:\/\/schema.org\",\"@graph\":[{\"@type\":\"WebPage\",\"@id\":\"https:\/\/www.ikuchyne.sk\/eshop\/produkt\/modry-vankus-na-sedenie-abstrakt-70cm\/\",\"url\":\"https:\/\/www.ikuchyne.sk\/eshop\/produkt\/modry-vankus-na-sedenie-abstrakt-70cm\/\",\"name\":\"Modr\u00fd vank\u00fa\u0161 na sedenie Abstrakt 70cm \u00bb &#187; iKuchyne iSHOP s n\u00e1bytkom\",\"isPartOf\":{\"@id\":\"https:\/\/www.ikuchyne.sk\/eshop\/#website\"},\"datePublished\":\"2020-07-22T20:05:29+00:00\",\"dateModified\":\"2020-07-22T20:05:50+00:00\",\"description\":\"K\u00fapte si u n\u00e1s Modr\u00fd vank\u00fa\u0161 na sedenie Abstrakt 70cm \u00bb za akciov\u00fa cenu. R\u00fdchle dodanie tovaru, odborn\u00e9 poradenstvo a stovky produktov skladom. Modr\u00fd vank\u00fa\u0161 na sedenie Abstrakt 70cm \u00bb sa stane dominantou V\u00e1\u0161ho interi\u00e9ru. Internetov\u00fd obchod ikuchyne! pon\u00faka odber Modr\u00fd vank\u00fa\u0161 na sedenie Abstrakt 70cm \u00bb u\u017e od 1 kusu.\",\"breadcrumb\":{\"@id\":\"https:\/\/www.ikuchyne.sk\/eshop\/produkt\/modry-vankus-na-sedenie-abstrakt-70cm\/#breadcrumb\"},\"inLanguage\":\"sk-SK\",\"potentialAction\":[{\"@type\":\"ReadAction\",\"target\":[\"https:\/\/www.ikuchyne.sk\/eshop\/produkt\/modry-vankus-na-sedenie-abstrakt-70cm\/\"]}]},{\"@type\":\"BreadcrumbList\",\"@id\":\"https:\/\/www.ikuchyne.sk\/eshop\/produkt\/modry-vankus-na-sedenie-abstrakt-70cm\/#breadcrumb\",\"itemListElement\":[{\"@type\":\"ListItem\",\"position\":1,\"name\":\"Home\",\"item\":\"https:\/\/www.ikuchyne.sk\/eshop\/\"},{\"@type\":\"ListItem\",\"position\":2,\"name\":\"Obchod\",\"item\":\"https:\/\/www.ikuchyne.sk\/eshop\/obchod\/\"},{\"@type\":\"ListItem\",\"position\":3,\"name\":\"Modr\u00fd vank\u00fa\u0161 na sedenie Abstrakt 70cm \u00bb\"}]},{\"@type\":\"WebSite\",\"@id\":\"https:\/\/www.ikuchyne.sk\/eshop\/#website\",\"url\":\"https:\/\/www.ikuchyne.sk\/eshop\/\",\"name\":\"iKuchyne iSHOP s n\u00e1bytkom\",\"description\":\"Jed\u00e1lensk\u00e9 stoly, stoli\u010dky, n\u00e1bytok, svietidl\u00e1...\",\"publisher\":{\"@id\":\"https:\/\/www.ikuchyne.sk\/eshop\/#organization\"},\"potentialAction\":[{\"@type\":\"SearchAction\",\"target\":{\"@type\":\"EntryPoint\",\"urlTemplate\":\"https:\/\/www.ikuchyne.sk\/eshop\/?s={search_term_string}\"},\"query-input\":\"required name=search_term_string\"}],\"inLanguage\":\"sk-SK\"},{\"@type\":\"Organization\",\"@id\":\"https:\/\/www.ikuchyne.sk\/eshop\/#organization\",\"name\":\"ikuchyne!\",\"url\":\"https:\/\/www.ikuchyne.sk\/eshop\/\",\"logo\":{\"@type\":\"ImageObject\",\"inLanguage\":\"sk-SK\",\"@id\":\"https:\/\/www.ikuchyne.sk\/eshop\/#\/schema\/logo\/image\/\",\"url\":\"https:\/\/www.ikuchyne.sk\/eshop\/wp-content\/uploads\/2017\/04\/ikuchyne-logo.jpg\",\"contentUrl\":\"https:\/\/www.ikuchyne.sk\/eshop\/wp-content\/uploads\/2017\/04\/ikuchyne-logo.jpg\",\"width\":200,\"height\":48,\"caption\":\"ikuchyne!\"},\"image\":{\"@id\":\"https:\/\/www.ikuchyne.sk\/eshop\/#\/schema\/logo\/image\/\"},\"sameAs\":[\"https:\/\/www.facebook.com\/ikuchyne\/\",\"https:\/\/www.instagram.com\/ikuchyne.sk\/\",\"https:\/\/sk.pinterest.com\/ikuchynesk\/\"]}]}<\/script>\n<!-- \/ Yoast SEO plugin. -->","yoast_head_json":{"title":"Modr\u00fd vank\u00fa\u0161 na sedenie Abstrakt 70cm \u00bb &#187; iKuchyne iSHOP s n\u00e1bytkom","description":"K\u00fapte si u n\u00e1s Modr\u00fd vank\u00fa\u0161 na sedenie Abstrakt 70cm \u00bb za akciov\u00fa cenu. R\u00fdchle dodanie tovaru, odborn\u00e9 poradenstvo a stovky produktov skladom. Modr\u00fd vank\u00fa\u0161 na sedenie Abstrakt 70cm \u00bb sa stane dominantou V\u00e1\u0161ho interi\u00e9ru. Internetov\u00fd obchod ikuchyne! pon\u00faka odber Modr\u00fd vank\u00fa\u0161 na sedenie Abstrakt 70cm \u00bb u\u017e od 1 kusu.","robots":{"index":"index","follow":"follow","max-snippet":"max-snippet:-1","max-image-preview":"max-image-preview:large","max-video-preview":"max-video-preview:-1"},"canonical":"https:\/\/www.ikuchyne.sk\/eshop\/produkt\/modry-vankus-na-sedenie-abstrakt-70cm\/","og_locale":"sk_SK","og_type":"article","og_title":"Modr\u00fd vank\u00fa\u0161 na sedenie Abstrakt 70cm \u00bb &#187; iKuchyne iSHOP s n\u00e1bytkom","og_description":"K\u00fapte si u n\u00e1s Modr\u00fd vank\u00fa\u0161 na sedenie Abstrakt 70cm \u00bb za akciov\u00fa cenu. R\u00fdchle dodanie tovaru, odborn\u00e9 poradenstvo a stovky produktov skladom. Modr\u00fd vank\u00fa\u0161 na sedenie Abstrakt 70cm \u00bb sa stane dominantou V\u00e1\u0161ho interi\u00e9ru. Internetov\u00fd obchod ikuchyne! pon\u00faka odber Modr\u00fd vank\u00fa\u0161 na sedenie Abstrakt 70cm \u00bb u\u017e od 1 kusu.","og_url":"https:\/\/www.ikuchyne.sk\/eshop\/produkt\/modry-vankus-na-sedenie-abstrakt-70cm\/","og_site_name":"iKuchyne iSHOP s n\u00e1bytkom","article_publisher":"https:\/\/www.facebook.com\/ikuchyne\/","article_modified_time":"2020-07-22T20:05:50+00:00","og_image":[{"width":800,"height":603,"url":"https:\/\/www.ikuchyne.sk\/eshop\/wp-content\/uploads\/2020\/07\/Bodenkissen-Abstrakt-70cm-blau-b\u00e9\u017eov\u00e1-40242.jpg","type":"image\/jpeg"}],"twitter_card":"summary_large_image","twitter_misc":{"Predpokladan\u00fd \u010das \u010d\u00edtania":"1 min\u00fata"},"schema":{"@context":"https:\/\/schema.org","@graph":[{"@type":"WebPage","@id":"https:\/\/www.ikuchyne.sk\/eshop\/produkt\/modry-vankus-na-sedenie-abstrakt-70cm\/","url":"https:\/\/www.ikuchyne.sk\/eshop\/produkt\/modry-vankus-na-sedenie-abstrakt-70cm\/","name":"Modr\u00fd vank\u00fa\u0161 na sedenie Abstrakt 70cm \u00bb &#187; iKuchyne iSHOP s n\u00e1bytkom","isPartOf":{"@id":"https:\/\/www.ikuchyne.sk\/eshop\/#website"},"datePublished":"2020-07-22T20:05:29+00:00","dateModified":"2020-07-22T20:05:50+00:00","description":"K\u00fapte si u n\u00e1s Modr\u00fd vank\u00fa\u0161 na sedenie Abstrakt 70cm \u00bb za akciov\u00fa cenu. R\u00fdchle dodanie tovaru, odborn\u00e9 poradenstvo a stovky produktov skladom. Modr\u00fd vank\u00fa\u0161 na sedenie Abstrakt 70cm \u00bb sa stane dominantou V\u00e1\u0161ho interi\u00e9ru. Internetov\u00fd obchod ikuchyne! pon\u00faka odber Modr\u00fd vank\u00fa\u0161 na sedenie Abstrakt 70cm \u00bb u\u017e od 1 kusu.","breadcrumb":{"@id":"https:\/\/www.ikuchyne.sk\/eshop\/produkt\/modry-vankus-na-sedenie-abstrakt-70cm\/#breadcrumb"},"inLanguage":"sk-SK","potentialAction":[{"@type":"ReadAction","target":["https:\/\/www.ikuchyne.sk\/eshop\/produkt\/modry-vankus-na-sedenie-abstrakt-70cm\/"]}]},{"@type":"BreadcrumbList","@id":"https:\/\/www.ikuchyne.sk\/eshop\/produkt\/modry-vankus-na-sedenie-abstrakt-70cm\/#breadcrumb","itemListElement":[{"@type":"ListItem","position":1,"name":"Home","item":"https:\/\/www.ikuchyne.sk\/eshop\/"},{"@type":"ListItem","position":2,"name":"Obchod","item":"https:\/\/www.ikuchyne.sk\/eshop\/obchod\/"},{"@type":"ListItem","position":3,"name":"Modr\u00fd vank\u00fa\u0161 na sedenie Abstrakt 70cm \u00bb"}]},{"@type":"WebSite","@id":"https:\/\/www.ikuchyne.sk\/eshop\/#website","url":"https:\/\/www.ikuchyne.sk\/eshop\/","name":"iKuchyne iSHOP s n\u00e1bytkom","description":"Jed\u00e1lensk\u00e9 stoly, stoli\u010dky, n\u00e1bytok, svietidl\u00e1...","publisher":{"@id":"https:\/\/www.ikuchyne.sk\/eshop\/#organization"},"potentialAction":[{"@type":"SearchAction","target":{"@type":"EntryPoint","urlTemplate":"https:\/\/www.ikuchyne.sk\/eshop\/?s={search_term_string}"},"query-input":"required name=search_term_string"}],"inLanguage":"sk-SK"},{"@type":"Organization","@id":"https:\/\/www.ikuchyne.sk\/eshop\/#organization","name":"ikuchyne!","url":"https:\/\/www.ikuchyne.sk\/eshop\/","logo":{"@type":"ImageObject","inLanguage":"sk-SK","@id":"https:\/\/www.ikuchyne.sk\/eshop\/#\/schema\/logo\/image\/","url":"https:\/\/www.ikuchyne.sk\/eshop\/wp-content\/uploads\/2017\/04\/ikuchyne-logo.jpg","contentUrl":"https:\/\/www.ikuchyne.sk\/eshop\/wp-content\/uploads\/2017\/04\/ikuchyne-logo.jpg","width":200,"height":48,"caption":"ikuchyne!"},"image":{"@id":"https:\/\/www.ikuchyne.sk\/eshop\/#\/schema\/logo\/image\/"},"sameAs":["https:\/\/www.facebook.com\/ikuchyne\/","https:\/\/www.instagram.com\/ikuchyne.sk\/","https:\/\/sk.pinterest.com\/ikuchynesk\/"]}]}},"_links":{"self":[{"href":"https:\/\/www.ikuchyne.sk\/eshop\/wp-json\/wp\/v2\/product\/131128"}],"collection":[{"href":"https:\/\/www.ikuchyne.sk\/eshop\/wp-json\/wp\/v2\/product"}],"about":[{"href":"https:\/\/www.ikuchyne.sk\/eshop\/wp-json\/wp\/v2\/types\/product"}],"replies":[{"embeddable":true,"href":"https:\/\/www.ikuchyne.sk\/eshop\/wp-json\/wp\/v2\/comments?post=131128"}],"wp:featuredmedia":[{"embeddable":true,"href":"https:\/\/www.ikuchyne.sk\/eshop\/wp-json\/wp\/v2\/media\/131129"}],"wp:attachment":[{"href":"https:\/\/www.ikuchyne.sk\/eshop\/wp-json\/wp\/v2\/media?parent=131128"}],"wp:term":[{"taxonomy":"product_cat","embeddable":true,"href":"https:\/\/www.ikuchyne.sk\/eshop\/wp-json\/wp\/v2\/product_cat?post=131128"},{"taxonomy":"product_tag","embeddable":true,"href":"https:\/\/www.ikuchyne.sk\/eshop\/wp-json\/wp\/v2\/product_tag?post=131128"}],"curies":[{"name":"wp","href":"https:\/\/api.w.org\/{rel}","templated":true}]}}