{"id":131133,"date":"2020-07-22T22:13:19","date_gmt":"2020-07-22T20:13:19","guid":{"rendered":"https:\/\/www.ikuchyne.sk\/eshop\/?post_type=product&#038;p=131133"},"modified":"2020-07-22T22:13:19","modified_gmt":"2020-07-22T20:13:19","slug":"hnedy-vankus-na-sedenie-abstrakt-70cm","status":"publish","type":"product","link":"https:\/\/www.ikuchyne.sk\/eshop\/produkt\/hnedy-vankus-na-sedenie-abstrakt-70cm\/","title":{"rendered":"Hned\u00fd vank\u00fa\u0161 na sedenie Abstrakt 70cm \u00bb"},"content":{"rendered":"<h1>Hned\u00fd vank\u00fa\u0161 na sedenie Abstrakt 70cm \u00bb<\/h1>\n<p><strong>V\u0161eobecn\u00fd opis:<br \/>\n<\/strong>Sedenie na zemi nikdy nebolo pohodlnej\u0161ie. Zauj\u00edmav\u00fd k\u00fasok vo forme vank\u00fa\u0161a na sedenie na zemi z\u00fatuln\u00ed nie len ka\u017ed\u00fa dom\u00e1cnos\u0165, ale mo\u017eno aj kaviare\u0148, \u010di firemn\u00fa chill out z\u00f3nu. Modern\u00fd vank\u00fa\u0161 je mo\u017en\u00e9 pou\u017ei\u0165 ako podno\u017eku, konferen\u010dn\u00fd stol\u00edk, \u010di taburetku. Tento k\u00fasok je z jemnej vrecoviny v hnedej farbe s abstraktn\u00fdm vzorom. Vzor bol z\u00e1merne navrhnut\u00fd v autentickom vintage \u0161t\u00fdle, tak\u017ee ve\u013ek\u00fd vank\u00fa\u0161 vyzer\u00e1 ako staro\u017eitn\u00fd \u0161perk.<\/p>\n<p><strong>Sed\u00e1k taburetu:<br \/>\n<\/strong>Povrch sed\u00e1ka je z vrecoviny vo v\u00fdraznej tmavomodrej farbe s b\u00e9\u017eov\u00fdmi prvkami.<\/p>\n<p><strong>\u010eal\u0161ie inform\u00e1cie:<br \/>\n<\/strong>V pr\u00edpade zne\u010distenia, pou\u017eite vlhku handri\u010dku namo\u010den\u00fa v mydlovej vode.<\/p>\n<p><b>Rozmery<\/b> (cca): 70cm x 70cm x 20cm (BxTxH)<br \/>\n<b>Farba:<\/b> hned\u00e1<br \/>\n<b>Materi\u00e1l:<\/b> vrecovina<\/p>\n","protected":false},"excerpt":{"rendered":"<p>Hned\u00fd vank\u00fa\u0161 na sedenie Abstrakt 70cm \u00bb V\u0161eobecn\u00fd opis: Sedenie na zemi nikdy nebolo pohodlnej\u0161ie. Zauj\u00edmav\u00fd k\u00fasok vo forme vank\u00fa\u0161a na sedenie na zemi z\u00fatuln\u00ed nie len ka\u017ed\u00fa dom\u00e1cnos\u0165, ale<\/p>\n","protected":false},"featured_media":131134,"comment_status":"closed","ping_status":"closed","template":"","meta":[],"product_cat":[772,600,604],"product_tag":[221,192],"yoast_head":"<!-- This site is optimized with the Yoast SEO plugin v22.1 - https:\/\/yoast.com\/wordpress\/plugins\/seo\/ -->\n<title>Hned\u00fd vank\u00fa\u0161 na sedenie Abstrakt 70cm \u00bb &#187; iKuchyne iSHOP s n\u00e1bytkom<\/title>\n<meta name=\"description\" content=\"K\u00fapte si u n\u00e1s Hned\u00fd vank\u00fa\u0161 na sedenie Abstrakt 70cm \u00bb za akciov\u00fa cenu. R\u00fdchle dodanie tovaru, odborn\u00e9 poradenstvo a stovky produktov skladom. Hned\u00fd vank\u00fa\u0161 na sedenie Abstrakt 70cm \u00bb sa stane dominantou V\u00e1\u0161ho interi\u00e9ru. Internetov\u00fd obchod ikuchyne! pon\u00faka odber Hned\u00fd vank\u00fa\u0161 na sedenie Abstrakt 70cm \u00bb u\u017e od 1 kusu.\" \/>\n<meta name=\"robots\" content=\"index, follow, max-snippet:-1, max-image-preview:large, max-video-preview:-1\" \/>\n<link rel=\"canonical\" href=\"https:\/\/www.ikuchyne.sk\/eshop\/produkt\/hnedy-vankus-na-sedenie-abstrakt-70cm\/\" \/>\n<meta property=\"og:locale\" content=\"sk_SK\" \/>\n<meta property=\"og:type\" content=\"article\" \/>\n<meta property=\"og:title\" content=\"Hned\u00fd vank\u00fa\u0161 na sedenie Abstrakt 70cm \u00bb &#187; iKuchyne iSHOP s n\u00e1bytkom\" \/>\n<meta property=\"og:description\" content=\"K\u00fapte si u n\u00e1s Hned\u00fd vank\u00fa\u0161 na sedenie Abstrakt 70cm \u00bb za akciov\u00fa cenu. R\u00fdchle dodanie tovaru, odborn\u00e9 poradenstvo a stovky produktov skladom. Hned\u00fd vank\u00fa\u0161 na sedenie Abstrakt 70cm \u00bb sa stane dominantou V\u00e1\u0161ho interi\u00e9ru. Internetov\u00fd obchod ikuchyne! pon\u00faka odber Hned\u00fd vank\u00fa\u0161 na sedenie Abstrakt 70cm \u00bb u\u017e od 1 kusu.\" \/>\n<meta property=\"og:url\" content=\"https:\/\/www.ikuchyne.sk\/eshop\/produkt\/hnedy-vankus-na-sedenie-abstrakt-70cm\/\" \/>\n<meta property=\"og:site_name\" content=\"iKuchyne iSHOP s n\u00e1bytkom\" \/>\n<meta property=\"article:publisher\" content=\"https:\/\/www.facebook.com\/ikuchyne\/\" \/>\n<meta property=\"og:image\" content=\"https:\/\/www.ikuchyne.sk\/eshop\/wp-content\/uploads\/2020\/07\/Bodenkissen-Modern-Art-70cm-hned\u00e1-40241.jpg\" \/>\n\t<meta property=\"og:image:width\" content=\"800\" \/>\n\t<meta property=\"og:image:height\" content=\"582\" \/>\n\t<meta property=\"og:image:type\" content=\"image\/jpeg\" \/>\n<meta name=\"twitter:card\" content=\"summary_large_image\" \/>\n<meta name=\"twitter:label1\" content=\"Predpokladan\u00fd \u010das \u010d\u00edtania\" \/>\n\t<meta name=\"twitter:data1\" content=\"1 min\u00fata\" \/>\n<script type=\"application\/ld+json\" class=\"yoast-schema-graph\">{\"@context\":\"https:\/\/schema.org\",\"@graph\":[{\"@type\":\"WebPage\",\"@id\":\"https:\/\/www.ikuchyne.sk\/eshop\/produkt\/hnedy-vankus-na-sedenie-abstrakt-70cm\/\",\"url\":\"https:\/\/www.ikuchyne.sk\/eshop\/produkt\/hnedy-vankus-na-sedenie-abstrakt-70cm\/\",\"name\":\"Hned\u00fd vank\u00fa\u0161 na sedenie Abstrakt 70cm \u00bb &#187; iKuchyne iSHOP s n\u00e1bytkom\",\"isPartOf\":{\"@id\":\"https:\/\/www.ikuchyne.sk\/eshop\/#website\"},\"datePublished\":\"2020-07-22T20:13:19+00:00\",\"dateModified\":\"2020-07-22T20:13:19+00:00\",\"description\":\"K\u00fapte si u n\u00e1s Hned\u00fd vank\u00fa\u0161 na sedenie Abstrakt 70cm \u00bb za akciov\u00fa cenu. R\u00fdchle dodanie tovaru, odborn\u00e9 poradenstvo a stovky produktov skladom. Hned\u00fd vank\u00fa\u0161 na sedenie Abstrakt 70cm \u00bb sa stane dominantou V\u00e1\u0161ho interi\u00e9ru. Internetov\u00fd obchod ikuchyne! pon\u00faka odber Hned\u00fd vank\u00fa\u0161 na sedenie Abstrakt 70cm \u00bb u\u017e od 1 kusu.\",\"breadcrumb\":{\"@id\":\"https:\/\/www.ikuchyne.sk\/eshop\/produkt\/hnedy-vankus-na-sedenie-abstrakt-70cm\/#breadcrumb\"},\"inLanguage\":\"sk-SK\",\"potentialAction\":[{\"@type\":\"ReadAction\",\"target\":[\"https:\/\/www.ikuchyne.sk\/eshop\/produkt\/hnedy-vankus-na-sedenie-abstrakt-70cm\/\"]}]},{\"@type\":\"BreadcrumbList\",\"@id\":\"https:\/\/www.ikuchyne.sk\/eshop\/produkt\/hnedy-vankus-na-sedenie-abstrakt-70cm\/#breadcrumb\",\"itemListElement\":[{\"@type\":\"ListItem\",\"position\":1,\"name\":\"Home\",\"item\":\"https:\/\/www.ikuchyne.sk\/eshop\/\"},{\"@type\":\"ListItem\",\"position\":2,\"name\":\"Obchod\",\"item\":\"https:\/\/www.ikuchyne.sk\/eshop\/obchod\/\"},{\"@type\":\"ListItem\",\"position\":3,\"name\":\"Hned\u00fd vank\u00fa\u0161 na sedenie Abstrakt 70cm \u00bb\"}]},{\"@type\":\"WebSite\",\"@id\":\"https:\/\/www.ikuchyne.sk\/eshop\/#website\",\"url\":\"https:\/\/www.ikuchyne.sk\/eshop\/\",\"name\":\"iKuchyne iSHOP s n\u00e1bytkom\",\"description\":\"Jed\u00e1lensk\u00e9 stoly, stoli\u010dky, n\u00e1bytok, svietidl\u00e1...\",\"publisher\":{\"@id\":\"https:\/\/www.ikuchyne.sk\/eshop\/#organization\"},\"potentialAction\":[{\"@type\":\"SearchAction\",\"target\":{\"@type\":\"EntryPoint\",\"urlTemplate\":\"https:\/\/www.ikuchyne.sk\/eshop\/?s={search_term_string}\"},\"query-input\":\"required name=search_term_string\"}],\"inLanguage\":\"sk-SK\"},{\"@type\":\"Organization\",\"@id\":\"https:\/\/www.ikuchyne.sk\/eshop\/#organization\",\"name\":\"ikuchyne!\",\"url\":\"https:\/\/www.ikuchyne.sk\/eshop\/\",\"logo\":{\"@type\":\"ImageObject\",\"inLanguage\":\"sk-SK\",\"@id\":\"https:\/\/www.ikuchyne.sk\/eshop\/#\/schema\/logo\/image\/\",\"url\":\"https:\/\/www.ikuchyne.sk\/eshop\/wp-content\/uploads\/2017\/04\/ikuchyne-logo.jpg\",\"contentUrl\":\"https:\/\/www.ikuchyne.sk\/eshop\/wp-content\/uploads\/2017\/04\/ikuchyne-logo.jpg\",\"width\":200,\"height\":48,\"caption\":\"ikuchyne!\"},\"image\":{\"@id\":\"https:\/\/www.ikuchyne.sk\/eshop\/#\/schema\/logo\/image\/\"},\"sameAs\":[\"https:\/\/www.facebook.com\/ikuchyne\/\",\"https:\/\/www.instagram.com\/ikuchyne.sk\/\",\"https:\/\/sk.pinterest.com\/ikuchynesk\/\"]}]}<\/script>\n<!-- \/ Yoast SEO plugin. -->","yoast_head_json":{"title":"Hned\u00fd vank\u00fa\u0161 na sedenie Abstrakt 70cm \u00bb &#187; iKuchyne iSHOP s n\u00e1bytkom","description":"K\u00fapte si u n\u00e1s Hned\u00fd vank\u00fa\u0161 na sedenie Abstrakt 70cm \u00bb za akciov\u00fa cenu. R\u00fdchle dodanie tovaru, odborn\u00e9 poradenstvo a stovky produktov skladom. Hned\u00fd vank\u00fa\u0161 na sedenie Abstrakt 70cm \u00bb sa stane dominantou V\u00e1\u0161ho interi\u00e9ru. Internetov\u00fd obchod ikuchyne! pon\u00faka odber Hned\u00fd vank\u00fa\u0161 na sedenie Abstrakt 70cm \u00bb u\u017e od 1 kusu.","robots":{"index":"index","follow":"follow","max-snippet":"max-snippet:-1","max-image-preview":"max-image-preview:large","max-video-preview":"max-video-preview:-1"},"canonical":"https:\/\/www.ikuchyne.sk\/eshop\/produkt\/hnedy-vankus-na-sedenie-abstrakt-70cm\/","og_locale":"sk_SK","og_type":"article","og_title":"Hned\u00fd vank\u00fa\u0161 na sedenie Abstrakt 70cm \u00bb &#187; iKuchyne iSHOP s n\u00e1bytkom","og_description":"K\u00fapte si u n\u00e1s Hned\u00fd vank\u00fa\u0161 na sedenie Abstrakt 70cm \u00bb za akciov\u00fa cenu. R\u00fdchle dodanie tovaru, odborn\u00e9 poradenstvo a stovky produktov skladom. Hned\u00fd vank\u00fa\u0161 na sedenie Abstrakt 70cm \u00bb sa stane dominantou V\u00e1\u0161ho interi\u00e9ru. Internetov\u00fd obchod ikuchyne! pon\u00faka odber Hned\u00fd vank\u00fa\u0161 na sedenie Abstrakt 70cm \u00bb u\u017e od 1 kusu.","og_url":"https:\/\/www.ikuchyne.sk\/eshop\/produkt\/hnedy-vankus-na-sedenie-abstrakt-70cm\/","og_site_name":"iKuchyne iSHOP s n\u00e1bytkom","article_publisher":"https:\/\/www.facebook.com\/ikuchyne\/","og_image":[{"width":800,"height":582,"url":"https:\/\/www.ikuchyne.sk\/eshop\/wp-content\/uploads\/2020\/07\/Bodenkissen-Modern-Art-70cm-hned\u00e1-40241.jpg","type":"image\/jpeg"}],"twitter_card":"summary_large_image","twitter_misc":{"Predpokladan\u00fd \u010das \u010d\u00edtania":"1 min\u00fata"},"schema":{"@context":"https:\/\/schema.org","@graph":[{"@type":"WebPage","@id":"https:\/\/www.ikuchyne.sk\/eshop\/produkt\/hnedy-vankus-na-sedenie-abstrakt-70cm\/","url":"https:\/\/www.ikuchyne.sk\/eshop\/produkt\/hnedy-vankus-na-sedenie-abstrakt-70cm\/","name":"Hned\u00fd vank\u00fa\u0161 na sedenie Abstrakt 70cm \u00bb &#187; iKuchyne iSHOP s n\u00e1bytkom","isPartOf":{"@id":"https:\/\/www.ikuchyne.sk\/eshop\/#website"},"datePublished":"2020-07-22T20:13:19+00:00","dateModified":"2020-07-22T20:13:19+00:00","description":"K\u00fapte si u n\u00e1s Hned\u00fd vank\u00fa\u0161 na sedenie Abstrakt 70cm \u00bb za akciov\u00fa cenu. R\u00fdchle dodanie tovaru, odborn\u00e9 poradenstvo a stovky produktov skladom. Hned\u00fd vank\u00fa\u0161 na sedenie Abstrakt 70cm \u00bb sa stane dominantou V\u00e1\u0161ho interi\u00e9ru. Internetov\u00fd obchod ikuchyne! pon\u00faka odber Hned\u00fd vank\u00fa\u0161 na sedenie Abstrakt 70cm \u00bb u\u017e od 1 kusu.","breadcrumb":{"@id":"https:\/\/www.ikuchyne.sk\/eshop\/produkt\/hnedy-vankus-na-sedenie-abstrakt-70cm\/#breadcrumb"},"inLanguage":"sk-SK","potentialAction":[{"@type":"ReadAction","target":["https:\/\/www.ikuchyne.sk\/eshop\/produkt\/hnedy-vankus-na-sedenie-abstrakt-70cm\/"]}]},{"@type":"BreadcrumbList","@id":"https:\/\/www.ikuchyne.sk\/eshop\/produkt\/hnedy-vankus-na-sedenie-abstrakt-70cm\/#breadcrumb","itemListElement":[{"@type":"ListItem","position":1,"name":"Home","item":"https:\/\/www.ikuchyne.sk\/eshop\/"},{"@type":"ListItem","position":2,"name":"Obchod","item":"https:\/\/www.ikuchyne.sk\/eshop\/obchod\/"},{"@type":"ListItem","position":3,"name":"Hned\u00fd vank\u00fa\u0161 na sedenie Abstrakt 70cm \u00bb"}]},{"@type":"WebSite","@id":"https:\/\/www.ikuchyne.sk\/eshop\/#website","url":"https:\/\/www.ikuchyne.sk\/eshop\/","name":"iKuchyne iSHOP s n\u00e1bytkom","description":"Jed\u00e1lensk\u00e9 stoly, stoli\u010dky, n\u00e1bytok, svietidl\u00e1...","publisher":{"@id":"https:\/\/www.ikuchyne.sk\/eshop\/#organization"},"potentialAction":[{"@type":"SearchAction","target":{"@type":"EntryPoint","urlTemplate":"https:\/\/www.ikuchyne.sk\/eshop\/?s={search_term_string}"},"query-input":"required name=search_term_string"}],"inLanguage":"sk-SK"},{"@type":"Organization","@id":"https:\/\/www.ikuchyne.sk\/eshop\/#organization","name":"ikuchyne!","url":"https:\/\/www.ikuchyne.sk\/eshop\/","logo":{"@type":"ImageObject","inLanguage":"sk-SK","@id":"https:\/\/www.ikuchyne.sk\/eshop\/#\/schema\/logo\/image\/","url":"https:\/\/www.ikuchyne.sk\/eshop\/wp-content\/uploads\/2017\/04\/ikuchyne-logo.jpg","contentUrl":"https:\/\/www.ikuchyne.sk\/eshop\/wp-content\/uploads\/2017\/04\/ikuchyne-logo.jpg","width":200,"height":48,"caption":"ikuchyne!"},"image":{"@id":"https:\/\/www.ikuchyne.sk\/eshop\/#\/schema\/logo\/image\/"},"sameAs":["https:\/\/www.facebook.com\/ikuchyne\/","https:\/\/www.instagram.com\/ikuchyne.sk\/","https:\/\/sk.pinterest.com\/ikuchynesk\/"]}]}},"_links":{"self":[{"href":"https:\/\/www.ikuchyne.sk\/eshop\/wp-json\/wp\/v2\/product\/131133"}],"collection":[{"href":"https:\/\/www.ikuchyne.sk\/eshop\/wp-json\/wp\/v2\/product"}],"about":[{"href":"https:\/\/www.ikuchyne.sk\/eshop\/wp-json\/wp\/v2\/types\/product"}],"replies":[{"embeddable":true,"href":"https:\/\/www.ikuchyne.sk\/eshop\/wp-json\/wp\/v2\/comments?post=131133"}],"wp:featuredmedia":[{"embeddable":true,"href":"https:\/\/www.ikuchyne.sk\/eshop\/wp-json\/wp\/v2\/media\/131134"}],"wp:attachment":[{"href":"https:\/\/www.ikuchyne.sk\/eshop\/wp-json\/wp\/v2\/media?parent=131133"}],"wp:term":[{"taxonomy":"product_cat","embeddable":true,"href":"https:\/\/www.ikuchyne.sk\/eshop\/wp-json\/wp\/v2\/product_cat?post=131133"},{"taxonomy":"product_tag","embeddable":true,"href":"https:\/\/www.ikuchyne.sk\/eshop\/wp-json\/wp\/v2\/product_tag?post=131133"}],"curies":[{"name":"wp","href":"https:\/\/api.w.org\/{rel}","templated":true}]}}