{"id":131138,"date":"2020-07-22T22:20:04","date_gmt":"2020-07-22T20:20:04","guid":{"rendered":"https:\/\/www.ikuchyne.sk\/eshop\/?post_type=product&#038;p=131138"},"modified":"2025-04-09T14:21:49","modified_gmt":"2025-04-09T12:21:49","slug":"cerveny-vankus-na-sedenie-old-marrakesch-70cm","status":"publish","type":"product","link":"https:\/\/www.ikuchyne.sk\/eshop\/produkt\/cerveny-vankus-na-sedenie-old-marrakesch-70cm\/","title":{"rendered":"\u010cerven\u00fd vank\u00fa\u0161 na sedenie Old Marrakesch 70cm \u00bb"},"content":{"rendered":"<h1>\u010cerven\u00fd vank\u00fa\u0161 na sedenie Old Marrakesch 70cm \u00bb<\/h1>\n<p><strong>V\u0161eobecn\u00fd opis:<br \/>\n<\/strong><span>S t\u00fdmto \u00fatuln\u00fdm podlahov\u00fdm vank\u00fa\u0161om sa k v\u00e1m dostane dotyk orient\u00e1lnych noc\u00ed. <\/span><span>Ve\u013ek\u00fd vank\u00fa\u0161 m\u00e1 po\u0165ah vyroben\u00fd z vysoko kvalitnej bavlnenej zmesi s nezamenite\u013en\u00fdm orient\u00e1lnym vzorom v r\u00f4znych odtie\u0148och \u010dervenej. <\/span><span>Vzor bol z\u00e1merne navrhnut\u00fd v autentickom vintage \u0161t\u00fdle, tak\u017ee vank\u00fa\u0161 vyzer\u00e1 ako staro\u017eitn\u00fd \u0161perk z Orientu. Ve\u013ek\u00fd vank\u00fa\u0161 m\u00f4\u017eete umiestni\u0165 do ob\u00fdva\u010dky, sp\u00e1lne alebo napr\u00edklad do \u010dajovne. M\u00f4\u017eete ho jednoducho kombinova\u0165 s in\u00fdm n\u00e1bytkom a dom\u00e1cimi doplnkami. Vank\u00fa\u0161 si porad\u00ed s mnoh\u00fdmi r\u00f4znymi \u0161t\u00fdlmi n\u00e1bytku a bude vyzera\u0165 rovnako dobre pri n\u00e1bytku z mas\u00edvneho dreva, ako pri doplnkoch zo zlata a medi &#8211; tieto pod\u010diarkuj\u00fa vynikaj\u00faci orient\u00e1lny vzh\u013ead vank\u00fa\u0161a!<\/span><\/p>\n<p><strong>Sed\u00e1k taburetu:<br \/>\n<\/strong>Ve\u013ek\u00fd vank\u00fa\u0161 m\u00e1 po\u0165ah vyroben\u00fd z vysoko kvalitnej bavlnenej zmesi s nezamenite\u013en\u00fdm orient\u00e1lnym vzorom v r\u00f4znych odtie\u0148och \u010dervenej.<\/p>\n<p><strong>\u010eal\u0161ie inform\u00e1cie:<br \/>\n<\/strong>V pr\u00edpade zne\u010distenia, pou\u017eite vlhku handri\u010dku namo\u010den\u00fa v mydlovej vode.<\/p>\n<p><b>Rozmery<\/b> (cca): 70cm x 70cm x 20cm (BxTxH)<br \/>\n<b>Farba:<\/b> \u010derven\u00e1<br \/>\n<b>Materi\u00e1l:<\/b> vrecovina<\/p>\n","protected":false},"excerpt":{"rendered":"<p>\u010cerven\u00fd vank\u00fa\u0161 na sedenie Old Marrakesch 70cm \u00bb V\u0161eobecn\u00fd opis: S t\u00fdmto \u00fatuln\u00fdm podlahov\u00fdm vank\u00fa\u0161om sa k v\u00e1m dostane dotyk orient\u00e1lnych noc\u00ed. Ve\u013ek\u00fd vank\u00fa\u0161 m\u00e1 po\u0165ah vyroben\u00fd z vysoko kvalitnej<\/p>\n","protected":false},"featured_media":131139,"comment_status":"closed","ping_status":"closed","template":"","meta":[],"product_cat":[772,600,604],"product_tag":[640],"yoast_head":"<!-- This site is optimized with the Yoast SEO plugin v22.1 - https:\/\/yoast.com\/wordpress\/plugins\/seo\/ -->\n<title>\u010cerven\u00fd vank\u00fa\u0161 na sedenie Old Marrakesch 70cm \u00bb &#187; iKuchyne iSHOP s n\u00e1bytkom<\/title>\n<meta name=\"description\" content=\"K\u00fapte si u n\u00e1s \u010cerven\u00fd vank\u00fa\u0161 na sedenie Old Marrakesch 70cm \u00bb za akciov\u00fa cenu. R\u00fdchle dodanie tovaru, odborn\u00e9 poradenstvo a stovky produktov skladom. \u010cerven\u00fd vank\u00fa\u0161 na sedenie Old Marrakesch 70cm \u00bb sa stane dominantou V\u00e1\u0161ho interi\u00e9ru. Internetov\u00fd obchod ikuchyne! pon\u00faka odber \u010cerven\u00fd vank\u00fa\u0161 na sedenie Old Marrakesch 70cm \u00bb u\u017e od 1 kusu.\" \/>\n<meta name=\"robots\" content=\"index, follow, max-snippet:-1, max-image-preview:large, max-video-preview:-1\" \/>\n<link rel=\"canonical\" href=\"https:\/\/www.ikuchyne.sk\/eshop\/produkt\/cerveny-vankus-na-sedenie-old-marrakesch-70cm\/\" \/>\n<meta property=\"og:locale\" content=\"sk_SK\" \/>\n<meta property=\"og:type\" content=\"article\" \/>\n<meta property=\"og:title\" content=\"\u010cerven\u00fd vank\u00fa\u0161 na sedenie Old Marrakesch 70cm \u00bb &#187; iKuchyne iSHOP s n\u00e1bytkom\" \/>\n<meta property=\"og:description\" content=\"K\u00fapte si u n\u00e1s \u010cerven\u00fd vank\u00fa\u0161 na sedenie Old Marrakesch 70cm \u00bb za akciov\u00fa cenu. R\u00fdchle dodanie tovaru, odborn\u00e9 poradenstvo a stovky produktov skladom. \u010cerven\u00fd vank\u00fa\u0161 na sedenie Old Marrakesch 70cm \u00bb sa stane dominantou V\u00e1\u0161ho interi\u00e9ru. Internetov\u00fd obchod ikuchyne! pon\u00faka odber \u010cerven\u00fd vank\u00fa\u0161 na sedenie Old Marrakesch 70cm \u00bb u\u017e od 1 kusu.\" \/>\n<meta property=\"og:url\" content=\"https:\/\/www.ikuchyne.sk\/eshop\/produkt\/cerveny-vankus-na-sedenie-old-marrakesch-70cm\/\" \/>\n<meta property=\"og:site_name\" content=\"iKuchyne iSHOP s n\u00e1bytkom\" \/>\n<meta property=\"article:publisher\" content=\"https:\/\/www.facebook.com\/ikuchyne\/\" \/>\n<meta property=\"article:modified_time\" content=\"2025-04-09T12:21:49+00:00\" \/>\n<meta property=\"og:image\" content=\"https:\/\/www.ikuchyne.sk\/eshop\/wp-content\/uploads\/2020\/07\/Bodenkissen-Old-Marrakesch-70cm-\u010derven\u00e1-40240.jpg\" \/>\n\t<meta property=\"og:image:width\" content=\"800\" \/>\n\t<meta property=\"og:image:height\" content=\"576\" \/>\n\t<meta property=\"og:image:type\" content=\"image\/jpeg\" \/>\n<meta name=\"twitter:card\" content=\"summary_large_image\" \/>\n<meta name=\"twitter:label1\" content=\"Predpokladan\u00fd \u010das \u010d\u00edtania\" \/>\n\t<meta name=\"twitter:data1\" content=\"1 min\u00fata\" \/>\n<script type=\"application\/ld+json\" class=\"yoast-schema-graph\">{\"@context\":\"https:\/\/schema.org\",\"@graph\":[{\"@type\":\"WebPage\",\"@id\":\"https:\/\/www.ikuchyne.sk\/eshop\/produkt\/cerveny-vankus-na-sedenie-old-marrakesch-70cm\/\",\"url\":\"https:\/\/www.ikuchyne.sk\/eshop\/produkt\/cerveny-vankus-na-sedenie-old-marrakesch-70cm\/\",\"name\":\"\u010cerven\u00fd vank\u00fa\u0161 na sedenie Old Marrakesch 70cm \u00bb &#187; iKuchyne iSHOP s n\u00e1bytkom\",\"isPartOf\":{\"@id\":\"https:\/\/www.ikuchyne.sk\/eshop\/#website\"},\"datePublished\":\"2020-07-22T20:20:04+00:00\",\"dateModified\":\"2025-04-09T12:21:49+00:00\",\"description\":\"K\u00fapte si u n\u00e1s \u010cerven\u00fd vank\u00fa\u0161 na sedenie Old Marrakesch 70cm \u00bb za akciov\u00fa cenu. R\u00fdchle dodanie tovaru, odborn\u00e9 poradenstvo a stovky produktov skladom. \u010cerven\u00fd vank\u00fa\u0161 na sedenie Old Marrakesch 70cm \u00bb sa stane dominantou V\u00e1\u0161ho interi\u00e9ru. Internetov\u00fd obchod ikuchyne! pon\u00faka odber \u010cerven\u00fd vank\u00fa\u0161 na sedenie Old Marrakesch 70cm \u00bb u\u017e od 1 kusu.\",\"breadcrumb\":{\"@id\":\"https:\/\/www.ikuchyne.sk\/eshop\/produkt\/cerveny-vankus-na-sedenie-old-marrakesch-70cm\/#breadcrumb\"},\"inLanguage\":\"sk-SK\",\"potentialAction\":[{\"@type\":\"ReadAction\",\"target\":[\"https:\/\/www.ikuchyne.sk\/eshop\/produkt\/cerveny-vankus-na-sedenie-old-marrakesch-70cm\/\"]}]},{\"@type\":\"BreadcrumbList\",\"@id\":\"https:\/\/www.ikuchyne.sk\/eshop\/produkt\/cerveny-vankus-na-sedenie-old-marrakesch-70cm\/#breadcrumb\",\"itemListElement\":[{\"@type\":\"ListItem\",\"position\":1,\"name\":\"Home\",\"item\":\"https:\/\/www.ikuchyne.sk\/eshop\/\"},{\"@type\":\"ListItem\",\"position\":2,\"name\":\"Obchod\",\"item\":\"https:\/\/www.ikuchyne.sk\/eshop\/obchod\/\"},{\"@type\":\"ListItem\",\"position\":3,\"name\":\"\u010cerven\u00fd vank\u00fa\u0161 na sedenie Old Marrakesch 70cm \u00bb\"}]},{\"@type\":\"WebSite\",\"@id\":\"https:\/\/www.ikuchyne.sk\/eshop\/#website\",\"url\":\"https:\/\/www.ikuchyne.sk\/eshop\/\",\"name\":\"iKuchyne iSHOP s n\u00e1bytkom\",\"description\":\"Jed\u00e1lensk\u00e9 stoly, stoli\u010dky, n\u00e1bytok, svietidl\u00e1...\",\"publisher\":{\"@id\":\"https:\/\/www.ikuchyne.sk\/eshop\/#organization\"},\"potentialAction\":[{\"@type\":\"SearchAction\",\"target\":{\"@type\":\"EntryPoint\",\"urlTemplate\":\"https:\/\/www.ikuchyne.sk\/eshop\/?s={search_term_string}\"},\"query-input\":\"required name=search_term_string\"}],\"inLanguage\":\"sk-SK\"},{\"@type\":\"Organization\",\"@id\":\"https:\/\/www.ikuchyne.sk\/eshop\/#organization\",\"name\":\"ikuchyne!\",\"url\":\"https:\/\/www.ikuchyne.sk\/eshop\/\",\"logo\":{\"@type\":\"ImageObject\",\"inLanguage\":\"sk-SK\",\"@id\":\"https:\/\/www.ikuchyne.sk\/eshop\/#\/schema\/logo\/image\/\",\"url\":\"https:\/\/www.ikuchyne.sk\/eshop\/wp-content\/uploads\/2017\/04\/ikuchyne-logo.jpg\",\"contentUrl\":\"https:\/\/www.ikuchyne.sk\/eshop\/wp-content\/uploads\/2017\/04\/ikuchyne-logo.jpg\",\"width\":200,\"height\":48,\"caption\":\"ikuchyne!\"},\"image\":{\"@id\":\"https:\/\/www.ikuchyne.sk\/eshop\/#\/schema\/logo\/image\/\"},\"sameAs\":[\"https:\/\/www.facebook.com\/ikuchyne\/\",\"https:\/\/www.instagram.com\/ikuchyne.sk\/\",\"https:\/\/sk.pinterest.com\/ikuchynesk\/\"]}]}<\/script>\n<!-- \/ Yoast SEO plugin. -->","yoast_head_json":{"title":"\u010cerven\u00fd vank\u00fa\u0161 na sedenie Old Marrakesch 70cm \u00bb &#187; iKuchyne iSHOP s n\u00e1bytkom","description":"K\u00fapte si u n\u00e1s \u010cerven\u00fd vank\u00fa\u0161 na sedenie Old Marrakesch 70cm \u00bb za akciov\u00fa cenu. R\u00fdchle dodanie tovaru, odborn\u00e9 poradenstvo a stovky produktov skladom. \u010cerven\u00fd vank\u00fa\u0161 na sedenie Old Marrakesch 70cm \u00bb sa stane dominantou V\u00e1\u0161ho interi\u00e9ru. Internetov\u00fd obchod ikuchyne! pon\u00faka odber \u010cerven\u00fd vank\u00fa\u0161 na sedenie Old Marrakesch 70cm \u00bb u\u017e od 1 kusu.","robots":{"index":"index","follow":"follow","max-snippet":"max-snippet:-1","max-image-preview":"max-image-preview:large","max-video-preview":"max-video-preview:-1"},"canonical":"https:\/\/www.ikuchyne.sk\/eshop\/produkt\/cerveny-vankus-na-sedenie-old-marrakesch-70cm\/","og_locale":"sk_SK","og_type":"article","og_title":"\u010cerven\u00fd vank\u00fa\u0161 na sedenie Old Marrakesch 70cm \u00bb &#187; iKuchyne iSHOP s n\u00e1bytkom","og_description":"K\u00fapte si u n\u00e1s \u010cerven\u00fd vank\u00fa\u0161 na sedenie Old Marrakesch 70cm \u00bb za akciov\u00fa cenu. R\u00fdchle dodanie tovaru, odborn\u00e9 poradenstvo a stovky produktov skladom. \u010cerven\u00fd vank\u00fa\u0161 na sedenie Old Marrakesch 70cm \u00bb sa stane dominantou V\u00e1\u0161ho interi\u00e9ru. Internetov\u00fd obchod ikuchyne! pon\u00faka odber \u010cerven\u00fd vank\u00fa\u0161 na sedenie Old Marrakesch 70cm \u00bb u\u017e od 1 kusu.","og_url":"https:\/\/www.ikuchyne.sk\/eshop\/produkt\/cerveny-vankus-na-sedenie-old-marrakesch-70cm\/","og_site_name":"iKuchyne iSHOP s n\u00e1bytkom","article_publisher":"https:\/\/www.facebook.com\/ikuchyne\/","article_modified_time":"2025-04-09T12:21:49+00:00","og_image":[{"width":800,"height":576,"url":"https:\/\/www.ikuchyne.sk\/eshop\/wp-content\/uploads\/2020\/07\/Bodenkissen-Old-Marrakesch-70cm-\u010derven\u00e1-40240.jpg","type":"image\/jpeg"}],"twitter_card":"summary_large_image","twitter_misc":{"Predpokladan\u00fd \u010das \u010d\u00edtania":"1 min\u00fata"},"schema":{"@context":"https:\/\/schema.org","@graph":[{"@type":"WebPage","@id":"https:\/\/www.ikuchyne.sk\/eshop\/produkt\/cerveny-vankus-na-sedenie-old-marrakesch-70cm\/","url":"https:\/\/www.ikuchyne.sk\/eshop\/produkt\/cerveny-vankus-na-sedenie-old-marrakesch-70cm\/","name":"\u010cerven\u00fd vank\u00fa\u0161 na sedenie Old Marrakesch 70cm \u00bb &#187; iKuchyne iSHOP s n\u00e1bytkom","isPartOf":{"@id":"https:\/\/www.ikuchyne.sk\/eshop\/#website"},"datePublished":"2020-07-22T20:20:04+00:00","dateModified":"2025-04-09T12:21:49+00:00","description":"K\u00fapte si u n\u00e1s \u010cerven\u00fd vank\u00fa\u0161 na sedenie Old Marrakesch 70cm \u00bb za akciov\u00fa cenu. R\u00fdchle dodanie tovaru, odborn\u00e9 poradenstvo a stovky produktov skladom. \u010cerven\u00fd vank\u00fa\u0161 na sedenie Old Marrakesch 70cm \u00bb sa stane dominantou V\u00e1\u0161ho interi\u00e9ru. Internetov\u00fd obchod ikuchyne! pon\u00faka odber \u010cerven\u00fd vank\u00fa\u0161 na sedenie Old Marrakesch 70cm \u00bb u\u017e od 1 kusu.","breadcrumb":{"@id":"https:\/\/www.ikuchyne.sk\/eshop\/produkt\/cerveny-vankus-na-sedenie-old-marrakesch-70cm\/#breadcrumb"},"inLanguage":"sk-SK","potentialAction":[{"@type":"ReadAction","target":["https:\/\/www.ikuchyne.sk\/eshop\/produkt\/cerveny-vankus-na-sedenie-old-marrakesch-70cm\/"]}]},{"@type":"BreadcrumbList","@id":"https:\/\/www.ikuchyne.sk\/eshop\/produkt\/cerveny-vankus-na-sedenie-old-marrakesch-70cm\/#breadcrumb","itemListElement":[{"@type":"ListItem","position":1,"name":"Home","item":"https:\/\/www.ikuchyne.sk\/eshop\/"},{"@type":"ListItem","position":2,"name":"Obchod","item":"https:\/\/www.ikuchyne.sk\/eshop\/obchod\/"},{"@type":"ListItem","position":3,"name":"\u010cerven\u00fd vank\u00fa\u0161 na sedenie Old Marrakesch 70cm \u00bb"}]},{"@type":"WebSite","@id":"https:\/\/www.ikuchyne.sk\/eshop\/#website","url":"https:\/\/www.ikuchyne.sk\/eshop\/","name":"iKuchyne iSHOP s n\u00e1bytkom","description":"Jed\u00e1lensk\u00e9 stoly, stoli\u010dky, n\u00e1bytok, svietidl\u00e1...","publisher":{"@id":"https:\/\/www.ikuchyne.sk\/eshop\/#organization"},"potentialAction":[{"@type":"SearchAction","target":{"@type":"EntryPoint","urlTemplate":"https:\/\/www.ikuchyne.sk\/eshop\/?s={search_term_string}"},"query-input":"required name=search_term_string"}],"inLanguage":"sk-SK"},{"@type":"Organization","@id":"https:\/\/www.ikuchyne.sk\/eshop\/#organization","name":"ikuchyne!","url":"https:\/\/www.ikuchyne.sk\/eshop\/","logo":{"@type":"ImageObject","inLanguage":"sk-SK","@id":"https:\/\/www.ikuchyne.sk\/eshop\/#\/schema\/logo\/image\/","url":"https:\/\/www.ikuchyne.sk\/eshop\/wp-content\/uploads\/2017\/04\/ikuchyne-logo.jpg","contentUrl":"https:\/\/www.ikuchyne.sk\/eshop\/wp-content\/uploads\/2017\/04\/ikuchyne-logo.jpg","width":200,"height":48,"caption":"ikuchyne!"},"image":{"@id":"https:\/\/www.ikuchyne.sk\/eshop\/#\/schema\/logo\/image\/"},"sameAs":["https:\/\/www.facebook.com\/ikuchyne\/","https:\/\/www.instagram.com\/ikuchyne.sk\/","https:\/\/sk.pinterest.com\/ikuchynesk\/"]}]}},"_links":{"self":[{"href":"https:\/\/www.ikuchyne.sk\/eshop\/wp-json\/wp\/v2\/product\/131138"}],"collection":[{"href":"https:\/\/www.ikuchyne.sk\/eshop\/wp-json\/wp\/v2\/product"}],"about":[{"href":"https:\/\/www.ikuchyne.sk\/eshop\/wp-json\/wp\/v2\/types\/product"}],"replies":[{"embeddable":true,"href":"https:\/\/www.ikuchyne.sk\/eshop\/wp-json\/wp\/v2\/comments?post=131138"}],"wp:featuredmedia":[{"embeddable":true,"href":"https:\/\/www.ikuchyne.sk\/eshop\/wp-json\/wp\/v2\/media\/131139"}],"wp:attachment":[{"href":"https:\/\/www.ikuchyne.sk\/eshop\/wp-json\/wp\/v2\/media?parent=131138"}],"wp:term":[{"taxonomy":"product_cat","embeddable":true,"href":"https:\/\/www.ikuchyne.sk\/eshop\/wp-json\/wp\/v2\/product_cat?post=131138"},{"taxonomy":"product_tag","embeddable":true,"href":"https:\/\/www.ikuchyne.sk\/eshop\/wp-json\/wp\/v2\/product_tag?post=131138"}],"curies":[{"name":"wp","href":"https:\/\/api.w.org\/{rel}","templated":true}]}}