{"id":131644,"date":"2020-08-07T01:56:50","date_gmt":"2020-08-06T23:56:50","guid":{"rendered":"https:\/\/www.ikuchyne.sk\/eshop\/?post_type=product&#038;p=131644"},"modified":"2023-12-18T11:46:04","modified_gmt":"2023-12-18T10:46:04","slug":"masivny-jedalensky-stol-iron-craft-200-cm","status":"publish","type":"product","link":"https:\/\/www.ikuchyne.sk\/eshop\/produkt\/masivny-jedalensky-stol-iron-craft-200-cm\/","title":{"rendered":"Mas\u00edvny jed\u00e1lensk\u00fd st\u00f4l Iron Craft 200 cm \u00bb"},"content":{"rendered":"<h1>Mas\u00edvny jed\u00e1lensk\u00fd st\u00f4l Iron Craft 200 cm \u00bb<\/h1>\n<p><strong>V\u0161eobecn\u00fd popis:<br \/>\n<\/strong>Mas\u00edvny jed\u00e1lensk\u00fd st\u00f4l Iron Craft 200 cm sa stane ob\u013e\u00faben\u00fdm k\u00faskom vo va\u0161ej dom\u00e1cnosti. \u010cak\u00e1 na v\u00e1s dokonal\u00e1 symbi\u00f3za kr\u00e1sneho pr\u00edrodn\u00e9ho produktu a pevn\u00e9ho kovu. Ve\u013ek\u00fd jed\u00e1lensk\u00fd st\u00f4l z na\u0161ej s\u00e9rie IRON CRAFT je jedine\u010dn\u00fd \u0161perk vyroben\u00fd z starostlivo lakovan\u00e9ho mas\u00edvneho mangov\u00e9ho dreva. Dreven\u00e1 doska stola dokonale lad\u00ed s pevn\u00fdmi kovov\u00fdmi nohami v tvare X, na ktor\u00fdch spo\u010d\u00edva. Ru\u010d\u00edme v\u00e1m za to, \u017ee z ka\u017ed\u00e9ho posedenia budete ma\u0165 z\u00e1\u017eitok. Neuverite\u013en\u00e1 hr\u00fabka dosky stola &#8211; a\u017e 7cm &#8211; v\u00e1m dod\u00e1 pocit pr\u00edrody priamo u v\u00e1s doma. O\u0161etrenie lakom d\u00e1va tomuto drevu kr\u00e1snu farbu a zrno mangov\u00e9ho dreva je tak e\u0161te viac pod\u010diarknut\u00e9. Pre tento druh dreva je typick\u00e1 r\u00f4znorodos\u0165 jeho \u0161trukt\u00fary a nenapodobite\u013en\u00e1 vlnitos\u0165. Mangov\u00e9 drevo poskytuje odtiene dreva l\u00ed\u0161iace sa od v\u00e4\u010d\u0161iny in\u00fdch drev\u00edn. Vysok\u00e1 hr\u00fabka drevenej dosky jed\u00e1lensk\u00e9ho stola vo v\u00fd\u0161ke 70 mm vytv\u00e1ra kr\u00e1sny a pr\u00edrodn\u00fd vzh\u013ead tohto jed\u00e1lensk\u00e9ho stola.<\/p>\n<p><strong>Podno\u017e:<\/strong><br \/>\nPodno\u017e mas\u00edvneho jed\u00e1lensk\u00e9ho stola je vyroben\u00e1 z pevn\u00e9ho kovu v tvare X. \u010cierna farba n\u00f4h len pod\u010diarkuje industri\u00e1nos\u0165 tohto stola.<\/p>\n<p><strong>\u010eal\u0161ie inform\u00e1cie:<br \/>\n<\/strong>Aby bol v\u00e1\u0161 dreven\u00fd n\u00e1bytok dlh\u00fd \u010das kr\u00e1sny a bol optim\u00e1lne chr\u00e1nen\u00fd pred vonkaj\u0161\u00edmi vplyvmi, povrch sme starostlivo nalakovali. Aby v\u00e1m vydr\u017eal kr\u00e1sne hladk\u00fd a jemn\u00fd aj na\u010falej, nepou\u017e\u00edvajte utierky z mikrovl\u00e1kna &#8211; po\u0161kod\u00edte t\u00fdm lak.<strong><br \/>\n<\/strong><\/p>\n<p><b>Rozmery<\/b>:<br \/>\n200cm x 77cm x 100cm (\u0160xVxH)<br \/>\n<strong>Hr\u00fabka dosky:<\/strong> 70mm<br \/>\n<strong>Podno\u017e:<\/strong> 7,5cm x 7,5cm (\u0160xH)<\/p>\n<p><b>Farba:<\/b> pr\u00edrodn\u00e1, \u010dierna<\/p>\n<p><b>Materi\u00e1l:<\/b> mangov\u00e9 drevo (mas\u00edv), lak, kov<\/p>\n<p>Dodato\u010dn\u00e9 inform\u00e1cie:<\/p>\n<p>V pr\u00edpade z\u00e1ujmu o in\u00e9 jed\u00e1lensk\u00e9 stoly, nav\u0161t\u00edvte sekciu jed\u00e1lensk\u00e9 stoly na <a href=\"https:\/\/www.ikuchyne.sk\/eshop\/kategoria\/jedalenske-stoly\/\">www.ikuchyne.sk\/eshop<\/a><br \/>\nV pr\u00edpade z\u00e1ujmu o n\u00e1bytok na mieru n\u00e1s kontaktuje na <a href=\"http:\/\/www.ikuchyne.sk\">www.ikuchyne.sk<\/a><\/p>\n","protected":false},"excerpt":{"rendered":"<p>Mas\u00edvny jed\u00e1lensk\u00fd st\u00f4l Iron Craft 200 cm \u00bb V\u0161eobecn\u00fd popis: Mas\u00edvny jed\u00e1lensk\u00fd st\u00f4l Iron Craft 200 cm sa stane ob\u013e\u00faben\u00fdm k\u00faskom vo va\u0161ej dom\u00e1cnosti. \u010cak\u00e1 na v\u00e1s dokonal\u00e1 symbi\u00f3za kr\u00e1sneho<\/p>\n","protected":false},"featured_media":131645,"comment_status":"closed","ping_status":"closed","template":"","meta":[],"product_cat":[591,298,855,847,846,845,849,772,287],"product_tag":[256,261],"yoast_head":"<!-- This site is optimized with the Yoast SEO plugin v22.1 - https:\/\/yoast.com\/wordpress\/plugins\/seo\/ -->\n<title>Mas\u00edvny jed\u00e1lensk\u00fd st\u00f4l Iron Craft 200 cm \u00bb &#187; iKuchyne iSHOP s n\u00e1bytkom<\/title>\n<meta name=\"description\" content=\"Mas\u00edvny jed\u00e1lensk\u00fd st\u00f4l Iron Craft 200 cm \u00bb - r\u00fdchle dodanie, poradenstvo, n\u00e1bytok skladom. Dominanta va\u0161ej dom\u00e1cnosti v\u010faka ikuchyne.sk\" \/>\n<meta name=\"robots\" content=\"index, follow, max-snippet:-1, max-image-preview:large, max-video-preview:-1\" \/>\n<link rel=\"canonical\" href=\"https:\/\/www.ikuchyne.sk\/eshop\/produkt\/masivny-jedalensky-stol-iron-craft-200-cm\/\" \/>\n<meta property=\"og:locale\" content=\"sk_SK\" \/>\n<meta property=\"og:type\" content=\"article\" \/>\n<meta property=\"og:title\" content=\"Mas\u00edvny jed\u00e1lensk\u00fd st\u00f4l Iron Craft 200 cm \u00bb &#187; iKuchyne iSHOP s n\u00e1bytkom\" \/>\n<meta property=\"og:description\" content=\"Mas\u00edvny jed\u00e1lensk\u00fd st\u00f4l Iron Craft 200 cm \u00bb - r\u00fdchle dodanie, poradenstvo, n\u00e1bytok skladom. Dominanta va\u0161ej dom\u00e1cnosti v\u010faka ikuchyne.sk\" \/>\n<meta property=\"og:url\" content=\"https:\/\/www.ikuchyne.sk\/eshop\/produkt\/masivny-jedalensky-stol-iron-craft-200-cm\/\" \/>\n<meta property=\"og:site_name\" content=\"iKuchyne iSHOP s n\u00e1bytkom\" \/>\n<meta property=\"article:publisher\" content=\"https:\/\/www.facebook.com\/ikuchyne\/\" \/>\n<meta property=\"article:modified_time\" content=\"2023-12-18T10:46:04+00:00\" \/>\n<meta property=\"og:image\" content=\"https:\/\/www.ikuchyne.sk\/eshop\/wp-content\/uploads\/2020\/08\/Jed\u00e1lensk\u00fd-st\u00f4l-Iron-Craft-200cm-Mango-pr\u00edrodn\u00e1-70mm-40013.jpg\" \/>\n\t<meta property=\"og:image:width\" content=\"800\" \/>\n\t<meta property=\"og:image:height\" content=\"533\" \/>\n\t<meta property=\"og:image:type\" content=\"image\/jpeg\" \/>\n<meta name=\"twitter:card\" content=\"summary_large_image\" \/>\n<meta name=\"twitter:label1\" content=\"Predpokladan\u00fd \u010das \u010d\u00edtania\" \/>\n\t<meta name=\"twitter:data1\" content=\"2 min\u00faty\" \/>\n<script type=\"application\/ld+json\" class=\"yoast-schema-graph\">{\"@context\":\"https:\/\/schema.org\",\"@graph\":[{\"@type\":\"WebPage\",\"@id\":\"https:\/\/www.ikuchyne.sk\/eshop\/produkt\/masivny-jedalensky-stol-iron-craft-200-cm\/\",\"url\":\"https:\/\/www.ikuchyne.sk\/eshop\/produkt\/masivny-jedalensky-stol-iron-craft-200-cm\/\",\"name\":\"Mas\u00edvny jed\u00e1lensk\u00fd st\u00f4l Iron Craft 200 cm \u00bb &#187; iKuchyne iSHOP s n\u00e1bytkom\",\"isPartOf\":{\"@id\":\"https:\/\/www.ikuchyne.sk\/eshop\/#website\"},\"datePublished\":\"2020-08-06T23:56:50+00:00\",\"dateModified\":\"2023-12-18T10:46:04+00:00\",\"description\":\"Mas\u00edvny jed\u00e1lensk\u00fd st\u00f4l Iron Craft 200 cm \u00bb - r\u00fdchle dodanie, poradenstvo, n\u00e1bytok skladom. Dominanta va\u0161ej dom\u00e1cnosti v\u010faka ikuchyne.sk\",\"breadcrumb\":{\"@id\":\"https:\/\/www.ikuchyne.sk\/eshop\/produkt\/masivny-jedalensky-stol-iron-craft-200-cm\/#breadcrumb\"},\"inLanguage\":\"sk-SK\",\"potentialAction\":[{\"@type\":\"ReadAction\",\"target\":[\"https:\/\/www.ikuchyne.sk\/eshop\/produkt\/masivny-jedalensky-stol-iron-craft-200-cm\/\"]}]},{\"@type\":\"BreadcrumbList\",\"@id\":\"https:\/\/www.ikuchyne.sk\/eshop\/produkt\/masivny-jedalensky-stol-iron-craft-200-cm\/#breadcrumb\",\"itemListElement\":[{\"@type\":\"ListItem\",\"position\":1,\"name\":\"Home\",\"item\":\"https:\/\/www.ikuchyne.sk\/eshop\/\"},{\"@type\":\"ListItem\",\"position\":2,\"name\":\"Obchod\",\"item\":\"https:\/\/www.ikuchyne.sk\/eshop\/obchod\/\"},{\"@type\":\"ListItem\",\"position\":3,\"name\":\"Mas\u00edvny jed\u00e1lensk\u00fd st\u00f4l Iron Craft 200 cm \u00bb\"}]},{\"@type\":\"WebSite\",\"@id\":\"https:\/\/www.ikuchyne.sk\/eshop\/#website\",\"url\":\"https:\/\/www.ikuchyne.sk\/eshop\/\",\"name\":\"iKuchyne iSHOP s n\u00e1bytkom\",\"description\":\"Jed\u00e1lensk\u00e9 stoly, stoli\u010dky, n\u00e1bytok, svietidl\u00e1...\",\"publisher\":{\"@id\":\"https:\/\/www.ikuchyne.sk\/eshop\/#organization\"},\"potentialAction\":[{\"@type\":\"SearchAction\",\"target\":{\"@type\":\"EntryPoint\",\"urlTemplate\":\"https:\/\/www.ikuchyne.sk\/eshop\/?s={search_term_string}\"},\"query-input\":\"required name=search_term_string\"}],\"inLanguage\":\"sk-SK\"},{\"@type\":\"Organization\",\"@id\":\"https:\/\/www.ikuchyne.sk\/eshop\/#organization\",\"name\":\"ikuchyne!\",\"url\":\"https:\/\/www.ikuchyne.sk\/eshop\/\",\"logo\":{\"@type\":\"ImageObject\",\"inLanguage\":\"sk-SK\",\"@id\":\"https:\/\/www.ikuchyne.sk\/eshop\/#\/schema\/logo\/image\/\",\"url\":\"https:\/\/www.ikuchyne.sk\/eshop\/wp-content\/uploads\/2017\/04\/ikuchyne-logo.jpg\",\"contentUrl\":\"https:\/\/www.ikuchyne.sk\/eshop\/wp-content\/uploads\/2017\/04\/ikuchyne-logo.jpg\",\"width\":200,\"height\":48,\"caption\":\"ikuchyne!\"},\"image\":{\"@id\":\"https:\/\/www.ikuchyne.sk\/eshop\/#\/schema\/logo\/image\/\"},\"sameAs\":[\"https:\/\/www.facebook.com\/ikuchyne\/\",\"https:\/\/www.instagram.com\/ikuchyne.sk\/\",\"https:\/\/sk.pinterest.com\/ikuchynesk\/\"]}]}<\/script>\n<!-- \/ Yoast SEO plugin. -->","yoast_head_json":{"title":"Mas\u00edvny jed\u00e1lensk\u00fd st\u00f4l Iron Craft 200 cm \u00bb &#187; iKuchyne iSHOP s n\u00e1bytkom","description":"Mas\u00edvny jed\u00e1lensk\u00fd st\u00f4l Iron Craft 200 cm \u00bb - r\u00fdchle dodanie, poradenstvo, n\u00e1bytok skladom. Dominanta va\u0161ej dom\u00e1cnosti v\u010faka ikuchyne.sk","robots":{"index":"index","follow":"follow","max-snippet":"max-snippet:-1","max-image-preview":"max-image-preview:large","max-video-preview":"max-video-preview:-1"},"canonical":"https:\/\/www.ikuchyne.sk\/eshop\/produkt\/masivny-jedalensky-stol-iron-craft-200-cm\/","og_locale":"sk_SK","og_type":"article","og_title":"Mas\u00edvny jed\u00e1lensk\u00fd st\u00f4l Iron Craft 200 cm \u00bb &#187; iKuchyne iSHOP s n\u00e1bytkom","og_description":"Mas\u00edvny jed\u00e1lensk\u00fd st\u00f4l Iron Craft 200 cm \u00bb - r\u00fdchle dodanie, poradenstvo, n\u00e1bytok skladom. Dominanta va\u0161ej dom\u00e1cnosti v\u010faka ikuchyne.sk","og_url":"https:\/\/www.ikuchyne.sk\/eshop\/produkt\/masivny-jedalensky-stol-iron-craft-200-cm\/","og_site_name":"iKuchyne iSHOP s n\u00e1bytkom","article_publisher":"https:\/\/www.facebook.com\/ikuchyne\/","article_modified_time":"2023-12-18T10:46:04+00:00","og_image":[{"width":800,"height":533,"url":"https:\/\/www.ikuchyne.sk\/eshop\/wp-content\/uploads\/2020\/08\/Jed\u00e1lensk\u00fd-st\u00f4l-Iron-Craft-200cm-Mango-pr\u00edrodn\u00e1-70mm-40013.jpg","type":"image\/jpeg"}],"twitter_card":"summary_large_image","twitter_misc":{"Predpokladan\u00fd \u010das \u010d\u00edtania":"2 min\u00faty"},"schema":{"@context":"https:\/\/schema.org","@graph":[{"@type":"WebPage","@id":"https:\/\/www.ikuchyne.sk\/eshop\/produkt\/masivny-jedalensky-stol-iron-craft-200-cm\/","url":"https:\/\/www.ikuchyne.sk\/eshop\/produkt\/masivny-jedalensky-stol-iron-craft-200-cm\/","name":"Mas\u00edvny jed\u00e1lensk\u00fd st\u00f4l Iron Craft 200 cm \u00bb &#187; iKuchyne iSHOP s n\u00e1bytkom","isPartOf":{"@id":"https:\/\/www.ikuchyne.sk\/eshop\/#website"},"datePublished":"2020-08-06T23:56:50+00:00","dateModified":"2023-12-18T10:46:04+00:00","description":"Mas\u00edvny jed\u00e1lensk\u00fd st\u00f4l Iron Craft 200 cm \u00bb - r\u00fdchle dodanie, poradenstvo, n\u00e1bytok skladom. Dominanta va\u0161ej dom\u00e1cnosti v\u010faka ikuchyne.sk","breadcrumb":{"@id":"https:\/\/www.ikuchyne.sk\/eshop\/produkt\/masivny-jedalensky-stol-iron-craft-200-cm\/#breadcrumb"},"inLanguage":"sk-SK","potentialAction":[{"@type":"ReadAction","target":["https:\/\/www.ikuchyne.sk\/eshop\/produkt\/masivny-jedalensky-stol-iron-craft-200-cm\/"]}]},{"@type":"BreadcrumbList","@id":"https:\/\/www.ikuchyne.sk\/eshop\/produkt\/masivny-jedalensky-stol-iron-craft-200-cm\/#breadcrumb","itemListElement":[{"@type":"ListItem","position":1,"name":"Home","item":"https:\/\/www.ikuchyne.sk\/eshop\/"},{"@type":"ListItem","position":2,"name":"Obchod","item":"https:\/\/www.ikuchyne.sk\/eshop\/obchod\/"},{"@type":"ListItem","position":3,"name":"Mas\u00edvny jed\u00e1lensk\u00fd st\u00f4l Iron Craft 200 cm \u00bb"}]},{"@type":"WebSite","@id":"https:\/\/www.ikuchyne.sk\/eshop\/#website","url":"https:\/\/www.ikuchyne.sk\/eshop\/","name":"iKuchyne iSHOP s n\u00e1bytkom","description":"Jed\u00e1lensk\u00e9 stoly, stoli\u010dky, n\u00e1bytok, svietidl\u00e1...","publisher":{"@id":"https:\/\/www.ikuchyne.sk\/eshop\/#organization"},"potentialAction":[{"@type":"SearchAction","target":{"@type":"EntryPoint","urlTemplate":"https:\/\/www.ikuchyne.sk\/eshop\/?s={search_term_string}"},"query-input":"required name=search_term_string"}],"inLanguage":"sk-SK"},{"@type":"Organization","@id":"https:\/\/www.ikuchyne.sk\/eshop\/#organization","name":"ikuchyne!","url":"https:\/\/www.ikuchyne.sk\/eshop\/","logo":{"@type":"ImageObject","inLanguage":"sk-SK","@id":"https:\/\/www.ikuchyne.sk\/eshop\/#\/schema\/logo\/image\/","url":"https:\/\/www.ikuchyne.sk\/eshop\/wp-content\/uploads\/2017\/04\/ikuchyne-logo.jpg","contentUrl":"https:\/\/www.ikuchyne.sk\/eshop\/wp-content\/uploads\/2017\/04\/ikuchyne-logo.jpg","width":200,"height":48,"caption":"ikuchyne!"},"image":{"@id":"https:\/\/www.ikuchyne.sk\/eshop\/#\/schema\/logo\/image\/"},"sameAs":["https:\/\/www.facebook.com\/ikuchyne\/","https:\/\/www.instagram.com\/ikuchyne.sk\/","https:\/\/sk.pinterest.com\/ikuchynesk\/"]}]}},"_links":{"self":[{"href":"https:\/\/www.ikuchyne.sk\/eshop\/wp-json\/wp\/v2\/product\/131644"}],"collection":[{"href":"https:\/\/www.ikuchyne.sk\/eshop\/wp-json\/wp\/v2\/product"}],"about":[{"href":"https:\/\/www.ikuchyne.sk\/eshop\/wp-json\/wp\/v2\/types\/product"}],"replies":[{"embeddable":true,"href":"https:\/\/www.ikuchyne.sk\/eshop\/wp-json\/wp\/v2\/comments?post=131644"}],"wp:featuredmedia":[{"embeddable":true,"href":"https:\/\/www.ikuchyne.sk\/eshop\/wp-json\/wp\/v2\/media\/131645"}],"wp:attachment":[{"href":"https:\/\/www.ikuchyne.sk\/eshop\/wp-json\/wp\/v2\/media?parent=131644"}],"wp:term":[{"taxonomy":"product_cat","embeddable":true,"href":"https:\/\/www.ikuchyne.sk\/eshop\/wp-json\/wp\/v2\/product_cat?post=131644"},{"taxonomy":"product_tag","embeddable":true,"href":"https:\/\/www.ikuchyne.sk\/eshop\/wp-json\/wp\/v2\/product_tag?post=131644"}],"curies":[{"name":"wp","href":"https:\/\/api.w.org\/{rel}","templated":true}]}}