{"id":131652,"date":"2020-08-07T01:32:56","date_gmt":"2020-08-06T23:32:56","guid":{"rendered":"https:\/\/www.ikuchyne.sk\/eshop\/?post_type=product&#038;p=131652"},"modified":"2023-12-18T11:46:55","modified_gmt":"2023-12-18T10:46:55","slug":"masivny-jedalensky-stol-iron-craft-160-cm","status":"publish","type":"product","link":"https:\/\/www.ikuchyne.sk\/eshop\/produkt\/masivny-jedalensky-stol-iron-craft-160-cm\/","title":{"rendered":"Mas\u00edvny jed\u00e1lensk\u00fd st\u00f4l Iron Craft 160 cm \u00bb"},"content":{"rendered":"<h1>Mas\u00edvny jed\u00e1lensk\u00fd st\u00f4l Iron Craft 160 cm \u00bb<\/h1>\n<p><strong>V\u0161eobecn\u00fd popis:<br \/>\n<\/strong>Mas\u00edvny jed\u00e1lensk\u00fd st\u00f4l Iron Craft 160 cm je v\u010faka robustnej stolovej doske z mangov\u00e9ho dreva obzvl\u00e1\u0161\u0165 v\u00fdrazn\u00fd. S cie\u013eom doda\u0165 pevn\u00e9mu stolu z kvalitn\u00e9ho mangov\u00e9ho dreva osobit\u00fd, autentick\u00fd vzh\u013ead, prech\u00e1dza nieko\u013ek\u00fdmi zlo\u017eit\u00fdmi v\u00fdrobn\u00fdmi krokmi. Povrch dosky bol jemne nalakovan\u00fd, tak\u017ee vznikol zamatov\u00fd efekt, ktor\u00fd pekne zd\u00f4raz\u0148uje \u0161trukt\u00faru a smer dreva. Impozantn\u00e9 kr\u00ed\u017eov\u00e9 ramen\u00e1 vytv\u00e1raj\u00fa zauj\u00edmav\u00fd kontrast k robustn\u00e9mu ale z\u00e1rove\u0148 elegantn\u00e9mu dizajnu dosky stola. Doska z mangov\u00e9ho dreva bola navrhnut\u00e1 s vysoko kvalitn\u00fdm akoby doskov\u00fdm vzh\u013eadom &#8211; dosky dreva je zrete\u013ene vidie\u0165. Jed\u00e1lensk\u00fd st\u00f4l s pevn\u00fdm r\u00e1mom stola tak vytv\u00e1ra rovnov\u00e1hu medzi modern\u00fdm a klasick\u00fdm \u0161t\u00fdlom. Pre tento druh dreva je typick\u00e1 r\u00f4znorodos\u0165 jeho \u0161trukt\u00fary a nenapodobite\u013en\u00e1 vlnitos\u0165. Mangov\u00e9 drevo poskytuje odtiene dreva l\u00ed\u0161iace sa od v\u00e4\u010d\u0161iny in\u00fdch drev\u00edn. Vysok\u00e1 hr\u00fabka drevenej dosky jed\u00e1lensk\u00e9ho stola vo v\u00fd\u0161ke 70 mm vytv\u00e1ra kr\u00e1sny a pr\u00edrodn\u00fd vzh\u013ead tohto jed\u00e1lensk\u00e9ho stola.<\/p>\n<p><strong>Podno\u017e:<\/strong><br \/>\nNohy stola s\u00fa z pevn\u00e9ho kovu v \u010diernej farbe. Ich dizajn je pr\u00edzna\u010dn\u00fd najm\u00e4 pre industri\u00e1lny \u0161t\u00fdl. Podno\u017e je v tvare X a nach\u00e1dza sa na oboch stran\u00e1ch dosky stola.<\/p>\n<p><strong>Doska stola:<\/strong><br \/>\nDoska stola, ktor\u00e1 je vyroben\u00e1 z vysokokvalitn\u00e9ho mangov\u00e9ho dreva, je odoln\u00e1 a trv\u00e1cna.\u00a0 Ke\u010f\u017ee ide o pr\u00edrodn\u00fd a ru\u010dne vyroben\u00fd produkt, ka\u017ed\u00e1 doska stola je unik\u00e1t.<\/p>\n<p><strong>\u010eal\u0161ie inform\u00e1cie:<br \/>\n<\/strong>Lak na dreve zvy\u010dajne trv\u00e1 mnoho rokov za predpokladu, \u017ee na povrchu nevznikn\u00fa \u017eiadne v\u00e4\u010d\u0161ie \u0161krabance alebo diery.\u00a0Ak by ste niekedy chceli \u00faplne obnovi\u0165 n\u00e1ter, je d\u00f4le\u017eit\u00e9, aby ste cel\u00fd star\u00fd n\u00e1ter o\u010distili. Na \u010distenie nepou\u017e\u00edvajte utierky z mikrovl\u00e1kna &#8211; po\u0161kodia lak.<\/p>\n<p><b>Rozmery<\/b>:<br \/>\n160cm x 77cm x 90cm (\u0160xVxH)<br \/>\n<strong>Hr\u00fabka dosky:<\/strong> 70mm<br \/>\n<strong>Podno\u017e:<\/strong> 7,5cm x 7,5cm (\u0160xH)<\/p>\n<p><b>Farba:<\/b> pr\u00edrodn\u00e1<\/p>\n<p><b>Materi\u00e1l:<\/b> mangov\u00e9 drevo (mas\u00edv), lak, kov<\/p>\n<p><strong>Tento jed\u00e1lensk\u00fd st\u00f4l sa tie\u017e vyr\u00e1ba aj v t\u00fdchto ve\u013ekostiach:<br \/>\n<\/strong>100 x 200 cm \u2013 70 mm<\/p>\n<p>Dodato\u010dn\u00e9 inform\u00e1cie:<\/p>\n<p>V pr\u00edpade z\u00e1ujmu o in\u00e9 jed\u00e1lensk\u00e9 stoly, nav\u0161t\u00edvte sekciu jed\u00e1lensk\u00e9 stoly na <a href=\"https:\/\/www.ikuchyne.sk\/eshop\/kategoria\/jedalenske-stoly\/\">www.ikuchyne.sk\/eshop<\/a><br \/>\nV pr\u00edpade z\u00e1ujmu o n\u00e1bytok na mieru n\u00e1s kontaktuje na <a href=\"http:\/\/www.ikuchyne.sk\">www.ikuchyne.sk<\/a><\/p>\n","protected":false},"excerpt":{"rendered":"<p>Mas\u00edvny jed\u00e1lensk\u00fd st\u00f4l Iron Craft 160 cm \u00bb V\u0161eobecn\u00fd popis: Mas\u00edvny jed\u00e1lensk\u00fd st\u00f4l Iron Craft 160 cm je v\u010faka robustnej stolovej doske z mangov\u00e9ho dreva obzvl\u00e1\u0161\u0165 v\u00fdrazn\u00fd. S cie\u013eom doda\u0165<\/p>\n","protected":false},"featured_media":131653,"comment_status":"closed","ping_status":"closed","template":"","meta":[],"product_cat":[772,287,591,298,855,847,846,849,845],"product_tag":[261],"yoast_head":"<!-- This site is optimized with the Yoast SEO plugin v22.1 - https:\/\/yoast.com\/wordpress\/plugins\/seo\/ -->\n<title>Mas\u00edvny jed\u00e1lensk\u00fd st\u00f4l Iron Craft 160 cm \u00bb &#187; iKuchyne iSHOP s n\u00e1bytkom<\/title>\n<meta name=\"description\" content=\"Mas\u00edvny jed\u00e1lensk\u00fd st\u00f4l Iron Craft 160 cm \u00bb - r\u00fdchle dodanie, poradenstvo, n\u00e1bytok skladom. Dominanta va\u0161ej dom\u00e1cnosti v\u010faka ikuchyne.sk\" \/>\n<meta name=\"robots\" content=\"index, follow, max-snippet:-1, max-image-preview:large, max-video-preview:-1\" \/>\n<link rel=\"canonical\" href=\"https:\/\/www.ikuchyne.sk\/eshop\/produkt\/masivny-jedalensky-stol-iron-craft-160-cm\/\" \/>\n<meta property=\"og:locale\" content=\"sk_SK\" \/>\n<meta property=\"og:type\" content=\"article\" \/>\n<meta property=\"og:title\" content=\"Mas\u00edvny jed\u00e1lensk\u00fd st\u00f4l Iron Craft 160 cm \u00bb &#187; iKuchyne iSHOP s n\u00e1bytkom\" \/>\n<meta property=\"og:description\" content=\"Mas\u00edvny jed\u00e1lensk\u00fd st\u00f4l Iron Craft 160 cm \u00bb - r\u00fdchle dodanie, poradenstvo, n\u00e1bytok skladom. Dominanta va\u0161ej dom\u00e1cnosti v\u010faka ikuchyne.sk\" \/>\n<meta property=\"og:url\" content=\"https:\/\/www.ikuchyne.sk\/eshop\/produkt\/masivny-jedalensky-stol-iron-craft-160-cm\/\" \/>\n<meta property=\"og:site_name\" content=\"iKuchyne iSHOP s n\u00e1bytkom\" \/>\n<meta property=\"article:publisher\" content=\"https:\/\/www.facebook.com\/ikuchyne\/\" \/>\n<meta property=\"article:modified_time\" content=\"2023-12-18T10:46:55+00:00\" \/>\n<meta property=\"og:image\" content=\"https:\/\/www.ikuchyne.sk\/eshop\/wp-content\/uploads\/2020\/08\/Jed\u00e1lensk\u00fd-st\u00f4l-Iron-Craft-160cm-Mango-pr\u00edrodn\u00e1-70mm-40012.jpg\" \/>\n\t<meta property=\"og:image:width\" content=\"800\" \/>\n\t<meta property=\"og:image:height\" content=\"533\" \/>\n\t<meta property=\"og:image:type\" content=\"image\/jpeg\" \/>\n<meta name=\"twitter:card\" content=\"summary_large_image\" \/>\n<meta name=\"twitter:label1\" content=\"Predpokladan\u00fd \u010das \u010d\u00edtania\" \/>\n\t<meta name=\"twitter:data1\" content=\"2 min\u00faty\" \/>\n<script type=\"application\/ld+json\" class=\"yoast-schema-graph\">{\"@context\":\"https:\/\/schema.org\",\"@graph\":[{\"@type\":\"WebPage\",\"@id\":\"https:\/\/www.ikuchyne.sk\/eshop\/produkt\/masivny-jedalensky-stol-iron-craft-160-cm\/\",\"url\":\"https:\/\/www.ikuchyne.sk\/eshop\/produkt\/masivny-jedalensky-stol-iron-craft-160-cm\/\",\"name\":\"Mas\u00edvny jed\u00e1lensk\u00fd st\u00f4l Iron Craft 160 cm \u00bb &#187; iKuchyne iSHOP s n\u00e1bytkom\",\"isPartOf\":{\"@id\":\"https:\/\/www.ikuchyne.sk\/eshop\/#website\"},\"datePublished\":\"2020-08-06T23:32:56+00:00\",\"dateModified\":\"2023-12-18T10:46:55+00:00\",\"description\":\"Mas\u00edvny jed\u00e1lensk\u00fd st\u00f4l Iron Craft 160 cm \u00bb - r\u00fdchle dodanie, poradenstvo, n\u00e1bytok skladom. Dominanta va\u0161ej dom\u00e1cnosti v\u010faka ikuchyne.sk\",\"breadcrumb\":{\"@id\":\"https:\/\/www.ikuchyne.sk\/eshop\/produkt\/masivny-jedalensky-stol-iron-craft-160-cm\/#breadcrumb\"},\"inLanguage\":\"sk-SK\",\"potentialAction\":[{\"@type\":\"ReadAction\",\"target\":[\"https:\/\/www.ikuchyne.sk\/eshop\/produkt\/masivny-jedalensky-stol-iron-craft-160-cm\/\"]}]},{\"@type\":\"BreadcrumbList\",\"@id\":\"https:\/\/www.ikuchyne.sk\/eshop\/produkt\/masivny-jedalensky-stol-iron-craft-160-cm\/#breadcrumb\",\"itemListElement\":[{\"@type\":\"ListItem\",\"position\":1,\"name\":\"Home\",\"item\":\"https:\/\/www.ikuchyne.sk\/eshop\/\"},{\"@type\":\"ListItem\",\"position\":2,\"name\":\"Obchod\",\"item\":\"https:\/\/www.ikuchyne.sk\/eshop\/obchod\/\"},{\"@type\":\"ListItem\",\"position\":3,\"name\":\"Mas\u00edvny jed\u00e1lensk\u00fd st\u00f4l Iron Craft 160 cm \u00bb\"}]},{\"@type\":\"WebSite\",\"@id\":\"https:\/\/www.ikuchyne.sk\/eshop\/#website\",\"url\":\"https:\/\/www.ikuchyne.sk\/eshop\/\",\"name\":\"iKuchyne iSHOP s n\u00e1bytkom\",\"description\":\"Jed\u00e1lensk\u00e9 stoly, stoli\u010dky, n\u00e1bytok, svietidl\u00e1...\",\"publisher\":{\"@id\":\"https:\/\/www.ikuchyne.sk\/eshop\/#organization\"},\"potentialAction\":[{\"@type\":\"SearchAction\",\"target\":{\"@type\":\"EntryPoint\",\"urlTemplate\":\"https:\/\/www.ikuchyne.sk\/eshop\/?s={search_term_string}\"},\"query-input\":\"required name=search_term_string\"}],\"inLanguage\":\"sk-SK\"},{\"@type\":\"Organization\",\"@id\":\"https:\/\/www.ikuchyne.sk\/eshop\/#organization\",\"name\":\"ikuchyne!\",\"url\":\"https:\/\/www.ikuchyne.sk\/eshop\/\",\"logo\":{\"@type\":\"ImageObject\",\"inLanguage\":\"sk-SK\",\"@id\":\"https:\/\/www.ikuchyne.sk\/eshop\/#\/schema\/logo\/image\/\",\"url\":\"https:\/\/www.ikuchyne.sk\/eshop\/wp-content\/uploads\/2017\/04\/ikuchyne-logo.jpg\",\"contentUrl\":\"https:\/\/www.ikuchyne.sk\/eshop\/wp-content\/uploads\/2017\/04\/ikuchyne-logo.jpg\",\"width\":200,\"height\":48,\"caption\":\"ikuchyne!\"},\"image\":{\"@id\":\"https:\/\/www.ikuchyne.sk\/eshop\/#\/schema\/logo\/image\/\"},\"sameAs\":[\"https:\/\/www.facebook.com\/ikuchyne\/\",\"https:\/\/www.instagram.com\/ikuchyne.sk\/\",\"https:\/\/sk.pinterest.com\/ikuchynesk\/\"]}]}<\/script>\n<!-- \/ Yoast SEO plugin. -->","yoast_head_json":{"title":"Mas\u00edvny jed\u00e1lensk\u00fd st\u00f4l Iron Craft 160 cm \u00bb &#187; iKuchyne iSHOP s n\u00e1bytkom","description":"Mas\u00edvny jed\u00e1lensk\u00fd st\u00f4l Iron Craft 160 cm \u00bb - r\u00fdchle dodanie, poradenstvo, n\u00e1bytok skladom. Dominanta va\u0161ej dom\u00e1cnosti v\u010faka ikuchyne.sk","robots":{"index":"index","follow":"follow","max-snippet":"max-snippet:-1","max-image-preview":"max-image-preview:large","max-video-preview":"max-video-preview:-1"},"canonical":"https:\/\/www.ikuchyne.sk\/eshop\/produkt\/masivny-jedalensky-stol-iron-craft-160-cm\/","og_locale":"sk_SK","og_type":"article","og_title":"Mas\u00edvny jed\u00e1lensk\u00fd st\u00f4l Iron Craft 160 cm \u00bb &#187; iKuchyne iSHOP s n\u00e1bytkom","og_description":"Mas\u00edvny jed\u00e1lensk\u00fd st\u00f4l Iron Craft 160 cm \u00bb - r\u00fdchle dodanie, poradenstvo, n\u00e1bytok skladom. Dominanta va\u0161ej dom\u00e1cnosti v\u010faka ikuchyne.sk","og_url":"https:\/\/www.ikuchyne.sk\/eshop\/produkt\/masivny-jedalensky-stol-iron-craft-160-cm\/","og_site_name":"iKuchyne iSHOP s n\u00e1bytkom","article_publisher":"https:\/\/www.facebook.com\/ikuchyne\/","article_modified_time":"2023-12-18T10:46:55+00:00","og_image":[{"width":800,"height":533,"url":"https:\/\/www.ikuchyne.sk\/eshop\/wp-content\/uploads\/2020\/08\/Jed\u00e1lensk\u00fd-st\u00f4l-Iron-Craft-160cm-Mango-pr\u00edrodn\u00e1-70mm-40012.jpg","type":"image\/jpeg"}],"twitter_card":"summary_large_image","twitter_misc":{"Predpokladan\u00fd \u010das \u010d\u00edtania":"2 min\u00faty"},"schema":{"@context":"https:\/\/schema.org","@graph":[{"@type":"WebPage","@id":"https:\/\/www.ikuchyne.sk\/eshop\/produkt\/masivny-jedalensky-stol-iron-craft-160-cm\/","url":"https:\/\/www.ikuchyne.sk\/eshop\/produkt\/masivny-jedalensky-stol-iron-craft-160-cm\/","name":"Mas\u00edvny jed\u00e1lensk\u00fd st\u00f4l Iron Craft 160 cm \u00bb &#187; iKuchyne iSHOP s n\u00e1bytkom","isPartOf":{"@id":"https:\/\/www.ikuchyne.sk\/eshop\/#website"},"datePublished":"2020-08-06T23:32:56+00:00","dateModified":"2023-12-18T10:46:55+00:00","description":"Mas\u00edvny jed\u00e1lensk\u00fd st\u00f4l Iron Craft 160 cm \u00bb - r\u00fdchle dodanie, poradenstvo, n\u00e1bytok skladom. Dominanta va\u0161ej dom\u00e1cnosti v\u010faka ikuchyne.sk","breadcrumb":{"@id":"https:\/\/www.ikuchyne.sk\/eshop\/produkt\/masivny-jedalensky-stol-iron-craft-160-cm\/#breadcrumb"},"inLanguage":"sk-SK","potentialAction":[{"@type":"ReadAction","target":["https:\/\/www.ikuchyne.sk\/eshop\/produkt\/masivny-jedalensky-stol-iron-craft-160-cm\/"]}]},{"@type":"BreadcrumbList","@id":"https:\/\/www.ikuchyne.sk\/eshop\/produkt\/masivny-jedalensky-stol-iron-craft-160-cm\/#breadcrumb","itemListElement":[{"@type":"ListItem","position":1,"name":"Home","item":"https:\/\/www.ikuchyne.sk\/eshop\/"},{"@type":"ListItem","position":2,"name":"Obchod","item":"https:\/\/www.ikuchyne.sk\/eshop\/obchod\/"},{"@type":"ListItem","position":3,"name":"Mas\u00edvny jed\u00e1lensk\u00fd st\u00f4l Iron Craft 160 cm \u00bb"}]},{"@type":"WebSite","@id":"https:\/\/www.ikuchyne.sk\/eshop\/#website","url":"https:\/\/www.ikuchyne.sk\/eshop\/","name":"iKuchyne iSHOP s n\u00e1bytkom","description":"Jed\u00e1lensk\u00e9 stoly, stoli\u010dky, n\u00e1bytok, svietidl\u00e1...","publisher":{"@id":"https:\/\/www.ikuchyne.sk\/eshop\/#organization"},"potentialAction":[{"@type":"SearchAction","target":{"@type":"EntryPoint","urlTemplate":"https:\/\/www.ikuchyne.sk\/eshop\/?s={search_term_string}"},"query-input":"required name=search_term_string"}],"inLanguage":"sk-SK"},{"@type":"Organization","@id":"https:\/\/www.ikuchyne.sk\/eshop\/#organization","name":"ikuchyne!","url":"https:\/\/www.ikuchyne.sk\/eshop\/","logo":{"@type":"ImageObject","inLanguage":"sk-SK","@id":"https:\/\/www.ikuchyne.sk\/eshop\/#\/schema\/logo\/image\/","url":"https:\/\/www.ikuchyne.sk\/eshop\/wp-content\/uploads\/2017\/04\/ikuchyne-logo.jpg","contentUrl":"https:\/\/www.ikuchyne.sk\/eshop\/wp-content\/uploads\/2017\/04\/ikuchyne-logo.jpg","width":200,"height":48,"caption":"ikuchyne!"},"image":{"@id":"https:\/\/www.ikuchyne.sk\/eshop\/#\/schema\/logo\/image\/"},"sameAs":["https:\/\/www.facebook.com\/ikuchyne\/","https:\/\/www.instagram.com\/ikuchyne.sk\/","https:\/\/sk.pinterest.com\/ikuchynesk\/"]}]}},"_links":{"self":[{"href":"https:\/\/www.ikuchyne.sk\/eshop\/wp-json\/wp\/v2\/product\/131652"}],"collection":[{"href":"https:\/\/www.ikuchyne.sk\/eshop\/wp-json\/wp\/v2\/product"}],"about":[{"href":"https:\/\/www.ikuchyne.sk\/eshop\/wp-json\/wp\/v2\/types\/product"}],"replies":[{"embeddable":true,"href":"https:\/\/www.ikuchyne.sk\/eshop\/wp-json\/wp\/v2\/comments?post=131652"}],"wp:featuredmedia":[{"embeddable":true,"href":"https:\/\/www.ikuchyne.sk\/eshop\/wp-json\/wp\/v2\/media\/131653"}],"wp:attachment":[{"href":"https:\/\/www.ikuchyne.sk\/eshop\/wp-json\/wp\/v2\/media?parent=131652"}],"wp:term":[{"taxonomy":"product_cat","embeddable":true,"href":"https:\/\/www.ikuchyne.sk\/eshop\/wp-json\/wp\/v2\/product_cat?post=131652"},{"taxonomy":"product_tag","embeddable":true,"href":"https:\/\/www.ikuchyne.sk\/eshop\/wp-json\/wp\/v2\/product_tag?post=131652"}],"curies":[{"name":"wp","href":"https:\/\/api.w.org\/{rel}","templated":true}]}}