{"id":131689,"date":"2021-03-24T17:11:03","date_gmt":"2021-03-24T16:11:03","guid":{"rendered":"https:\/\/www.ikuchyne.sk\/eshop\/?post_type=product&#038;p=131689"},"modified":"2021-03-24T17:24:35","modified_gmt":"2021-03-24T16:24:35","slug":"sofa-chesterfield-ii-2-miestna-150-cm-siva-antik","status":"publish","type":"product","link":"https:\/\/www.ikuchyne.sk\/eshop\/produkt\/sofa-chesterfield-ii-2-miestna-150-cm-siva-antik\/","title":{"rendered":"Sofa Chesterfield II 2-miestna 150 cm siv\u00e1 antik \u00bb"},"content":{"rendered":"<h1>Sofa Chesterfield II 2-miestna 150 cm siv\u00e1 antik \u00bb<\/h1>\n<h4><strong>V\u0161eobecn\u00fd popis:<\/strong><\/h4>\n<p>Elegantn\u00e1 sofa Chesterfield II 2-miestna 150 cm siv\u00e1 antik v klasickom dizajne Chesterfield. Obzvl\u00e1\u0161\u0165 pohodln\u00e9 \u010dal\u00fanenie s pru\u017einov\u00fdm jadrom pre pohodln\u00e9 sedenie s typick\u00fdm pre\u0161\u00edvan\u00edm gomb\u00edkov a elegantn\u00fdmi nitmi. Vneste do svojho domova noblesn\u00fd a nad\u010dasov\u00fd anglick\u00fd \u0161t\u00fdl!<\/p>\n<p>T\u00e1to klasick\u00e1 sofa Chesterfield II 2-miestna 150 cm siv\u00e1 antik v\u00e1s in\u0161piruje! Je pokryt\u00e1 vysoko kvalitn\u00fdm mikrovl\u00e1knom. Zakriven\u00e9 podr\u00fa\u010dky, pre\u0161\u00edvanie gomb\u00edkov a nity s\u00fa typick\u00e9 pre dizajn modelu Chesterfield. V\u010faka vysoko kvalitn\u00e9mu \u010dal\u00faneniu v\u00e1s t\u00e1to pohovka poz\u00fdva na komfortn\u00fd oddych. Je to dizajnov\u00fd vrchol vo va\u0161ej dom\u00e1cnosti, ktor\u00fd je vhodn\u00fd pre milovn\u00edkov anglick\u00e9ho \u0161t\u00fdlu!<\/p>\n<p>Charakteristikou n\u00e1bytku tohto dizajnu je jeho nad\u010dasovos\u0165. T\u00fdmto gau\u010dom pod\u010diarknete svoj zmysel pre estetiku a vkus! Bez oh\u013eadu na to, \u010di ide o prav\u00fa ko\u017eu alebo kvalitn\u00fa ko\u017eenku &#8211; v\u010faka kvalitn\u00fdm materi\u00e1lom s\u00fa k\u00fasky n\u00e1bytku nad\u010dasov\u00e9, nikdy v\u00e1s neunav\u00ed pozera\u0165 sa na ne. Vytvorte teda expres\u00edvne \u017eivotn\u00e9 prostredie doplnen\u00e9 o zladen\u00fa rohov\u00fa pohovku, 3-miestnu sofu \u010di taburet zo s\u00e9rie Chesterfield.<\/p>\n<h4>Chesterfield dizajn:<\/h4>\n<p>Sofa Chesterfield je zrete\u013ene rozpoznate\u013en\u00fd dizajn n\u00e1bytku &#8211; vysok\u00e9 ramen\u00e1 a \u010dal\u00fanenie, ktor\u00fd existuje u\u017e takmer 300 rokov. Tento \u0161t\u00fdl v\u00e4\u010d\u0161inu svojho \u017eivota str\u00e1vil v drevom oblo\u017een\u00fdch sten\u00e1ch anglick\u00fdch d\u017eentlmensk\u00fdch klubov, aristokratick\u00fdch domov a kamenn\u00fdch obchodov (fan\u00fa\u0161ikovia boli kr\u00e1\u013eovn\u00e1 Vikt\u00f3ria aj Sigmund Freud), ale Chesterfield sa stal vyh\u013ead\u00e1vanej\u0161\u00edm \u0161t\u00fdlom pre n\u00e1bytok a je prisp\u00f4sobovan\u00fd pre modernej\u0161ie priestory za posledn\u00fdch nieko\u013eko desa\u0165ro\u010d\u00ed. Rozhodne sa Chesterfield dizajn nestrat\u00ed ani v tomto storo\u010d\u00ed. Vhodn\u00fdmi bytov\u00fdmi doplnkami dok\u00e1\u017eete Chesterfield dizajn ve\u013emi pekne zakomponova\u0165 a nadizajnova\u0165 aj do va\u0161ej dom\u00e1cnosti \u010di sal\u00f3nu. V\u010faka svojmu v\u00fdrazn\u00e9mu a charakteristick\u00e9mu dizajnu bude dominantou ka\u017edej miestnosti. Na\u0161i pracovn\u00edci v\u00e1m ochotne poradia a vyber\u00fa vhodn\u00e9 doplnky k pohovke.<\/p>\n<p><b>Rozm<\/b><strong>ery (cca):<\/strong><br \/>\n150cm x 72cm x 88cm<\/p>\n<p><strong>Farba:<\/strong> siv\u00e1 antik<br \/>\n<strong>Materi\u00e1l:<\/strong> mikrovl\u00e1kno, 100% polyester<br \/>\nNohy: mas\u00edvne drevo<\/p>\n<h4>Dopl\u0148uj\u00face inform\u00e1cie:<\/h4>\n<p>Uveden\u00e9 rozmery \u010dal\u00fanen\u00e9ho n\u00e1bytku (pohovky, rohy, postele) s\u00fa pribli\u017en\u00e9 rozmery, ktor\u00e9 sa m\u00f4\u017eu mierne l\u00ed\u0161i\u0165 od skuto\u010dn\u00fdch (tolerancia rozmerov: +\/- 3 cm). Pr\u00edpadn\u00e9 rozdiely m\u00f4\u017eu by\u0165 sp\u00f4soben\u00e9 r\u00f4znymi typmi po\u0165ahov\u00fdch a v\u00fdpl\u0148ov\u00fdch materi\u00e1lov &#8211; to plat\u00ed najm\u00e4 pre v\u00fdrobky dostupn\u00e9 v nieko\u013ek\u00fdch farebn\u00fdch variantoch.<\/p>\n<p>Dodato\u010dn\u00e9 inform\u00e1cie:<\/p>\n<p>V pr\u00edpade z\u00e1ujmu o in\u00e9 seda\u010dky, pohovky \u010di le\u0148o\u0161ky, nav\u0161t\u00edvte sekciu sedenie na <a href=\"https:\/\/www.ikuchyne.sk\/eshop\/kategoria\/sedenie\/\">www.ikuchyne.sk\/eshop<\/a><br \/>\nV pr\u00edpade z\u00e1ujmu o n\u00e1bytok na mieru n\u00e1s kontaktuje na <a href=\"http:\/\/www.ikuchyne.sk\">www.ikuchyne.sk<\/a><\/p>\n","protected":false},"excerpt":{"rendered":"<p>Sofa Chesterfield II 2-miestna 150 cm siv\u00e1 antik \u00bb V\u0161eobecn\u00fd popis: Elegantn\u00e1 sofa Chesterfield II 2-miestna 150 cm siv\u00e1 antik v klasickom dizajne Chesterfield. Obzvl\u00e1\u0161\u0165 pohodln\u00e9 \u010dal\u00fanenie s pru\u017einov\u00fdm jadrom<\/p>\n","protected":false},"featured_media":131690,"comment_status":"closed","ping_status":"closed","template":"","meta":[],"product_cat":[936,772,602,601,600,935],"product_tag":[2856,204],"yoast_head":"<!-- This site is optimized with the Yoast SEO plugin v22.1 - https:\/\/yoast.com\/wordpress\/plugins\/seo\/ -->\n<title>Sofa Chesterfield II 2-miestna 150 cm &#187; iKuchyne iSHOP s n\u00e1bytkom<\/title>\n<meta name=\"description\" content=\"Sofa Chesterfield II 2-miestna 150 cm siv\u00e1 antik \u00bb - r\u00fdchle dodanie, poradenstvo, n\u00e1bytok skladom v Bratislave s ikuchyne.sk - kuchyne na mieru.\" \/>\n<meta name=\"robots\" content=\"index, follow, max-snippet:-1, max-image-preview:large, max-video-preview:-1\" \/>\n<link rel=\"canonical\" href=\"https:\/\/www.ikuchyne.sk\/eshop\/produkt\/sofa-chesterfield-ii-2-miestna-150-cm-siva-antik\/\" \/>\n<meta property=\"og:locale\" content=\"sk_SK\" \/>\n<meta property=\"og:type\" content=\"article\" \/>\n<meta property=\"og:title\" content=\"Sofa Chesterfield II 2-miestna 150 cm &#187; iKuchyne iSHOP s n\u00e1bytkom\" \/>\n<meta property=\"og:description\" content=\"Sofa Chesterfield II 2-miestna 150 cm siv\u00e1 antik \u00bb - r\u00fdchle dodanie, poradenstvo, n\u00e1bytok skladom v Bratislave s ikuchyne.sk - kuchyne na mieru.\" \/>\n<meta property=\"og:url\" content=\"https:\/\/www.ikuchyne.sk\/eshop\/produkt\/sofa-chesterfield-ii-2-miestna-150-cm-siva-antik\/\" \/>\n<meta property=\"og:site_name\" content=\"iKuchyne iSHOP s n\u00e1bytkom\" \/>\n<meta property=\"article:publisher\" content=\"https:\/\/www.facebook.com\/ikuchyne\/\" \/>\n<meta property=\"article:modified_time\" content=\"2021-03-24T16:24:35+00:00\" \/>\n<meta property=\"og:image\" content=\"https:\/\/www.ikuchyne.sk\/eshop\/wp-content\/uploads\/2020\/08\/Sofa-Chesterfield-II-dvoj\u00e1k-150cm-siv\u00e1-antik-40518.jpg\" \/>\n\t<meta property=\"og:image:width\" content=\"800\" \/>\n\t<meta property=\"og:image:height\" content=\"533\" \/>\n\t<meta property=\"og:image:type\" content=\"image\/jpeg\" \/>\n<meta name=\"twitter:card\" content=\"summary_large_image\" \/>\n<meta name=\"twitter:label1\" content=\"Predpokladan\u00fd \u010das \u010d\u00edtania\" \/>\n\t<meta name=\"twitter:data1\" content=\"2 min\u00faty\" \/>\n<script type=\"application\/ld+json\" class=\"yoast-schema-graph\">{\"@context\":\"https:\/\/schema.org\",\"@graph\":[{\"@type\":\"WebPage\",\"@id\":\"https:\/\/www.ikuchyne.sk\/eshop\/produkt\/sofa-chesterfield-ii-2-miestna-150-cm-siva-antik\/\",\"url\":\"https:\/\/www.ikuchyne.sk\/eshop\/produkt\/sofa-chesterfield-ii-2-miestna-150-cm-siva-antik\/\",\"name\":\"Sofa Chesterfield II 2-miestna 150 cm &#187; iKuchyne iSHOP s n\u00e1bytkom\",\"isPartOf\":{\"@id\":\"https:\/\/www.ikuchyne.sk\/eshop\/#website\"},\"datePublished\":\"2021-03-24T16:11:03+00:00\",\"dateModified\":\"2021-03-24T16:24:35+00:00\",\"description\":\"Sofa Chesterfield II 2-miestna 150 cm siv\u00e1 antik \u00bb - r\u00fdchle dodanie, poradenstvo, n\u00e1bytok skladom v Bratislave s ikuchyne.sk - kuchyne na mieru.\",\"breadcrumb\":{\"@id\":\"https:\/\/www.ikuchyne.sk\/eshop\/produkt\/sofa-chesterfield-ii-2-miestna-150-cm-siva-antik\/#breadcrumb\"},\"inLanguage\":\"sk-SK\",\"potentialAction\":[{\"@type\":\"ReadAction\",\"target\":[\"https:\/\/www.ikuchyne.sk\/eshop\/produkt\/sofa-chesterfield-ii-2-miestna-150-cm-siva-antik\/\"]}]},{\"@type\":\"BreadcrumbList\",\"@id\":\"https:\/\/www.ikuchyne.sk\/eshop\/produkt\/sofa-chesterfield-ii-2-miestna-150-cm-siva-antik\/#breadcrumb\",\"itemListElement\":[{\"@type\":\"ListItem\",\"position\":1,\"name\":\"Home\",\"item\":\"https:\/\/www.ikuchyne.sk\/eshop\/\"},{\"@type\":\"ListItem\",\"position\":2,\"name\":\"Obchod\",\"item\":\"https:\/\/www.ikuchyne.sk\/eshop\/obchod\/\"},{\"@type\":\"ListItem\",\"position\":3,\"name\":\"Sofa Chesterfield II 2-miestna 150 cm siv\u00e1 antik \u00bb\"}]},{\"@type\":\"WebSite\",\"@id\":\"https:\/\/www.ikuchyne.sk\/eshop\/#website\",\"url\":\"https:\/\/www.ikuchyne.sk\/eshop\/\",\"name\":\"iKuchyne iSHOP s n\u00e1bytkom\",\"description\":\"Jed\u00e1lensk\u00e9 stoly, stoli\u010dky, n\u00e1bytok, svietidl\u00e1...\",\"publisher\":{\"@id\":\"https:\/\/www.ikuchyne.sk\/eshop\/#organization\"},\"potentialAction\":[{\"@type\":\"SearchAction\",\"target\":{\"@type\":\"EntryPoint\",\"urlTemplate\":\"https:\/\/www.ikuchyne.sk\/eshop\/?s={search_term_string}\"},\"query-input\":\"required name=search_term_string\"}],\"inLanguage\":\"sk-SK\"},{\"@type\":\"Organization\",\"@id\":\"https:\/\/www.ikuchyne.sk\/eshop\/#organization\",\"name\":\"ikuchyne!\",\"url\":\"https:\/\/www.ikuchyne.sk\/eshop\/\",\"logo\":{\"@type\":\"ImageObject\",\"inLanguage\":\"sk-SK\",\"@id\":\"https:\/\/www.ikuchyne.sk\/eshop\/#\/schema\/logo\/image\/\",\"url\":\"https:\/\/www.ikuchyne.sk\/eshop\/wp-content\/uploads\/2017\/04\/ikuchyne-logo.jpg\",\"contentUrl\":\"https:\/\/www.ikuchyne.sk\/eshop\/wp-content\/uploads\/2017\/04\/ikuchyne-logo.jpg\",\"width\":200,\"height\":48,\"caption\":\"ikuchyne!\"},\"image\":{\"@id\":\"https:\/\/www.ikuchyne.sk\/eshop\/#\/schema\/logo\/image\/\"},\"sameAs\":[\"https:\/\/www.facebook.com\/ikuchyne\/\",\"https:\/\/www.instagram.com\/ikuchyne.sk\/\",\"https:\/\/sk.pinterest.com\/ikuchynesk\/\"]}]}<\/script>\n<!-- \/ Yoast SEO plugin. -->","yoast_head_json":{"title":"Sofa Chesterfield II 2-miestna 150 cm &#187; iKuchyne iSHOP s n\u00e1bytkom","description":"Sofa Chesterfield II 2-miestna 150 cm siv\u00e1 antik \u00bb - r\u00fdchle dodanie, poradenstvo, n\u00e1bytok skladom v Bratislave s ikuchyne.sk - kuchyne na mieru.","robots":{"index":"index","follow":"follow","max-snippet":"max-snippet:-1","max-image-preview":"max-image-preview:large","max-video-preview":"max-video-preview:-1"},"canonical":"https:\/\/www.ikuchyne.sk\/eshop\/produkt\/sofa-chesterfield-ii-2-miestna-150-cm-siva-antik\/","og_locale":"sk_SK","og_type":"article","og_title":"Sofa Chesterfield II 2-miestna 150 cm &#187; iKuchyne iSHOP s n\u00e1bytkom","og_description":"Sofa Chesterfield II 2-miestna 150 cm siv\u00e1 antik \u00bb - r\u00fdchle dodanie, poradenstvo, n\u00e1bytok skladom v Bratislave s ikuchyne.sk - kuchyne na mieru.","og_url":"https:\/\/www.ikuchyne.sk\/eshop\/produkt\/sofa-chesterfield-ii-2-miestna-150-cm-siva-antik\/","og_site_name":"iKuchyne iSHOP s n\u00e1bytkom","article_publisher":"https:\/\/www.facebook.com\/ikuchyne\/","article_modified_time":"2021-03-24T16:24:35+00:00","og_image":[{"width":800,"height":533,"url":"https:\/\/www.ikuchyne.sk\/eshop\/wp-content\/uploads\/2020\/08\/Sofa-Chesterfield-II-dvoj\u00e1k-150cm-siv\u00e1-antik-40518.jpg","type":"image\/jpeg"}],"twitter_card":"summary_large_image","twitter_misc":{"Predpokladan\u00fd \u010das \u010d\u00edtania":"2 min\u00faty"},"schema":{"@context":"https:\/\/schema.org","@graph":[{"@type":"WebPage","@id":"https:\/\/www.ikuchyne.sk\/eshop\/produkt\/sofa-chesterfield-ii-2-miestna-150-cm-siva-antik\/","url":"https:\/\/www.ikuchyne.sk\/eshop\/produkt\/sofa-chesterfield-ii-2-miestna-150-cm-siva-antik\/","name":"Sofa Chesterfield II 2-miestna 150 cm &#187; iKuchyne iSHOP s n\u00e1bytkom","isPartOf":{"@id":"https:\/\/www.ikuchyne.sk\/eshop\/#website"},"datePublished":"2021-03-24T16:11:03+00:00","dateModified":"2021-03-24T16:24:35+00:00","description":"Sofa Chesterfield II 2-miestna 150 cm siv\u00e1 antik \u00bb - r\u00fdchle dodanie, poradenstvo, n\u00e1bytok skladom v Bratislave s ikuchyne.sk - kuchyne na mieru.","breadcrumb":{"@id":"https:\/\/www.ikuchyne.sk\/eshop\/produkt\/sofa-chesterfield-ii-2-miestna-150-cm-siva-antik\/#breadcrumb"},"inLanguage":"sk-SK","potentialAction":[{"@type":"ReadAction","target":["https:\/\/www.ikuchyne.sk\/eshop\/produkt\/sofa-chesterfield-ii-2-miestna-150-cm-siva-antik\/"]}]},{"@type":"BreadcrumbList","@id":"https:\/\/www.ikuchyne.sk\/eshop\/produkt\/sofa-chesterfield-ii-2-miestna-150-cm-siva-antik\/#breadcrumb","itemListElement":[{"@type":"ListItem","position":1,"name":"Home","item":"https:\/\/www.ikuchyne.sk\/eshop\/"},{"@type":"ListItem","position":2,"name":"Obchod","item":"https:\/\/www.ikuchyne.sk\/eshop\/obchod\/"},{"@type":"ListItem","position":3,"name":"Sofa Chesterfield II 2-miestna 150 cm siv\u00e1 antik \u00bb"}]},{"@type":"WebSite","@id":"https:\/\/www.ikuchyne.sk\/eshop\/#website","url":"https:\/\/www.ikuchyne.sk\/eshop\/","name":"iKuchyne iSHOP s n\u00e1bytkom","description":"Jed\u00e1lensk\u00e9 stoly, stoli\u010dky, n\u00e1bytok, svietidl\u00e1...","publisher":{"@id":"https:\/\/www.ikuchyne.sk\/eshop\/#organization"},"potentialAction":[{"@type":"SearchAction","target":{"@type":"EntryPoint","urlTemplate":"https:\/\/www.ikuchyne.sk\/eshop\/?s={search_term_string}"},"query-input":"required name=search_term_string"}],"inLanguage":"sk-SK"},{"@type":"Organization","@id":"https:\/\/www.ikuchyne.sk\/eshop\/#organization","name":"ikuchyne!","url":"https:\/\/www.ikuchyne.sk\/eshop\/","logo":{"@type":"ImageObject","inLanguage":"sk-SK","@id":"https:\/\/www.ikuchyne.sk\/eshop\/#\/schema\/logo\/image\/","url":"https:\/\/www.ikuchyne.sk\/eshop\/wp-content\/uploads\/2017\/04\/ikuchyne-logo.jpg","contentUrl":"https:\/\/www.ikuchyne.sk\/eshop\/wp-content\/uploads\/2017\/04\/ikuchyne-logo.jpg","width":200,"height":48,"caption":"ikuchyne!"},"image":{"@id":"https:\/\/www.ikuchyne.sk\/eshop\/#\/schema\/logo\/image\/"},"sameAs":["https:\/\/www.facebook.com\/ikuchyne\/","https:\/\/www.instagram.com\/ikuchyne.sk\/","https:\/\/sk.pinterest.com\/ikuchynesk\/"]}]}},"_links":{"self":[{"href":"https:\/\/www.ikuchyne.sk\/eshop\/wp-json\/wp\/v2\/product\/131689"}],"collection":[{"href":"https:\/\/www.ikuchyne.sk\/eshop\/wp-json\/wp\/v2\/product"}],"about":[{"href":"https:\/\/www.ikuchyne.sk\/eshop\/wp-json\/wp\/v2\/types\/product"}],"replies":[{"embeddable":true,"href":"https:\/\/www.ikuchyne.sk\/eshop\/wp-json\/wp\/v2\/comments?post=131689"}],"wp:featuredmedia":[{"embeddable":true,"href":"https:\/\/www.ikuchyne.sk\/eshop\/wp-json\/wp\/v2\/media\/131690"}],"wp:attachment":[{"href":"https:\/\/www.ikuchyne.sk\/eshop\/wp-json\/wp\/v2\/media?parent=131689"}],"wp:term":[{"taxonomy":"product_cat","embeddable":true,"href":"https:\/\/www.ikuchyne.sk\/eshop\/wp-json\/wp\/v2\/product_cat?post=131689"},{"taxonomy":"product_tag","embeddable":true,"href":"https:\/\/www.ikuchyne.sk\/eshop\/wp-json\/wp\/v2\/product_tag?post=131689"}],"curies":[{"name":"wp","href":"https:\/\/api.w.org\/{rel}","templated":true}]}}