{"id":131857,"date":"2020-08-14T10:14:26","date_gmt":"2020-08-14T08:14:26","guid":{"rendered":"https:\/\/www.ikuchyne.sk\/eshop\/?post_type=product&#038;p=131857"},"modified":"2024-02-17T09:46:50","modified_gmt":"2024-02-17T08:46:50","slug":"siva-jedalenska-stolicka-paris","status":"publish","type":"product","link":"https:\/\/www.ikuchyne.sk\/eshop\/produkt\/siva-jedalenska-stolicka-paris\/","title":{"rendered":"Siv\u00e1 jed\u00e1lensk\u00e1 stoli\u010dka Paris \u00bb"},"content":{"rendered":"<h1>Siv\u00e1 jed\u00e1lensk\u00e1 stoli\u010dka Paris \u00bb<\/h1>\n<p><strong>V\u0161eobecn\u00fd popis:<\/strong><br \/>\nSiv\u00e1 jed\u00e1lensk\u00e1 stoli\u010dka je st\u00e1vkou na istotu. Ergonomicky tvarovan\u00e9 kreslo sed\u00e1ku v\u00e1m poskytne pohodlie aj pri dlhodobej\u0161om seden\u00ed. Okrem funk\u010dnosti sa pri tejto stoli\u010dke m\u00f4\u017eete spo\u013eahn\u00fa\u0165 aj na nad\u010dasov\u00fd dizajn. Sedadlo stoli\u010dky je vkusne pre\u0161\u00edvan\u00e9 a poskytuje oporu v\u010faka lak\u0165ov\u00fdm opierkam. Modern\u00fd dizajn dop\u013a\u0148a \u010dierna podno\u017e, ktor\u00e1 m\u00e1 zauj\u00edmav\u00fd detail &#8211; spodky n\u00f4h s\u00fa nafarben\u00e9 na zlato. Stoli\u010dka jednoducho zapadne do modern\u00e9ho interi\u00e9ru s \u0161t\u00fdle glamour.<\/p>\n<p><strong>Sed\u00e1k:<\/strong><br \/>\nElegantne pre\u0161\u00edvan\u00fd sed\u00e1k stoli\u010dky s vkusn\u00fdm v\u00fdklenkom je vyroben\u00fd v zamatovom \u010dal\u00fanen\u00ed a poskytne v\u00e1m relax a pohodlie.<\/p>\n<p><strong>Podno\u017e<\/strong>:<br \/>\n4 kovov\u00e9 nohy poskytuj\u00fa dostato\u010dn\u00fa stabilitu pre stoli\u010dku na akomko\u013evek povrchu. Konce n\u00f4h s\u00fa ozdoben\u00e9 zlatou farbou.<\/p>\n<p><b>Rozmery<\/b> (cca):<br \/>\n\u0160\u00edrka: 54cm<br \/>\nV\u00fd\u0161ka:\u00a081cm<br \/>\nH\u013abka: 56cm<\/p>\n<p><strong>Sedenie:<\/strong> 49cm x 45cm x 53cm (\u0160xVxH)<\/p>\n<p><b>Farba:<\/b> siv\u00e1, \u010dierna, zlat\u00e1<br \/>\n<b><\/b><\/p>\n<p><b>Materi\u00e1l:<\/b> zamat<\/p>\n","protected":false},"excerpt":{"rendered":"<p>Siv\u00e1 jed\u00e1lensk\u00e1 stoli\u010dka Paris \u00bb V\u0161eobecn\u00fd popis: Siv\u00e1 jed\u00e1lensk\u00e1 stoli\u010dka je st\u00e1vkou na istotu. Ergonomicky tvarovan\u00e9 kreslo sed\u00e1ku v\u00e1m poskytne pohodlie aj pri dlhodobej\u0161om seden\u00ed. Okrem funk\u010dnosti sa pri tejto<\/p>\n","protected":false},"featured_media":131858,"comment_status":"closed","ping_status":"closed","template":"","meta":[],"product_cat":[310,823,826,830,772,288],"product_tag":[256,257,188],"yoast_head":"<!-- This site is optimized with the Yoast SEO plugin v22.1 - https:\/\/yoast.com\/wordpress\/plugins\/seo\/ -->\n<title>Siv\u00e1 jed\u00e1lensk\u00e1 stoli\u010dka Paris \u00bb &#187; iKuchyne iSHOP s n\u00e1bytkom<\/title>\n<meta name=\"description\" content=\"K\u00fapte si u n\u00e1s Siv\u00e1 jed\u00e1lensk\u00e1 stoli\u010dka Paris \u00bb za akciov\u00fa cenu. R\u00fdchle dodanie tovaru, odborn\u00e9 poradenstvo a stovky produktov skladom. Siv\u00e1 jed\u00e1lensk\u00e1 stoli\u010dka Paris \u00bb sa stane dominantou V\u00e1\u0161ho interi\u00e9ru. Internetov\u00fd obchod ikuchyne! pon\u00faka odber Siv\u00e1 jed\u00e1lensk\u00e1 stoli\u010dka Paris \u00bb u\u017e od 1 kusu.\" \/>\n<meta name=\"robots\" content=\"index, follow, max-snippet:-1, max-image-preview:large, max-video-preview:-1\" \/>\n<link rel=\"canonical\" href=\"https:\/\/www.ikuchyne.sk\/eshop\/produkt\/siva-jedalenska-stolicka-paris\/\" \/>\n<meta property=\"og:locale\" content=\"sk_SK\" \/>\n<meta property=\"og:type\" content=\"article\" \/>\n<meta property=\"og:title\" content=\"Siv\u00e1 jed\u00e1lensk\u00e1 stoli\u010dka Paris \u00bb &#187; iKuchyne iSHOP s n\u00e1bytkom\" \/>\n<meta property=\"og:description\" content=\"K\u00fapte si u n\u00e1s Siv\u00e1 jed\u00e1lensk\u00e1 stoli\u010dka Paris \u00bb za akciov\u00fa cenu. R\u00fdchle dodanie tovaru, odborn\u00e9 poradenstvo a stovky produktov skladom. Siv\u00e1 jed\u00e1lensk\u00e1 stoli\u010dka Paris \u00bb sa stane dominantou V\u00e1\u0161ho interi\u00e9ru. Internetov\u00fd obchod ikuchyne! pon\u00faka odber Siv\u00e1 jed\u00e1lensk\u00e1 stoli\u010dka Paris \u00bb u\u017e od 1 kusu.\" \/>\n<meta property=\"og:url\" content=\"https:\/\/www.ikuchyne.sk\/eshop\/produkt\/siva-jedalenska-stolicka-paris\/\" \/>\n<meta property=\"og:site_name\" content=\"iKuchyne iSHOP s n\u00e1bytkom\" \/>\n<meta property=\"article:publisher\" content=\"https:\/\/www.facebook.com\/ikuchyne\/\" \/>\n<meta property=\"article:modified_time\" content=\"2024-02-17T08:46:50+00:00\" \/>\n<meta property=\"og:image\" content=\"https:\/\/www.ikuchyne.sk\/eshop\/wp-content\/uploads\/2020\/08\/Stoli\u010dka-Paris-zamat-siv\u00e1-40571.jpg\" \/>\n\t<meta property=\"og:image:width\" content=\"800\" \/>\n\t<meta property=\"og:image:height\" content=\"800\" \/>\n\t<meta property=\"og:image:type\" content=\"image\/jpeg\" \/>\n<meta name=\"twitter:card\" content=\"summary_large_image\" \/>\n<meta name=\"twitter:label1\" content=\"Predpokladan\u00fd \u010das \u010d\u00edtania\" \/>\n\t<meta name=\"twitter:data1\" content=\"1 min\u00fata\" \/>\n<script type=\"application\/ld+json\" class=\"yoast-schema-graph\">{\"@context\":\"https:\/\/schema.org\",\"@graph\":[{\"@type\":\"WebPage\",\"@id\":\"https:\/\/www.ikuchyne.sk\/eshop\/produkt\/siva-jedalenska-stolicka-paris\/\",\"url\":\"https:\/\/www.ikuchyne.sk\/eshop\/produkt\/siva-jedalenska-stolicka-paris\/\",\"name\":\"Siv\u00e1 jed\u00e1lensk\u00e1 stoli\u010dka Paris \u00bb &#187; iKuchyne iSHOP s n\u00e1bytkom\",\"isPartOf\":{\"@id\":\"https:\/\/www.ikuchyne.sk\/eshop\/#website\"},\"datePublished\":\"2020-08-14T08:14:26+00:00\",\"dateModified\":\"2024-02-17T08:46:50+00:00\",\"description\":\"K\u00fapte si u n\u00e1s Siv\u00e1 jed\u00e1lensk\u00e1 stoli\u010dka Paris \u00bb za akciov\u00fa cenu. R\u00fdchle dodanie tovaru, odborn\u00e9 poradenstvo a stovky produktov skladom. Siv\u00e1 jed\u00e1lensk\u00e1 stoli\u010dka Paris \u00bb sa stane dominantou V\u00e1\u0161ho interi\u00e9ru. Internetov\u00fd obchod ikuchyne! pon\u00faka odber Siv\u00e1 jed\u00e1lensk\u00e1 stoli\u010dka Paris \u00bb u\u017e od 1 kusu.\",\"breadcrumb\":{\"@id\":\"https:\/\/www.ikuchyne.sk\/eshop\/produkt\/siva-jedalenska-stolicka-paris\/#breadcrumb\"},\"inLanguage\":\"sk-SK\",\"potentialAction\":[{\"@type\":\"ReadAction\",\"target\":[\"https:\/\/www.ikuchyne.sk\/eshop\/produkt\/siva-jedalenska-stolicka-paris\/\"]}]},{\"@type\":\"BreadcrumbList\",\"@id\":\"https:\/\/www.ikuchyne.sk\/eshop\/produkt\/siva-jedalenska-stolicka-paris\/#breadcrumb\",\"itemListElement\":[{\"@type\":\"ListItem\",\"position\":1,\"name\":\"Home\",\"item\":\"https:\/\/www.ikuchyne.sk\/eshop\/\"},{\"@type\":\"ListItem\",\"position\":2,\"name\":\"Obchod\",\"item\":\"https:\/\/www.ikuchyne.sk\/eshop\/obchod\/\"},{\"@type\":\"ListItem\",\"position\":3,\"name\":\"Siv\u00e1 jed\u00e1lensk\u00e1 stoli\u010dka Paris \u00bb\"}]},{\"@type\":\"WebSite\",\"@id\":\"https:\/\/www.ikuchyne.sk\/eshop\/#website\",\"url\":\"https:\/\/www.ikuchyne.sk\/eshop\/\",\"name\":\"iKuchyne iSHOP s n\u00e1bytkom\",\"description\":\"Jed\u00e1lensk\u00e9 stoly, stoli\u010dky, n\u00e1bytok, svietidl\u00e1...\",\"publisher\":{\"@id\":\"https:\/\/www.ikuchyne.sk\/eshop\/#organization\"},\"potentialAction\":[{\"@type\":\"SearchAction\",\"target\":{\"@type\":\"EntryPoint\",\"urlTemplate\":\"https:\/\/www.ikuchyne.sk\/eshop\/?s={search_term_string}\"},\"query-input\":\"required name=search_term_string\"}],\"inLanguage\":\"sk-SK\"},{\"@type\":\"Organization\",\"@id\":\"https:\/\/www.ikuchyne.sk\/eshop\/#organization\",\"name\":\"ikuchyne!\",\"url\":\"https:\/\/www.ikuchyne.sk\/eshop\/\",\"logo\":{\"@type\":\"ImageObject\",\"inLanguage\":\"sk-SK\",\"@id\":\"https:\/\/www.ikuchyne.sk\/eshop\/#\/schema\/logo\/image\/\",\"url\":\"https:\/\/www.ikuchyne.sk\/eshop\/wp-content\/uploads\/2017\/04\/ikuchyne-logo.jpg\",\"contentUrl\":\"https:\/\/www.ikuchyne.sk\/eshop\/wp-content\/uploads\/2017\/04\/ikuchyne-logo.jpg\",\"width\":200,\"height\":48,\"caption\":\"ikuchyne!\"},\"image\":{\"@id\":\"https:\/\/www.ikuchyne.sk\/eshop\/#\/schema\/logo\/image\/\"},\"sameAs\":[\"https:\/\/www.facebook.com\/ikuchyne\/\",\"https:\/\/www.instagram.com\/ikuchyne.sk\/\",\"https:\/\/sk.pinterest.com\/ikuchynesk\/\"]}]}<\/script>\n<!-- \/ Yoast SEO plugin. -->","yoast_head_json":{"title":"Siv\u00e1 jed\u00e1lensk\u00e1 stoli\u010dka Paris \u00bb &#187; iKuchyne iSHOP s n\u00e1bytkom","description":"K\u00fapte si u n\u00e1s Siv\u00e1 jed\u00e1lensk\u00e1 stoli\u010dka Paris \u00bb za akciov\u00fa cenu. R\u00fdchle dodanie tovaru, odborn\u00e9 poradenstvo a stovky produktov skladom. Siv\u00e1 jed\u00e1lensk\u00e1 stoli\u010dka Paris \u00bb sa stane dominantou V\u00e1\u0161ho interi\u00e9ru. Internetov\u00fd obchod ikuchyne! pon\u00faka odber Siv\u00e1 jed\u00e1lensk\u00e1 stoli\u010dka Paris \u00bb u\u017e od 1 kusu.","robots":{"index":"index","follow":"follow","max-snippet":"max-snippet:-1","max-image-preview":"max-image-preview:large","max-video-preview":"max-video-preview:-1"},"canonical":"https:\/\/www.ikuchyne.sk\/eshop\/produkt\/siva-jedalenska-stolicka-paris\/","og_locale":"sk_SK","og_type":"article","og_title":"Siv\u00e1 jed\u00e1lensk\u00e1 stoli\u010dka Paris \u00bb &#187; iKuchyne iSHOP s n\u00e1bytkom","og_description":"K\u00fapte si u n\u00e1s Siv\u00e1 jed\u00e1lensk\u00e1 stoli\u010dka Paris \u00bb za akciov\u00fa cenu. R\u00fdchle dodanie tovaru, odborn\u00e9 poradenstvo a stovky produktov skladom. Siv\u00e1 jed\u00e1lensk\u00e1 stoli\u010dka Paris \u00bb sa stane dominantou V\u00e1\u0161ho interi\u00e9ru. Internetov\u00fd obchod ikuchyne! pon\u00faka odber Siv\u00e1 jed\u00e1lensk\u00e1 stoli\u010dka Paris \u00bb u\u017e od 1 kusu.","og_url":"https:\/\/www.ikuchyne.sk\/eshop\/produkt\/siva-jedalenska-stolicka-paris\/","og_site_name":"iKuchyne iSHOP s n\u00e1bytkom","article_publisher":"https:\/\/www.facebook.com\/ikuchyne\/","article_modified_time":"2024-02-17T08:46:50+00:00","og_image":[{"width":800,"height":800,"url":"https:\/\/www.ikuchyne.sk\/eshop\/wp-content\/uploads\/2020\/08\/Stoli\u010dka-Paris-zamat-siv\u00e1-40571.jpg","type":"image\/jpeg"}],"twitter_card":"summary_large_image","twitter_misc":{"Predpokladan\u00fd \u010das \u010d\u00edtania":"1 min\u00fata"},"schema":{"@context":"https:\/\/schema.org","@graph":[{"@type":"WebPage","@id":"https:\/\/www.ikuchyne.sk\/eshop\/produkt\/siva-jedalenska-stolicka-paris\/","url":"https:\/\/www.ikuchyne.sk\/eshop\/produkt\/siva-jedalenska-stolicka-paris\/","name":"Siv\u00e1 jed\u00e1lensk\u00e1 stoli\u010dka Paris \u00bb &#187; iKuchyne iSHOP s n\u00e1bytkom","isPartOf":{"@id":"https:\/\/www.ikuchyne.sk\/eshop\/#website"},"datePublished":"2020-08-14T08:14:26+00:00","dateModified":"2024-02-17T08:46:50+00:00","description":"K\u00fapte si u n\u00e1s Siv\u00e1 jed\u00e1lensk\u00e1 stoli\u010dka Paris \u00bb za akciov\u00fa cenu. R\u00fdchle dodanie tovaru, odborn\u00e9 poradenstvo a stovky produktov skladom. Siv\u00e1 jed\u00e1lensk\u00e1 stoli\u010dka Paris \u00bb sa stane dominantou V\u00e1\u0161ho interi\u00e9ru. Internetov\u00fd obchod ikuchyne! pon\u00faka odber Siv\u00e1 jed\u00e1lensk\u00e1 stoli\u010dka Paris \u00bb u\u017e od 1 kusu.","breadcrumb":{"@id":"https:\/\/www.ikuchyne.sk\/eshop\/produkt\/siva-jedalenska-stolicka-paris\/#breadcrumb"},"inLanguage":"sk-SK","potentialAction":[{"@type":"ReadAction","target":["https:\/\/www.ikuchyne.sk\/eshop\/produkt\/siva-jedalenska-stolicka-paris\/"]}]},{"@type":"BreadcrumbList","@id":"https:\/\/www.ikuchyne.sk\/eshop\/produkt\/siva-jedalenska-stolicka-paris\/#breadcrumb","itemListElement":[{"@type":"ListItem","position":1,"name":"Home","item":"https:\/\/www.ikuchyne.sk\/eshop\/"},{"@type":"ListItem","position":2,"name":"Obchod","item":"https:\/\/www.ikuchyne.sk\/eshop\/obchod\/"},{"@type":"ListItem","position":3,"name":"Siv\u00e1 jed\u00e1lensk\u00e1 stoli\u010dka Paris \u00bb"}]},{"@type":"WebSite","@id":"https:\/\/www.ikuchyne.sk\/eshop\/#website","url":"https:\/\/www.ikuchyne.sk\/eshop\/","name":"iKuchyne iSHOP s n\u00e1bytkom","description":"Jed\u00e1lensk\u00e9 stoly, stoli\u010dky, n\u00e1bytok, svietidl\u00e1...","publisher":{"@id":"https:\/\/www.ikuchyne.sk\/eshop\/#organization"},"potentialAction":[{"@type":"SearchAction","target":{"@type":"EntryPoint","urlTemplate":"https:\/\/www.ikuchyne.sk\/eshop\/?s={search_term_string}"},"query-input":"required name=search_term_string"}],"inLanguage":"sk-SK"},{"@type":"Organization","@id":"https:\/\/www.ikuchyne.sk\/eshop\/#organization","name":"ikuchyne!","url":"https:\/\/www.ikuchyne.sk\/eshop\/","logo":{"@type":"ImageObject","inLanguage":"sk-SK","@id":"https:\/\/www.ikuchyne.sk\/eshop\/#\/schema\/logo\/image\/","url":"https:\/\/www.ikuchyne.sk\/eshop\/wp-content\/uploads\/2017\/04\/ikuchyne-logo.jpg","contentUrl":"https:\/\/www.ikuchyne.sk\/eshop\/wp-content\/uploads\/2017\/04\/ikuchyne-logo.jpg","width":200,"height":48,"caption":"ikuchyne!"},"image":{"@id":"https:\/\/www.ikuchyne.sk\/eshop\/#\/schema\/logo\/image\/"},"sameAs":["https:\/\/www.facebook.com\/ikuchyne\/","https:\/\/www.instagram.com\/ikuchyne.sk\/","https:\/\/sk.pinterest.com\/ikuchynesk\/"]}]}},"_links":{"self":[{"href":"https:\/\/www.ikuchyne.sk\/eshop\/wp-json\/wp\/v2\/product\/131857"}],"collection":[{"href":"https:\/\/www.ikuchyne.sk\/eshop\/wp-json\/wp\/v2\/product"}],"about":[{"href":"https:\/\/www.ikuchyne.sk\/eshop\/wp-json\/wp\/v2\/types\/product"}],"replies":[{"embeddable":true,"href":"https:\/\/www.ikuchyne.sk\/eshop\/wp-json\/wp\/v2\/comments?post=131857"}],"wp:featuredmedia":[{"embeddable":true,"href":"https:\/\/www.ikuchyne.sk\/eshop\/wp-json\/wp\/v2\/media\/131858"}],"wp:attachment":[{"href":"https:\/\/www.ikuchyne.sk\/eshop\/wp-json\/wp\/v2\/media?parent=131857"}],"wp:term":[{"taxonomy":"product_cat","embeddable":true,"href":"https:\/\/www.ikuchyne.sk\/eshop\/wp-json\/wp\/v2\/product_cat?post=131857"},{"taxonomy":"product_tag","embeddable":true,"href":"https:\/\/www.ikuchyne.sk\/eshop\/wp-json\/wp\/v2\/product_tag?post=131857"}],"curies":[{"name":"wp","href":"https:\/\/api.w.org\/{rel}","templated":true}]}}