{"id":131863,"date":"2020-08-14T10:52:04","date_gmt":"2020-08-14T08:52:04","guid":{"rendered":"https:\/\/www.ikuchyne.sk\/eshop\/?post_type=product&#038;p=131863"},"modified":"2021-04-25T23:35:41","modified_gmt":"2021-04-25T21:35:41","slug":"svetlo-siva-jedalenska-stolicka-paris","status":"publish","type":"product","link":"https:\/\/www.ikuchyne.sk\/eshop\/produkt\/svetlo-siva-jedalenska-stolicka-paris\/","title":{"rendered":"Svetlo siv\u00e1 jed\u00e1lensk\u00e1 stoli\u010dka Paris \u00bb\u00a0"},"content":{"rendered":"<h1>Svetlo siv\u00e1 jed\u00e1lensk\u00e1 stoli\u010dka Paris \u00bb<\/h1>\n<h4><strong>V\u0161eobecn\u00fd popis:<\/strong><\/h4>\n<p>Elegantn\u00e1 svetlo siv\u00e1 jed\u00e1lensk\u00e1 stoli\u010dka Paris s vysoko kvalitn\u00fdm textiln\u00fdm po\u0165ahom. Operadlo a sedadlo boli navrhnut\u00e9 s ozdobn\u00fdm pre\u0161\u00edvan\u00edm. Zlat\u00e9 \u010diapo\u010dky poskytuj\u00fa p\u00f4vabn\u00fd \u0161mrnc. Skombinujte u\u0161\u013eachtil\u00fa stoli\u010dku pod\u013ea svojho vkusu!<\/p>\n<p>Pohodln\u00e1 stoli\u010dka Paris v elegantnom dizajne. St\u00e1le h\u013ead\u00e1te stoli\u010dky k jed\u00e1lensk\u00e9mu stolu, ktor\u00e9 by boli pohodln\u00e9 a \u0161t\u00fdlov\u00e9? Potom by mohli by\u0165 na\u0161e kresl\u00e1 zo s\u00e9rie PARIS tou pravou vo\u013ebou pre v\u00e1s. Sedacia \u010das\u0165 tejto jed\u00e1lenskej stoli\u010dky je potiahnut\u00e1 kvalitnou l\u00e1tkou a m\u00e1 ozdobn\u00e9 pre\u0161\u00edvanie, ktor\u00e9 zakr\u00fdva cel\u00e9 operadlo a sedadlo. \u010cierne chodidl\u00e1 vytv\u00e1raj\u00fa pekn\u00fd kontrast a s\u00fa ukon\u010den\u00e9 zlat\u00fdmi \u0161pi\u010dkami.<\/p>\n<p>P\u00fatav\u00fd poh\u013ead pri ka\u017edom jed\u00e1lenskom stole. \u00daspe\u0161n\u00fa kombin\u00e1ciu extravagantn\u00fdch \u0161t\u00fdlov\u00fdch prvkov a nad\u010dasov\u00e9ho dizajnu je mo\u017en\u00e9 kombinova\u0165 mnoh\u00fdmi sp\u00f4sobmi a vyzer\u00e1 skvele pri akomko\u013evek jed\u00e1lenskom stole. Stoli\u010dky vyzeraj\u00fa u v\u00e1s doma obzvl\u00e1\u0161\u0165 kr\u00e1sne, ke\u010f ich skombinujete s niektor\u00fdmi \u0161t\u00fdlov\u00fdmi zlat\u00fdmi doplnkami. V\u00fdborne sa hodia aj \u010dierne prvky &#8211; vysk\u00fa\u0161ajte lampu alebo pr\u00edborn\u00edk!<\/p>\n<p><strong>Sed\u00e1k:<\/strong><br \/>\nVykrojen\u00e1 \u010das\u0165 v opierke je to, \u010do na tejto stoli\u010dke p\u00fata t\u00fa najv\u00e4\u010d\u0161iu pozornos\u0165. Dizajnov\u00fd v\u00fdklenok dop\u013a\u0148a vkusn\u00e9 pre\u0161\u00edvanie.<\/p>\n<p><strong>Podno\u017e<\/strong>:<br \/>\nPodno\u017e stoli\u010dky tvoria 4 \u00fazke \u010dierne kovov\u00e9 nohy, ktor\u00e9 maj\u00fa zlat\u00e9 \u0161pi\u010dky.<\/p>\n<p><strong>\u010eal\u0161ie inform\u00e1cie:<br \/>\n<\/strong>\u010cal\u00fanenie stoli\u010dky je vysoko odoln\u00e9 vo\u010di po\u0161kodeniu a jednoduch\u00e9 na \u00fadr\u017ebu. Max. nosnos\u0165 120 kg. Retro \u0161t\u00fdl sa vracia a st\u00e1va sa \u010doraz viac ob\u013e\u00fabenej\u0161\u00edm \u0161t\u00fdlom v dom\u00e1cnostiach. Jeho tvary, vzory a farby s\u00fa absol\u00fatne nad\u010dasov\u00e9. Vhodn\u00e9 bytov\u00e9 doplnky pre kombinovanie interi\u00e9ru s touto jed\u00e1lenskou stoli\u010dkou n\u00e1jdete na na\u0161om e-shope v sekcii Bytov\u00e9 doplnky. Kontaktujte n\u00e1s a my v\u00e1m radi pom\u00f4\u017eeme s v\u00fdberom vhodn\u00fdch dekor\u00e1ci\u00ed do va\u0161ej dom\u00e1cnosti v akomko\u013evek \u0161t\u00fdle.<\/p>\n<p><b>Rozmery<\/b> (cca):<br \/>\n\u0160\u00edrka: 54cm<br \/>\nV\u00fd\u0161ka:\u00a081cm<br \/>\nH\u013abka: 56cm<\/p>\n<p><strong>Sedenie:<\/strong> 49cm x 45cm x 53cm (\u0160xVxH)<\/p>\n<p><b>Farba:<\/b> siv\u00e1, \u010dierna, zlat\u00e1<br \/>\n<b><\/b><\/p>\n<p><b>Materi\u00e1l:<\/b> vrecovina<\/p>\n<p>Dodato\u010dn\u00e9 inform\u00e1cie:<\/p>\n<p>V pr\u00edpade z\u00e1ujmu o jed\u00e1lensk\u00e9 stoli\u010dky, barov\u00e9 stoli\u010dky, kancel\u00e1rske stoli\u010dky a in\u00e9, nav\u0161t\u00edvte sekciu stoli\u010dky na <a href=\"https:\/\/www.ikuchyne.sk\/eshop\/kategoria\/stolicky\/\">www.ikuchyne.sk\/eshop<\/a><br \/>\nV pr\u00edpade z\u00e1ujmu o n\u00e1bytok na mieru n\u00e1s kontaktuje na <a href=\"http:\/\/www.ikuchyne.sk\">www.ikuchyne.sk<\/a><\/p>\n","protected":false},"excerpt":{"rendered":"<p>Svetlo siv\u00e1 jed\u00e1lensk\u00e1 stoli\u010dka Paris \u00bb V\u0161eobecn\u00fd popis: Elegantn\u00e1 svetlo siv\u00e1 jed\u00e1lensk\u00e1 stoli\u010dka Paris s vysoko kvalitn\u00fdm textiln\u00fdm po\u0165ahom. Operadlo a sedadlo boli navrhnut\u00e9 s ozdobn\u00fdm pre\u0161\u00edvan\u00edm. Zlat\u00e9 \u010diapo\u010dky poskytuj\u00fa<\/p>\n","protected":false},"featured_media":151106,"comment_status":"closed","ping_status":"closed","template":"","meta":[],"product_cat":[310,823,829,826,830,772,288],"product_tag":[187,349,188],"yoast_head":"<!-- This site is optimized with the Yoast SEO plugin v22.1 - https:\/\/yoast.com\/wordpress\/plugins\/seo\/ -->\n<title>Svetlo siv\u00e1 jed\u00e1lensk\u00e1 stoli\u010dka Paris \u00bb\u00a0 &#187; iKuchyne iSHOP s n\u00e1bytkom<\/title>\n<meta name=\"description\" content=\"Svetlo siv\u00e1 jed\u00e1lensk\u00e1 stoli\u010dka Paris \u00bb\u00a0 - r\u00fdchle dodanie, poradenstvo, n\u00e1bytok skladom v Bratislave s ikuchyne.sk - kuchyne na mieru.\" \/>\n<meta name=\"robots\" content=\"index, follow, max-snippet:-1, max-image-preview:large, max-video-preview:-1\" \/>\n<link rel=\"canonical\" href=\"https:\/\/www.ikuchyne.sk\/eshop\/produkt\/svetlo-siva-jedalenska-stolicka-paris\/\" \/>\n<meta property=\"og:locale\" content=\"sk_SK\" \/>\n<meta property=\"og:type\" content=\"article\" \/>\n<meta property=\"og:title\" content=\"Svetlo siv\u00e1 jed\u00e1lensk\u00e1 stoli\u010dka Paris \u00bb\u00a0 &#187; iKuchyne iSHOP s n\u00e1bytkom\" \/>\n<meta property=\"og:description\" content=\"Svetlo siv\u00e1 jed\u00e1lensk\u00e1 stoli\u010dka Paris \u00bb\u00a0 - r\u00fdchle dodanie, poradenstvo, n\u00e1bytok skladom v Bratislave s ikuchyne.sk - kuchyne na mieru.\" \/>\n<meta property=\"og:url\" content=\"https:\/\/www.ikuchyne.sk\/eshop\/produkt\/svetlo-siva-jedalenska-stolicka-paris\/\" \/>\n<meta property=\"og:site_name\" content=\"iKuchyne iSHOP s n\u00e1bytkom\" \/>\n<meta property=\"article:publisher\" content=\"https:\/\/www.facebook.com\/ikuchyne\/\" \/>\n<meta property=\"article:modified_time\" content=\"2021-04-25T21:35:41+00:00\" \/>\n<meta property=\"og:image\" content=\"https:\/\/www.ikuchyne.sk\/eshop\/wp-content\/uploads\/2020\/08\/file0038014.jpg\" \/>\n\t<meta property=\"og:image:width\" content=\"800\" \/>\n\t<meta property=\"og:image:height\" content=\"533\" \/>\n\t<meta property=\"og:image:type\" content=\"image\/jpeg\" \/>\n<meta name=\"twitter:card\" content=\"summary_large_image\" \/>\n<meta name=\"twitter:label1\" content=\"Predpokladan\u00fd \u010das \u010d\u00edtania\" \/>\n\t<meta name=\"twitter:data1\" content=\"2 min\u00faty\" \/>\n<script type=\"application\/ld+json\" class=\"yoast-schema-graph\">{\"@context\":\"https:\/\/schema.org\",\"@graph\":[{\"@type\":\"WebPage\",\"@id\":\"https:\/\/www.ikuchyne.sk\/eshop\/produkt\/svetlo-siva-jedalenska-stolicka-paris\/\",\"url\":\"https:\/\/www.ikuchyne.sk\/eshop\/produkt\/svetlo-siva-jedalenska-stolicka-paris\/\",\"name\":\"Svetlo siv\u00e1 jed\u00e1lensk\u00e1 stoli\u010dka Paris \u00bb\u00a0 &#187; iKuchyne iSHOP s n\u00e1bytkom\",\"isPartOf\":{\"@id\":\"https:\/\/www.ikuchyne.sk\/eshop\/#website\"},\"datePublished\":\"2020-08-14T08:52:04+00:00\",\"dateModified\":\"2021-04-25T21:35:41+00:00\",\"description\":\"Svetlo siv\u00e1 jed\u00e1lensk\u00e1 stoli\u010dka Paris \u00bb\u00a0 - r\u00fdchle dodanie, poradenstvo, n\u00e1bytok skladom v Bratislave s ikuchyne.sk - kuchyne na mieru.\",\"breadcrumb\":{\"@id\":\"https:\/\/www.ikuchyne.sk\/eshop\/produkt\/svetlo-siva-jedalenska-stolicka-paris\/#breadcrumb\"},\"inLanguage\":\"sk-SK\",\"potentialAction\":[{\"@type\":\"ReadAction\",\"target\":[\"https:\/\/www.ikuchyne.sk\/eshop\/produkt\/svetlo-siva-jedalenska-stolicka-paris\/\"]}]},{\"@type\":\"BreadcrumbList\",\"@id\":\"https:\/\/www.ikuchyne.sk\/eshop\/produkt\/svetlo-siva-jedalenska-stolicka-paris\/#breadcrumb\",\"itemListElement\":[{\"@type\":\"ListItem\",\"position\":1,\"name\":\"Home\",\"item\":\"https:\/\/www.ikuchyne.sk\/eshop\/\"},{\"@type\":\"ListItem\",\"position\":2,\"name\":\"Obchod\",\"item\":\"https:\/\/www.ikuchyne.sk\/eshop\/obchod\/\"},{\"@type\":\"ListItem\",\"position\":3,\"name\":\"Svetlo siv\u00e1 jed\u00e1lensk\u00e1 stoli\u010dka Paris \u00bb\u00a0\"}]},{\"@type\":\"WebSite\",\"@id\":\"https:\/\/www.ikuchyne.sk\/eshop\/#website\",\"url\":\"https:\/\/www.ikuchyne.sk\/eshop\/\",\"name\":\"iKuchyne iSHOP s n\u00e1bytkom\",\"description\":\"Jed\u00e1lensk\u00e9 stoly, stoli\u010dky, n\u00e1bytok, svietidl\u00e1...\",\"publisher\":{\"@id\":\"https:\/\/www.ikuchyne.sk\/eshop\/#organization\"},\"potentialAction\":[{\"@type\":\"SearchAction\",\"target\":{\"@type\":\"EntryPoint\",\"urlTemplate\":\"https:\/\/www.ikuchyne.sk\/eshop\/?s={search_term_string}\"},\"query-input\":\"required name=search_term_string\"}],\"inLanguage\":\"sk-SK\"},{\"@type\":\"Organization\",\"@id\":\"https:\/\/www.ikuchyne.sk\/eshop\/#organization\",\"name\":\"ikuchyne!\",\"url\":\"https:\/\/www.ikuchyne.sk\/eshop\/\",\"logo\":{\"@type\":\"ImageObject\",\"inLanguage\":\"sk-SK\",\"@id\":\"https:\/\/www.ikuchyne.sk\/eshop\/#\/schema\/logo\/image\/\",\"url\":\"https:\/\/www.ikuchyne.sk\/eshop\/wp-content\/uploads\/2017\/04\/ikuchyne-logo.jpg\",\"contentUrl\":\"https:\/\/www.ikuchyne.sk\/eshop\/wp-content\/uploads\/2017\/04\/ikuchyne-logo.jpg\",\"width\":200,\"height\":48,\"caption\":\"ikuchyne!\"},\"image\":{\"@id\":\"https:\/\/www.ikuchyne.sk\/eshop\/#\/schema\/logo\/image\/\"},\"sameAs\":[\"https:\/\/www.facebook.com\/ikuchyne\/\",\"https:\/\/www.instagram.com\/ikuchyne.sk\/\",\"https:\/\/sk.pinterest.com\/ikuchynesk\/\"]}]}<\/script>\n<!-- \/ Yoast SEO plugin. -->","yoast_head_json":{"title":"Svetlo siv\u00e1 jed\u00e1lensk\u00e1 stoli\u010dka Paris \u00bb\u00a0 &#187; iKuchyne iSHOP s n\u00e1bytkom","description":"Svetlo siv\u00e1 jed\u00e1lensk\u00e1 stoli\u010dka Paris \u00bb\u00a0 - r\u00fdchle dodanie, poradenstvo, n\u00e1bytok skladom v Bratislave s ikuchyne.sk - kuchyne na mieru.","robots":{"index":"index","follow":"follow","max-snippet":"max-snippet:-1","max-image-preview":"max-image-preview:large","max-video-preview":"max-video-preview:-1"},"canonical":"https:\/\/www.ikuchyne.sk\/eshop\/produkt\/svetlo-siva-jedalenska-stolicka-paris\/","og_locale":"sk_SK","og_type":"article","og_title":"Svetlo siv\u00e1 jed\u00e1lensk\u00e1 stoli\u010dka Paris \u00bb\u00a0 &#187; iKuchyne iSHOP s n\u00e1bytkom","og_description":"Svetlo siv\u00e1 jed\u00e1lensk\u00e1 stoli\u010dka Paris \u00bb\u00a0 - r\u00fdchle dodanie, poradenstvo, n\u00e1bytok skladom v Bratislave s ikuchyne.sk - kuchyne na mieru.","og_url":"https:\/\/www.ikuchyne.sk\/eshop\/produkt\/svetlo-siva-jedalenska-stolicka-paris\/","og_site_name":"iKuchyne iSHOP s n\u00e1bytkom","article_publisher":"https:\/\/www.facebook.com\/ikuchyne\/","article_modified_time":"2021-04-25T21:35:41+00:00","og_image":[{"width":800,"height":533,"url":"https:\/\/www.ikuchyne.sk\/eshop\/wp-content\/uploads\/2020\/08\/file0038014.jpg","type":"image\/jpeg"}],"twitter_card":"summary_large_image","twitter_misc":{"Predpokladan\u00fd \u010das \u010d\u00edtania":"2 min\u00faty"},"schema":{"@context":"https:\/\/schema.org","@graph":[{"@type":"WebPage","@id":"https:\/\/www.ikuchyne.sk\/eshop\/produkt\/svetlo-siva-jedalenska-stolicka-paris\/","url":"https:\/\/www.ikuchyne.sk\/eshop\/produkt\/svetlo-siva-jedalenska-stolicka-paris\/","name":"Svetlo siv\u00e1 jed\u00e1lensk\u00e1 stoli\u010dka Paris \u00bb\u00a0 &#187; iKuchyne iSHOP s n\u00e1bytkom","isPartOf":{"@id":"https:\/\/www.ikuchyne.sk\/eshop\/#website"},"datePublished":"2020-08-14T08:52:04+00:00","dateModified":"2021-04-25T21:35:41+00:00","description":"Svetlo siv\u00e1 jed\u00e1lensk\u00e1 stoli\u010dka Paris \u00bb\u00a0 - r\u00fdchle dodanie, poradenstvo, n\u00e1bytok skladom v Bratislave s ikuchyne.sk - kuchyne na mieru.","breadcrumb":{"@id":"https:\/\/www.ikuchyne.sk\/eshop\/produkt\/svetlo-siva-jedalenska-stolicka-paris\/#breadcrumb"},"inLanguage":"sk-SK","potentialAction":[{"@type":"ReadAction","target":["https:\/\/www.ikuchyne.sk\/eshop\/produkt\/svetlo-siva-jedalenska-stolicka-paris\/"]}]},{"@type":"BreadcrumbList","@id":"https:\/\/www.ikuchyne.sk\/eshop\/produkt\/svetlo-siva-jedalenska-stolicka-paris\/#breadcrumb","itemListElement":[{"@type":"ListItem","position":1,"name":"Home","item":"https:\/\/www.ikuchyne.sk\/eshop\/"},{"@type":"ListItem","position":2,"name":"Obchod","item":"https:\/\/www.ikuchyne.sk\/eshop\/obchod\/"},{"@type":"ListItem","position":3,"name":"Svetlo siv\u00e1 jed\u00e1lensk\u00e1 stoli\u010dka Paris \u00bb\u00a0"}]},{"@type":"WebSite","@id":"https:\/\/www.ikuchyne.sk\/eshop\/#website","url":"https:\/\/www.ikuchyne.sk\/eshop\/","name":"iKuchyne iSHOP s n\u00e1bytkom","description":"Jed\u00e1lensk\u00e9 stoly, stoli\u010dky, n\u00e1bytok, svietidl\u00e1...","publisher":{"@id":"https:\/\/www.ikuchyne.sk\/eshop\/#organization"},"potentialAction":[{"@type":"SearchAction","target":{"@type":"EntryPoint","urlTemplate":"https:\/\/www.ikuchyne.sk\/eshop\/?s={search_term_string}"},"query-input":"required name=search_term_string"}],"inLanguage":"sk-SK"},{"@type":"Organization","@id":"https:\/\/www.ikuchyne.sk\/eshop\/#organization","name":"ikuchyne!","url":"https:\/\/www.ikuchyne.sk\/eshop\/","logo":{"@type":"ImageObject","inLanguage":"sk-SK","@id":"https:\/\/www.ikuchyne.sk\/eshop\/#\/schema\/logo\/image\/","url":"https:\/\/www.ikuchyne.sk\/eshop\/wp-content\/uploads\/2017\/04\/ikuchyne-logo.jpg","contentUrl":"https:\/\/www.ikuchyne.sk\/eshop\/wp-content\/uploads\/2017\/04\/ikuchyne-logo.jpg","width":200,"height":48,"caption":"ikuchyne!"},"image":{"@id":"https:\/\/www.ikuchyne.sk\/eshop\/#\/schema\/logo\/image\/"},"sameAs":["https:\/\/www.facebook.com\/ikuchyne\/","https:\/\/www.instagram.com\/ikuchyne.sk\/","https:\/\/sk.pinterest.com\/ikuchynesk\/"]}]}},"_links":{"self":[{"href":"https:\/\/www.ikuchyne.sk\/eshop\/wp-json\/wp\/v2\/product\/131863"}],"collection":[{"href":"https:\/\/www.ikuchyne.sk\/eshop\/wp-json\/wp\/v2\/product"}],"about":[{"href":"https:\/\/www.ikuchyne.sk\/eshop\/wp-json\/wp\/v2\/types\/product"}],"replies":[{"embeddable":true,"href":"https:\/\/www.ikuchyne.sk\/eshop\/wp-json\/wp\/v2\/comments?post=131863"}],"wp:featuredmedia":[{"embeddable":true,"href":"https:\/\/www.ikuchyne.sk\/eshop\/wp-json\/wp\/v2\/media\/151106"}],"wp:attachment":[{"href":"https:\/\/www.ikuchyne.sk\/eshop\/wp-json\/wp\/v2\/media?parent=131863"}],"wp:term":[{"taxonomy":"product_cat","embeddable":true,"href":"https:\/\/www.ikuchyne.sk\/eshop\/wp-json\/wp\/v2\/product_cat?post=131863"},{"taxonomy":"product_tag","embeddable":true,"href":"https:\/\/www.ikuchyne.sk\/eshop\/wp-json\/wp\/v2\/product_tag?post=131863"}],"curies":[{"name":"wp","href":"https:\/\/api.w.org\/{rel}","templated":true}]}}