{"id":131971,"date":"2020-08-20T13:56:09","date_gmt":"2020-08-20T11:56:09","guid":{"rendered":"https:\/\/www.ikuchyne.sk\/eshop\/?post_type=product&#038;p=131971"},"modified":"2024-02-20T23:59:32","modified_gmt":"2024-02-20T22:59:32","slug":"zlata-stolova-lampa-paris-44cm","status":"publish","type":"product","link":"https:\/\/www.ikuchyne.sk\/eshop\/produkt\/zlata-stolova-lampa-paris-44cm\/","title":{"rendered":"Zlat\u00e1 stolov\u00e1 lampa Paris 44cm \u00bb"},"content":{"rendered":"<h1>Zlat\u00e1 stolov\u00e1 lampa Paris 44cm \u00bb<\/h1>\n<p><strong>V\u0161eobecn\u00fd popis:<br \/>\n<\/strong>Svietidlo zaujme svoj\u00edm nad\u010dasov\u00fdm dizajnom a vysoko kvalitnou kombin\u00e1ciou materi\u00e1lov. Jemn\u00fd odtie\u0148 l\u00e1tky bol navrhnut\u00fd v lesklej zlatej farbe a vytv\u00e1ra harmonick\u00fd kontrast k striebornej kovovej podno\u017ei. Toto svietidlo je d\u00f4kazom toho, \u017ee je mo\u017en\u00e9 spoji\u0165 p\u00f4vab a modern\u00fd dizajn. Modern\u00e1 lampa sa osved\u010d\u00ed v\u017edy, ke\u010f budete potrebova\u0165 atmosf\u00e9rick\u00e9 osvetlenie. V\u010faka kvalitn\u00e9mu tienidlu v\u00e1m stolov\u00e1 lampa poskytne pr\u00edjemn\u00e9 tlmen\u00e9 svietidlo, ktor\u00e9 v\u00e1s nebude oslepova\u0165.<\/p>\n<p><strong>\u010eal\u0161ie inform\u00e1cie:<br \/>\n<\/strong>\u00dadr\u017eba svietidla je ve\u013emi jednoduch\u00e1 &#8211; posta\u010d\u00ed v\u00e1m prachovka. Ak sa rozhodnete vyu\u017ei\u0165 pr\u00edpravky na b\u00e1ze vody, uistite sa, \u017ee je svietidlo odpojen\u00e9 z elektrick\u00e9ho nap\u00e4tia.<\/p>\n<p><b>Rozmery<\/b> : 14cm x 44cm x 14cm (\u0160xVxH)<\/p>\n<p><b>Farba:<\/b> zlat\u00e1, strieborn\u00e1<br \/>\n<b><\/b><\/p>\n<p><b>Materi\u00e1l:<\/b> l\u00e1tka (polyester), kov<\/p>\n<p><strong>\u017diarovka:<\/strong> 1 x E27 max. 40W<\/p>\n<p>&nbsp;<\/p>\n","protected":false},"excerpt":{"rendered":"<p>Zlat\u00e1 stolov\u00e1 lampa Paris 44cm \u00bb V\u0161eobecn\u00fd popis: Svietidlo zaujme svoj\u00edm nad\u010dasov\u00fdm dizajnom a vysoko kvalitnou kombin\u00e1ciou materi\u00e1lov. Jemn\u00fd odtie\u0148 l\u00e1tky bol navrhnut\u00fd v lesklej zlatej farbe a vytv\u00e1ra harmonick\u00fd<\/p>\n","protected":false},"featured_media":131972,"comment_status":"closed","ping_status":"closed","template":"","meta":[],"product_cat":[772,184,182],"product_tag":[610,188],"yoast_head":"<!-- This site is optimized with the Yoast SEO plugin v22.1 - https:\/\/yoast.com\/wordpress\/plugins\/seo\/ -->\n<title>Zlat\u00e1 stolov\u00e1 lampa Paris 44cm \u00bb &#187; iKuchyne iSHOP s n\u00e1bytkom<\/title>\n<meta name=\"description\" content=\"K\u00fapte si u n\u00e1s Zlat\u00e1 stolov\u00e1 lampa Paris 44cm \u00bb za akciov\u00fa cenu. R\u00fdchle dodanie tovaru, odborn\u00e9 poradenstvo a stovky produktov skladom. Zlat\u00e1 stolov\u00e1 lampa Paris 44cm \u00bb sa stane dominantou V\u00e1\u0161ho interi\u00e9ru. Internetov\u00fd obchod ikuchyne! pon\u00faka odber Zlat\u00e1 stolov\u00e1 lampa Paris 44cm \u00bb u\u017e od 1 kusu.\" \/>\n<meta name=\"robots\" content=\"index, follow, max-snippet:-1, max-image-preview:large, max-video-preview:-1\" \/>\n<link rel=\"canonical\" href=\"https:\/\/www.ikuchyne.sk\/eshop\/produkt\/zlata-stolova-lampa-paris-44cm\/\" \/>\n<meta property=\"og:locale\" content=\"sk_SK\" \/>\n<meta property=\"og:type\" content=\"article\" \/>\n<meta property=\"og:title\" content=\"Zlat\u00e1 stolov\u00e1 lampa Paris 44cm \u00bb &#187; iKuchyne iSHOP s n\u00e1bytkom\" \/>\n<meta property=\"og:description\" content=\"K\u00fapte si u n\u00e1s Zlat\u00e1 stolov\u00e1 lampa Paris 44cm \u00bb za akciov\u00fa cenu. R\u00fdchle dodanie tovaru, odborn\u00e9 poradenstvo a stovky produktov skladom. Zlat\u00e1 stolov\u00e1 lampa Paris 44cm \u00bb sa stane dominantou V\u00e1\u0161ho interi\u00e9ru. Internetov\u00fd obchod ikuchyne! pon\u00faka odber Zlat\u00e1 stolov\u00e1 lampa Paris 44cm \u00bb u\u017e od 1 kusu.\" \/>\n<meta property=\"og:url\" content=\"https:\/\/www.ikuchyne.sk\/eshop\/produkt\/zlata-stolova-lampa-paris-44cm\/\" \/>\n<meta property=\"og:site_name\" content=\"iKuchyne iSHOP s n\u00e1bytkom\" \/>\n<meta property=\"article:publisher\" content=\"https:\/\/www.facebook.com\/ikuchyne\/\" \/>\n<meta property=\"article:modified_time\" content=\"2024-02-20T22:59:32+00:00\" \/>\n<meta property=\"og:image\" content=\"https:\/\/www.ikuchyne.sk\/eshop\/wp-content\/uploads\/2020\/08\/Stolov\u00e1-lampa-Paris-44cm-zlat\u00e1-10034.jpg\" \/>\n\t<meta property=\"og:image:width\" content=\"800\" \/>\n\t<meta property=\"og:image:height\" content=\"600\" \/>\n\t<meta property=\"og:image:type\" content=\"image\/jpeg\" \/>\n<meta name=\"twitter:card\" content=\"summary_large_image\" \/>\n<meta name=\"twitter:label1\" content=\"Predpokladan\u00fd \u010das \u010d\u00edtania\" \/>\n\t<meta name=\"twitter:data1\" content=\"1 min\u00fata\" \/>\n<script type=\"application\/ld+json\" class=\"yoast-schema-graph\">{\"@context\":\"https:\/\/schema.org\",\"@graph\":[{\"@type\":\"WebPage\",\"@id\":\"https:\/\/www.ikuchyne.sk\/eshop\/produkt\/zlata-stolova-lampa-paris-44cm\/\",\"url\":\"https:\/\/www.ikuchyne.sk\/eshop\/produkt\/zlata-stolova-lampa-paris-44cm\/\",\"name\":\"Zlat\u00e1 stolov\u00e1 lampa Paris 44cm \u00bb &#187; iKuchyne iSHOP s n\u00e1bytkom\",\"isPartOf\":{\"@id\":\"https:\/\/www.ikuchyne.sk\/eshop\/#website\"},\"datePublished\":\"2020-08-20T11:56:09+00:00\",\"dateModified\":\"2024-02-20T22:59:32+00:00\",\"description\":\"K\u00fapte si u n\u00e1s Zlat\u00e1 stolov\u00e1 lampa Paris 44cm \u00bb za akciov\u00fa cenu. R\u00fdchle dodanie tovaru, odborn\u00e9 poradenstvo a stovky produktov skladom. Zlat\u00e1 stolov\u00e1 lampa Paris 44cm \u00bb sa stane dominantou V\u00e1\u0161ho interi\u00e9ru. Internetov\u00fd obchod ikuchyne! pon\u00faka odber Zlat\u00e1 stolov\u00e1 lampa Paris 44cm \u00bb u\u017e od 1 kusu.\",\"breadcrumb\":{\"@id\":\"https:\/\/www.ikuchyne.sk\/eshop\/produkt\/zlata-stolova-lampa-paris-44cm\/#breadcrumb\"},\"inLanguage\":\"sk-SK\",\"potentialAction\":[{\"@type\":\"ReadAction\",\"target\":[\"https:\/\/www.ikuchyne.sk\/eshop\/produkt\/zlata-stolova-lampa-paris-44cm\/\"]}]},{\"@type\":\"BreadcrumbList\",\"@id\":\"https:\/\/www.ikuchyne.sk\/eshop\/produkt\/zlata-stolova-lampa-paris-44cm\/#breadcrumb\",\"itemListElement\":[{\"@type\":\"ListItem\",\"position\":1,\"name\":\"Home\",\"item\":\"https:\/\/www.ikuchyne.sk\/eshop\/\"},{\"@type\":\"ListItem\",\"position\":2,\"name\":\"Obchod\",\"item\":\"https:\/\/www.ikuchyne.sk\/eshop\/obchod\/\"},{\"@type\":\"ListItem\",\"position\":3,\"name\":\"Zlat\u00e1 stolov\u00e1 lampa Paris 44cm \u00bb\"}]},{\"@type\":\"WebSite\",\"@id\":\"https:\/\/www.ikuchyne.sk\/eshop\/#website\",\"url\":\"https:\/\/www.ikuchyne.sk\/eshop\/\",\"name\":\"iKuchyne iSHOP s n\u00e1bytkom\",\"description\":\"Jed\u00e1lensk\u00e9 stoly, stoli\u010dky, n\u00e1bytok, svietidl\u00e1...\",\"publisher\":{\"@id\":\"https:\/\/www.ikuchyne.sk\/eshop\/#organization\"},\"potentialAction\":[{\"@type\":\"SearchAction\",\"target\":{\"@type\":\"EntryPoint\",\"urlTemplate\":\"https:\/\/www.ikuchyne.sk\/eshop\/?s={search_term_string}\"},\"query-input\":\"required name=search_term_string\"}],\"inLanguage\":\"sk-SK\"},{\"@type\":\"Organization\",\"@id\":\"https:\/\/www.ikuchyne.sk\/eshop\/#organization\",\"name\":\"ikuchyne!\",\"url\":\"https:\/\/www.ikuchyne.sk\/eshop\/\",\"logo\":{\"@type\":\"ImageObject\",\"inLanguage\":\"sk-SK\",\"@id\":\"https:\/\/www.ikuchyne.sk\/eshop\/#\/schema\/logo\/image\/\",\"url\":\"https:\/\/www.ikuchyne.sk\/eshop\/wp-content\/uploads\/2017\/04\/ikuchyne-logo.jpg\",\"contentUrl\":\"https:\/\/www.ikuchyne.sk\/eshop\/wp-content\/uploads\/2017\/04\/ikuchyne-logo.jpg\",\"width\":200,\"height\":48,\"caption\":\"ikuchyne!\"},\"image\":{\"@id\":\"https:\/\/www.ikuchyne.sk\/eshop\/#\/schema\/logo\/image\/\"},\"sameAs\":[\"https:\/\/www.facebook.com\/ikuchyne\/\",\"https:\/\/www.instagram.com\/ikuchyne.sk\/\",\"https:\/\/sk.pinterest.com\/ikuchynesk\/\"]}]}<\/script>\n<!-- \/ Yoast SEO plugin. -->","yoast_head_json":{"title":"Zlat\u00e1 stolov\u00e1 lampa Paris 44cm \u00bb &#187; iKuchyne iSHOP s n\u00e1bytkom","description":"K\u00fapte si u n\u00e1s Zlat\u00e1 stolov\u00e1 lampa Paris 44cm \u00bb za akciov\u00fa cenu. R\u00fdchle dodanie tovaru, odborn\u00e9 poradenstvo a stovky produktov skladom. Zlat\u00e1 stolov\u00e1 lampa Paris 44cm \u00bb sa stane dominantou V\u00e1\u0161ho interi\u00e9ru. Internetov\u00fd obchod ikuchyne! pon\u00faka odber Zlat\u00e1 stolov\u00e1 lampa Paris 44cm \u00bb u\u017e od 1 kusu.","robots":{"index":"index","follow":"follow","max-snippet":"max-snippet:-1","max-image-preview":"max-image-preview:large","max-video-preview":"max-video-preview:-1"},"canonical":"https:\/\/www.ikuchyne.sk\/eshop\/produkt\/zlata-stolova-lampa-paris-44cm\/","og_locale":"sk_SK","og_type":"article","og_title":"Zlat\u00e1 stolov\u00e1 lampa Paris 44cm \u00bb &#187; iKuchyne iSHOP s n\u00e1bytkom","og_description":"K\u00fapte si u n\u00e1s Zlat\u00e1 stolov\u00e1 lampa Paris 44cm \u00bb za akciov\u00fa cenu. R\u00fdchle dodanie tovaru, odborn\u00e9 poradenstvo a stovky produktov skladom. Zlat\u00e1 stolov\u00e1 lampa Paris 44cm \u00bb sa stane dominantou V\u00e1\u0161ho interi\u00e9ru. Internetov\u00fd obchod ikuchyne! pon\u00faka odber Zlat\u00e1 stolov\u00e1 lampa Paris 44cm \u00bb u\u017e od 1 kusu.","og_url":"https:\/\/www.ikuchyne.sk\/eshop\/produkt\/zlata-stolova-lampa-paris-44cm\/","og_site_name":"iKuchyne iSHOP s n\u00e1bytkom","article_publisher":"https:\/\/www.facebook.com\/ikuchyne\/","article_modified_time":"2024-02-20T22:59:32+00:00","og_image":[{"width":800,"height":600,"url":"https:\/\/www.ikuchyne.sk\/eshop\/wp-content\/uploads\/2020\/08\/Stolov\u00e1-lampa-Paris-44cm-zlat\u00e1-10034.jpg","type":"image\/jpeg"}],"twitter_card":"summary_large_image","twitter_misc":{"Predpokladan\u00fd \u010das \u010d\u00edtania":"1 min\u00fata"},"schema":{"@context":"https:\/\/schema.org","@graph":[{"@type":"WebPage","@id":"https:\/\/www.ikuchyne.sk\/eshop\/produkt\/zlata-stolova-lampa-paris-44cm\/","url":"https:\/\/www.ikuchyne.sk\/eshop\/produkt\/zlata-stolova-lampa-paris-44cm\/","name":"Zlat\u00e1 stolov\u00e1 lampa Paris 44cm \u00bb &#187; iKuchyne iSHOP s n\u00e1bytkom","isPartOf":{"@id":"https:\/\/www.ikuchyne.sk\/eshop\/#website"},"datePublished":"2020-08-20T11:56:09+00:00","dateModified":"2024-02-20T22:59:32+00:00","description":"K\u00fapte si u n\u00e1s Zlat\u00e1 stolov\u00e1 lampa Paris 44cm \u00bb za akciov\u00fa cenu. R\u00fdchle dodanie tovaru, odborn\u00e9 poradenstvo a stovky produktov skladom. Zlat\u00e1 stolov\u00e1 lampa Paris 44cm \u00bb sa stane dominantou V\u00e1\u0161ho interi\u00e9ru. Internetov\u00fd obchod ikuchyne! pon\u00faka odber Zlat\u00e1 stolov\u00e1 lampa Paris 44cm \u00bb u\u017e od 1 kusu.","breadcrumb":{"@id":"https:\/\/www.ikuchyne.sk\/eshop\/produkt\/zlata-stolova-lampa-paris-44cm\/#breadcrumb"},"inLanguage":"sk-SK","potentialAction":[{"@type":"ReadAction","target":["https:\/\/www.ikuchyne.sk\/eshop\/produkt\/zlata-stolova-lampa-paris-44cm\/"]}]},{"@type":"BreadcrumbList","@id":"https:\/\/www.ikuchyne.sk\/eshop\/produkt\/zlata-stolova-lampa-paris-44cm\/#breadcrumb","itemListElement":[{"@type":"ListItem","position":1,"name":"Home","item":"https:\/\/www.ikuchyne.sk\/eshop\/"},{"@type":"ListItem","position":2,"name":"Obchod","item":"https:\/\/www.ikuchyne.sk\/eshop\/obchod\/"},{"@type":"ListItem","position":3,"name":"Zlat\u00e1 stolov\u00e1 lampa Paris 44cm \u00bb"}]},{"@type":"WebSite","@id":"https:\/\/www.ikuchyne.sk\/eshop\/#website","url":"https:\/\/www.ikuchyne.sk\/eshop\/","name":"iKuchyne iSHOP s n\u00e1bytkom","description":"Jed\u00e1lensk\u00e9 stoly, stoli\u010dky, n\u00e1bytok, svietidl\u00e1...","publisher":{"@id":"https:\/\/www.ikuchyne.sk\/eshop\/#organization"},"potentialAction":[{"@type":"SearchAction","target":{"@type":"EntryPoint","urlTemplate":"https:\/\/www.ikuchyne.sk\/eshop\/?s={search_term_string}"},"query-input":"required name=search_term_string"}],"inLanguage":"sk-SK"},{"@type":"Organization","@id":"https:\/\/www.ikuchyne.sk\/eshop\/#organization","name":"ikuchyne!","url":"https:\/\/www.ikuchyne.sk\/eshop\/","logo":{"@type":"ImageObject","inLanguage":"sk-SK","@id":"https:\/\/www.ikuchyne.sk\/eshop\/#\/schema\/logo\/image\/","url":"https:\/\/www.ikuchyne.sk\/eshop\/wp-content\/uploads\/2017\/04\/ikuchyne-logo.jpg","contentUrl":"https:\/\/www.ikuchyne.sk\/eshop\/wp-content\/uploads\/2017\/04\/ikuchyne-logo.jpg","width":200,"height":48,"caption":"ikuchyne!"},"image":{"@id":"https:\/\/www.ikuchyne.sk\/eshop\/#\/schema\/logo\/image\/"},"sameAs":["https:\/\/www.facebook.com\/ikuchyne\/","https:\/\/www.instagram.com\/ikuchyne.sk\/","https:\/\/sk.pinterest.com\/ikuchynesk\/"]}]}},"_links":{"self":[{"href":"https:\/\/www.ikuchyne.sk\/eshop\/wp-json\/wp\/v2\/product\/131971"}],"collection":[{"href":"https:\/\/www.ikuchyne.sk\/eshop\/wp-json\/wp\/v2\/product"}],"about":[{"href":"https:\/\/www.ikuchyne.sk\/eshop\/wp-json\/wp\/v2\/types\/product"}],"replies":[{"embeddable":true,"href":"https:\/\/www.ikuchyne.sk\/eshop\/wp-json\/wp\/v2\/comments?post=131971"}],"wp:featuredmedia":[{"embeddable":true,"href":"https:\/\/www.ikuchyne.sk\/eshop\/wp-json\/wp\/v2\/media\/131972"}],"wp:attachment":[{"href":"https:\/\/www.ikuchyne.sk\/eshop\/wp-json\/wp\/v2\/media?parent=131971"}],"wp:term":[{"taxonomy":"product_cat","embeddable":true,"href":"https:\/\/www.ikuchyne.sk\/eshop\/wp-json\/wp\/v2\/product_cat?post=131971"},{"taxonomy":"product_tag","embeddable":true,"href":"https:\/\/www.ikuchyne.sk\/eshop\/wp-json\/wp\/v2\/product_tag?post=131971"}],"curies":[{"name":"wp","href":"https:\/\/api.w.org\/{rel}","templated":true}]}}