{"id":131974,"date":"2020-08-20T15:45:41","date_gmt":"2020-08-20T13:45:41","guid":{"rendered":"https:\/\/www.ikuchyne.sk\/eshop\/?post_type=product&#038;p=131974"},"modified":"2020-11-14T09:32:01","modified_gmt":"2020-11-14T08:32:01","slug":"siva-jedalenska-stolicka-apartment","status":"publish","type":"product","link":"https:\/\/www.ikuchyne.sk\/eshop\/produkt\/siva-jedalenska-stolicka-apartment\/","title":{"rendered":"Siv\u00e1 jed\u00e1lensk\u00e1 stoli\u010dka Apartment  \u00bb"},"content":{"rendered":"<h1>Siv\u00e1 jed\u00e1lensk\u00e1 stoli\u010dka Apartment \u00bb<\/h1>\n<p><strong>V\u0161eobecn\u00fd popis:<\/strong><br \/>\nP\u00f4sobiv\u00e1 jed\u00e1lensk\u00e1 stoli\u010dka APARTMENT kombinuje exkluz\u00edvny dizajn s vysok\u00fdm pohodl\u00edm. Kvalitn\u00fd po\u0165ah vyroben\u00fd z mikrovl\u00e1kna a matn\u00fd lakovan\u00fd r\u00e1m s\u00fa nielen extr\u00e9mne stabiln\u00e9, ale tie\u017e vyzeraj\u00fa mimoriadne elegantne a dod\u00e1vaj\u00fa stoli\u010dke osobit\u00fd vzh\u013ead. Jed\u00e1lensk\u00e1 stoli\u010dka m\u00f4\u017ee by\u0165 dokonale integrovan\u00e1 do ak\u00e9hoko\u013evek interi\u00e9ru. \u010ci u\u017e v jed\u00e1lni, kancel\u00e1rii alebo kuchyni. V\u010faka jej nad\u010dasov\u00e9mu dizjanu rovnako podpor\u00edte aj udr\u017eate\u013enos\u0165.<\/p>\n<p><strong>Sed\u00e1k:<\/strong><br \/>\nSed\u00e1k stoli\u010dky je vyroben\u00fd z mikrovl\u00e1kna, ktor\u00e9 je skuto\u010dne odoln\u00e9 a je vhodn\u00e9 ak m\u00e1te dom\u00e1ce zvieratk\u00e1 alebo deti. Na chrbtovej opierke bolo sedadlo ozdoben\u00e9 vodorovn\u00fdm pre\u0161\u00edvan\u00edm.<\/p>\n<p><strong>Podno\u017e:<\/strong><br \/>\nStoli\u010dka je posaden\u00e1 na matnom \u010diernom ly\u017ainovom podstavci.<\/p>\n<p><b>\u010eal\u0161ie inform\u00e1cie:<br \/>\n<\/b>Mikrovl\u00e1kno je nen\u00e1ro\u010dn\u00e9 na \u00fadr\u017ebu. Posta\u010d\u00ed v\u00e1m navlh\u010den\u00e1 handri\u010dka, pr\u00edpadne kefa. S tou v\u0161ak opatrne, aby ste nezni\u010dili vl\u00e1kna.<\/p>\n<p><b>Rozmery: <\/b>41cm x 93cm x 61cm (\u0160xVxH)<br \/>\n<strong>Sedenie:<\/strong> 41cm x 48cm x 45cm (\u0160xVxH)<br \/>\n<strong>V\u00fd\u0161ka operadla:<\/strong> 50cm<\/p>\n<p><b>Farba:<\/b> tmavosiv\u00e1, \u010dierna<br \/>\n<b><\/b><\/p>\n<p><b>Materi\u00e1l:<\/b> mikrovl\u00e1kno<\/p>\n","protected":false},"excerpt":{"rendered":"<p>Siv\u00e1 jed\u00e1lensk\u00e1 stoli\u010dka Apartment \u00bb V\u0161eobecn\u00fd popis: P\u00f4sobiv\u00e1 jed\u00e1lensk\u00e1 stoli\u010dka APARTMENT kombinuje exkluz\u00edvny dizajn s vysok\u00fdm pohodl\u00edm. Kvalitn\u00fd po\u0165ah vyroben\u00fd z mikrovl\u00e1kna a matn\u00fd lakovan\u00fd r\u00e1m s\u00fa nielen extr\u00e9mne stabiln\u00e9,<\/p>\n","protected":false},"featured_media":131975,"comment_status":"closed","ping_status":"closed","template":"","meta":[],"product_cat":[310,823,826,828,830,772,288],"product_tag":[],"yoast_head":"<!-- This site is optimized with the Yoast SEO plugin v22.1 - https:\/\/yoast.com\/wordpress\/plugins\/seo\/ -->\n<title>Siv\u00e1 jed\u00e1lensk\u00e1 stoli\u010dka Apartment \u00bb &#187; iKuchyne iSHOP s n\u00e1bytkom<\/title>\n<meta name=\"description\" content=\"K\u00fapte si u n\u00e1s Siv\u00e1 jed\u00e1lensk\u00e1 stoli\u010dka Apartment \u00bb za akciov\u00fa cenu. R\u00fdchle dodanie tovaru, odborn\u00e9 poradenstvo a stovky produktov skladom. Siv\u00e1 jed\u00e1lensk\u00e1 stoli\u010dka Apartment \u00bb sa stane dominantou V\u00e1\u0161ho interi\u00e9ru. Internetov\u00fd obchod ikuchyne! pon\u00faka odber Siv\u00e1 jed\u00e1lensk\u00e1 stoli\u010dka Apartment \u00bb u\u017e od 1 kusu.\" \/>\n<meta name=\"robots\" content=\"index, follow, max-snippet:-1, max-image-preview:large, max-video-preview:-1\" \/>\n<link rel=\"canonical\" href=\"https:\/\/www.ikuchyne.sk\/eshop\/produkt\/siva-jedalenska-stolicka-apartment\/\" \/>\n<meta property=\"og:locale\" content=\"sk_SK\" \/>\n<meta property=\"og:type\" content=\"article\" \/>\n<meta property=\"og:title\" content=\"Siv\u00e1 jed\u00e1lensk\u00e1 stoli\u010dka Apartment \u00bb &#187; iKuchyne iSHOP s n\u00e1bytkom\" \/>\n<meta property=\"og:description\" content=\"K\u00fapte si u n\u00e1s Siv\u00e1 jed\u00e1lensk\u00e1 stoli\u010dka Apartment \u00bb za akciov\u00fa cenu. R\u00fdchle dodanie tovaru, odborn\u00e9 poradenstvo a stovky produktov skladom. Siv\u00e1 jed\u00e1lensk\u00e1 stoli\u010dka Apartment \u00bb sa stane dominantou V\u00e1\u0161ho interi\u00e9ru. Internetov\u00fd obchod ikuchyne! pon\u00faka odber Siv\u00e1 jed\u00e1lensk\u00e1 stoli\u010dka Apartment \u00bb u\u017e od 1 kusu.\" \/>\n<meta property=\"og:url\" content=\"https:\/\/www.ikuchyne.sk\/eshop\/produkt\/siva-jedalenska-stolicka-apartment\/\" \/>\n<meta property=\"og:site_name\" content=\"iKuchyne iSHOP s n\u00e1bytkom\" \/>\n<meta property=\"article:publisher\" content=\"https:\/\/www.facebook.com\/ikuchyne\/\" \/>\n<meta property=\"article:modified_time\" content=\"2020-11-14T08:32:01+00:00\" \/>\n<meta property=\"og:image\" content=\"https:\/\/www.ikuchyne.sk\/eshop\/wp-content\/uploads\/2020\/08\/Stoli\u010dka-Apartment-antik-taupe-\u010dierna-40552.jpg\" \/>\n\t<meta property=\"og:image:width\" content=\"800\" \/>\n\t<meta property=\"og:image:height\" content=\"800\" \/>\n\t<meta property=\"og:image:type\" content=\"image\/jpeg\" \/>\n<meta name=\"twitter:card\" content=\"summary_large_image\" \/>\n<meta name=\"twitter:label1\" content=\"Predpokladan\u00fd \u010das \u010d\u00edtania\" \/>\n\t<meta name=\"twitter:data1\" content=\"1 min\u00fata\" \/>\n<script type=\"application\/ld+json\" class=\"yoast-schema-graph\">{\"@context\":\"https:\/\/schema.org\",\"@graph\":[{\"@type\":\"WebPage\",\"@id\":\"https:\/\/www.ikuchyne.sk\/eshop\/produkt\/siva-jedalenska-stolicka-apartment\/\",\"url\":\"https:\/\/www.ikuchyne.sk\/eshop\/produkt\/siva-jedalenska-stolicka-apartment\/\",\"name\":\"Siv\u00e1 jed\u00e1lensk\u00e1 stoli\u010dka Apartment \u00bb &#187; iKuchyne iSHOP s n\u00e1bytkom\",\"isPartOf\":{\"@id\":\"https:\/\/www.ikuchyne.sk\/eshop\/#website\"},\"datePublished\":\"2020-08-20T13:45:41+00:00\",\"dateModified\":\"2020-11-14T08:32:01+00:00\",\"description\":\"K\u00fapte si u n\u00e1s Siv\u00e1 jed\u00e1lensk\u00e1 stoli\u010dka Apartment \u00bb za akciov\u00fa cenu. R\u00fdchle dodanie tovaru, odborn\u00e9 poradenstvo a stovky produktov skladom. Siv\u00e1 jed\u00e1lensk\u00e1 stoli\u010dka Apartment \u00bb sa stane dominantou V\u00e1\u0161ho interi\u00e9ru. Internetov\u00fd obchod ikuchyne! pon\u00faka odber Siv\u00e1 jed\u00e1lensk\u00e1 stoli\u010dka Apartment \u00bb u\u017e od 1 kusu.\",\"breadcrumb\":{\"@id\":\"https:\/\/www.ikuchyne.sk\/eshop\/produkt\/siva-jedalenska-stolicka-apartment\/#breadcrumb\"},\"inLanguage\":\"sk-SK\",\"potentialAction\":[{\"@type\":\"ReadAction\",\"target\":[\"https:\/\/www.ikuchyne.sk\/eshop\/produkt\/siva-jedalenska-stolicka-apartment\/\"]}]},{\"@type\":\"BreadcrumbList\",\"@id\":\"https:\/\/www.ikuchyne.sk\/eshop\/produkt\/siva-jedalenska-stolicka-apartment\/#breadcrumb\",\"itemListElement\":[{\"@type\":\"ListItem\",\"position\":1,\"name\":\"Home\",\"item\":\"https:\/\/www.ikuchyne.sk\/eshop\/\"},{\"@type\":\"ListItem\",\"position\":2,\"name\":\"Obchod\",\"item\":\"https:\/\/www.ikuchyne.sk\/eshop\/obchod\/\"},{\"@type\":\"ListItem\",\"position\":3,\"name\":\"Siv\u00e1 jed\u00e1lensk\u00e1 stoli\u010dka Apartment \u00bb\"}]},{\"@type\":\"WebSite\",\"@id\":\"https:\/\/www.ikuchyne.sk\/eshop\/#website\",\"url\":\"https:\/\/www.ikuchyne.sk\/eshop\/\",\"name\":\"iKuchyne iSHOP s n\u00e1bytkom\",\"description\":\"Jed\u00e1lensk\u00e9 stoly, stoli\u010dky, n\u00e1bytok, svietidl\u00e1...\",\"publisher\":{\"@id\":\"https:\/\/www.ikuchyne.sk\/eshop\/#organization\"},\"potentialAction\":[{\"@type\":\"SearchAction\",\"target\":{\"@type\":\"EntryPoint\",\"urlTemplate\":\"https:\/\/www.ikuchyne.sk\/eshop\/?s={search_term_string}\"},\"query-input\":\"required name=search_term_string\"}],\"inLanguage\":\"sk-SK\"},{\"@type\":\"Organization\",\"@id\":\"https:\/\/www.ikuchyne.sk\/eshop\/#organization\",\"name\":\"ikuchyne!\",\"url\":\"https:\/\/www.ikuchyne.sk\/eshop\/\",\"logo\":{\"@type\":\"ImageObject\",\"inLanguage\":\"sk-SK\",\"@id\":\"https:\/\/www.ikuchyne.sk\/eshop\/#\/schema\/logo\/image\/\",\"url\":\"https:\/\/www.ikuchyne.sk\/eshop\/wp-content\/uploads\/2017\/04\/ikuchyne-logo.jpg\",\"contentUrl\":\"https:\/\/www.ikuchyne.sk\/eshop\/wp-content\/uploads\/2017\/04\/ikuchyne-logo.jpg\",\"width\":200,\"height\":48,\"caption\":\"ikuchyne!\"},\"image\":{\"@id\":\"https:\/\/www.ikuchyne.sk\/eshop\/#\/schema\/logo\/image\/\"},\"sameAs\":[\"https:\/\/www.facebook.com\/ikuchyne\/\",\"https:\/\/www.instagram.com\/ikuchyne.sk\/\",\"https:\/\/sk.pinterest.com\/ikuchynesk\/\"]}]}<\/script>\n<!-- \/ Yoast SEO plugin. -->","yoast_head_json":{"title":"Siv\u00e1 jed\u00e1lensk\u00e1 stoli\u010dka Apartment \u00bb &#187; iKuchyne iSHOP s n\u00e1bytkom","description":"K\u00fapte si u n\u00e1s Siv\u00e1 jed\u00e1lensk\u00e1 stoli\u010dka Apartment \u00bb za akciov\u00fa cenu. R\u00fdchle dodanie tovaru, odborn\u00e9 poradenstvo a stovky produktov skladom. Siv\u00e1 jed\u00e1lensk\u00e1 stoli\u010dka Apartment \u00bb sa stane dominantou V\u00e1\u0161ho interi\u00e9ru. Internetov\u00fd obchod ikuchyne! pon\u00faka odber Siv\u00e1 jed\u00e1lensk\u00e1 stoli\u010dka Apartment \u00bb u\u017e od 1 kusu.","robots":{"index":"index","follow":"follow","max-snippet":"max-snippet:-1","max-image-preview":"max-image-preview:large","max-video-preview":"max-video-preview:-1"},"canonical":"https:\/\/www.ikuchyne.sk\/eshop\/produkt\/siva-jedalenska-stolicka-apartment\/","og_locale":"sk_SK","og_type":"article","og_title":"Siv\u00e1 jed\u00e1lensk\u00e1 stoli\u010dka Apartment \u00bb &#187; iKuchyne iSHOP s n\u00e1bytkom","og_description":"K\u00fapte si u n\u00e1s Siv\u00e1 jed\u00e1lensk\u00e1 stoli\u010dka Apartment \u00bb za akciov\u00fa cenu. R\u00fdchle dodanie tovaru, odborn\u00e9 poradenstvo a stovky produktov skladom. Siv\u00e1 jed\u00e1lensk\u00e1 stoli\u010dka Apartment \u00bb sa stane dominantou V\u00e1\u0161ho interi\u00e9ru. Internetov\u00fd obchod ikuchyne! pon\u00faka odber Siv\u00e1 jed\u00e1lensk\u00e1 stoli\u010dka Apartment \u00bb u\u017e od 1 kusu.","og_url":"https:\/\/www.ikuchyne.sk\/eshop\/produkt\/siva-jedalenska-stolicka-apartment\/","og_site_name":"iKuchyne iSHOP s n\u00e1bytkom","article_publisher":"https:\/\/www.facebook.com\/ikuchyne\/","article_modified_time":"2020-11-14T08:32:01+00:00","og_image":[{"width":800,"height":800,"url":"https:\/\/www.ikuchyne.sk\/eshop\/wp-content\/uploads\/2020\/08\/Stoli\u010dka-Apartment-antik-taupe-\u010dierna-40552.jpg","type":"image\/jpeg"}],"twitter_card":"summary_large_image","twitter_misc":{"Predpokladan\u00fd \u010das \u010d\u00edtania":"1 min\u00fata"},"schema":{"@context":"https:\/\/schema.org","@graph":[{"@type":"WebPage","@id":"https:\/\/www.ikuchyne.sk\/eshop\/produkt\/siva-jedalenska-stolicka-apartment\/","url":"https:\/\/www.ikuchyne.sk\/eshop\/produkt\/siva-jedalenska-stolicka-apartment\/","name":"Siv\u00e1 jed\u00e1lensk\u00e1 stoli\u010dka Apartment \u00bb &#187; iKuchyne iSHOP s n\u00e1bytkom","isPartOf":{"@id":"https:\/\/www.ikuchyne.sk\/eshop\/#website"},"datePublished":"2020-08-20T13:45:41+00:00","dateModified":"2020-11-14T08:32:01+00:00","description":"K\u00fapte si u n\u00e1s Siv\u00e1 jed\u00e1lensk\u00e1 stoli\u010dka Apartment \u00bb za akciov\u00fa cenu. R\u00fdchle dodanie tovaru, odborn\u00e9 poradenstvo a stovky produktov skladom. Siv\u00e1 jed\u00e1lensk\u00e1 stoli\u010dka Apartment \u00bb sa stane dominantou V\u00e1\u0161ho interi\u00e9ru. Internetov\u00fd obchod ikuchyne! pon\u00faka odber Siv\u00e1 jed\u00e1lensk\u00e1 stoli\u010dka Apartment \u00bb u\u017e od 1 kusu.","breadcrumb":{"@id":"https:\/\/www.ikuchyne.sk\/eshop\/produkt\/siva-jedalenska-stolicka-apartment\/#breadcrumb"},"inLanguage":"sk-SK","potentialAction":[{"@type":"ReadAction","target":["https:\/\/www.ikuchyne.sk\/eshop\/produkt\/siva-jedalenska-stolicka-apartment\/"]}]},{"@type":"BreadcrumbList","@id":"https:\/\/www.ikuchyne.sk\/eshop\/produkt\/siva-jedalenska-stolicka-apartment\/#breadcrumb","itemListElement":[{"@type":"ListItem","position":1,"name":"Home","item":"https:\/\/www.ikuchyne.sk\/eshop\/"},{"@type":"ListItem","position":2,"name":"Obchod","item":"https:\/\/www.ikuchyne.sk\/eshop\/obchod\/"},{"@type":"ListItem","position":3,"name":"Siv\u00e1 jed\u00e1lensk\u00e1 stoli\u010dka Apartment \u00bb"}]},{"@type":"WebSite","@id":"https:\/\/www.ikuchyne.sk\/eshop\/#website","url":"https:\/\/www.ikuchyne.sk\/eshop\/","name":"iKuchyne iSHOP s n\u00e1bytkom","description":"Jed\u00e1lensk\u00e9 stoly, stoli\u010dky, n\u00e1bytok, svietidl\u00e1...","publisher":{"@id":"https:\/\/www.ikuchyne.sk\/eshop\/#organization"},"potentialAction":[{"@type":"SearchAction","target":{"@type":"EntryPoint","urlTemplate":"https:\/\/www.ikuchyne.sk\/eshop\/?s={search_term_string}"},"query-input":"required name=search_term_string"}],"inLanguage":"sk-SK"},{"@type":"Organization","@id":"https:\/\/www.ikuchyne.sk\/eshop\/#organization","name":"ikuchyne!","url":"https:\/\/www.ikuchyne.sk\/eshop\/","logo":{"@type":"ImageObject","inLanguage":"sk-SK","@id":"https:\/\/www.ikuchyne.sk\/eshop\/#\/schema\/logo\/image\/","url":"https:\/\/www.ikuchyne.sk\/eshop\/wp-content\/uploads\/2017\/04\/ikuchyne-logo.jpg","contentUrl":"https:\/\/www.ikuchyne.sk\/eshop\/wp-content\/uploads\/2017\/04\/ikuchyne-logo.jpg","width":200,"height":48,"caption":"ikuchyne!"},"image":{"@id":"https:\/\/www.ikuchyne.sk\/eshop\/#\/schema\/logo\/image\/"},"sameAs":["https:\/\/www.facebook.com\/ikuchyne\/","https:\/\/www.instagram.com\/ikuchyne.sk\/","https:\/\/sk.pinterest.com\/ikuchynesk\/"]}]}},"_links":{"self":[{"href":"https:\/\/www.ikuchyne.sk\/eshop\/wp-json\/wp\/v2\/product\/131974"}],"collection":[{"href":"https:\/\/www.ikuchyne.sk\/eshop\/wp-json\/wp\/v2\/product"}],"about":[{"href":"https:\/\/www.ikuchyne.sk\/eshop\/wp-json\/wp\/v2\/types\/product"}],"replies":[{"embeddable":true,"href":"https:\/\/www.ikuchyne.sk\/eshop\/wp-json\/wp\/v2\/comments?post=131974"}],"wp:featuredmedia":[{"embeddable":true,"href":"https:\/\/www.ikuchyne.sk\/eshop\/wp-json\/wp\/v2\/media\/131975"}],"wp:attachment":[{"href":"https:\/\/www.ikuchyne.sk\/eshop\/wp-json\/wp\/v2\/media?parent=131974"}],"wp:term":[{"taxonomy":"product_cat","embeddable":true,"href":"https:\/\/www.ikuchyne.sk\/eshop\/wp-json\/wp\/v2\/product_cat?post=131974"},{"taxonomy":"product_tag","embeddable":true,"href":"https:\/\/www.ikuchyne.sk\/eshop\/wp-json\/wp\/v2\/product_tag?post=131974"}],"curies":[{"name":"wp","href":"https:\/\/api.w.org\/{rel}","templated":true}]}}