{"id":132190,"date":"2020-08-20T23:05:30","date_gmt":"2020-08-20T21:05:30","guid":{"rendered":"https:\/\/www.ikuchyne.sk\/eshop\/?post_type=product&#038;p=132190"},"modified":"2021-05-21T06:33:03","modified_gmt":"2021-05-21T04:33:03","slug":"konferencny-stolik-orient-36cm-hlinik-strieborna","status":"publish","type":"product","link":"https:\/\/www.ikuchyne.sk\/eshop\/produkt\/konferencny-stolik-orient-36cm-hlinik-strieborna\/","title":{"rendered":"Konferen\u010dn\u00fd stol\u00edk Orient 36cm hlin\u00edk strieborn\u00e1 \u00bb"},"content":{"rendered":"<h1>Konferen\u010dn\u00fd stol\u00edk Orient 36cm hlin\u00edk strieborn\u00e1 \u00bb<\/h1>\n<h4><strong>V\u0161eobecn\u00fd popis:<\/strong><\/h4>\n<p>Extravagantn\u00fd konferen\u010dn\u00fd stol\u00edk Orient 36cm hlin\u00edk strieborn\u00e1 vyroben\u00fd z vysoko kvalitnej kovovej zliatiny hlin\u00edka. Povrch bol navrhnut\u00fd elegantnou technikou \u00faderu kladivom. Ka\u017ed\u00fd konferen\u010dn\u00fd stol\u00edk je starostlivo ru\u010dne vyroben\u00fd. Doprajte svojmu domovu n\u00e1dych orient\u00e1lnej exotiky s t\u00fdmto jedine\u010dn\u00fdm stol\u00edkom!<\/p>\n<p>Tento pr\u00edru\u010dn\u00fd stol\u00edk je skuto\u010dn\u00fdm dizajnov\u00fdm vrcholom. Ak chcete svoj interi\u00e9r zu\u0161\u013eachti\u0165 ve\u013emi \u0161peci\u00e1lnym \u0161perkom, mali by ste sa bli\u017e\u0161ie pozrie\u0165 na tento mimoriadny konferen\u010dn\u00fd stol\u00edk. Leskl\u00fd povrch tu bol zu\u0161\u013eachten\u00fd pomocou tradi\u010dn\u00e9ho remeseln\u00e9ho spracovania v kladivom vzh\u013eade. Mal\u00e9 hr\u010dky robia ka\u017ed\u00fa k\u00f3piu jedine\u010dnou a sved\u010dia o prepracovanej manu\u00e1lnej pr\u00e1ci, ktor\u00e1 bola investovan\u00e1 do ka\u017ed\u00e9ho stol\u00edka.<\/p>\n<p>Orient\u00e1lny vkus vo va\u0161ej ob\u00fdvacej izbe. \u0160peci\u00e1lny povrch a extravagantn\u00fd tvar pr\u00edru\u010dn\u00e9ho stol\u00edka mu dod\u00e1vaj\u00fa n\u00e1dych orient\u00e1lnej extravagancie. V\u010faka svojej kompaktnej ve\u013ekosti m\u00f4\u017eete strieborn\u00fd konferen\u010dn\u00fd st\u00f4l umiestni\u0165 \u00fa\u017easne v\u0161estranne. Pre harmonick\u00fd koncept zaria\u010fovania odpor\u00fa\u010dame skombinova\u0165 so stolom jeden alebo dva strieborn\u00e9 doplnky &#8211; sta\u010d\u00ed vysk\u00fa\u0161a\u0165!<\/p>\n<h4><strong>Detaily produktu:<\/strong><\/h4>\n<p>Tento stol\u00edk je starostlivo vyroben\u00fd! Charakteristick\u00e9 s\u00fa pre neho mal\u00e9 hr\u010dky a odch\u00fdlky vo ve\u013ekosti a hmotnosti, ktor\u00e9 robia ka\u017ed\u00fa k\u00f3piu jedine\u010dnou. Tieto vlastnosti v\u0161ak nijako neovplyv\u0148uj\u00fa funkciu stolay a nepredstavuj\u00fa d\u00f4vod na reklam\u00e1ciu. Povrch bol zu\u0161\u013each\u0165ovan\u00fd technikou \u00faderu kladivom. Pre pocit orient\u00e1lneho n\u00e1dychu v ka\u017edej ob\u00fdvacej izbe. Pr\u00edru\u010dn\u00fd stol\u00edk je mo\u017en\u00e9 r\u00f4znymi sp\u00f4sobmi kombinova\u0165 s in\u00fdmi \u0161t\u00fdlmi a n\u00e1bytkom. Max. nosnos\u0165: cca 20 kg. Mo\u017enos\u0165 pou\u017ei\u0165 tento stol\u00edk aj ako pr\u00edru\u010dn\u00fd stol\u00edk. Vhodn\u00e9 bytov\u00e9 doplnky pre kombinovanie interi\u00e9ru s t\u00fdmto konferen\u010dn\u00fdm stol\u00edkom Orient n\u00e1jdete na na\u0161om e-shope v sekcii Bytov\u00e9 doplnky. Kontaktujte n\u00e1s a my v\u00e1m radi pom\u00f4\u017eeme s v\u00fdberom vhodn\u00fdch dekor\u00e1ci\u00ed a n\u00e1bytku do va\u0161ej dom\u00e1cnosti.<\/p>\n<p><b>Rozmery<\/b> (cca)<br \/>\n36cm x 47cm x 36cm (\u0160xVxH)<br \/>\n<b>Farba:<\/b> strieborn\u00e1<br \/>\n<b>Materi\u00e1l:<\/b> zliatina hlin\u00edka<\/p>\n<p>Dodato\u010dn\u00e9 inform\u00e1cie:<\/p>\n<p>V pr\u00edpade z\u00e1ujmu o in\u00e9 stoly ako toaletn\u00e9, p\u00edsacie, konferen\u010dn\u00e9 stol\u00edky \u010di jed\u00e1lensk\u00e9 stoly, nav\u0161t\u00edvte sekciu stoly na <a href=\"https:\/\/www.ikuchyne.sk\/eshop\/kategoria\/stoly\/\">www.ikuchyne.sk\/eshop<\/a><br \/>\nV pr\u00edpade z\u00e1ujmu o n\u00e1bytok na mieru n\u00e1s kontaktuje na <a href=\"http:\/\/www.ikuchyne.sk\">www.ikuchyne.sk<\/a><\/p>\n","protected":false},"excerpt":{"rendered":"<p>Konferen\u010dn\u00fd stol\u00edk Orient 36cm hlin\u00edk strieborn\u00e1 \u00bb V\u0161eobecn\u00fd popis: Extravagantn\u00fd konferen\u010dn\u00fd stol\u00edk Orient 36cm hlin\u00edk strieborn\u00e1 vyroben\u00fd z vysoko kvalitnej kovovej zliatiny hlin\u00edka. Povrch bol navrhnut\u00fd elegantnou technikou \u00faderu kladivom.<\/p>\n","protected":false},"featured_media":132191,"comment_status":"closed","ping_status":"closed","template":"","meta":[],"product_cat":[772,287,304,836,841,843],"product_tag":[210],"yoast_head":"<!-- This site is optimized with the Yoast SEO plugin v22.1 - https:\/\/yoast.com\/wordpress\/plugins\/seo\/ -->\n<title>Konferen\u010dn\u00fd stol\u00edk Orient 36cm hlin\u00edk strieborn\u00e1 \u00bb &#187; iKuchyne iSHOP s n\u00e1bytkom<\/title>\n<meta name=\"description\" content=\"Konferen\u010dn\u00fd stol\u00edk Orient 36cm hlin\u00edk strieborn\u00e1 \u00bb - r\u00fdchle dodanie, poradenstvo, n\u00e1bytok skladom v Bratislave s ikuchyne.sk - kuchyne na mieru.\" \/>\n<meta name=\"robots\" content=\"index, follow, max-snippet:-1, max-image-preview:large, max-video-preview:-1\" \/>\n<link rel=\"canonical\" href=\"https:\/\/www.ikuchyne.sk\/eshop\/produkt\/konferencny-stolik-orient-36cm-hlinik-strieborna\/\" \/>\n<meta property=\"og:locale\" content=\"sk_SK\" \/>\n<meta property=\"og:type\" content=\"article\" \/>\n<meta property=\"og:title\" content=\"Konferen\u010dn\u00fd stol\u00edk Orient 36cm hlin\u00edk strieborn\u00e1 \u00bb &#187; iKuchyne iSHOP s n\u00e1bytkom\" \/>\n<meta property=\"og:description\" content=\"Konferen\u010dn\u00fd stol\u00edk Orient 36cm hlin\u00edk strieborn\u00e1 \u00bb - r\u00fdchle dodanie, poradenstvo, n\u00e1bytok skladom v Bratislave s ikuchyne.sk - kuchyne na mieru.\" \/>\n<meta property=\"og:url\" content=\"https:\/\/www.ikuchyne.sk\/eshop\/produkt\/konferencny-stolik-orient-36cm-hlinik-strieborna\/\" \/>\n<meta property=\"og:site_name\" content=\"iKuchyne iSHOP s n\u00e1bytkom\" \/>\n<meta property=\"article:publisher\" content=\"https:\/\/www.facebook.com\/ikuchyne\/\" \/>\n<meta property=\"article:modified_time\" content=\"2021-05-21T04:33:03+00:00\" \/>\n<meta property=\"og:image\" content=\"https:\/\/www.ikuchyne.sk\/eshop\/wp-content\/uploads\/2020\/08\/Konferen\u010dn\u00fd-stol\u00edk-Orient-36cm-hlin\u00edk-strieborn\u00e1-40235.jpg\" \/>\n\t<meta property=\"og:image:width\" content=\"800\" \/>\n\t<meta property=\"og:image:height\" content=\"533\" \/>\n\t<meta property=\"og:image:type\" content=\"image\/jpeg\" \/>\n<meta name=\"twitter:card\" content=\"summary_large_image\" \/>\n<meta name=\"twitter:label1\" content=\"Predpokladan\u00fd \u010das \u010d\u00edtania\" \/>\n\t<meta name=\"twitter:data1\" content=\"2 min\u00faty\" \/>\n<script type=\"application\/ld+json\" class=\"yoast-schema-graph\">{\"@context\":\"https:\/\/schema.org\",\"@graph\":[{\"@type\":\"WebPage\",\"@id\":\"https:\/\/www.ikuchyne.sk\/eshop\/produkt\/konferencny-stolik-orient-36cm-hlinik-strieborna\/\",\"url\":\"https:\/\/www.ikuchyne.sk\/eshop\/produkt\/konferencny-stolik-orient-36cm-hlinik-strieborna\/\",\"name\":\"Konferen\u010dn\u00fd stol\u00edk Orient 36cm hlin\u00edk strieborn\u00e1 \u00bb &#187; iKuchyne iSHOP s n\u00e1bytkom\",\"isPartOf\":{\"@id\":\"https:\/\/www.ikuchyne.sk\/eshop\/#website\"},\"datePublished\":\"2020-08-20T21:05:30+00:00\",\"dateModified\":\"2021-05-21T04:33:03+00:00\",\"description\":\"Konferen\u010dn\u00fd stol\u00edk Orient 36cm hlin\u00edk strieborn\u00e1 \u00bb - r\u00fdchle dodanie, poradenstvo, n\u00e1bytok skladom v Bratislave s ikuchyne.sk - kuchyne na mieru.\",\"breadcrumb\":{\"@id\":\"https:\/\/www.ikuchyne.sk\/eshop\/produkt\/konferencny-stolik-orient-36cm-hlinik-strieborna\/#breadcrumb\"},\"inLanguage\":\"sk-SK\",\"potentialAction\":[{\"@type\":\"ReadAction\",\"target\":[\"https:\/\/www.ikuchyne.sk\/eshop\/produkt\/konferencny-stolik-orient-36cm-hlinik-strieborna\/\"]}]},{\"@type\":\"BreadcrumbList\",\"@id\":\"https:\/\/www.ikuchyne.sk\/eshop\/produkt\/konferencny-stolik-orient-36cm-hlinik-strieborna\/#breadcrumb\",\"itemListElement\":[{\"@type\":\"ListItem\",\"position\":1,\"name\":\"Home\",\"item\":\"https:\/\/www.ikuchyne.sk\/eshop\/\"},{\"@type\":\"ListItem\",\"position\":2,\"name\":\"Obchod\",\"item\":\"https:\/\/www.ikuchyne.sk\/eshop\/obchod\/\"},{\"@type\":\"ListItem\",\"position\":3,\"name\":\"Konferen\u010dn\u00fd stol\u00edk Orient 36cm hlin\u00edk strieborn\u00e1 \u00bb\"}]},{\"@type\":\"WebSite\",\"@id\":\"https:\/\/www.ikuchyne.sk\/eshop\/#website\",\"url\":\"https:\/\/www.ikuchyne.sk\/eshop\/\",\"name\":\"iKuchyne iSHOP s n\u00e1bytkom\",\"description\":\"Jed\u00e1lensk\u00e9 stoly, stoli\u010dky, n\u00e1bytok, svietidl\u00e1...\",\"publisher\":{\"@id\":\"https:\/\/www.ikuchyne.sk\/eshop\/#organization\"},\"potentialAction\":[{\"@type\":\"SearchAction\",\"target\":{\"@type\":\"EntryPoint\",\"urlTemplate\":\"https:\/\/www.ikuchyne.sk\/eshop\/?s={search_term_string}\"},\"query-input\":\"required name=search_term_string\"}],\"inLanguage\":\"sk-SK\"},{\"@type\":\"Organization\",\"@id\":\"https:\/\/www.ikuchyne.sk\/eshop\/#organization\",\"name\":\"ikuchyne!\",\"url\":\"https:\/\/www.ikuchyne.sk\/eshop\/\",\"logo\":{\"@type\":\"ImageObject\",\"inLanguage\":\"sk-SK\",\"@id\":\"https:\/\/www.ikuchyne.sk\/eshop\/#\/schema\/logo\/image\/\",\"url\":\"https:\/\/www.ikuchyne.sk\/eshop\/wp-content\/uploads\/2017\/04\/ikuchyne-logo.jpg\",\"contentUrl\":\"https:\/\/www.ikuchyne.sk\/eshop\/wp-content\/uploads\/2017\/04\/ikuchyne-logo.jpg\",\"width\":200,\"height\":48,\"caption\":\"ikuchyne!\"},\"image\":{\"@id\":\"https:\/\/www.ikuchyne.sk\/eshop\/#\/schema\/logo\/image\/\"},\"sameAs\":[\"https:\/\/www.facebook.com\/ikuchyne\/\",\"https:\/\/www.instagram.com\/ikuchyne.sk\/\",\"https:\/\/sk.pinterest.com\/ikuchynesk\/\"]}]}<\/script>\n<!-- \/ Yoast SEO plugin. -->","yoast_head_json":{"title":"Konferen\u010dn\u00fd stol\u00edk Orient 36cm hlin\u00edk strieborn\u00e1 \u00bb &#187; iKuchyne iSHOP s n\u00e1bytkom","description":"Konferen\u010dn\u00fd stol\u00edk Orient 36cm hlin\u00edk strieborn\u00e1 \u00bb - r\u00fdchle dodanie, poradenstvo, n\u00e1bytok skladom v Bratislave s ikuchyne.sk - kuchyne na mieru.","robots":{"index":"index","follow":"follow","max-snippet":"max-snippet:-1","max-image-preview":"max-image-preview:large","max-video-preview":"max-video-preview:-1"},"canonical":"https:\/\/www.ikuchyne.sk\/eshop\/produkt\/konferencny-stolik-orient-36cm-hlinik-strieborna\/","og_locale":"sk_SK","og_type":"article","og_title":"Konferen\u010dn\u00fd stol\u00edk Orient 36cm hlin\u00edk strieborn\u00e1 \u00bb &#187; iKuchyne iSHOP s n\u00e1bytkom","og_description":"Konferen\u010dn\u00fd stol\u00edk Orient 36cm hlin\u00edk strieborn\u00e1 \u00bb - r\u00fdchle dodanie, poradenstvo, n\u00e1bytok skladom v Bratislave s ikuchyne.sk - kuchyne na mieru.","og_url":"https:\/\/www.ikuchyne.sk\/eshop\/produkt\/konferencny-stolik-orient-36cm-hlinik-strieborna\/","og_site_name":"iKuchyne iSHOP s n\u00e1bytkom","article_publisher":"https:\/\/www.facebook.com\/ikuchyne\/","article_modified_time":"2021-05-21T04:33:03+00:00","og_image":[{"width":800,"height":533,"url":"https:\/\/www.ikuchyne.sk\/eshop\/wp-content\/uploads\/2020\/08\/Konferen\u010dn\u00fd-stol\u00edk-Orient-36cm-hlin\u00edk-strieborn\u00e1-40235.jpg","type":"image\/jpeg"}],"twitter_card":"summary_large_image","twitter_misc":{"Predpokladan\u00fd \u010das \u010d\u00edtania":"2 min\u00faty"},"schema":{"@context":"https:\/\/schema.org","@graph":[{"@type":"WebPage","@id":"https:\/\/www.ikuchyne.sk\/eshop\/produkt\/konferencny-stolik-orient-36cm-hlinik-strieborna\/","url":"https:\/\/www.ikuchyne.sk\/eshop\/produkt\/konferencny-stolik-orient-36cm-hlinik-strieborna\/","name":"Konferen\u010dn\u00fd stol\u00edk Orient 36cm hlin\u00edk strieborn\u00e1 \u00bb &#187; iKuchyne iSHOP s n\u00e1bytkom","isPartOf":{"@id":"https:\/\/www.ikuchyne.sk\/eshop\/#website"},"datePublished":"2020-08-20T21:05:30+00:00","dateModified":"2021-05-21T04:33:03+00:00","description":"Konferen\u010dn\u00fd stol\u00edk Orient 36cm hlin\u00edk strieborn\u00e1 \u00bb - r\u00fdchle dodanie, poradenstvo, n\u00e1bytok skladom v Bratislave s ikuchyne.sk - kuchyne na mieru.","breadcrumb":{"@id":"https:\/\/www.ikuchyne.sk\/eshop\/produkt\/konferencny-stolik-orient-36cm-hlinik-strieborna\/#breadcrumb"},"inLanguage":"sk-SK","potentialAction":[{"@type":"ReadAction","target":["https:\/\/www.ikuchyne.sk\/eshop\/produkt\/konferencny-stolik-orient-36cm-hlinik-strieborna\/"]}]},{"@type":"BreadcrumbList","@id":"https:\/\/www.ikuchyne.sk\/eshop\/produkt\/konferencny-stolik-orient-36cm-hlinik-strieborna\/#breadcrumb","itemListElement":[{"@type":"ListItem","position":1,"name":"Home","item":"https:\/\/www.ikuchyne.sk\/eshop\/"},{"@type":"ListItem","position":2,"name":"Obchod","item":"https:\/\/www.ikuchyne.sk\/eshop\/obchod\/"},{"@type":"ListItem","position":3,"name":"Konferen\u010dn\u00fd stol\u00edk Orient 36cm hlin\u00edk strieborn\u00e1 \u00bb"}]},{"@type":"WebSite","@id":"https:\/\/www.ikuchyne.sk\/eshop\/#website","url":"https:\/\/www.ikuchyne.sk\/eshop\/","name":"iKuchyne iSHOP s n\u00e1bytkom","description":"Jed\u00e1lensk\u00e9 stoly, stoli\u010dky, n\u00e1bytok, svietidl\u00e1...","publisher":{"@id":"https:\/\/www.ikuchyne.sk\/eshop\/#organization"},"potentialAction":[{"@type":"SearchAction","target":{"@type":"EntryPoint","urlTemplate":"https:\/\/www.ikuchyne.sk\/eshop\/?s={search_term_string}"},"query-input":"required name=search_term_string"}],"inLanguage":"sk-SK"},{"@type":"Organization","@id":"https:\/\/www.ikuchyne.sk\/eshop\/#organization","name":"ikuchyne!","url":"https:\/\/www.ikuchyne.sk\/eshop\/","logo":{"@type":"ImageObject","inLanguage":"sk-SK","@id":"https:\/\/www.ikuchyne.sk\/eshop\/#\/schema\/logo\/image\/","url":"https:\/\/www.ikuchyne.sk\/eshop\/wp-content\/uploads\/2017\/04\/ikuchyne-logo.jpg","contentUrl":"https:\/\/www.ikuchyne.sk\/eshop\/wp-content\/uploads\/2017\/04\/ikuchyne-logo.jpg","width":200,"height":48,"caption":"ikuchyne!"},"image":{"@id":"https:\/\/www.ikuchyne.sk\/eshop\/#\/schema\/logo\/image\/"},"sameAs":["https:\/\/www.facebook.com\/ikuchyne\/","https:\/\/www.instagram.com\/ikuchyne.sk\/","https:\/\/sk.pinterest.com\/ikuchynesk\/"]}]}},"_links":{"self":[{"href":"https:\/\/www.ikuchyne.sk\/eshop\/wp-json\/wp\/v2\/product\/132190"}],"collection":[{"href":"https:\/\/www.ikuchyne.sk\/eshop\/wp-json\/wp\/v2\/product"}],"about":[{"href":"https:\/\/www.ikuchyne.sk\/eshop\/wp-json\/wp\/v2\/types\/product"}],"replies":[{"embeddable":true,"href":"https:\/\/www.ikuchyne.sk\/eshop\/wp-json\/wp\/v2\/comments?post=132190"}],"wp:featuredmedia":[{"embeddable":true,"href":"https:\/\/www.ikuchyne.sk\/eshop\/wp-json\/wp\/v2\/media\/132191"}],"wp:attachment":[{"href":"https:\/\/www.ikuchyne.sk\/eshop\/wp-json\/wp\/v2\/media?parent=132190"}],"wp:term":[{"taxonomy":"product_cat","embeddable":true,"href":"https:\/\/www.ikuchyne.sk\/eshop\/wp-json\/wp\/v2\/product_cat?post=132190"},{"taxonomy":"product_tag","embeddable":true,"href":"https:\/\/www.ikuchyne.sk\/eshop\/wp-json\/wp\/v2\/product_tag?post=132190"}],"curies":[{"name":"wp","href":"https:\/\/api.w.org\/{rel}","templated":true}]}}