{"id":132214,"date":"2020-08-20T23:11:09","date_gmt":"2020-08-20T21:11:09","guid":{"rendered":"https:\/\/www.ikuchyne.sk\/eshop\/?post_type=product&#038;p=132214"},"modified":"2023-10-02T08:56:22","modified_gmt":"2023-10-02T06:56:22","slug":"konferencny-stolik-organic-orient-30cm-med","status":"publish","type":"product","link":"https:\/\/www.ikuchyne.sk\/eshop\/produkt\/konferencny-stolik-organic-orient-30cm-med\/","title":{"rendered":"Konferen\u010dn\u00fd stol\u00edk Organic Orient 30cm me\u010f \u00bb"},"content":{"rendered":"<h1>Konferen\u010dn\u00fd stol\u00edk Organic Orient 30cm me\u010f \u00bb<\/h1>\n<h4><strong>V\u0161ebecn\u00fd popis:<\/strong><\/h4>\n<p>Prepracovan\u00fd konferen\u010dn\u00fd stol\u00edk Organic Orient 30cm me\u010f s orient\u00e1lnym vkusom. Vzh\u013ead ru\u010dne vyroben\u00fd kladivov\u00fd vrchn\u00fd povrch konferen\u010dn\u00e9ho stol\u00edka. Vysoko kvalitn\u00e1 hlin\u00edkov\u00e1 zliatina je odoln\u00e1 a \u013eahko sa o \u0148u star\u00e1. Za\u017eite, ako tento elegantn\u00fd konferen\u010dn\u00fd stol\u00edk Organic Orient meden\u00fd obohat\u00ed va\u0161u ob\u00fdvaciu izbu!<br \/>\n<b><\/b><\/p>\n<p>Ka\u017ed\u00fd stol\u00edk je jedine\u010dn\u00fd. Dizajn konferen\u010dn\u00e9ho stol\u00edka bol navrhnut\u00fd v n\u00e1hodn\u00fdch vzoroch, ktor\u00fd tvor\u00ed nerovn\u00fd povrch a jednotliv\u00e9 l\u00ednie. V\u010faka tomu sa meden\u00fd povrch v\u017edy trbliece trochu inak v z\u00e1vislosti od dopadu svetla. A napriek jeho extravagantn\u00e9mu dizajnu m\u00f4\u017eete pr\u00edru\u010dn\u00fd stol\u00edk kombinova\u0165 r\u00f4znymi sp\u00f4sobmi a doda\u0165 punc orient\u00e1lneho vkusu \u0161irokej \u0161k\u00e1le \u0161t\u00fdlov zaria\u010fovania.<\/p>\n<p>Tento pr\u00edru\u010dn\u00fd stol\u00edk patr\u00ed do va\u0161ej ob\u00fdva\u010dky! P\u00e1\u010di sa v\u00e1m individualita a radi d\u00e1vate svojmu domovu n\u00e1dych extravagancie? Potom je tento mimoriadny pr\u00edru\u010dn\u00fd stol\u00edk vyroben\u00fd z meden\u00e9ho hlin\u00edka presne tou spr\u00e1vnou vo\u013ebou. Okr\u00fahly st\u00f4l m\u00e1 dosku stola v tepanom dizajne, ktor\u00e1 je starostlivo ru\u010dne vyroben\u00e1. Nezvy\u010dajn\u00fd dizajn vonkaj\u0161\u00edch povrchov vytv\u00e1ra vzru\u0161uj\u00faci kontrast.<\/p>\n<h4>Detaily produktu:<\/h4>\n<p>Vyroben\u00e9 z meden\u00e9ho hlin\u00edka s ru\u010dne vyroben\u00fdm kladivov\u00fdm vzh\u013eadom.\u00a0 S r\u00f4znymi povrchov\u00fdmi \u00fapravami pre mimoriadny vzh\u013ead. Ru\u010dne vyroben\u00e9, tak\u017ee ka\u017ed\u00fd st\u00f4l je jedine\u010dn\u00fd. Max. nosnos\u0165: cca 20 kg. Vysoko kvalitn\u00e9 materi\u00e1l a prepracovan\u00e9 spracovanie! Na\u0161e bytov\u00e9 doplnky a n\u00e1bytok z vysoko kvalitnej zliatiny kov-hlin\u00edk sa stan\u00fa leskl\u00fdm srdcom v\u00e1\u0161ho interi\u00e9ru a in\u0161piruj\u00fa u\u0161\u013eachtil\u00fdm vzh\u013eadom a necitliv\u00fdm povrchom. Vhodn\u00e9 bytov\u00e9 doplnky pre kombinovanie interi\u00e9ru s t\u00fdmto konferen\u010dn\u00fdm stol\u00edkom n\u00e1jdete na na\u0161om e-shope v sekcii Bytov\u00e9 doplnky. Kontaktujte n\u00e1s a my v\u00e1m radi pom\u00f4\u017eeme s v\u00fdberom vhodn\u00fdch dekor\u00e1ci\u00ed.<\/p>\n<p><strong>\u010eal\u0161ie inform\u00e1cie:<br \/>\n<\/strong>Ide o ru\u010dne vyroben\u00fd prosdukt, ka\u017ed\u00fd kus je unik\u00e1t.<\/p>\n<p><b>Rozmery<\/b> (cca): 30cm x 46cm x 30cm (\u0160xVxH)<br \/>\n<b>Farba:<\/b> meden\u00e1<br \/>\n<b>Materi\u00e1l:<\/b> zliatina hlin\u00edka<\/p>\n<p>Dodato\u010dn\u00e9 inform\u00e1cie:<\/p>\n<p>V pr\u00edpade z\u00e1ujmu o in\u00e9 stoly ako toaletn\u00e9, p\u00edsacie, konferen\u010dn\u00e9 stol\u00edky \u010di jed\u00e1lensk\u00e9 stoly, nav\u0161t\u00edvte sekciu stoly na <a href=\"https:\/\/www.ikuchyne.sk\/eshop\/kategoria\/stoly\/\">www.ikuchyne.sk\/eshop<\/a><br \/>\nV pr\u00edpade z\u00e1ujmu o n\u00e1bytok na mieru n\u00e1s kontaktuje na <a href=\"http:\/\/www.ikuchyne.sk\">www.ikuchyne.sk<\/a><\/p>\n","protected":false},"excerpt":{"rendered":"<p>Konferen\u010dn\u00fd stol\u00edk Organic Orient 30cm me\u010f \u00bb V\u0161ebecn\u00fd popis: Prepracovan\u00fd konferen\u010dn\u00fd stol\u00edk Organic Orient 30cm me\u010f s orient\u00e1lnym vkusom. Vzh\u013ead ru\u010dne vyroben\u00fd kladivov\u00fd vrchn\u00fd povrch konferen\u010dn\u00e9ho stol\u00edka. Vysoko kvalitn\u00e1 hlin\u00edkov\u00e1<\/p>\n","protected":false},"featured_media":132215,"comment_status":"closed","ping_status":"closed","template":"","meta":[],"product_cat":[304,839,836,833,772,841,287],"product_tag":[585],"yoast_head":"<!-- This site is optimized with the Yoast SEO plugin v22.1 - https:\/\/yoast.com\/wordpress\/plugins\/seo\/ -->\n<title>Konferen\u010dn\u00fd stol\u00edk Organic Orient 30cm me\u010f \u00bb &#187; iKuchyne iSHOP s n\u00e1bytkom<\/title>\n<meta name=\"description\" content=\"Konferen\u010dn\u00fd stol\u00edk Organic Orient 30cm me\u010f \u00bb - r\u00fdchle dodanie, poradenstvo, n\u00e1bytok skladom v Bratislave s ikuchyne.sk - kuchyne na mieru.\" \/>\n<meta name=\"robots\" content=\"index, follow, max-snippet:-1, max-image-preview:large, max-video-preview:-1\" \/>\n<link rel=\"canonical\" href=\"https:\/\/www.ikuchyne.sk\/eshop\/produkt\/konferencny-stolik-organic-orient-30cm-med\/\" \/>\n<meta property=\"og:locale\" content=\"sk_SK\" \/>\n<meta property=\"og:type\" content=\"article\" \/>\n<meta property=\"og:title\" content=\"Konferen\u010dn\u00fd stol\u00edk Organic Orient 30cm me\u010f \u00bb &#187; iKuchyne iSHOP s n\u00e1bytkom\" \/>\n<meta property=\"og:description\" content=\"Konferen\u010dn\u00fd stol\u00edk Organic Orient 30cm me\u010f \u00bb - r\u00fdchle dodanie, poradenstvo, n\u00e1bytok skladom v Bratislave s ikuchyne.sk - kuchyne na mieru.\" \/>\n<meta property=\"og:url\" content=\"https:\/\/www.ikuchyne.sk\/eshop\/produkt\/konferencny-stolik-organic-orient-30cm-med\/\" \/>\n<meta property=\"og:site_name\" content=\"iKuchyne iSHOP s n\u00e1bytkom\" \/>\n<meta property=\"article:publisher\" content=\"https:\/\/www.facebook.com\/ikuchyne\/\" \/>\n<meta property=\"article:modified_time\" content=\"2023-10-02T06:56:22+00:00\" \/>\n<meta property=\"og:image\" content=\"https:\/\/www.ikuchyne.sk\/eshop\/wp-content\/uploads\/2020\/08\/Konferen\u010dn\u00fd-stol\u00edk-Organic-Orient-30cm-hlin\u00edk-me\u010f-40229.jpg\" \/>\n\t<meta property=\"og:image:width\" content=\"800\" \/>\n\t<meta property=\"og:image:height\" content=\"703\" \/>\n\t<meta property=\"og:image:type\" content=\"image\/jpeg\" \/>\n<meta name=\"twitter:card\" content=\"summary_large_image\" \/>\n<meta name=\"twitter:label1\" content=\"Predpokladan\u00fd \u010das \u010d\u00edtania\" \/>\n\t<meta name=\"twitter:data1\" content=\"2 min\u00faty\" \/>\n<script type=\"application\/ld+json\" class=\"yoast-schema-graph\">{\"@context\":\"https:\/\/schema.org\",\"@graph\":[{\"@type\":\"WebPage\",\"@id\":\"https:\/\/www.ikuchyne.sk\/eshop\/produkt\/konferencny-stolik-organic-orient-30cm-med\/\",\"url\":\"https:\/\/www.ikuchyne.sk\/eshop\/produkt\/konferencny-stolik-organic-orient-30cm-med\/\",\"name\":\"Konferen\u010dn\u00fd stol\u00edk Organic Orient 30cm me\u010f \u00bb &#187; iKuchyne iSHOP s n\u00e1bytkom\",\"isPartOf\":{\"@id\":\"https:\/\/www.ikuchyne.sk\/eshop\/#website\"},\"datePublished\":\"2020-08-20T21:11:09+00:00\",\"dateModified\":\"2023-10-02T06:56:22+00:00\",\"description\":\"Konferen\u010dn\u00fd stol\u00edk Organic Orient 30cm me\u010f \u00bb - r\u00fdchle dodanie, poradenstvo, n\u00e1bytok skladom v Bratislave s ikuchyne.sk - kuchyne na mieru.\",\"breadcrumb\":{\"@id\":\"https:\/\/www.ikuchyne.sk\/eshop\/produkt\/konferencny-stolik-organic-orient-30cm-med\/#breadcrumb\"},\"inLanguage\":\"sk-SK\",\"potentialAction\":[{\"@type\":\"ReadAction\",\"target\":[\"https:\/\/www.ikuchyne.sk\/eshop\/produkt\/konferencny-stolik-organic-orient-30cm-med\/\"]}]},{\"@type\":\"BreadcrumbList\",\"@id\":\"https:\/\/www.ikuchyne.sk\/eshop\/produkt\/konferencny-stolik-organic-orient-30cm-med\/#breadcrumb\",\"itemListElement\":[{\"@type\":\"ListItem\",\"position\":1,\"name\":\"Home\",\"item\":\"https:\/\/www.ikuchyne.sk\/eshop\/\"},{\"@type\":\"ListItem\",\"position\":2,\"name\":\"Obchod\",\"item\":\"https:\/\/www.ikuchyne.sk\/eshop\/obchod\/\"},{\"@type\":\"ListItem\",\"position\":3,\"name\":\"Konferen\u010dn\u00fd stol\u00edk Organic Orient 30cm me\u010f \u00bb\"}]},{\"@type\":\"WebSite\",\"@id\":\"https:\/\/www.ikuchyne.sk\/eshop\/#website\",\"url\":\"https:\/\/www.ikuchyne.sk\/eshop\/\",\"name\":\"iKuchyne iSHOP s n\u00e1bytkom\",\"description\":\"Jed\u00e1lensk\u00e9 stoly, stoli\u010dky, n\u00e1bytok, svietidl\u00e1...\",\"publisher\":{\"@id\":\"https:\/\/www.ikuchyne.sk\/eshop\/#organization\"},\"potentialAction\":[{\"@type\":\"SearchAction\",\"target\":{\"@type\":\"EntryPoint\",\"urlTemplate\":\"https:\/\/www.ikuchyne.sk\/eshop\/?s={search_term_string}\"},\"query-input\":\"required name=search_term_string\"}],\"inLanguage\":\"sk-SK\"},{\"@type\":\"Organization\",\"@id\":\"https:\/\/www.ikuchyne.sk\/eshop\/#organization\",\"name\":\"ikuchyne!\",\"url\":\"https:\/\/www.ikuchyne.sk\/eshop\/\",\"logo\":{\"@type\":\"ImageObject\",\"inLanguage\":\"sk-SK\",\"@id\":\"https:\/\/www.ikuchyne.sk\/eshop\/#\/schema\/logo\/image\/\",\"url\":\"https:\/\/www.ikuchyne.sk\/eshop\/wp-content\/uploads\/2017\/04\/ikuchyne-logo.jpg\",\"contentUrl\":\"https:\/\/www.ikuchyne.sk\/eshop\/wp-content\/uploads\/2017\/04\/ikuchyne-logo.jpg\",\"width\":200,\"height\":48,\"caption\":\"ikuchyne!\"},\"image\":{\"@id\":\"https:\/\/www.ikuchyne.sk\/eshop\/#\/schema\/logo\/image\/\"},\"sameAs\":[\"https:\/\/www.facebook.com\/ikuchyne\/\",\"https:\/\/www.instagram.com\/ikuchyne.sk\/\",\"https:\/\/sk.pinterest.com\/ikuchynesk\/\"]}]}<\/script>\n<!-- \/ Yoast SEO plugin. -->","yoast_head_json":{"title":"Konferen\u010dn\u00fd stol\u00edk Organic Orient 30cm me\u010f \u00bb &#187; iKuchyne iSHOP s n\u00e1bytkom","description":"Konferen\u010dn\u00fd stol\u00edk Organic Orient 30cm me\u010f \u00bb - r\u00fdchle dodanie, poradenstvo, n\u00e1bytok skladom v Bratislave s ikuchyne.sk - kuchyne na mieru.","robots":{"index":"index","follow":"follow","max-snippet":"max-snippet:-1","max-image-preview":"max-image-preview:large","max-video-preview":"max-video-preview:-1"},"canonical":"https:\/\/www.ikuchyne.sk\/eshop\/produkt\/konferencny-stolik-organic-orient-30cm-med\/","og_locale":"sk_SK","og_type":"article","og_title":"Konferen\u010dn\u00fd stol\u00edk Organic Orient 30cm me\u010f \u00bb &#187; iKuchyne iSHOP s n\u00e1bytkom","og_description":"Konferen\u010dn\u00fd stol\u00edk Organic Orient 30cm me\u010f \u00bb - r\u00fdchle dodanie, poradenstvo, n\u00e1bytok skladom v Bratislave s ikuchyne.sk - kuchyne na mieru.","og_url":"https:\/\/www.ikuchyne.sk\/eshop\/produkt\/konferencny-stolik-organic-orient-30cm-med\/","og_site_name":"iKuchyne iSHOP s n\u00e1bytkom","article_publisher":"https:\/\/www.facebook.com\/ikuchyne\/","article_modified_time":"2023-10-02T06:56:22+00:00","og_image":[{"width":800,"height":703,"url":"https:\/\/www.ikuchyne.sk\/eshop\/wp-content\/uploads\/2020\/08\/Konferen\u010dn\u00fd-stol\u00edk-Organic-Orient-30cm-hlin\u00edk-me\u010f-40229.jpg","type":"image\/jpeg"}],"twitter_card":"summary_large_image","twitter_misc":{"Predpokladan\u00fd \u010das \u010d\u00edtania":"2 min\u00faty"},"schema":{"@context":"https:\/\/schema.org","@graph":[{"@type":"WebPage","@id":"https:\/\/www.ikuchyne.sk\/eshop\/produkt\/konferencny-stolik-organic-orient-30cm-med\/","url":"https:\/\/www.ikuchyne.sk\/eshop\/produkt\/konferencny-stolik-organic-orient-30cm-med\/","name":"Konferen\u010dn\u00fd stol\u00edk Organic Orient 30cm me\u010f \u00bb &#187; iKuchyne iSHOP s n\u00e1bytkom","isPartOf":{"@id":"https:\/\/www.ikuchyne.sk\/eshop\/#website"},"datePublished":"2020-08-20T21:11:09+00:00","dateModified":"2023-10-02T06:56:22+00:00","description":"Konferen\u010dn\u00fd stol\u00edk Organic Orient 30cm me\u010f \u00bb - r\u00fdchle dodanie, poradenstvo, n\u00e1bytok skladom v Bratislave s ikuchyne.sk - kuchyne na mieru.","breadcrumb":{"@id":"https:\/\/www.ikuchyne.sk\/eshop\/produkt\/konferencny-stolik-organic-orient-30cm-med\/#breadcrumb"},"inLanguage":"sk-SK","potentialAction":[{"@type":"ReadAction","target":["https:\/\/www.ikuchyne.sk\/eshop\/produkt\/konferencny-stolik-organic-orient-30cm-med\/"]}]},{"@type":"BreadcrumbList","@id":"https:\/\/www.ikuchyne.sk\/eshop\/produkt\/konferencny-stolik-organic-orient-30cm-med\/#breadcrumb","itemListElement":[{"@type":"ListItem","position":1,"name":"Home","item":"https:\/\/www.ikuchyne.sk\/eshop\/"},{"@type":"ListItem","position":2,"name":"Obchod","item":"https:\/\/www.ikuchyne.sk\/eshop\/obchod\/"},{"@type":"ListItem","position":3,"name":"Konferen\u010dn\u00fd stol\u00edk Organic Orient 30cm me\u010f \u00bb"}]},{"@type":"WebSite","@id":"https:\/\/www.ikuchyne.sk\/eshop\/#website","url":"https:\/\/www.ikuchyne.sk\/eshop\/","name":"iKuchyne iSHOP s n\u00e1bytkom","description":"Jed\u00e1lensk\u00e9 stoly, stoli\u010dky, n\u00e1bytok, svietidl\u00e1...","publisher":{"@id":"https:\/\/www.ikuchyne.sk\/eshop\/#organization"},"potentialAction":[{"@type":"SearchAction","target":{"@type":"EntryPoint","urlTemplate":"https:\/\/www.ikuchyne.sk\/eshop\/?s={search_term_string}"},"query-input":"required name=search_term_string"}],"inLanguage":"sk-SK"},{"@type":"Organization","@id":"https:\/\/www.ikuchyne.sk\/eshop\/#organization","name":"ikuchyne!","url":"https:\/\/www.ikuchyne.sk\/eshop\/","logo":{"@type":"ImageObject","inLanguage":"sk-SK","@id":"https:\/\/www.ikuchyne.sk\/eshop\/#\/schema\/logo\/image\/","url":"https:\/\/www.ikuchyne.sk\/eshop\/wp-content\/uploads\/2017\/04\/ikuchyne-logo.jpg","contentUrl":"https:\/\/www.ikuchyne.sk\/eshop\/wp-content\/uploads\/2017\/04\/ikuchyne-logo.jpg","width":200,"height":48,"caption":"ikuchyne!"},"image":{"@id":"https:\/\/www.ikuchyne.sk\/eshop\/#\/schema\/logo\/image\/"},"sameAs":["https:\/\/www.facebook.com\/ikuchyne\/","https:\/\/www.instagram.com\/ikuchyne.sk\/","https:\/\/sk.pinterest.com\/ikuchynesk\/"]}]}},"_links":{"self":[{"href":"https:\/\/www.ikuchyne.sk\/eshop\/wp-json\/wp\/v2\/product\/132214"}],"collection":[{"href":"https:\/\/www.ikuchyne.sk\/eshop\/wp-json\/wp\/v2\/product"}],"about":[{"href":"https:\/\/www.ikuchyne.sk\/eshop\/wp-json\/wp\/v2\/types\/product"}],"replies":[{"embeddable":true,"href":"https:\/\/www.ikuchyne.sk\/eshop\/wp-json\/wp\/v2\/comments?post=132214"}],"wp:featuredmedia":[{"embeddable":true,"href":"https:\/\/www.ikuchyne.sk\/eshop\/wp-json\/wp\/v2\/media\/132215"}],"wp:attachment":[{"href":"https:\/\/www.ikuchyne.sk\/eshop\/wp-json\/wp\/v2\/media?parent=132214"}],"wp:term":[{"taxonomy":"product_cat","embeddable":true,"href":"https:\/\/www.ikuchyne.sk\/eshop\/wp-json\/wp\/v2\/product_cat?post=132214"},{"taxonomy":"product_tag","embeddable":true,"href":"https:\/\/www.ikuchyne.sk\/eshop\/wp-json\/wp\/v2\/product_tag?post=132214"}],"curies":[{"name":"wp","href":"https:\/\/api.w.org\/{rel}","templated":true}]}}