{"id":132340,"date":"2020-09-01T14:49:16","date_gmt":"2020-09-01T12:49:16","guid":{"rendered":"https:\/\/www.ikuchyne.sk\/eshop\/?post_type=product&#038;p=132340"},"modified":"2021-05-18T05:14:56","modified_gmt":"2021-05-18T03:14:56","slug":"jedalenska-stolicka-miami-hneda-2","status":"publish","type":"product","link":"https:\/\/www.ikuchyne.sk\/eshop\/produkt\/jedalenska-stolicka-miami-hneda-2\/","title":{"rendered":"Jed\u00e1lensk\u00e1 stoli\u010dka Miami hned\u00e1 \u00bb"},"content":{"rendered":"<h1>Jed\u00e1lensk\u00e1 stoli\u010dka Miami hned\u00e1 \u00bb<\/h1>\n<div class=\"electro-description\">\n<div class=\"electro-description\">\n<p><strong>V\u0161eobecn\u00fd opis stoli\u010dky:<br \/>\n<\/strong>Modern\u00e1 jed\u00e1lensk\u00e1 stoli\u010dka Miami hned\u00e1 s pohodln\u00fdm a m\u00e4kk\u00fdm \u010dal\u00fanen\u00fdm sed\u00e1kom z mikrovl\u00e1kna a kovov\u00fdm ly\u017einov\u00fdm podstavcom. Zauj\u00edmavo pre\u0161it\u00fd a \u010dlenen\u00fd povrch, hned\u00e1 farba a tmav\u00fd podstavec robia z tejto stoli\u010dky modern\u00fd kus n\u00e1bytku. Povrch sed\u00e1ka tvor\u00ed mikrovl\u00e1kno v hnedej farbe. Pre\u0161itie na sed\u00e1ku vytv\u00e1ra kocky, ktor\u00e9 vyzeraj\u00fa nielen vkusne, no prid\u00e1vaj\u00fa aj na komforte sedenia. Podno\u017e jed\u00e1lenskej stoli\u010dky tvor\u00ed \u010dierny kovov\u00fd ly\u017einov\u00fd podstavec. T\u00e1to jed\u00e1lensk\u00e1 stoli\u010dka je pohodln\u00e1 a v\u010faka \u0161t\u00fdlov\u00e9mu dizajnu vynikne v ka\u017edej modernej jed\u00e1lni. \u0160t\u00fdlov\u00e9 pre\u0161\u00edvanie na sedadle a na operadle. Jed\u00e1lensk\u00e1 stoli\u010dka Miami m\u00f4\u017ee by\u0165 pou\u017eit\u00e1 ako v jed\u00e1lni, tak aj ako konferen\u010dn\u00e1 stoli\u010dka. Pohodln\u00e9 \u010dal\u00fanenie pre va\u0161e pohodlie pri seden\u00ed. Max. nosnos\u0165: 110 kg.<\/p>\n<p><strong>Sed\u00e1k stoli\u010dky:<br \/>\n<\/strong>Povrch sed\u00e1ka tvor\u00ed mikrovl\u00e1kno v hnedej farbe. Zauj\u00edmavo rie\u0161en\u00e9 pre\u0161\u00edvanie na sed\u00e1ku vytv\u00e1ra kocky.<\/p>\n<p><strong>Podno\u017e stoli\u010dky:<br \/>\n<\/strong>Podno\u017e stoli\u010dky je tvoren\u00e1 \u010diernym kovov\u00fdm ly\u017einov\u00fdm podstavcom.<\/p>\n<p><strong>\u010eal\u0161ie inform\u00e1cie:<br \/>\n<\/strong>Vhodne zvolen\u00fd v\u00fdber materi\u00e1lov rob\u00ed z tejto jed\u00e1lenskej stoli\u010dky Miami hned\u00e1 \u013eahko udr\u017eiavan\u00fd kus n\u00e1bytku s dlhou \u017eivotnos\u0165ou. O\u0161etrujeme vlhkou handri\u010dkou namo\u010denou v mydlovej vode a vysu\u0161\u00edme dosucha. Ak nie je pre v\u00e1s romantick\u00fd dizajn \u010di retro to prav\u00e9, potom je priemyseln\u00fd \u0161t\u00fdl pre v\u00e1s vhodnou vo\u013ebou. Hlavn\u00fdmi znakmi s\u00fa pevn\u00e9 materi\u00e1ly ako \u017eelezo, drevo a bet\u00f3n. Nechajte sa o\u010dari\u0165 industri\u00e1lnym \u0161t\u00fdlom, ktor\u00fd v\u00e1m zaru\u010dene vytvor\u00ed n\u00e1dhern\u00fd interi\u00e9r vo va\u0161ej dom\u00e1cnosti. Vhodn\u00e9 bytov\u00e9 doplnky pre kombinovanie interi\u00e9ru s touto jed\u00e1lenskou stoli\u010dkou n\u00e1jdete na na\u0161om e-shope v sekcii Bytov\u00e9 doplnky. Kontaktujte n\u00e1s a my v\u00e1m radi pom\u00f4\u017eeme s v\u00fdberom vhodn\u00fdch dekor\u00e1ci\u00ed.<\/p>\n<\/div>\n<\/div>\n<div class=\"electro-description\">\n<div class=\"electro-description\">\n<p><b>Rozmery<\/b> (cca):<br \/>\n46cm x 88cm x 63cm (\u0160xVxH)<br \/>\nsedenie: 43cm x 51cm x 42cm (\u0160xVxH)<br \/>\nv\u00fd\u0161ka operadla: 43cm<\/p>\n<p><b>Farba:<\/b> hned\u00e1, \u010dierna<br \/>\n<b>Materi\u00e1l:<\/b> mikrovl\u00e1kno, kov<\/p>\n<p>Dodato\u010dn\u00e9 inform\u00e1cie:<\/p>\n<p>V pr\u00edpade z\u00e1ujmu o in\u00e9 stoli\u010dky ako jed\u00e1lensk\u00e9 stoli\u010dky, barov\u00e9 stoli\u010dky, kancel\u00e1rske stoli\u010dky, nav\u0161t\u00edvte sekciu stoly na <a href=\"https:\/\/www.ikuchyne.sk\/eshop\/kategoria\/stolicky\/\">www.ikuchyne.sk\/eshop<\/a><br \/>\nV pr\u00edpade z\u00e1ujmu o n\u00e1bytok na mieru n\u00e1s kontaktuje na <a href=\"http:\/\/www.ikuchyne.sk\">www.ikuchyne.sk<\/a><\/p>\n<\/div>\n<\/div>\n","protected":false},"excerpt":{"rendered":"<p>Jed\u00e1lensk\u00e1 stoli\u010dka Miami hned\u00e1 \u00bb V\u0161eobecn\u00fd opis stoli\u010dky: Modern\u00e1 jed\u00e1lensk\u00e1 stoli\u010dka Miami hned\u00e1 s pohodln\u00fdm a m\u00e4kk\u00fdm \u010dal\u00fanen\u00fdm sed\u00e1kom z mikrovl\u00e1kna a kovov\u00fdm ly\u017einov\u00fdm podstavcom. Zauj\u00edmavo pre\u0161it\u00fd a \u010dlenen\u00fd povrch,<\/p>\n","protected":false},"featured_media":132341,"comment_status":"closed","ping_status":"closed","template":"","meta":[],"product_cat":[310,823,826,828,820,830,772,288],"product_tag":[187,192],"yoast_head":"<!-- This site is optimized with the Yoast SEO plugin v22.1 - https:\/\/yoast.com\/wordpress\/plugins\/seo\/ -->\n<title>Jed\u00e1lensk\u00e1 stoli\u010dka Miami hned\u00e1 \u00bb &#187; iKuchyne iSHOP s n\u00e1bytkom<\/title>\n<meta name=\"description\" content=\"Jed\u00e1lensk\u00e1 stoli\u010dka Miami hned\u00e1 \u00bb - r\u00fdchle dodanie, poradenstvo, n\u00e1bytok skladom v Bratislave s ikuchyne.sk - kuchyne na mieru.\" \/>\n<meta name=\"robots\" content=\"index, follow, max-snippet:-1, max-image-preview:large, max-video-preview:-1\" \/>\n<link rel=\"canonical\" href=\"https:\/\/www.ikuchyne.sk\/eshop\/produkt\/jedalenska-stolicka-miami-hneda-2\/\" \/>\n<meta property=\"og:locale\" content=\"sk_SK\" \/>\n<meta property=\"og:type\" content=\"article\" \/>\n<meta property=\"og:title\" content=\"Jed\u00e1lensk\u00e1 stoli\u010dka Miami hned\u00e1 \u00bb &#187; iKuchyne iSHOP s n\u00e1bytkom\" \/>\n<meta property=\"og:description\" content=\"Jed\u00e1lensk\u00e1 stoli\u010dka Miami hned\u00e1 \u00bb - r\u00fdchle dodanie, poradenstvo, n\u00e1bytok skladom v Bratislave s ikuchyne.sk - kuchyne na mieru.\" \/>\n<meta property=\"og:url\" content=\"https:\/\/www.ikuchyne.sk\/eshop\/produkt\/jedalenska-stolicka-miami-hneda-2\/\" \/>\n<meta property=\"og:site_name\" content=\"iKuchyne iSHOP s n\u00e1bytkom\" \/>\n<meta property=\"article:publisher\" content=\"https:\/\/www.facebook.com\/ikuchyne\/\" \/>\n<meta property=\"article:modified_time\" content=\"2021-05-18T03:14:56+00:00\" \/>\n<meta property=\"og:image\" content=\"https:\/\/www.ikuchyne.sk\/eshop\/wp-content\/uploads\/2020\/08\/Stoli\u010dka-Miami-hned\u00e1-39855.jpg\" \/>\n\t<meta property=\"og:image:width\" content=\"800\" \/>\n\t<meta property=\"og:image:height\" content=\"533\" \/>\n\t<meta property=\"og:image:type\" content=\"image\/jpeg\" \/>\n<meta name=\"twitter:card\" content=\"summary_large_image\" \/>\n<meta name=\"twitter:label1\" content=\"Predpokladan\u00fd \u010das \u010d\u00edtania\" \/>\n\t<meta name=\"twitter:data1\" content=\"2 min\u00faty\" \/>\n<script type=\"application\/ld+json\" class=\"yoast-schema-graph\">{\"@context\":\"https:\/\/schema.org\",\"@graph\":[{\"@type\":\"WebPage\",\"@id\":\"https:\/\/www.ikuchyne.sk\/eshop\/produkt\/jedalenska-stolicka-miami-hneda-2\/\",\"url\":\"https:\/\/www.ikuchyne.sk\/eshop\/produkt\/jedalenska-stolicka-miami-hneda-2\/\",\"name\":\"Jed\u00e1lensk\u00e1 stoli\u010dka Miami hned\u00e1 \u00bb &#187; iKuchyne iSHOP s n\u00e1bytkom\",\"isPartOf\":{\"@id\":\"https:\/\/www.ikuchyne.sk\/eshop\/#website\"},\"datePublished\":\"2020-09-01T12:49:16+00:00\",\"dateModified\":\"2021-05-18T03:14:56+00:00\",\"description\":\"Jed\u00e1lensk\u00e1 stoli\u010dka Miami hned\u00e1 \u00bb - r\u00fdchle dodanie, poradenstvo, n\u00e1bytok skladom v Bratislave s ikuchyne.sk - kuchyne na mieru.\",\"breadcrumb\":{\"@id\":\"https:\/\/www.ikuchyne.sk\/eshop\/produkt\/jedalenska-stolicka-miami-hneda-2\/#breadcrumb\"},\"inLanguage\":\"sk-SK\",\"potentialAction\":[{\"@type\":\"ReadAction\",\"target\":[\"https:\/\/www.ikuchyne.sk\/eshop\/produkt\/jedalenska-stolicka-miami-hneda-2\/\"]}]},{\"@type\":\"BreadcrumbList\",\"@id\":\"https:\/\/www.ikuchyne.sk\/eshop\/produkt\/jedalenska-stolicka-miami-hneda-2\/#breadcrumb\",\"itemListElement\":[{\"@type\":\"ListItem\",\"position\":1,\"name\":\"Home\",\"item\":\"https:\/\/www.ikuchyne.sk\/eshop\/\"},{\"@type\":\"ListItem\",\"position\":2,\"name\":\"Obchod\",\"item\":\"https:\/\/www.ikuchyne.sk\/eshop\/obchod\/\"},{\"@type\":\"ListItem\",\"position\":3,\"name\":\"Jed\u00e1lensk\u00e1 stoli\u010dka Miami hned\u00e1 \u00bb\"}]},{\"@type\":\"WebSite\",\"@id\":\"https:\/\/www.ikuchyne.sk\/eshop\/#website\",\"url\":\"https:\/\/www.ikuchyne.sk\/eshop\/\",\"name\":\"iKuchyne iSHOP s n\u00e1bytkom\",\"description\":\"Jed\u00e1lensk\u00e9 stoly, stoli\u010dky, n\u00e1bytok, svietidl\u00e1...\",\"publisher\":{\"@id\":\"https:\/\/www.ikuchyne.sk\/eshop\/#organization\"},\"potentialAction\":[{\"@type\":\"SearchAction\",\"target\":{\"@type\":\"EntryPoint\",\"urlTemplate\":\"https:\/\/www.ikuchyne.sk\/eshop\/?s={search_term_string}\"},\"query-input\":\"required name=search_term_string\"}],\"inLanguage\":\"sk-SK\"},{\"@type\":\"Organization\",\"@id\":\"https:\/\/www.ikuchyne.sk\/eshop\/#organization\",\"name\":\"ikuchyne!\",\"url\":\"https:\/\/www.ikuchyne.sk\/eshop\/\",\"logo\":{\"@type\":\"ImageObject\",\"inLanguage\":\"sk-SK\",\"@id\":\"https:\/\/www.ikuchyne.sk\/eshop\/#\/schema\/logo\/image\/\",\"url\":\"https:\/\/www.ikuchyne.sk\/eshop\/wp-content\/uploads\/2017\/04\/ikuchyne-logo.jpg\",\"contentUrl\":\"https:\/\/www.ikuchyne.sk\/eshop\/wp-content\/uploads\/2017\/04\/ikuchyne-logo.jpg\",\"width\":200,\"height\":48,\"caption\":\"ikuchyne!\"},\"image\":{\"@id\":\"https:\/\/www.ikuchyne.sk\/eshop\/#\/schema\/logo\/image\/\"},\"sameAs\":[\"https:\/\/www.facebook.com\/ikuchyne\/\",\"https:\/\/www.instagram.com\/ikuchyne.sk\/\",\"https:\/\/sk.pinterest.com\/ikuchynesk\/\"]}]}<\/script>\n<!-- \/ Yoast SEO plugin. -->","yoast_head_json":{"title":"Jed\u00e1lensk\u00e1 stoli\u010dka Miami hned\u00e1 \u00bb &#187; iKuchyne iSHOP s n\u00e1bytkom","description":"Jed\u00e1lensk\u00e1 stoli\u010dka Miami hned\u00e1 \u00bb - r\u00fdchle dodanie, poradenstvo, n\u00e1bytok skladom v Bratislave s ikuchyne.sk - kuchyne na mieru.","robots":{"index":"index","follow":"follow","max-snippet":"max-snippet:-1","max-image-preview":"max-image-preview:large","max-video-preview":"max-video-preview:-1"},"canonical":"https:\/\/www.ikuchyne.sk\/eshop\/produkt\/jedalenska-stolicka-miami-hneda-2\/","og_locale":"sk_SK","og_type":"article","og_title":"Jed\u00e1lensk\u00e1 stoli\u010dka Miami hned\u00e1 \u00bb &#187; iKuchyne iSHOP s n\u00e1bytkom","og_description":"Jed\u00e1lensk\u00e1 stoli\u010dka Miami hned\u00e1 \u00bb - r\u00fdchle dodanie, poradenstvo, n\u00e1bytok skladom v Bratislave s ikuchyne.sk - kuchyne na mieru.","og_url":"https:\/\/www.ikuchyne.sk\/eshop\/produkt\/jedalenska-stolicka-miami-hneda-2\/","og_site_name":"iKuchyne iSHOP s n\u00e1bytkom","article_publisher":"https:\/\/www.facebook.com\/ikuchyne\/","article_modified_time":"2021-05-18T03:14:56+00:00","og_image":[{"width":800,"height":533,"url":"https:\/\/www.ikuchyne.sk\/eshop\/wp-content\/uploads\/2020\/08\/Stoli\u010dka-Miami-hned\u00e1-39855.jpg","type":"image\/jpeg"}],"twitter_card":"summary_large_image","twitter_misc":{"Predpokladan\u00fd \u010das \u010d\u00edtania":"2 min\u00faty"},"schema":{"@context":"https:\/\/schema.org","@graph":[{"@type":"WebPage","@id":"https:\/\/www.ikuchyne.sk\/eshop\/produkt\/jedalenska-stolicka-miami-hneda-2\/","url":"https:\/\/www.ikuchyne.sk\/eshop\/produkt\/jedalenska-stolicka-miami-hneda-2\/","name":"Jed\u00e1lensk\u00e1 stoli\u010dka Miami hned\u00e1 \u00bb &#187; iKuchyne iSHOP s n\u00e1bytkom","isPartOf":{"@id":"https:\/\/www.ikuchyne.sk\/eshop\/#website"},"datePublished":"2020-09-01T12:49:16+00:00","dateModified":"2021-05-18T03:14:56+00:00","description":"Jed\u00e1lensk\u00e1 stoli\u010dka Miami hned\u00e1 \u00bb - r\u00fdchle dodanie, poradenstvo, n\u00e1bytok skladom v Bratislave s ikuchyne.sk - kuchyne na mieru.","breadcrumb":{"@id":"https:\/\/www.ikuchyne.sk\/eshop\/produkt\/jedalenska-stolicka-miami-hneda-2\/#breadcrumb"},"inLanguage":"sk-SK","potentialAction":[{"@type":"ReadAction","target":["https:\/\/www.ikuchyne.sk\/eshop\/produkt\/jedalenska-stolicka-miami-hneda-2\/"]}]},{"@type":"BreadcrumbList","@id":"https:\/\/www.ikuchyne.sk\/eshop\/produkt\/jedalenska-stolicka-miami-hneda-2\/#breadcrumb","itemListElement":[{"@type":"ListItem","position":1,"name":"Home","item":"https:\/\/www.ikuchyne.sk\/eshop\/"},{"@type":"ListItem","position":2,"name":"Obchod","item":"https:\/\/www.ikuchyne.sk\/eshop\/obchod\/"},{"@type":"ListItem","position":3,"name":"Jed\u00e1lensk\u00e1 stoli\u010dka Miami hned\u00e1 \u00bb"}]},{"@type":"WebSite","@id":"https:\/\/www.ikuchyne.sk\/eshop\/#website","url":"https:\/\/www.ikuchyne.sk\/eshop\/","name":"iKuchyne iSHOP s n\u00e1bytkom","description":"Jed\u00e1lensk\u00e9 stoly, stoli\u010dky, n\u00e1bytok, svietidl\u00e1...","publisher":{"@id":"https:\/\/www.ikuchyne.sk\/eshop\/#organization"},"potentialAction":[{"@type":"SearchAction","target":{"@type":"EntryPoint","urlTemplate":"https:\/\/www.ikuchyne.sk\/eshop\/?s={search_term_string}"},"query-input":"required name=search_term_string"}],"inLanguage":"sk-SK"},{"@type":"Organization","@id":"https:\/\/www.ikuchyne.sk\/eshop\/#organization","name":"ikuchyne!","url":"https:\/\/www.ikuchyne.sk\/eshop\/","logo":{"@type":"ImageObject","inLanguage":"sk-SK","@id":"https:\/\/www.ikuchyne.sk\/eshop\/#\/schema\/logo\/image\/","url":"https:\/\/www.ikuchyne.sk\/eshop\/wp-content\/uploads\/2017\/04\/ikuchyne-logo.jpg","contentUrl":"https:\/\/www.ikuchyne.sk\/eshop\/wp-content\/uploads\/2017\/04\/ikuchyne-logo.jpg","width":200,"height":48,"caption":"ikuchyne!"},"image":{"@id":"https:\/\/www.ikuchyne.sk\/eshop\/#\/schema\/logo\/image\/"},"sameAs":["https:\/\/www.facebook.com\/ikuchyne\/","https:\/\/www.instagram.com\/ikuchyne.sk\/","https:\/\/sk.pinterest.com\/ikuchynesk\/"]}]}},"_links":{"self":[{"href":"https:\/\/www.ikuchyne.sk\/eshop\/wp-json\/wp\/v2\/product\/132340"}],"collection":[{"href":"https:\/\/www.ikuchyne.sk\/eshop\/wp-json\/wp\/v2\/product"}],"about":[{"href":"https:\/\/www.ikuchyne.sk\/eshop\/wp-json\/wp\/v2\/types\/product"}],"replies":[{"embeddable":true,"href":"https:\/\/www.ikuchyne.sk\/eshop\/wp-json\/wp\/v2\/comments?post=132340"}],"wp:featuredmedia":[{"embeddable":true,"href":"https:\/\/www.ikuchyne.sk\/eshop\/wp-json\/wp\/v2\/media\/132341"}],"wp:attachment":[{"href":"https:\/\/www.ikuchyne.sk\/eshop\/wp-json\/wp\/v2\/media?parent=132340"}],"wp:term":[{"taxonomy":"product_cat","embeddable":true,"href":"https:\/\/www.ikuchyne.sk\/eshop\/wp-json\/wp\/v2\/product_cat?post=132340"},{"taxonomy":"product_tag","embeddable":true,"href":"https:\/\/www.ikuchyne.sk\/eshop\/wp-json\/wp\/v2\/product_tag?post=132340"}],"curies":[{"name":"wp","href":"https:\/\/api.w.org\/{rel}","templated":true}]}}