{"id":132403,"date":"2021-03-02T09:36:58","date_gmt":"2021-03-02T08:36:58","guid":{"rendered":"https:\/\/www.ikuchyne.sk\/eshop\/?post_type=product&#038;p=132403"},"modified":"2024-09-11T14:49:27","modified_gmt":"2024-09-11T12:49:27","slug":"lavica-petit-beaute-110cm-zamat-striebornoseda","status":"publish","type":"product","link":"https:\/\/www.ikuchyne.sk\/eshop\/produkt\/lavica-petit-beaute-110cm-zamat-striebornoseda\/","title":{"rendered":"Lavica Petit Beaute 110 cm zamat strieborno\u0161ed\u00e1 \u00bb"},"content":{"rendered":"<h1>Lavica Petit Beaute 110 cm zamat strieborno\u0161ed\u00e1<\/h1>\n<h4><strong>V\u0161eobecn\u00fd popis:<\/strong><\/h4>\n<p>Elegantn\u00e1 lavica Petit Beaute 110 cm zamat strieborno\u0161ed\u00e1 s kvalitn\u00fdm zamatov\u00fdm po\u0165ahom. Sedacia \u010das\u0165 je zv\u00fdraznen\u00e1 n\u00e1padn\u00fdm ozdobn\u00fdm pre\u0161\u00edvan\u00edm. \u010cierny kovov\u00fd r\u00e1m vytv\u00e1ra harmonick\u00fd kontrast so zamatovou l\u00e1tkou. Umiestnite extravagantn\u00fa lavicu do ktorejko\u013evek ob\u00fdvacej izby pod\u013ea v\u00e1\u0161ho v\u00fdberu!<\/p>\n<p>Elegantn\u00e9 sedadlo do ka\u017edej miestnosti. S touto kr\u00e1snou lavicou m\u00f4\u017eete v okamihu z\u00fatulni\u0165 ktor\u00fako\u013evek izbu vo va\u0161om dome. Sedacia \u010das\u0165 je navrhnut\u00e1 s vysoko kvalitn\u00fdm zamatov\u00fdm po\u0165ahom, ktor\u00fd sa jemne trblieta a taktie\u017e bola vylep\u0161en\u00e1 p\u00fatav\u00fdm vertik\u00e1lnym pre\u0161\u00edvan\u00edm. Pohodlne \u010dal\u00fanen\u00e9 sedadlo je podopren\u00e9 robustn\u00fdm kovov\u00fdm r\u00e1mom v matnej \u010diernej farbe.<\/p>\n<p>Lavica Petit Beaute 110 cm zamat strieborno\u0161ed\u00e1 je harmonick\u00fd doplnok elegantn\u00e9ho interi\u00e9ru. Kombin\u00e1cia luxusn\u00e9ho zamatov\u00e9ho po\u0165ahu a pevn\u00e9ho kovov\u00e9ho r\u00e1mu nielen\u017ee up\u00fata pozornos\u0165 v\u0161etk\u00fdch, ale d\u00e1 sa aj \u00fa\u017easne kombinova\u0165 s r\u00f4znymi \u0161t\u00fdlmi a n\u00e1bytkom. Kreativite sa tu medze neklad\u00fa. Lavicu m\u00f4\u017eete umiestni\u0165 na chodbu, do ob\u00fdvacej izbu alebo sp\u00e1lne a da\u0165 ka\u017edej miestnosti mal\u00fd extravagantn\u00fd dizajnov\u00fd highlight.<\/p>\n<h4><strong>Detaily produktu:<\/strong><\/h4>\n<p>Zamat je ve\u013emi \u0161peci\u00e1lna po\u0165ahov\u00e1 l\u00e1tka s jedine\u010dn\u00fdmi vlastnos\u0165ami. Jas a intenzita farby sa m\u00f4\u017eu l\u00ed\u0161i\u0165 a na l\u00e1tke je mo\u017en\u00e9 vytv\u00e1ra\u0165 jedine\u010dn\u00e9 vzory &#8211; pod\u013ea toho, v akom smere s\u00fa jemn\u00e9 vl\u00e1kna ma\u013eovan\u00e9 a ako je l\u00e1tka osvetlen\u00e1. V\u00fdsledkom je individu\u00e1lne zlo\u017eenie farebn\u00fdch odtie\u0148ov a povrchov\u00fdch \u0161trukt\u00far, ktor\u00e9 z v\u00e1\u0161ho kusu n\u00e1bytku urobia v\u017edy fascinuj\u00faci poh\u013ead. Zamatov\u00fd po\u0165ah je obzvl\u00e1\u0161\u0165 elegantn\u00fd a vysoko kvalitn\u00fd s p\u00fatav\u00fdm ozdobn\u00fdm pre\u0161\u00edvan\u00edm na celom sedadle. \u010cierny r\u00e1m vytv\u00e1ra harmonick\u00fd kontrast. Vhodn\u00e9 bytov\u00e9 doplnky pre kombinovanie interi\u00e9ru s touto lavicou n\u00e1jdete na na\u0161om e-shope v sekcii Bytov\u00e9 doplnky. Kontaktujte n\u00e1s a my v\u00e1m radi pom\u00f4\u017eeme s v\u00fdberom vhodn\u00fdch dekor\u00e1ci\u00ed a n\u00e1bytku do va\u0161ej dom\u00e1cnosti.<\/p>\n<p><b>Rozmery (cca):<br \/>\n<\/b>108cm x 40cm x 40cm (\u0160xVxH)<\/p>\n<p><b>Farba:<\/b> strieborno\u0161ed\u00e1, \u010dierna<br \/>\n<b>Materi\u00e1l:<\/b> zamat<br \/>\n<b>Materi\u00e1lov\u00e9 zlo\u017eenie po\u0165ahu:\u00a0<\/b>100% polyester<br \/>\n<b>R\u00e1m: <\/b>kov<\/p>\n<p><strong>T\u00fato lavicu m\u00f4\u017eete n\u00e1js\u0165 aj v prevedeniach:<\/strong><\/p>\n<ul>\n<li>mint<\/li>\n<li>altrosa ru\u017eov\u00e1<\/li>\n<li>smaragd zelen\u00e1<\/li>\n<li>hned\u00e1<\/li>\n<\/ul>\n<p>Dodato\u010dn\u00e9 inform\u00e1cie:<\/p>\n<p>V pr\u00edpade z\u00e1ujmu o in\u00e9 lavice, seda\u010dky, le\u0148o\u0161ky, taburetky \u010di pohovky, nav\u0161t\u00edvte sekciu sedenie na <a href=\"https:\/\/www.ikuchyne.sk\/eshop\/kategoria\/sedenie\/\">www.ikuchyne.sk\/eshop<\/a><br \/>\nV pr\u00edpade z\u00e1ujmu o n\u00e1bytok na mieru n\u00e1s kontaktuje na <a href=\"http:\/\/www.ikuchyne.sk\">www.ikuchyne.sk<\/a><\/p>\n<p>&nbsp;<\/p>\n","protected":false},"excerpt":{"rendered":"<p>Lavica Petit Beaute 110 cm zamat strieborno\u0161ed\u00e1 V\u0161eobecn\u00fd popis: Elegantn\u00e1 lavica Petit Beaute 110 cm zamat strieborno\u0161ed\u00e1 s kvalitn\u00fdm zamatov\u00fdm po\u0165ahom. Sedacia \u010das\u0165 je zv\u00fdraznen\u00e1 n\u00e1padn\u00fdm ozdobn\u00fdm pre\u0161\u00edvan\u00edm. \u010cierny kovov\u00fd<\/p>\n","protected":false},"featured_media":132404,"comment_status":"closed","ping_status":"closed","template":"","meta":[],"product_cat":[750,772,600],"product_tag":[256,266],"yoast_head":"<!-- This site is optimized with the Yoast SEO plugin v22.1 - https:\/\/yoast.com\/wordpress\/plugins\/seo\/ -->\n<title>Lavica Petit Beaute zamat strieborno\u0161ed\u00e1 &#187; iKuchyne iSHOP s n\u00e1bytkom<\/title>\n<meta name=\"description\" content=\"Lavica Petit Beaute 110 cm zamat strieborno\u0161ed\u00e1 \u00bb r\u00fdchle dodanie, poradenstvo, n\u00e1bytok skladom v Bratislave s ikuchyne.sk - kuchyne na mieru.\" \/>\n<meta name=\"robots\" content=\"index, follow, max-snippet:-1, max-image-preview:large, max-video-preview:-1\" \/>\n<link rel=\"canonical\" href=\"https:\/\/www.ikuchyne.sk\/eshop\/produkt\/lavica-petit-beaute-110cm-zamat-striebornoseda\/\" \/>\n<meta property=\"og:locale\" content=\"sk_SK\" \/>\n<meta property=\"og:type\" content=\"article\" \/>\n<meta property=\"og:title\" content=\"Lavica Petit Beaute zamat strieborno\u0161ed\u00e1 &#187; iKuchyne iSHOP s n\u00e1bytkom\" \/>\n<meta property=\"og:description\" content=\"Lavica Petit Beaute 110 cm zamat strieborno\u0161ed\u00e1 \u00bb r\u00fdchle dodanie, poradenstvo, n\u00e1bytok skladom v Bratislave s ikuchyne.sk - kuchyne na mieru.\" \/>\n<meta property=\"og:url\" content=\"https:\/\/www.ikuchyne.sk\/eshop\/produkt\/lavica-petit-beaute-110cm-zamat-striebornoseda\/\" \/>\n<meta property=\"og:site_name\" content=\"iKuchyne iSHOP s n\u00e1bytkom\" \/>\n<meta property=\"article:publisher\" content=\"https:\/\/www.facebook.com\/ikuchyne\/\" \/>\n<meta property=\"article:modified_time\" content=\"2024-09-11T12:49:27+00:00\" \/>\n<meta property=\"og:image\" content=\"https:\/\/www.ikuchyne.sk\/eshop\/wp-content\/uploads\/2020\/09\/Lavica-Petit-Beaute-110cm-zamat-strieborno\u0161ed\u00e1-40314.jpg\" \/>\n\t<meta property=\"og:image:width\" content=\"800\" \/>\n\t<meta property=\"og:image:height\" content=\"533\" \/>\n\t<meta property=\"og:image:type\" content=\"image\/jpeg\" \/>\n<meta name=\"twitter:card\" content=\"summary_large_image\" \/>\n<meta name=\"twitter:label1\" content=\"Predpokladan\u00fd \u010das \u010d\u00edtania\" \/>\n\t<meta name=\"twitter:data1\" content=\"2 min\u00faty\" \/>\n<script type=\"application\/ld+json\" class=\"yoast-schema-graph\">{\"@context\":\"https:\/\/schema.org\",\"@graph\":[{\"@type\":\"WebPage\",\"@id\":\"https:\/\/www.ikuchyne.sk\/eshop\/produkt\/lavica-petit-beaute-110cm-zamat-striebornoseda\/\",\"url\":\"https:\/\/www.ikuchyne.sk\/eshop\/produkt\/lavica-petit-beaute-110cm-zamat-striebornoseda\/\",\"name\":\"Lavica Petit Beaute zamat strieborno\u0161ed\u00e1 &#187; iKuchyne iSHOP s n\u00e1bytkom\",\"isPartOf\":{\"@id\":\"https:\/\/www.ikuchyne.sk\/eshop\/#website\"},\"datePublished\":\"2021-03-02T08:36:58+00:00\",\"dateModified\":\"2024-09-11T12:49:27+00:00\",\"description\":\"Lavica Petit Beaute 110 cm zamat strieborno\u0161ed\u00e1 \u00bb r\u00fdchle dodanie, poradenstvo, n\u00e1bytok skladom v Bratislave s ikuchyne.sk - kuchyne na mieru.\",\"breadcrumb\":{\"@id\":\"https:\/\/www.ikuchyne.sk\/eshop\/produkt\/lavica-petit-beaute-110cm-zamat-striebornoseda\/#breadcrumb\"},\"inLanguage\":\"sk-SK\",\"potentialAction\":[{\"@type\":\"ReadAction\",\"target\":[\"https:\/\/www.ikuchyne.sk\/eshop\/produkt\/lavica-petit-beaute-110cm-zamat-striebornoseda\/\"]}]},{\"@type\":\"BreadcrumbList\",\"@id\":\"https:\/\/www.ikuchyne.sk\/eshop\/produkt\/lavica-petit-beaute-110cm-zamat-striebornoseda\/#breadcrumb\",\"itemListElement\":[{\"@type\":\"ListItem\",\"position\":1,\"name\":\"Home\",\"item\":\"https:\/\/www.ikuchyne.sk\/eshop\/\"},{\"@type\":\"ListItem\",\"position\":2,\"name\":\"Obchod\",\"item\":\"https:\/\/www.ikuchyne.sk\/eshop\/obchod\/\"},{\"@type\":\"ListItem\",\"position\":3,\"name\":\"Lavica Petit Beaute 110 cm zamat strieborno\u0161ed\u00e1 \u00bb\"}]},{\"@type\":\"WebSite\",\"@id\":\"https:\/\/www.ikuchyne.sk\/eshop\/#website\",\"url\":\"https:\/\/www.ikuchyne.sk\/eshop\/\",\"name\":\"iKuchyne iSHOP s n\u00e1bytkom\",\"description\":\"Jed\u00e1lensk\u00e9 stoly, stoli\u010dky, n\u00e1bytok, svietidl\u00e1...\",\"publisher\":{\"@id\":\"https:\/\/www.ikuchyne.sk\/eshop\/#organization\"},\"potentialAction\":[{\"@type\":\"SearchAction\",\"target\":{\"@type\":\"EntryPoint\",\"urlTemplate\":\"https:\/\/www.ikuchyne.sk\/eshop\/?s={search_term_string}\"},\"query-input\":\"required name=search_term_string\"}],\"inLanguage\":\"sk-SK\"},{\"@type\":\"Organization\",\"@id\":\"https:\/\/www.ikuchyne.sk\/eshop\/#organization\",\"name\":\"ikuchyne!\",\"url\":\"https:\/\/www.ikuchyne.sk\/eshop\/\",\"logo\":{\"@type\":\"ImageObject\",\"inLanguage\":\"sk-SK\",\"@id\":\"https:\/\/www.ikuchyne.sk\/eshop\/#\/schema\/logo\/image\/\",\"url\":\"https:\/\/www.ikuchyne.sk\/eshop\/wp-content\/uploads\/2017\/04\/ikuchyne-logo.jpg\",\"contentUrl\":\"https:\/\/www.ikuchyne.sk\/eshop\/wp-content\/uploads\/2017\/04\/ikuchyne-logo.jpg\",\"width\":200,\"height\":48,\"caption\":\"ikuchyne!\"},\"image\":{\"@id\":\"https:\/\/www.ikuchyne.sk\/eshop\/#\/schema\/logo\/image\/\"},\"sameAs\":[\"https:\/\/www.facebook.com\/ikuchyne\/\",\"https:\/\/www.instagram.com\/ikuchyne.sk\/\",\"https:\/\/sk.pinterest.com\/ikuchynesk\/\"]}]}<\/script>\n<!-- \/ Yoast SEO plugin. -->","yoast_head_json":{"title":"Lavica Petit Beaute zamat strieborno\u0161ed\u00e1 &#187; iKuchyne iSHOP s n\u00e1bytkom","description":"Lavica Petit Beaute 110 cm zamat strieborno\u0161ed\u00e1 \u00bb r\u00fdchle dodanie, poradenstvo, n\u00e1bytok skladom v Bratislave s ikuchyne.sk - kuchyne na mieru.","robots":{"index":"index","follow":"follow","max-snippet":"max-snippet:-1","max-image-preview":"max-image-preview:large","max-video-preview":"max-video-preview:-1"},"canonical":"https:\/\/www.ikuchyne.sk\/eshop\/produkt\/lavica-petit-beaute-110cm-zamat-striebornoseda\/","og_locale":"sk_SK","og_type":"article","og_title":"Lavica Petit Beaute zamat strieborno\u0161ed\u00e1 &#187; iKuchyne iSHOP s n\u00e1bytkom","og_description":"Lavica Petit Beaute 110 cm zamat strieborno\u0161ed\u00e1 \u00bb r\u00fdchle dodanie, poradenstvo, n\u00e1bytok skladom v Bratislave s ikuchyne.sk - kuchyne na mieru.","og_url":"https:\/\/www.ikuchyne.sk\/eshop\/produkt\/lavica-petit-beaute-110cm-zamat-striebornoseda\/","og_site_name":"iKuchyne iSHOP s n\u00e1bytkom","article_publisher":"https:\/\/www.facebook.com\/ikuchyne\/","article_modified_time":"2024-09-11T12:49:27+00:00","og_image":[{"width":800,"height":533,"url":"https:\/\/www.ikuchyne.sk\/eshop\/wp-content\/uploads\/2020\/09\/Lavica-Petit-Beaute-110cm-zamat-strieborno\u0161ed\u00e1-40314.jpg","type":"image\/jpeg"}],"twitter_card":"summary_large_image","twitter_misc":{"Predpokladan\u00fd \u010das \u010d\u00edtania":"2 min\u00faty"},"schema":{"@context":"https:\/\/schema.org","@graph":[{"@type":"WebPage","@id":"https:\/\/www.ikuchyne.sk\/eshop\/produkt\/lavica-petit-beaute-110cm-zamat-striebornoseda\/","url":"https:\/\/www.ikuchyne.sk\/eshop\/produkt\/lavica-petit-beaute-110cm-zamat-striebornoseda\/","name":"Lavica Petit Beaute zamat strieborno\u0161ed\u00e1 &#187; iKuchyne iSHOP s n\u00e1bytkom","isPartOf":{"@id":"https:\/\/www.ikuchyne.sk\/eshop\/#website"},"datePublished":"2021-03-02T08:36:58+00:00","dateModified":"2024-09-11T12:49:27+00:00","description":"Lavica Petit Beaute 110 cm zamat strieborno\u0161ed\u00e1 \u00bb r\u00fdchle dodanie, poradenstvo, n\u00e1bytok skladom v Bratislave s ikuchyne.sk - kuchyne na mieru.","breadcrumb":{"@id":"https:\/\/www.ikuchyne.sk\/eshop\/produkt\/lavica-petit-beaute-110cm-zamat-striebornoseda\/#breadcrumb"},"inLanguage":"sk-SK","potentialAction":[{"@type":"ReadAction","target":["https:\/\/www.ikuchyne.sk\/eshop\/produkt\/lavica-petit-beaute-110cm-zamat-striebornoseda\/"]}]},{"@type":"BreadcrumbList","@id":"https:\/\/www.ikuchyne.sk\/eshop\/produkt\/lavica-petit-beaute-110cm-zamat-striebornoseda\/#breadcrumb","itemListElement":[{"@type":"ListItem","position":1,"name":"Home","item":"https:\/\/www.ikuchyne.sk\/eshop\/"},{"@type":"ListItem","position":2,"name":"Obchod","item":"https:\/\/www.ikuchyne.sk\/eshop\/obchod\/"},{"@type":"ListItem","position":3,"name":"Lavica Petit Beaute 110 cm zamat strieborno\u0161ed\u00e1 \u00bb"}]},{"@type":"WebSite","@id":"https:\/\/www.ikuchyne.sk\/eshop\/#website","url":"https:\/\/www.ikuchyne.sk\/eshop\/","name":"iKuchyne iSHOP s n\u00e1bytkom","description":"Jed\u00e1lensk\u00e9 stoly, stoli\u010dky, n\u00e1bytok, svietidl\u00e1...","publisher":{"@id":"https:\/\/www.ikuchyne.sk\/eshop\/#organization"},"potentialAction":[{"@type":"SearchAction","target":{"@type":"EntryPoint","urlTemplate":"https:\/\/www.ikuchyne.sk\/eshop\/?s={search_term_string}"},"query-input":"required name=search_term_string"}],"inLanguage":"sk-SK"},{"@type":"Organization","@id":"https:\/\/www.ikuchyne.sk\/eshop\/#organization","name":"ikuchyne!","url":"https:\/\/www.ikuchyne.sk\/eshop\/","logo":{"@type":"ImageObject","inLanguage":"sk-SK","@id":"https:\/\/www.ikuchyne.sk\/eshop\/#\/schema\/logo\/image\/","url":"https:\/\/www.ikuchyne.sk\/eshop\/wp-content\/uploads\/2017\/04\/ikuchyne-logo.jpg","contentUrl":"https:\/\/www.ikuchyne.sk\/eshop\/wp-content\/uploads\/2017\/04\/ikuchyne-logo.jpg","width":200,"height":48,"caption":"ikuchyne!"},"image":{"@id":"https:\/\/www.ikuchyne.sk\/eshop\/#\/schema\/logo\/image\/"},"sameAs":["https:\/\/www.facebook.com\/ikuchyne\/","https:\/\/www.instagram.com\/ikuchyne.sk\/","https:\/\/sk.pinterest.com\/ikuchynesk\/"]}]}},"_links":{"self":[{"href":"https:\/\/www.ikuchyne.sk\/eshop\/wp-json\/wp\/v2\/product\/132403"}],"collection":[{"href":"https:\/\/www.ikuchyne.sk\/eshop\/wp-json\/wp\/v2\/product"}],"about":[{"href":"https:\/\/www.ikuchyne.sk\/eshop\/wp-json\/wp\/v2\/types\/product"}],"replies":[{"embeddable":true,"href":"https:\/\/www.ikuchyne.sk\/eshop\/wp-json\/wp\/v2\/comments?post=132403"}],"wp:featuredmedia":[{"embeddable":true,"href":"https:\/\/www.ikuchyne.sk\/eshop\/wp-json\/wp\/v2\/media\/132404"}],"wp:attachment":[{"href":"https:\/\/www.ikuchyne.sk\/eshop\/wp-json\/wp\/v2\/media?parent=132403"}],"wp:term":[{"taxonomy":"product_cat","embeddable":true,"href":"https:\/\/www.ikuchyne.sk\/eshop\/wp-json\/wp\/v2\/product_cat?post=132403"},{"taxonomy":"product_tag","embeddable":true,"href":"https:\/\/www.ikuchyne.sk\/eshop\/wp-json\/wp\/v2\/product_tag?post=132403"}],"curies":[{"name":"wp","href":"https:\/\/api.w.org\/{rel}","templated":true}]}}