{"id":132599,"date":"2021-03-02T10:30:50","date_gmt":"2021-03-02T09:30:50","guid":{"rendered":"https:\/\/www.ikuchyne.sk\/eshop\/?post_type=product&#038;p=132599"},"modified":"2021-04-16T11:37:21","modified_gmt":"2021-04-16T09:37:21","slug":"komoda-angel-70cm-mango-cierna","status":"publish","type":"product","link":"https:\/\/www.ikuchyne.sk\/eshop\/produkt\/komoda-angel-70cm-mango-cierna\/","title":{"rendered":"Komoda Angel 70cm Mango \u010dierna \u00bb"},"content":{"rendered":"<h1>Komoda Angel 70cm Mango \u010dierna \u00bb<\/h1>\n<h4><strong>V\u0161eobecn\u00fd popis:<\/strong><\/h4>\n<p>Elegantn\u00e1 vysok\u00e1 komoda Angel 70cm Mango \u010dierna vyroben\u00e1 z mas\u00edvneho \u010dierneho mangov\u00e9ho dreva. Absol\u00fatnou zauj\u00edmavos\u0165ou s\u00fa k\u013eu\u010dky v zlatej farbe. Vo vn\u00fatri sa nach\u00e1dza p\u00e4\u0165 priestrann\u00fdch \u00falo\u017en\u00fdch priehradok. Komodu umiestnite do ktorejko\u013evek ob\u00fdvacej izby pod\u013ea v\u00e1\u0161ho v\u00fdberu!<\/p>\n<p>Extravagantn\u00fd dizajnov\u00e1 komoda vo va\u0161ej dom\u00e1cnosti. S touto vysokou skri\u0148ou vyrobenou z mas\u00edvneho mangov\u00e9ho dreva sa k v\u00e1m domov dostane skuto\u010dn\u00e9 umeleck\u00e9 dielo. Dvere komody s\u00fa pokryt\u00e9 ve\u013ek\u00fdmi zlat\u00fdmi kr\u00eddlami, ktor\u00e9 tie\u017e predstavuj\u00fa \u00fachytky. Anjelsk\u00e9 kr\u00eddla s\u00fa trojrozmern\u00e9 a ru\u010dne zu\u0161\u013each\u0165ovan\u00e9. Kr\u00eddla tie\u017e predstavuj\u00fa vzh\u013ead zlat\u00e9ho r\u00e1mu, tak\u017ee tieto dva prvky tvoria ve\u013ek\u00fd kontrast k za\u010diernen\u00e9mu dreven\u00e9mu telu komody.<\/p>\n<p>Te\u0161te sa na dostatok \u00falo\u017en\u00e9ho priestoru v elegantnom vzh\u013eade. Vn\u00fatro skrine bolo ponechan\u00e9 vo vzh\u013eade pr\u00edrodn\u00e9ho mangov\u00e9ho dreva, ktor\u00e9 zaujme p\u00f4sobiv\u00fdm zrnom. \u0160tyri priehradky poskytuj\u00fa dostatok \u00falo\u017en\u00e9ho priestoru. Horn\u00e1 priehradka bola vybaven\u00e1 stredovou vzperou, aby ste tu mohli v\u0161etko \u013eah\u0161ie ulo\u017ei\u0165.<\/p>\n<h4><strong>Detaily produktu:<\/strong><\/h4>\n<p>Preto\u017ee sa jedn\u00e1 o pr\u00edrodn\u00fd produkt, ka\u017ed\u00e1 k\u00f3pia je \u00faplne jedine\u010dn\u00e1. Nerovnosti, charizmatick\u00e9 uzly, praskliny alebo dokonca rozmerov\u00e9 rozdiely s\u00fa mo\u017en\u00e9 a vytv\u00e1raj\u00fa originalitu a vytv\u00e1raj\u00fa \u010daro mas\u00edvneho dreva. Okrem toho m\u00f4\u017eu existova\u0165 farebn\u00e9 odch\u00fdlky. \u017diadny z t\u00fdchto d\u00f4vodov nie je d\u00f4vodom na s\u0165a\u017enos\u0165. T\u00fato komodu je mo\u017en\u00e9 \u00fa\u017easne v\u0161estranne kombinova\u0165 s in\u00fdm n\u00e1bytkom. Vhodn\u00e9 bytov\u00e9 doplnky pre kombinovanie interi\u00e9ru s touto skri\u0148ou n\u00e1jdete na na\u0161om e-shope v sekcii Bytov\u00e9 doplnky. Kontaktujte n\u00e1s a my v\u00e1m radi pom\u00f4\u017eeme s v\u00fdberom vhodn\u00fdch dekor\u00e1ci\u00ed a n\u00e1bytku do va\u0161ej dom\u00e1cnosti v akomko\u013evek \u0161t\u00fdle pre ka\u017ed\u00fa va\u0161u miestnos\u0165 u v\u00e1s doma. N\u00e1v\u0161t\u00edvte n\u00e1\u0161 e-shop a naberte in\u0161pir\u00e1ciu pre va\u0161u dom\u00e1cnos\u0165.<\/p>\n<p><b>Rozmery (cca):<br \/>\n<\/b>70cm x 140cm x 45cm (\u0160xVxH)<\/p>\n<p><b>Farba:<\/b> \u010dierna, zlat\u00e1<br \/>\n<b>Materi\u00e1l:<\/b><br \/>\nTelo: mas\u00edvne drevo, mango, zape\u010daten\u00e9, lakovan\u00e9<br \/>\nKr\u00eddlo: mas\u00edvne drevo, mango, lakovan\u00e9<br \/>\nR\u00e1m: kov<\/p>\n<p>V pr\u00edpade z\u00e1ujmu o in\u00fd n\u00e1bytok ako TV stol\u00edk, komodu, reg\u00e1l \u010di skrine, nav\u0161t\u00edvte sekciu n\u00e1bytok na <a href=\"https:\/\/www.ikuchyne.sk\/eshop\/kategoria\/nabytok\/\">www.ikuchyne.sk\/eshop<\/a><br \/>\nV pr\u00edpade z\u00e1ujmu o n\u00e1bytok na mieru n\u00e1s kontaktuje na <a href=\"http:\/\/www.ikuchyne.sk\">www.ikuchyne.sk<\/a><\/p>\n","protected":false},"excerpt":{"rendered":"<p>Komoda Angel 70cm Mango \u010dierna \u00bb V\u0161eobecn\u00fd popis: Elegantn\u00e1 vysok\u00e1 komoda Angel 70cm Mango \u010dierna vyroben\u00e1 z mas\u00edvneho \u010dierneho mangov\u00e9ho dreva. Absol\u00fatnou zauj\u00edmavos\u0165ou s\u00fa k\u013eu\u010dky v zlatej farbe. Vo vn\u00fatri<\/p>\n","protected":false},"featured_media":132600,"comment_status":"closed","ping_status":"closed","template":"","meta":[],"product_cat":[293,286,772,296,292],"product_tag":[187,188],"yoast_head":"<!-- This site is optimized with the Yoast SEO plugin v22.1 - https:\/\/yoast.com\/wordpress\/plugins\/seo\/ -->\n<title>Komoda Angel 70cm Mango \u010dierna \u00bb &#187; iKuchyne iSHOP s n\u00e1bytkom<\/title>\n<meta name=\"description\" content=\"Komoda Angel 70cm Mango \u010dierna \u00bb - r\u00fdchle dodanie, poradenstvo, n\u00e1bytok skladom v Bratislave s ikuchyne.sk - kuchyne na mieru.\" \/>\n<meta name=\"robots\" content=\"index, follow, max-snippet:-1, max-image-preview:large, max-video-preview:-1\" \/>\n<link rel=\"canonical\" href=\"https:\/\/www.ikuchyne.sk\/eshop\/produkt\/komoda-angel-70cm-mango-cierna\/\" \/>\n<meta property=\"og:locale\" content=\"sk_SK\" \/>\n<meta property=\"og:type\" content=\"article\" \/>\n<meta property=\"og:title\" content=\"Komoda Angel 70cm Mango \u010dierna \u00bb &#187; iKuchyne iSHOP s n\u00e1bytkom\" \/>\n<meta property=\"og:description\" content=\"Komoda Angel 70cm Mango \u010dierna \u00bb - r\u00fdchle dodanie, poradenstvo, n\u00e1bytok skladom v Bratislave s ikuchyne.sk - kuchyne na mieru.\" \/>\n<meta property=\"og:url\" content=\"https:\/\/www.ikuchyne.sk\/eshop\/produkt\/komoda-angel-70cm-mango-cierna\/\" \/>\n<meta property=\"og:site_name\" content=\"iKuchyne iSHOP s n\u00e1bytkom\" \/>\n<meta property=\"article:publisher\" content=\"https:\/\/www.facebook.com\/ikuchyne\/\" \/>\n<meta property=\"article:modified_time\" content=\"2021-04-16T09:37:21+00:00\" \/>\n<meta property=\"og:image\" content=\"https:\/\/www.ikuchyne.sk\/eshop\/wp-content\/uploads\/2020\/09\/Komoda-Angel-70cm-Mango-\u010dierna-40056.jpg\" \/>\n\t<meta property=\"og:image:width\" content=\"800\" \/>\n\t<meta property=\"og:image:height\" content=\"533\" \/>\n\t<meta property=\"og:image:type\" content=\"image\/jpeg\" \/>\n<meta name=\"twitter:card\" content=\"summary_large_image\" \/>\n<meta name=\"twitter:label1\" content=\"Predpokladan\u00fd \u010das \u010d\u00edtania\" \/>\n\t<meta name=\"twitter:data1\" content=\"2 min\u00faty\" \/>\n<script type=\"application\/ld+json\" class=\"yoast-schema-graph\">{\"@context\":\"https:\/\/schema.org\",\"@graph\":[{\"@type\":\"WebPage\",\"@id\":\"https:\/\/www.ikuchyne.sk\/eshop\/produkt\/komoda-angel-70cm-mango-cierna\/\",\"url\":\"https:\/\/www.ikuchyne.sk\/eshop\/produkt\/komoda-angel-70cm-mango-cierna\/\",\"name\":\"Komoda Angel 70cm Mango \u010dierna \u00bb &#187; iKuchyne iSHOP s n\u00e1bytkom\",\"isPartOf\":{\"@id\":\"https:\/\/www.ikuchyne.sk\/eshop\/#website\"},\"datePublished\":\"2021-03-02T09:30:50+00:00\",\"dateModified\":\"2021-04-16T09:37:21+00:00\",\"description\":\"Komoda Angel 70cm Mango \u010dierna \u00bb - r\u00fdchle dodanie, poradenstvo, n\u00e1bytok skladom v Bratislave s ikuchyne.sk - kuchyne na mieru.\",\"breadcrumb\":{\"@id\":\"https:\/\/www.ikuchyne.sk\/eshop\/produkt\/komoda-angel-70cm-mango-cierna\/#breadcrumb\"},\"inLanguage\":\"sk-SK\",\"potentialAction\":[{\"@type\":\"ReadAction\",\"target\":[\"https:\/\/www.ikuchyne.sk\/eshop\/produkt\/komoda-angel-70cm-mango-cierna\/\"]}]},{\"@type\":\"BreadcrumbList\",\"@id\":\"https:\/\/www.ikuchyne.sk\/eshop\/produkt\/komoda-angel-70cm-mango-cierna\/#breadcrumb\",\"itemListElement\":[{\"@type\":\"ListItem\",\"position\":1,\"name\":\"Home\",\"item\":\"https:\/\/www.ikuchyne.sk\/eshop\/\"},{\"@type\":\"ListItem\",\"position\":2,\"name\":\"Obchod\",\"item\":\"https:\/\/www.ikuchyne.sk\/eshop\/obchod\/\"},{\"@type\":\"ListItem\",\"position\":3,\"name\":\"Komoda Angel 70cm Mango \u010dierna \u00bb\"}]},{\"@type\":\"WebSite\",\"@id\":\"https:\/\/www.ikuchyne.sk\/eshop\/#website\",\"url\":\"https:\/\/www.ikuchyne.sk\/eshop\/\",\"name\":\"iKuchyne iSHOP s n\u00e1bytkom\",\"description\":\"Jed\u00e1lensk\u00e9 stoly, stoli\u010dky, n\u00e1bytok, svietidl\u00e1...\",\"publisher\":{\"@id\":\"https:\/\/www.ikuchyne.sk\/eshop\/#organization\"},\"potentialAction\":[{\"@type\":\"SearchAction\",\"target\":{\"@type\":\"EntryPoint\",\"urlTemplate\":\"https:\/\/www.ikuchyne.sk\/eshop\/?s={search_term_string}\"},\"query-input\":\"required name=search_term_string\"}],\"inLanguage\":\"sk-SK\"},{\"@type\":\"Organization\",\"@id\":\"https:\/\/www.ikuchyne.sk\/eshop\/#organization\",\"name\":\"ikuchyne!\",\"url\":\"https:\/\/www.ikuchyne.sk\/eshop\/\",\"logo\":{\"@type\":\"ImageObject\",\"inLanguage\":\"sk-SK\",\"@id\":\"https:\/\/www.ikuchyne.sk\/eshop\/#\/schema\/logo\/image\/\",\"url\":\"https:\/\/www.ikuchyne.sk\/eshop\/wp-content\/uploads\/2017\/04\/ikuchyne-logo.jpg\",\"contentUrl\":\"https:\/\/www.ikuchyne.sk\/eshop\/wp-content\/uploads\/2017\/04\/ikuchyne-logo.jpg\",\"width\":200,\"height\":48,\"caption\":\"ikuchyne!\"},\"image\":{\"@id\":\"https:\/\/www.ikuchyne.sk\/eshop\/#\/schema\/logo\/image\/\"},\"sameAs\":[\"https:\/\/www.facebook.com\/ikuchyne\/\",\"https:\/\/www.instagram.com\/ikuchyne.sk\/\",\"https:\/\/sk.pinterest.com\/ikuchynesk\/\"]}]}<\/script>\n<!-- \/ Yoast SEO plugin. -->","yoast_head_json":{"title":"Komoda Angel 70cm Mango \u010dierna \u00bb &#187; iKuchyne iSHOP s n\u00e1bytkom","description":"Komoda Angel 70cm Mango \u010dierna \u00bb - r\u00fdchle dodanie, poradenstvo, n\u00e1bytok skladom v Bratislave s ikuchyne.sk - kuchyne na mieru.","robots":{"index":"index","follow":"follow","max-snippet":"max-snippet:-1","max-image-preview":"max-image-preview:large","max-video-preview":"max-video-preview:-1"},"canonical":"https:\/\/www.ikuchyne.sk\/eshop\/produkt\/komoda-angel-70cm-mango-cierna\/","og_locale":"sk_SK","og_type":"article","og_title":"Komoda Angel 70cm Mango \u010dierna \u00bb &#187; iKuchyne iSHOP s n\u00e1bytkom","og_description":"Komoda Angel 70cm Mango \u010dierna \u00bb - r\u00fdchle dodanie, poradenstvo, n\u00e1bytok skladom v Bratislave s ikuchyne.sk - kuchyne na mieru.","og_url":"https:\/\/www.ikuchyne.sk\/eshop\/produkt\/komoda-angel-70cm-mango-cierna\/","og_site_name":"iKuchyne iSHOP s n\u00e1bytkom","article_publisher":"https:\/\/www.facebook.com\/ikuchyne\/","article_modified_time":"2021-04-16T09:37:21+00:00","og_image":[{"width":800,"height":533,"url":"https:\/\/www.ikuchyne.sk\/eshop\/wp-content\/uploads\/2020\/09\/Komoda-Angel-70cm-Mango-\u010dierna-40056.jpg","type":"image\/jpeg"}],"twitter_card":"summary_large_image","twitter_misc":{"Predpokladan\u00fd \u010das \u010d\u00edtania":"2 min\u00faty"},"schema":{"@context":"https:\/\/schema.org","@graph":[{"@type":"WebPage","@id":"https:\/\/www.ikuchyne.sk\/eshop\/produkt\/komoda-angel-70cm-mango-cierna\/","url":"https:\/\/www.ikuchyne.sk\/eshop\/produkt\/komoda-angel-70cm-mango-cierna\/","name":"Komoda Angel 70cm Mango \u010dierna \u00bb &#187; iKuchyne iSHOP s n\u00e1bytkom","isPartOf":{"@id":"https:\/\/www.ikuchyne.sk\/eshop\/#website"},"datePublished":"2021-03-02T09:30:50+00:00","dateModified":"2021-04-16T09:37:21+00:00","description":"Komoda Angel 70cm Mango \u010dierna \u00bb - r\u00fdchle dodanie, poradenstvo, n\u00e1bytok skladom v Bratislave s ikuchyne.sk - kuchyne na mieru.","breadcrumb":{"@id":"https:\/\/www.ikuchyne.sk\/eshop\/produkt\/komoda-angel-70cm-mango-cierna\/#breadcrumb"},"inLanguage":"sk-SK","potentialAction":[{"@type":"ReadAction","target":["https:\/\/www.ikuchyne.sk\/eshop\/produkt\/komoda-angel-70cm-mango-cierna\/"]}]},{"@type":"BreadcrumbList","@id":"https:\/\/www.ikuchyne.sk\/eshop\/produkt\/komoda-angel-70cm-mango-cierna\/#breadcrumb","itemListElement":[{"@type":"ListItem","position":1,"name":"Home","item":"https:\/\/www.ikuchyne.sk\/eshop\/"},{"@type":"ListItem","position":2,"name":"Obchod","item":"https:\/\/www.ikuchyne.sk\/eshop\/obchod\/"},{"@type":"ListItem","position":3,"name":"Komoda Angel 70cm Mango \u010dierna \u00bb"}]},{"@type":"WebSite","@id":"https:\/\/www.ikuchyne.sk\/eshop\/#website","url":"https:\/\/www.ikuchyne.sk\/eshop\/","name":"iKuchyne iSHOP s n\u00e1bytkom","description":"Jed\u00e1lensk\u00e9 stoly, stoli\u010dky, n\u00e1bytok, svietidl\u00e1...","publisher":{"@id":"https:\/\/www.ikuchyne.sk\/eshop\/#organization"},"potentialAction":[{"@type":"SearchAction","target":{"@type":"EntryPoint","urlTemplate":"https:\/\/www.ikuchyne.sk\/eshop\/?s={search_term_string}"},"query-input":"required name=search_term_string"}],"inLanguage":"sk-SK"},{"@type":"Organization","@id":"https:\/\/www.ikuchyne.sk\/eshop\/#organization","name":"ikuchyne!","url":"https:\/\/www.ikuchyne.sk\/eshop\/","logo":{"@type":"ImageObject","inLanguage":"sk-SK","@id":"https:\/\/www.ikuchyne.sk\/eshop\/#\/schema\/logo\/image\/","url":"https:\/\/www.ikuchyne.sk\/eshop\/wp-content\/uploads\/2017\/04\/ikuchyne-logo.jpg","contentUrl":"https:\/\/www.ikuchyne.sk\/eshop\/wp-content\/uploads\/2017\/04\/ikuchyne-logo.jpg","width":200,"height":48,"caption":"ikuchyne!"},"image":{"@id":"https:\/\/www.ikuchyne.sk\/eshop\/#\/schema\/logo\/image\/"},"sameAs":["https:\/\/www.facebook.com\/ikuchyne\/","https:\/\/www.instagram.com\/ikuchyne.sk\/","https:\/\/sk.pinterest.com\/ikuchynesk\/"]}]}},"_links":{"self":[{"href":"https:\/\/www.ikuchyne.sk\/eshop\/wp-json\/wp\/v2\/product\/132599"}],"collection":[{"href":"https:\/\/www.ikuchyne.sk\/eshop\/wp-json\/wp\/v2\/product"}],"about":[{"href":"https:\/\/www.ikuchyne.sk\/eshop\/wp-json\/wp\/v2\/types\/product"}],"replies":[{"embeddable":true,"href":"https:\/\/www.ikuchyne.sk\/eshop\/wp-json\/wp\/v2\/comments?post=132599"}],"wp:featuredmedia":[{"embeddable":true,"href":"https:\/\/www.ikuchyne.sk\/eshop\/wp-json\/wp\/v2\/media\/132600"}],"wp:attachment":[{"href":"https:\/\/www.ikuchyne.sk\/eshop\/wp-json\/wp\/v2\/media?parent=132599"}],"wp:term":[{"taxonomy":"product_cat","embeddable":true,"href":"https:\/\/www.ikuchyne.sk\/eshop\/wp-json\/wp\/v2\/product_cat?post=132599"},{"taxonomy":"product_tag","embeddable":true,"href":"https:\/\/www.ikuchyne.sk\/eshop\/wp-json\/wp\/v2\/product_tag?post=132599"}],"curies":[{"name":"wp","href":"https:\/\/api.w.org\/{rel}","templated":true}]}}