{"id":132647,"date":"2021-03-02T10:58:53","date_gmt":"2021-03-02T09:58:53","guid":{"rendered":"https:\/\/www.ikuchyne.sk\/eshop\/?post_type=product&#038;p=132647"},"modified":"2021-04-16T11:39:36","modified_gmt":"2021-04-16T09:39:36","slug":"komoda-marrakesch-100cm-mango-prirodna","status":"publish","type":"product","link":"https:\/\/www.ikuchyne.sk\/eshop\/produkt\/komoda-marrakesch-100cm-mango-prirodna\/","title":{"rendered":"Komoda Marrakesch 100cm Mango pr\u00edrodn\u00e1 \u00bb"},"content":{"rendered":"<h1>Komoda Marrakesch 100cm Mango pr\u00edrodn\u00e1 \u00bb<\/h1>\n<h4><strong>V\u0161eobecn\u00fd popis:<\/strong><\/h4>\n<p>Mas\u00edvna komoda Marrakesch 100cm Mango pr\u00edrodn\u00e1 vyroben\u00e1 z vysoko kvalitn\u00e9ho mangov\u00e9ho dreva. Dvierka boli ru\u010dne zdoben\u00e9 komplikovan\u00fdm vzorom. Vo vn\u00fatri sa nach\u00e1dza \u0161es\u0165 priestrann\u00fdch \u00falo\u017en\u00fdch priehradok. Pou\u017eite komodu Marrakesch v ktorejko\u013evek ob\u00fdvacej izbe pod\u013ea v\u00e1\u0161ho v\u00fdberu!<\/p>\n<p>K\u00fasok dovolenkovej destin\u00e1cie u v\u00e1s doma. S touto komodou vnesiete do svojich \u0161tyroch stien skuto\u010dne ob\u013e\u00faben\u00fd k\u00fasok. Ako u\u017e n\u00e1zov napoved\u00e1, prepracovan\u00fd predn\u00fd dizajn je in\u0161pirovan\u00fd vzormi a tvarmi Orientu. Svetlej\u0161\u00ed vzor vyroben\u00fd z mangov\u00e9ho dreva bol vlo\u017een\u00fd na \u010dierne pozadie, aby sa vzor zv\u00fdraznil. Dizajn dokonale dotv\u00e1raj\u00fa dva vyrez\u00e1van\u00e9 dreven\u00e9 gomb\u00edky.<\/p>\n<p>Ve\u013ea \u00falo\u017en\u00e9ho priestoru do va\u0161ej dom\u00e1cnosti. Za n\u00e1dhern\u00fdmi, n\u00e1padne navrhnut\u00fdmi dvierkami sa skr\u00fdva celkovo \u0161es\u0165 priehradiek. Tak\u017ee tu m\u00e1te dostatok \u00falo\u017en\u00e9ho priestoru na v\u0161etky veci, ktor\u00e9 chcete v\u017edy ma\u0165 poruke, ale ich chcete odlo\u017ei\u0165 z doh\u013eadu. Letn\u00fd a pr\u00edrodn\u00fd dizajn tejto komody priamo vy\u017earuje dotyk dovolenkov\u00e9ho pocitu a d\u00e1 sa \u00fa\u017easne kombinova\u0165 r\u00f4znymi sp\u00f4sobmi &#8211; jednoducho to vysk\u00fa\u0161ajte!<\/p>\n<h4><strong>Detaily produktu:<\/strong><\/h4>\n<p>Preto\u017ee sa jedn\u00e1 o pr\u00edrodn\u00fd produkt, ka\u017ed\u00e1 k\u00f3pia je \u00faplne jedine\u010dn\u00e1. Nerovnosti, charizmatick\u00e9 uzly, praskliny alebo dokonca rozmerov\u00e9 rozdiely s\u00fa mo\u017en\u00e9 a vytv\u00e1raj\u00fa originalitu a vytv\u00e1raj\u00fa \u010daro mas\u00edvneho dreva. Okrem toho m\u00f4\u017eu existova\u0165 farebn\u00e9 odch\u00fdlky. T\u00fato komodu je mo\u017en\u00e9 \u00fa\u017easne v\u0161estranne kombinova\u0165 s in\u00fdm n\u00e1bytkom. Vhodn\u00e9 bytov\u00e9 doplnky pre kombinovanie interi\u00e9ru s touto skri\u0148ou n\u00e1jdete na na\u0161om e-shope v sekcii Bytov\u00e9 doplnky. Kontaktujte n\u00e1s a my v\u00e1m radi pom\u00f4\u017eeme s v\u00fdberom vhodn\u00fdch dekor\u00e1ci\u00ed a n\u00e1bytku do va\u0161ej dom\u00e1cnosti v akomko\u013evek \u0161t\u00fdle pre ka\u017ed\u00fa va\u0161u miestnos\u0165 u v\u00e1s doma.<\/p>\n<p><b>Rozmery (cca):<br \/>\n<\/b>100cm x 120cm x 45cm (\u0160xVxH)<br \/>\n<b>Priehradky:<\/b> 6x 47cm x 31cm x 32cm (\u0160xVxH)<\/p>\n<p><b>Farba:<\/b> pr\u00edrodn\u00e1<br \/>\n<b>Materi\u00e1l:<\/b><br \/>\nTelo: mas\u00edvne drevo, mango, zape\u010daten\u00e9, lakovan\u00e9<br \/>\nPredn\u00e1 strana: dreven\u00fd materi\u00e1l (MDF)<br \/>\nNohy: mas\u00edvne drevo<\/p>\n<p>V pr\u00edpade z\u00e1ujmu o in\u00fd n\u00e1bytok ako TV stol\u00edk, komodu, reg\u00e1l \u010di skrine, nav\u0161t\u00edvte sekciu n\u00e1bytok na <a href=\"https:\/\/www.ikuchyne.sk\/eshop\/kategoria\/nabytok\/\">www.ikuchyne.sk\/eshop<\/a><br \/>\nV pr\u00edpade z\u00e1ujmu o n\u00e1bytok na mieru n\u00e1s kontaktuje na <a href=\"http:\/\/www.ikuchyne.sk\">www.ikuchyne.sk<\/a><\/p>\n","protected":false},"excerpt":{"rendered":"<p>Komoda Marrakesch 100cm Mango pr\u00edrodn\u00e1 \u00bb V\u0161eobecn\u00fd popis: Mas\u00edvna komoda Marrakesch 100cm Mango pr\u00edrodn\u00e1 vyroben\u00e1 z vysoko kvalitn\u00e9ho mangov\u00e9ho dreva. Dvierka boli ru\u010dne zdoben\u00e9 komplikovan\u00fdm vzorom. Vo vn\u00fatri sa nach\u00e1dza<\/p>\n","protected":false},"featured_media":132648,"comment_status":"closed","ping_status":"closed","template":"","meta":[],"product_cat":[293,286,772,296,292],"product_tag":[198],"yoast_head":"<!-- This site is optimized with the Yoast SEO plugin v22.1 - https:\/\/yoast.com\/wordpress\/plugins\/seo\/ -->\n<title>Komoda Marrakesch 100cm Mango &#187; iKuchyne iSHOP s n\u00e1bytkom<\/title>\n<meta name=\"description\" content=\"Komoda Marrakesch 100cm Mango pr\u00edrodn\u00e1 \u00bb - r\u00fdchle dodanie, poradenstvo, n\u00e1bytok skladom v Bratislave s ikuchyne.sk - kuchyne na mieru.\" \/>\n<meta name=\"robots\" content=\"index, follow, max-snippet:-1, max-image-preview:large, max-video-preview:-1\" \/>\n<link rel=\"canonical\" href=\"https:\/\/www.ikuchyne.sk\/eshop\/produkt\/komoda-marrakesch-100cm-mango-prirodna\/\" \/>\n<meta property=\"og:locale\" content=\"sk_SK\" \/>\n<meta property=\"og:type\" content=\"article\" \/>\n<meta property=\"og:title\" content=\"Komoda Marrakesch 100cm Mango &#187; iKuchyne iSHOP s n\u00e1bytkom\" \/>\n<meta property=\"og:description\" content=\"Komoda Marrakesch 100cm Mango pr\u00edrodn\u00e1 \u00bb - r\u00fdchle dodanie, poradenstvo, n\u00e1bytok skladom v Bratislave s ikuchyne.sk - kuchyne na mieru.\" \/>\n<meta property=\"og:url\" content=\"https:\/\/www.ikuchyne.sk\/eshop\/produkt\/komoda-marrakesch-100cm-mango-prirodna\/\" \/>\n<meta property=\"og:site_name\" content=\"iKuchyne iSHOP s n\u00e1bytkom\" \/>\n<meta property=\"article:publisher\" content=\"https:\/\/www.facebook.com\/ikuchyne\/\" \/>\n<meta property=\"article:modified_time\" content=\"2021-04-16T09:39:36+00:00\" \/>\n<meta property=\"og:image\" content=\"https:\/\/www.ikuchyne.sk\/eshop\/wp-content\/uploads\/2020\/09\/Komoda-Marrakesch-100cm-Mango-pr\u00edrodn\u00e1-40301.jpg\" \/>\n\t<meta property=\"og:image:width\" content=\"800\" \/>\n\t<meta property=\"og:image:height\" content=\"533\" \/>\n\t<meta property=\"og:image:type\" content=\"image\/jpeg\" \/>\n<meta name=\"twitter:card\" content=\"summary_large_image\" \/>\n<meta name=\"twitter:label1\" content=\"Predpokladan\u00fd \u010das \u010d\u00edtania\" \/>\n\t<meta name=\"twitter:data1\" content=\"2 min\u00faty\" \/>\n<script type=\"application\/ld+json\" class=\"yoast-schema-graph\">{\"@context\":\"https:\/\/schema.org\",\"@graph\":[{\"@type\":\"WebPage\",\"@id\":\"https:\/\/www.ikuchyne.sk\/eshop\/produkt\/komoda-marrakesch-100cm-mango-prirodna\/\",\"url\":\"https:\/\/www.ikuchyne.sk\/eshop\/produkt\/komoda-marrakesch-100cm-mango-prirodna\/\",\"name\":\"Komoda Marrakesch 100cm Mango &#187; iKuchyne iSHOP s n\u00e1bytkom\",\"isPartOf\":{\"@id\":\"https:\/\/www.ikuchyne.sk\/eshop\/#website\"},\"datePublished\":\"2021-03-02T09:58:53+00:00\",\"dateModified\":\"2021-04-16T09:39:36+00:00\",\"description\":\"Komoda Marrakesch 100cm Mango pr\u00edrodn\u00e1 \u00bb - r\u00fdchle dodanie, poradenstvo, n\u00e1bytok skladom v Bratislave s ikuchyne.sk - kuchyne na mieru.\",\"breadcrumb\":{\"@id\":\"https:\/\/www.ikuchyne.sk\/eshop\/produkt\/komoda-marrakesch-100cm-mango-prirodna\/#breadcrumb\"},\"inLanguage\":\"sk-SK\",\"potentialAction\":[{\"@type\":\"ReadAction\",\"target\":[\"https:\/\/www.ikuchyne.sk\/eshop\/produkt\/komoda-marrakesch-100cm-mango-prirodna\/\"]}]},{\"@type\":\"BreadcrumbList\",\"@id\":\"https:\/\/www.ikuchyne.sk\/eshop\/produkt\/komoda-marrakesch-100cm-mango-prirodna\/#breadcrumb\",\"itemListElement\":[{\"@type\":\"ListItem\",\"position\":1,\"name\":\"Home\",\"item\":\"https:\/\/www.ikuchyne.sk\/eshop\/\"},{\"@type\":\"ListItem\",\"position\":2,\"name\":\"Obchod\",\"item\":\"https:\/\/www.ikuchyne.sk\/eshop\/obchod\/\"},{\"@type\":\"ListItem\",\"position\":3,\"name\":\"Komoda Marrakesch 100cm Mango pr\u00edrodn\u00e1 \u00bb\"}]},{\"@type\":\"WebSite\",\"@id\":\"https:\/\/www.ikuchyne.sk\/eshop\/#website\",\"url\":\"https:\/\/www.ikuchyne.sk\/eshop\/\",\"name\":\"iKuchyne iSHOP s n\u00e1bytkom\",\"description\":\"Jed\u00e1lensk\u00e9 stoly, stoli\u010dky, n\u00e1bytok, svietidl\u00e1...\",\"publisher\":{\"@id\":\"https:\/\/www.ikuchyne.sk\/eshop\/#organization\"},\"potentialAction\":[{\"@type\":\"SearchAction\",\"target\":{\"@type\":\"EntryPoint\",\"urlTemplate\":\"https:\/\/www.ikuchyne.sk\/eshop\/?s={search_term_string}\"},\"query-input\":\"required name=search_term_string\"}],\"inLanguage\":\"sk-SK\"},{\"@type\":\"Organization\",\"@id\":\"https:\/\/www.ikuchyne.sk\/eshop\/#organization\",\"name\":\"ikuchyne!\",\"url\":\"https:\/\/www.ikuchyne.sk\/eshop\/\",\"logo\":{\"@type\":\"ImageObject\",\"inLanguage\":\"sk-SK\",\"@id\":\"https:\/\/www.ikuchyne.sk\/eshop\/#\/schema\/logo\/image\/\",\"url\":\"https:\/\/www.ikuchyne.sk\/eshop\/wp-content\/uploads\/2017\/04\/ikuchyne-logo.jpg\",\"contentUrl\":\"https:\/\/www.ikuchyne.sk\/eshop\/wp-content\/uploads\/2017\/04\/ikuchyne-logo.jpg\",\"width\":200,\"height\":48,\"caption\":\"ikuchyne!\"},\"image\":{\"@id\":\"https:\/\/www.ikuchyne.sk\/eshop\/#\/schema\/logo\/image\/\"},\"sameAs\":[\"https:\/\/www.facebook.com\/ikuchyne\/\",\"https:\/\/www.instagram.com\/ikuchyne.sk\/\",\"https:\/\/sk.pinterest.com\/ikuchynesk\/\"]}]}<\/script>\n<!-- \/ Yoast SEO plugin. -->","yoast_head_json":{"title":"Komoda Marrakesch 100cm Mango &#187; iKuchyne iSHOP s n\u00e1bytkom","description":"Komoda Marrakesch 100cm Mango pr\u00edrodn\u00e1 \u00bb - r\u00fdchle dodanie, poradenstvo, n\u00e1bytok skladom v Bratislave s ikuchyne.sk - kuchyne na mieru.","robots":{"index":"index","follow":"follow","max-snippet":"max-snippet:-1","max-image-preview":"max-image-preview:large","max-video-preview":"max-video-preview:-1"},"canonical":"https:\/\/www.ikuchyne.sk\/eshop\/produkt\/komoda-marrakesch-100cm-mango-prirodna\/","og_locale":"sk_SK","og_type":"article","og_title":"Komoda Marrakesch 100cm Mango &#187; iKuchyne iSHOP s n\u00e1bytkom","og_description":"Komoda Marrakesch 100cm Mango pr\u00edrodn\u00e1 \u00bb - r\u00fdchle dodanie, poradenstvo, n\u00e1bytok skladom v Bratislave s ikuchyne.sk - kuchyne na mieru.","og_url":"https:\/\/www.ikuchyne.sk\/eshop\/produkt\/komoda-marrakesch-100cm-mango-prirodna\/","og_site_name":"iKuchyne iSHOP s n\u00e1bytkom","article_publisher":"https:\/\/www.facebook.com\/ikuchyne\/","article_modified_time":"2021-04-16T09:39:36+00:00","og_image":[{"width":800,"height":533,"url":"https:\/\/www.ikuchyne.sk\/eshop\/wp-content\/uploads\/2020\/09\/Komoda-Marrakesch-100cm-Mango-pr\u00edrodn\u00e1-40301.jpg","type":"image\/jpeg"}],"twitter_card":"summary_large_image","twitter_misc":{"Predpokladan\u00fd \u010das \u010d\u00edtania":"2 min\u00faty"},"schema":{"@context":"https:\/\/schema.org","@graph":[{"@type":"WebPage","@id":"https:\/\/www.ikuchyne.sk\/eshop\/produkt\/komoda-marrakesch-100cm-mango-prirodna\/","url":"https:\/\/www.ikuchyne.sk\/eshop\/produkt\/komoda-marrakesch-100cm-mango-prirodna\/","name":"Komoda Marrakesch 100cm Mango &#187; iKuchyne iSHOP s n\u00e1bytkom","isPartOf":{"@id":"https:\/\/www.ikuchyne.sk\/eshop\/#website"},"datePublished":"2021-03-02T09:58:53+00:00","dateModified":"2021-04-16T09:39:36+00:00","description":"Komoda Marrakesch 100cm Mango pr\u00edrodn\u00e1 \u00bb - r\u00fdchle dodanie, poradenstvo, n\u00e1bytok skladom v Bratislave s ikuchyne.sk - kuchyne na mieru.","breadcrumb":{"@id":"https:\/\/www.ikuchyne.sk\/eshop\/produkt\/komoda-marrakesch-100cm-mango-prirodna\/#breadcrumb"},"inLanguage":"sk-SK","potentialAction":[{"@type":"ReadAction","target":["https:\/\/www.ikuchyne.sk\/eshop\/produkt\/komoda-marrakesch-100cm-mango-prirodna\/"]}]},{"@type":"BreadcrumbList","@id":"https:\/\/www.ikuchyne.sk\/eshop\/produkt\/komoda-marrakesch-100cm-mango-prirodna\/#breadcrumb","itemListElement":[{"@type":"ListItem","position":1,"name":"Home","item":"https:\/\/www.ikuchyne.sk\/eshop\/"},{"@type":"ListItem","position":2,"name":"Obchod","item":"https:\/\/www.ikuchyne.sk\/eshop\/obchod\/"},{"@type":"ListItem","position":3,"name":"Komoda Marrakesch 100cm Mango pr\u00edrodn\u00e1 \u00bb"}]},{"@type":"WebSite","@id":"https:\/\/www.ikuchyne.sk\/eshop\/#website","url":"https:\/\/www.ikuchyne.sk\/eshop\/","name":"iKuchyne iSHOP s n\u00e1bytkom","description":"Jed\u00e1lensk\u00e9 stoly, stoli\u010dky, n\u00e1bytok, svietidl\u00e1...","publisher":{"@id":"https:\/\/www.ikuchyne.sk\/eshop\/#organization"},"potentialAction":[{"@type":"SearchAction","target":{"@type":"EntryPoint","urlTemplate":"https:\/\/www.ikuchyne.sk\/eshop\/?s={search_term_string}"},"query-input":"required name=search_term_string"}],"inLanguage":"sk-SK"},{"@type":"Organization","@id":"https:\/\/www.ikuchyne.sk\/eshop\/#organization","name":"ikuchyne!","url":"https:\/\/www.ikuchyne.sk\/eshop\/","logo":{"@type":"ImageObject","inLanguage":"sk-SK","@id":"https:\/\/www.ikuchyne.sk\/eshop\/#\/schema\/logo\/image\/","url":"https:\/\/www.ikuchyne.sk\/eshop\/wp-content\/uploads\/2017\/04\/ikuchyne-logo.jpg","contentUrl":"https:\/\/www.ikuchyne.sk\/eshop\/wp-content\/uploads\/2017\/04\/ikuchyne-logo.jpg","width":200,"height":48,"caption":"ikuchyne!"},"image":{"@id":"https:\/\/www.ikuchyne.sk\/eshop\/#\/schema\/logo\/image\/"},"sameAs":["https:\/\/www.facebook.com\/ikuchyne\/","https:\/\/www.instagram.com\/ikuchyne.sk\/","https:\/\/sk.pinterest.com\/ikuchynesk\/"]}]}},"_links":{"self":[{"href":"https:\/\/www.ikuchyne.sk\/eshop\/wp-json\/wp\/v2\/product\/132647"}],"collection":[{"href":"https:\/\/www.ikuchyne.sk\/eshop\/wp-json\/wp\/v2\/product"}],"about":[{"href":"https:\/\/www.ikuchyne.sk\/eshop\/wp-json\/wp\/v2\/types\/product"}],"replies":[{"embeddable":true,"href":"https:\/\/www.ikuchyne.sk\/eshop\/wp-json\/wp\/v2\/comments?post=132647"}],"wp:featuredmedia":[{"embeddable":true,"href":"https:\/\/www.ikuchyne.sk\/eshop\/wp-json\/wp\/v2\/media\/132648"}],"wp:attachment":[{"href":"https:\/\/www.ikuchyne.sk\/eshop\/wp-json\/wp\/v2\/media?parent=132647"}],"wp:term":[{"taxonomy":"product_cat","embeddable":true,"href":"https:\/\/www.ikuchyne.sk\/eshop\/wp-json\/wp\/v2\/product_cat?post=132647"},{"taxonomy":"product_tag","embeddable":true,"href":"https:\/\/www.ikuchyne.sk\/eshop\/wp-json\/wp\/v2\/product_tag?post=132647"}],"curies":[{"name":"wp","href":"https:\/\/api.w.org\/{rel}","templated":true}]}}