{"id":132725,"date":"2021-03-02T11:12:08","date_gmt":"2021-03-02T10:12:08","guid":{"rendered":"https:\/\/www.ikuchyne.sk\/eshop\/?post_type=product&#038;p=132725"},"modified":"2021-04-28T00:44:24","modified_gmt":"2021-04-27T22:44:24","slug":"konferencny-stolik-abstract-set-2ks-hlinik-zlaty","status":"publish","type":"product","link":"https:\/\/www.ikuchyne.sk\/eshop\/produkt\/konferencny-stolik-abstract-set-2ks-hlinik-zlaty\/","title":{"rendered":"Konferen\u010dn\u00fd stol\u00edk Abstract set 2ks hlin\u00edk zlat\u00fd \u00bb"},"content":{"rendered":"<h1>Konferen\u010dn\u00fd stol\u00edk Abstract set 2ks hlin\u00edk zlat\u00fd \u00bb<\/h1>\n<h4><strong>V\u0161eobecn\u00fd popis:<\/strong><\/h4>\n<p>Konferen\u010dn\u00fd stol\u00edk Abstract set 2ks hlin\u00edk zlat\u00fd s okr\u00fahlou stolovou doskou. V\u010faka trom noh\u00e1m s\u00fa stoly v\u017edy bez n\u00e1klonu. S povrchom v p\u00f4vabnom \u0161t\u00fdle shabby chic. Dajte svojmu prostrediu jasn\u00fd vzh\u013ead!<\/p>\n<p>Zlatist\u00fd vzh\u013ead pre v\u00e1\u0161 interi\u00e9r. Na\u0161e dva bo\u010dn\u00e9 stol\u00edky ABSTRACT in\u0161piruj\u00fa na prv\u00fd poh\u013ead svoj\u00edm neobvykl\u00fdm dizajnom. Okr\u00fahle dosky stola maj\u00fa zv\u00fd\u0161en\u00fd okraj a s\u00fa podopret\u00e9 tromi dlh\u00fdmi filigr\u00e1nov\u00fdmi nohami. Cel\u00fd povrch je udr\u017eiavan\u00fd v hrejivom zlatom t\u00f3ne a opatren\u00fd r\u00f4znymi nepravidelnos\u0165ami v laku v \u0161t\u00fdle shabby-chic. A tak sa k v\u00e1m nas\u0165ahuj\u00fa dva mal\u00e9 jedine\u010dn\u00e9 predmety, ktor\u00e9 m\u00f4\u017eete pou\u017ei\u0165 \u00fa\u017easne v\u0161estranne.<\/p>\n<p>\u00dalo\u017en\u00fd priestor v\u017edy tam, kde potrebujete. Tieto dva elegantn\u00e9 stol\u00edky m\u00f4\u017eete umiestni\u0165 do ob\u00fdvacej izby ved\u013ea gau\u010da, umiestni\u0165 na chodbu ako doplnkov\u00fd bytov\u00fd doplnok alebo ako extravagantn\u00e9 no\u010dn\u00e9 stol\u00edky ved\u013ea va\u0161ej postele. Pre harmonick\u00fd koncept zaria\u010fovania m\u00f4\u017eete dva bo\u010dn\u00e9 stol\u00edky skombinova\u0165 s in\u00fdm n\u00e1bytkom alebo doplnkami v zlatej farbe, sta\u010d\u00ed to vysk\u00fa\u0161a\u0165!<\/p>\n<h4><strong>Detaily produktu:<\/strong><\/h4>\n<p>S\u00fa\u010das\u0165ou balenia s\u00fa v\u017edy dva stol\u00edky r\u00f4znych ve\u013ekost\u00ed. Povrch je navrhnut\u00fd v \u0161t\u00fdle shabby chic. Max. nosnos\u0165: cca 20 kg. \u0160\u00edrte teraz vo svojom dome dotyk nostalgie. N\u00e1bytok v dizajne shabby chic v\u017edy rozpr\u00e1va svoj vlastn\u00fd pr\u00edbeh a sp\u00e1ja minulos\u0165 so s\u00fa\u010dasnos\u0165ou. Hrav\u00e9 doplnky s kvetinov\u00fdmi vzormi, \u010derstv\u00fdmi kvetmi a svetl\u00fdmi tkaninami dotv\u00e1raj\u00fa vzh\u013ead. Vhodn\u00e9 bytov\u00e9 doplnky len zd\u00f4raznia v\u00fdnimo\u010dn\u00fd vzh\u013ead tohto konferen\u010dn\u00e9ho stol\u00edka. Pora\u010fte sa s na\u0161imi odborn\u00edkmi, ktor\u00ed v\u00e1m ochotne pom\u00f4\u017eu pri v\u00fdbere spr\u00e1vnych doplnkov do va\u0161ej dom\u00e1cnosti pre kombinovanie s t\u00fdmto konferen\u010dn\u00fdm stol\u00edkom do va\u0161ej dom\u00e1cnosti.<\/p>\n<p><strong>Rozmery (cca):<\/strong><br \/>\nVe\u013ek\u00fd stol\u00edk: 34cm x 59cm x 34cm (\u0160xVxH)<br \/>\nMal\u00fd stol\u00edk: 28cm x 54cm x 28cm (\u0160xVxH)<\/p>\n<p><strong>Farba:<\/strong> zlat\u00e1<br \/>\n<strong>Materi\u00e1l:<\/strong> zliatina kov-hlin\u00edk<\/p>\n<p>Dodato\u010dn\u00e9 inform\u00e1cie:<\/p>\n<p>V pr\u00edpade z\u00e1ujmu o in\u00e9 stoly ako toaletn\u00e9, p\u00edsacie, konferen\u010dn\u00e9 stol\u00edky \u010di jed\u00e1lensk\u00e9 stoly, nav\u0161t\u00edvte sekciu stoly na <a href=\"https:\/\/www.ikuchyne.sk\/eshop\/kategoria\/stoly\/\">www.ikuchyne.sk\/eshop<\/a><br \/>\nV pr\u00edpade z\u00e1ujmu o n\u00e1bytok na mieru n\u00e1s kontaktuje na <a href=\"http:\/\/www.ikuchyne.sk\">www.ikuchyne.sk<\/a><\/p>\n","protected":false},"excerpt":{"rendered":"<p>Konferen\u010dn\u00fd stol\u00edk Abstract set 2ks hlin\u00edk zlat\u00fd \u00bb V\u0161eobecn\u00fd popis: Konferen\u010dn\u00fd stol\u00edk Abstract set 2ks hlin\u00edk zlat\u00fd s okr\u00fahlou stolovou doskou. V\u010faka trom noh\u00e1m s\u00fa stoly v\u017edy bez n\u00e1klonu. S<\/p>\n","protected":false},"featured_media":132726,"comment_status":"closed","ping_status":"closed","template":"","meta":[],"product_cat":[304,839,836,772,841,287],"product_tag":[188],"yoast_head":"<!-- This site is optimized with the Yoast SEO plugin v22.1 - https:\/\/yoast.com\/wordpress\/plugins\/seo\/ -->\n<title>Konferen\u010dn\u00fd stol\u00edk Abstract set hlin\u00edk zlat\u00fd &#187; iKuchyne iSHOP s n\u00e1bytkom<\/title>\n<meta name=\"description\" content=\"Konferen\u010dn\u00fd stol\u00edk Abstract set 2ks hlin\u00edk zlat\u00fd \u00bb - r\u00fdchle dodanie, poradenstvo, n\u00e1bytok skladom v Bratislave s ikuchyne.sk - kuchyne na mieru.\" \/>\n<meta name=\"robots\" content=\"index, follow, max-snippet:-1, max-image-preview:large, max-video-preview:-1\" \/>\n<link rel=\"canonical\" href=\"https:\/\/www.ikuchyne.sk\/eshop\/produkt\/konferencny-stolik-abstract-set-2ks-hlinik-zlaty\/\" \/>\n<meta property=\"og:locale\" content=\"sk_SK\" \/>\n<meta property=\"og:type\" content=\"article\" \/>\n<meta property=\"og:title\" content=\"Konferen\u010dn\u00fd stol\u00edk Abstract set hlin\u00edk zlat\u00fd &#187; iKuchyne iSHOP s n\u00e1bytkom\" \/>\n<meta property=\"og:description\" content=\"Konferen\u010dn\u00fd stol\u00edk Abstract set 2ks hlin\u00edk zlat\u00fd \u00bb - r\u00fdchle dodanie, poradenstvo, n\u00e1bytok skladom v Bratislave s ikuchyne.sk - kuchyne na mieru.\" \/>\n<meta property=\"og:url\" content=\"https:\/\/www.ikuchyne.sk\/eshop\/produkt\/konferencny-stolik-abstract-set-2ks-hlinik-zlaty\/\" \/>\n<meta property=\"og:site_name\" content=\"iKuchyne iSHOP s n\u00e1bytkom\" \/>\n<meta property=\"article:publisher\" content=\"https:\/\/www.facebook.com\/ikuchyne\/\" \/>\n<meta property=\"article:modified_time\" content=\"2021-04-27T22:44:24+00:00\" \/>\n<meta property=\"og:image\" content=\"https:\/\/www.ikuchyne.sk\/eshop\/wp-content\/uploads\/2020\/09\/Konferen\u010dn\u00fd-stol\u00edk-Abstract-set-2ks-hlin\u00edk-zlat\u00e1-40357.jpg\" \/>\n\t<meta property=\"og:image:width\" content=\"800\" \/>\n\t<meta property=\"og:image:height\" content=\"774\" \/>\n\t<meta property=\"og:image:type\" content=\"image\/jpeg\" \/>\n<meta name=\"twitter:card\" content=\"summary_large_image\" \/>\n<meta name=\"twitter:label1\" content=\"Predpokladan\u00fd \u010das \u010d\u00edtania\" \/>\n\t<meta name=\"twitter:data1\" content=\"2 min\u00faty\" \/>\n<script type=\"application\/ld+json\" class=\"yoast-schema-graph\">{\"@context\":\"https:\/\/schema.org\",\"@graph\":[{\"@type\":\"WebPage\",\"@id\":\"https:\/\/www.ikuchyne.sk\/eshop\/produkt\/konferencny-stolik-abstract-set-2ks-hlinik-zlaty\/\",\"url\":\"https:\/\/www.ikuchyne.sk\/eshop\/produkt\/konferencny-stolik-abstract-set-2ks-hlinik-zlaty\/\",\"name\":\"Konferen\u010dn\u00fd stol\u00edk Abstract set hlin\u00edk zlat\u00fd &#187; iKuchyne iSHOP s n\u00e1bytkom\",\"isPartOf\":{\"@id\":\"https:\/\/www.ikuchyne.sk\/eshop\/#website\"},\"datePublished\":\"2021-03-02T10:12:08+00:00\",\"dateModified\":\"2021-04-27T22:44:24+00:00\",\"description\":\"Konferen\u010dn\u00fd stol\u00edk Abstract set 2ks hlin\u00edk zlat\u00fd \u00bb - r\u00fdchle dodanie, poradenstvo, n\u00e1bytok skladom v Bratislave s ikuchyne.sk - kuchyne na mieru.\",\"breadcrumb\":{\"@id\":\"https:\/\/www.ikuchyne.sk\/eshop\/produkt\/konferencny-stolik-abstract-set-2ks-hlinik-zlaty\/#breadcrumb\"},\"inLanguage\":\"sk-SK\",\"potentialAction\":[{\"@type\":\"ReadAction\",\"target\":[\"https:\/\/www.ikuchyne.sk\/eshop\/produkt\/konferencny-stolik-abstract-set-2ks-hlinik-zlaty\/\"]}]},{\"@type\":\"BreadcrumbList\",\"@id\":\"https:\/\/www.ikuchyne.sk\/eshop\/produkt\/konferencny-stolik-abstract-set-2ks-hlinik-zlaty\/#breadcrumb\",\"itemListElement\":[{\"@type\":\"ListItem\",\"position\":1,\"name\":\"Home\",\"item\":\"https:\/\/www.ikuchyne.sk\/eshop\/\"},{\"@type\":\"ListItem\",\"position\":2,\"name\":\"Obchod\",\"item\":\"https:\/\/www.ikuchyne.sk\/eshop\/obchod\/\"},{\"@type\":\"ListItem\",\"position\":3,\"name\":\"Konferen\u010dn\u00fd stol\u00edk Abstract set 2ks hlin\u00edk zlat\u00fd \u00bb\"}]},{\"@type\":\"WebSite\",\"@id\":\"https:\/\/www.ikuchyne.sk\/eshop\/#website\",\"url\":\"https:\/\/www.ikuchyne.sk\/eshop\/\",\"name\":\"iKuchyne iSHOP s n\u00e1bytkom\",\"description\":\"Jed\u00e1lensk\u00e9 stoly, stoli\u010dky, n\u00e1bytok, svietidl\u00e1...\",\"publisher\":{\"@id\":\"https:\/\/www.ikuchyne.sk\/eshop\/#organization\"},\"potentialAction\":[{\"@type\":\"SearchAction\",\"target\":{\"@type\":\"EntryPoint\",\"urlTemplate\":\"https:\/\/www.ikuchyne.sk\/eshop\/?s={search_term_string}\"},\"query-input\":\"required name=search_term_string\"}],\"inLanguage\":\"sk-SK\"},{\"@type\":\"Organization\",\"@id\":\"https:\/\/www.ikuchyne.sk\/eshop\/#organization\",\"name\":\"ikuchyne!\",\"url\":\"https:\/\/www.ikuchyne.sk\/eshop\/\",\"logo\":{\"@type\":\"ImageObject\",\"inLanguage\":\"sk-SK\",\"@id\":\"https:\/\/www.ikuchyne.sk\/eshop\/#\/schema\/logo\/image\/\",\"url\":\"https:\/\/www.ikuchyne.sk\/eshop\/wp-content\/uploads\/2017\/04\/ikuchyne-logo.jpg\",\"contentUrl\":\"https:\/\/www.ikuchyne.sk\/eshop\/wp-content\/uploads\/2017\/04\/ikuchyne-logo.jpg\",\"width\":200,\"height\":48,\"caption\":\"ikuchyne!\"},\"image\":{\"@id\":\"https:\/\/www.ikuchyne.sk\/eshop\/#\/schema\/logo\/image\/\"},\"sameAs\":[\"https:\/\/www.facebook.com\/ikuchyne\/\",\"https:\/\/www.instagram.com\/ikuchyne.sk\/\",\"https:\/\/sk.pinterest.com\/ikuchynesk\/\"]}]}<\/script>\n<!-- \/ Yoast SEO plugin. -->","yoast_head_json":{"title":"Konferen\u010dn\u00fd stol\u00edk Abstract set hlin\u00edk zlat\u00fd &#187; iKuchyne iSHOP s n\u00e1bytkom","description":"Konferen\u010dn\u00fd stol\u00edk Abstract set 2ks hlin\u00edk zlat\u00fd \u00bb - r\u00fdchle dodanie, poradenstvo, n\u00e1bytok skladom v Bratislave s ikuchyne.sk - kuchyne na mieru.","robots":{"index":"index","follow":"follow","max-snippet":"max-snippet:-1","max-image-preview":"max-image-preview:large","max-video-preview":"max-video-preview:-1"},"canonical":"https:\/\/www.ikuchyne.sk\/eshop\/produkt\/konferencny-stolik-abstract-set-2ks-hlinik-zlaty\/","og_locale":"sk_SK","og_type":"article","og_title":"Konferen\u010dn\u00fd stol\u00edk Abstract set hlin\u00edk zlat\u00fd &#187; iKuchyne iSHOP s n\u00e1bytkom","og_description":"Konferen\u010dn\u00fd stol\u00edk Abstract set 2ks hlin\u00edk zlat\u00fd \u00bb - r\u00fdchle dodanie, poradenstvo, n\u00e1bytok skladom v Bratislave s ikuchyne.sk - kuchyne na mieru.","og_url":"https:\/\/www.ikuchyne.sk\/eshop\/produkt\/konferencny-stolik-abstract-set-2ks-hlinik-zlaty\/","og_site_name":"iKuchyne iSHOP s n\u00e1bytkom","article_publisher":"https:\/\/www.facebook.com\/ikuchyne\/","article_modified_time":"2021-04-27T22:44:24+00:00","og_image":[{"width":800,"height":774,"url":"https:\/\/www.ikuchyne.sk\/eshop\/wp-content\/uploads\/2020\/09\/Konferen\u010dn\u00fd-stol\u00edk-Abstract-set-2ks-hlin\u00edk-zlat\u00e1-40357.jpg","type":"image\/jpeg"}],"twitter_card":"summary_large_image","twitter_misc":{"Predpokladan\u00fd \u010das \u010d\u00edtania":"2 min\u00faty"},"schema":{"@context":"https:\/\/schema.org","@graph":[{"@type":"WebPage","@id":"https:\/\/www.ikuchyne.sk\/eshop\/produkt\/konferencny-stolik-abstract-set-2ks-hlinik-zlaty\/","url":"https:\/\/www.ikuchyne.sk\/eshop\/produkt\/konferencny-stolik-abstract-set-2ks-hlinik-zlaty\/","name":"Konferen\u010dn\u00fd stol\u00edk Abstract set hlin\u00edk zlat\u00fd &#187; iKuchyne iSHOP s n\u00e1bytkom","isPartOf":{"@id":"https:\/\/www.ikuchyne.sk\/eshop\/#website"},"datePublished":"2021-03-02T10:12:08+00:00","dateModified":"2021-04-27T22:44:24+00:00","description":"Konferen\u010dn\u00fd stol\u00edk Abstract set 2ks hlin\u00edk zlat\u00fd \u00bb - r\u00fdchle dodanie, poradenstvo, n\u00e1bytok skladom v Bratislave s ikuchyne.sk - kuchyne na mieru.","breadcrumb":{"@id":"https:\/\/www.ikuchyne.sk\/eshop\/produkt\/konferencny-stolik-abstract-set-2ks-hlinik-zlaty\/#breadcrumb"},"inLanguage":"sk-SK","potentialAction":[{"@type":"ReadAction","target":["https:\/\/www.ikuchyne.sk\/eshop\/produkt\/konferencny-stolik-abstract-set-2ks-hlinik-zlaty\/"]}]},{"@type":"BreadcrumbList","@id":"https:\/\/www.ikuchyne.sk\/eshop\/produkt\/konferencny-stolik-abstract-set-2ks-hlinik-zlaty\/#breadcrumb","itemListElement":[{"@type":"ListItem","position":1,"name":"Home","item":"https:\/\/www.ikuchyne.sk\/eshop\/"},{"@type":"ListItem","position":2,"name":"Obchod","item":"https:\/\/www.ikuchyne.sk\/eshop\/obchod\/"},{"@type":"ListItem","position":3,"name":"Konferen\u010dn\u00fd stol\u00edk Abstract set 2ks hlin\u00edk zlat\u00fd \u00bb"}]},{"@type":"WebSite","@id":"https:\/\/www.ikuchyne.sk\/eshop\/#website","url":"https:\/\/www.ikuchyne.sk\/eshop\/","name":"iKuchyne iSHOP s n\u00e1bytkom","description":"Jed\u00e1lensk\u00e9 stoly, stoli\u010dky, n\u00e1bytok, svietidl\u00e1...","publisher":{"@id":"https:\/\/www.ikuchyne.sk\/eshop\/#organization"},"potentialAction":[{"@type":"SearchAction","target":{"@type":"EntryPoint","urlTemplate":"https:\/\/www.ikuchyne.sk\/eshop\/?s={search_term_string}"},"query-input":"required name=search_term_string"}],"inLanguage":"sk-SK"},{"@type":"Organization","@id":"https:\/\/www.ikuchyne.sk\/eshop\/#organization","name":"ikuchyne!","url":"https:\/\/www.ikuchyne.sk\/eshop\/","logo":{"@type":"ImageObject","inLanguage":"sk-SK","@id":"https:\/\/www.ikuchyne.sk\/eshop\/#\/schema\/logo\/image\/","url":"https:\/\/www.ikuchyne.sk\/eshop\/wp-content\/uploads\/2017\/04\/ikuchyne-logo.jpg","contentUrl":"https:\/\/www.ikuchyne.sk\/eshop\/wp-content\/uploads\/2017\/04\/ikuchyne-logo.jpg","width":200,"height":48,"caption":"ikuchyne!"},"image":{"@id":"https:\/\/www.ikuchyne.sk\/eshop\/#\/schema\/logo\/image\/"},"sameAs":["https:\/\/www.facebook.com\/ikuchyne\/","https:\/\/www.instagram.com\/ikuchyne.sk\/","https:\/\/sk.pinterest.com\/ikuchynesk\/"]}]}},"_links":{"self":[{"href":"https:\/\/www.ikuchyne.sk\/eshop\/wp-json\/wp\/v2\/product\/132725"}],"collection":[{"href":"https:\/\/www.ikuchyne.sk\/eshop\/wp-json\/wp\/v2\/product"}],"about":[{"href":"https:\/\/www.ikuchyne.sk\/eshop\/wp-json\/wp\/v2\/types\/product"}],"replies":[{"embeddable":true,"href":"https:\/\/www.ikuchyne.sk\/eshop\/wp-json\/wp\/v2\/comments?post=132725"}],"wp:featuredmedia":[{"embeddable":true,"href":"https:\/\/www.ikuchyne.sk\/eshop\/wp-json\/wp\/v2\/media\/132726"}],"wp:attachment":[{"href":"https:\/\/www.ikuchyne.sk\/eshop\/wp-json\/wp\/v2\/media?parent=132725"}],"wp:term":[{"taxonomy":"product_cat","embeddable":true,"href":"https:\/\/www.ikuchyne.sk\/eshop\/wp-json\/wp\/v2\/product_cat?post=132725"},{"taxonomy":"product_tag","embeddable":true,"href":"https:\/\/www.ikuchyne.sk\/eshop\/wp-json\/wp\/v2\/product_tag?post=132725"}],"curies":[{"name":"wp","href":"https:\/\/api.w.org\/{rel}","templated":true}]}}