{"id":132832,"date":"2021-03-02T13:51:49","date_gmt":"2021-03-02T12:51:49","guid":{"rendered":"https:\/\/www.ikuchyne.sk\/eshop\/?post_type=product&#038;p=132832"},"modified":"2021-04-16T00:25:15","modified_gmt":"2021-04-15T22:25:15","slug":"kreslo-mustang-lounger-zamat-horcicovo-zlta","status":"publish","type":"product","link":"https:\/\/www.ikuchyne.sk\/eshop\/produkt\/kreslo-mustang-lounger-zamat-horcicovo-zlta\/","title":{"rendered":"Kreslo Mustang Lounger zamat hor\u010dicovo \u017elt\u00e9 \u00bb"},"content":{"rendered":"<h1>Kreslo Mustang Lounger zamat hor\u010dicovo \u017elt\u00e9 \u00bb<\/h1>\n<h4><strong>V\u0161eobecn\u00fd popis:<\/strong><\/h4>\n<p>Prepracovane navrhnut\u00e9 retro kreslo Mustang Lounger zamat hor\u010dicovo \u017elt\u00e9 s vysoko kvalitn\u00fdm po\u0165ahom. Zamatov\u00fd po\u0165ah zaujme svojim pocitom aj vzh\u013eadom. Po\u010detn\u00e9 detaily po\u0165ahu dod\u00e1vaj\u00fa kreslu zvl\u00e1\u0161tne \u010daro. Nenechajte si ujs\u0165 tento dizajn\u00e9rsky z\u00e1zrak!<\/p>\n<p>Pre \u0161t\u00fdlov\u00e9 retro prostredie vo va\u0161ej dom\u00e1cnosti. Toto kreslo kombinuje najvy\u0161\u0161iu \u00farove\u0148 komfortu sedenia so \u0161ikovn\u00fdm retro dizajnom a za chv\u00ed\u013eu sa stane nov\u00fdm ob\u013e\u00faben\u00fdm k\u00faskom va\u0161ej atmosf\u00e9ry. Stabiln\u00fd r\u00e1m vyroben\u00fd z kovov\u00e9ho pr\u00e1\u0161ku potiahnut\u00fd vysoko kvalitnou \u010dal\u00fanenou sedacou \u010das\u0165ou s elegantn\u00fdm zamatov\u00fdm po\u0165ahom. Kryt sa mierne trblieta a vy\u017earuje z neho elegancia, ktor\u00e1 dokonale harmonizuje s retro vzh\u013eadom.<\/p>\n<p>Kde by malo by\u0165 va\u0161e nov\u00e9 kreslo? Po\u010detn\u00e9 detaily, ako napr\u00edklad dodato\u010dne polstrovan\u00e1 opierka na krk, ozdobn\u00e9 pre\u0161\u00edvanie operadla a aplik\u00e1cie na lak\u0165ov\u00fdch opierkach, d\u00e1vaj\u00fa impozantnej stoli\u010dke nie\u010do v\u00fdnimo\u010dn\u00e9. \u010ci u\u017e v ob\u00fdvacej izbe, v sp\u00e1lni alebo vo vstupnom priestore va\u0161ej kancel\u00e1rie: Kreslo s kr\u00e1snym po\u0165ahom pri\u0165ahuje pozornos\u0165 v\u0161etk\u00fdch v ka\u017edej miestnosti. N\u00e1\u0161 tip: skombinujte ho so zladen\u00fdm pr\u00edru\u010dn\u00fdm stol\u00edkom v retro vzh\u013eade z n\u00e1\u0161ho obchodu!<\/p>\n<h4><strong>Detaily produktu:<\/strong><\/h4>\n<p>Zamat je ve\u013emi \u0161peci\u00e1lna po\u0165ahov\u00e1 l\u00e1tka s jedine\u010dn\u00fdmi vlastnos\u0165ami. Jas a intenzita farby sa m\u00f4\u017eu l\u00ed\u0161i\u0165 a na l\u00e1tke je mo\u017en\u00e9 vytv\u00e1ra\u0165 jedine\u010dn\u00e9 vzory &#8211; pod\u013ea toho, v akom smere s\u00fa jemn\u00e9 vl\u00e1kna ma\u013eovan\u00e9 a ako je l\u00e1tka osvetlen\u00e1. V\u00fdsledkom je individu\u00e1lna kompoz\u00edcia farebn\u00fdch odtie\u0148ov a povrchov\u00fdch \u0161trukt\u00far, ktor\u00e9 v\u017edy transformuj\u00fa v\u00e1\u0161 n\u00e1bytok na fascinuj\u00faci kus n\u00e1bytku. Vhodn\u00e9 bytov\u00e9 doplnky pre kombinovanie interi\u00e9ru s t\u00fdmto jed\u00e1lensk\u00fdm stolom n\u00e1jdete na na\u0161om e-shope v sekcii Bytov\u00e9 doplnky. Kontaktujte n\u00e1s a my v\u00e1m radi pom\u00f4\u017eeme s v\u00fdberom vhodn\u00fdch dekor\u00e1ci\u00ed do va\u0161ej dom\u00e1cnosti v akomko\u013evek \u0161t\u00fdle.<\/p>\n<p><b>Rozmery (cca):<br \/>\n<\/b>71cm x 79cm x 72cm (\u0160xVxH)<\/p>\n<p><b>Farba:<\/b> hor\u010dicovo \u017elt\u00e1, \u010dierna &#8211; Retro \u0161t\u00fdl<br \/>\n<b>Materi\u00e1l:<\/b><br \/>\nPo\u0165ah: zamat, 100% polyester<br \/>\nR\u00e1m: kov<\/p>\n<p>Dodato\u010dn\u00e9 inform\u00e1cie:<\/p>\n<p>V pr\u00edpade z\u00e1ujmu o in\u00e9 stoli\u010dky &#8211; jed\u00e1lensk\u00e9, barov\u00e9, kancel\u00e1rske, nav\u0161t\u00edvte sekciu stoli\u010dky na <a href=\"https:\/\/www.ikuchyne.sk\/eshop\/kategoria\/stolicky\/\">www.ikuchyne.sk\/eshop<\/a><br \/>\nV pr\u00edpade z\u00e1ujmu o n\u00e1bytok na mieru n\u00e1s kontaktuje na <a href=\"http:\/\/www.ikuchyne.sk\">www.ikuchyne.sk<\/a><\/p>\n","protected":false},"excerpt":{"rendered":"<p>Kreslo Mustang Lounger zamat hor\u010dicovo \u017elt\u00e9 \u00bb V\u0161eobecn\u00fd popis: Prepracovane navrhnut\u00e9 retro kreslo Mustang Lounger zamat hor\u010dicovo \u017elt\u00e9 s vysoko kvalitn\u00fdm po\u0165ahom. Zamatov\u00fd po\u0165ah zaujme svojim pocitom aj vzh\u013eadom. Po\u010detn\u00e9<\/p>\n","protected":false},"featured_media":132833,"comment_status":"closed","ping_status":"closed","template":"","meta":[],"product_cat":[592,772,594],"product_tag":[690,1115,223],"yoast_head":"<!-- This site is optimized with the Yoast SEO plugin v22.1 - https:\/\/yoast.com\/wordpress\/plugins\/seo\/ -->\n<title>Kreslo Mustang Lounger zamat \u017elt\u00e9 &#187; iKuchyne iSHOP s n\u00e1bytkom<\/title>\n<meta name=\"description\" content=\"Kreslo Mustang Lounger zamat hor\u010dicovo \u017elt\u00e9 \u00bb - r\u00fdchle dodanie, poradenstvo, n\u00e1bytok skladom v Bratislave s ikuchyne.sk - kuchyne na mieru.\" \/>\n<meta name=\"robots\" content=\"index, follow, max-snippet:-1, max-image-preview:large, max-video-preview:-1\" \/>\n<link rel=\"canonical\" href=\"https:\/\/www.ikuchyne.sk\/eshop\/produkt\/kreslo-mustang-lounger-zamat-horcicovo-zlta\/\" \/>\n<meta property=\"og:locale\" content=\"sk_SK\" \/>\n<meta property=\"og:type\" content=\"article\" \/>\n<meta property=\"og:title\" content=\"Kreslo Mustang Lounger zamat \u017elt\u00e9 &#187; iKuchyne iSHOP s n\u00e1bytkom\" \/>\n<meta property=\"og:description\" content=\"Kreslo Mustang Lounger zamat hor\u010dicovo \u017elt\u00e9 \u00bb - r\u00fdchle dodanie, poradenstvo, n\u00e1bytok skladom v Bratislave s ikuchyne.sk - kuchyne na mieru.\" \/>\n<meta property=\"og:url\" content=\"https:\/\/www.ikuchyne.sk\/eshop\/produkt\/kreslo-mustang-lounger-zamat-horcicovo-zlta\/\" \/>\n<meta property=\"og:site_name\" content=\"iKuchyne iSHOP s n\u00e1bytkom\" \/>\n<meta property=\"article:publisher\" content=\"https:\/\/www.facebook.com\/ikuchyne\/\" \/>\n<meta property=\"article:modified_time\" content=\"2021-04-15T22:25:15+00:00\" \/>\n<meta property=\"og:image\" content=\"https:\/\/www.ikuchyne.sk\/eshop\/wp-content\/uploads\/2020\/10\/Kreslo-Mustang-Lounger-zamat-senf\u017elt\u00e1-40759.jpg\" \/>\n\t<meta property=\"og:image:width\" content=\"800\" \/>\n\t<meta property=\"og:image:height\" content=\"533\" \/>\n\t<meta property=\"og:image:type\" content=\"image\/jpeg\" \/>\n<meta name=\"twitter:card\" content=\"summary_large_image\" \/>\n<meta name=\"twitter:label1\" content=\"Predpokladan\u00fd \u010das \u010d\u00edtania\" \/>\n\t<meta name=\"twitter:data1\" content=\"2 min\u00faty\" \/>\n<script type=\"application\/ld+json\" class=\"yoast-schema-graph\">{\"@context\":\"https:\/\/schema.org\",\"@graph\":[{\"@type\":\"WebPage\",\"@id\":\"https:\/\/www.ikuchyne.sk\/eshop\/produkt\/kreslo-mustang-lounger-zamat-horcicovo-zlta\/\",\"url\":\"https:\/\/www.ikuchyne.sk\/eshop\/produkt\/kreslo-mustang-lounger-zamat-horcicovo-zlta\/\",\"name\":\"Kreslo Mustang Lounger zamat \u017elt\u00e9 &#187; iKuchyne iSHOP s n\u00e1bytkom\",\"isPartOf\":{\"@id\":\"https:\/\/www.ikuchyne.sk\/eshop\/#website\"},\"datePublished\":\"2021-03-02T12:51:49+00:00\",\"dateModified\":\"2021-04-15T22:25:15+00:00\",\"description\":\"Kreslo Mustang Lounger zamat hor\u010dicovo \u017elt\u00e9 \u00bb - r\u00fdchle dodanie, poradenstvo, n\u00e1bytok skladom v Bratislave s ikuchyne.sk - kuchyne na mieru.\",\"breadcrumb\":{\"@id\":\"https:\/\/www.ikuchyne.sk\/eshop\/produkt\/kreslo-mustang-lounger-zamat-horcicovo-zlta\/#breadcrumb\"},\"inLanguage\":\"sk-SK\",\"potentialAction\":[{\"@type\":\"ReadAction\",\"target\":[\"https:\/\/www.ikuchyne.sk\/eshop\/produkt\/kreslo-mustang-lounger-zamat-horcicovo-zlta\/\"]}]},{\"@type\":\"BreadcrumbList\",\"@id\":\"https:\/\/www.ikuchyne.sk\/eshop\/produkt\/kreslo-mustang-lounger-zamat-horcicovo-zlta\/#breadcrumb\",\"itemListElement\":[{\"@type\":\"ListItem\",\"position\":1,\"name\":\"Home\",\"item\":\"https:\/\/www.ikuchyne.sk\/eshop\/\"},{\"@type\":\"ListItem\",\"position\":2,\"name\":\"Obchod\",\"item\":\"https:\/\/www.ikuchyne.sk\/eshop\/obchod\/\"},{\"@type\":\"ListItem\",\"position\":3,\"name\":\"Kreslo Mustang Lounger zamat hor\u010dicovo \u017elt\u00e9 \u00bb\"}]},{\"@type\":\"WebSite\",\"@id\":\"https:\/\/www.ikuchyne.sk\/eshop\/#website\",\"url\":\"https:\/\/www.ikuchyne.sk\/eshop\/\",\"name\":\"iKuchyne iSHOP s n\u00e1bytkom\",\"description\":\"Jed\u00e1lensk\u00e9 stoly, stoli\u010dky, n\u00e1bytok, svietidl\u00e1...\",\"publisher\":{\"@id\":\"https:\/\/www.ikuchyne.sk\/eshop\/#organization\"},\"potentialAction\":[{\"@type\":\"SearchAction\",\"target\":{\"@type\":\"EntryPoint\",\"urlTemplate\":\"https:\/\/www.ikuchyne.sk\/eshop\/?s={search_term_string}\"},\"query-input\":\"required name=search_term_string\"}],\"inLanguage\":\"sk-SK\"},{\"@type\":\"Organization\",\"@id\":\"https:\/\/www.ikuchyne.sk\/eshop\/#organization\",\"name\":\"ikuchyne!\",\"url\":\"https:\/\/www.ikuchyne.sk\/eshop\/\",\"logo\":{\"@type\":\"ImageObject\",\"inLanguage\":\"sk-SK\",\"@id\":\"https:\/\/www.ikuchyne.sk\/eshop\/#\/schema\/logo\/image\/\",\"url\":\"https:\/\/www.ikuchyne.sk\/eshop\/wp-content\/uploads\/2017\/04\/ikuchyne-logo.jpg\",\"contentUrl\":\"https:\/\/www.ikuchyne.sk\/eshop\/wp-content\/uploads\/2017\/04\/ikuchyne-logo.jpg\",\"width\":200,\"height\":48,\"caption\":\"ikuchyne!\"},\"image\":{\"@id\":\"https:\/\/www.ikuchyne.sk\/eshop\/#\/schema\/logo\/image\/\"},\"sameAs\":[\"https:\/\/www.facebook.com\/ikuchyne\/\",\"https:\/\/www.instagram.com\/ikuchyne.sk\/\",\"https:\/\/sk.pinterest.com\/ikuchynesk\/\"]}]}<\/script>\n<!-- \/ Yoast SEO plugin. -->","yoast_head_json":{"title":"Kreslo Mustang Lounger zamat \u017elt\u00e9 &#187; iKuchyne iSHOP s n\u00e1bytkom","description":"Kreslo Mustang Lounger zamat hor\u010dicovo \u017elt\u00e9 \u00bb - r\u00fdchle dodanie, poradenstvo, n\u00e1bytok skladom v Bratislave s ikuchyne.sk - kuchyne na mieru.","robots":{"index":"index","follow":"follow","max-snippet":"max-snippet:-1","max-image-preview":"max-image-preview:large","max-video-preview":"max-video-preview:-1"},"canonical":"https:\/\/www.ikuchyne.sk\/eshop\/produkt\/kreslo-mustang-lounger-zamat-horcicovo-zlta\/","og_locale":"sk_SK","og_type":"article","og_title":"Kreslo Mustang Lounger zamat \u017elt\u00e9 &#187; iKuchyne iSHOP s n\u00e1bytkom","og_description":"Kreslo Mustang Lounger zamat hor\u010dicovo \u017elt\u00e9 \u00bb - r\u00fdchle dodanie, poradenstvo, n\u00e1bytok skladom v Bratislave s ikuchyne.sk - kuchyne na mieru.","og_url":"https:\/\/www.ikuchyne.sk\/eshop\/produkt\/kreslo-mustang-lounger-zamat-horcicovo-zlta\/","og_site_name":"iKuchyne iSHOP s n\u00e1bytkom","article_publisher":"https:\/\/www.facebook.com\/ikuchyne\/","article_modified_time":"2021-04-15T22:25:15+00:00","og_image":[{"width":800,"height":533,"url":"https:\/\/www.ikuchyne.sk\/eshop\/wp-content\/uploads\/2020\/10\/Kreslo-Mustang-Lounger-zamat-senf\u017elt\u00e1-40759.jpg","type":"image\/jpeg"}],"twitter_card":"summary_large_image","twitter_misc":{"Predpokladan\u00fd \u010das \u010d\u00edtania":"2 min\u00faty"},"schema":{"@context":"https:\/\/schema.org","@graph":[{"@type":"WebPage","@id":"https:\/\/www.ikuchyne.sk\/eshop\/produkt\/kreslo-mustang-lounger-zamat-horcicovo-zlta\/","url":"https:\/\/www.ikuchyne.sk\/eshop\/produkt\/kreslo-mustang-lounger-zamat-horcicovo-zlta\/","name":"Kreslo Mustang Lounger zamat \u017elt\u00e9 &#187; iKuchyne iSHOP s n\u00e1bytkom","isPartOf":{"@id":"https:\/\/www.ikuchyne.sk\/eshop\/#website"},"datePublished":"2021-03-02T12:51:49+00:00","dateModified":"2021-04-15T22:25:15+00:00","description":"Kreslo Mustang Lounger zamat hor\u010dicovo \u017elt\u00e9 \u00bb - r\u00fdchle dodanie, poradenstvo, n\u00e1bytok skladom v Bratislave s ikuchyne.sk - kuchyne na mieru.","breadcrumb":{"@id":"https:\/\/www.ikuchyne.sk\/eshop\/produkt\/kreslo-mustang-lounger-zamat-horcicovo-zlta\/#breadcrumb"},"inLanguage":"sk-SK","potentialAction":[{"@type":"ReadAction","target":["https:\/\/www.ikuchyne.sk\/eshop\/produkt\/kreslo-mustang-lounger-zamat-horcicovo-zlta\/"]}]},{"@type":"BreadcrumbList","@id":"https:\/\/www.ikuchyne.sk\/eshop\/produkt\/kreslo-mustang-lounger-zamat-horcicovo-zlta\/#breadcrumb","itemListElement":[{"@type":"ListItem","position":1,"name":"Home","item":"https:\/\/www.ikuchyne.sk\/eshop\/"},{"@type":"ListItem","position":2,"name":"Obchod","item":"https:\/\/www.ikuchyne.sk\/eshop\/obchod\/"},{"@type":"ListItem","position":3,"name":"Kreslo Mustang Lounger zamat hor\u010dicovo \u017elt\u00e9 \u00bb"}]},{"@type":"WebSite","@id":"https:\/\/www.ikuchyne.sk\/eshop\/#website","url":"https:\/\/www.ikuchyne.sk\/eshop\/","name":"iKuchyne iSHOP s n\u00e1bytkom","description":"Jed\u00e1lensk\u00e9 stoly, stoli\u010dky, n\u00e1bytok, svietidl\u00e1...","publisher":{"@id":"https:\/\/www.ikuchyne.sk\/eshop\/#organization"},"potentialAction":[{"@type":"SearchAction","target":{"@type":"EntryPoint","urlTemplate":"https:\/\/www.ikuchyne.sk\/eshop\/?s={search_term_string}"},"query-input":"required name=search_term_string"}],"inLanguage":"sk-SK"},{"@type":"Organization","@id":"https:\/\/www.ikuchyne.sk\/eshop\/#organization","name":"ikuchyne!","url":"https:\/\/www.ikuchyne.sk\/eshop\/","logo":{"@type":"ImageObject","inLanguage":"sk-SK","@id":"https:\/\/www.ikuchyne.sk\/eshop\/#\/schema\/logo\/image\/","url":"https:\/\/www.ikuchyne.sk\/eshop\/wp-content\/uploads\/2017\/04\/ikuchyne-logo.jpg","contentUrl":"https:\/\/www.ikuchyne.sk\/eshop\/wp-content\/uploads\/2017\/04\/ikuchyne-logo.jpg","width":200,"height":48,"caption":"ikuchyne!"},"image":{"@id":"https:\/\/www.ikuchyne.sk\/eshop\/#\/schema\/logo\/image\/"},"sameAs":["https:\/\/www.facebook.com\/ikuchyne\/","https:\/\/www.instagram.com\/ikuchyne.sk\/","https:\/\/sk.pinterest.com\/ikuchynesk\/"]}]}},"_links":{"self":[{"href":"https:\/\/www.ikuchyne.sk\/eshop\/wp-json\/wp\/v2\/product\/132832"}],"collection":[{"href":"https:\/\/www.ikuchyne.sk\/eshop\/wp-json\/wp\/v2\/product"}],"about":[{"href":"https:\/\/www.ikuchyne.sk\/eshop\/wp-json\/wp\/v2\/types\/product"}],"replies":[{"embeddable":true,"href":"https:\/\/www.ikuchyne.sk\/eshop\/wp-json\/wp\/v2\/comments?post=132832"}],"wp:featuredmedia":[{"embeddable":true,"href":"https:\/\/www.ikuchyne.sk\/eshop\/wp-json\/wp\/v2\/media\/132833"}],"wp:attachment":[{"href":"https:\/\/www.ikuchyne.sk\/eshop\/wp-json\/wp\/v2\/media?parent=132832"}],"wp:term":[{"taxonomy":"product_cat","embeddable":true,"href":"https:\/\/www.ikuchyne.sk\/eshop\/wp-json\/wp\/v2\/product_cat?post=132832"},{"taxonomy":"product_tag","embeddable":true,"href":"https:\/\/www.ikuchyne.sk\/eshop\/wp-json\/wp\/v2\/product_tag?post=132832"}],"curies":[{"name":"wp","href":"https:\/\/api.w.org\/{rel}","templated":true}]}}