{"id":132887,"date":"2021-03-02T14:20:35","date_gmt":"2021-03-02T13:20:35","guid":{"rendered":"https:\/\/www.ikuchyne.sk\/eshop\/?post_type=product&#038;p=132887"},"modified":"2021-04-16T09:24:19","modified_gmt":"2021-04-16T07:24:19","slug":"stolicka-modena-mikrovlakno-antik-svetlohneda","status":"publish","type":"product","link":"https:\/\/www.ikuchyne.sk\/eshop\/produkt\/stolicka-modena-mikrovlakno-antik-svetlohneda\/","title":{"rendered":"Stoli\u010dka Modena mikrovl\u00e1kno antik svetlohned\u00e1 \u00bb"},"content":{"rendered":"<h1>Stoli\u010dka Modena mikrovl\u00e1kno antik svetlohned\u00e1 \u00bb<\/h1>\n<h4><strong>V\u0161eobecn\u00fd popis:<\/strong><\/h4>\n<p>Nad\u010dasov\u00e1 stoli\u010dka stoli\u010dka Modena mikrovl\u00e1kno antik svetlohned\u00e1 s trendy retro vzh\u013eadom. Ozdobn\u00e9 pre\u0161\u00edvanie je obzvl\u00e1\u0161\u0165 kr\u00e1sny detail na tejto stoli\u010dke. Po\u0165ah z mikrovl\u00e1kna je odoln\u00fd a \u013eahko sa o neho star\u00e1. Pou\u017eite stoli\u010dku na jed\u00e1lensk\u00fd st\u00f4l alebo do kancel\u00e1rie!<\/p>\n<p>Stoli\u010dka, ktor\u00e1 sa hod\u00ed do ka\u017edej dom\u00e1cnosti. Stret\u00e1va sa tu nad\u010dasov\u00fd dizajn s pohodln\u00fdm a komfortn\u00fdm seden\u00edm! Stoli\u010dka MODENA zaujme jednoduch\u00fdm vzh\u013eadom, ktor\u00fd je mo\u017en\u00e9 \u00fa\u017easne kombinova\u0165 r\u00f4znymi sp\u00f4sobmi. Pohodln\u00e1 sedacia \u010das\u0165 je \u010dal\u00fanen\u00e1 a po celej ploche zdoben\u00e1 p\u00fatav\u00fdm pre\u0161\u00edvan\u00edm. \u010cierne nohy v retro \u0161t\u00fdle vytv\u00e1raj\u00fa harmonick\u00fd kontrast a zais\u0165uj\u00fa bezpe\u010dn\u00e9 st\u00e1tie na akomko\u013evek povrchu.<\/p>\n<p>Skuto\u010dn\u00fd dizajnov\u00fd talent. V\u010faka nen\u00e1padnej farebnej kombin\u00e1cii a puristick\u00e9mu dizajnu m\u00f4\u017eete stoli\u010dku \u013eahko skombinova\u0165 so \u0161irokou \u0161k\u00e1lou stolov, skr\u00ed\u0148 a bytov\u00fdch doplnkov. Samozrejmos\u0165ou s\u00fa jed\u00e1lensk\u00e9 stoly, ktor\u00e9 maj\u00fa tie\u017e nohy z \u010dierneho kovu, alebo z\u00e1vesn\u00e1 lampa v priemyselnom vzh\u013eade, v\u010faka ktor\u00fdm sa va\u0161e nov\u00e9 stoli\u010dky u v\u00e1s doma nestratia.<\/p>\n<h4><strong>Detaily produktu:<\/strong><\/h4>\n<p>Tvary, materi\u00e1ly a farby z posledn\u00fdch desa\u0165ro\u010d\u00ed si \u010doraz viac nach\u00e1dzaj\u00fa cestu do na\u0161ich domovov. \u010ci u\u017e barov\u00fd st\u00f4l v kombin\u00e1cii so zodpovedaj\u00facimi stoli\u010dkami alebo pr\u00edborn\u00edk s charakteristick\u00fdmi roztiahnut\u00fdmi nohami: retro vzh\u013ead je absol\u00fatne nad\u010dasov\u00fd. Po\u0165ah tejto stoli\u010dky je vyroben\u00fd z odoln\u00e9ho mikrovl\u00e1kna. Tkaniny z mikrovl\u00e1kien s\u00fa ve\u013emi m\u00e4kk\u00e9 a mimoriadne tvarovo st\u00e1le. Po\u0165ah r\u00fdchlo schne, ve\u013emi dobre sa \u010dist\u00ed. Ozdobn\u00e9 pre\u0161\u00edvanie zdob\u00ed cel\u00fa sedaciu \u010das\u0165 stoli\u010dky. Trendy retro vzh\u013ead v\u010faka \u010diernym noh\u00e1m. Stoli\u010dku je mo\u017en\u00e9 \u00fa\u017easne v\u0161estranne kombinova\u0165 s in\u00fdm n\u00e1bytkom. Vhodn\u00e9 bytov\u00e9 doplnky pre kombinovanie interi\u00e9ru s touto jed\u00e1lenskou stoli\u010dkou n\u00e1jdete na na\u0161om e-shope v sekcii Bytov\u00e9 doplnky. Kontaktujte n\u00e1s a my v\u00e1m radi pom\u00f4\u017eeme s v\u00fdberom vhodn\u00fdch dekor\u00e1ci\u00ed do va\u0161ej dom\u00e1cnosti v akomko\u013evek \u0161t\u00fdle.<\/p>\n<p><b>Rozmery (cca):<br \/>\n<\/b>44cm x 86cm x 58cm (\u0160xVxH)<\/p>\n<p><b>Farba: <\/b>svetlohned\u00e1, \u010dierna &#8211; Vintage vzh\u013ead<br \/>\n<b>Materi\u00e1l:<\/b><br \/>\nPo\u0165ah: mikrovl\u00e1kno, 100% polyester<br \/>\nNohy: kov<\/p>\n<p>Dodato\u010dn\u00e9 inform\u00e1cie:<\/p>\n<p>V pr\u00edpade z\u00e1ujmu o in\u00e9 stoli\u010dky &#8211; jed\u00e1lensk\u00e9, barov\u00e9, kancel\u00e1rske, nav\u0161t\u00edvte sekciu stoli\u010dky na <a href=\"https:\/\/www.ikuchyne.sk\/eshop\/kategoria\/stolicky\/\">www.ikuchyne.sk\/eshop<\/a><br \/>\nV pr\u00edpade z\u00e1ujmu o n\u00e1bytok na mieru n\u00e1s kontaktuje na <a href=\"http:\/\/www.ikuchyne.sk\">www.ikuchyne.sk<\/a><\/p>\n","protected":false},"excerpt":{"rendered":"<p>Stoli\u010dka Modena mikrovl\u00e1kno antik svetlohned\u00e1 \u00bb V\u0161eobecn\u00fd popis: Nad\u010dasov\u00e1 stoli\u010dka stoli\u010dka Modena mikrovl\u00e1kno antik svetlohned\u00e1 s trendy retro vzh\u013eadom. Ozdobn\u00e9 pre\u0161\u00edvanie je obzvl\u00e1\u0161\u0165 kr\u00e1sny detail na tejto stoli\u010dke. Po\u0165ah z<\/p>\n","protected":false},"featured_media":132888,"comment_status":"closed","ping_status":"closed","template":"","meta":[],"product_cat":[310,823,830,772,288],"product_tag":[187,898],"yoast_head":"<!-- This site is optimized with the Yoast SEO plugin v22.1 - https:\/\/yoast.com\/wordpress\/plugins\/seo\/ -->\n<title>Stoli\u010dka Modena mikrovl\u00e1kno antik &#187; iKuchyne iSHOP s n\u00e1bytkom<\/title>\n<meta name=\"description\" content=\"Stoli\u010dka Modena mikrovl\u00e1kno antik svetlohned\u00e1 \u00bb - r\u00fdchle dodanie, poradenstvo, n\u00e1bytok skladom v Bratislave s ikuchyne.sk - kuchyne na mieru.\" \/>\n<meta name=\"robots\" content=\"index, follow, max-snippet:-1, max-image-preview:large, max-video-preview:-1\" \/>\n<link rel=\"canonical\" href=\"https:\/\/www.ikuchyne.sk\/eshop\/produkt\/stolicka-modena-mikrovlakno-antik-svetlohneda\/\" \/>\n<meta property=\"og:locale\" content=\"sk_SK\" \/>\n<meta property=\"og:type\" content=\"article\" \/>\n<meta property=\"og:title\" content=\"Stoli\u010dka Modena mikrovl\u00e1kno antik &#187; iKuchyne iSHOP s n\u00e1bytkom\" \/>\n<meta property=\"og:description\" content=\"Stoli\u010dka Modena mikrovl\u00e1kno antik svetlohned\u00e1 \u00bb - r\u00fdchle dodanie, poradenstvo, n\u00e1bytok skladom v Bratislave s ikuchyne.sk - kuchyne na mieru.\" \/>\n<meta property=\"og:url\" content=\"https:\/\/www.ikuchyne.sk\/eshop\/produkt\/stolicka-modena-mikrovlakno-antik-svetlohneda\/\" \/>\n<meta property=\"og:site_name\" content=\"iKuchyne iSHOP s n\u00e1bytkom\" \/>\n<meta property=\"article:publisher\" content=\"https:\/\/www.facebook.com\/ikuchyne\/\" \/>\n<meta property=\"article:modified_time\" content=\"2021-04-16T07:24:19+00:00\" \/>\n<meta property=\"og:image\" content=\"https:\/\/www.ikuchyne.sk\/eshop\/wp-content\/uploads\/2020\/10\/Stoli\u010dka-Modena-mikrovl\u00e1kno-antik-taupe-40691.jpg\" \/>\n\t<meta property=\"og:image:width\" content=\"800\" \/>\n\t<meta property=\"og:image:height\" content=\"800\" \/>\n\t<meta property=\"og:image:type\" content=\"image\/jpeg\" \/>\n<meta name=\"twitter:card\" content=\"summary_large_image\" \/>\n<meta name=\"twitter:label1\" content=\"Predpokladan\u00fd \u010das \u010d\u00edtania\" \/>\n\t<meta name=\"twitter:data1\" content=\"2 min\u00faty\" \/>\n<script type=\"application\/ld+json\" class=\"yoast-schema-graph\">{\"@context\":\"https:\/\/schema.org\",\"@graph\":[{\"@type\":\"WebPage\",\"@id\":\"https:\/\/www.ikuchyne.sk\/eshop\/produkt\/stolicka-modena-mikrovlakno-antik-svetlohneda\/\",\"url\":\"https:\/\/www.ikuchyne.sk\/eshop\/produkt\/stolicka-modena-mikrovlakno-antik-svetlohneda\/\",\"name\":\"Stoli\u010dka Modena mikrovl\u00e1kno antik &#187; iKuchyne iSHOP s n\u00e1bytkom\",\"isPartOf\":{\"@id\":\"https:\/\/www.ikuchyne.sk\/eshop\/#website\"},\"datePublished\":\"2021-03-02T13:20:35+00:00\",\"dateModified\":\"2021-04-16T07:24:19+00:00\",\"description\":\"Stoli\u010dka Modena mikrovl\u00e1kno antik svetlohned\u00e1 \u00bb - r\u00fdchle dodanie, poradenstvo, n\u00e1bytok skladom v Bratislave s ikuchyne.sk - kuchyne na mieru.\",\"breadcrumb\":{\"@id\":\"https:\/\/www.ikuchyne.sk\/eshop\/produkt\/stolicka-modena-mikrovlakno-antik-svetlohneda\/#breadcrumb\"},\"inLanguage\":\"sk-SK\",\"potentialAction\":[{\"@type\":\"ReadAction\",\"target\":[\"https:\/\/www.ikuchyne.sk\/eshop\/produkt\/stolicka-modena-mikrovlakno-antik-svetlohneda\/\"]}]},{\"@type\":\"BreadcrumbList\",\"@id\":\"https:\/\/www.ikuchyne.sk\/eshop\/produkt\/stolicka-modena-mikrovlakno-antik-svetlohneda\/#breadcrumb\",\"itemListElement\":[{\"@type\":\"ListItem\",\"position\":1,\"name\":\"Home\",\"item\":\"https:\/\/www.ikuchyne.sk\/eshop\/\"},{\"@type\":\"ListItem\",\"position\":2,\"name\":\"Obchod\",\"item\":\"https:\/\/www.ikuchyne.sk\/eshop\/obchod\/\"},{\"@type\":\"ListItem\",\"position\":3,\"name\":\"Stoli\u010dka Modena mikrovl\u00e1kno antik svetlohned\u00e1 \u00bb\"}]},{\"@type\":\"WebSite\",\"@id\":\"https:\/\/www.ikuchyne.sk\/eshop\/#website\",\"url\":\"https:\/\/www.ikuchyne.sk\/eshop\/\",\"name\":\"iKuchyne iSHOP s n\u00e1bytkom\",\"description\":\"Jed\u00e1lensk\u00e9 stoly, stoli\u010dky, n\u00e1bytok, svietidl\u00e1...\",\"publisher\":{\"@id\":\"https:\/\/www.ikuchyne.sk\/eshop\/#organization\"},\"potentialAction\":[{\"@type\":\"SearchAction\",\"target\":{\"@type\":\"EntryPoint\",\"urlTemplate\":\"https:\/\/www.ikuchyne.sk\/eshop\/?s={search_term_string}\"},\"query-input\":\"required name=search_term_string\"}],\"inLanguage\":\"sk-SK\"},{\"@type\":\"Organization\",\"@id\":\"https:\/\/www.ikuchyne.sk\/eshop\/#organization\",\"name\":\"ikuchyne!\",\"url\":\"https:\/\/www.ikuchyne.sk\/eshop\/\",\"logo\":{\"@type\":\"ImageObject\",\"inLanguage\":\"sk-SK\",\"@id\":\"https:\/\/www.ikuchyne.sk\/eshop\/#\/schema\/logo\/image\/\",\"url\":\"https:\/\/www.ikuchyne.sk\/eshop\/wp-content\/uploads\/2017\/04\/ikuchyne-logo.jpg\",\"contentUrl\":\"https:\/\/www.ikuchyne.sk\/eshop\/wp-content\/uploads\/2017\/04\/ikuchyne-logo.jpg\",\"width\":200,\"height\":48,\"caption\":\"ikuchyne!\"},\"image\":{\"@id\":\"https:\/\/www.ikuchyne.sk\/eshop\/#\/schema\/logo\/image\/\"},\"sameAs\":[\"https:\/\/www.facebook.com\/ikuchyne\/\",\"https:\/\/www.instagram.com\/ikuchyne.sk\/\",\"https:\/\/sk.pinterest.com\/ikuchynesk\/\"]}]}<\/script>\n<!-- \/ Yoast SEO plugin. -->","yoast_head_json":{"title":"Stoli\u010dka Modena mikrovl\u00e1kno antik &#187; iKuchyne iSHOP s n\u00e1bytkom","description":"Stoli\u010dka Modena mikrovl\u00e1kno antik svetlohned\u00e1 \u00bb - r\u00fdchle dodanie, poradenstvo, n\u00e1bytok skladom v Bratislave s ikuchyne.sk - kuchyne na mieru.","robots":{"index":"index","follow":"follow","max-snippet":"max-snippet:-1","max-image-preview":"max-image-preview:large","max-video-preview":"max-video-preview:-1"},"canonical":"https:\/\/www.ikuchyne.sk\/eshop\/produkt\/stolicka-modena-mikrovlakno-antik-svetlohneda\/","og_locale":"sk_SK","og_type":"article","og_title":"Stoli\u010dka Modena mikrovl\u00e1kno antik &#187; iKuchyne iSHOP s n\u00e1bytkom","og_description":"Stoli\u010dka Modena mikrovl\u00e1kno antik svetlohned\u00e1 \u00bb - r\u00fdchle dodanie, poradenstvo, n\u00e1bytok skladom v Bratislave s ikuchyne.sk - kuchyne na mieru.","og_url":"https:\/\/www.ikuchyne.sk\/eshop\/produkt\/stolicka-modena-mikrovlakno-antik-svetlohneda\/","og_site_name":"iKuchyne iSHOP s n\u00e1bytkom","article_publisher":"https:\/\/www.facebook.com\/ikuchyne\/","article_modified_time":"2021-04-16T07:24:19+00:00","og_image":[{"width":800,"height":800,"url":"https:\/\/www.ikuchyne.sk\/eshop\/wp-content\/uploads\/2020\/10\/Stoli\u010dka-Modena-mikrovl\u00e1kno-antik-taupe-40691.jpg","type":"image\/jpeg"}],"twitter_card":"summary_large_image","twitter_misc":{"Predpokladan\u00fd \u010das \u010d\u00edtania":"2 min\u00faty"},"schema":{"@context":"https:\/\/schema.org","@graph":[{"@type":"WebPage","@id":"https:\/\/www.ikuchyne.sk\/eshop\/produkt\/stolicka-modena-mikrovlakno-antik-svetlohneda\/","url":"https:\/\/www.ikuchyne.sk\/eshop\/produkt\/stolicka-modena-mikrovlakno-antik-svetlohneda\/","name":"Stoli\u010dka Modena mikrovl\u00e1kno antik &#187; iKuchyne iSHOP s n\u00e1bytkom","isPartOf":{"@id":"https:\/\/www.ikuchyne.sk\/eshop\/#website"},"datePublished":"2021-03-02T13:20:35+00:00","dateModified":"2021-04-16T07:24:19+00:00","description":"Stoli\u010dka Modena mikrovl\u00e1kno antik svetlohned\u00e1 \u00bb - r\u00fdchle dodanie, poradenstvo, n\u00e1bytok skladom v Bratislave s ikuchyne.sk - kuchyne na mieru.","breadcrumb":{"@id":"https:\/\/www.ikuchyne.sk\/eshop\/produkt\/stolicka-modena-mikrovlakno-antik-svetlohneda\/#breadcrumb"},"inLanguage":"sk-SK","potentialAction":[{"@type":"ReadAction","target":["https:\/\/www.ikuchyne.sk\/eshop\/produkt\/stolicka-modena-mikrovlakno-antik-svetlohneda\/"]}]},{"@type":"BreadcrumbList","@id":"https:\/\/www.ikuchyne.sk\/eshop\/produkt\/stolicka-modena-mikrovlakno-antik-svetlohneda\/#breadcrumb","itemListElement":[{"@type":"ListItem","position":1,"name":"Home","item":"https:\/\/www.ikuchyne.sk\/eshop\/"},{"@type":"ListItem","position":2,"name":"Obchod","item":"https:\/\/www.ikuchyne.sk\/eshop\/obchod\/"},{"@type":"ListItem","position":3,"name":"Stoli\u010dka Modena mikrovl\u00e1kno antik svetlohned\u00e1 \u00bb"}]},{"@type":"WebSite","@id":"https:\/\/www.ikuchyne.sk\/eshop\/#website","url":"https:\/\/www.ikuchyne.sk\/eshop\/","name":"iKuchyne iSHOP s n\u00e1bytkom","description":"Jed\u00e1lensk\u00e9 stoly, stoli\u010dky, n\u00e1bytok, svietidl\u00e1...","publisher":{"@id":"https:\/\/www.ikuchyne.sk\/eshop\/#organization"},"potentialAction":[{"@type":"SearchAction","target":{"@type":"EntryPoint","urlTemplate":"https:\/\/www.ikuchyne.sk\/eshop\/?s={search_term_string}"},"query-input":"required name=search_term_string"}],"inLanguage":"sk-SK"},{"@type":"Organization","@id":"https:\/\/www.ikuchyne.sk\/eshop\/#organization","name":"ikuchyne!","url":"https:\/\/www.ikuchyne.sk\/eshop\/","logo":{"@type":"ImageObject","inLanguage":"sk-SK","@id":"https:\/\/www.ikuchyne.sk\/eshop\/#\/schema\/logo\/image\/","url":"https:\/\/www.ikuchyne.sk\/eshop\/wp-content\/uploads\/2017\/04\/ikuchyne-logo.jpg","contentUrl":"https:\/\/www.ikuchyne.sk\/eshop\/wp-content\/uploads\/2017\/04\/ikuchyne-logo.jpg","width":200,"height":48,"caption":"ikuchyne!"},"image":{"@id":"https:\/\/www.ikuchyne.sk\/eshop\/#\/schema\/logo\/image\/"},"sameAs":["https:\/\/www.facebook.com\/ikuchyne\/","https:\/\/www.instagram.com\/ikuchyne.sk\/","https:\/\/sk.pinterest.com\/ikuchynesk\/"]}]}},"_links":{"self":[{"href":"https:\/\/www.ikuchyne.sk\/eshop\/wp-json\/wp\/v2\/product\/132887"}],"collection":[{"href":"https:\/\/www.ikuchyne.sk\/eshop\/wp-json\/wp\/v2\/product"}],"about":[{"href":"https:\/\/www.ikuchyne.sk\/eshop\/wp-json\/wp\/v2\/types\/product"}],"replies":[{"embeddable":true,"href":"https:\/\/www.ikuchyne.sk\/eshop\/wp-json\/wp\/v2\/comments?post=132887"}],"wp:featuredmedia":[{"embeddable":true,"href":"https:\/\/www.ikuchyne.sk\/eshop\/wp-json\/wp\/v2\/media\/132888"}],"wp:attachment":[{"href":"https:\/\/www.ikuchyne.sk\/eshop\/wp-json\/wp\/v2\/media?parent=132887"}],"wp:term":[{"taxonomy":"product_cat","embeddable":true,"href":"https:\/\/www.ikuchyne.sk\/eshop\/wp-json\/wp\/v2\/product_cat?post=132887"},{"taxonomy":"product_tag","embeddable":true,"href":"https:\/\/www.ikuchyne.sk\/eshop\/wp-json\/wp\/v2\/product_tag?post=132887"}],"curies":[{"name":"wp","href":"https:\/\/api.w.org\/{rel}","templated":true}]}}