{"id":132900,"date":"2021-03-02T14:59:47","date_gmt":"2021-03-02T13:59:47","guid":{"rendered":"https:\/\/www.ikuchyne.sk\/eshop\/?post_type=product&#038;p=132900"},"modified":"2024-11-29T22:12:33","modified_gmt":"2024-11-29T21:12:33","slug":"konferencny-stolik-studio-set-2ks-dub-optik","status":"publish","type":"product","link":"https:\/\/www.ikuchyne.sk\/eshop\/produkt\/konferencny-stolik-studio-set-2ks-dub-optik\/","title":{"rendered":"Konferen\u010dn\u00fd stol\u00edk Studio set 2ks dub-Optik \u00bb"},"content":{"rendered":"<h1>Konferen\u010dn\u00fd stol\u00edk Studio set 2ks dub-Optik \u00bb<\/h1>\n<h4><strong>V\u0161eobecn\u00fd popis:<\/strong><\/h4>\n<p>Vysoko kvalitn\u00fd okr\u00fahly konferen\u010dn\u00fd stol\u00edk Studio set 2ks dub-Optik v praktickej sade 2 ks. Obidva konferen\u010dn\u00e9 stol\u00edky je mo\u017en\u00e9 posun\u00fa\u0165 jeden pod druh\u00fd, aby sa u\u0161etrilo miesto. Harmonick\u00e9 zlo\u017eenie dubov\u00e9ho vzh\u013eadu a \u010dierneho kovov\u00e9ho r\u00e1mu. Dajte svojej ob\u00fdvacej izbe nov\u00fd vzh\u013ead s t\u00fdmito konferen\u010dn\u00fdmi stol\u00edkmi!<\/p>\n<p>Pre nov\u00fd vzh\u013ead va\u0161ej ob\u00fdva\u010dky. T\u00e1to mimoriadna sada konferen\u010dn\u00fdch stol\u00edkov je dokonalou kombin\u00e1ciou vzru\u0161uj\u00faceho dizajnu a funk\u010dnosti. Dve okr\u00fahle dosky stola boli navrhnut\u00e9 v obzvl\u00e1\u0161\u0165 autentickom dubovom vzh\u013eade a tvoria tak harmonick\u00fd kontrast s \u010diernym kovov\u00fdm r\u00e1mom, ktor\u00fd dod\u00e1va stolu priemyseln\u00fd vzh\u013ead. Konferen\u010dn\u00fd stol\u00edk \u0161ikovne kombinuje pr\u00edrodn\u00fd vkus s rustik\u00e1lnym \u0161armom.<\/p>\n<p>Stolov\u00e1 s\u00faprava je skuto\u010dn\u00fd v\u0161estrann\u00fd hr\u00e1\u010d. \u0160t\u00fdlov\u00e9 duo sa d\u00e1 v\u010faka svojmu nad\u010dasov\u00e9mu dizajnu \u00fa\u017easne kombinova\u0165 r\u00f4znymi sp\u00f4sobmi. M\u00f4\u017eete si vybra\u0165, \u010di si dva stol\u00edky umiestnite ved\u013ea seba k pohovke alebo \u010di men\u0161\u00ed stol\u00edk umiestnite ako doplnkov\u00fd stol\u00edk v inom rohu miestnosti a polo\u017e\u00edte na\u0148 rastlinku, svietnik alebo bude sl\u00fa\u017ei\u0165 ako pr\u00edr\u00fa\u010dn\u00fd stol\u00edk.<\/p>\n<h4><strong>Detaily produktu:<\/strong><\/h4>\n<p>Chcete svoj obytn\u00fd priestor vyu\u017ei\u0165 optim\u00e1lne a nemrha\u0165 n\u00edm? Potom je n\u00e1\u0161 obzvl\u00e1\u0161\u0165 priestorovo \u00fasporn\u00fd n\u00e1bytok tou spr\u00e1vnou vo\u013ebou. Tieto stol\u00edky m\u00f4\u017eu by\u0165 \u013eahko vlo\u017een\u00e9 alebo naskladan\u00e9. Pokia\u013e ich nepou\u017e\u00edvate, nezaberaj\u00fa takmer \u017eiadne miesto. Max. nosnos\u0165 stol\u00edkov je 30 kg. Vhodn\u00e9 bytov\u00e9 doplnky len zd\u00f4raznia industri\u00e1lny\u00a0 vzh\u013ead. Pora\u010fte sa s na\u0161imi odborn\u00edkmi, ktor\u00ed v\u00e1m ochotne pom\u00f4\u017eu pri v\u00fdbere spr\u00e1vnych doplnkov do va\u0161ej dom\u00e1cnosti pre kombinovanie s t\u00fdmto konferen\u010dn\u00fdm stol\u00edkom.<\/p>\n<p><strong>Rozmery (cca):<\/strong><br \/>\nVe\u013ek\u00fd st\u00f4l: 80cm x 37cm x 80cm (\u0160xVxH)<br \/>\nMal\u00fd stol\u00edk: 60cm x 34cm x 60cm (\u0160xVxH)<br \/>\n<strong>Vonkaj\u0161ia hr\u00fabka stola:<\/strong> 18mm<br \/>\n<b><br \/>\nFarba:\u00a0<\/b>pr\u00edrodn\u00fd dub, \u010dierna &#8211; Industri\u00e1lny \u0161t\u00fdl<br \/>\n<b>Materi\u00e1l:<br \/>\n<\/b>Doska stola: MDF, f\u00f3lia<br \/>\nR\u00e1m: kov<\/p>\n<p>Mo\u017eno pou\u017ei\u0165 aj ako pr\u00edru\u010dn\u00fd stol\u00edk.<\/p>\n<p>Dodato\u010dn\u00e9 inform\u00e1cie:<\/p>\n<p>V pr\u00edpade z\u00e1ujmu o in\u00e9 stoly ako toaletn\u00e9, p\u00edsacie, konferen\u010dn\u00e9 stol\u00edky \u010di jed\u00e1lensk\u00e9 stoly, nav\u0161t\u00edvte sekciu stoly na <a href=\"https:\/\/www.ikuchyne.sk\/eshop\/kategoria\/stoly\/\">www.ikuchyne.sk\/eshop<\/a><br \/>\nV pr\u00edpade z\u00e1ujmu o n\u00e1bytok na mieru n\u00e1s kontaktuje na <a href=\"http:\/\/www.ikuchyne.sk\">www.ikuchyne.sk<\/a><\/p>\n","protected":false},"excerpt":{"rendered":"<p>Konferen\u010dn\u00fd stol\u00edk Studio set 2ks dub-Optik \u00bb V\u0161eobecn\u00fd popis: Vysoko kvalitn\u00fd okr\u00fahly konferen\u010dn\u00fd stol\u00edk Studio set 2ks dub-Optik v praktickej sade 2 ks. Obidva konferen\u010dn\u00e9 stol\u00edky je mo\u017en\u00e9 posun\u00fa\u0165 jeden<\/p>\n","protected":false},"featured_media":132901,"comment_status":"closed","ping_status":"closed","template":"","meta":[],"product_cat":[772,287,591,304,834,837,836,839,841],"product_tag":[256,261],"yoast_head":"<!-- This site is optimized with the Yoast SEO plugin v22.1 - https:\/\/yoast.com\/wordpress\/plugins\/seo\/ -->\n<title>Konferen\u010dn\u00fd stol\u00edk Studio set 2ks dub-Optik &#187; iKuchyne iSHOP s n\u00e1bytkom<\/title>\n<meta name=\"description\" content=\"Konferen\u010dn\u00fd stol\u00edk Studio set 2ks dub-Optik \u00bb - r\u00fdchle dodanie, poradenstvo, n\u00e1bytok skladom v Bratislave s ikuchyne.sk - kuchyne na mieru.\" \/>\n<meta name=\"robots\" content=\"index, follow, max-snippet:-1, max-image-preview:large, max-video-preview:-1\" \/>\n<link rel=\"canonical\" href=\"https:\/\/www.ikuchyne.sk\/eshop\/produkt\/konferencny-stolik-studio-set-2ks-dub-optik\/\" \/>\n<meta property=\"og:locale\" content=\"sk_SK\" \/>\n<meta property=\"og:type\" content=\"article\" \/>\n<meta property=\"og:title\" content=\"Konferen\u010dn\u00fd stol\u00edk Studio set 2ks dub-Optik &#187; iKuchyne iSHOP s n\u00e1bytkom\" \/>\n<meta property=\"og:description\" content=\"Konferen\u010dn\u00fd stol\u00edk Studio set 2ks dub-Optik \u00bb - r\u00fdchle dodanie, poradenstvo, n\u00e1bytok skladom v Bratislave s ikuchyne.sk - kuchyne na mieru.\" \/>\n<meta property=\"og:url\" content=\"https:\/\/www.ikuchyne.sk\/eshop\/produkt\/konferencny-stolik-studio-set-2ks-dub-optik\/\" \/>\n<meta property=\"og:site_name\" content=\"iKuchyne iSHOP s n\u00e1bytkom\" \/>\n<meta property=\"article:publisher\" content=\"https:\/\/www.facebook.com\/ikuchyne\/\" \/>\n<meta property=\"article:modified_time\" content=\"2024-11-29T21:12:33+00:00\" \/>\n<meta property=\"og:image\" content=\"https:\/\/www.ikuchyne.sk\/eshop\/wp-content\/uploads\/2020\/10\/Konferen\u010dn\u00fd-stol\u00edk-Studio-set-2ks-dub-Optik-40692.jpg\" \/>\n\t<meta property=\"og:image:width\" content=\"800\" \/>\n\t<meta property=\"og:image:height\" content=\"684\" \/>\n\t<meta property=\"og:image:type\" content=\"image\/jpeg\" \/>\n<meta name=\"twitter:card\" content=\"summary_large_image\" \/>\n<meta name=\"twitter:label1\" content=\"Predpokladan\u00fd \u010das \u010d\u00edtania\" \/>\n\t<meta name=\"twitter:data1\" content=\"2 min\u00faty\" \/>\n<script type=\"application\/ld+json\" class=\"yoast-schema-graph\">{\"@context\":\"https:\/\/schema.org\",\"@graph\":[{\"@type\":\"WebPage\",\"@id\":\"https:\/\/www.ikuchyne.sk\/eshop\/produkt\/konferencny-stolik-studio-set-2ks-dub-optik\/\",\"url\":\"https:\/\/www.ikuchyne.sk\/eshop\/produkt\/konferencny-stolik-studio-set-2ks-dub-optik\/\",\"name\":\"Konferen\u010dn\u00fd stol\u00edk Studio set 2ks dub-Optik &#187; iKuchyne iSHOP s n\u00e1bytkom\",\"isPartOf\":{\"@id\":\"https:\/\/www.ikuchyne.sk\/eshop\/#website\"},\"datePublished\":\"2021-03-02T13:59:47+00:00\",\"dateModified\":\"2024-11-29T21:12:33+00:00\",\"description\":\"Konferen\u010dn\u00fd stol\u00edk Studio set 2ks dub-Optik \u00bb - r\u00fdchle dodanie, poradenstvo, n\u00e1bytok skladom v Bratislave s ikuchyne.sk - kuchyne na mieru.\",\"breadcrumb\":{\"@id\":\"https:\/\/www.ikuchyne.sk\/eshop\/produkt\/konferencny-stolik-studio-set-2ks-dub-optik\/#breadcrumb\"},\"inLanguage\":\"sk-SK\",\"potentialAction\":[{\"@type\":\"ReadAction\",\"target\":[\"https:\/\/www.ikuchyne.sk\/eshop\/produkt\/konferencny-stolik-studio-set-2ks-dub-optik\/\"]}]},{\"@type\":\"BreadcrumbList\",\"@id\":\"https:\/\/www.ikuchyne.sk\/eshop\/produkt\/konferencny-stolik-studio-set-2ks-dub-optik\/#breadcrumb\",\"itemListElement\":[{\"@type\":\"ListItem\",\"position\":1,\"name\":\"Home\",\"item\":\"https:\/\/www.ikuchyne.sk\/eshop\/\"},{\"@type\":\"ListItem\",\"position\":2,\"name\":\"Obchod\",\"item\":\"https:\/\/www.ikuchyne.sk\/eshop\/obchod\/\"},{\"@type\":\"ListItem\",\"position\":3,\"name\":\"Konferen\u010dn\u00fd stol\u00edk Studio set 2ks dub-Optik \u00bb\"}]},{\"@type\":\"WebSite\",\"@id\":\"https:\/\/www.ikuchyne.sk\/eshop\/#website\",\"url\":\"https:\/\/www.ikuchyne.sk\/eshop\/\",\"name\":\"iKuchyne iSHOP s n\u00e1bytkom\",\"description\":\"Jed\u00e1lensk\u00e9 stoly, stoli\u010dky, n\u00e1bytok, svietidl\u00e1...\",\"publisher\":{\"@id\":\"https:\/\/www.ikuchyne.sk\/eshop\/#organization\"},\"potentialAction\":[{\"@type\":\"SearchAction\",\"target\":{\"@type\":\"EntryPoint\",\"urlTemplate\":\"https:\/\/www.ikuchyne.sk\/eshop\/?s={search_term_string}\"},\"query-input\":\"required name=search_term_string\"}],\"inLanguage\":\"sk-SK\"},{\"@type\":\"Organization\",\"@id\":\"https:\/\/www.ikuchyne.sk\/eshop\/#organization\",\"name\":\"ikuchyne!\",\"url\":\"https:\/\/www.ikuchyne.sk\/eshop\/\",\"logo\":{\"@type\":\"ImageObject\",\"inLanguage\":\"sk-SK\",\"@id\":\"https:\/\/www.ikuchyne.sk\/eshop\/#\/schema\/logo\/image\/\",\"url\":\"https:\/\/www.ikuchyne.sk\/eshop\/wp-content\/uploads\/2017\/04\/ikuchyne-logo.jpg\",\"contentUrl\":\"https:\/\/www.ikuchyne.sk\/eshop\/wp-content\/uploads\/2017\/04\/ikuchyne-logo.jpg\",\"width\":200,\"height\":48,\"caption\":\"ikuchyne!\"},\"image\":{\"@id\":\"https:\/\/www.ikuchyne.sk\/eshop\/#\/schema\/logo\/image\/\"},\"sameAs\":[\"https:\/\/www.facebook.com\/ikuchyne\/\",\"https:\/\/www.instagram.com\/ikuchyne.sk\/\",\"https:\/\/sk.pinterest.com\/ikuchynesk\/\"]}]}<\/script>\n<!-- \/ Yoast SEO plugin. -->","yoast_head_json":{"title":"Konferen\u010dn\u00fd stol\u00edk Studio set 2ks dub-Optik &#187; iKuchyne iSHOP s n\u00e1bytkom","description":"Konferen\u010dn\u00fd stol\u00edk Studio set 2ks dub-Optik \u00bb - r\u00fdchle dodanie, poradenstvo, n\u00e1bytok skladom v Bratislave s ikuchyne.sk - kuchyne na mieru.","robots":{"index":"index","follow":"follow","max-snippet":"max-snippet:-1","max-image-preview":"max-image-preview:large","max-video-preview":"max-video-preview:-1"},"canonical":"https:\/\/www.ikuchyne.sk\/eshop\/produkt\/konferencny-stolik-studio-set-2ks-dub-optik\/","og_locale":"sk_SK","og_type":"article","og_title":"Konferen\u010dn\u00fd stol\u00edk Studio set 2ks dub-Optik &#187; iKuchyne iSHOP s n\u00e1bytkom","og_description":"Konferen\u010dn\u00fd stol\u00edk Studio set 2ks dub-Optik \u00bb - r\u00fdchle dodanie, poradenstvo, n\u00e1bytok skladom v Bratislave s ikuchyne.sk - kuchyne na mieru.","og_url":"https:\/\/www.ikuchyne.sk\/eshop\/produkt\/konferencny-stolik-studio-set-2ks-dub-optik\/","og_site_name":"iKuchyne iSHOP s n\u00e1bytkom","article_publisher":"https:\/\/www.facebook.com\/ikuchyne\/","article_modified_time":"2024-11-29T21:12:33+00:00","og_image":[{"width":800,"height":684,"url":"https:\/\/www.ikuchyne.sk\/eshop\/wp-content\/uploads\/2020\/10\/Konferen\u010dn\u00fd-stol\u00edk-Studio-set-2ks-dub-Optik-40692.jpg","type":"image\/jpeg"}],"twitter_card":"summary_large_image","twitter_misc":{"Predpokladan\u00fd \u010das \u010d\u00edtania":"2 min\u00faty"},"schema":{"@context":"https:\/\/schema.org","@graph":[{"@type":"WebPage","@id":"https:\/\/www.ikuchyne.sk\/eshop\/produkt\/konferencny-stolik-studio-set-2ks-dub-optik\/","url":"https:\/\/www.ikuchyne.sk\/eshop\/produkt\/konferencny-stolik-studio-set-2ks-dub-optik\/","name":"Konferen\u010dn\u00fd stol\u00edk Studio set 2ks dub-Optik &#187; iKuchyne iSHOP s n\u00e1bytkom","isPartOf":{"@id":"https:\/\/www.ikuchyne.sk\/eshop\/#website"},"datePublished":"2021-03-02T13:59:47+00:00","dateModified":"2024-11-29T21:12:33+00:00","description":"Konferen\u010dn\u00fd stol\u00edk Studio set 2ks dub-Optik \u00bb - r\u00fdchle dodanie, poradenstvo, n\u00e1bytok skladom v Bratislave s ikuchyne.sk - kuchyne na mieru.","breadcrumb":{"@id":"https:\/\/www.ikuchyne.sk\/eshop\/produkt\/konferencny-stolik-studio-set-2ks-dub-optik\/#breadcrumb"},"inLanguage":"sk-SK","potentialAction":[{"@type":"ReadAction","target":["https:\/\/www.ikuchyne.sk\/eshop\/produkt\/konferencny-stolik-studio-set-2ks-dub-optik\/"]}]},{"@type":"BreadcrumbList","@id":"https:\/\/www.ikuchyne.sk\/eshop\/produkt\/konferencny-stolik-studio-set-2ks-dub-optik\/#breadcrumb","itemListElement":[{"@type":"ListItem","position":1,"name":"Home","item":"https:\/\/www.ikuchyne.sk\/eshop\/"},{"@type":"ListItem","position":2,"name":"Obchod","item":"https:\/\/www.ikuchyne.sk\/eshop\/obchod\/"},{"@type":"ListItem","position":3,"name":"Konferen\u010dn\u00fd stol\u00edk Studio set 2ks dub-Optik \u00bb"}]},{"@type":"WebSite","@id":"https:\/\/www.ikuchyne.sk\/eshop\/#website","url":"https:\/\/www.ikuchyne.sk\/eshop\/","name":"iKuchyne iSHOP s n\u00e1bytkom","description":"Jed\u00e1lensk\u00e9 stoly, stoli\u010dky, n\u00e1bytok, svietidl\u00e1...","publisher":{"@id":"https:\/\/www.ikuchyne.sk\/eshop\/#organization"},"potentialAction":[{"@type":"SearchAction","target":{"@type":"EntryPoint","urlTemplate":"https:\/\/www.ikuchyne.sk\/eshop\/?s={search_term_string}"},"query-input":"required name=search_term_string"}],"inLanguage":"sk-SK"},{"@type":"Organization","@id":"https:\/\/www.ikuchyne.sk\/eshop\/#organization","name":"ikuchyne!","url":"https:\/\/www.ikuchyne.sk\/eshop\/","logo":{"@type":"ImageObject","inLanguage":"sk-SK","@id":"https:\/\/www.ikuchyne.sk\/eshop\/#\/schema\/logo\/image\/","url":"https:\/\/www.ikuchyne.sk\/eshop\/wp-content\/uploads\/2017\/04\/ikuchyne-logo.jpg","contentUrl":"https:\/\/www.ikuchyne.sk\/eshop\/wp-content\/uploads\/2017\/04\/ikuchyne-logo.jpg","width":200,"height":48,"caption":"ikuchyne!"},"image":{"@id":"https:\/\/www.ikuchyne.sk\/eshop\/#\/schema\/logo\/image\/"},"sameAs":["https:\/\/www.facebook.com\/ikuchyne\/","https:\/\/www.instagram.com\/ikuchyne.sk\/","https:\/\/sk.pinterest.com\/ikuchynesk\/"]}]}},"_links":{"self":[{"href":"https:\/\/www.ikuchyne.sk\/eshop\/wp-json\/wp\/v2\/product\/132900"}],"collection":[{"href":"https:\/\/www.ikuchyne.sk\/eshop\/wp-json\/wp\/v2\/product"}],"about":[{"href":"https:\/\/www.ikuchyne.sk\/eshop\/wp-json\/wp\/v2\/types\/product"}],"replies":[{"embeddable":true,"href":"https:\/\/www.ikuchyne.sk\/eshop\/wp-json\/wp\/v2\/comments?post=132900"}],"wp:featuredmedia":[{"embeddable":true,"href":"https:\/\/www.ikuchyne.sk\/eshop\/wp-json\/wp\/v2\/media\/132901"}],"wp:attachment":[{"href":"https:\/\/www.ikuchyne.sk\/eshop\/wp-json\/wp\/v2\/media?parent=132900"}],"wp:term":[{"taxonomy":"product_cat","embeddable":true,"href":"https:\/\/www.ikuchyne.sk\/eshop\/wp-json\/wp\/v2\/product_cat?post=132900"},{"taxonomy":"product_tag","embeddable":true,"href":"https:\/\/www.ikuchyne.sk\/eshop\/wp-json\/wp\/v2\/product_tag?post=132900"}],"curies":[{"name":"wp","href":"https:\/\/api.w.org\/{rel}","templated":true}]}}