{"id":146784,"date":"2020-10-14T10:08:32","date_gmt":"2020-10-14T08:08:32","guid":{"rendered":"https:\/\/www.ikuchyne.sk\/eshop\/?post_type=product&#038;p=146784"},"modified":"2023-09-14T19:25:19","modified_gmt":"2023-09-14T17:25:19","slug":"regal-na-vino-bodega-97cm-hnedy","status":"publish","type":"product","link":"https:\/\/www.ikuchyne.sk\/eshop\/produkt\/regal-na-vino-bodega-97cm-hnedy\/","title":{"rendered":"Reg\u00e1l na v\u00edno Bodega 97cm hned\u00fd \u00bb"},"content":{"rendered":"<h1>Reg\u00e1l na v\u00edno Bodega 97cm hned\u00fd \u00bb<\/h1>\n<h4><strong>V\u0161eobecn\u00fd popis:<\/strong><\/h4>\n<p>Ve\u013ek\u00fd reg\u00e1l na v\u00edno Bodega 97cm hned\u00fd vo vzh\u013eade suda, ktor\u00fd bol navrhnut\u00fd ako prepracovan\u00fd stojan na f\u013ea\u0161e. Do poli\u010dky je mo\u017en\u00e9 ulo\u017ei\u0165 a\u017e 24 flia\u0161. Mo\u017enos\u0165 zavesi\u0165 aj poh\u00e1re na v\u00edno, aby ste ich mali pripraven\u00e9. S t\u00fdmto stojanom na v\u00edno je v\u00e1\u0161 dom\u00e1ci bar \u00faplne kompletn\u00fd!<\/p>\n<p>Vzru\u0161uj\u00faci dizajn sp\u013a\u0148a dostatok \u00falo\u017en\u00e9ho priestoru. Chceli by ste vhodne predstavi\u0165 svoje ob\u013e\u00faben\u00e9 v\u00edno a viete, \u017ee tie spr\u00e1vne poh\u00e1re a f\u013ea\u0161e m\u00e1te poruke? Potom by n\u00e1\u0161 sud na v\u00edno BODEGA mohol by\u0165 t\u00fdm prav\u00fdm pre v\u00e1s! Sud je v prednej tretine \u00faplne otvoren\u00fd a pon\u00faka dostatok priestoru na v\u00edno, kde m\u00f4\u017eete ulo\u017ei\u0165 a\u017e 24 flia\u0161. Vy\u0161\u0161ie n\u00e1jdete tie\u017e praktick\u00e9 z\u00e1vesn\u00e9 zariadenia na v\u0161etky be\u017en\u00e9 poh\u00e1re na v\u00edno.<\/p>\n<p>Pre viac vzru\u0161uj\u00faci dizajn vo va\u0161ej dom\u00e1cnosti!<br \/>\nTelo suda je vyroben\u00e9 z vysoko kvalitn\u00e9ho jed\u013eov\u00e9ho dreva. Hned\u00e9 dosky s\u00fa navrhnut\u00e9 s autentick\u00fdm povrchom v \u0161t\u00fdle shabby chic, tak\u017ee tento reg\u00e1l v tvare suda vy\u017earuje rustik\u00e1lna \u00fatulnos\u0165. Okrem toho okolo cel\u00e9ho valca zhora a zdola vedie dekorat\u00edvny p\u00e1s so zlat\u00fdmi nitmi, ktor\u00fd dod\u00e1va vzh\u013eadu \u010fal\u0161ie \u010daro.<\/p>\n<h4><strong>Detaily produktu:<\/strong><\/h4>\n<p>Preto\u017ee sa jedn\u00e1 o pr\u00edrodn\u00fd produkt, ka\u017ed\u00e1 k\u00f3pia je \u00faplne jedine\u010dn\u00e1. Nerovnosti, farebn\u00e9 prechody, charizmatick\u00e9 uzly, praskliny alebo dokonca rozmerov\u00e9 rozdiely s\u00fa mo\u017en\u00e9 a vytv\u00e1raj\u00fa originalitu a vytv\u00e1raj\u00fa \u010daro mas\u00edvneho dreva. \u017diadny z t\u00fdchto d\u00f4vodov nie je d\u00f4vodom na s\u0165a\u017enos\u0165. Pon\u00faka priestor a\u017e pre 25 flia\u0161. Vhodn\u00e9 bytov\u00e9 doplnky pre kombinovanie interi\u00e9ru s t\u00fdmto reg\u00e1lom na v\u00edno Bodega n\u00e1jdete na na\u0161om e-shope v sekcii Bytov\u00e9 doplnky. Kontaktujte n\u00e1s a my v\u00e1m radi pom\u00f4\u017eeme s v\u00fdberom vhodn\u00fdch dekor\u00e1ci\u00ed a n\u00e1bytku.<\/p>\n<p><strong>\u010eal\u0161ie inform\u00e1cie:<br \/>\n<\/strong>Hrub\u00e9 ne\u010distoty, ako s\u00fa omrvinky, m\u00f4\u017eete jednoducho utrie\u0165 navlh\u010denou handrou. V pr\u00edpade tekut\u00edn je potrebn\u00e9 ich utrie\u0165 \u010do najr\u00fdchlej\u0161ie a potom postihnut\u00e9 miesto otrie\u0165 dosucha handrou, aby drevo nenapu\u010dalo tekutinou.<\/p>\n<p><b>Rozmery<\/b> (cca):<br \/>\n51 cm x 97 cm x 51 cm (\u0161 xvxh)<br \/>\n<strong>Horn\u00e1 priehradka:<\/strong> 44 cm x 23 cm x 33 cm (\u0161 xvxh)<br \/>\n<strong>Priehradky na f\u013ea\u0161e:<\/strong> 24 x 9 cm x 9 cm (\u0161 xv)<br \/>\n<strong>Farba:<\/strong> pr\u00edrodn\u00e1, hned\u00e1<br \/>\n<strong>Materi\u00e1l:<\/strong> mas\u00edvne drevo, jed\u013ea, lakovan\u00e9<br \/>\nPriestor pre a\u017e 24 flia\u0161.<br \/>\nS dekorat\u00edvnymi nitmi.<\/p>\n<p>Preto\u017ee je to ru\u010dne vyroben\u00fd a pr\u00edrodn\u00fd produkt, m\u00f4\u017eu sa vyskytn\u00fa\u0165 farebn\u00e9 odch\u00fdlky alebo hrbole. Zn\u00e1mky opotrebenia &#8211; diery, praskliny a hrbole podporuj\u00fa staro\u017eitn\u00fd elegantn\u00fd vzh\u013ead a s\u00fa typick\u00fdmi \u010drtami tejto s\u00e9rie!<\/p>\n<p>Dodato\u010dn\u00e9 inform\u00e1cie:<\/p>\n<p>V pr\u00edpade z\u00e1ujmu o in\u00e9 reg\u00e1ly, skrine \u010di komody, nav\u0161t\u00edvte sekciu n\u00e1bytok na <a href=\"https:\/\/www.ikuchyne.sk\/eshop\/kategoria\/nabytok\/\">www.ikuchyne.sk\/eshop<\/a><br \/>\nV pr\u00edpade z\u00e1ujmu o n\u00e1bytok na mieru n\u00e1s kontaktuje na <a href=\"http:\/\/www.ikuchyne.sk\">www.ikuchyne.sk<\/a><\/p>\n","protected":false},"excerpt":{"rendered":"<p>Reg\u00e1l na v\u00edno Bodega 97cm hned\u00fd \u00bb V\u0161eobecn\u00fd popis: Ve\u013ek\u00fd reg\u00e1l na v\u00edno Bodega 97cm hned\u00fd vo vzh\u013eade suda, ktor\u00fd bol navrhnut\u00fd ako prepracovan\u00fd stojan na f\u013ea\u0161e. Do poli\u010dky je<\/p>\n","protected":false},"featured_media":146785,"comment_status":"closed","ping_status":"closed","template":"","meta":[],"product_cat":[293,286,772,296],"product_tag":[192],"yoast_head":"<!-- This site is optimized with the Yoast SEO plugin v22.1 - https:\/\/yoast.com\/wordpress\/plugins\/seo\/ -->\n<title>Reg\u00e1l na v\u00edno Bodega 97cm hned\u00fd \u00bb &#187; iKuchyne iSHOP s n\u00e1bytkom<\/title>\n<meta name=\"description\" content=\"Reg\u00e1l na v\u00edno Bodega 97cm hned\u00fd \u00bb - r\u00fdchle dodanie, poradenstvo, n\u00e1bytok skladom v Bratislave s ikuchyne.sk - kuchyne na mieru.\" \/>\n<meta name=\"robots\" content=\"index, follow, max-snippet:-1, max-image-preview:large, max-video-preview:-1\" \/>\n<link rel=\"canonical\" href=\"https:\/\/www.ikuchyne.sk\/eshop\/produkt\/regal-na-vino-bodega-97cm-hnedy\/\" \/>\n<meta property=\"og:locale\" content=\"sk_SK\" \/>\n<meta property=\"og:type\" content=\"article\" \/>\n<meta property=\"og:title\" content=\"Reg\u00e1l na v\u00edno Bodega 97cm hned\u00fd \u00bb &#187; iKuchyne iSHOP s n\u00e1bytkom\" \/>\n<meta property=\"og:description\" content=\"Reg\u00e1l na v\u00edno Bodega 97cm hned\u00fd \u00bb - r\u00fdchle dodanie, poradenstvo, n\u00e1bytok skladom v Bratislave s ikuchyne.sk - kuchyne na mieru.\" \/>\n<meta property=\"og:url\" content=\"https:\/\/www.ikuchyne.sk\/eshop\/produkt\/regal-na-vino-bodega-97cm-hnedy\/\" \/>\n<meta property=\"og:site_name\" content=\"iKuchyne iSHOP s n\u00e1bytkom\" \/>\n<meta property=\"article:publisher\" content=\"https:\/\/www.facebook.com\/ikuchyne\/\" \/>\n<meta property=\"article:modified_time\" content=\"2023-09-14T17:25:19+00:00\" \/>\n<meta property=\"og:image\" content=\"https:\/\/www.ikuchyne.sk\/eshop\/wp-content\/uploads\/2020\/10\/Reg\u00e1l-na-v\u00edno-Bodega-97cm-hned\u00e1-40418.jpg\" \/>\n\t<meta property=\"og:image:width\" content=\"800\" \/>\n\t<meta property=\"og:image:height\" content=\"533\" \/>\n\t<meta property=\"og:image:type\" content=\"image\/jpeg\" \/>\n<meta name=\"twitter:card\" content=\"summary_large_image\" \/>\n<meta name=\"twitter:label1\" content=\"Predpokladan\u00fd \u010das \u010d\u00edtania\" \/>\n\t<meta name=\"twitter:data1\" content=\"2 min\u00faty\" \/>\n<script type=\"application\/ld+json\" class=\"yoast-schema-graph\">{\"@context\":\"https:\/\/schema.org\",\"@graph\":[{\"@type\":\"WebPage\",\"@id\":\"https:\/\/www.ikuchyne.sk\/eshop\/produkt\/regal-na-vino-bodega-97cm-hnedy\/\",\"url\":\"https:\/\/www.ikuchyne.sk\/eshop\/produkt\/regal-na-vino-bodega-97cm-hnedy\/\",\"name\":\"Reg\u00e1l na v\u00edno Bodega 97cm hned\u00fd \u00bb &#187; iKuchyne iSHOP s n\u00e1bytkom\",\"isPartOf\":{\"@id\":\"https:\/\/www.ikuchyne.sk\/eshop\/#website\"},\"datePublished\":\"2020-10-14T08:08:32+00:00\",\"dateModified\":\"2023-09-14T17:25:19+00:00\",\"description\":\"Reg\u00e1l na v\u00edno Bodega 97cm hned\u00fd \u00bb - r\u00fdchle dodanie, poradenstvo, n\u00e1bytok skladom v Bratislave s ikuchyne.sk - kuchyne na mieru.\",\"breadcrumb\":{\"@id\":\"https:\/\/www.ikuchyne.sk\/eshop\/produkt\/regal-na-vino-bodega-97cm-hnedy\/#breadcrumb\"},\"inLanguage\":\"sk-SK\",\"potentialAction\":[{\"@type\":\"ReadAction\",\"target\":[\"https:\/\/www.ikuchyne.sk\/eshop\/produkt\/regal-na-vino-bodega-97cm-hnedy\/\"]}]},{\"@type\":\"BreadcrumbList\",\"@id\":\"https:\/\/www.ikuchyne.sk\/eshop\/produkt\/regal-na-vino-bodega-97cm-hnedy\/#breadcrumb\",\"itemListElement\":[{\"@type\":\"ListItem\",\"position\":1,\"name\":\"Home\",\"item\":\"https:\/\/www.ikuchyne.sk\/eshop\/\"},{\"@type\":\"ListItem\",\"position\":2,\"name\":\"Obchod\",\"item\":\"https:\/\/www.ikuchyne.sk\/eshop\/obchod\/\"},{\"@type\":\"ListItem\",\"position\":3,\"name\":\"Reg\u00e1l na v\u00edno Bodega 97cm hned\u00fd \u00bb\"}]},{\"@type\":\"WebSite\",\"@id\":\"https:\/\/www.ikuchyne.sk\/eshop\/#website\",\"url\":\"https:\/\/www.ikuchyne.sk\/eshop\/\",\"name\":\"iKuchyne iSHOP s n\u00e1bytkom\",\"description\":\"Jed\u00e1lensk\u00e9 stoly, stoli\u010dky, n\u00e1bytok, svietidl\u00e1...\",\"publisher\":{\"@id\":\"https:\/\/www.ikuchyne.sk\/eshop\/#organization\"},\"potentialAction\":[{\"@type\":\"SearchAction\",\"target\":{\"@type\":\"EntryPoint\",\"urlTemplate\":\"https:\/\/www.ikuchyne.sk\/eshop\/?s={search_term_string}\"},\"query-input\":\"required name=search_term_string\"}],\"inLanguage\":\"sk-SK\"},{\"@type\":\"Organization\",\"@id\":\"https:\/\/www.ikuchyne.sk\/eshop\/#organization\",\"name\":\"ikuchyne!\",\"url\":\"https:\/\/www.ikuchyne.sk\/eshop\/\",\"logo\":{\"@type\":\"ImageObject\",\"inLanguage\":\"sk-SK\",\"@id\":\"https:\/\/www.ikuchyne.sk\/eshop\/#\/schema\/logo\/image\/\",\"url\":\"https:\/\/www.ikuchyne.sk\/eshop\/wp-content\/uploads\/2017\/04\/ikuchyne-logo.jpg\",\"contentUrl\":\"https:\/\/www.ikuchyne.sk\/eshop\/wp-content\/uploads\/2017\/04\/ikuchyne-logo.jpg\",\"width\":200,\"height\":48,\"caption\":\"ikuchyne!\"},\"image\":{\"@id\":\"https:\/\/www.ikuchyne.sk\/eshop\/#\/schema\/logo\/image\/\"},\"sameAs\":[\"https:\/\/www.facebook.com\/ikuchyne\/\",\"https:\/\/www.instagram.com\/ikuchyne.sk\/\",\"https:\/\/sk.pinterest.com\/ikuchynesk\/\"]}]}<\/script>\n<!-- \/ Yoast SEO plugin. -->","yoast_head_json":{"title":"Reg\u00e1l na v\u00edno Bodega 97cm hned\u00fd \u00bb &#187; iKuchyne iSHOP s n\u00e1bytkom","description":"Reg\u00e1l na v\u00edno Bodega 97cm hned\u00fd \u00bb - r\u00fdchle dodanie, poradenstvo, n\u00e1bytok skladom v Bratislave s ikuchyne.sk - kuchyne na mieru.","robots":{"index":"index","follow":"follow","max-snippet":"max-snippet:-1","max-image-preview":"max-image-preview:large","max-video-preview":"max-video-preview:-1"},"canonical":"https:\/\/www.ikuchyne.sk\/eshop\/produkt\/regal-na-vino-bodega-97cm-hnedy\/","og_locale":"sk_SK","og_type":"article","og_title":"Reg\u00e1l na v\u00edno Bodega 97cm hned\u00fd \u00bb &#187; iKuchyne iSHOP s n\u00e1bytkom","og_description":"Reg\u00e1l na v\u00edno Bodega 97cm hned\u00fd \u00bb - r\u00fdchle dodanie, poradenstvo, n\u00e1bytok skladom v Bratislave s ikuchyne.sk - kuchyne na mieru.","og_url":"https:\/\/www.ikuchyne.sk\/eshop\/produkt\/regal-na-vino-bodega-97cm-hnedy\/","og_site_name":"iKuchyne iSHOP s n\u00e1bytkom","article_publisher":"https:\/\/www.facebook.com\/ikuchyne\/","article_modified_time":"2023-09-14T17:25:19+00:00","og_image":[{"width":800,"height":533,"url":"https:\/\/www.ikuchyne.sk\/eshop\/wp-content\/uploads\/2020\/10\/Reg\u00e1l-na-v\u00edno-Bodega-97cm-hned\u00e1-40418.jpg","type":"image\/jpeg"}],"twitter_card":"summary_large_image","twitter_misc":{"Predpokladan\u00fd \u010das \u010d\u00edtania":"2 min\u00faty"},"schema":{"@context":"https:\/\/schema.org","@graph":[{"@type":"WebPage","@id":"https:\/\/www.ikuchyne.sk\/eshop\/produkt\/regal-na-vino-bodega-97cm-hnedy\/","url":"https:\/\/www.ikuchyne.sk\/eshop\/produkt\/regal-na-vino-bodega-97cm-hnedy\/","name":"Reg\u00e1l na v\u00edno Bodega 97cm hned\u00fd \u00bb &#187; iKuchyne iSHOP s n\u00e1bytkom","isPartOf":{"@id":"https:\/\/www.ikuchyne.sk\/eshop\/#website"},"datePublished":"2020-10-14T08:08:32+00:00","dateModified":"2023-09-14T17:25:19+00:00","description":"Reg\u00e1l na v\u00edno Bodega 97cm hned\u00fd \u00bb - r\u00fdchle dodanie, poradenstvo, n\u00e1bytok skladom v Bratislave s ikuchyne.sk - kuchyne na mieru.","breadcrumb":{"@id":"https:\/\/www.ikuchyne.sk\/eshop\/produkt\/regal-na-vino-bodega-97cm-hnedy\/#breadcrumb"},"inLanguage":"sk-SK","potentialAction":[{"@type":"ReadAction","target":["https:\/\/www.ikuchyne.sk\/eshop\/produkt\/regal-na-vino-bodega-97cm-hnedy\/"]}]},{"@type":"BreadcrumbList","@id":"https:\/\/www.ikuchyne.sk\/eshop\/produkt\/regal-na-vino-bodega-97cm-hnedy\/#breadcrumb","itemListElement":[{"@type":"ListItem","position":1,"name":"Home","item":"https:\/\/www.ikuchyne.sk\/eshop\/"},{"@type":"ListItem","position":2,"name":"Obchod","item":"https:\/\/www.ikuchyne.sk\/eshop\/obchod\/"},{"@type":"ListItem","position":3,"name":"Reg\u00e1l na v\u00edno Bodega 97cm hned\u00fd \u00bb"}]},{"@type":"WebSite","@id":"https:\/\/www.ikuchyne.sk\/eshop\/#website","url":"https:\/\/www.ikuchyne.sk\/eshop\/","name":"iKuchyne iSHOP s n\u00e1bytkom","description":"Jed\u00e1lensk\u00e9 stoly, stoli\u010dky, n\u00e1bytok, svietidl\u00e1...","publisher":{"@id":"https:\/\/www.ikuchyne.sk\/eshop\/#organization"},"potentialAction":[{"@type":"SearchAction","target":{"@type":"EntryPoint","urlTemplate":"https:\/\/www.ikuchyne.sk\/eshop\/?s={search_term_string}"},"query-input":"required name=search_term_string"}],"inLanguage":"sk-SK"},{"@type":"Organization","@id":"https:\/\/www.ikuchyne.sk\/eshop\/#organization","name":"ikuchyne!","url":"https:\/\/www.ikuchyne.sk\/eshop\/","logo":{"@type":"ImageObject","inLanguage":"sk-SK","@id":"https:\/\/www.ikuchyne.sk\/eshop\/#\/schema\/logo\/image\/","url":"https:\/\/www.ikuchyne.sk\/eshop\/wp-content\/uploads\/2017\/04\/ikuchyne-logo.jpg","contentUrl":"https:\/\/www.ikuchyne.sk\/eshop\/wp-content\/uploads\/2017\/04\/ikuchyne-logo.jpg","width":200,"height":48,"caption":"ikuchyne!"},"image":{"@id":"https:\/\/www.ikuchyne.sk\/eshop\/#\/schema\/logo\/image\/"},"sameAs":["https:\/\/www.facebook.com\/ikuchyne\/","https:\/\/www.instagram.com\/ikuchyne.sk\/","https:\/\/sk.pinterest.com\/ikuchynesk\/"]}]}},"_links":{"self":[{"href":"https:\/\/www.ikuchyne.sk\/eshop\/wp-json\/wp\/v2\/product\/146784"}],"collection":[{"href":"https:\/\/www.ikuchyne.sk\/eshop\/wp-json\/wp\/v2\/product"}],"about":[{"href":"https:\/\/www.ikuchyne.sk\/eshop\/wp-json\/wp\/v2\/types\/product"}],"replies":[{"embeddable":true,"href":"https:\/\/www.ikuchyne.sk\/eshop\/wp-json\/wp\/v2\/comments?post=146784"}],"wp:featuredmedia":[{"embeddable":true,"href":"https:\/\/www.ikuchyne.sk\/eshop\/wp-json\/wp\/v2\/media\/146785"}],"wp:attachment":[{"href":"https:\/\/www.ikuchyne.sk\/eshop\/wp-json\/wp\/v2\/media?parent=146784"}],"wp:term":[{"taxonomy":"product_cat","embeddable":true,"href":"https:\/\/www.ikuchyne.sk\/eshop\/wp-json\/wp\/v2\/product_cat?post=146784"},{"taxonomy":"product_tag","embeddable":true,"href":"https:\/\/www.ikuchyne.sk\/eshop\/wp-json\/wp\/v2\/product_tag?post=146784"}],"curies":[{"name":"wp","href":"https:\/\/api.w.org\/{rel}","templated":true}]}}