{"id":146965,"date":"2021-03-23T21:25:08","date_gmt":"2021-03-23T20:25:08","guid":{"rendered":"https:\/\/www.ikuchyne.sk\/eshop\/?post_type=product&#038;p=146965"},"modified":"2022-08-23T12:05:45","modified_gmt":"2022-08-23T10:05:45","slug":"konferencny-stolik-ocean-60cm-strieborny","status":"publish","type":"product","link":"https:\/\/www.ikuchyne.sk\/eshop\/produkt\/konferencny-stolik-ocean-60cm-strieborny\/","title":{"rendered":"Konferen\u010dn\u00fd stol\u00edk Ocean 60 cm strieborn\u00fd \u00bb"},"content":{"rendered":"<h1>Konferen\u010dn\u00fd stol\u00edk Ocean 60 cm strieborn\u00fd \u00bb<\/h1>\n<h4><strong>V\u0161eobecn\u00fd popis:<\/strong><\/h4>\n<p>Konferen\u010dn\u00fd stol\u00edk Ocean 60 cm strieborn\u00fd s n\u00e1morn\u00edckym n\u00e1dychom. Sklenen\u00fa dosku nesie vymodelovan\u00e1 lodn\u00e1 vrtu\u013ea. Tento extravagantn\u00fd dizajn zaujme zdr\u017eanlivou eleganciou. Prineste si tento p\u00fata\u010d o\u010d\u00ed do svojho domova!<\/p>\n<p>Konferen\u010dn\u00fd stol\u00edk Ocean pon\u00faka vzh\u013ead lodnej vrtule! Zvl\u00e1\u0161tnos\u0165 tohto kusu n\u00e1bytku je zjavn\u00e1. Pod ve\u013ekorysou sklenenou doskou sed\u00ed n\u00e1padne leskl\u00e1 lodn\u00e1 vrtu\u013ea, ktor\u00e1 sl\u00fa\u017ei ako z\u00e1klad konferen\u010dn\u00e9ho stol\u00edka. Dizajn\u00e9r, ktor\u00fd st\u00e1l za t\u00fdm, na\u0161iel in\u0161pir\u00e1ciu pre tento kus n\u00e1bytku v lodenici, ktor\u00e1 sa \u0161pecializuje na \u00fadr\u017ebu a starostlivos\u0165 o vrtule. Bol vyroben\u00fd z vysoko kvalitnej kovovej zliatiny hlin\u00edka. Symbi\u00f3za skla a lesklej striebornej z\u00e1kladne dod\u00e1va stolu jasn\u00fa, n\u00e1morn\u00fa a z\u00e1rove\u0148 siln\u00fa atmosf\u00e9ru.<\/p>\n<p>Ka\u017ed\u00fd st\u00f4l je nezamenite\u013en\u00fdm jedine\u010dn\u00fdm k\u00faskom. Ale nielen n\u00e1pad na tento \u0161peci\u00e1lny kus n\u00e1bytku je jedine\u010dn\u00fd, ale aj ka\u017ed\u00fd jeden kus. Z d\u00f4vodu procesu ru\u010dnej v\u00fdroby nie je \u017eiadny z t\u00fdchto konferen\u010dn\u00fdch stol\u00edkov rovnak\u00fd ako ten druh\u00fd. V priamom porovnan\u00ed v\u0161etky no\u017ei\u010dky v s\u00e9rii vykazuj\u00fa mal\u00e9 rozdiely, tak\u017ee ka\u017ed\u00fd k\u00fasok je jedine\u010dn\u00fd svojou vlastnou postavou. Doprajte si k\u00fasok n\u00e1bytku, ktor\u00fd vo va\u0161om obytnom priestore vy\u010daruje autentick\u00e9 n\u00e1morn\u00e9 prostredie.<\/p>\n<h4><strong>Detaily produktu:<\/strong><\/h4>\n<p>Konferen\u010dn\u00fd stol\u00edk je vyroben\u00fd z vysoko kvalitn\u00fdch materi\u00e1lov a m\u00e1 prepracovan\u00e9 spracovanie! Na\u0161e bytov\u00e9 doplnky a n\u00e1bytok z vysoko kvalitnej zliatiny kov-hlin\u00edk sa stan\u00fa leskl\u00fdm srdcom v\u00e1\u0161ho interi\u00e9ru a in\u0161piruj\u00fa u\u0161\u013eachtil\u00fdm vzh\u013eadom a necitliv\u00fdm povrchom. V ob\u00fdvacej izbe takmer po\u010dujete \u0161um mora a vlny nar\u00e1\u017eaj\u00face na skalnat\u00fd \u00fates &#8230; n\u00e1morn\u00fd vzh\u013ead stol\u00edka dod\u00e1va ten prav\u00fd pocit dovolenky priamo u v\u00e1s doma. Skombinujte modr\u00e9 t\u00f3ny, ozdoby ako mu\u0161le, naplaven\u00e9 drevo a dizajnov\u00e9 osvetlenie, ktor\u00e9 by samozrejme v kombin\u00e1cii s t\u00fdmto stol\u00edkom nemali ch\u00fdba\u0165.<\/p>\n<p>Dod\u00e1van\u00e9 bez skla.<\/p>\n<p><b>Rozmery<\/b> (cca):<br \/>\n60cm x 35cm x 60cm (\u0160xVxH)<\/p>\n<p><b>Farba:\u00a0<\/b>strieborn\u00e1<br \/>\n<b>Materi\u00e1l:<\/b> zliatina kov-hlin\u00edk<\/p>\n<p>Dodato\u010dn\u00e9 inform\u00e1cie:<\/p>\n<p>V pr\u00edpade z\u00e1ujmu o in\u00e9 stoly ako toaletn\u00e9, p\u00edsacie, konferen\u010dn\u00e9 stol\u00edky \u010di jed\u00e1lensk\u00e9 stoly, nav\u0161t\u00edvte sekciu stoly na <a href=\"https:\/\/www.ikuchyne.sk\/eshop\/kategoria\/stoly\/\">www.ikuchyne.sk\/eshop<\/a><br \/>\nV pr\u00edpade z\u00e1ujmu o n\u00e1bytok na mieru n\u00e1s kontaktuje na <a href=\"http:\/\/www.ikuchyne.sk\">www.ikuchyne.sk<\/a><\/p>\n","protected":false},"excerpt":{"rendered":"<p>Konferen\u010dn\u00fd stol\u00edk Ocean 60 cm strieborn\u00fd \u00bb V\u0161eobecn\u00fd popis: Konferen\u010dn\u00fd stol\u00edk Ocean 60 cm strieborn\u00fd s n\u00e1morn\u00edckym n\u00e1dychom. Sklenen\u00fa dosku nesie vymodelovan\u00e1 lodn\u00e1 vrtu\u013ea. Tento extravagantn\u00fd dizajn zaujme zdr\u017eanlivou eleganciou.<\/p>\n","protected":false},"featured_media":146966,"comment_status":"closed","ping_status":"closed","template":"","meta":[],"product_cat":[289,772,287,304,839,843],"product_tag":[210],"yoast_head":"<!-- This site is optimized with the Yoast SEO plugin v22.1 - https:\/\/yoast.com\/wordpress\/plugins\/seo\/ -->\n<title>Konferen\u010dn\u00fd stol\u00edk Ocean 60 cm strieborn\u00fd &#187; iKuchyne iSHOP s n\u00e1bytkom<\/title>\n<meta name=\"description\" content=\"Konferen\u010dn\u00fd stol\u00edk Ocean 60 cm strieborn\u00fd \u00bb - r\u00fdchle dodanie, poradenstvo, n\u00e1bytok skladom v Bratislave s ikuchyne.sk - kuchyne na mieru.\" \/>\n<meta name=\"robots\" content=\"index, follow, max-snippet:-1, max-image-preview:large, max-video-preview:-1\" \/>\n<link rel=\"canonical\" href=\"https:\/\/www.ikuchyne.sk\/eshop\/produkt\/konferencny-stolik-ocean-60cm-strieborny\/\" \/>\n<meta property=\"og:locale\" content=\"sk_SK\" \/>\n<meta property=\"og:type\" content=\"article\" \/>\n<meta property=\"og:title\" content=\"Konferen\u010dn\u00fd stol\u00edk Ocean 60 cm strieborn\u00fd &#187; iKuchyne iSHOP s n\u00e1bytkom\" \/>\n<meta property=\"og:description\" content=\"Konferen\u010dn\u00fd stol\u00edk Ocean 60 cm strieborn\u00fd \u00bb - r\u00fdchle dodanie, poradenstvo, n\u00e1bytok skladom v Bratislave s ikuchyne.sk - kuchyne na mieru.\" \/>\n<meta property=\"og:url\" content=\"https:\/\/www.ikuchyne.sk\/eshop\/produkt\/konferencny-stolik-ocean-60cm-strieborny\/\" \/>\n<meta property=\"og:site_name\" content=\"iKuchyne iSHOP s n\u00e1bytkom\" \/>\n<meta property=\"article:publisher\" content=\"https:\/\/www.facebook.com\/ikuchyne\/\" \/>\n<meta property=\"article:modified_time\" content=\"2022-08-23T10:05:45+00:00\" \/>\n<meta property=\"og:image\" content=\"https:\/\/www.ikuchyne.sk\/eshop\/wp-content\/uploads\/2020\/10\/Konferen\u010dn\u00fd-stol\u00edk-Ocean-60cm-strieborn\u00e1-Gestell-39089.jpg\" \/>\n\t<meta property=\"og:image:width\" content=\"800\" \/>\n\t<meta property=\"og:image:height\" content=\"533\" \/>\n\t<meta property=\"og:image:type\" content=\"image\/jpeg\" \/>\n<meta name=\"twitter:card\" content=\"summary_large_image\" \/>\n<meta name=\"twitter:label1\" content=\"Predpokladan\u00fd \u010das \u010d\u00edtania\" \/>\n\t<meta name=\"twitter:data1\" content=\"2 min\u00faty\" \/>\n<script type=\"application\/ld+json\" class=\"yoast-schema-graph\">{\"@context\":\"https:\/\/schema.org\",\"@graph\":[{\"@type\":\"WebPage\",\"@id\":\"https:\/\/www.ikuchyne.sk\/eshop\/produkt\/konferencny-stolik-ocean-60cm-strieborny\/\",\"url\":\"https:\/\/www.ikuchyne.sk\/eshop\/produkt\/konferencny-stolik-ocean-60cm-strieborny\/\",\"name\":\"Konferen\u010dn\u00fd stol\u00edk Ocean 60 cm strieborn\u00fd &#187; iKuchyne iSHOP s n\u00e1bytkom\",\"isPartOf\":{\"@id\":\"https:\/\/www.ikuchyne.sk\/eshop\/#website\"},\"datePublished\":\"2021-03-23T20:25:08+00:00\",\"dateModified\":\"2022-08-23T10:05:45+00:00\",\"description\":\"Konferen\u010dn\u00fd stol\u00edk Ocean 60 cm strieborn\u00fd \u00bb - r\u00fdchle dodanie, poradenstvo, n\u00e1bytok skladom v Bratislave s ikuchyne.sk - kuchyne na mieru.\",\"breadcrumb\":{\"@id\":\"https:\/\/www.ikuchyne.sk\/eshop\/produkt\/konferencny-stolik-ocean-60cm-strieborny\/#breadcrumb\"},\"inLanguage\":\"sk-SK\",\"potentialAction\":[{\"@type\":\"ReadAction\",\"target\":[\"https:\/\/www.ikuchyne.sk\/eshop\/produkt\/konferencny-stolik-ocean-60cm-strieborny\/\"]}]},{\"@type\":\"BreadcrumbList\",\"@id\":\"https:\/\/www.ikuchyne.sk\/eshop\/produkt\/konferencny-stolik-ocean-60cm-strieborny\/#breadcrumb\",\"itemListElement\":[{\"@type\":\"ListItem\",\"position\":1,\"name\":\"Home\",\"item\":\"https:\/\/www.ikuchyne.sk\/eshop\/\"},{\"@type\":\"ListItem\",\"position\":2,\"name\":\"Obchod\",\"item\":\"https:\/\/www.ikuchyne.sk\/eshop\/obchod\/\"},{\"@type\":\"ListItem\",\"position\":3,\"name\":\"Konferen\u010dn\u00fd stol\u00edk Ocean 60 cm strieborn\u00fd \u00bb\"}]},{\"@type\":\"WebSite\",\"@id\":\"https:\/\/www.ikuchyne.sk\/eshop\/#website\",\"url\":\"https:\/\/www.ikuchyne.sk\/eshop\/\",\"name\":\"iKuchyne iSHOP s n\u00e1bytkom\",\"description\":\"Jed\u00e1lensk\u00e9 stoly, stoli\u010dky, n\u00e1bytok, svietidl\u00e1...\",\"publisher\":{\"@id\":\"https:\/\/www.ikuchyne.sk\/eshop\/#organization\"},\"potentialAction\":[{\"@type\":\"SearchAction\",\"target\":{\"@type\":\"EntryPoint\",\"urlTemplate\":\"https:\/\/www.ikuchyne.sk\/eshop\/?s={search_term_string}\"},\"query-input\":\"required name=search_term_string\"}],\"inLanguage\":\"sk-SK\"},{\"@type\":\"Organization\",\"@id\":\"https:\/\/www.ikuchyne.sk\/eshop\/#organization\",\"name\":\"ikuchyne!\",\"url\":\"https:\/\/www.ikuchyne.sk\/eshop\/\",\"logo\":{\"@type\":\"ImageObject\",\"inLanguage\":\"sk-SK\",\"@id\":\"https:\/\/www.ikuchyne.sk\/eshop\/#\/schema\/logo\/image\/\",\"url\":\"https:\/\/www.ikuchyne.sk\/eshop\/wp-content\/uploads\/2017\/04\/ikuchyne-logo.jpg\",\"contentUrl\":\"https:\/\/www.ikuchyne.sk\/eshop\/wp-content\/uploads\/2017\/04\/ikuchyne-logo.jpg\",\"width\":200,\"height\":48,\"caption\":\"ikuchyne!\"},\"image\":{\"@id\":\"https:\/\/www.ikuchyne.sk\/eshop\/#\/schema\/logo\/image\/\"},\"sameAs\":[\"https:\/\/www.facebook.com\/ikuchyne\/\",\"https:\/\/www.instagram.com\/ikuchyne.sk\/\",\"https:\/\/sk.pinterest.com\/ikuchynesk\/\"]}]}<\/script>\n<!-- \/ Yoast SEO plugin. -->","yoast_head_json":{"title":"Konferen\u010dn\u00fd stol\u00edk Ocean 60 cm strieborn\u00fd &#187; iKuchyne iSHOP s n\u00e1bytkom","description":"Konferen\u010dn\u00fd stol\u00edk Ocean 60 cm strieborn\u00fd \u00bb - r\u00fdchle dodanie, poradenstvo, n\u00e1bytok skladom v Bratislave s ikuchyne.sk - kuchyne na mieru.","robots":{"index":"index","follow":"follow","max-snippet":"max-snippet:-1","max-image-preview":"max-image-preview:large","max-video-preview":"max-video-preview:-1"},"canonical":"https:\/\/www.ikuchyne.sk\/eshop\/produkt\/konferencny-stolik-ocean-60cm-strieborny\/","og_locale":"sk_SK","og_type":"article","og_title":"Konferen\u010dn\u00fd stol\u00edk Ocean 60 cm strieborn\u00fd &#187; iKuchyne iSHOP s n\u00e1bytkom","og_description":"Konferen\u010dn\u00fd stol\u00edk Ocean 60 cm strieborn\u00fd \u00bb - r\u00fdchle dodanie, poradenstvo, n\u00e1bytok skladom v Bratislave s ikuchyne.sk - kuchyne na mieru.","og_url":"https:\/\/www.ikuchyne.sk\/eshop\/produkt\/konferencny-stolik-ocean-60cm-strieborny\/","og_site_name":"iKuchyne iSHOP s n\u00e1bytkom","article_publisher":"https:\/\/www.facebook.com\/ikuchyne\/","article_modified_time":"2022-08-23T10:05:45+00:00","og_image":[{"width":800,"height":533,"url":"https:\/\/www.ikuchyne.sk\/eshop\/wp-content\/uploads\/2020\/10\/Konferen\u010dn\u00fd-stol\u00edk-Ocean-60cm-strieborn\u00e1-Gestell-39089.jpg","type":"image\/jpeg"}],"twitter_card":"summary_large_image","twitter_misc":{"Predpokladan\u00fd \u010das \u010d\u00edtania":"2 min\u00faty"},"schema":{"@context":"https:\/\/schema.org","@graph":[{"@type":"WebPage","@id":"https:\/\/www.ikuchyne.sk\/eshop\/produkt\/konferencny-stolik-ocean-60cm-strieborny\/","url":"https:\/\/www.ikuchyne.sk\/eshop\/produkt\/konferencny-stolik-ocean-60cm-strieborny\/","name":"Konferen\u010dn\u00fd stol\u00edk Ocean 60 cm strieborn\u00fd &#187; iKuchyne iSHOP s n\u00e1bytkom","isPartOf":{"@id":"https:\/\/www.ikuchyne.sk\/eshop\/#website"},"datePublished":"2021-03-23T20:25:08+00:00","dateModified":"2022-08-23T10:05:45+00:00","description":"Konferen\u010dn\u00fd stol\u00edk Ocean 60 cm strieborn\u00fd \u00bb - r\u00fdchle dodanie, poradenstvo, n\u00e1bytok skladom v Bratislave s ikuchyne.sk - kuchyne na mieru.","breadcrumb":{"@id":"https:\/\/www.ikuchyne.sk\/eshop\/produkt\/konferencny-stolik-ocean-60cm-strieborny\/#breadcrumb"},"inLanguage":"sk-SK","potentialAction":[{"@type":"ReadAction","target":["https:\/\/www.ikuchyne.sk\/eshop\/produkt\/konferencny-stolik-ocean-60cm-strieborny\/"]}]},{"@type":"BreadcrumbList","@id":"https:\/\/www.ikuchyne.sk\/eshop\/produkt\/konferencny-stolik-ocean-60cm-strieborny\/#breadcrumb","itemListElement":[{"@type":"ListItem","position":1,"name":"Home","item":"https:\/\/www.ikuchyne.sk\/eshop\/"},{"@type":"ListItem","position":2,"name":"Obchod","item":"https:\/\/www.ikuchyne.sk\/eshop\/obchod\/"},{"@type":"ListItem","position":3,"name":"Konferen\u010dn\u00fd stol\u00edk Ocean 60 cm strieborn\u00fd \u00bb"}]},{"@type":"WebSite","@id":"https:\/\/www.ikuchyne.sk\/eshop\/#website","url":"https:\/\/www.ikuchyne.sk\/eshop\/","name":"iKuchyne iSHOP s n\u00e1bytkom","description":"Jed\u00e1lensk\u00e9 stoly, stoli\u010dky, n\u00e1bytok, svietidl\u00e1...","publisher":{"@id":"https:\/\/www.ikuchyne.sk\/eshop\/#organization"},"potentialAction":[{"@type":"SearchAction","target":{"@type":"EntryPoint","urlTemplate":"https:\/\/www.ikuchyne.sk\/eshop\/?s={search_term_string}"},"query-input":"required name=search_term_string"}],"inLanguage":"sk-SK"},{"@type":"Organization","@id":"https:\/\/www.ikuchyne.sk\/eshop\/#organization","name":"ikuchyne!","url":"https:\/\/www.ikuchyne.sk\/eshop\/","logo":{"@type":"ImageObject","inLanguage":"sk-SK","@id":"https:\/\/www.ikuchyne.sk\/eshop\/#\/schema\/logo\/image\/","url":"https:\/\/www.ikuchyne.sk\/eshop\/wp-content\/uploads\/2017\/04\/ikuchyne-logo.jpg","contentUrl":"https:\/\/www.ikuchyne.sk\/eshop\/wp-content\/uploads\/2017\/04\/ikuchyne-logo.jpg","width":200,"height":48,"caption":"ikuchyne!"},"image":{"@id":"https:\/\/www.ikuchyne.sk\/eshop\/#\/schema\/logo\/image\/"},"sameAs":["https:\/\/www.facebook.com\/ikuchyne\/","https:\/\/www.instagram.com\/ikuchyne.sk\/","https:\/\/sk.pinterest.com\/ikuchynesk\/"]}]}},"_links":{"self":[{"href":"https:\/\/www.ikuchyne.sk\/eshop\/wp-json\/wp\/v2\/product\/146965"}],"collection":[{"href":"https:\/\/www.ikuchyne.sk\/eshop\/wp-json\/wp\/v2\/product"}],"about":[{"href":"https:\/\/www.ikuchyne.sk\/eshop\/wp-json\/wp\/v2\/types\/product"}],"replies":[{"embeddable":true,"href":"https:\/\/www.ikuchyne.sk\/eshop\/wp-json\/wp\/v2\/comments?post=146965"}],"wp:featuredmedia":[{"embeddable":true,"href":"https:\/\/www.ikuchyne.sk\/eshop\/wp-json\/wp\/v2\/media\/146966"}],"wp:attachment":[{"href":"https:\/\/www.ikuchyne.sk\/eshop\/wp-json\/wp\/v2\/media?parent=146965"}],"wp:term":[{"taxonomy":"product_cat","embeddable":true,"href":"https:\/\/www.ikuchyne.sk\/eshop\/wp-json\/wp\/v2\/product_cat?post=146965"},{"taxonomy":"product_tag","embeddable":true,"href":"https:\/\/www.ikuchyne.sk\/eshop\/wp-json\/wp\/v2\/product_tag?post=146965"}],"curies":[{"name":"wp","href":"https:\/\/api.w.org\/{rel}","templated":true}]}}