{"id":147610,"date":"2021-03-03T11:19:26","date_gmt":"2021-03-03T10:19:26","guid":{"rendered":"https:\/\/www.ikuchyne.sk\/eshop\/?post_type=product&#038;p=147610"},"modified":"2021-03-11T14:47:38","modified_gmt":"2021-03-11T13:47:38","slug":"sofa-noblesse-225-cm-smaragd-zelena","status":"publish","type":"product","link":"https:\/\/www.ikuchyne.sk\/eshop\/produkt\/sofa-noblesse-225-cm-smaragd-zelena\/","title":{"rendered":"Sofa Noblesse 225 cm smaragd zelen\u00e1 \u00bb"},"content":{"rendered":"<h1>Sofa Noblesse 225 cm smaragd zelen\u00e1<\/h1>\n<h4><strong>V\u0161eobecn\u00fd popis:<\/strong><\/h4>\n<p>Sofa Noblesse 225 cm smaragd zelen\u00e1 sa stane nov\u00fdm ob\u013e\u00faben\u00fdm k\u00faskom va\u0161ej ob\u00fdva\u010dky. Je to elegantn\u00e1 3-miestna pohovka s tmavozelen\u00fdm zamatov\u00fdm po\u0165ahom. V\u010faka s\u00favisl\u00e9mu dekorat\u00edvnemu pre\u0161\u00edvaniu a zlat\u00fdm no\u017ei\u010dk\u00e1m v retro dizajne je 3-miestna pohovka vo va\u0161ej dom\u00e1cnosti skuto\u010dn\u00fdm p\u00fata\u010dom pozornosti. Zadn\u00e1 strana ve\u013ek\u00e9ho gau\u010da je tie\u017e pokryt\u00e1 zamatom, tak\u017ee pohovku je mo\u017en\u00e9 pou\u017ei\u0165 aj ako rozde\u013eova\u010d miestnost\u00ed.<br \/>\nAle nielen ako dizajnov\u00fd prvok sa gau\u010d perfektne hod\u00ed do ka\u017edej ob\u00fdvacej izby, retro pohovka v\u00e1s poz\u00fdva na dlh\u00e9 a \u00fatuln\u00e9 ve\u010dery.<\/p>\n<h4>Detaily produktu:<\/h4>\n<ul>\n<li>operadlo je skuto\u010dne \u010dal\u00fanen\u00e9, tak\u017ee ho m\u00f4\u017eete v miestnosti umiestni\u0165 \u013eubovo\u013ene<\/li>\n<li>zlat\u00e9 retro nohy vytv\u00e1raj\u00fa elegantn\u00fd kontrast so zamatov\u00fdm po\u0165ahom<\/li>\n<li>zvl\u00e1\u0161tnym detailom s\u00fa ozdobn\u00e9 \u0161vy na chrbte a sedadle<\/li>\n<\/ul>\n<p>Dotyk retro a ve\u013ea elegancie &#8211; tak mo\u017eno najlep\u0161ie op\u00edsa\u0165 na\u0161u pohovku Noblesse. 3-seda\u010dka m\u00e1 elegantn\u00fd po\u0165ah vyroben\u00fd z po\u0165ahu zo smaragdovo zelen\u00e9ho zamatu, ktor\u00fd je navrhnut\u00fd s nepretr\u017eit\u00fdm ozdobn\u00fdm pre\u0161\u00edvan\u00edm. Zlat\u00e9 chodidl\u00e1 tvoria \u00faspe\u0161n\u00fd z\u00e1ver a s\u00fa mierne rozlo\u017een\u00e9 v typickom retro vzh\u013eade.<\/p>\n<p>Zadn\u00e1 strana ve\u013ek\u00e9ho gau\u010da je taktie\u017e pokryt\u00e1 zamatom, tak\u017ee ho m\u00f4\u017eete \u00fa\u017easne umiestni\u0165 aj ako optick\u00e9 predelenie miestnosti do ob\u00fdvacej izby. Pre celkov\u00fd harmonick\u00fd vzh\u013ead sa perfektne hod\u00ed, ak pohovku skombinujete s niektor\u00fdmi doplnkami v zlatej farbe &#8211; v na\u0161om sortimente n\u00e1jdete tie\u017e zodpovedaj\u00face zrkadl\u00e1 alebo pr\u00edru\u010dn\u00e9 stol\u00edky, u\u017e nemus\u00edte h\u013eada\u0165.<\/p>\n<p><strong>Rozmery (cca):<\/strong><br \/>\n225cm x 80cm x 90cm (\u0160xVxH)<br \/>\n<b><br \/>\nFarba:\u00a0<\/b>fmaragdovo zelen\u00e1, zlat\u00e1 &#8211; Retro \u0161t\u00fdl<br \/>\n<b>Materi\u00e1l:<br \/>\n<\/b>Po\u0165ah: zamat, 100% polyester<br \/>\nNohy: kov<\/p>\n<h4>Dopl\u0148uj\u00face inform\u00e1cie:<\/h4>\n<p>Uveden\u00e9 rozmery \u010dal\u00fanen\u00e9ho n\u00e1bytku (pohovky, rohy, postele) s\u00fa pribli\u017en\u00e9 rozmery, ktor\u00e9 sa m\u00f4\u017eu mierne l\u00ed\u0161i\u0165 od skuto\u010dn\u00fdch (tolerancia rozmerov: +\/- 3 cm). Pr\u00edpadn\u00e9 rozdiely m\u00f4\u017eu by\u0165 sp\u00f4soben\u00e9 r\u00f4znymi typmi po\u0165ahov\u00fdch a v\u00fdpl\u0148ov\u00fdch materi\u00e1lov &#8211; to plat\u00ed najm\u00e4 pre v\u00fdrobky dostupn\u00e9 v nieko\u013ek\u00fdch farebn\u00fdch variantoch.<\/p>\n<p>Dodato\u010dn\u00e9 inform\u00e1cie:<\/p>\n<p>V pr\u00edpade z\u00e1ujmu o in\u00e9 seda\u010dky, pohovky \u010di le\u0148o\u0161ky, nav\u0161t\u00edvte sekciu sedenie na <a href=\"https:\/\/www.ikuchyne.sk\/eshop\/kategoria\/sedenie\/\">www.ikuchyne.sk\/eshop<\/a><br \/>\nV pr\u00edpade z\u00e1ujmu o n\u00e1bytok na mieru n\u00e1s kontaktuje na <a href=\"http:\/\/www.ikuchyne.sk\">www.ikuchyne.sk<\/a><\/p>\n","protected":false},"excerpt":{"rendered":"<p>Sofa Noblesse 225 cm smaragd zelen\u00e1 V\u0161eobecn\u00fd popis: Sofa Noblesse 225 cm smaragd zelen\u00e1 sa stane nov\u00fdm ob\u013e\u00faben\u00fdm k\u00faskom va\u0161ej ob\u00fdva\u010dky. Je to elegantn\u00e1 3-miestna pohovka s tmavozelen\u00fdm zamatov\u00fdm po\u0165ahom.<\/p>\n","protected":false},"featured_media":147611,"comment_status":"closed","ping_status":"closed","template":"","meta":[],"product_cat":[772,602,601,600],"product_tag":[1036,188],"yoast_head":"<!-- This site is optimized with the Yoast SEO plugin v22.1 - https:\/\/yoast.com\/wordpress\/plugins\/seo\/ -->\n<title>Sofa Noblesse 225 cm smaragd zelen\u00e1 \u00bb &#187; iKuchyne iSHOP s n\u00e1bytkom<\/title>\n<meta name=\"description\" content=\"Sofa Noblesse 225 cm smaragd zelen\u00e1 \u00bb r\u00fdchle dodanie, poradenstvo, n\u00e1bytok skladom, ktor\u00e1 bude dominantou dom\u00e1cnosti v\u010faka ikuchyne.sk\" \/>\n<meta name=\"robots\" content=\"index, follow, max-snippet:-1, max-image-preview:large, max-video-preview:-1\" \/>\n<link rel=\"canonical\" href=\"https:\/\/www.ikuchyne.sk\/eshop\/produkt\/sofa-noblesse-225-cm-smaragd-zelena\/\" \/>\n<meta property=\"og:locale\" content=\"sk_SK\" \/>\n<meta property=\"og:type\" content=\"article\" \/>\n<meta property=\"og:title\" content=\"Sofa Noblesse 225 cm smaragd zelen\u00e1 \u00bb &#187; iKuchyne iSHOP s n\u00e1bytkom\" \/>\n<meta property=\"og:description\" content=\"Sofa Noblesse 225 cm smaragd zelen\u00e1 \u00bb r\u00fdchle dodanie, poradenstvo, n\u00e1bytok skladom, ktor\u00e1 bude dominantou dom\u00e1cnosti v\u010faka ikuchyne.sk\" \/>\n<meta property=\"og:url\" content=\"https:\/\/www.ikuchyne.sk\/eshop\/produkt\/sofa-noblesse-225-cm-smaragd-zelena\/\" \/>\n<meta property=\"og:site_name\" content=\"iKuchyne iSHOP s n\u00e1bytkom\" \/>\n<meta property=\"article:publisher\" content=\"https:\/\/www.facebook.com\/ikuchyne\/\" \/>\n<meta property=\"article:modified_time\" content=\"2021-03-11T13:47:38+00:00\" \/>\n<meta property=\"og:image\" content=\"https:\/\/www.ikuchyne.sk\/eshop\/wp-content\/uploads\/2020\/10\/Sofa-Noblesse-225cm-smaragdzelen\u00e1-40404.jpg\" \/>\n\t<meta property=\"og:image:width\" content=\"800\" \/>\n\t<meta property=\"og:image:height\" content=\"533\" \/>\n\t<meta property=\"og:image:type\" content=\"image\/jpeg\" \/>\n<meta name=\"twitter:card\" content=\"summary_large_image\" \/>\n<meta name=\"twitter:label1\" content=\"Predpokladan\u00fd \u010das \u010d\u00edtania\" \/>\n\t<meta name=\"twitter:data1\" content=\"2 min\u00faty\" \/>\n<script type=\"application\/ld+json\" class=\"yoast-schema-graph\">{\"@context\":\"https:\/\/schema.org\",\"@graph\":[{\"@type\":\"WebPage\",\"@id\":\"https:\/\/www.ikuchyne.sk\/eshop\/produkt\/sofa-noblesse-225-cm-smaragd-zelena\/\",\"url\":\"https:\/\/www.ikuchyne.sk\/eshop\/produkt\/sofa-noblesse-225-cm-smaragd-zelena\/\",\"name\":\"Sofa Noblesse 225 cm smaragd zelen\u00e1 \u00bb &#187; iKuchyne iSHOP s n\u00e1bytkom\",\"isPartOf\":{\"@id\":\"https:\/\/www.ikuchyne.sk\/eshop\/#website\"},\"datePublished\":\"2021-03-03T10:19:26+00:00\",\"dateModified\":\"2021-03-11T13:47:38+00:00\",\"description\":\"Sofa Noblesse 225 cm smaragd zelen\u00e1 \u00bb r\u00fdchle dodanie, poradenstvo, n\u00e1bytok skladom, ktor\u00e1 bude dominantou dom\u00e1cnosti v\u010faka ikuchyne.sk\",\"breadcrumb\":{\"@id\":\"https:\/\/www.ikuchyne.sk\/eshop\/produkt\/sofa-noblesse-225-cm-smaragd-zelena\/#breadcrumb\"},\"inLanguage\":\"sk-SK\",\"potentialAction\":[{\"@type\":\"ReadAction\",\"target\":[\"https:\/\/www.ikuchyne.sk\/eshop\/produkt\/sofa-noblesse-225-cm-smaragd-zelena\/\"]}]},{\"@type\":\"BreadcrumbList\",\"@id\":\"https:\/\/www.ikuchyne.sk\/eshop\/produkt\/sofa-noblesse-225-cm-smaragd-zelena\/#breadcrumb\",\"itemListElement\":[{\"@type\":\"ListItem\",\"position\":1,\"name\":\"Home\",\"item\":\"https:\/\/www.ikuchyne.sk\/eshop\/\"},{\"@type\":\"ListItem\",\"position\":2,\"name\":\"Obchod\",\"item\":\"https:\/\/www.ikuchyne.sk\/eshop\/obchod\/\"},{\"@type\":\"ListItem\",\"position\":3,\"name\":\"Sofa Noblesse 225 cm smaragd zelen\u00e1 \u00bb\"}]},{\"@type\":\"WebSite\",\"@id\":\"https:\/\/www.ikuchyne.sk\/eshop\/#website\",\"url\":\"https:\/\/www.ikuchyne.sk\/eshop\/\",\"name\":\"iKuchyne iSHOP s n\u00e1bytkom\",\"description\":\"Jed\u00e1lensk\u00e9 stoly, stoli\u010dky, n\u00e1bytok, svietidl\u00e1...\",\"publisher\":{\"@id\":\"https:\/\/www.ikuchyne.sk\/eshop\/#organization\"},\"potentialAction\":[{\"@type\":\"SearchAction\",\"target\":{\"@type\":\"EntryPoint\",\"urlTemplate\":\"https:\/\/www.ikuchyne.sk\/eshop\/?s={search_term_string}\"},\"query-input\":\"required name=search_term_string\"}],\"inLanguage\":\"sk-SK\"},{\"@type\":\"Organization\",\"@id\":\"https:\/\/www.ikuchyne.sk\/eshop\/#organization\",\"name\":\"ikuchyne!\",\"url\":\"https:\/\/www.ikuchyne.sk\/eshop\/\",\"logo\":{\"@type\":\"ImageObject\",\"inLanguage\":\"sk-SK\",\"@id\":\"https:\/\/www.ikuchyne.sk\/eshop\/#\/schema\/logo\/image\/\",\"url\":\"https:\/\/www.ikuchyne.sk\/eshop\/wp-content\/uploads\/2017\/04\/ikuchyne-logo.jpg\",\"contentUrl\":\"https:\/\/www.ikuchyne.sk\/eshop\/wp-content\/uploads\/2017\/04\/ikuchyne-logo.jpg\",\"width\":200,\"height\":48,\"caption\":\"ikuchyne!\"},\"image\":{\"@id\":\"https:\/\/www.ikuchyne.sk\/eshop\/#\/schema\/logo\/image\/\"},\"sameAs\":[\"https:\/\/www.facebook.com\/ikuchyne\/\",\"https:\/\/www.instagram.com\/ikuchyne.sk\/\",\"https:\/\/sk.pinterest.com\/ikuchynesk\/\"]}]}<\/script>\n<!-- \/ Yoast SEO plugin. -->","yoast_head_json":{"title":"Sofa Noblesse 225 cm smaragd zelen\u00e1 \u00bb &#187; iKuchyne iSHOP s n\u00e1bytkom","description":"Sofa Noblesse 225 cm smaragd zelen\u00e1 \u00bb r\u00fdchle dodanie, poradenstvo, n\u00e1bytok skladom, ktor\u00e1 bude dominantou dom\u00e1cnosti v\u010faka ikuchyne.sk","robots":{"index":"index","follow":"follow","max-snippet":"max-snippet:-1","max-image-preview":"max-image-preview:large","max-video-preview":"max-video-preview:-1"},"canonical":"https:\/\/www.ikuchyne.sk\/eshop\/produkt\/sofa-noblesse-225-cm-smaragd-zelena\/","og_locale":"sk_SK","og_type":"article","og_title":"Sofa Noblesse 225 cm smaragd zelen\u00e1 \u00bb &#187; iKuchyne iSHOP s n\u00e1bytkom","og_description":"Sofa Noblesse 225 cm smaragd zelen\u00e1 \u00bb r\u00fdchle dodanie, poradenstvo, n\u00e1bytok skladom, ktor\u00e1 bude dominantou dom\u00e1cnosti v\u010faka ikuchyne.sk","og_url":"https:\/\/www.ikuchyne.sk\/eshop\/produkt\/sofa-noblesse-225-cm-smaragd-zelena\/","og_site_name":"iKuchyne iSHOP s n\u00e1bytkom","article_publisher":"https:\/\/www.facebook.com\/ikuchyne\/","article_modified_time":"2021-03-11T13:47:38+00:00","og_image":[{"width":800,"height":533,"url":"https:\/\/www.ikuchyne.sk\/eshop\/wp-content\/uploads\/2020\/10\/Sofa-Noblesse-225cm-smaragdzelen\u00e1-40404.jpg","type":"image\/jpeg"}],"twitter_card":"summary_large_image","twitter_misc":{"Predpokladan\u00fd \u010das \u010d\u00edtania":"2 min\u00faty"},"schema":{"@context":"https:\/\/schema.org","@graph":[{"@type":"WebPage","@id":"https:\/\/www.ikuchyne.sk\/eshop\/produkt\/sofa-noblesse-225-cm-smaragd-zelena\/","url":"https:\/\/www.ikuchyne.sk\/eshop\/produkt\/sofa-noblesse-225-cm-smaragd-zelena\/","name":"Sofa Noblesse 225 cm smaragd zelen\u00e1 \u00bb &#187; iKuchyne iSHOP s n\u00e1bytkom","isPartOf":{"@id":"https:\/\/www.ikuchyne.sk\/eshop\/#website"},"datePublished":"2021-03-03T10:19:26+00:00","dateModified":"2021-03-11T13:47:38+00:00","description":"Sofa Noblesse 225 cm smaragd zelen\u00e1 \u00bb r\u00fdchle dodanie, poradenstvo, n\u00e1bytok skladom, ktor\u00e1 bude dominantou dom\u00e1cnosti v\u010faka ikuchyne.sk","breadcrumb":{"@id":"https:\/\/www.ikuchyne.sk\/eshop\/produkt\/sofa-noblesse-225-cm-smaragd-zelena\/#breadcrumb"},"inLanguage":"sk-SK","potentialAction":[{"@type":"ReadAction","target":["https:\/\/www.ikuchyne.sk\/eshop\/produkt\/sofa-noblesse-225-cm-smaragd-zelena\/"]}]},{"@type":"BreadcrumbList","@id":"https:\/\/www.ikuchyne.sk\/eshop\/produkt\/sofa-noblesse-225-cm-smaragd-zelena\/#breadcrumb","itemListElement":[{"@type":"ListItem","position":1,"name":"Home","item":"https:\/\/www.ikuchyne.sk\/eshop\/"},{"@type":"ListItem","position":2,"name":"Obchod","item":"https:\/\/www.ikuchyne.sk\/eshop\/obchod\/"},{"@type":"ListItem","position":3,"name":"Sofa Noblesse 225 cm smaragd zelen\u00e1 \u00bb"}]},{"@type":"WebSite","@id":"https:\/\/www.ikuchyne.sk\/eshop\/#website","url":"https:\/\/www.ikuchyne.sk\/eshop\/","name":"iKuchyne iSHOP s n\u00e1bytkom","description":"Jed\u00e1lensk\u00e9 stoly, stoli\u010dky, n\u00e1bytok, svietidl\u00e1...","publisher":{"@id":"https:\/\/www.ikuchyne.sk\/eshop\/#organization"},"potentialAction":[{"@type":"SearchAction","target":{"@type":"EntryPoint","urlTemplate":"https:\/\/www.ikuchyne.sk\/eshop\/?s={search_term_string}"},"query-input":"required name=search_term_string"}],"inLanguage":"sk-SK"},{"@type":"Organization","@id":"https:\/\/www.ikuchyne.sk\/eshop\/#organization","name":"ikuchyne!","url":"https:\/\/www.ikuchyne.sk\/eshop\/","logo":{"@type":"ImageObject","inLanguage":"sk-SK","@id":"https:\/\/www.ikuchyne.sk\/eshop\/#\/schema\/logo\/image\/","url":"https:\/\/www.ikuchyne.sk\/eshop\/wp-content\/uploads\/2017\/04\/ikuchyne-logo.jpg","contentUrl":"https:\/\/www.ikuchyne.sk\/eshop\/wp-content\/uploads\/2017\/04\/ikuchyne-logo.jpg","width":200,"height":48,"caption":"ikuchyne!"},"image":{"@id":"https:\/\/www.ikuchyne.sk\/eshop\/#\/schema\/logo\/image\/"},"sameAs":["https:\/\/www.facebook.com\/ikuchyne\/","https:\/\/www.instagram.com\/ikuchyne.sk\/","https:\/\/sk.pinterest.com\/ikuchynesk\/"]}]}},"_links":{"self":[{"href":"https:\/\/www.ikuchyne.sk\/eshop\/wp-json\/wp\/v2\/product\/147610"}],"collection":[{"href":"https:\/\/www.ikuchyne.sk\/eshop\/wp-json\/wp\/v2\/product"}],"about":[{"href":"https:\/\/www.ikuchyne.sk\/eshop\/wp-json\/wp\/v2\/types\/product"}],"replies":[{"embeddable":true,"href":"https:\/\/www.ikuchyne.sk\/eshop\/wp-json\/wp\/v2\/comments?post=147610"}],"wp:featuredmedia":[{"embeddable":true,"href":"https:\/\/www.ikuchyne.sk\/eshop\/wp-json\/wp\/v2\/media\/147611"}],"wp:attachment":[{"href":"https:\/\/www.ikuchyne.sk\/eshop\/wp-json\/wp\/v2\/media?parent=147610"}],"wp:term":[{"taxonomy":"product_cat","embeddable":true,"href":"https:\/\/www.ikuchyne.sk\/eshop\/wp-json\/wp\/v2\/product_cat?post=147610"},{"taxonomy":"product_tag","embeddable":true,"href":"https:\/\/www.ikuchyne.sk\/eshop\/wp-json\/wp\/v2\/product_tag?post=147610"}],"curies":[{"name":"wp","href":"https:\/\/api.w.org\/{rel}","templated":true}]}}