{"id":147784,"date":"2021-03-03T15:55:05","date_gmt":"2021-03-03T14:55:05","guid":{"rendered":"https:\/\/www.ikuchyne.sk\/eshop\/?post_type=product&#038;p=147784"},"modified":"2024-01-10T15:44:01","modified_gmt":"2024-01-10T14:44:01","slug":"konferencny-stolik-symbiose-100-cm-mramor-optik-keramika","status":"publish","type":"product","link":"https:\/\/www.ikuchyne.sk\/eshop\/produkt\/konferencny-stolik-symbiose-100-cm-mramor-optik-keramika\/","title":{"rendered":"Konferen\u010dn\u00fd stol\u00edk Symbiose 100 cm mramor-Optik keramika \u00bb"},"content":{"rendered":"<h1>Konferen\u010dn\u00fd stol\u00edk Symbiose 100 cm mramor-Optik keramika \u00bb<\/h1>\n<h4><strong>V\u0161eobecn\u00fd popis:<\/strong><\/h4>\n<p>Na prv\u00fd poh\u013ead extravagantn\u00fd Konferen\u010dn\u00fd stol\u00edk Symbiose 100 cm mramor-Optik keramika so stolovou doskou z talianskej keramiky. Povrch bol navrhnut\u00fd v autentickom mramorovom vzh\u013eade. \u010cierny kovov\u00fd r\u00e1m zais\u0165uje stabilitu. Doprajte svojej ob\u00fdvacej izbe nov\u00fd vzh\u013ead s t\u00fdmto konferen\u010dn\u00fdm stol\u00edkom!<\/p>\n<p>Nov\u00fd \u0161perk vo va\u0161ej ob\u00fdva\u010dke. Ak m\u00e1te radi neobvykl\u00e9 kusy n\u00e1bytku, teraz je ten spr\u00e1vny \u010das rozhodn\u00fa\u0165 sa pre tento stol\u00edk. N\u00e1\u0161 Konferen\u010dn\u00fd stol\u00edk Symbiose 100 cm mramor m\u00e1 ve\u013ek\u00fa stolov\u00fa dosku z vysoko kvalitnej talianskej keramiky vo vzh\u013eade tmav\u00e9ho mramoru, ktor\u00e1 bola umiestnen\u00e1 na stabiln\u00fa dosku z bezpe\u010dnostn\u00e9ho skla. Povrch stolovej dosky je mierne zdrsnen\u00fd, aby sa dosiahol u\u0161\u013eachtil\u00fd vzh\u013ead a dojem. \u010cierny kovov\u00fd r\u00e1m tvor\u00ed \u0161ikovn\u00fd kontrast s vrchnou \u010das\u0165ou a pod\u010diarkuje industri\u00e1lny n\u00e1dych stola.<\/p>\n<p>Skombinujte si svoj nov\u00fd konferen\u010dn\u00fd stol\u00edk pod\u013ea svojho vkusu. Modern\u00fd a nad\u010dasov\u00fd dizajn stola je mo\u017en\u00e9 r\u00f4znymi sp\u00f4sobmi integrova\u0165 do r\u00f4znych \u0161t\u00fdlov zaria\u010fovania. To e\u0161te vylep\u0161uje zdr\u017eanliv\u00e1 farebn\u00e1 kombin\u00e1cia hornej \u010dasti a r\u00e1mu. N\u00e1\u0161 tip: V kombin\u00e1cii s doplnkami alebo n\u00e1bytkom s \u010diernymi kovov\u00fdmi prvkami vyzer\u00e1 konferen\u010dn\u00fd stol\u00edk obzvl\u00e1\u0161\u0165 kr\u00e1sne.<\/p>\n<p><strong>Detaily produktu:<\/strong><\/p>\n<p>U\u0161\u013eachtil\u00e1 talianska keramika bola umiestnen\u00e1 na tabu\u013eu z bezpe\u010dnostn\u00e9ho skla. Intenz\u00edvne vzorovan\u00fd mramorov\u00fd vzh\u013ead vyzer\u00e1 ve\u013emi autenticky. \u010cierny r\u00e1m vytv\u00e1ra harmonick\u00fd industri\u00e1lny pocit. Vhodn\u00e9 bytov\u00e9 doplnky pre kombinovanie interi\u00e9ru s t\u00fdmto konferen\u010dn\u00fdm stol\u00edkom n\u00e1jdete na na\u0161om e-shope v sekcii Bytov\u00e9 doplnky. Kontaktujte n\u00e1s a my v\u00e1m radi pom\u00f4\u017eeme s v\u00fdberom vhodn\u00fdch dekor\u00e1ci\u00ed.<\/p>\n<p><strong>Rozmery (cca):<\/strong><br \/>\n100cm x 40cm x 60cm (\u0160xVxH)<br \/>\n<strong>Hr\u00fabka stola:<\/strong> 9mm, pozost\u00e1vaj\u00faca z:<br \/>\nBezpe\u010dnostn\u00e9 sklo: 6mm<br \/>\nKeramika: 3mm<\/p>\n<p><b>Farba: <\/b>matn\u00e1, vzh\u013ead mramoru, \u010dierna &#8211; Industri\u00e1lny \u0161t\u00fdl<br \/>\n<b>Materi\u00e1l:<br \/>\n<\/b>Doska stola: bezpe\u010dnostn\u00e9 sklo, keramika<br \/>\nR\u00e1m: kov, s pr\u00e1\u0161kovou farbou<\/p>\n<p><strong>Tento konferen\u010dn\u00fd stol\u00edk m\u00f4\u017eete n\u00e1js\u0165 aj v prevedeniach:<\/strong><\/p>\n<p>Konferen\u010dn\u00fd stol\u00edk Symbiose 75cm bet\u00f3n-Optik keramika<br \/>\nKonferen\u010dn\u00fd stol\u00edk Symbiose 100cm bet\u00f3n-Optik keramika<br \/>\nKonferen\u010dn\u00fd stol\u00edk Symbiose 75cm mramor-Optik keramika<\/p>\n<p>Dodac\u00ed stav: \u010diasto\u010dne zmontovan\u00fd<br \/>\nBalenie 1: (pribli\u017ene) 106 x 66 x 6,5 cm \/ 15,5 kg<br \/>\nBalenie 2: (pribli\u017ene) 106 x 44 x 11 cm \/ 7 kg<\/p>\n<p>Dodato\u010dn\u00e9 inform\u00e1cie:<\/p>\n<p>V pr\u00edpade z\u00e1ujmu o in\u00e9 stoly ako toaletn\u00e9, p\u00edsacie, konferen\u010dn\u00e9 stol\u00edky \u010di jed\u00e1lensk\u00e9 stoly, nav\u0161t\u00edvte sekciu stoly na <a href=\"https:\/\/www.ikuchyne.sk\/eshop\/kategoria\/stoly\/\">www.ikuchyne.sk\/eshop<\/a><br \/>\nV pr\u00edpade z\u00e1ujmu o n\u00e1bytok na mieru n\u00e1s kontaktuje na <a href=\"http:\/\/www.ikuchyne.sk\">www.ikuchyne.sk<\/a><\/p>\n<p>&nbsp;<\/p>\n","protected":false},"excerpt":{"rendered":"<p>Konferen\u010dn\u00fd stol\u00edk Symbiose 100 cm mramor-Optik keramika \u00bb V\u0161eobecn\u00fd popis: Na prv\u00fd poh\u013ead extravagantn\u00fd Konferen\u010dn\u00fd stol\u00edk Symbiose 100 cm mramor-Optik keramika so stolovou doskou z talianskej keramiky. Povrch bol navrhnut\u00fd<\/p>\n","protected":false},"featured_media":147785,"comment_status":"closed","ping_status":"closed","template":"","meta":[],"product_cat":[832,842,304,837,839,772,287],"product_tag":[256,361,2943],"yoast_head":"<!-- This site is optimized with the Yoast SEO plugin v22.1 - https:\/\/yoast.com\/wordpress\/plugins\/seo\/ -->\n<title>Konferen\u010dn\u00fd stol\u00edk Symbiose 100 mramor &#187; iKuchyne iSHOP s n\u00e1bytkom<\/title>\n<meta name=\"description\" content=\"Konferen\u010dn\u00fd stol\u00edk Symbiose 100 cm mramor-Optik keramika \u00bb r\u00fdchle dodanie, poradenstvo, n\u00e1bytok skladom, ktor\u00fd bude dominantou dom\u00e1cnosti.\" \/>\n<meta name=\"robots\" content=\"index, follow, max-snippet:-1, max-image-preview:large, max-video-preview:-1\" \/>\n<link rel=\"canonical\" href=\"https:\/\/www.ikuchyne.sk\/eshop\/produkt\/konferencny-stolik-symbiose-100-cm-mramor-optik-keramika\/\" \/>\n<meta property=\"og:locale\" content=\"sk_SK\" \/>\n<meta property=\"og:type\" content=\"article\" \/>\n<meta property=\"og:title\" content=\"Konferen\u010dn\u00fd stol\u00edk Symbiose 100 mramor &#187; iKuchyne iSHOP s n\u00e1bytkom\" \/>\n<meta property=\"og:description\" content=\"Konferen\u010dn\u00fd stol\u00edk Symbiose 100 cm mramor-Optik keramika \u00bb r\u00fdchle dodanie, poradenstvo, n\u00e1bytok skladom, ktor\u00fd bude dominantou dom\u00e1cnosti.\" \/>\n<meta property=\"og:url\" content=\"https:\/\/www.ikuchyne.sk\/eshop\/produkt\/konferencny-stolik-symbiose-100-cm-mramor-optik-keramika\/\" \/>\n<meta property=\"og:site_name\" content=\"iKuchyne iSHOP s n\u00e1bytkom\" \/>\n<meta property=\"article:publisher\" content=\"https:\/\/www.facebook.com\/ikuchyne\/\" \/>\n<meta property=\"article:modified_time\" content=\"2024-01-10T14:44:01+00:00\" \/>\n<meta property=\"og:image\" content=\"https:\/\/www.ikuchyne.sk\/eshop\/wp-content\/uploads\/2020\/11\/Konferen\u010dn\u00fd-stol\u00edk-Symbiose-100cm-mramor-Optik-keramika-40672.jpg\" \/>\n\t<meta property=\"og:image:width\" content=\"800\" \/>\n\t<meta property=\"og:image:height\" content=\"533\" \/>\n\t<meta property=\"og:image:type\" content=\"image\/jpeg\" \/>\n<meta name=\"twitter:card\" content=\"summary_large_image\" \/>\n<meta name=\"twitter:label1\" content=\"Predpokladan\u00fd \u010das \u010d\u00edtania\" \/>\n\t<meta name=\"twitter:data1\" content=\"2 min\u00faty\" \/>\n<script type=\"application\/ld+json\" class=\"yoast-schema-graph\">{\"@context\":\"https:\/\/schema.org\",\"@graph\":[{\"@type\":\"WebPage\",\"@id\":\"https:\/\/www.ikuchyne.sk\/eshop\/produkt\/konferencny-stolik-symbiose-100-cm-mramor-optik-keramika\/\",\"url\":\"https:\/\/www.ikuchyne.sk\/eshop\/produkt\/konferencny-stolik-symbiose-100-cm-mramor-optik-keramika\/\",\"name\":\"Konferen\u010dn\u00fd stol\u00edk Symbiose 100 mramor &#187; iKuchyne iSHOP s n\u00e1bytkom\",\"isPartOf\":{\"@id\":\"https:\/\/www.ikuchyne.sk\/eshop\/#website\"},\"datePublished\":\"2021-03-03T14:55:05+00:00\",\"dateModified\":\"2024-01-10T14:44:01+00:00\",\"description\":\"Konferen\u010dn\u00fd stol\u00edk Symbiose 100 cm mramor-Optik keramika \u00bb r\u00fdchle dodanie, poradenstvo, n\u00e1bytok skladom, ktor\u00fd bude dominantou dom\u00e1cnosti.\",\"breadcrumb\":{\"@id\":\"https:\/\/www.ikuchyne.sk\/eshop\/produkt\/konferencny-stolik-symbiose-100-cm-mramor-optik-keramika\/#breadcrumb\"},\"inLanguage\":\"sk-SK\",\"potentialAction\":[{\"@type\":\"ReadAction\",\"target\":[\"https:\/\/www.ikuchyne.sk\/eshop\/produkt\/konferencny-stolik-symbiose-100-cm-mramor-optik-keramika\/\"]}]},{\"@type\":\"BreadcrumbList\",\"@id\":\"https:\/\/www.ikuchyne.sk\/eshop\/produkt\/konferencny-stolik-symbiose-100-cm-mramor-optik-keramika\/#breadcrumb\",\"itemListElement\":[{\"@type\":\"ListItem\",\"position\":1,\"name\":\"Home\",\"item\":\"https:\/\/www.ikuchyne.sk\/eshop\/\"},{\"@type\":\"ListItem\",\"position\":2,\"name\":\"Obchod\",\"item\":\"https:\/\/www.ikuchyne.sk\/eshop\/obchod\/\"},{\"@type\":\"ListItem\",\"position\":3,\"name\":\"Konferen\u010dn\u00fd stol\u00edk Symbiose 100 cm mramor-Optik keramika \u00bb\"}]},{\"@type\":\"WebSite\",\"@id\":\"https:\/\/www.ikuchyne.sk\/eshop\/#website\",\"url\":\"https:\/\/www.ikuchyne.sk\/eshop\/\",\"name\":\"iKuchyne iSHOP s n\u00e1bytkom\",\"description\":\"Jed\u00e1lensk\u00e9 stoly, stoli\u010dky, n\u00e1bytok, svietidl\u00e1...\",\"publisher\":{\"@id\":\"https:\/\/www.ikuchyne.sk\/eshop\/#organization\"},\"potentialAction\":[{\"@type\":\"SearchAction\",\"target\":{\"@type\":\"EntryPoint\",\"urlTemplate\":\"https:\/\/www.ikuchyne.sk\/eshop\/?s={search_term_string}\"},\"query-input\":\"required name=search_term_string\"}],\"inLanguage\":\"sk-SK\"},{\"@type\":\"Organization\",\"@id\":\"https:\/\/www.ikuchyne.sk\/eshop\/#organization\",\"name\":\"ikuchyne!\",\"url\":\"https:\/\/www.ikuchyne.sk\/eshop\/\",\"logo\":{\"@type\":\"ImageObject\",\"inLanguage\":\"sk-SK\",\"@id\":\"https:\/\/www.ikuchyne.sk\/eshop\/#\/schema\/logo\/image\/\",\"url\":\"https:\/\/www.ikuchyne.sk\/eshop\/wp-content\/uploads\/2017\/04\/ikuchyne-logo.jpg\",\"contentUrl\":\"https:\/\/www.ikuchyne.sk\/eshop\/wp-content\/uploads\/2017\/04\/ikuchyne-logo.jpg\",\"width\":200,\"height\":48,\"caption\":\"ikuchyne!\"},\"image\":{\"@id\":\"https:\/\/www.ikuchyne.sk\/eshop\/#\/schema\/logo\/image\/\"},\"sameAs\":[\"https:\/\/www.facebook.com\/ikuchyne\/\",\"https:\/\/www.instagram.com\/ikuchyne.sk\/\",\"https:\/\/sk.pinterest.com\/ikuchynesk\/\"]}]}<\/script>\n<!-- \/ Yoast SEO plugin. -->","yoast_head_json":{"title":"Konferen\u010dn\u00fd stol\u00edk Symbiose 100 mramor &#187; iKuchyne iSHOP s n\u00e1bytkom","description":"Konferen\u010dn\u00fd stol\u00edk Symbiose 100 cm mramor-Optik keramika \u00bb r\u00fdchle dodanie, poradenstvo, n\u00e1bytok skladom, ktor\u00fd bude dominantou dom\u00e1cnosti.","robots":{"index":"index","follow":"follow","max-snippet":"max-snippet:-1","max-image-preview":"max-image-preview:large","max-video-preview":"max-video-preview:-1"},"canonical":"https:\/\/www.ikuchyne.sk\/eshop\/produkt\/konferencny-stolik-symbiose-100-cm-mramor-optik-keramika\/","og_locale":"sk_SK","og_type":"article","og_title":"Konferen\u010dn\u00fd stol\u00edk Symbiose 100 mramor &#187; iKuchyne iSHOP s n\u00e1bytkom","og_description":"Konferen\u010dn\u00fd stol\u00edk Symbiose 100 cm mramor-Optik keramika \u00bb r\u00fdchle dodanie, poradenstvo, n\u00e1bytok skladom, ktor\u00fd bude dominantou dom\u00e1cnosti.","og_url":"https:\/\/www.ikuchyne.sk\/eshop\/produkt\/konferencny-stolik-symbiose-100-cm-mramor-optik-keramika\/","og_site_name":"iKuchyne iSHOP s n\u00e1bytkom","article_publisher":"https:\/\/www.facebook.com\/ikuchyne\/","article_modified_time":"2024-01-10T14:44:01+00:00","og_image":[{"width":800,"height":533,"url":"https:\/\/www.ikuchyne.sk\/eshop\/wp-content\/uploads\/2020\/11\/Konferen\u010dn\u00fd-stol\u00edk-Symbiose-100cm-mramor-Optik-keramika-40672.jpg","type":"image\/jpeg"}],"twitter_card":"summary_large_image","twitter_misc":{"Predpokladan\u00fd \u010das \u010d\u00edtania":"2 min\u00faty"},"schema":{"@context":"https:\/\/schema.org","@graph":[{"@type":"WebPage","@id":"https:\/\/www.ikuchyne.sk\/eshop\/produkt\/konferencny-stolik-symbiose-100-cm-mramor-optik-keramika\/","url":"https:\/\/www.ikuchyne.sk\/eshop\/produkt\/konferencny-stolik-symbiose-100-cm-mramor-optik-keramika\/","name":"Konferen\u010dn\u00fd stol\u00edk Symbiose 100 mramor &#187; iKuchyne iSHOP s n\u00e1bytkom","isPartOf":{"@id":"https:\/\/www.ikuchyne.sk\/eshop\/#website"},"datePublished":"2021-03-03T14:55:05+00:00","dateModified":"2024-01-10T14:44:01+00:00","description":"Konferen\u010dn\u00fd stol\u00edk Symbiose 100 cm mramor-Optik keramika \u00bb r\u00fdchle dodanie, poradenstvo, n\u00e1bytok skladom, ktor\u00fd bude dominantou dom\u00e1cnosti.","breadcrumb":{"@id":"https:\/\/www.ikuchyne.sk\/eshop\/produkt\/konferencny-stolik-symbiose-100-cm-mramor-optik-keramika\/#breadcrumb"},"inLanguage":"sk-SK","potentialAction":[{"@type":"ReadAction","target":["https:\/\/www.ikuchyne.sk\/eshop\/produkt\/konferencny-stolik-symbiose-100-cm-mramor-optik-keramika\/"]}]},{"@type":"BreadcrumbList","@id":"https:\/\/www.ikuchyne.sk\/eshop\/produkt\/konferencny-stolik-symbiose-100-cm-mramor-optik-keramika\/#breadcrumb","itemListElement":[{"@type":"ListItem","position":1,"name":"Home","item":"https:\/\/www.ikuchyne.sk\/eshop\/"},{"@type":"ListItem","position":2,"name":"Obchod","item":"https:\/\/www.ikuchyne.sk\/eshop\/obchod\/"},{"@type":"ListItem","position":3,"name":"Konferen\u010dn\u00fd stol\u00edk Symbiose 100 cm mramor-Optik keramika \u00bb"}]},{"@type":"WebSite","@id":"https:\/\/www.ikuchyne.sk\/eshop\/#website","url":"https:\/\/www.ikuchyne.sk\/eshop\/","name":"iKuchyne iSHOP s n\u00e1bytkom","description":"Jed\u00e1lensk\u00e9 stoly, stoli\u010dky, n\u00e1bytok, svietidl\u00e1...","publisher":{"@id":"https:\/\/www.ikuchyne.sk\/eshop\/#organization"},"potentialAction":[{"@type":"SearchAction","target":{"@type":"EntryPoint","urlTemplate":"https:\/\/www.ikuchyne.sk\/eshop\/?s={search_term_string}"},"query-input":"required name=search_term_string"}],"inLanguage":"sk-SK"},{"@type":"Organization","@id":"https:\/\/www.ikuchyne.sk\/eshop\/#organization","name":"ikuchyne!","url":"https:\/\/www.ikuchyne.sk\/eshop\/","logo":{"@type":"ImageObject","inLanguage":"sk-SK","@id":"https:\/\/www.ikuchyne.sk\/eshop\/#\/schema\/logo\/image\/","url":"https:\/\/www.ikuchyne.sk\/eshop\/wp-content\/uploads\/2017\/04\/ikuchyne-logo.jpg","contentUrl":"https:\/\/www.ikuchyne.sk\/eshop\/wp-content\/uploads\/2017\/04\/ikuchyne-logo.jpg","width":200,"height":48,"caption":"ikuchyne!"},"image":{"@id":"https:\/\/www.ikuchyne.sk\/eshop\/#\/schema\/logo\/image\/"},"sameAs":["https:\/\/www.facebook.com\/ikuchyne\/","https:\/\/www.instagram.com\/ikuchyne.sk\/","https:\/\/sk.pinterest.com\/ikuchynesk\/"]}]}},"_links":{"self":[{"href":"https:\/\/www.ikuchyne.sk\/eshop\/wp-json\/wp\/v2\/product\/147784"}],"collection":[{"href":"https:\/\/www.ikuchyne.sk\/eshop\/wp-json\/wp\/v2\/product"}],"about":[{"href":"https:\/\/www.ikuchyne.sk\/eshop\/wp-json\/wp\/v2\/types\/product"}],"replies":[{"embeddable":true,"href":"https:\/\/www.ikuchyne.sk\/eshop\/wp-json\/wp\/v2\/comments?post=147784"}],"wp:featuredmedia":[{"embeddable":true,"href":"https:\/\/www.ikuchyne.sk\/eshop\/wp-json\/wp\/v2\/media\/147785"}],"wp:attachment":[{"href":"https:\/\/www.ikuchyne.sk\/eshop\/wp-json\/wp\/v2\/media?parent=147784"}],"wp:term":[{"taxonomy":"product_cat","embeddable":true,"href":"https:\/\/www.ikuchyne.sk\/eshop\/wp-json\/wp\/v2\/product_cat?post=147784"},{"taxonomy":"product_tag","embeddable":true,"href":"https:\/\/www.ikuchyne.sk\/eshop\/wp-json\/wp\/v2\/product_tag?post=147784"}],"curies":[{"name":"wp","href":"https:\/\/api.w.org\/{rel}","templated":true}]}}