{"id":147840,"date":"2021-03-03T15:44:00","date_gmt":"2021-03-03T14:44:00","guid":{"rendered":"https:\/\/www.ikuchyne.sk\/eshop\/?post_type=product&#038;p=147840"},"modified":"2021-04-13T16:00:08","modified_gmt":"2021-04-13T14:00:08","slug":"konferencny-stolik-monsoon-set-3ks-45cm-sheesham","status":"publish","type":"product","link":"https:\/\/www.ikuchyne.sk\/eshop\/produkt\/konferencny-stolik-monsoon-set-3ks-45cm-sheesham\/","title":{"rendered":"Konferen\u010dn\u00fd stol\u00edk Monsoon set 3ks 45cm sheesham \u00bb"},"content":{"rendered":"<h1>Konferen\u010dn\u00fd stol\u00edk Monsoon set 3ks 45cm sheesham \u00bb<\/h1>\n<h4><strong>V\u0161eobecn\u00fd popis:<\/strong><\/h4>\n<p>Konferen\u010dn\u00fd stol\u00edk Monsoon set 3ks 45cm sheesham pozost\u00e1vaj\u00faci z troch pr\u00edru\u010dn\u00fdch stol\u00edkov r\u00f4znych ve\u013ekost\u00ed. Sheesham je po celom svete zn\u00e1my svojim p\u00f4sobiv\u00fdm zrnom. Ka\u017ed\u00fd stol\u00edk je starostlivo ru\u010dne vyroben\u00fd. Konferen\u010dn\u00fd stol\u00edk Monsoon set m\u00f4\u017eete pokojne vyu\u017ei\u0165 aj ako pr\u00edru\u010dn\u00fd stol\u00edk.<\/p>\n<p>Trikr\u00e1t vyu\u017eite\u013en\u00fd a v\u0161estrann\u00fd &#8211; s na\u0161imi konferen\u010dn\u00fdmi stol\u00edkmi! V\u0161etko dobr\u00e9 prich\u00e1dza v troch! Preto na\u0161e robustn\u00e9 pr\u00edru\u010dn\u00e9 stol\u00edky vyroben\u00e9 z mas\u00edvneho sheeshamov\u00e9ho dreva pr\u00eddu priamo k v\u00e1m domov v sade 3 kusov. Sheesham je po celom svete zn\u00e1my svojim expres\u00edvnym zrnom, ktor\u00e9 v\u010faka lakovan\u00e9mu povrchu stolov \u00fa\u017easne prich\u00e1dza do svedomia a rob\u00ed z ka\u017edej s\u00fapravy prirodzene vypestovan\u00fa jedine\u010dn\u00fa formu.<\/p>\n<p>Pr\u00edru\u010dn\u00e9 stol\u00edky pri\u0165ahuj\u00fa pozornos\u0165 v ka\u017edej miestnosti. V\u010faka r\u00f4znym ve\u013ekostiam je mo\u017en\u00e9 tieto tri stoly vyu\u017ei\u0165 \u00fa\u017easn\u00fdm sp\u00f4sobom. \u010ci u\u017e ako konferen\u010dn\u00fd stol\u00edk, odkladac\u00ed stol\u00edk alebo no\u010dn\u00fd stol\u00edk. Sadu m\u00f4\u017eete umiestni\u0165 kamko\u013evek potrebujete. Pr\u00edru\u010dn\u00e9 stol\u00edky je mo\u017en\u00e9 kombinova\u0165 s takmer v\u0161etk\u00fdmi \u0161t\u00fdlmi a n\u00e1bytkom v\u010faka ich jednoduch\u00e9mu a nad\u010dasov\u00e9mu dizajnu, tak\u017ee tu m\u00f4\u017eete popusti\u0165 uzdu svojej kreativite pod\u013ea v\u00e1\u0161ho vkusu.<\/p>\n<h4><strong>Detaily produktu:<\/strong><\/h4>\n<p>Preto\u017ee sa jedn\u00e1 o pr\u00edrodn\u00fd produkt, ka\u017ed\u00e1 k\u00f3pia je \u00faplne jedine\u010dn\u00e1. Nerovnosti, charizmatick\u00e9 uzly, praskliny alebo dokonca rozmerov\u00e9 rozdiely s\u00fa mo\u017en\u00e9 a vytv\u00e1raj\u00fa originalitu a vytv\u00e1raj\u00fa \u010daro mas\u00edvneho dreva. Okrem toho m\u00f4\u017eu existova\u0165 farebn\u00e9 odch\u00fdlky. \u017diadna z t\u00fdchto skuto\u010dnost\u00ed nie je d\u00f4vodom na reklam\u00e1ciu. Drevo Sheesham je zn\u00e1me po celom svete pre svoje vzru\u0161uj\u00face a jedine\u010dn\u00e9 zrno. Stol\u00edky je mo\u017en\u00e9 uklada\u0165 jeden do druh\u00e9ho, aby sa u\u0161etrilo miesto. M\u00f4\u017ee by\u0165 pou\u017eit\u00fd aj ako pr\u00edru\u010dn\u00fd stol\u00edk. Vhodn\u00e9 bytov\u00e9 doplnky len zd\u00f4raznia v\u00fdnimo\u010dn\u00fd vzh\u013ead tohto konferen\u010dn\u00e9ho stol\u00edka. Pora\u010fte sa s na\u0161imi odborn\u00edkmi, ktor\u00ed v\u00e1m ochotne pom\u00f4\u017eu pri v\u00fdbere spr\u00e1vnych doplnkov do va\u0161ej dom\u00e1cnosti pre kombinovanie s t\u00fdmto konferen\u010dn\u00fdm stol\u00edkom.<\/p>\n<p><strong>Rozmery (cca):<\/strong><br \/>\n<strong>Ve\u013ek\u00fd stol\u00edk:<\/strong> 45cm x 45cm x 30cm (\u0160xVxH)<br \/>\n<strong>Stredn\u00fd stol\u00edk:<\/strong> 35cm x 37cm x 28cm (\u0160xVxH)<br \/>\n<strong>Mal\u00fd stol\u00edk:<\/strong> 25cm x 29cm x 25cm (\u0160xVxH)<\/p>\n<p><b>Farba:\u00a0<\/b>pr\u00edrodn\u00e1<br \/>\n<b>Materi\u00e1l:\u00a0<\/b>mas\u00edvne drevo, sheesham, lakovan\u00e9<\/p>\n<p>Dodato\u010dn\u00e9 inform\u00e1cie:<\/p>\n<p>V pr\u00edpade z\u00e1ujmu o in\u00e9 stoly ako toaletn\u00e9, p\u00edsacie, konferen\u010dn\u00e9 stol\u00edky \u010di jed\u00e1lensk\u00e9 stoly, nav\u0161t\u00edvte sekciu stoly na <a href=\"https:\/\/www.ikuchyne.sk\/eshop\/kategoria\/stoly\/\">www.ikuchyne.sk\/eshop<\/a><br \/>\nV pr\u00edpade z\u00e1ujmu o n\u00e1bytok na mieru n\u00e1s kontaktuje na <a href=\"http:\/\/www.ikuchyne.sk\">www.ikuchyne.sk<\/a><\/p>\n","protected":false},"excerpt":{"rendered":"<p>Konferen\u010dn\u00fd stol\u00edk Monsoon set 3ks 45cm sheesham \u00bb V\u0161eobecn\u00fd popis: Konferen\u010dn\u00fd stol\u00edk Monsoon set 3ks 45cm sheesham pozost\u00e1vaj\u00faci z troch pr\u00edru\u010dn\u00fdch stol\u00edkov r\u00f4znych ve\u013ekost\u00ed. Sheesham je po celom svete zn\u00e1my<\/p>\n","protected":false},"featured_media":147841,"comment_status":"closed","ping_status":"closed","template":"","meta":[],"product_cat":[834,842,304,838,836,772,287],"product_tag":[198],"yoast_head":"<!-- This site is optimized with the Yoast SEO plugin v22.1 - https:\/\/yoast.com\/wordpress\/plugins\/seo\/ -->\n<title>Konferen\u010dn\u00fd stol\u00edk Monsoon set sheesham &#187; iKuchyne iSHOP s n\u00e1bytkom<\/title>\n<meta name=\"description\" content=\"Konferen\u010dn\u00fd stol\u00edk Monsoon set 3ks 45cm sheesham \u00bb - r\u00fdchle dodanie, poradenstvo, n\u00e1bytok skladom v Bratislave s ikuchyne.sk\" \/>\n<meta name=\"robots\" content=\"index, follow, max-snippet:-1, max-image-preview:large, max-video-preview:-1\" \/>\n<link rel=\"canonical\" href=\"https:\/\/www.ikuchyne.sk\/eshop\/produkt\/konferencny-stolik-monsoon-set-3ks-45cm-sheesham\/\" \/>\n<meta property=\"og:locale\" content=\"sk_SK\" \/>\n<meta property=\"og:type\" content=\"article\" \/>\n<meta property=\"og:title\" content=\"Konferen\u010dn\u00fd stol\u00edk Monsoon set sheesham &#187; iKuchyne iSHOP s n\u00e1bytkom\" \/>\n<meta property=\"og:description\" content=\"Konferen\u010dn\u00fd stol\u00edk Monsoon set 3ks 45cm sheesham \u00bb - r\u00fdchle dodanie, poradenstvo, n\u00e1bytok skladom v Bratislave s ikuchyne.sk\" \/>\n<meta property=\"og:url\" content=\"https:\/\/www.ikuchyne.sk\/eshop\/produkt\/konferencny-stolik-monsoon-set-3ks-45cm-sheesham\/\" \/>\n<meta property=\"og:site_name\" content=\"iKuchyne iSHOP s n\u00e1bytkom\" \/>\n<meta property=\"article:publisher\" content=\"https:\/\/www.facebook.com\/ikuchyne\/\" \/>\n<meta property=\"article:modified_time\" content=\"2021-04-13T14:00:08+00:00\" \/>\n<meta property=\"og:image\" content=\"https:\/\/www.ikuchyne.sk\/eshop\/wp-content\/uploads\/2020\/11\/Konferen\u010dn\u00fd-stol\u00edk-Monsoon-set-3ks-45cm-sheesham-40794.jpg\" \/>\n\t<meta property=\"og:image:width\" content=\"800\" \/>\n\t<meta property=\"og:image:height\" content=\"533\" \/>\n\t<meta property=\"og:image:type\" content=\"image\/jpeg\" \/>\n<meta name=\"twitter:card\" content=\"summary_large_image\" \/>\n<meta name=\"twitter:label1\" content=\"Predpokladan\u00fd \u010das \u010d\u00edtania\" \/>\n\t<meta name=\"twitter:data1\" content=\"1 min\u00fata\" \/>\n<script type=\"application\/ld+json\" class=\"yoast-schema-graph\">{\"@context\":\"https:\/\/schema.org\",\"@graph\":[{\"@type\":\"WebPage\",\"@id\":\"https:\/\/www.ikuchyne.sk\/eshop\/produkt\/konferencny-stolik-monsoon-set-3ks-45cm-sheesham\/\",\"url\":\"https:\/\/www.ikuchyne.sk\/eshop\/produkt\/konferencny-stolik-monsoon-set-3ks-45cm-sheesham\/\",\"name\":\"Konferen\u010dn\u00fd stol\u00edk Monsoon set sheesham &#187; iKuchyne iSHOP s n\u00e1bytkom\",\"isPartOf\":{\"@id\":\"https:\/\/www.ikuchyne.sk\/eshop\/#website\"},\"datePublished\":\"2021-03-03T14:44:00+00:00\",\"dateModified\":\"2021-04-13T14:00:08+00:00\",\"description\":\"Konferen\u010dn\u00fd stol\u00edk Monsoon set 3ks 45cm sheesham \u00bb - r\u00fdchle dodanie, poradenstvo, n\u00e1bytok skladom v Bratislave s ikuchyne.sk\",\"breadcrumb\":{\"@id\":\"https:\/\/www.ikuchyne.sk\/eshop\/produkt\/konferencny-stolik-monsoon-set-3ks-45cm-sheesham\/#breadcrumb\"},\"inLanguage\":\"sk-SK\",\"potentialAction\":[{\"@type\":\"ReadAction\",\"target\":[\"https:\/\/www.ikuchyne.sk\/eshop\/produkt\/konferencny-stolik-monsoon-set-3ks-45cm-sheesham\/\"]}]},{\"@type\":\"BreadcrumbList\",\"@id\":\"https:\/\/www.ikuchyne.sk\/eshop\/produkt\/konferencny-stolik-monsoon-set-3ks-45cm-sheesham\/#breadcrumb\",\"itemListElement\":[{\"@type\":\"ListItem\",\"position\":1,\"name\":\"Home\",\"item\":\"https:\/\/www.ikuchyne.sk\/eshop\/\"},{\"@type\":\"ListItem\",\"position\":2,\"name\":\"Obchod\",\"item\":\"https:\/\/www.ikuchyne.sk\/eshop\/obchod\/\"},{\"@type\":\"ListItem\",\"position\":3,\"name\":\"Konferen\u010dn\u00fd stol\u00edk Monsoon set 3ks 45cm sheesham \u00bb\"}]},{\"@type\":\"WebSite\",\"@id\":\"https:\/\/www.ikuchyne.sk\/eshop\/#website\",\"url\":\"https:\/\/www.ikuchyne.sk\/eshop\/\",\"name\":\"iKuchyne iSHOP s n\u00e1bytkom\",\"description\":\"Jed\u00e1lensk\u00e9 stoly, stoli\u010dky, n\u00e1bytok, svietidl\u00e1...\",\"publisher\":{\"@id\":\"https:\/\/www.ikuchyne.sk\/eshop\/#organization\"},\"potentialAction\":[{\"@type\":\"SearchAction\",\"target\":{\"@type\":\"EntryPoint\",\"urlTemplate\":\"https:\/\/www.ikuchyne.sk\/eshop\/?s={search_term_string}\"},\"query-input\":\"required name=search_term_string\"}],\"inLanguage\":\"sk-SK\"},{\"@type\":\"Organization\",\"@id\":\"https:\/\/www.ikuchyne.sk\/eshop\/#organization\",\"name\":\"ikuchyne!\",\"url\":\"https:\/\/www.ikuchyne.sk\/eshop\/\",\"logo\":{\"@type\":\"ImageObject\",\"inLanguage\":\"sk-SK\",\"@id\":\"https:\/\/www.ikuchyne.sk\/eshop\/#\/schema\/logo\/image\/\",\"url\":\"https:\/\/www.ikuchyne.sk\/eshop\/wp-content\/uploads\/2017\/04\/ikuchyne-logo.jpg\",\"contentUrl\":\"https:\/\/www.ikuchyne.sk\/eshop\/wp-content\/uploads\/2017\/04\/ikuchyne-logo.jpg\",\"width\":200,\"height\":48,\"caption\":\"ikuchyne!\"},\"image\":{\"@id\":\"https:\/\/www.ikuchyne.sk\/eshop\/#\/schema\/logo\/image\/\"},\"sameAs\":[\"https:\/\/www.facebook.com\/ikuchyne\/\",\"https:\/\/www.instagram.com\/ikuchyne.sk\/\",\"https:\/\/sk.pinterest.com\/ikuchynesk\/\"]}]}<\/script>\n<!-- \/ Yoast SEO plugin. -->","yoast_head_json":{"title":"Konferen\u010dn\u00fd stol\u00edk Monsoon set sheesham &#187; iKuchyne iSHOP s n\u00e1bytkom","description":"Konferen\u010dn\u00fd stol\u00edk Monsoon set 3ks 45cm sheesham \u00bb - r\u00fdchle dodanie, poradenstvo, n\u00e1bytok skladom v Bratislave s ikuchyne.sk","robots":{"index":"index","follow":"follow","max-snippet":"max-snippet:-1","max-image-preview":"max-image-preview:large","max-video-preview":"max-video-preview:-1"},"canonical":"https:\/\/www.ikuchyne.sk\/eshop\/produkt\/konferencny-stolik-monsoon-set-3ks-45cm-sheesham\/","og_locale":"sk_SK","og_type":"article","og_title":"Konferen\u010dn\u00fd stol\u00edk Monsoon set sheesham &#187; iKuchyne iSHOP s n\u00e1bytkom","og_description":"Konferen\u010dn\u00fd stol\u00edk Monsoon set 3ks 45cm sheesham \u00bb - r\u00fdchle dodanie, poradenstvo, n\u00e1bytok skladom v Bratislave s ikuchyne.sk","og_url":"https:\/\/www.ikuchyne.sk\/eshop\/produkt\/konferencny-stolik-monsoon-set-3ks-45cm-sheesham\/","og_site_name":"iKuchyne iSHOP s n\u00e1bytkom","article_publisher":"https:\/\/www.facebook.com\/ikuchyne\/","article_modified_time":"2021-04-13T14:00:08+00:00","og_image":[{"width":800,"height":533,"url":"https:\/\/www.ikuchyne.sk\/eshop\/wp-content\/uploads\/2020\/11\/Konferen\u010dn\u00fd-stol\u00edk-Monsoon-set-3ks-45cm-sheesham-40794.jpg","type":"image\/jpeg"}],"twitter_card":"summary_large_image","twitter_misc":{"Predpokladan\u00fd \u010das \u010d\u00edtania":"1 min\u00fata"},"schema":{"@context":"https:\/\/schema.org","@graph":[{"@type":"WebPage","@id":"https:\/\/www.ikuchyne.sk\/eshop\/produkt\/konferencny-stolik-monsoon-set-3ks-45cm-sheesham\/","url":"https:\/\/www.ikuchyne.sk\/eshop\/produkt\/konferencny-stolik-monsoon-set-3ks-45cm-sheesham\/","name":"Konferen\u010dn\u00fd stol\u00edk Monsoon set sheesham &#187; iKuchyne iSHOP s n\u00e1bytkom","isPartOf":{"@id":"https:\/\/www.ikuchyne.sk\/eshop\/#website"},"datePublished":"2021-03-03T14:44:00+00:00","dateModified":"2021-04-13T14:00:08+00:00","description":"Konferen\u010dn\u00fd stol\u00edk Monsoon set 3ks 45cm sheesham \u00bb - r\u00fdchle dodanie, poradenstvo, n\u00e1bytok skladom v Bratislave s ikuchyne.sk","breadcrumb":{"@id":"https:\/\/www.ikuchyne.sk\/eshop\/produkt\/konferencny-stolik-monsoon-set-3ks-45cm-sheesham\/#breadcrumb"},"inLanguage":"sk-SK","potentialAction":[{"@type":"ReadAction","target":["https:\/\/www.ikuchyne.sk\/eshop\/produkt\/konferencny-stolik-monsoon-set-3ks-45cm-sheesham\/"]}]},{"@type":"BreadcrumbList","@id":"https:\/\/www.ikuchyne.sk\/eshop\/produkt\/konferencny-stolik-monsoon-set-3ks-45cm-sheesham\/#breadcrumb","itemListElement":[{"@type":"ListItem","position":1,"name":"Home","item":"https:\/\/www.ikuchyne.sk\/eshop\/"},{"@type":"ListItem","position":2,"name":"Obchod","item":"https:\/\/www.ikuchyne.sk\/eshop\/obchod\/"},{"@type":"ListItem","position":3,"name":"Konferen\u010dn\u00fd stol\u00edk Monsoon set 3ks 45cm sheesham \u00bb"}]},{"@type":"WebSite","@id":"https:\/\/www.ikuchyne.sk\/eshop\/#website","url":"https:\/\/www.ikuchyne.sk\/eshop\/","name":"iKuchyne iSHOP s n\u00e1bytkom","description":"Jed\u00e1lensk\u00e9 stoly, stoli\u010dky, n\u00e1bytok, svietidl\u00e1...","publisher":{"@id":"https:\/\/www.ikuchyne.sk\/eshop\/#organization"},"potentialAction":[{"@type":"SearchAction","target":{"@type":"EntryPoint","urlTemplate":"https:\/\/www.ikuchyne.sk\/eshop\/?s={search_term_string}"},"query-input":"required name=search_term_string"}],"inLanguage":"sk-SK"},{"@type":"Organization","@id":"https:\/\/www.ikuchyne.sk\/eshop\/#organization","name":"ikuchyne!","url":"https:\/\/www.ikuchyne.sk\/eshop\/","logo":{"@type":"ImageObject","inLanguage":"sk-SK","@id":"https:\/\/www.ikuchyne.sk\/eshop\/#\/schema\/logo\/image\/","url":"https:\/\/www.ikuchyne.sk\/eshop\/wp-content\/uploads\/2017\/04\/ikuchyne-logo.jpg","contentUrl":"https:\/\/www.ikuchyne.sk\/eshop\/wp-content\/uploads\/2017\/04\/ikuchyne-logo.jpg","width":200,"height":48,"caption":"ikuchyne!"},"image":{"@id":"https:\/\/www.ikuchyne.sk\/eshop\/#\/schema\/logo\/image\/"},"sameAs":["https:\/\/www.facebook.com\/ikuchyne\/","https:\/\/www.instagram.com\/ikuchyne.sk\/","https:\/\/sk.pinterest.com\/ikuchynesk\/"]}]}},"_links":{"self":[{"href":"https:\/\/www.ikuchyne.sk\/eshop\/wp-json\/wp\/v2\/product\/147840"}],"collection":[{"href":"https:\/\/www.ikuchyne.sk\/eshop\/wp-json\/wp\/v2\/product"}],"about":[{"href":"https:\/\/www.ikuchyne.sk\/eshop\/wp-json\/wp\/v2\/types\/product"}],"replies":[{"embeddable":true,"href":"https:\/\/www.ikuchyne.sk\/eshop\/wp-json\/wp\/v2\/comments?post=147840"}],"wp:featuredmedia":[{"embeddable":true,"href":"https:\/\/www.ikuchyne.sk\/eshop\/wp-json\/wp\/v2\/media\/147841"}],"wp:attachment":[{"href":"https:\/\/www.ikuchyne.sk\/eshop\/wp-json\/wp\/v2\/media?parent=147840"}],"wp:term":[{"taxonomy":"product_cat","embeddable":true,"href":"https:\/\/www.ikuchyne.sk\/eshop\/wp-json\/wp\/v2\/product_cat?post=147840"},{"taxonomy":"product_tag","embeddable":true,"href":"https:\/\/www.ikuchyne.sk\/eshop\/wp-json\/wp\/v2\/product_tag?post=147840"}],"curies":[{"name":"wp","href":"https:\/\/api.w.org\/{rel}","templated":true}]}}