{"id":147890,"date":"2021-03-03T15:24:23","date_gmt":"2021-03-03T14:24:23","guid":{"rendered":"https:\/\/www.ikuchyne.sk\/eshop\/?post_type=product&#038;p=147890"},"modified":"2024-01-30T08:15:33","modified_gmt":"2024-01-30T07:15:33","slug":"stolicka-castle-lan-bezova","status":"publish","type":"product","link":"https:\/\/www.ikuchyne.sk\/eshop\/produkt\/stolicka-castle-lan-bezova\/","title":{"rendered":"Stoli\u010dka Castle \u013ean b\u00e9\u017eov\u00e1 \u00bb"},"content":{"rendered":"<h1>Stoli\u010dka Castle \u013ean b\u00e9\u017eov\u00e1 \u00bb<\/h1>\n<h4><strong>V\u0161eobecn\u00fd popis:<\/strong><\/h4>\n<p>Na prv\u00fd poh\u013ead pohodln\u00e1 stoli\u010dka Castle \u013ean b\u00e9\u017eov\u00e1 v \u00fatulnom vidieckom \u0161t\u00fdle s kvalitn\u00fdm \u010dal\u00fanen\u00edm a elegantn\u00fdm ozdobn\u00fdm pre\u0161\u00edvan\u00edm Chesterfield. Stabiln\u00e9 nohy z mas\u00edvneho dreva pre optim\u00e1lne st\u00e1tie. Vylep\u0161ite svoj jed\u00e1lensk\u00fd priestor nad\u010dasovou stoli\u010dkou!<\/p>\n<p>Pre svetl\u00fa a priate\u013esk\u00fa atmosf\u00e9ru. Posa\u010fte sa a te\u0161te sa na nov\u00e9 ob\u013e\u00faben\u00e9 miesto pri jed\u00e1lenskom stole! Na\u0161a pohodln\u00e1 stoli\u010dka Castle \u013ean b\u00e9\u017eov\u00e1 kombinuje maxim\u00e1lny komfort sedenia s elegantn\u00fdm, \u00fatuln\u00fdm dizajnom. Vysok\u00fd komfort zais\u0165uje vysok\u00e9 operadlo a opierky, ktor\u00e9 s\u00fa tie\u017e opatren\u00e9 kr\u00e1snymi ozdobn\u00fdmi gomb\u00edkmi, ktor\u00e9 pripom\u00ednaj\u00fa svetozn\u00e1my dizajn Chesterfield. B\u00e9\u017eov\u00e1 po\u0165ahov\u00e1 l\u00e1tka a dreven\u00e9 no\u017ei\u010dky naopak dod\u00e1vaj\u00fa stoli\u010dke p\u00f4vabn\u00fd vzh\u013ead vidieckeho domu.<\/p>\n<p>Vidiecky \u0161t\u00fdl je klasick\u00fd a nad\u010dasov\u00fd z\u00e1rove\u0148! Elegantn\u00e9 stoli\u010dky vy\u017earuj\u00fa ur\u010dit\u00fa \u013eahkos\u0165 a daj\u00fa sa \u00fa\u017easne kombinova\u0165 s r\u00f4znymi jed\u00e1lensk\u00fdmi stolmi. Pohodlne \u010dal\u00fanen\u00e1 stoli\u010dka vyzer\u00e1 obzvl\u00e1\u0161\u0165 kr\u00e1sne za ak\u00fdmko\u013evek jed\u00e1lensk\u00fdm stolom. Stoli\u010dku taktie\u017e m\u00f4\u017eete umiestni\u0165 ako pohodln\u00fa stoli\u010dku v \u0161atni alebo si nimi vybavi\u0165 svoju dom\u00e1cu pracov\u0148u. T\u00fato kr\u00e1snu stoli\u010dku m\u00f4\u017eete kombinova\u0165 s r\u00f4znymi jed\u00e1lensk\u00fdmi stolmi, ktor\u00e9 n\u00e1jdete na na\u0161om e-shope v sekcii stoly alebo bytov\u00fdmi doplnkami v sekcii Bytov\u00e9 doplnky. Na\u0161i odborn\u00edci v\u00e1m radi pom\u00f4\u017eu pri v\u00fdbere a k\u00fape tej spr\u00e1vnej kombin\u00e1cie doplnkov a n\u00e1bytku.<\/p>\n<h4>Dedaily produktu:<\/h4>\n<p>Dizajn sa dokonale hod\u00ed k dom\u00e1ckemu \u0161t\u00fdlu vidieckeho domu. U\u0161\u013eachtil\u00e9 ozdobn\u00e9 gomb\u00edky v \u0161t\u00fdle Chesterfield s\u00fa \u0161peci\u00e1lnym p\u00fata\u010dom pozornosti. Vysok\u00e9 operadlo a lak\u0165ov\u00e9 opierky zais\u0165uj\u00fa maxim\u00e1lne pohodlie. Max. nosnos\u0165: 110 kg.<\/p>\n<p><strong>\u010eal\u0161ie inform\u00e1cie:<br \/>\n<\/strong>Kvalitn\u00e9 dizajnov\u00e9 pre\u0161itie, komfortn\u00e9 sedenie a nen\u00e1ro\u010dnos\u0165 na \u00fadr\u017ebu tvoria z tejto stoli\u010dky jedine\u010dn\u00fd kus n\u00e1bytku , ktor\u00fd zapadne do vidieckeho \u0161t\u00fdlu. O\u0161etrujeme vlhkou handri\u010dkou a vysu\u0161\u00edme dosucha.<\/p>\n<p><strong>Rozmery (cca):<\/strong><br \/>\n57cm x 96cm x 63cm (\u0160xVxH)<\/p>\n<p><b>Farba:\u00a0<\/b>b\u00e9\u017eov\u00e1, pr\u00edrodn\u00e1 &#8211; Vidiecky \u0161t\u00fdl<br \/>\n<b>Materi\u00e1l:<\/b><br \/>\nPo\u0165ah: \u013ean, 100% \u013ean<br \/>\nNohy: mas\u00edvne drevo, guma<\/p>\n<p><strong>T\u00fato jed\u00e1lensk\u00fa stoli\u010dku m\u00f4\u017eete n\u00e1js\u0165 aj v in\u00fdch farebn\u00fdch prevedeniach:<\/strong><\/p>\n<ul>\n<li>hned\u00e1<\/li>\n<li>svetlo\u0161ed\u00e1<\/li>\n<\/ul>\n<p>Dodato\u010dn\u00e9 inform\u00e1cie:<\/p>\n<p>V pr\u00edpade z\u00e1ujmu o in\u00e9 stoli\u010dky &#8211; jed\u00e1lensk\u00e9, barov\u00e9, kancel\u00e1rske, nav\u0161t\u00edvte sekciu stoli\u010dky na <a href=\"https:\/\/www.ikuchyne.sk\/eshop\/kategoria\/stolicky\/\">www.ikuchyne.sk\/eshop<\/a><br \/>\nV pr\u00edpade z\u00e1ujmu o n\u00e1bytok na mieru n\u00e1s kontaktuje na <a href=\"http:\/\/www.ikuchyne.sk\">www.ikuchyne.sk<\/a><\/p>\n","protected":false},"excerpt":{"rendered":"<p>Stoli\u010dka Castle \u013ean b\u00e9\u017eov\u00e1 \u00bb V\u0161eobecn\u00fd popis: Na prv\u00fd poh\u013ead pohodln\u00e1 stoli\u010dka Castle \u013ean b\u00e9\u017eov\u00e1 v \u00fatulnom vidieckom \u0161t\u00fdle s kvalitn\u00fdm \u010dal\u00fanen\u00edm a elegantn\u00fdm ozdobn\u00fdm pre\u0161\u00edvan\u00edm Chesterfield. Stabiln\u00e9 nohy z<\/p>\n","protected":false},"featured_media":147891,"comment_status":"closed","ping_status":"closed","template":"","meta":[],"product_cat":[772,288,310,823,829,821],"product_tag":[259],"yoast_head":"<!-- This site is optimized with the Yoast SEO plugin v22.1 - https:\/\/yoast.com\/wordpress\/plugins\/seo\/ -->\n<title>Stoli\u010dka Castle \u013ean b\u00e9\u017eov\u00e1 \u00bb &#187; iKuchyne iSHOP s n\u00e1bytkom<\/title>\n<meta name=\"description\" content=\"Stoli\u010dka Castle \u013ean b\u00e9\u017eov\u00e1 \u00bb r\u00fdchle dodanie, poradenstvo, n\u00e1bytok skladom, ktor\u00e1 bude dominantou dom\u00e1cnosti s ikuchyne.sk\" \/>\n<meta name=\"robots\" content=\"index, follow, max-snippet:-1, max-image-preview:large, max-video-preview:-1\" \/>\n<link rel=\"canonical\" href=\"https:\/\/www.ikuchyne.sk\/eshop\/produkt\/stolicka-castle-lan-bezova\/\" \/>\n<meta property=\"og:locale\" content=\"sk_SK\" \/>\n<meta property=\"og:type\" content=\"article\" \/>\n<meta property=\"og:title\" content=\"Stoli\u010dka Castle \u013ean b\u00e9\u017eov\u00e1 \u00bb &#187; iKuchyne iSHOP s n\u00e1bytkom\" \/>\n<meta property=\"og:description\" content=\"Stoli\u010dka Castle \u013ean b\u00e9\u017eov\u00e1 \u00bb r\u00fdchle dodanie, poradenstvo, n\u00e1bytok skladom, ktor\u00e1 bude dominantou dom\u00e1cnosti s ikuchyne.sk\" \/>\n<meta property=\"og:url\" content=\"https:\/\/www.ikuchyne.sk\/eshop\/produkt\/stolicka-castle-lan-bezova\/\" \/>\n<meta property=\"og:site_name\" content=\"iKuchyne iSHOP s n\u00e1bytkom\" \/>\n<meta property=\"article:publisher\" content=\"https:\/\/www.facebook.com\/ikuchyne\/\" \/>\n<meta property=\"article:modified_time\" content=\"2024-01-30T07:15:33+00:00\" \/>\n<meta property=\"og:image\" content=\"https:\/\/www.ikuchyne.sk\/eshop\/wp-content\/uploads\/2020\/11\/Stoli\u010dka-Castle-pl\u00e1tno-b\u00e9\u017eov\u00e1-Komfortgriff-40467.jpg\" \/>\n\t<meta property=\"og:image:width\" content=\"800\" \/>\n\t<meta property=\"og:image:height\" content=\"533\" \/>\n\t<meta property=\"og:image:type\" content=\"image\/jpeg\" \/>\n<meta name=\"twitter:card\" content=\"summary_large_image\" \/>\n<meta name=\"twitter:label1\" content=\"Predpokladan\u00fd \u010das \u010d\u00edtania\" \/>\n\t<meta name=\"twitter:data1\" content=\"2 min\u00faty\" \/>\n<script type=\"application\/ld+json\" class=\"yoast-schema-graph\">{\"@context\":\"https:\/\/schema.org\",\"@graph\":[{\"@type\":\"WebPage\",\"@id\":\"https:\/\/www.ikuchyne.sk\/eshop\/produkt\/stolicka-castle-lan-bezova\/\",\"url\":\"https:\/\/www.ikuchyne.sk\/eshop\/produkt\/stolicka-castle-lan-bezova\/\",\"name\":\"Stoli\u010dka Castle \u013ean b\u00e9\u017eov\u00e1 \u00bb &#187; iKuchyne iSHOP s n\u00e1bytkom\",\"isPartOf\":{\"@id\":\"https:\/\/www.ikuchyne.sk\/eshop\/#website\"},\"datePublished\":\"2021-03-03T14:24:23+00:00\",\"dateModified\":\"2024-01-30T07:15:33+00:00\",\"description\":\"Stoli\u010dka Castle \u013ean b\u00e9\u017eov\u00e1 \u00bb r\u00fdchle dodanie, poradenstvo, n\u00e1bytok skladom, ktor\u00e1 bude dominantou dom\u00e1cnosti s ikuchyne.sk\",\"breadcrumb\":{\"@id\":\"https:\/\/www.ikuchyne.sk\/eshop\/produkt\/stolicka-castle-lan-bezova\/#breadcrumb\"},\"inLanguage\":\"sk-SK\",\"potentialAction\":[{\"@type\":\"ReadAction\",\"target\":[\"https:\/\/www.ikuchyne.sk\/eshop\/produkt\/stolicka-castle-lan-bezova\/\"]}]},{\"@type\":\"BreadcrumbList\",\"@id\":\"https:\/\/www.ikuchyne.sk\/eshop\/produkt\/stolicka-castle-lan-bezova\/#breadcrumb\",\"itemListElement\":[{\"@type\":\"ListItem\",\"position\":1,\"name\":\"Home\",\"item\":\"https:\/\/www.ikuchyne.sk\/eshop\/\"},{\"@type\":\"ListItem\",\"position\":2,\"name\":\"Obchod\",\"item\":\"https:\/\/www.ikuchyne.sk\/eshop\/obchod\/\"},{\"@type\":\"ListItem\",\"position\":3,\"name\":\"Stoli\u010dka Castle \u013ean b\u00e9\u017eov\u00e1 \u00bb\"}]},{\"@type\":\"WebSite\",\"@id\":\"https:\/\/www.ikuchyne.sk\/eshop\/#website\",\"url\":\"https:\/\/www.ikuchyne.sk\/eshop\/\",\"name\":\"iKuchyne iSHOP s n\u00e1bytkom\",\"description\":\"Jed\u00e1lensk\u00e9 stoly, stoli\u010dky, n\u00e1bytok, svietidl\u00e1...\",\"publisher\":{\"@id\":\"https:\/\/www.ikuchyne.sk\/eshop\/#organization\"},\"potentialAction\":[{\"@type\":\"SearchAction\",\"target\":{\"@type\":\"EntryPoint\",\"urlTemplate\":\"https:\/\/www.ikuchyne.sk\/eshop\/?s={search_term_string}\"},\"query-input\":\"required name=search_term_string\"}],\"inLanguage\":\"sk-SK\"},{\"@type\":\"Organization\",\"@id\":\"https:\/\/www.ikuchyne.sk\/eshop\/#organization\",\"name\":\"ikuchyne!\",\"url\":\"https:\/\/www.ikuchyne.sk\/eshop\/\",\"logo\":{\"@type\":\"ImageObject\",\"inLanguage\":\"sk-SK\",\"@id\":\"https:\/\/www.ikuchyne.sk\/eshop\/#\/schema\/logo\/image\/\",\"url\":\"https:\/\/www.ikuchyne.sk\/eshop\/wp-content\/uploads\/2017\/04\/ikuchyne-logo.jpg\",\"contentUrl\":\"https:\/\/www.ikuchyne.sk\/eshop\/wp-content\/uploads\/2017\/04\/ikuchyne-logo.jpg\",\"width\":200,\"height\":48,\"caption\":\"ikuchyne!\"},\"image\":{\"@id\":\"https:\/\/www.ikuchyne.sk\/eshop\/#\/schema\/logo\/image\/\"},\"sameAs\":[\"https:\/\/www.facebook.com\/ikuchyne\/\",\"https:\/\/www.instagram.com\/ikuchyne.sk\/\",\"https:\/\/sk.pinterest.com\/ikuchynesk\/\"]}]}<\/script>\n<!-- \/ Yoast SEO plugin. -->","yoast_head_json":{"title":"Stoli\u010dka Castle \u013ean b\u00e9\u017eov\u00e1 \u00bb &#187; iKuchyne iSHOP s n\u00e1bytkom","description":"Stoli\u010dka Castle \u013ean b\u00e9\u017eov\u00e1 \u00bb r\u00fdchle dodanie, poradenstvo, n\u00e1bytok skladom, ktor\u00e1 bude dominantou dom\u00e1cnosti s ikuchyne.sk","robots":{"index":"index","follow":"follow","max-snippet":"max-snippet:-1","max-image-preview":"max-image-preview:large","max-video-preview":"max-video-preview:-1"},"canonical":"https:\/\/www.ikuchyne.sk\/eshop\/produkt\/stolicka-castle-lan-bezova\/","og_locale":"sk_SK","og_type":"article","og_title":"Stoli\u010dka Castle \u013ean b\u00e9\u017eov\u00e1 \u00bb &#187; iKuchyne iSHOP s n\u00e1bytkom","og_description":"Stoli\u010dka Castle \u013ean b\u00e9\u017eov\u00e1 \u00bb r\u00fdchle dodanie, poradenstvo, n\u00e1bytok skladom, ktor\u00e1 bude dominantou dom\u00e1cnosti s ikuchyne.sk","og_url":"https:\/\/www.ikuchyne.sk\/eshop\/produkt\/stolicka-castle-lan-bezova\/","og_site_name":"iKuchyne iSHOP s n\u00e1bytkom","article_publisher":"https:\/\/www.facebook.com\/ikuchyne\/","article_modified_time":"2024-01-30T07:15:33+00:00","og_image":[{"width":800,"height":533,"url":"https:\/\/www.ikuchyne.sk\/eshop\/wp-content\/uploads\/2020\/11\/Stoli\u010dka-Castle-pl\u00e1tno-b\u00e9\u017eov\u00e1-Komfortgriff-40467.jpg","type":"image\/jpeg"}],"twitter_card":"summary_large_image","twitter_misc":{"Predpokladan\u00fd \u010das \u010d\u00edtania":"2 min\u00faty"},"schema":{"@context":"https:\/\/schema.org","@graph":[{"@type":"WebPage","@id":"https:\/\/www.ikuchyne.sk\/eshop\/produkt\/stolicka-castle-lan-bezova\/","url":"https:\/\/www.ikuchyne.sk\/eshop\/produkt\/stolicka-castle-lan-bezova\/","name":"Stoli\u010dka Castle \u013ean b\u00e9\u017eov\u00e1 \u00bb &#187; iKuchyne iSHOP s n\u00e1bytkom","isPartOf":{"@id":"https:\/\/www.ikuchyne.sk\/eshop\/#website"},"datePublished":"2021-03-03T14:24:23+00:00","dateModified":"2024-01-30T07:15:33+00:00","description":"Stoli\u010dka Castle \u013ean b\u00e9\u017eov\u00e1 \u00bb r\u00fdchle dodanie, poradenstvo, n\u00e1bytok skladom, ktor\u00e1 bude dominantou dom\u00e1cnosti s ikuchyne.sk","breadcrumb":{"@id":"https:\/\/www.ikuchyne.sk\/eshop\/produkt\/stolicka-castle-lan-bezova\/#breadcrumb"},"inLanguage":"sk-SK","potentialAction":[{"@type":"ReadAction","target":["https:\/\/www.ikuchyne.sk\/eshop\/produkt\/stolicka-castle-lan-bezova\/"]}]},{"@type":"BreadcrumbList","@id":"https:\/\/www.ikuchyne.sk\/eshop\/produkt\/stolicka-castle-lan-bezova\/#breadcrumb","itemListElement":[{"@type":"ListItem","position":1,"name":"Home","item":"https:\/\/www.ikuchyne.sk\/eshop\/"},{"@type":"ListItem","position":2,"name":"Obchod","item":"https:\/\/www.ikuchyne.sk\/eshop\/obchod\/"},{"@type":"ListItem","position":3,"name":"Stoli\u010dka Castle \u013ean b\u00e9\u017eov\u00e1 \u00bb"}]},{"@type":"WebSite","@id":"https:\/\/www.ikuchyne.sk\/eshop\/#website","url":"https:\/\/www.ikuchyne.sk\/eshop\/","name":"iKuchyne iSHOP s n\u00e1bytkom","description":"Jed\u00e1lensk\u00e9 stoly, stoli\u010dky, n\u00e1bytok, svietidl\u00e1...","publisher":{"@id":"https:\/\/www.ikuchyne.sk\/eshop\/#organization"},"potentialAction":[{"@type":"SearchAction","target":{"@type":"EntryPoint","urlTemplate":"https:\/\/www.ikuchyne.sk\/eshop\/?s={search_term_string}"},"query-input":"required name=search_term_string"}],"inLanguage":"sk-SK"},{"@type":"Organization","@id":"https:\/\/www.ikuchyne.sk\/eshop\/#organization","name":"ikuchyne!","url":"https:\/\/www.ikuchyne.sk\/eshop\/","logo":{"@type":"ImageObject","inLanguage":"sk-SK","@id":"https:\/\/www.ikuchyne.sk\/eshop\/#\/schema\/logo\/image\/","url":"https:\/\/www.ikuchyne.sk\/eshop\/wp-content\/uploads\/2017\/04\/ikuchyne-logo.jpg","contentUrl":"https:\/\/www.ikuchyne.sk\/eshop\/wp-content\/uploads\/2017\/04\/ikuchyne-logo.jpg","width":200,"height":48,"caption":"ikuchyne!"},"image":{"@id":"https:\/\/www.ikuchyne.sk\/eshop\/#\/schema\/logo\/image\/"},"sameAs":["https:\/\/www.facebook.com\/ikuchyne\/","https:\/\/www.instagram.com\/ikuchyne.sk\/","https:\/\/sk.pinterest.com\/ikuchynesk\/"]}]}},"_links":{"self":[{"href":"https:\/\/www.ikuchyne.sk\/eshop\/wp-json\/wp\/v2\/product\/147890"}],"collection":[{"href":"https:\/\/www.ikuchyne.sk\/eshop\/wp-json\/wp\/v2\/product"}],"about":[{"href":"https:\/\/www.ikuchyne.sk\/eshop\/wp-json\/wp\/v2\/types\/product"}],"replies":[{"embeddable":true,"href":"https:\/\/www.ikuchyne.sk\/eshop\/wp-json\/wp\/v2\/comments?post=147890"}],"wp:featuredmedia":[{"embeddable":true,"href":"https:\/\/www.ikuchyne.sk\/eshop\/wp-json\/wp\/v2\/media\/147891"}],"wp:attachment":[{"href":"https:\/\/www.ikuchyne.sk\/eshop\/wp-json\/wp\/v2\/media?parent=147890"}],"wp:term":[{"taxonomy":"product_cat","embeddable":true,"href":"https:\/\/www.ikuchyne.sk\/eshop\/wp-json\/wp\/v2\/product_cat?post=147890"},{"taxonomy":"product_tag","embeddable":true,"href":"https:\/\/www.ikuchyne.sk\/eshop\/wp-json\/wp\/v2\/product_tag?post=147890"}],"curies":[{"name":"wp","href":"https:\/\/api.w.org\/{rel}","templated":true}]}}