{"id":147898,"date":"2021-03-03T14:17:00","date_gmt":"2021-03-03T13:17:00","guid":{"rendered":"https:\/\/www.ikuchyne.sk\/eshop\/?post_type=product&#038;p=147898"},"modified":"2021-03-18T06:26:12","modified_gmt":"2021-03-18T05:26:12","slug":"konferencny-stolik-noble-i-zeleny-mramor","status":"publish","type":"product","link":"https:\/\/www.ikuchyne.sk\/eshop\/produkt\/konferencny-stolik-noble-i-zeleny-mramor\/","title":{"rendered":"Konferen\u010dn\u00fd stol\u00edk Noble I zelen\u00fd mramor \u00bb"},"content":{"rendered":"<h1>Konferen\u010dn\u00fd stol\u00edk Noble I zelen\u00fd mramor \u00bb<\/h1>\n<h4><strong>V\u0161eobecn\u00fd popis:<\/strong><\/h4>\n<p>O\u010daruj\u00faci Konferen\u010dn\u00fd stol\u00edk Noble I zelen\u00fd mramor s odn\u00edmate\u013enou mramorovou doskou. Kr\u00e1sny vzh\u013ead stolovej dosky je v\u017edy jedine\u010dn\u00fd. Zlat\u00fd r\u00e1m je mo\u017en\u00e9 pre \u00fasporu miesta sklopi\u0165. Doprajte si s origin\u00e1lnym k\u00faskom skuto\u010dne jedine\u010dn\u00fd k\u00fasok do svojho domova!<\/p>\n<p>Najkvalitnej\u0161ie materi\u00e1ly v perfektnom dizajne. Absol\u00fatnym p\u00fata\u010dom pozornosti tohto extravagantn\u00e9ho konferen\u010dn\u00e9ho stol\u00edka je bezpochyby okr\u00fahla doska stola zo zelen\u00e9ho mramoru. Mramor, ktor\u00fd je starostlivo vyle\u0161ten\u00fd, \u017eiari ako \u017eiadny in\u00fd pr\u00edrodn\u00fd produkt a odha\u013euje svoje individu\u00e1lne zrno, ktor\u00e9 vzniklo po\u010das tis\u00edcro\u010d\u00ed geologick\u00fdch procesov. Zd\u00e1 sa, \u017ee po\u010detn\u00e9 zelen\u00e9 nuansy mramoru sa navz\u00e1jom prel\u00ednaj\u00fa ako jemn\u00e9 vlny a v\u00fdsledkom je jedine\u010dn\u00fd vzor, \u200b\u200bktor\u00fd rob\u00ed ka\u017ed\u00fd pr\u00edru\u010dn\u00fd stol\u00edk jedine\u010dn\u00fdm.<\/p>\n<p>Tento Konferen\u010dn\u00fd stol\u00edk Noble I zelen\u00fd mramor sa vyzna\u010duje \u0161t\u00fdlovou \u013eahkos\u0165ou. Okr\u00fahly mramorov\u00fd disk, ktor\u00fd mo\u017eno po vybrat\u00ed tie\u017e \u00fa\u017easne pou\u017ei\u0165 ako podnos, nesie kovov\u00fd r\u00e1m v zlatistom vzh\u013eade. Kombin\u00e1cia ru\u010dne vyrobenej kamennej dosky a jemn\u00e9ho r\u00e1mu sp\u00f4sobuje, \u017ee st\u00f4l vyzer\u00e1 p\u00f4sobivo. Ka\u017ed\u00fd st\u00f4l in\u0161piruje ve\u013emi individu\u00e1lnou farebnou kresbou a autentick\u00fdmi kamenn\u00fdmi prvkami, ako s\u00fa mal\u00e9 hr\u010dky alebo inkl\u00fazie &#8211; te\u0161te sa na jedine\u010dn\u00fd k\u00fasok vo va\u0161ej dom\u00e1cnosti!<\/p>\n<p><strong>Detaily produktu:<\/strong><\/p>\n<p>Jedine\u010dn\u00fd vzh\u013ead mramoru rob\u00ed zo stola \u00fa\u017easn\u00fd jedine\u010dn\u00fd k\u00fasok. Vrch je odn\u00edmate\u013en\u00fd a r\u00e1m je mo\u017en\u00e9 sklopi\u0165. Ve\u013ea odtie\u0148ov zelenej vytv\u00e1ra vzru\u0161uj\u00faci vzor. Vhodn\u00e9 bytov\u00e9 doplnky pre kombinovanie interi\u00e9ru s t\u00fdmto konferen\u010dn\u00fdm stol\u00edkom n\u00e1jdete na na\u0161om e-shope v sekcii Bytov\u00e9 doplnky. Kontaktujte n\u00e1s a my v\u00e1m radi pom\u00f4\u017eeme s v\u00fdberom vhodn\u00fdch dekor\u00e1ci\u00ed.<\/p>\n<p><strong>Rozmery (cca):<\/strong><br \/>\n35cm x 62cm x 35cm (\u0160xVxH)<br \/>\n<strong>Doska:<\/strong> 32cm x 2cm x 32cm (\u0160xVxH)<\/p>\n<p><b>Farba:\u00a0<\/b>zelen\u00e1, mramor<br \/>\n<b>Materi\u00e1l: <\/b><br \/>\nDoska: mramor, vyle\u0161ten\u00e9<br \/>\nR\u00e1m: kov<\/p>\n<p><strong>Tento konferen\u010dn\u00fd stol\u00edk m\u00f4\u017eete n\u00e1js\u0165 aj v t\u00fdchto farebn\u00fdch prevedeniach:<\/strong><\/p>\n<ul>\n<li>siv\u00fd strieborn\u00fd<\/li>\n<li>modro-zlat\u00fd Ach\u00e1t<\/li>\n<li>strieborn\u00fd<\/li>\n<li>had\u00ed vzor<\/li>\n<li>biely strieborn\u00fd<\/li>\n<\/ul>\n<p>Dodato\u010dn\u00e9 inform\u00e1cie:<\/p>\n<p>V pr\u00edpade z\u00e1ujmu o in\u00e9 stoly ako toaletn\u00e9, p\u00edsacie, konferen\u010dn\u00e9 stol\u00edky \u010di jed\u00e1lensk\u00e9 stoly, nav\u0161t\u00edvte sekciu stoly na <a href=\"https:\/\/www.ikuchyne.sk\/eshop\/kategoria\/stoly\/\">www.ikuchyne.sk\/eshop<\/a><br \/>\nV pr\u00edpade z\u00e1ujmu o n\u00e1bytok na mieru n\u00e1s kontaktuje na <a href=\"http:\/\/www.ikuchyne.sk\">www.ikuchyne.sk<\/a><\/p>\n","protected":false},"excerpt":{"rendered":"<p>Konferen\u010dn\u00fd stol\u00edk Noble I zelen\u00fd mramor \u00bb V\u0161eobecn\u00fd popis: O\u010daruj\u00faci Konferen\u010dn\u00fd stol\u00edk Noble I zelen\u00fd mramor s odn\u00edmate\u013enou mramorovou doskou. Kr\u00e1sny vzh\u013ead stolovej dosky je v\u017edy jedine\u010dn\u00fd. Zlat\u00fd r\u00e1m je<\/p>\n","protected":false},"featured_media":147899,"comment_status":"closed","ping_status":"closed","template":"","meta":[],"product_cat":[304,836,772,841,287],"product_tag":[2943,263],"yoast_head":"<!-- This site is optimized with the Yoast SEO plugin v22.1 - https:\/\/yoast.com\/wordpress\/plugins\/seo\/ -->\n<title>Konferen\u010dn\u00fd stol\u00edk Noble I zelen\u00fd mramor \u00bb &#187; iKuchyne iSHOP s n\u00e1bytkom<\/title>\n<meta name=\"description\" content=\"Konferen\u010dn\u00fd stol\u00edk Noble I zelen\u00fd mramor \u00bb r\u00fdchle dodanie, poradenstvo, n\u00e1bytok skladom, ktor\u00e1 bude dominantou dom\u00e1cnosti s ikuchyne.sk\" \/>\n<meta name=\"robots\" content=\"index, follow, max-snippet:-1, max-image-preview:large, max-video-preview:-1\" \/>\n<link rel=\"canonical\" href=\"https:\/\/www.ikuchyne.sk\/eshop\/produkt\/konferencny-stolik-noble-i-zeleny-mramor\/\" \/>\n<meta property=\"og:locale\" content=\"sk_SK\" \/>\n<meta property=\"og:type\" content=\"article\" \/>\n<meta property=\"og:title\" content=\"Konferen\u010dn\u00fd stol\u00edk Noble I zelen\u00fd mramor \u00bb &#187; iKuchyne iSHOP s n\u00e1bytkom\" \/>\n<meta property=\"og:description\" content=\"Konferen\u010dn\u00fd stol\u00edk Noble I zelen\u00fd mramor \u00bb r\u00fdchle dodanie, poradenstvo, n\u00e1bytok skladom, ktor\u00e1 bude dominantou dom\u00e1cnosti s ikuchyne.sk\" \/>\n<meta property=\"og:url\" content=\"https:\/\/www.ikuchyne.sk\/eshop\/produkt\/konferencny-stolik-noble-i-zeleny-mramor\/\" \/>\n<meta property=\"og:site_name\" content=\"iKuchyne iSHOP s n\u00e1bytkom\" \/>\n<meta property=\"article:publisher\" content=\"https:\/\/www.facebook.com\/ikuchyne\/\" \/>\n<meta property=\"article:modified_time\" content=\"2021-03-18T05:26:12+00:00\" \/>\n<meta property=\"og:image\" content=\"https:\/\/www.ikuchyne.sk\/eshop\/wp-content\/uploads\/2020\/11\/Konferen\u010dn\u00fd-stol\u00edk-Noble-I-zelen\u00e1er-mramor-40366.jpg\" \/>\n\t<meta property=\"og:image:width\" content=\"800\" \/>\n\t<meta property=\"og:image:height\" content=\"533\" \/>\n\t<meta property=\"og:image:type\" content=\"image\/jpeg\" \/>\n<meta name=\"twitter:card\" content=\"summary_large_image\" \/>\n<meta name=\"twitter:label1\" content=\"Predpokladan\u00fd \u010das \u010d\u00edtania\" \/>\n\t<meta name=\"twitter:data1\" content=\"2 min\u00faty\" \/>\n<script type=\"application\/ld+json\" class=\"yoast-schema-graph\">{\"@context\":\"https:\/\/schema.org\",\"@graph\":[{\"@type\":\"WebPage\",\"@id\":\"https:\/\/www.ikuchyne.sk\/eshop\/produkt\/konferencny-stolik-noble-i-zeleny-mramor\/\",\"url\":\"https:\/\/www.ikuchyne.sk\/eshop\/produkt\/konferencny-stolik-noble-i-zeleny-mramor\/\",\"name\":\"Konferen\u010dn\u00fd stol\u00edk Noble I zelen\u00fd mramor \u00bb &#187; iKuchyne iSHOP s n\u00e1bytkom\",\"isPartOf\":{\"@id\":\"https:\/\/www.ikuchyne.sk\/eshop\/#website\"},\"datePublished\":\"2021-03-03T13:17:00+00:00\",\"dateModified\":\"2021-03-18T05:26:12+00:00\",\"description\":\"Konferen\u010dn\u00fd stol\u00edk Noble I zelen\u00fd mramor \u00bb r\u00fdchle dodanie, poradenstvo, n\u00e1bytok skladom, ktor\u00e1 bude dominantou dom\u00e1cnosti s ikuchyne.sk\",\"breadcrumb\":{\"@id\":\"https:\/\/www.ikuchyne.sk\/eshop\/produkt\/konferencny-stolik-noble-i-zeleny-mramor\/#breadcrumb\"},\"inLanguage\":\"sk-SK\",\"potentialAction\":[{\"@type\":\"ReadAction\",\"target\":[\"https:\/\/www.ikuchyne.sk\/eshop\/produkt\/konferencny-stolik-noble-i-zeleny-mramor\/\"]}]},{\"@type\":\"BreadcrumbList\",\"@id\":\"https:\/\/www.ikuchyne.sk\/eshop\/produkt\/konferencny-stolik-noble-i-zeleny-mramor\/#breadcrumb\",\"itemListElement\":[{\"@type\":\"ListItem\",\"position\":1,\"name\":\"Home\",\"item\":\"https:\/\/www.ikuchyne.sk\/eshop\/\"},{\"@type\":\"ListItem\",\"position\":2,\"name\":\"Obchod\",\"item\":\"https:\/\/www.ikuchyne.sk\/eshop\/obchod\/\"},{\"@type\":\"ListItem\",\"position\":3,\"name\":\"Konferen\u010dn\u00fd stol\u00edk Noble I zelen\u00fd mramor \u00bb\"}]},{\"@type\":\"WebSite\",\"@id\":\"https:\/\/www.ikuchyne.sk\/eshop\/#website\",\"url\":\"https:\/\/www.ikuchyne.sk\/eshop\/\",\"name\":\"iKuchyne iSHOP s n\u00e1bytkom\",\"description\":\"Jed\u00e1lensk\u00e9 stoly, stoli\u010dky, n\u00e1bytok, svietidl\u00e1...\",\"publisher\":{\"@id\":\"https:\/\/www.ikuchyne.sk\/eshop\/#organization\"},\"potentialAction\":[{\"@type\":\"SearchAction\",\"target\":{\"@type\":\"EntryPoint\",\"urlTemplate\":\"https:\/\/www.ikuchyne.sk\/eshop\/?s={search_term_string}\"},\"query-input\":\"required name=search_term_string\"}],\"inLanguage\":\"sk-SK\"},{\"@type\":\"Organization\",\"@id\":\"https:\/\/www.ikuchyne.sk\/eshop\/#organization\",\"name\":\"ikuchyne!\",\"url\":\"https:\/\/www.ikuchyne.sk\/eshop\/\",\"logo\":{\"@type\":\"ImageObject\",\"inLanguage\":\"sk-SK\",\"@id\":\"https:\/\/www.ikuchyne.sk\/eshop\/#\/schema\/logo\/image\/\",\"url\":\"https:\/\/www.ikuchyne.sk\/eshop\/wp-content\/uploads\/2017\/04\/ikuchyne-logo.jpg\",\"contentUrl\":\"https:\/\/www.ikuchyne.sk\/eshop\/wp-content\/uploads\/2017\/04\/ikuchyne-logo.jpg\",\"width\":200,\"height\":48,\"caption\":\"ikuchyne!\"},\"image\":{\"@id\":\"https:\/\/www.ikuchyne.sk\/eshop\/#\/schema\/logo\/image\/\"},\"sameAs\":[\"https:\/\/www.facebook.com\/ikuchyne\/\",\"https:\/\/www.instagram.com\/ikuchyne.sk\/\",\"https:\/\/sk.pinterest.com\/ikuchynesk\/\"]}]}<\/script>\n<!-- \/ Yoast SEO plugin. -->","yoast_head_json":{"title":"Konferen\u010dn\u00fd stol\u00edk Noble I zelen\u00fd mramor \u00bb &#187; iKuchyne iSHOP s n\u00e1bytkom","description":"Konferen\u010dn\u00fd stol\u00edk Noble I zelen\u00fd mramor \u00bb r\u00fdchle dodanie, poradenstvo, n\u00e1bytok skladom, ktor\u00e1 bude dominantou dom\u00e1cnosti s ikuchyne.sk","robots":{"index":"index","follow":"follow","max-snippet":"max-snippet:-1","max-image-preview":"max-image-preview:large","max-video-preview":"max-video-preview:-1"},"canonical":"https:\/\/www.ikuchyne.sk\/eshop\/produkt\/konferencny-stolik-noble-i-zeleny-mramor\/","og_locale":"sk_SK","og_type":"article","og_title":"Konferen\u010dn\u00fd stol\u00edk Noble I zelen\u00fd mramor \u00bb &#187; iKuchyne iSHOP s n\u00e1bytkom","og_description":"Konferen\u010dn\u00fd stol\u00edk Noble I zelen\u00fd mramor \u00bb r\u00fdchle dodanie, poradenstvo, n\u00e1bytok skladom, ktor\u00e1 bude dominantou dom\u00e1cnosti s ikuchyne.sk","og_url":"https:\/\/www.ikuchyne.sk\/eshop\/produkt\/konferencny-stolik-noble-i-zeleny-mramor\/","og_site_name":"iKuchyne iSHOP s n\u00e1bytkom","article_publisher":"https:\/\/www.facebook.com\/ikuchyne\/","article_modified_time":"2021-03-18T05:26:12+00:00","og_image":[{"width":800,"height":533,"url":"https:\/\/www.ikuchyne.sk\/eshop\/wp-content\/uploads\/2020\/11\/Konferen\u010dn\u00fd-stol\u00edk-Noble-I-zelen\u00e1er-mramor-40366.jpg","type":"image\/jpeg"}],"twitter_card":"summary_large_image","twitter_misc":{"Predpokladan\u00fd \u010das \u010d\u00edtania":"2 min\u00faty"},"schema":{"@context":"https:\/\/schema.org","@graph":[{"@type":"WebPage","@id":"https:\/\/www.ikuchyne.sk\/eshop\/produkt\/konferencny-stolik-noble-i-zeleny-mramor\/","url":"https:\/\/www.ikuchyne.sk\/eshop\/produkt\/konferencny-stolik-noble-i-zeleny-mramor\/","name":"Konferen\u010dn\u00fd stol\u00edk Noble I zelen\u00fd mramor \u00bb &#187; iKuchyne iSHOP s n\u00e1bytkom","isPartOf":{"@id":"https:\/\/www.ikuchyne.sk\/eshop\/#website"},"datePublished":"2021-03-03T13:17:00+00:00","dateModified":"2021-03-18T05:26:12+00:00","description":"Konferen\u010dn\u00fd stol\u00edk Noble I zelen\u00fd mramor \u00bb r\u00fdchle dodanie, poradenstvo, n\u00e1bytok skladom, ktor\u00e1 bude dominantou dom\u00e1cnosti s ikuchyne.sk","breadcrumb":{"@id":"https:\/\/www.ikuchyne.sk\/eshop\/produkt\/konferencny-stolik-noble-i-zeleny-mramor\/#breadcrumb"},"inLanguage":"sk-SK","potentialAction":[{"@type":"ReadAction","target":["https:\/\/www.ikuchyne.sk\/eshop\/produkt\/konferencny-stolik-noble-i-zeleny-mramor\/"]}]},{"@type":"BreadcrumbList","@id":"https:\/\/www.ikuchyne.sk\/eshop\/produkt\/konferencny-stolik-noble-i-zeleny-mramor\/#breadcrumb","itemListElement":[{"@type":"ListItem","position":1,"name":"Home","item":"https:\/\/www.ikuchyne.sk\/eshop\/"},{"@type":"ListItem","position":2,"name":"Obchod","item":"https:\/\/www.ikuchyne.sk\/eshop\/obchod\/"},{"@type":"ListItem","position":3,"name":"Konferen\u010dn\u00fd stol\u00edk Noble I zelen\u00fd mramor \u00bb"}]},{"@type":"WebSite","@id":"https:\/\/www.ikuchyne.sk\/eshop\/#website","url":"https:\/\/www.ikuchyne.sk\/eshop\/","name":"iKuchyne iSHOP s n\u00e1bytkom","description":"Jed\u00e1lensk\u00e9 stoly, stoli\u010dky, n\u00e1bytok, svietidl\u00e1...","publisher":{"@id":"https:\/\/www.ikuchyne.sk\/eshop\/#organization"},"potentialAction":[{"@type":"SearchAction","target":{"@type":"EntryPoint","urlTemplate":"https:\/\/www.ikuchyne.sk\/eshop\/?s={search_term_string}"},"query-input":"required name=search_term_string"}],"inLanguage":"sk-SK"},{"@type":"Organization","@id":"https:\/\/www.ikuchyne.sk\/eshop\/#organization","name":"ikuchyne!","url":"https:\/\/www.ikuchyne.sk\/eshop\/","logo":{"@type":"ImageObject","inLanguage":"sk-SK","@id":"https:\/\/www.ikuchyne.sk\/eshop\/#\/schema\/logo\/image\/","url":"https:\/\/www.ikuchyne.sk\/eshop\/wp-content\/uploads\/2017\/04\/ikuchyne-logo.jpg","contentUrl":"https:\/\/www.ikuchyne.sk\/eshop\/wp-content\/uploads\/2017\/04\/ikuchyne-logo.jpg","width":200,"height":48,"caption":"ikuchyne!"},"image":{"@id":"https:\/\/www.ikuchyne.sk\/eshop\/#\/schema\/logo\/image\/"},"sameAs":["https:\/\/www.facebook.com\/ikuchyne\/","https:\/\/www.instagram.com\/ikuchyne.sk\/","https:\/\/sk.pinterest.com\/ikuchynesk\/"]}]}},"_links":{"self":[{"href":"https:\/\/www.ikuchyne.sk\/eshop\/wp-json\/wp\/v2\/product\/147898"}],"collection":[{"href":"https:\/\/www.ikuchyne.sk\/eshop\/wp-json\/wp\/v2\/product"}],"about":[{"href":"https:\/\/www.ikuchyne.sk\/eshop\/wp-json\/wp\/v2\/types\/product"}],"replies":[{"embeddable":true,"href":"https:\/\/www.ikuchyne.sk\/eshop\/wp-json\/wp\/v2\/comments?post=147898"}],"wp:featuredmedia":[{"embeddable":true,"href":"https:\/\/www.ikuchyne.sk\/eshop\/wp-json\/wp\/v2\/media\/147899"}],"wp:attachment":[{"href":"https:\/\/www.ikuchyne.sk\/eshop\/wp-json\/wp\/v2\/media?parent=147898"}],"wp:term":[{"taxonomy":"product_cat","embeddable":true,"href":"https:\/\/www.ikuchyne.sk\/eshop\/wp-json\/wp\/v2\/product_cat?post=147898"},{"taxonomy":"product_tag","embeddable":true,"href":"https:\/\/www.ikuchyne.sk\/eshop\/wp-json\/wp\/v2\/product_tag?post=147898"}],"curies":[{"name":"wp","href":"https:\/\/api.w.org\/{rel}","templated":true}]}}