{"id":148180,"date":"2021-03-03T17:39:20","date_gmt":"2021-03-03T16:39:20","guid":{"rendered":"https:\/\/www.ikuchyne.sk\/eshop\/?post_type=product&#038;p=148180"},"modified":"2021-03-26T01:59:21","modified_gmt":"2021-03-26T00:59:21","slug":"stolicka-mustang-mikrovlakno-antik-sivohneda","status":"publish","type":"product","link":"https:\/\/www.ikuchyne.sk\/eshop\/produkt\/stolicka-mustang-mikrovlakno-antik-sivohneda\/","title":{"rendered":"Stoli\u010dka Mustang mikrovl\u00e1kno antik sivohned\u00e1 \u00bb"},"content":{"rendered":"<h1>Stoli\u010dka Mustang mikrovl\u00e1kno antik sivohned\u00e1<\/h1>\n<h4><strong>V\u0161eobecn\u00fd popis:<\/strong><\/h4>\n<p>Stoli\u010dka Mustang mikrovl\u00e1kno antik sivohned\u00e1 s mimoriadnym dizajnom. Retro dizajnov\u00e1 stoli\u010dka MUSTANG je skuto\u010dn\u00fdm p\u00fata\u010dom pozornosti medzi stoli\u010dkami. Jed\u00e1lensk\u00e1 stoli\u010dka zaujme organicky tvarovanou sedadlovou \u010das\u0165ou, ktor\u00e1 je pokryt\u00e1 vysoko kvalitn\u00fdm mikrovl\u00e1knom, a jasn\u00fdmi l\u00edniami. Poskytuje \u0161t\u00fdlov\u00fd, ale z\u00e1rove\u0148 modern\u00fd dizajn. \u010eal\u0161\u00edm l\u00e1kadlom s\u00fa nohy stoli\u010dky z \u010dierneho kovu, ktor\u00e9 s\u00fa jemne tvarovan\u00e9 a napriek tomu zais\u0165uj\u00fa stabiln\u00e9 st\u00e1tie.<\/p>\n<p>Stoli\u010dka Mustang mikrovl\u00e1kno antik sivohned\u00e1 sa hod\u00ed do ka\u017ed\u00e9ho prostredia. V\u010faka sedaciemu vank\u00fa\u0161u pon\u00faka stoli\u010dka obzvl\u00e1\u0161\u0165 vysok\u00fa \u00farove\u0148 komfortu a zais\u0165uje tak dlh\u00e9 a pohodln\u00e9 sedenie. Podporuj\u00fa to pohodln\u00e9 lak\u0165ov\u00e9 opierky. \u010ci u\u017e do vlastn\u00e9ho bytu, do re\u0161taur\u00e1cie s modern\u00fdm vybaven\u00edm, \u010dak\u00e1rne pre lek\u00e1rov alebo do konferen\u010dn\u00fdch miestnost\u00ed: retro dizajnov\u00e1 stoli\u010dka s elegantn\u00fdm ozdobn\u00fdm zipsom sa perfektne prisp\u00f4sob\u00ed ka\u017ed\u00e9mu prostrediu a obzvl\u00e1\u0161\u0165 \u0161t\u00fdlovo dopln\u00ed ka\u017ed\u00e9 zariadenie.<\/p>\n<p><strong>Detaily produktu:<\/strong><\/p>\n<p>Tento po\u0165ah je vyroben\u00fd z odoln\u00e9ho mikrovl\u00e1kna &#8211; to popisuje materi\u00e1l s obzvl\u00e1\u0161\u0165 tenk\u00fdmi vl\u00e1knami. Tkaniny z mikrovl\u00e1kien s\u00fa ve\u013emi m\u00e4kk\u00e9 a mimoriadne tvarovo st\u00e1le. Po\u0165ah r\u00fdchlo schne, d\u00e1 sa ve\u013emi \u013eahko \u010disti\u0165 a dlho vydr\u017e\u00ed! Vyroben\u00e9 v ob\u013e\u00fabenom retro \u0161t\u00fdle. Max. nosnos\u0165 tejto stoli\u010dky je 120kg. Vhodn\u00e9 bytov\u00e9 doplnky a n\u00e1bytok pre kombinovanie interi\u00e9ru s touto stoli\u010dkou n\u00e1jdete na na\u0161om e-shope v sekcii Bytov\u00e9 doplnky. Kontaktujte n\u00e1s a my v\u00e1m radi pom\u00f4\u017eeme s v\u00fdberom vhodn\u00fdch dekor\u00e1ci\u00ed do va\u0161ej dom\u00e1cnosti.<\/p>\n<h4>Retro \u0161t\u00fdl:<\/h4>\n<p>Retro je trendovej\u0161ie ako kedyko\u013evek predt\u00fdm! Tvary, materi\u00e1ly a farby z posledn\u00fdch desa\u0165ro\u010d\u00ed si \u010doraz viac nach\u00e1dzaj\u00fa cestu do na\u0161ich domovov. \u010ci u\u017e barov\u00fd st\u00f4l v kombin\u00e1cii so zodpovedaj\u00facimi stoli\u010dkami alebo pr\u00edborn\u00edk s charakteristick\u00fdmi roztiahnut\u00fdmi nohami: retro vzh\u013ead je absol\u00fatne nad\u010dasov\u00fd.<\/p>\n<p><strong>Rozmery (cca):<\/strong><br \/>\n57cm x 77cm x 61cm (\u0160xVxH)<\/p>\n<p><b>Farba:\u00a0<\/b>antik taupe sivohned\u00e1, \u010dierna<br \/>\n<b>Materi\u00e1l: <\/b><br \/>\nPo\u0165ah: mikrofl\u00e1kno, 100% polyester<br \/>\nR\u00e1m: kov<\/p>\n<p>Dodato\u010dn\u00e9 inform\u00e1cie:<\/p>\n<p>V pr\u00edpade z\u00e1ujmu o in\u00e9 stoli\u010dky &#8211; jed\u00e1lensk\u00e9, barov\u00e9, kancel\u00e1rske, nav\u0161t\u00edvte sekciu stoli\u010dky na <a href=\"https:\/\/www.ikuchyne.sk\/eshop\/kategoria\/stolicky\/\">www.ikuchyne.sk\/eshop<\/a><br \/>\nV pr\u00edpade z\u00e1ujmu o n\u00e1bytok na mieru n\u00e1s kontaktuje na <a href=\"http:\/\/www.ikuchyne.sk\">www.ikuchyne.sk<\/a><\/p>\n","protected":false},"excerpt":{"rendered":"<p>Stoli\u010dka Mustang mikrovl\u00e1kno antik sivohned\u00e1 V\u0161eobecn\u00fd popis: Stoli\u010dka Mustang mikrovl\u00e1kno antik sivohned\u00e1 s mimoriadnym dizajnom. Retro dizajnov\u00e1 stoli\u010dka MUSTANG je skuto\u010dn\u00fdm p\u00fata\u010dom pozornosti medzi stoli\u010dkami. Jed\u00e1lensk\u00e1 stoli\u010dka zaujme organicky tvarovanou<\/p>\n","protected":false},"featured_media":148181,"comment_status":"closed","ping_status":"closed","template":"","meta":[],"product_cat":[310,823,826,820,830,772,288],"product_tag":[346,187],"yoast_head":"<!-- This site is optimized with the Yoast SEO plugin v22.1 - https:\/\/yoast.com\/wordpress\/plugins\/seo\/ -->\n<title>Stoli\u010dka Mustang mikrovl\u00e1kno antik &#187; iKuchyne iSHOP s n\u00e1bytkom<\/title>\n<meta name=\"description\" content=\"Stoli\u010dka Mustang mikrovl\u00e1kno antik sivohned\u00e1 \u00bb - r\u00fdchle dodanie, poradenstvo, n\u00e1bytok skladom v Bratislave s ikuchyne.sk - kuchyne na mieru.\" \/>\n<meta name=\"robots\" content=\"index, follow, max-snippet:-1, max-image-preview:large, max-video-preview:-1\" \/>\n<link rel=\"canonical\" href=\"https:\/\/www.ikuchyne.sk\/eshop\/produkt\/stolicka-mustang-mikrovlakno-antik-sivohneda\/\" \/>\n<meta property=\"og:locale\" content=\"sk_SK\" \/>\n<meta property=\"og:type\" content=\"article\" \/>\n<meta property=\"og:title\" content=\"Stoli\u010dka Mustang mikrovl\u00e1kno antik &#187; iKuchyne iSHOP s n\u00e1bytkom\" \/>\n<meta property=\"og:description\" content=\"Stoli\u010dka Mustang mikrovl\u00e1kno antik sivohned\u00e1 \u00bb - r\u00fdchle dodanie, poradenstvo, n\u00e1bytok skladom v Bratislave s ikuchyne.sk - kuchyne na mieru.\" \/>\n<meta property=\"og:url\" content=\"https:\/\/www.ikuchyne.sk\/eshop\/produkt\/stolicka-mustang-mikrovlakno-antik-sivohneda\/\" \/>\n<meta property=\"og:site_name\" content=\"iKuchyne iSHOP s n\u00e1bytkom\" \/>\n<meta property=\"article:publisher\" content=\"https:\/\/www.facebook.com\/ikuchyne\/\" \/>\n<meta property=\"article:modified_time\" content=\"2021-03-26T00:59:21+00:00\" \/>\n<meta property=\"og:image\" content=\"https:\/\/www.ikuchyne.sk\/eshop\/wp-content\/uploads\/2020\/12\/Stoli\u010dka-Mustang-mikrovl\u00e1kno-antik-taupe-40420.jpg\" \/>\n\t<meta property=\"og:image:width\" content=\"800\" \/>\n\t<meta property=\"og:image:height\" content=\"533\" \/>\n\t<meta property=\"og:image:type\" content=\"image\/jpeg\" \/>\n<meta name=\"twitter:card\" content=\"summary_large_image\" \/>\n<meta name=\"twitter:label1\" content=\"Predpokladan\u00fd \u010das \u010d\u00edtania\" \/>\n\t<meta name=\"twitter:data1\" content=\"2 min\u00faty\" \/>\n<script type=\"application\/ld+json\" class=\"yoast-schema-graph\">{\"@context\":\"https:\/\/schema.org\",\"@graph\":[{\"@type\":\"WebPage\",\"@id\":\"https:\/\/www.ikuchyne.sk\/eshop\/produkt\/stolicka-mustang-mikrovlakno-antik-sivohneda\/\",\"url\":\"https:\/\/www.ikuchyne.sk\/eshop\/produkt\/stolicka-mustang-mikrovlakno-antik-sivohneda\/\",\"name\":\"Stoli\u010dka Mustang mikrovl\u00e1kno antik &#187; iKuchyne iSHOP s n\u00e1bytkom\",\"isPartOf\":{\"@id\":\"https:\/\/www.ikuchyne.sk\/eshop\/#website\"},\"datePublished\":\"2021-03-03T16:39:20+00:00\",\"dateModified\":\"2021-03-26T00:59:21+00:00\",\"description\":\"Stoli\u010dka Mustang mikrovl\u00e1kno antik sivohned\u00e1 \u00bb - r\u00fdchle dodanie, poradenstvo, n\u00e1bytok skladom v Bratislave s ikuchyne.sk - kuchyne na mieru.\",\"breadcrumb\":{\"@id\":\"https:\/\/www.ikuchyne.sk\/eshop\/produkt\/stolicka-mustang-mikrovlakno-antik-sivohneda\/#breadcrumb\"},\"inLanguage\":\"sk-SK\",\"potentialAction\":[{\"@type\":\"ReadAction\",\"target\":[\"https:\/\/www.ikuchyne.sk\/eshop\/produkt\/stolicka-mustang-mikrovlakno-antik-sivohneda\/\"]}]},{\"@type\":\"BreadcrumbList\",\"@id\":\"https:\/\/www.ikuchyne.sk\/eshop\/produkt\/stolicka-mustang-mikrovlakno-antik-sivohneda\/#breadcrumb\",\"itemListElement\":[{\"@type\":\"ListItem\",\"position\":1,\"name\":\"Home\",\"item\":\"https:\/\/www.ikuchyne.sk\/eshop\/\"},{\"@type\":\"ListItem\",\"position\":2,\"name\":\"Obchod\",\"item\":\"https:\/\/www.ikuchyne.sk\/eshop\/obchod\/\"},{\"@type\":\"ListItem\",\"position\":3,\"name\":\"Stoli\u010dka Mustang mikrovl\u00e1kno antik sivohned\u00e1 \u00bb\"}]},{\"@type\":\"WebSite\",\"@id\":\"https:\/\/www.ikuchyne.sk\/eshop\/#website\",\"url\":\"https:\/\/www.ikuchyne.sk\/eshop\/\",\"name\":\"iKuchyne iSHOP s n\u00e1bytkom\",\"description\":\"Jed\u00e1lensk\u00e9 stoly, stoli\u010dky, n\u00e1bytok, svietidl\u00e1...\",\"publisher\":{\"@id\":\"https:\/\/www.ikuchyne.sk\/eshop\/#organization\"},\"potentialAction\":[{\"@type\":\"SearchAction\",\"target\":{\"@type\":\"EntryPoint\",\"urlTemplate\":\"https:\/\/www.ikuchyne.sk\/eshop\/?s={search_term_string}\"},\"query-input\":\"required name=search_term_string\"}],\"inLanguage\":\"sk-SK\"},{\"@type\":\"Organization\",\"@id\":\"https:\/\/www.ikuchyne.sk\/eshop\/#organization\",\"name\":\"ikuchyne!\",\"url\":\"https:\/\/www.ikuchyne.sk\/eshop\/\",\"logo\":{\"@type\":\"ImageObject\",\"inLanguage\":\"sk-SK\",\"@id\":\"https:\/\/www.ikuchyne.sk\/eshop\/#\/schema\/logo\/image\/\",\"url\":\"https:\/\/www.ikuchyne.sk\/eshop\/wp-content\/uploads\/2017\/04\/ikuchyne-logo.jpg\",\"contentUrl\":\"https:\/\/www.ikuchyne.sk\/eshop\/wp-content\/uploads\/2017\/04\/ikuchyne-logo.jpg\",\"width\":200,\"height\":48,\"caption\":\"ikuchyne!\"},\"image\":{\"@id\":\"https:\/\/www.ikuchyne.sk\/eshop\/#\/schema\/logo\/image\/\"},\"sameAs\":[\"https:\/\/www.facebook.com\/ikuchyne\/\",\"https:\/\/www.instagram.com\/ikuchyne.sk\/\",\"https:\/\/sk.pinterest.com\/ikuchynesk\/\"]}]}<\/script>\n<!-- \/ Yoast SEO plugin. -->","yoast_head_json":{"title":"Stoli\u010dka Mustang mikrovl\u00e1kno antik &#187; iKuchyne iSHOP s n\u00e1bytkom","description":"Stoli\u010dka Mustang mikrovl\u00e1kno antik sivohned\u00e1 \u00bb - r\u00fdchle dodanie, poradenstvo, n\u00e1bytok skladom v Bratislave s ikuchyne.sk - kuchyne na mieru.","robots":{"index":"index","follow":"follow","max-snippet":"max-snippet:-1","max-image-preview":"max-image-preview:large","max-video-preview":"max-video-preview:-1"},"canonical":"https:\/\/www.ikuchyne.sk\/eshop\/produkt\/stolicka-mustang-mikrovlakno-antik-sivohneda\/","og_locale":"sk_SK","og_type":"article","og_title":"Stoli\u010dka Mustang mikrovl\u00e1kno antik &#187; iKuchyne iSHOP s n\u00e1bytkom","og_description":"Stoli\u010dka Mustang mikrovl\u00e1kno antik sivohned\u00e1 \u00bb - r\u00fdchle dodanie, poradenstvo, n\u00e1bytok skladom v Bratislave s ikuchyne.sk - kuchyne na mieru.","og_url":"https:\/\/www.ikuchyne.sk\/eshop\/produkt\/stolicka-mustang-mikrovlakno-antik-sivohneda\/","og_site_name":"iKuchyne iSHOP s n\u00e1bytkom","article_publisher":"https:\/\/www.facebook.com\/ikuchyne\/","article_modified_time":"2021-03-26T00:59:21+00:00","og_image":[{"width":800,"height":533,"url":"https:\/\/www.ikuchyne.sk\/eshop\/wp-content\/uploads\/2020\/12\/Stoli\u010dka-Mustang-mikrovl\u00e1kno-antik-taupe-40420.jpg","type":"image\/jpeg"}],"twitter_card":"summary_large_image","twitter_misc":{"Predpokladan\u00fd \u010das \u010d\u00edtania":"2 min\u00faty"},"schema":{"@context":"https:\/\/schema.org","@graph":[{"@type":"WebPage","@id":"https:\/\/www.ikuchyne.sk\/eshop\/produkt\/stolicka-mustang-mikrovlakno-antik-sivohneda\/","url":"https:\/\/www.ikuchyne.sk\/eshop\/produkt\/stolicka-mustang-mikrovlakno-antik-sivohneda\/","name":"Stoli\u010dka Mustang mikrovl\u00e1kno antik &#187; iKuchyne iSHOP s n\u00e1bytkom","isPartOf":{"@id":"https:\/\/www.ikuchyne.sk\/eshop\/#website"},"datePublished":"2021-03-03T16:39:20+00:00","dateModified":"2021-03-26T00:59:21+00:00","description":"Stoli\u010dka Mustang mikrovl\u00e1kno antik sivohned\u00e1 \u00bb - r\u00fdchle dodanie, poradenstvo, n\u00e1bytok skladom v Bratislave s ikuchyne.sk - kuchyne na mieru.","breadcrumb":{"@id":"https:\/\/www.ikuchyne.sk\/eshop\/produkt\/stolicka-mustang-mikrovlakno-antik-sivohneda\/#breadcrumb"},"inLanguage":"sk-SK","potentialAction":[{"@type":"ReadAction","target":["https:\/\/www.ikuchyne.sk\/eshop\/produkt\/stolicka-mustang-mikrovlakno-antik-sivohneda\/"]}]},{"@type":"BreadcrumbList","@id":"https:\/\/www.ikuchyne.sk\/eshop\/produkt\/stolicka-mustang-mikrovlakno-antik-sivohneda\/#breadcrumb","itemListElement":[{"@type":"ListItem","position":1,"name":"Home","item":"https:\/\/www.ikuchyne.sk\/eshop\/"},{"@type":"ListItem","position":2,"name":"Obchod","item":"https:\/\/www.ikuchyne.sk\/eshop\/obchod\/"},{"@type":"ListItem","position":3,"name":"Stoli\u010dka Mustang mikrovl\u00e1kno antik sivohned\u00e1 \u00bb"}]},{"@type":"WebSite","@id":"https:\/\/www.ikuchyne.sk\/eshop\/#website","url":"https:\/\/www.ikuchyne.sk\/eshop\/","name":"iKuchyne iSHOP s n\u00e1bytkom","description":"Jed\u00e1lensk\u00e9 stoly, stoli\u010dky, n\u00e1bytok, svietidl\u00e1...","publisher":{"@id":"https:\/\/www.ikuchyne.sk\/eshop\/#organization"},"potentialAction":[{"@type":"SearchAction","target":{"@type":"EntryPoint","urlTemplate":"https:\/\/www.ikuchyne.sk\/eshop\/?s={search_term_string}"},"query-input":"required name=search_term_string"}],"inLanguage":"sk-SK"},{"@type":"Organization","@id":"https:\/\/www.ikuchyne.sk\/eshop\/#organization","name":"ikuchyne!","url":"https:\/\/www.ikuchyne.sk\/eshop\/","logo":{"@type":"ImageObject","inLanguage":"sk-SK","@id":"https:\/\/www.ikuchyne.sk\/eshop\/#\/schema\/logo\/image\/","url":"https:\/\/www.ikuchyne.sk\/eshop\/wp-content\/uploads\/2017\/04\/ikuchyne-logo.jpg","contentUrl":"https:\/\/www.ikuchyne.sk\/eshop\/wp-content\/uploads\/2017\/04\/ikuchyne-logo.jpg","width":200,"height":48,"caption":"ikuchyne!"},"image":{"@id":"https:\/\/www.ikuchyne.sk\/eshop\/#\/schema\/logo\/image\/"},"sameAs":["https:\/\/www.facebook.com\/ikuchyne\/","https:\/\/www.instagram.com\/ikuchyne.sk\/","https:\/\/sk.pinterest.com\/ikuchynesk\/"]}]}},"_links":{"self":[{"href":"https:\/\/www.ikuchyne.sk\/eshop\/wp-json\/wp\/v2\/product\/148180"}],"collection":[{"href":"https:\/\/www.ikuchyne.sk\/eshop\/wp-json\/wp\/v2\/product"}],"about":[{"href":"https:\/\/www.ikuchyne.sk\/eshop\/wp-json\/wp\/v2\/types\/product"}],"replies":[{"embeddable":true,"href":"https:\/\/www.ikuchyne.sk\/eshop\/wp-json\/wp\/v2\/comments?post=148180"}],"wp:featuredmedia":[{"embeddable":true,"href":"https:\/\/www.ikuchyne.sk\/eshop\/wp-json\/wp\/v2\/media\/148181"}],"wp:attachment":[{"href":"https:\/\/www.ikuchyne.sk\/eshop\/wp-json\/wp\/v2\/media?parent=148180"}],"wp:term":[{"taxonomy":"product_cat","embeddable":true,"href":"https:\/\/www.ikuchyne.sk\/eshop\/wp-json\/wp\/v2\/product_cat?post=148180"},{"taxonomy":"product_tag","embeddable":true,"href":"https:\/\/www.ikuchyne.sk\/eshop\/wp-json\/wp\/v2\/product_tag?post=148180"}],"curies":[{"name":"wp","href":"https:\/\/api.w.org\/{rel}","templated":true}]}}