{"id":148287,"date":"2021-03-03T16:52:11","date_gmt":"2021-03-03T15:52:11","guid":{"rendered":"https:\/\/www.ikuchyne.sk\/eshop\/?post_type=product&#038;p=148287"},"modified":"2021-03-26T01:38:48","modified_gmt":"2021-03-26T00:38:48","slug":"lavica-iron-craft-x-200cm-mango-prirodna-70mm","status":"publish","type":"product","link":"https:\/\/www.ikuchyne.sk\/eshop\/produkt\/lavica-iron-craft-x-200cm-mango-prirodna-70mm\/","title":{"rendered":"Lavica Iron Craft X 200 cm Mango pr\u00edrodn\u00e1 70 mm \u00bb"},"content":{"rendered":"<h1>Lavica Iron Craft X 200 cm Mango pr\u00edrodn\u00e1 70 mm<\/h1>\n<h4><strong>V\u0161eobecn\u00fd popis:<\/strong><\/h4>\n<p>Lavica Iron Craft X 200 cm Mango pr\u00edrodn\u00e1 70 mm v industri\u00e1lnom \u0161t\u00fdle. Zmes materi\u00e1lov pod\u010diarkuje priemyseln\u00fd dizajn lavice. Nohy z \u010dierneho \u017eeleza v tvare X zais\u0165uj\u00fa stabiln\u00fd stojan. Mangov\u00e9 drevo bolo navrhnut\u00e9 v autentickom doskovom vzh\u013eade. Skombinujte si dreven\u00fa lavicu pod\u013ea svojho vkusu!<\/p>\n<p>Mas\u00edvny kov sa stret\u00e1va s kr\u00e1snym mas\u00edvnym drevom. V\u010faka robustn\u00e9mu sedadlu z mas\u00edvneho dreva je lavica obzvl\u00e1\u0161\u0165 v\u00fdrazn\u00e1 a \u0161\u00edri pr\u00edrodn\u00fd \u0161mrnc. Aby dreven\u00e1 doska z vysoko kvalitn\u00e9ho mangov\u00e9ho dreva z\u00edskala individu\u00e1lny autentick\u00fd vzh\u013ead, prech\u00e1dza pri v\u00fdrobe nieko\u013ek\u00fdmi zlo\u017eit\u00fdmi pracovn\u00fdmi krokmi. Tu bol povrch seda\u010dky nen\u00e1padne nalakovan\u00fd, aby vznikol zamatov\u00fd efekt, ktor\u00fd pekne zv\u00fdrazn\u00ed \u0161trukt\u00faru a priebeh dreva.<\/p>\n<p>Robustn\u00fd \u017eelezn\u00fd r\u00e1m pod\u010diarkuje priemyseln\u00fd dizajn. Impozantn\u00fd r\u00e1m v tvare X vytv\u00e1ra vzru\u0161uj\u00faci kontrast k robustn\u00e9mu, ale elegantn\u00e9mu vzh\u013eadu sedadla. Takto lavica z\u00edskava \u010daro a pod\u010diarkuje modern\u00fd priemyseln\u00fd vzh\u013ead. Doska sedadla z mangov\u00e9ho dreva bola navrhnut\u00e1 s vysoko kvalitn\u00fdm doskov\u00fdm vzh\u013eadom.<\/p>\n<p><strong>Detaily produktu:<\/strong><\/p>\n<p>Preto\u017ee sa jedn\u00e1 o pr\u00edrodn\u00fd produkt, ka\u017ed\u00e1 k\u00f3pia je \u00faplne jedine\u010dn\u00e1. Nerovnosti, farebn\u00e9 prechody, charizmatick\u00e9 uzly, praskliny alebo dokonca rozmerov\u00e9 rozdiely s\u00fa mo\u017en\u00e9 a vytv\u00e1raj\u00fa originalitu a vytv\u00e1raj\u00fa \u010daro mas\u00edvneho dreva. \u017diadna z t\u00fdchto skuto\u010dnost\u00ed nie je d\u00f4vodom na reklam\u00e1ciu. Dokonal\u00e1 kombin\u00e1cia materi\u00e1lov pod\u010diarkuje priemyseln\u00fd vzh\u013ead tejto lavice. Drevo m\u00e1 mierne hr\u010dky a stopy po p\u00edlen\u00ed. Mangov\u00e9 drevo in\u0161piruje svojim jedine\u010dn\u00fdm farebn\u00fdm gradientom a zrnitos\u0165ou. Max. nosnos\u0165: cca 250 kg. Vhodn\u00e9 bytov\u00e9 doplnky pre kombinovanie interi\u00e9ru s touto lavicou n\u00e1jdete na na\u0161om e-shope v sekcii Bytov\u00e9 doplnky. Kontaktujte n\u00e1s a my v\u00e1m radi pom\u00f4\u017eeme s v\u00fdberom vhodn\u00fdch dekor\u00e1ci\u00ed a n\u00e1bytku do va\u0161ej dom\u00e1cnosti.<\/p>\n<p><strong>Rozmery (cca):<\/strong><br \/>\n200cm x 46cm x 40cm (\u0160xVxH)<br \/>\n<strong>Vonkaj\u0161ia hr\u00fabka:<\/strong> 70mm<\/p>\n<p><b>Farba:\u00a0<\/b>pr\u00edrodn\u00e1, \u010dierna &#8211; Industri\u00e1lny \u0161t\u00fdl<br \/>\n<b>Materi\u00e1l:<br \/>\n<\/b>Doska stola: mas\u00edvne drevo, lakovan\u00e9<br \/>\nR\u00e1m X: \u017eelezo, s pr\u00e1\u0161kovou farbou<\/p>\n<p>Dodato\u010dn\u00e9 inform\u00e1cie:<\/p>\n<p>V pr\u00edpade z\u00e1ujmu o in\u00e9 lavice, seda\u010dky, le\u0148o\u0161ky, taburetky \u010di pohovky, nav\u0161t\u00edvte sekciu sedenie na <a href=\"https:\/\/www.ikuchyne.sk\/eshop\/kategoria\/sedenie\/\">www.ikuchyne.sk\/eshop<\/a><br \/>\nV pr\u00edpade z\u00e1ujmu o n\u00e1bytok na mieru n\u00e1s kontaktuje na <a href=\"http:\/\/www.ikuchyne.sk\">www.ikuchyne.sk<\/a><\/p>\n","protected":false},"excerpt":{"rendered":"<p>Lavica Iron Craft X 200 cm Mango pr\u00edrodn\u00e1 70 mm V\u0161eobecn\u00fd popis: Lavica Iron Craft X 200 cm Mango pr\u00edrodn\u00e1 70 mm v industri\u00e1lnom \u0161t\u00fdle. Zmes materi\u00e1lov pod\u010diarkuje priemyseln\u00fd dizajn<\/p>\n","protected":false},"featured_media":148288,"comment_status":"closed","ping_status":"closed","template":"","meta":[],"product_cat":[750,772,600],"product_tag":[],"yoast_head":"<!-- This site is optimized with the Yoast SEO plugin v22.1 - https:\/\/yoast.com\/wordpress\/plugins\/seo\/ -->\n<title>Lavica Iron Craft X 200 cm Mango pr\u00edrodn\u00e1 &#187; iKuchyne iSHOP s n\u00e1bytkom<\/title>\n<meta name=\"description\" content=\"Lavica Iron Craft X 200 cm Mango pr\u00edrodn\u00e1 70 mm \u00bb - r\u00fdchle dodanie, poradenstvo, n\u00e1bytok skladom v Bratislave s ikuchyne.sk\" \/>\n<meta name=\"robots\" content=\"index, follow, max-snippet:-1, max-image-preview:large, max-video-preview:-1\" \/>\n<link rel=\"canonical\" href=\"https:\/\/www.ikuchyne.sk\/eshop\/produkt\/lavica-iron-craft-x-200cm-mango-prirodna-70mm\/\" \/>\n<meta property=\"og:locale\" content=\"sk_SK\" \/>\n<meta property=\"og:type\" content=\"article\" \/>\n<meta property=\"og:title\" content=\"Lavica Iron Craft X 200 cm Mango pr\u00edrodn\u00e1 &#187; iKuchyne iSHOP s n\u00e1bytkom\" \/>\n<meta property=\"og:description\" content=\"Lavica Iron Craft X 200 cm Mango pr\u00edrodn\u00e1 70 mm \u00bb - r\u00fdchle dodanie, poradenstvo, n\u00e1bytok skladom v Bratislave s ikuchyne.sk\" \/>\n<meta property=\"og:url\" content=\"https:\/\/www.ikuchyne.sk\/eshop\/produkt\/lavica-iron-craft-x-200cm-mango-prirodna-70mm\/\" \/>\n<meta property=\"og:site_name\" content=\"iKuchyne iSHOP s n\u00e1bytkom\" \/>\n<meta property=\"article:publisher\" content=\"https:\/\/www.facebook.com\/ikuchyne\/\" \/>\n<meta property=\"article:modified_time\" content=\"2021-03-26T00:38:48+00:00\" \/>\n<meta property=\"og:image\" content=\"https:\/\/www.ikuchyne.sk\/eshop\/wp-content\/uploads\/2020\/12\/Lavica-Iron-Craft-X-200cm-Mango-pr\u00edrodn\u00e1-70mm-40159.jpg\" \/>\n\t<meta property=\"og:image:width\" content=\"800\" \/>\n\t<meta property=\"og:image:height\" content=\"533\" \/>\n\t<meta property=\"og:image:type\" content=\"image\/jpeg\" \/>\n<meta name=\"twitter:card\" content=\"summary_large_image\" \/>\n<meta name=\"twitter:label1\" content=\"Predpokladan\u00fd \u010das \u010d\u00edtania\" \/>\n\t<meta name=\"twitter:data1\" content=\"2 min\u00faty\" \/>\n<script type=\"application\/ld+json\" class=\"yoast-schema-graph\">{\"@context\":\"https:\/\/schema.org\",\"@graph\":[{\"@type\":\"WebPage\",\"@id\":\"https:\/\/www.ikuchyne.sk\/eshop\/produkt\/lavica-iron-craft-x-200cm-mango-prirodna-70mm\/\",\"url\":\"https:\/\/www.ikuchyne.sk\/eshop\/produkt\/lavica-iron-craft-x-200cm-mango-prirodna-70mm\/\",\"name\":\"Lavica Iron Craft X 200 cm Mango pr\u00edrodn\u00e1 &#187; iKuchyne iSHOP s n\u00e1bytkom\",\"isPartOf\":{\"@id\":\"https:\/\/www.ikuchyne.sk\/eshop\/#website\"},\"datePublished\":\"2021-03-03T15:52:11+00:00\",\"dateModified\":\"2021-03-26T00:38:48+00:00\",\"description\":\"Lavica Iron Craft X 200 cm Mango pr\u00edrodn\u00e1 70 mm \u00bb - r\u00fdchle dodanie, poradenstvo, n\u00e1bytok skladom v Bratislave s ikuchyne.sk\",\"breadcrumb\":{\"@id\":\"https:\/\/www.ikuchyne.sk\/eshop\/produkt\/lavica-iron-craft-x-200cm-mango-prirodna-70mm\/#breadcrumb\"},\"inLanguage\":\"sk-SK\",\"potentialAction\":[{\"@type\":\"ReadAction\",\"target\":[\"https:\/\/www.ikuchyne.sk\/eshop\/produkt\/lavica-iron-craft-x-200cm-mango-prirodna-70mm\/\"]}]},{\"@type\":\"BreadcrumbList\",\"@id\":\"https:\/\/www.ikuchyne.sk\/eshop\/produkt\/lavica-iron-craft-x-200cm-mango-prirodna-70mm\/#breadcrumb\",\"itemListElement\":[{\"@type\":\"ListItem\",\"position\":1,\"name\":\"Home\",\"item\":\"https:\/\/www.ikuchyne.sk\/eshop\/\"},{\"@type\":\"ListItem\",\"position\":2,\"name\":\"Obchod\",\"item\":\"https:\/\/www.ikuchyne.sk\/eshop\/obchod\/\"},{\"@type\":\"ListItem\",\"position\":3,\"name\":\"Lavica Iron Craft X 200 cm Mango pr\u00edrodn\u00e1 70 mm \u00bb\"}]},{\"@type\":\"WebSite\",\"@id\":\"https:\/\/www.ikuchyne.sk\/eshop\/#website\",\"url\":\"https:\/\/www.ikuchyne.sk\/eshop\/\",\"name\":\"iKuchyne iSHOP s n\u00e1bytkom\",\"description\":\"Jed\u00e1lensk\u00e9 stoly, stoli\u010dky, n\u00e1bytok, svietidl\u00e1...\",\"publisher\":{\"@id\":\"https:\/\/www.ikuchyne.sk\/eshop\/#organization\"},\"potentialAction\":[{\"@type\":\"SearchAction\",\"target\":{\"@type\":\"EntryPoint\",\"urlTemplate\":\"https:\/\/www.ikuchyne.sk\/eshop\/?s={search_term_string}\"},\"query-input\":\"required name=search_term_string\"}],\"inLanguage\":\"sk-SK\"},{\"@type\":\"Organization\",\"@id\":\"https:\/\/www.ikuchyne.sk\/eshop\/#organization\",\"name\":\"ikuchyne!\",\"url\":\"https:\/\/www.ikuchyne.sk\/eshop\/\",\"logo\":{\"@type\":\"ImageObject\",\"inLanguage\":\"sk-SK\",\"@id\":\"https:\/\/www.ikuchyne.sk\/eshop\/#\/schema\/logo\/image\/\",\"url\":\"https:\/\/www.ikuchyne.sk\/eshop\/wp-content\/uploads\/2017\/04\/ikuchyne-logo.jpg\",\"contentUrl\":\"https:\/\/www.ikuchyne.sk\/eshop\/wp-content\/uploads\/2017\/04\/ikuchyne-logo.jpg\",\"width\":200,\"height\":48,\"caption\":\"ikuchyne!\"},\"image\":{\"@id\":\"https:\/\/www.ikuchyne.sk\/eshop\/#\/schema\/logo\/image\/\"},\"sameAs\":[\"https:\/\/www.facebook.com\/ikuchyne\/\",\"https:\/\/www.instagram.com\/ikuchyne.sk\/\",\"https:\/\/sk.pinterest.com\/ikuchynesk\/\"]}]}<\/script>\n<!-- \/ Yoast SEO plugin. -->","yoast_head_json":{"title":"Lavica Iron Craft X 200 cm Mango pr\u00edrodn\u00e1 &#187; iKuchyne iSHOP s n\u00e1bytkom","description":"Lavica Iron Craft X 200 cm Mango pr\u00edrodn\u00e1 70 mm \u00bb - r\u00fdchle dodanie, poradenstvo, n\u00e1bytok skladom v Bratislave s ikuchyne.sk","robots":{"index":"index","follow":"follow","max-snippet":"max-snippet:-1","max-image-preview":"max-image-preview:large","max-video-preview":"max-video-preview:-1"},"canonical":"https:\/\/www.ikuchyne.sk\/eshop\/produkt\/lavica-iron-craft-x-200cm-mango-prirodna-70mm\/","og_locale":"sk_SK","og_type":"article","og_title":"Lavica Iron Craft X 200 cm Mango pr\u00edrodn\u00e1 &#187; iKuchyne iSHOP s n\u00e1bytkom","og_description":"Lavica Iron Craft X 200 cm Mango pr\u00edrodn\u00e1 70 mm \u00bb - r\u00fdchle dodanie, poradenstvo, n\u00e1bytok skladom v Bratislave s ikuchyne.sk","og_url":"https:\/\/www.ikuchyne.sk\/eshop\/produkt\/lavica-iron-craft-x-200cm-mango-prirodna-70mm\/","og_site_name":"iKuchyne iSHOP s n\u00e1bytkom","article_publisher":"https:\/\/www.facebook.com\/ikuchyne\/","article_modified_time":"2021-03-26T00:38:48+00:00","og_image":[{"width":800,"height":533,"url":"https:\/\/www.ikuchyne.sk\/eshop\/wp-content\/uploads\/2020\/12\/Lavica-Iron-Craft-X-200cm-Mango-pr\u00edrodn\u00e1-70mm-40159.jpg","type":"image\/jpeg"}],"twitter_card":"summary_large_image","twitter_misc":{"Predpokladan\u00fd \u010das \u010d\u00edtania":"2 min\u00faty"},"schema":{"@context":"https:\/\/schema.org","@graph":[{"@type":"WebPage","@id":"https:\/\/www.ikuchyne.sk\/eshop\/produkt\/lavica-iron-craft-x-200cm-mango-prirodna-70mm\/","url":"https:\/\/www.ikuchyne.sk\/eshop\/produkt\/lavica-iron-craft-x-200cm-mango-prirodna-70mm\/","name":"Lavica Iron Craft X 200 cm Mango pr\u00edrodn\u00e1 &#187; iKuchyne iSHOP s n\u00e1bytkom","isPartOf":{"@id":"https:\/\/www.ikuchyne.sk\/eshop\/#website"},"datePublished":"2021-03-03T15:52:11+00:00","dateModified":"2021-03-26T00:38:48+00:00","description":"Lavica Iron Craft X 200 cm Mango pr\u00edrodn\u00e1 70 mm \u00bb - r\u00fdchle dodanie, poradenstvo, n\u00e1bytok skladom v Bratislave s ikuchyne.sk","breadcrumb":{"@id":"https:\/\/www.ikuchyne.sk\/eshop\/produkt\/lavica-iron-craft-x-200cm-mango-prirodna-70mm\/#breadcrumb"},"inLanguage":"sk-SK","potentialAction":[{"@type":"ReadAction","target":["https:\/\/www.ikuchyne.sk\/eshop\/produkt\/lavica-iron-craft-x-200cm-mango-prirodna-70mm\/"]}]},{"@type":"BreadcrumbList","@id":"https:\/\/www.ikuchyne.sk\/eshop\/produkt\/lavica-iron-craft-x-200cm-mango-prirodna-70mm\/#breadcrumb","itemListElement":[{"@type":"ListItem","position":1,"name":"Home","item":"https:\/\/www.ikuchyne.sk\/eshop\/"},{"@type":"ListItem","position":2,"name":"Obchod","item":"https:\/\/www.ikuchyne.sk\/eshop\/obchod\/"},{"@type":"ListItem","position":3,"name":"Lavica Iron Craft X 200 cm Mango pr\u00edrodn\u00e1 70 mm \u00bb"}]},{"@type":"WebSite","@id":"https:\/\/www.ikuchyne.sk\/eshop\/#website","url":"https:\/\/www.ikuchyne.sk\/eshop\/","name":"iKuchyne iSHOP s n\u00e1bytkom","description":"Jed\u00e1lensk\u00e9 stoly, stoli\u010dky, n\u00e1bytok, svietidl\u00e1...","publisher":{"@id":"https:\/\/www.ikuchyne.sk\/eshop\/#organization"},"potentialAction":[{"@type":"SearchAction","target":{"@type":"EntryPoint","urlTemplate":"https:\/\/www.ikuchyne.sk\/eshop\/?s={search_term_string}"},"query-input":"required name=search_term_string"}],"inLanguage":"sk-SK"},{"@type":"Organization","@id":"https:\/\/www.ikuchyne.sk\/eshop\/#organization","name":"ikuchyne!","url":"https:\/\/www.ikuchyne.sk\/eshop\/","logo":{"@type":"ImageObject","inLanguage":"sk-SK","@id":"https:\/\/www.ikuchyne.sk\/eshop\/#\/schema\/logo\/image\/","url":"https:\/\/www.ikuchyne.sk\/eshop\/wp-content\/uploads\/2017\/04\/ikuchyne-logo.jpg","contentUrl":"https:\/\/www.ikuchyne.sk\/eshop\/wp-content\/uploads\/2017\/04\/ikuchyne-logo.jpg","width":200,"height":48,"caption":"ikuchyne!"},"image":{"@id":"https:\/\/www.ikuchyne.sk\/eshop\/#\/schema\/logo\/image\/"},"sameAs":["https:\/\/www.facebook.com\/ikuchyne\/","https:\/\/www.instagram.com\/ikuchyne.sk\/","https:\/\/sk.pinterest.com\/ikuchynesk\/"]}]}},"_links":{"self":[{"href":"https:\/\/www.ikuchyne.sk\/eshop\/wp-json\/wp\/v2\/product\/148287"}],"collection":[{"href":"https:\/\/www.ikuchyne.sk\/eshop\/wp-json\/wp\/v2\/product"}],"about":[{"href":"https:\/\/www.ikuchyne.sk\/eshop\/wp-json\/wp\/v2\/types\/product"}],"replies":[{"embeddable":true,"href":"https:\/\/www.ikuchyne.sk\/eshop\/wp-json\/wp\/v2\/comments?post=148287"}],"wp:featuredmedia":[{"embeddable":true,"href":"https:\/\/www.ikuchyne.sk\/eshop\/wp-json\/wp\/v2\/media\/148288"}],"wp:attachment":[{"href":"https:\/\/www.ikuchyne.sk\/eshop\/wp-json\/wp\/v2\/media?parent=148287"}],"wp:term":[{"taxonomy":"product_cat","embeddable":true,"href":"https:\/\/www.ikuchyne.sk\/eshop\/wp-json\/wp\/v2\/product_cat?post=148287"},{"taxonomy":"product_tag","embeddable":true,"href":"https:\/\/www.ikuchyne.sk\/eshop\/wp-json\/wp\/v2\/product_tag?post=148287"}],"curies":[{"name":"wp","href":"https:\/\/api.w.org\/{rel}","templated":true}]}}