{"id":148341,"date":"2021-03-03T16:48:39","date_gmt":"2021-03-03T15:48:39","guid":{"rendered":"https:\/\/www.ikuchyne.sk\/eshop\/?post_type=product&#038;p=148341"},"modified":"2021-03-11T14:20:41","modified_gmt":"2021-03-11T13:20:41","slug":"sofa-chesterfield-3-miestna-zamat-zelena","status":"publish","type":"product","link":"https:\/\/www.ikuchyne.sk\/eshop\/produkt\/sofa-chesterfield-3-miestna-zamat-zelena\/","title":{"rendered":"Sofa Chesterfield 3-miestna zamat zelen\u00e1 \u00bb"},"content":{"rendered":"<h1>Sofa Chesterfield 3-miestna zamat zelen\u00e1 \u00bb<\/h1>\n<h4><strong>V\u0161eobecn\u00fd popis:<\/strong><\/h4>\n<p>Sofa Chesterfield 3-miestna zamat zelen\u00e1 pon\u00faka oddych v klasickom \u0161t\u00fdle. Tento k\u00fasok m\u00e1 \u010dist\u00fd a decentn\u00fd vzh\u013ead. Rolovan\u00e9 ramen\u00e1 zv\u00fdraz\u0148uj\u00fa tradi\u010dn\u00fa charakteristiku tohto dizajnu, zatia\u013e \u010do detaily so v\u0161it\u00fdmi gomb\u00edkmi pon\u00fakaj\u00fa dotyk text\u00fary.<\/p>\n<p>T\u00e1to svie\u017ea pohovka evokuje klasick\u00fd dizajn Chesterfield s ru\u010dne aplikovan\u00fdmi v\u0161\u00edt\u00fdmi gomb\u00edkmi, hladk\u00fdmi sto\u010den\u00fdmi ramenami, priestrann\u00fdm seden\u00edm pre troch. T\u00e1to pohovka m\u00e1 klasick\u00fd elegantn\u00fd \u0161t\u00fdl, ktor\u00fd nikdy nevyjde z m\u00f3dy. Sofa Chesterfield ur\u010dite zostane stredobodom va\u0161ej ob\u00fdvacej izby, izby pre host\u00ed alebo sal\u00f3nu na \u010fal\u0161ie roky. Kombin\u00e1cia na dotyk hladk\u00e9ho zamatu a kovu vytv\u00e1ra skuto\u010dne luxusn\u00fd z\u00e1\u017eitok.<\/p>\n<h4>Vlastnosti<\/h4>\n<p>Ru\u010dn\u00e1 v\u00fdroba n\u00e1bytk\u00e1rskych majstrov pre najvy\u0161\u0161iu \u00farove\u0148 kvality seda\u010dky.<br \/>\n\u010cal\u00fanen\u00e9 luxusn\u00fdm zelen\u00fdm zamatom na vrchu penov\u00e9ho vank\u00fa\u0161a s vysokou hustotou pre stredne pevn\u00fd pocit.<br \/>\nLemovan\u00e9 vysoko pevn\u00e9 vlnit\u00e9 pru\u017eenie poskytuje dlhodob\u00e9 pohodlie a \u0161t\u00fdl.<br \/>\nRu\u010dne nan\u00e1\u0161an\u00e9 \u017eelezn\u00e9 aplik\u00e1cie, ktor\u00e9 poskytuj\u00fa klasick\u00fd a elegantn\u00fd vzh\u013ead.<\/p>\n<h4>Chesterfield dizajn<\/h4>\n<p>Pohovka Chesterfield zamat zelen\u00e1 je zrete\u013ene rozpoznate\u013en\u00fd dizajn n\u00e1bytku &#8211; vysok\u00e9 ramen\u00e1 a \u010dal\u00fanenie, ktor\u00fd existuje u\u017e takmer 300 rokov. V\u00e4\u010d\u0161inu svojho \u017eivota str\u00e1vil v drevom oblo\u017een\u00fdch sten\u00e1ch anglick\u00fdch d\u017eentlmensk\u00fdch klubov, aristokratick\u00fdch domov a kamenn\u00fdch obchodov (fan\u00fa\u0161ikovia boli kr\u00e1\u013eovn\u00e1 Vikt\u00f3ria aj Sigmund Freud), ale Chesterfield sa stal vyh\u013ead\u00e1vanej\u0161\u00edm kusom n\u00e1bytku a je prisp\u00f4sobovan\u00fd pre modernej\u0161ie priestory za posledn\u00fdch nieko\u013eko desa\u0165ro\u010d\u00ed. Rozhodne sa Chesterfield dizajn nestrat\u00ed ani v tomto storo\u010d\u00ed. Vhodn\u00fdmi bytov\u00fdmi doplnkami dok\u00e1\u017eete Chesterfield dizajn ve\u013emi pekne zakomponova\u0165 a nadizajnova\u0165 aj do va\u0161ej dom\u00e1cnosti \u010di sal\u00f3nu. V\u010faka svojmu v\u00fdrazn\u00e9mu a charakteristick\u00e9mu dizajnu bude dominantou ka\u017edej miestnosti. Na\u0161i pracovn\u00edci v\u00e1m ochotne poradia a vyber\u00fa vhodn\u00e9 doplnky k pohovke.<\/p>\n<p><strong>Rozmery (cca):<\/strong><br \/>\n205cm x 73cm x 87cm (\u0160xVxH)<\/p>\n<p><b>Farba:<\/b>\u00a0zelen\u00e1, zlat\u00e1, tmavohned\u00e1<br \/>\n<b>Materi\u00e1l:<br \/>\n<\/b>Po\u0165ah: zamat, 100% polyester<br \/>\nR\u00e1m: mas\u00edvne drevo<br \/>\nNohy: mas\u00edvne drevo<\/p>\n<p>Dodato\u010dn\u00e9 inform\u00e1cie:<\/p>\n<p>V pr\u00edpade z\u00e1ujmu o in\u00e9 seda\u010dky, pohovky \u010di le\u0148o\u0161ky, nav\u0161t\u00edvte sekciu sedenie na <a href=\"https:\/\/www.ikuchyne.sk\/eshop\/kategoria\/sedenie\/\">www.ikuchyne.sk\/eshop<\/a><br \/>\nV pr\u00edpade z\u00e1ujmu o n\u00e1bytok na mieru n\u00e1s kontaktuje na <a href=\"http:\/\/www.ikuchyne.sk\">www.ikuchyne.sk<\/a><\/p>\n","protected":false},"excerpt":{"rendered":"<p>Sofa Chesterfield 3-miestna zamat zelen\u00e1 \u00bb V\u0161eobecn\u00fd popis: Sofa Chesterfield 3-miestna zamat zelen\u00e1 pon\u00faka oddych v klasickom \u0161t\u00fdle. Tento k\u00fasok m\u00e1 \u010dist\u00fd a decentn\u00fd vzh\u013ead. Rolovan\u00e9 ramen\u00e1 zv\u00fdraz\u0148uj\u00fa tradi\u010dn\u00fa charakteristiku<\/p>\n","protected":false},"featured_media":148342,"comment_status":"closed","ping_status":"closed","template":"","meta":[],"product_cat":[936,772,602,601,600],"product_tag":[2945,279,263,188],"yoast_head":"<!-- This site is optimized with the Yoast SEO plugin v22.1 - https:\/\/yoast.com\/wordpress\/plugins\/seo\/ -->\n<title>Sofa Chesterfield 3-miestna zamat zelen\u00e1 \u00bb &#187; iKuchyne iSHOP s n\u00e1bytkom<\/title>\n<meta name=\"description\" content=\"Sofa Chesterfield 3-miestna zamat zelen\u00e1 \u00bb r\u00fdchle dodanie, poradenstvo, n\u00e1bytok skladom, ktor\u00e1 bude dominantou dom\u00e1cnosti v\u010faka ikuchyne.sk\" \/>\n<meta name=\"robots\" content=\"index, follow, max-snippet:-1, max-image-preview:large, max-video-preview:-1\" \/>\n<link rel=\"canonical\" href=\"https:\/\/www.ikuchyne.sk\/eshop\/produkt\/sofa-chesterfield-3-miestna-zamat-zelena\/\" \/>\n<meta property=\"og:locale\" content=\"sk_SK\" \/>\n<meta property=\"og:type\" content=\"article\" \/>\n<meta property=\"og:title\" content=\"Sofa Chesterfield 3-miestna zamat zelen\u00e1 \u00bb &#187; iKuchyne iSHOP s n\u00e1bytkom\" \/>\n<meta property=\"og:description\" content=\"Sofa Chesterfield 3-miestna zamat zelen\u00e1 \u00bb r\u00fdchle dodanie, poradenstvo, n\u00e1bytok skladom, ktor\u00e1 bude dominantou dom\u00e1cnosti v\u010faka ikuchyne.sk\" \/>\n<meta property=\"og:url\" content=\"https:\/\/www.ikuchyne.sk\/eshop\/produkt\/sofa-chesterfield-3-miestna-zamat-zelena\/\" \/>\n<meta property=\"og:site_name\" content=\"iKuchyne iSHOP s n\u00e1bytkom\" \/>\n<meta property=\"article:publisher\" content=\"https:\/\/www.facebook.com\/ikuchyne\/\" \/>\n<meta property=\"article:modified_time\" content=\"2021-03-11T13:20:41+00:00\" \/>\n<meta property=\"og:image\" content=\"https:\/\/www.ikuchyne.sk\/eshop\/wp-content\/uploads\/2020\/12\/Sofa-Chesterfield-3er-zamat-zelen\u00e1-40483.jpg\" \/>\n\t<meta property=\"og:image:width\" content=\"800\" \/>\n\t<meta property=\"og:image:height\" content=\"533\" \/>\n\t<meta property=\"og:image:type\" content=\"image\/jpeg\" \/>\n<meta name=\"twitter:card\" content=\"summary_large_image\" \/>\n<meta name=\"twitter:label1\" content=\"Predpokladan\u00fd \u010das \u010d\u00edtania\" \/>\n\t<meta name=\"twitter:data1\" content=\"2 min\u00faty\" \/>\n<script type=\"application\/ld+json\" class=\"yoast-schema-graph\">{\"@context\":\"https:\/\/schema.org\",\"@graph\":[{\"@type\":\"WebPage\",\"@id\":\"https:\/\/www.ikuchyne.sk\/eshop\/produkt\/sofa-chesterfield-3-miestna-zamat-zelena\/\",\"url\":\"https:\/\/www.ikuchyne.sk\/eshop\/produkt\/sofa-chesterfield-3-miestna-zamat-zelena\/\",\"name\":\"Sofa Chesterfield 3-miestna zamat zelen\u00e1 \u00bb &#187; iKuchyne iSHOP s n\u00e1bytkom\",\"isPartOf\":{\"@id\":\"https:\/\/www.ikuchyne.sk\/eshop\/#website\"},\"datePublished\":\"2021-03-03T15:48:39+00:00\",\"dateModified\":\"2021-03-11T13:20:41+00:00\",\"description\":\"Sofa Chesterfield 3-miestna zamat zelen\u00e1 \u00bb r\u00fdchle dodanie, poradenstvo, n\u00e1bytok skladom, ktor\u00e1 bude dominantou dom\u00e1cnosti v\u010faka ikuchyne.sk\",\"breadcrumb\":{\"@id\":\"https:\/\/www.ikuchyne.sk\/eshop\/produkt\/sofa-chesterfield-3-miestna-zamat-zelena\/#breadcrumb\"},\"inLanguage\":\"sk-SK\",\"potentialAction\":[{\"@type\":\"ReadAction\",\"target\":[\"https:\/\/www.ikuchyne.sk\/eshop\/produkt\/sofa-chesterfield-3-miestna-zamat-zelena\/\"]}]},{\"@type\":\"BreadcrumbList\",\"@id\":\"https:\/\/www.ikuchyne.sk\/eshop\/produkt\/sofa-chesterfield-3-miestna-zamat-zelena\/#breadcrumb\",\"itemListElement\":[{\"@type\":\"ListItem\",\"position\":1,\"name\":\"Home\",\"item\":\"https:\/\/www.ikuchyne.sk\/eshop\/\"},{\"@type\":\"ListItem\",\"position\":2,\"name\":\"Obchod\",\"item\":\"https:\/\/www.ikuchyne.sk\/eshop\/obchod\/\"},{\"@type\":\"ListItem\",\"position\":3,\"name\":\"Sofa Chesterfield 3-miestna zamat zelen\u00e1 \u00bb\"}]},{\"@type\":\"WebSite\",\"@id\":\"https:\/\/www.ikuchyne.sk\/eshop\/#website\",\"url\":\"https:\/\/www.ikuchyne.sk\/eshop\/\",\"name\":\"iKuchyne iSHOP s n\u00e1bytkom\",\"description\":\"Jed\u00e1lensk\u00e9 stoly, stoli\u010dky, n\u00e1bytok, svietidl\u00e1...\",\"publisher\":{\"@id\":\"https:\/\/www.ikuchyne.sk\/eshop\/#organization\"},\"potentialAction\":[{\"@type\":\"SearchAction\",\"target\":{\"@type\":\"EntryPoint\",\"urlTemplate\":\"https:\/\/www.ikuchyne.sk\/eshop\/?s={search_term_string}\"},\"query-input\":\"required name=search_term_string\"}],\"inLanguage\":\"sk-SK\"},{\"@type\":\"Organization\",\"@id\":\"https:\/\/www.ikuchyne.sk\/eshop\/#organization\",\"name\":\"ikuchyne!\",\"url\":\"https:\/\/www.ikuchyne.sk\/eshop\/\",\"logo\":{\"@type\":\"ImageObject\",\"inLanguage\":\"sk-SK\",\"@id\":\"https:\/\/www.ikuchyne.sk\/eshop\/#\/schema\/logo\/image\/\",\"url\":\"https:\/\/www.ikuchyne.sk\/eshop\/wp-content\/uploads\/2017\/04\/ikuchyne-logo.jpg\",\"contentUrl\":\"https:\/\/www.ikuchyne.sk\/eshop\/wp-content\/uploads\/2017\/04\/ikuchyne-logo.jpg\",\"width\":200,\"height\":48,\"caption\":\"ikuchyne!\"},\"image\":{\"@id\":\"https:\/\/www.ikuchyne.sk\/eshop\/#\/schema\/logo\/image\/\"},\"sameAs\":[\"https:\/\/www.facebook.com\/ikuchyne\/\",\"https:\/\/www.instagram.com\/ikuchyne.sk\/\",\"https:\/\/sk.pinterest.com\/ikuchynesk\/\"]}]}<\/script>\n<!-- \/ Yoast SEO plugin. -->","yoast_head_json":{"title":"Sofa Chesterfield 3-miestna zamat zelen\u00e1 \u00bb &#187; iKuchyne iSHOP s n\u00e1bytkom","description":"Sofa Chesterfield 3-miestna zamat zelen\u00e1 \u00bb r\u00fdchle dodanie, poradenstvo, n\u00e1bytok skladom, ktor\u00e1 bude dominantou dom\u00e1cnosti v\u010faka ikuchyne.sk","robots":{"index":"index","follow":"follow","max-snippet":"max-snippet:-1","max-image-preview":"max-image-preview:large","max-video-preview":"max-video-preview:-1"},"canonical":"https:\/\/www.ikuchyne.sk\/eshop\/produkt\/sofa-chesterfield-3-miestna-zamat-zelena\/","og_locale":"sk_SK","og_type":"article","og_title":"Sofa Chesterfield 3-miestna zamat zelen\u00e1 \u00bb &#187; iKuchyne iSHOP s n\u00e1bytkom","og_description":"Sofa Chesterfield 3-miestna zamat zelen\u00e1 \u00bb r\u00fdchle dodanie, poradenstvo, n\u00e1bytok skladom, ktor\u00e1 bude dominantou dom\u00e1cnosti v\u010faka ikuchyne.sk","og_url":"https:\/\/www.ikuchyne.sk\/eshop\/produkt\/sofa-chesterfield-3-miestna-zamat-zelena\/","og_site_name":"iKuchyne iSHOP s n\u00e1bytkom","article_publisher":"https:\/\/www.facebook.com\/ikuchyne\/","article_modified_time":"2021-03-11T13:20:41+00:00","og_image":[{"width":800,"height":533,"url":"https:\/\/www.ikuchyne.sk\/eshop\/wp-content\/uploads\/2020\/12\/Sofa-Chesterfield-3er-zamat-zelen\u00e1-40483.jpg","type":"image\/jpeg"}],"twitter_card":"summary_large_image","twitter_misc":{"Predpokladan\u00fd \u010das \u010d\u00edtania":"2 min\u00faty"},"schema":{"@context":"https:\/\/schema.org","@graph":[{"@type":"WebPage","@id":"https:\/\/www.ikuchyne.sk\/eshop\/produkt\/sofa-chesterfield-3-miestna-zamat-zelena\/","url":"https:\/\/www.ikuchyne.sk\/eshop\/produkt\/sofa-chesterfield-3-miestna-zamat-zelena\/","name":"Sofa Chesterfield 3-miestna zamat zelen\u00e1 \u00bb &#187; iKuchyne iSHOP s n\u00e1bytkom","isPartOf":{"@id":"https:\/\/www.ikuchyne.sk\/eshop\/#website"},"datePublished":"2021-03-03T15:48:39+00:00","dateModified":"2021-03-11T13:20:41+00:00","description":"Sofa Chesterfield 3-miestna zamat zelen\u00e1 \u00bb r\u00fdchle dodanie, poradenstvo, n\u00e1bytok skladom, ktor\u00e1 bude dominantou dom\u00e1cnosti v\u010faka ikuchyne.sk","breadcrumb":{"@id":"https:\/\/www.ikuchyne.sk\/eshop\/produkt\/sofa-chesterfield-3-miestna-zamat-zelena\/#breadcrumb"},"inLanguage":"sk-SK","potentialAction":[{"@type":"ReadAction","target":["https:\/\/www.ikuchyne.sk\/eshop\/produkt\/sofa-chesterfield-3-miestna-zamat-zelena\/"]}]},{"@type":"BreadcrumbList","@id":"https:\/\/www.ikuchyne.sk\/eshop\/produkt\/sofa-chesterfield-3-miestna-zamat-zelena\/#breadcrumb","itemListElement":[{"@type":"ListItem","position":1,"name":"Home","item":"https:\/\/www.ikuchyne.sk\/eshop\/"},{"@type":"ListItem","position":2,"name":"Obchod","item":"https:\/\/www.ikuchyne.sk\/eshop\/obchod\/"},{"@type":"ListItem","position":3,"name":"Sofa Chesterfield 3-miestna zamat zelen\u00e1 \u00bb"}]},{"@type":"WebSite","@id":"https:\/\/www.ikuchyne.sk\/eshop\/#website","url":"https:\/\/www.ikuchyne.sk\/eshop\/","name":"iKuchyne iSHOP s n\u00e1bytkom","description":"Jed\u00e1lensk\u00e9 stoly, stoli\u010dky, n\u00e1bytok, svietidl\u00e1...","publisher":{"@id":"https:\/\/www.ikuchyne.sk\/eshop\/#organization"},"potentialAction":[{"@type":"SearchAction","target":{"@type":"EntryPoint","urlTemplate":"https:\/\/www.ikuchyne.sk\/eshop\/?s={search_term_string}"},"query-input":"required name=search_term_string"}],"inLanguage":"sk-SK"},{"@type":"Organization","@id":"https:\/\/www.ikuchyne.sk\/eshop\/#organization","name":"ikuchyne!","url":"https:\/\/www.ikuchyne.sk\/eshop\/","logo":{"@type":"ImageObject","inLanguage":"sk-SK","@id":"https:\/\/www.ikuchyne.sk\/eshop\/#\/schema\/logo\/image\/","url":"https:\/\/www.ikuchyne.sk\/eshop\/wp-content\/uploads\/2017\/04\/ikuchyne-logo.jpg","contentUrl":"https:\/\/www.ikuchyne.sk\/eshop\/wp-content\/uploads\/2017\/04\/ikuchyne-logo.jpg","width":200,"height":48,"caption":"ikuchyne!"},"image":{"@id":"https:\/\/www.ikuchyne.sk\/eshop\/#\/schema\/logo\/image\/"},"sameAs":["https:\/\/www.facebook.com\/ikuchyne\/","https:\/\/www.instagram.com\/ikuchyne.sk\/","https:\/\/sk.pinterest.com\/ikuchynesk\/"]}]}},"_links":{"self":[{"href":"https:\/\/www.ikuchyne.sk\/eshop\/wp-json\/wp\/v2\/product\/148341"}],"collection":[{"href":"https:\/\/www.ikuchyne.sk\/eshop\/wp-json\/wp\/v2\/product"}],"about":[{"href":"https:\/\/www.ikuchyne.sk\/eshop\/wp-json\/wp\/v2\/types\/product"}],"replies":[{"embeddable":true,"href":"https:\/\/www.ikuchyne.sk\/eshop\/wp-json\/wp\/v2\/comments?post=148341"}],"wp:featuredmedia":[{"embeddable":true,"href":"https:\/\/www.ikuchyne.sk\/eshop\/wp-json\/wp\/v2\/media\/148342"}],"wp:attachment":[{"href":"https:\/\/www.ikuchyne.sk\/eshop\/wp-json\/wp\/v2\/media?parent=148341"}],"wp:term":[{"taxonomy":"product_cat","embeddable":true,"href":"https:\/\/www.ikuchyne.sk\/eshop\/wp-json\/wp\/v2\/product_cat?post=148341"},{"taxonomy":"product_tag","embeddable":true,"href":"https:\/\/www.ikuchyne.sk\/eshop\/wp-json\/wp\/v2\/product_tag?post=148341"}],"curies":[{"name":"wp","href":"https:\/\/api.w.org\/{rel}","templated":true}]}}