{"id":148378,"date":"2021-03-04T07:17:55","date_gmt":"2021-03-04T06:17:55","guid":{"rendered":"https:\/\/www.ikuchyne.sk\/eshop\/?post_type=product&#038;p=148378"},"modified":"2021-03-26T01:08:53","modified_gmt":"2021-03-26T00:08:53","slug":"jedalensky-stol-mammut-120cm-agat-26mm","status":"publish","type":"product","link":"https:\/\/www.ikuchyne.sk\/eshop\/produkt\/jedalensky-stol-mammut-120cm-agat-26mm\/","title":{"rendered":"Jed\u00e1lensk\u00fd st\u00f4l Mammut 120 cm ag\u00e1t 26 mm \u00bb"},"content":{"rendered":"<h1>Jed\u00e1lensk\u00fd st\u00f4l Mammut 120 cm ag\u00e1t 26 mm \u00bb<\/h1>\n<h4><strong>V\u0161eobecn\u00fd popis:<\/strong><\/h4>\n<p>Jed\u00e1lensk\u00fd st\u00f4l Mammut 120 cm ag\u00e1t 26 mm s lakovanou doskou z ak\u00e1ciov\u00e9ho dreva. Ka\u017ed\u00e1 doska pripom\u00ednaj\u00faca vzh\u013ead dreva je jedine\u010dn\u00e1, ktor\u00fa vytvorila pr\u00edroda. Vlasov\u00e9 nohy dod\u00e1vaj\u00fa stolu retro n\u00e1dych. Umiestnite elegantn\u00fd jed\u00e1lensk\u00fd st\u00f4l do prostredia pod\u013ea v\u00e1\u0161ho v\u00fdberu!<\/p>\n<p>Ka\u017ed\u00fd jed\u00e1lensk\u00fd st\u00f4l Mammut 120 cm ag\u00e1t 26 mm je jedine\u010dn\u00fdm k\u00faskom vytvoren\u00fd pr\u00edrodou. Tento kr\u00e1sny jed\u00e1lensk\u00fd st\u00f4l sa stane prirodzen\u00fdm p\u00fata\u010dom pozornosti vo va\u0161om prostred\u00ed. Doska stola je vyroben\u00e1 z mas\u00edvneho ag\u00e1tov\u00e9ho dreva, ktor\u00e1 m\u00e1 v\u010faka svojmu intenz\u00edvnemu zrnu ve\u013emi zvl\u00e1\u0161tny vzh\u013ead. Ka\u017ed\u00fd kus sa teda stane n\u00e1dhern\u00fdm jednorazov\u00fdm k\u00faskom, ktor\u00fd sa d\u00e1 n\u00e1js\u0165 iba raz. Vrchn\u00e1 \u010das\u0165 z ak\u00e1cie spo\u010d\u00edva na \u0161tyroch vlasov\u00fdch no\u017ei\u010dk\u00e1ch, ktor\u00e9 dod\u00e1vaj\u00fa stolu n\u00e1dych retro dizajnu a zais\u0165uj\u00fa tie\u017e ur\u010dit\u00fa \u013eahkos\u0165 v dizajne.<\/p>\n<p>Kde by mal by\u0165 v\u00e1\u0161 nov\u00fd st\u00f4l z ag\u00e1tov\u00e9ho dreva? V\u010faka svojmu nad\u010dasov\u00e9mu dizajnu je jed\u00e1lensk\u00fd st\u00f4l kombinovate\u013en\u00fd s mnoh\u00fdmi \u0161t\u00fdlmi a n\u00e1bytkom. \u010ci u\u017e sa jedn\u00e1 o retro \u0161t\u00fdl, rustik\u00e1lne prostredie alebo vintage elegantn\u00fa jed\u00e1le\u0148: st\u00f4l MAMMUT v\u017edy dizajnovo zapadne svojou jemnou postavou a up\u00fata pozornos\u0165 v\u0161etk\u00fdch svojim rustik\u00e1lnym\u00a0 dizajnom. N\u00e1\u0161 tip: V kombin\u00e1cii so stoli\u010dkami, ktor\u00e9 taktie\u017e vynikaj\u00fa retro \u0161t\u00fdlom, vyzer\u00e1 st\u00f4l obzvl\u00e1\u0161\u0165 kr\u00e1sne a vytv\u00e1ra jednotn\u00fd dizajn miestnosti.<\/p>\n<h4><strong>Detaily produktu:<\/strong><\/h4>\n<p>Preto\u017ee sa jedn\u00e1 o pr\u00edrodn\u00fd produkt, ka\u017ed\u00e1 doska stola je absol\u00fatne jedine\u010dn\u00e1. Nerovnosti, charizmatick\u00e9 uzly, praskliny alebo dokonca rozmerov\u00e9 rozdiely s\u00fa mo\u017en\u00e9 a vytv\u00e1raj\u00fa originalitu a \u010daro mas\u00edvneho dreva. Existuj\u00face trhliny s\u00fa po\u010das v\u00fdrobn\u00e9ho procesu spojen\u00e9 a stabilizovan\u00e9 spojovac\u00edmi kusmi z rovnak\u00e9ho dreva. Preto m\u00f4\u017eu existova\u0165 farebn\u00e9 odch\u00fdlky. \u017diadna z t\u00fdchto skuto\u010dnost\u00ed nie je d\u00f4vodom na reklam\u00e1ciu. Dreven\u00e1 stolov\u00e1 doska z ak\u00e1cie je v\u017edy jedine\u010dn\u00e1. Lakovan\u00e1 doska je nen\u00e1ro\u010dn\u00e1 na \u00fadr\u017ebu a obzvl\u00e1\u0161\u0165 robustn\u00e1. \u010cierne vlasov\u00e9 no\u017ei\u010dky dodaj\u00fa stolu retro n\u00e1dych.<\/p>\n<p><strong>Rozmery (cca):<\/strong><br \/>\n120cm x 76cm x 80cm (\u0160xVxH)<br \/>\n<strong>Vonkaj\u0161ia hr\u00fabka stola:<\/strong> 26mm<\/p>\n<p><b>Farba:\u00a0<\/b>pr\u00edrodn\u00e1, \u010dierna &#8211; Retro \u0161t\u00fdl<br \/>\n<b>Materi\u00e1l: <\/b><br \/>\nDoska stola: mas\u00edvne drevo, ag\u00e1t, lakovan\u00e9<br \/>\nR\u00e1m: kov<\/p>\n<p>Dodato\u010dn\u00e9 inform\u00e1cie:<\/p>\n<p>V pr\u00edpade z\u00e1ujmu o in\u00e9 jed\u00e1lensk\u00e9 stoly, nav\u0161t\u00edvte sekciu jed\u00e1lensk\u00e9 stoly na <a href=\"https:\/\/www.ikuchyne.sk\/eshop\/kategoria\/jedalenske-stoly\/\">www.ikuchyne.sk\/eshop<\/a><br \/>\nV pr\u00edpade z\u00e1ujmu o n\u00e1bytok na mieru n\u00e1s kontaktuje na <a href=\"http:\/\/www.ikuchyne.sk\">www.ikuchyne.sk<\/a><\/p>\n","protected":false},"excerpt":{"rendered":"<p>Jed\u00e1lensk\u00fd st\u00f4l Mammut 120 cm ag\u00e1t 26 mm \u00bb V\u0161eobecn\u00fd popis: Jed\u00e1lensk\u00fd st\u00f4l Mammut 120 cm ag\u00e1t 26 mm s lakovanou doskou z ak\u00e1ciov\u00e9ho dreva. Ka\u017ed\u00e1 doska pripom\u00ednaj\u00faca vzh\u013ead dreva<\/p>\n","protected":false},"featured_media":149882,"comment_status":"closed","ping_status":"closed","template":"","meta":[],"product_cat":[591,298,855,847,849,772,287],"product_tag":[187,198],"yoast_head":"<!-- This site is optimized with the Yoast SEO plugin v22.1 - https:\/\/yoast.com\/wordpress\/plugins\/seo\/ -->\n<title>Jed\u00e1lensk\u00fd st\u00f4l Mammut 120 cm ag\u00e1t &#187; iKuchyne iSHOP s n\u00e1bytkom<\/title>\n<meta name=\"description\" content=\"Jed\u00e1lensk\u00fd st\u00f4l Mammut 120 cm ag\u00e1t 26 mm \u00bb - r\u00fdchle dodanie, poradenstvo, n\u00e1bytok skladom v Bratislave s ikuchyne.sk - kuchyne na mieru.\" \/>\n<meta name=\"robots\" content=\"index, follow, max-snippet:-1, max-image-preview:large, max-video-preview:-1\" \/>\n<link rel=\"canonical\" href=\"https:\/\/www.ikuchyne.sk\/eshop\/produkt\/jedalensky-stol-mammut-120cm-agat-26mm\/\" \/>\n<meta property=\"og:locale\" content=\"sk_SK\" \/>\n<meta property=\"og:type\" content=\"article\" \/>\n<meta property=\"og:title\" content=\"Jed\u00e1lensk\u00fd st\u00f4l Mammut 120 cm ag\u00e1t &#187; iKuchyne iSHOP s n\u00e1bytkom\" \/>\n<meta property=\"og:description\" content=\"Jed\u00e1lensk\u00fd st\u00f4l Mammut 120 cm ag\u00e1t 26 mm \u00bb - r\u00fdchle dodanie, poradenstvo, n\u00e1bytok skladom v Bratislave s ikuchyne.sk - kuchyne na mieru.\" \/>\n<meta property=\"og:url\" content=\"https:\/\/www.ikuchyne.sk\/eshop\/produkt\/jedalensky-stol-mammut-120cm-agat-26mm\/\" \/>\n<meta property=\"og:site_name\" content=\"iKuchyne iSHOP s n\u00e1bytkom\" \/>\n<meta property=\"article:publisher\" content=\"https:\/\/www.facebook.com\/ikuchyne\/\" \/>\n<meta property=\"article:modified_time\" content=\"2021-03-26T00:08:53+00:00\" \/>\n<meta property=\"og:image\" content=\"https:\/\/www.ikuchyne.sk\/eshop\/wp-content\/uploads\/2020\/12\/file0039636.jpg\" \/>\n\t<meta property=\"og:image:width\" content=\"800\" \/>\n\t<meta property=\"og:image:height\" content=\"533\" \/>\n\t<meta property=\"og:image:type\" content=\"image\/jpeg\" \/>\n<meta name=\"twitter:card\" content=\"summary_large_image\" \/>\n<meta name=\"twitter:label1\" content=\"Predpokladan\u00fd \u010das \u010d\u00edtania\" \/>\n\t<meta name=\"twitter:data1\" content=\"2 min\u00faty\" \/>\n<script type=\"application\/ld+json\" class=\"yoast-schema-graph\">{\"@context\":\"https:\/\/schema.org\",\"@graph\":[{\"@type\":\"WebPage\",\"@id\":\"https:\/\/www.ikuchyne.sk\/eshop\/produkt\/jedalensky-stol-mammut-120cm-agat-26mm\/\",\"url\":\"https:\/\/www.ikuchyne.sk\/eshop\/produkt\/jedalensky-stol-mammut-120cm-agat-26mm\/\",\"name\":\"Jed\u00e1lensk\u00fd st\u00f4l Mammut 120 cm ag\u00e1t &#187; iKuchyne iSHOP s n\u00e1bytkom\",\"isPartOf\":{\"@id\":\"https:\/\/www.ikuchyne.sk\/eshop\/#website\"},\"datePublished\":\"2021-03-04T06:17:55+00:00\",\"dateModified\":\"2021-03-26T00:08:53+00:00\",\"description\":\"Jed\u00e1lensk\u00fd st\u00f4l Mammut 120 cm ag\u00e1t 26 mm \u00bb - r\u00fdchle dodanie, poradenstvo, n\u00e1bytok skladom v Bratislave s ikuchyne.sk - kuchyne na mieru.\",\"breadcrumb\":{\"@id\":\"https:\/\/www.ikuchyne.sk\/eshop\/produkt\/jedalensky-stol-mammut-120cm-agat-26mm\/#breadcrumb\"},\"inLanguage\":\"sk-SK\",\"potentialAction\":[{\"@type\":\"ReadAction\",\"target\":[\"https:\/\/www.ikuchyne.sk\/eshop\/produkt\/jedalensky-stol-mammut-120cm-agat-26mm\/\"]}]},{\"@type\":\"BreadcrumbList\",\"@id\":\"https:\/\/www.ikuchyne.sk\/eshop\/produkt\/jedalensky-stol-mammut-120cm-agat-26mm\/#breadcrumb\",\"itemListElement\":[{\"@type\":\"ListItem\",\"position\":1,\"name\":\"Home\",\"item\":\"https:\/\/www.ikuchyne.sk\/eshop\/\"},{\"@type\":\"ListItem\",\"position\":2,\"name\":\"Obchod\",\"item\":\"https:\/\/www.ikuchyne.sk\/eshop\/obchod\/\"},{\"@type\":\"ListItem\",\"position\":3,\"name\":\"Jed\u00e1lensk\u00fd st\u00f4l Mammut 120 cm ag\u00e1t 26 mm \u00bb\"}]},{\"@type\":\"WebSite\",\"@id\":\"https:\/\/www.ikuchyne.sk\/eshop\/#website\",\"url\":\"https:\/\/www.ikuchyne.sk\/eshop\/\",\"name\":\"iKuchyne iSHOP s n\u00e1bytkom\",\"description\":\"Jed\u00e1lensk\u00e9 stoly, stoli\u010dky, n\u00e1bytok, svietidl\u00e1...\",\"publisher\":{\"@id\":\"https:\/\/www.ikuchyne.sk\/eshop\/#organization\"},\"potentialAction\":[{\"@type\":\"SearchAction\",\"target\":{\"@type\":\"EntryPoint\",\"urlTemplate\":\"https:\/\/www.ikuchyne.sk\/eshop\/?s={search_term_string}\"},\"query-input\":\"required name=search_term_string\"}],\"inLanguage\":\"sk-SK\"},{\"@type\":\"Organization\",\"@id\":\"https:\/\/www.ikuchyne.sk\/eshop\/#organization\",\"name\":\"ikuchyne!\",\"url\":\"https:\/\/www.ikuchyne.sk\/eshop\/\",\"logo\":{\"@type\":\"ImageObject\",\"inLanguage\":\"sk-SK\",\"@id\":\"https:\/\/www.ikuchyne.sk\/eshop\/#\/schema\/logo\/image\/\",\"url\":\"https:\/\/www.ikuchyne.sk\/eshop\/wp-content\/uploads\/2017\/04\/ikuchyne-logo.jpg\",\"contentUrl\":\"https:\/\/www.ikuchyne.sk\/eshop\/wp-content\/uploads\/2017\/04\/ikuchyne-logo.jpg\",\"width\":200,\"height\":48,\"caption\":\"ikuchyne!\"},\"image\":{\"@id\":\"https:\/\/www.ikuchyne.sk\/eshop\/#\/schema\/logo\/image\/\"},\"sameAs\":[\"https:\/\/www.facebook.com\/ikuchyne\/\",\"https:\/\/www.instagram.com\/ikuchyne.sk\/\",\"https:\/\/sk.pinterest.com\/ikuchynesk\/\"]}]}<\/script>\n<!-- \/ Yoast SEO plugin. -->","yoast_head_json":{"title":"Jed\u00e1lensk\u00fd st\u00f4l Mammut 120 cm ag\u00e1t &#187; iKuchyne iSHOP s n\u00e1bytkom","description":"Jed\u00e1lensk\u00fd st\u00f4l Mammut 120 cm ag\u00e1t 26 mm \u00bb - r\u00fdchle dodanie, poradenstvo, n\u00e1bytok skladom v Bratislave s ikuchyne.sk - kuchyne na mieru.","robots":{"index":"index","follow":"follow","max-snippet":"max-snippet:-1","max-image-preview":"max-image-preview:large","max-video-preview":"max-video-preview:-1"},"canonical":"https:\/\/www.ikuchyne.sk\/eshop\/produkt\/jedalensky-stol-mammut-120cm-agat-26mm\/","og_locale":"sk_SK","og_type":"article","og_title":"Jed\u00e1lensk\u00fd st\u00f4l Mammut 120 cm ag\u00e1t &#187; iKuchyne iSHOP s n\u00e1bytkom","og_description":"Jed\u00e1lensk\u00fd st\u00f4l Mammut 120 cm ag\u00e1t 26 mm \u00bb - r\u00fdchle dodanie, poradenstvo, n\u00e1bytok skladom v Bratislave s ikuchyne.sk - kuchyne na mieru.","og_url":"https:\/\/www.ikuchyne.sk\/eshop\/produkt\/jedalensky-stol-mammut-120cm-agat-26mm\/","og_site_name":"iKuchyne iSHOP s n\u00e1bytkom","article_publisher":"https:\/\/www.facebook.com\/ikuchyne\/","article_modified_time":"2021-03-26T00:08:53+00:00","og_image":[{"width":800,"height":533,"url":"https:\/\/www.ikuchyne.sk\/eshop\/wp-content\/uploads\/2020\/12\/file0039636.jpg","type":"image\/jpeg"}],"twitter_card":"summary_large_image","twitter_misc":{"Predpokladan\u00fd \u010das \u010d\u00edtania":"2 min\u00faty"},"schema":{"@context":"https:\/\/schema.org","@graph":[{"@type":"WebPage","@id":"https:\/\/www.ikuchyne.sk\/eshop\/produkt\/jedalensky-stol-mammut-120cm-agat-26mm\/","url":"https:\/\/www.ikuchyne.sk\/eshop\/produkt\/jedalensky-stol-mammut-120cm-agat-26mm\/","name":"Jed\u00e1lensk\u00fd st\u00f4l Mammut 120 cm ag\u00e1t &#187; iKuchyne iSHOP s n\u00e1bytkom","isPartOf":{"@id":"https:\/\/www.ikuchyne.sk\/eshop\/#website"},"datePublished":"2021-03-04T06:17:55+00:00","dateModified":"2021-03-26T00:08:53+00:00","description":"Jed\u00e1lensk\u00fd st\u00f4l Mammut 120 cm ag\u00e1t 26 mm \u00bb - r\u00fdchle dodanie, poradenstvo, n\u00e1bytok skladom v Bratislave s ikuchyne.sk - kuchyne na mieru.","breadcrumb":{"@id":"https:\/\/www.ikuchyne.sk\/eshop\/produkt\/jedalensky-stol-mammut-120cm-agat-26mm\/#breadcrumb"},"inLanguage":"sk-SK","potentialAction":[{"@type":"ReadAction","target":["https:\/\/www.ikuchyne.sk\/eshop\/produkt\/jedalensky-stol-mammut-120cm-agat-26mm\/"]}]},{"@type":"BreadcrumbList","@id":"https:\/\/www.ikuchyne.sk\/eshop\/produkt\/jedalensky-stol-mammut-120cm-agat-26mm\/#breadcrumb","itemListElement":[{"@type":"ListItem","position":1,"name":"Home","item":"https:\/\/www.ikuchyne.sk\/eshop\/"},{"@type":"ListItem","position":2,"name":"Obchod","item":"https:\/\/www.ikuchyne.sk\/eshop\/obchod\/"},{"@type":"ListItem","position":3,"name":"Jed\u00e1lensk\u00fd st\u00f4l Mammut 120 cm ag\u00e1t 26 mm \u00bb"}]},{"@type":"WebSite","@id":"https:\/\/www.ikuchyne.sk\/eshop\/#website","url":"https:\/\/www.ikuchyne.sk\/eshop\/","name":"iKuchyne iSHOP s n\u00e1bytkom","description":"Jed\u00e1lensk\u00e9 stoly, stoli\u010dky, n\u00e1bytok, svietidl\u00e1...","publisher":{"@id":"https:\/\/www.ikuchyne.sk\/eshop\/#organization"},"potentialAction":[{"@type":"SearchAction","target":{"@type":"EntryPoint","urlTemplate":"https:\/\/www.ikuchyne.sk\/eshop\/?s={search_term_string}"},"query-input":"required name=search_term_string"}],"inLanguage":"sk-SK"},{"@type":"Organization","@id":"https:\/\/www.ikuchyne.sk\/eshop\/#organization","name":"ikuchyne!","url":"https:\/\/www.ikuchyne.sk\/eshop\/","logo":{"@type":"ImageObject","inLanguage":"sk-SK","@id":"https:\/\/www.ikuchyne.sk\/eshop\/#\/schema\/logo\/image\/","url":"https:\/\/www.ikuchyne.sk\/eshop\/wp-content\/uploads\/2017\/04\/ikuchyne-logo.jpg","contentUrl":"https:\/\/www.ikuchyne.sk\/eshop\/wp-content\/uploads\/2017\/04\/ikuchyne-logo.jpg","width":200,"height":48,"caption":"ikuchyne!"},"image":{"@id":"https:\/\/www.ikuchyne.sk\/eshop\/#\/schema\/logo\/image\/"},"sameAs":["https:\/\/www.facebook.com\/ikuchyne\/","https:\/\/www.instagram.com\/ikuchyne.sk\/","https:\/\/sk.pinterest.com\/ikuchynesk\/"]}]}},"_links":{"self":[{"href":"https:\/\/www.ikuchyne.sk\/eshop\/wp-json\/wp\/v2\/product\/148378"}],"collection":[{"href":"https:\/\/www.ikuchyne.sk\/eshop\/wp-json\/wp\/v2\/product"}],"about":[{"href":"https:\/\/www.ikuchyne.sk\/eshop\/wp-json\/wp\/v2\/types\/product"}],"replies":[{"embeddable":true,"href":"https:\/\/www.ikuchyne.sk\/eshop\/wp-json\/wp\/v2\/comments?post=148378"}],"wp:featuredmedia":[{"embeddable":true,"href":"https:\/\/www.ikuchyne.sk\/eshop\/wp-json\/wp\/v2\/media\/149882"}],"wp:attachment":[{"href":"https:\/\/www.ikuchyne.sk\/eshop\/wp-json\/wp\/v2\/media?parent=148378"}],"wp:term":[{"taxonomy":"product_cat","embeddable":true,"href":"https:\/\/www.ikuchyne.sk\/eshop\/wp-json\/wp\/v2\/product_cat?post=148378"},{"taxonomy":"product_tag","embeddable":true,"href":"https:\/\/www.ikuchyne.sk\/eshop\/wp-json\/wp\/v2\/product_tag?post=148378"}],"curies":[{"name":"wp","href":"https:\/\/api.w.org\/{rel}","templated":true}]}}