{"id":148383,"date":"2021-03-04T07:19:48","date_gmt":"2021-03-04T06:19:48","guid":{"rendered":"https:\/\/www.ikuchyne.sk\/eshop\/?post_type=product&#038;p=148383"},"modified":"2024-06-11T08:20:18","modified_gmt":"2024-06-11T06:20:18","slug":"jedalensky-stol-mammut-180cm-agat-35mm","status":"publish","type":"product","link":"https:\/\/www.ikuchyne.sk\/eshop\/produkt\/jedalensky-stol-mammut-180cm-agat-35mm\/","title":{"rendered":"Jed\u00e1lensk\u00fd st\u00f4l Mammut 180 cm ag\u00e1t 35 mm \u00bb"},"content":{"rendered":"<h1>Jed\u00e1lensk\u00fd st\u00f4l Mammut 180 cm ag\u00e1t 35 mm \u00bb<\/h1>\n<h4><strong>V\u0161eobecn\u00fd popis:<\/strong><\/h4>\n<p>P\u00f4sobiv\u00fd jed\u00e1lensk\u00fd st\u00f4l Mammut 180 cm ag\u00e1t 35 mm so stolovou doskou z ag\u00e1tov\u00e9ho dreva. Kovov\u00fd r\u00e1m pod\u010diarkuje priemyseln\u00fd vzh\u013ead stola. Okraj stola je vymodelovan\u00fd na pr\u00edrodnom reze stromu. Dajte svojej jed\u00e1lni nov\u00fd vzh\u013ead u\u017e teraz!<\/p>\n<p>Tento jed\u00e1lensk\u00fd st\u00f4l je skuto\u010dn\u00fdm p\u00fata\u010dom pozornosti. Objavte n\u00e1\u0161 ve\u013ek\u00fd jed\u00e1lensk\u00fd st\u00f4l MAMMUT s jeho pr\u00edrodnou stolovou doskou! Ako \u0161peci\u00e1lne zv\u00fdraznenie boli okraje stola spracovan\u00e9 tak, aby vznikol p\u00f4vodn\u00fd charakter a prirodzen\u00fd dojem pl\u00e1tu obrovsk\u00e9ho ak\u00e1ciov\u00e9ho stromu. Ako keby ste presne v strede vyrezali ve\u013ek\u00fd strom, aby ste z neho vytvorili horn\u00fa dosku! To umo\u017e\u0148uje \u0161peci\u00e1lne vyvinut\u00fd stroj, ktor\u00fd re\u017ee drevo v p\u00f4vodnom stave s k\u00f4rou na po\u017eadovan\u00fa hr\u00fabku.<\/p>\n<p>Pre ve\u013emi jedine\u010dn\u00fd vkus vo va\u0161ej jed\u00e1lni. A\u017e po dlh\u0161ej f\u00e1ze su\u0161enia je k\u00f4ra zlo\u017eit\u00fdm sp\u00f4sobom odstr\u00e1nen\u00e1 a okraje prebr\u00fasen\u00e9, nalakovan\u00e9 a povrchovo utesnen\u00e9, aby ste si mohli pri jedle pri tomto jed\u00e1lenskom stole vychutna\u0165 bezstarostn\u00e9 ve\u010dery so svojimi priate\u013emi a pr\u00edbuzn\u00fdmi. Ako posledn\u00fd krok sa 3,5 cm hrub\u00e1 plat\u0148a podrob\u00ed d\u00f4kladnej kontrole kvality a v\u0161etky drsn\u00e9 miesta sa znovu br\u00fasia a le\u0161tia ru\u010dne. Jed\u00e1lensk\u00fd st\u00f4l podopieraj\u00fa dve pevn\u00e9 nerezov\u00e9 ly\u017einy, ktor\u00e9 tvoria modern\u00fd kontrast s drevenou doskou a dod\u00e1vaj\u00fa stolu n\u00e1dych priemyseln\u00e9ho dizajnu.<\/p>\n<h4><strong>Detaily produktu:<\/strong><\/h4>\n<p>Preto\u017ee sa jedn\u00e1 o pr\u00edrodn\u00fd produkt, ka\u017ed\u00e1 doska stola je absol\u00fatne jedine\u010dn\u00e1. Nerovnosti, charizmatick\u00e9 uzly, praskliny alebo dokonca rozmerov\u00e9 rozdiely s\u00fa mo\u017en\u00e9 a vytv\u00e1raj\u00fa originalitu a \u010daro mas\u00edvneho dreva. Existuj\u00face trhliny s\u00fa po\u010das v\u00fdrobn\u00e9ho procesu spojen\u00e9 a stabilizovan\u00e9 spojovac\u00edmi kusmi z rovnak\u00e9ho dreva. Preto m\u00f4\u017eu existova\u0165 farebn\u00e9 odch\u00fdlky. \u017diadna z t\u00fdchto skuto\u010dnost\u00ed nie je d\u00f4vodom na reklam\u00e1ciu. Ka\u017ed\u00e1 stolov\u00e1 doska je jedine\u010dn\u00e1 s jedine\u010dn\u00fdm zrnom a tvarom (h\u013abka, hr\u00fabka a d\u013a\u017eka stolovej dosky sa m\u00f4\u017eu mierne l\u00ed\u0161i\u0165) s kvalitnou le\u0161tenou stolovou doskou z ag\u00e1tov\u00e9ho dreva v kr\u00e1snom medovom t\u00f3ne. Nohy z nehrdzavej\u00facej ocele dodaj\u00fa stolu vynikaj\u00faci priemyseln\u00fd n\u00e1dych. Doska je o\u0161etren\u00e1 a sp\u013a\u0148a v\u0161etky smernice E\u00da. M\u00f4\u017ee sa usadi\u0165 a\u017e 8 os\u00f4b.<\/p>\n<p><strong>Rozmery (cca):<\/strong><br \/>\n180cm x 76cm x 90cm (\u0160xVxH)<\/p>\n<p><b>Farba:\u00a0<\/b>pr\u00edrodn\u00e1 hned\u00e1, \u010dierna &#8211; Industri\u00e1lny \u0161t\u00fdl<br \/>\n<b>Materi\u00e1l: <\/b><br \/>\nDoska stola: mas\u00edvne drevo, ag\u00e1t, lakovan\u00e9<br \/>\nR\u00e1m: oce\u013e, pr\u00e1\u0161kovo lakovan\u00fd<\/p>\n<p>Dodato\u010dn\u00e9 inform\u00e1cie:<\/p>\n<p>V pr\u00edpade z\u00e1ujmu o in\u00e9 jed\u00e1lensk\u00e9 stoly, nav\u0161t\u00edvte sekciu jed\u00e1lensk\u00e9 stoly na <a href=\"https:\/\/www.ikuchyne.sk\/eshop\/kategoria\/jedalenske-stoly\/\">www.ikuchyne.sk\/eshop<\/a><br \/>\nV pr\u00edpade z\u00e1ujmu o n\u00e1bytok na mieru n\u00e1s kontaktuje na <a href=\"http:\/\/www.ikuchyne.sk\">www.ikuchyne.sk<\/a><\/p>\n","protected":false},"excerpt":{"rendered":"<p>Jed\u00e1lensk\u00fd st\u00f4l Mammut 180 cm ag\u00e1t 35 mm \u00bb V\u0161eobecn\u00fd popis: P\u00f4sobiv\u00fd jed\u00e1lensk\u00fd st\u00f4l Mammut 180 cm ag\u00e1t 35 mm so stolovou doskou z ag\u00e1tov\u00e9ho dreva. Kovov\u00fd r\u00e1m pod\u010diarkuje priemyseln\u00fd<\/p>\n","protected":false},"featured_media":148384,"comment_status":"closed","ping_status":"closed","template":"","meta":[],"product_cat":[772,287,591,855,847,849],"product_tag":[256,272],"yoast_head":"<!-- This site is optimized with the Yoast SEO plugin v22.1 - https:\/\/yoast.com\/wordpress\/plugins\/seo\/ -->\n<title>Jed\u00e1lensk\u00fd st\u00f4l Mammut 180 cm ag\u00e1t &#187; iKuchyne iSHOP s n\u00e1bytkom<\/title>\n<meta name=\"description\" content=\"Jed\u00e1lensk\u00fd st\u00f4l Mammut 180 cm ag\u00e1t 35 mm \u00bb - r\u00fdchle dodanie, poradenstvo, n\u00e1bytok skladom v Bratislave s ikuchyne.sk - kuchyne na mieru.\" \/>\n<meta name=\"robots\" content=\"index, follow, max-snippet:-1, max-image-preview:large, max-video-preview:-1\" \/>\n<link rel=\"canonical\" href=\"https:\/\/www.ikuchyne.sk\/eshop\/produkt\/jedalensky-stol-mammut-180cm-agat-35mm\/\" \/>\n<meta property=\"og:locale\" content=\"sk_SK\" \/>\n<meta property=\"og:type\" content=\"article\" \/>\n<meta property=\"og:title\" content=\"Jed\u00e1lensk\u00fd st\u00f4l Mammut 180 cm ag\u00e1t &#187; iKuchyne iSHOP s n\u00e1bytkom\" \/>\n<meta property=\"og:description\" content=\"Jed\u00e1lensk\u00fd st\u00f4l Mammut 180 cm ag\u00e1t 35 mm \u00bb - r\u00fdchle dodanie, poradenstvo, n\u00e1bytok skladom v Bratislave s ikuchyne.sk - kuchyne na mieru.\" \/>\n<meta property=\"og:url\" content=\"https:\/\/www.ikuchyne.sk\/eshop\/produkt\/jedalensky-stol-mammut-180cm-agat-35mm\/\" \/>\n<meta property=\"og:site_name\" content=\"iKuchyne iSHOP s n\u00e1bytkom\" \/>\n<meta property=\"article:publisher\" content=\"https:\/\/www.facebook.com\/ikuchyne\/\" \/>\n<meta property=\"article:modified_time\" content=\"2024-06-11T06:20:18+00:00\" \/>\n<meta property=\"og:image\" content=\"https:\/\/www.ikuchyne.sk\/eshop\/wp-content\/uploads\/2020\/12\/Jed\u00e1lensk\u00fd-st\u00f4l-Mammut-180cm-ag\u00e1t-35mm-40607.jpg\" \/>\n\t<meta property=\"og:image:width\" content=\"800\" \/>\n\t<meta property=\"og:image:height\" content=\"533\" \/>\n\t<meta property=\"og:image:type\" content=\"image\/jpeg\" \/>\n<meta name=\"twitter:card\" content=\"summary_large_image\" \/>\n<meta name=\"twitter:label1\" content=\"Predpokladan\u00fd \u010das \u010d\u00edtania\" \/>\n\t<meta name=\"twitter:data1\" content=\"3 min\u00faty\" \/>\n<script type=\"application\/ld+json\" class=\"yoast-schema-graph\">{\"@context\":\"https:\/\/schema.org\",\"@graph\":[{\"@type\":\"WebPage\",\"@id\":\"https:\/\/www.ikuchyne.sk\/eshop\/produkt\/jedalensky-stol-mammut-180cm-agat-35mm\/\",\"url\":\"https:\/\/www.ikuchyne.sk\/eshop\/produkt\/jedalensky-stol-mammut-180cm-agat-35mm\/\",\"name\":\"Jed\u00e1lensk\u00fd st\u00f4l Mammut 180 cm ag\u00e1t &#187; iKuchyne iSHOP s n\u00e1bytkom\",\"isPartOf\":{\"@id\":\"https:\/\/www.ikuchyne.sk\/eshop\/#website\"},\"datePublished\":\"2021-03-04T06:19:48+00:00\",\"dateModified\":\"2024-06-11T06:20:18+00:00\",\"description\":\"Jed\u00e1lensk\u00fd st\u00f4l Mammut 180 cm ag\u00e1t 35 mm \u00bb - r\u00fdchle dodanie, poradenstvo, n\u00e1bytok skladom v Bratislave s ikuchyne.sk - kuchyne na mieru.\",\"breadcrumb\":{\"@id\":\"https:\/\/www.ikuchyne.sk\/eshop\/produkt\/jedalensky-stol-mammut-180cm-agat-35mm\/#breadcrumb\"},\"inLanguage\":\"sk-SK\",\"potentialAction\":[{\"@type\":\"ReadAction\",\"target\":[\"https:\/\/www.ikuchyne.sk\/eshop\/produkt\/jedalensky-stol-mammut-180cm-agat-35mm\/\"]}]},{\"@type\":\"BreadcrumbList\",\"@id\":\"https:\/\/www.ikuchyne.sk\/eshop\/produkt\/jedalensky-stol-mammut-180cm-agat-35mm\/#breadcrumb\",\"itemListElement\":[{\"@type\":\"ListItem\",\"position\":1,\"name\":\"Home\",\"item\":\"https:\/\/www.ikuchyne.sk\/eshop\/\"},{\"@type\":\"ListItem\",\"position\":2,\"name\":\"Obchod\",\"item\":\"https:\/\/www.ikuchyne.sk\/eshop\/obchod\/\"},{\"@type\":\"ListItem\",\"position\":3,\"name\":\"Jed\u00e1lensk\u00fd st\u00f4l Mammut 180 cm ag\u00e1t 35 mm \u00bb\"}]},{\"@type\":\"WebSite\",\"@id\":\"https:\/\/www.ikuchyne.sk\/eshop\/#website\",\"url\":\"https:\/\/www.ikuchyne.sk\/eshop\/\",\"name\":\"iKuchyne iSHOP s n\u00e1bytkom\",\"description\":\"Jed\u00e1lensk\u00e9 stoly, stoli\u010dky, n\u00e1bytok, svietidl\u00e1...\",\"publisher\":{\"@id\":\"https:\/\/www.ikuchyne.sk\/eshop\/#organization\"},\"potentialAction\":[{\"@type\":\"SearchAction\",\"target\":{\"@type\":\"EntryPoint\",\"urlTemplate\":\"https:\/\/www.ikuchyne.sk\/eshop\/?s={search_term_string}\"},\"query-input\":\"required name=search_term_string\"}],\"inLanguage\":\"sk-SK\"},{\"@type\":\"Organization\",\"@id\":\"https:\/\/www.ikuchyne.sk\/eshop\/#organization\",\"name\":\"ikuchyne!\",\"url\":\"https:\/\/www.ikuchyne.sk\/eshop\/\",\"logo\":{\"@type\":\"ImageObject\",\"inLanguage\":\"sk-SK\",\"@id\":\"https:\/\/www.ikuchyne.sk\/eshop\/#\/schema\/logo\/image\/\",\"url\":\"https:\/\/www.ikuchyne.sk\/eshop\/wp-content\/uploads\/2017\/04\/ikuchyne-logo.jpg\",\"contentUrl\":\"https:\/\/www.ikuchyne.sk\/eshop\/wp-content\/uploads\/2017\/04\/ikuchyne-logo.jpg\",\"width\":200,\"height\":48,\"caption\":\"ikuchyne!\"},\"image\":{\"@id\":\"https:\/\/www.ikuchyne.sk\/eshop\/#\/schema\/logo\/image\/\"},\"sameAs\":[\"https:\/\/www.facebook.com\/ikuchyne\/\",\"https:\/\/www.instagram.com\/ikuchyne.sk\/\",\"https:\/\/sk.pinterest.com\/ikuchynesk\/\"]}]}<\/script>\n<!-- \/ Yoast SEO plugin. -->","yoast_head_json":{"title":"Jed\u00e1lensk\u00fd st\u00f4l Mammut 180 cm ag\u00e1t &#187; iKuchyne iSHOP s n\u00e1bytkom","description":"Jed\u00e1lensk\u00fd st\u00f4l Mammut 180 cm ag\u00e1t 35 mm \u00bb - r\u00fdchle dodanie, poradenstvo, n\u00e1bytok skladom v Bratislave s ikuchyne.sk - kuchyne na mieru.","robots":{"index":"index","follow":"follow","max-snippet":"max-snippet:-1","max-image-preview":"max-image-preview:large","max-video-preview":"max-video-preview:-1"},"canonical":"https:\/\/www.ikuchyne.sk\/eshop\/produkt\/jedalensky-stol-mammut-180cm-agat-35mm\/","og_locale":"sk_SK","og_type":"article","og_title":"Jed\u00e1lensk\u00fd st\u00f4l Mammut 180 cm ag\u00e1t &#187; iKuchyne iSHOP s n\u00e1bytkom","og_description":"Jed\u00e1lensk\u00fd st\u00f4l Mammut 180 cm ag\u00e1t 35 mm \u00bb - r\u00fdchle dodanie, poradenstvo, n\u00e1bytok skladom v Bratislave s ikuchyne.sk - kuchyne na mieru.","og_url":"https:\/\/www.ikuchyne.sk\/eshop\/produkt\/jedalensky-stol-mammut-180cm-agat-35mm\/","og_site_name":"iKuchyne iSHOP s n\u00e1bytkom","article_publisher":"https:\/\/www.facebook.com\/ikuchyne\/","article_modified_time":"2024-06-11T06:20:18+00:00","og_image":[{"width":800,"height":533,"url":"https:\/\/www.ikuchyne.sk\/eshop\/wp-content\/uploads\/2020\/12\/Jed\u00e1lensk\u00fd-st\u00f4l-Mammut-180cm-ag\u00e1t-35mm-40607.jpg","type":"image\/jpeg"}],"twitter_card":"summary_large_image","twitter_misc":{"Predpokladan\u00fd \u010das \u010d\u00edtania":"3 min\u00faty"},"schema":{"@context":"https:\/\/schema.org","@graph":[{"@type":"WebPage","@id":"https:\/\/www.ikuchyne.sk\/eshop\/produkt\/jedalensky-stol-mammut-180cm-agat-35mm\/","url":"https:\/\/www.ikuchyne.sk\/eshop\/produkt\/jedalensky-stol-mammut-180cm-agat-35mm\/","name":"Jed\u00e1lensk\u00fd st\u00f4l Mammut 180 cm ag\u00e1t &#187; iKuchyne iSHOP s n\u00e1bytkom","isPartOf":{"@id":"https:\/\/www.ikuchyne.sk\/eshop\/#website"},"datePublished":"2021-03-04T06:19:48+00:00","dateModified":"2024-06-11T06:20:18+00:00","description":"Jed\u00e1lensk\u00fd st\u00f4l Mammut 180 cm ag\u00e1t 35 mm \u00bb - r\u00fdchle dodanie, poradenstvo, n\u00e1bytok skladom v Bratislave s ikuchyne.sk - kuchyne na mieru.","breadcrumb":{"@id":"https:\/\/www.ikuchyne.sk\/eshop\/produkt\/jedalensky-stol-mammut-180cm-agat-35mm\/#breadcrumb"},"inLanguage":"sk-SK","potentialAction":[{"@type":"ReadAction","target":["https:\/\/www.ikuchyne.sk\/eshop\/produkt\/jedalensky-stol-mammut-180cm-agat-35mm\/"]}]},{"@type":"BreadcrumbList","@id":"https:\/\/www.ikuchyne.sk\/eshop\/produkt\/jedalensky-stol-mammut-180cm-agat-35mm\/#breadcrumb","itemListElement":[{"@type":"ListItem","position":1,"name":"Home","item":"https:\/\/www.ikuchyne.sk\/eshop\/"},{"@type":"ListItem","position":2,"name":"Obchod","item":"https:\/\/www.ikuchyne.sk\/eshop\/obchod\/"},{"@type":"ListItem","position":3,"name":"Jed\u00e1lensk\u00fd st\u00f4l Mammut 180 cm ag\u00e1t 35 mm \u00bb"}]},{"@type":"WebSite","@id":"https:\/\/www.ikuchyne.sk\/eshop\/#website","url":"https:\/\/www.ikuchyne.sk\/eshop\/","name":"iKuchyne iSHOP s n\u00e1bytkom","description":"Jed\u00e1lensk\u00e9 stoly, stoli\u010dky, n\u00e1bytok, svietidl\u00e1...","publisher":{"@id":"https:\/\/www.ikuchyne.sk\/eshop\/#organization"},"potentialAction":[{"@type":"SearchAction","target":{"@type":"EntryPoint","urlTemplate":"https:\/\/www.ikuchyne.sk\/eshop\/?s={search_term_string}"},"query-input":"required name=search_term_string"}],"inLanguage":"sk-SK"},{"@type":"Organization","@id":"https:\/\/www.ikuchyne.sk\/eshop\/#organization","name":"ikuchyne!","url":"https:\/\/www.ikuchyne.sk\/eshop\/","logo":{"@type":"ImageObject","inLanguage":"sk-SK","@id":"https:\/\/www.ikuchyne.sk\/eshop\/#\/schema\/logo\/image\/","url":"https:\/\/www.ikuchyne.sk\/eshop\/wp-content\/uploads\/2017\/04\/ikuchyne-logo.jpg","contentUrl":"https:\/\/www.ikuchyne.sk\/eshop\/wp-content\/uploads\/2017\/04\/ikuchyne-logo.jpg","width":200,"height":48,"caption":"ikuchyne!"},"image":{"@id":"https:\/\/www.ikuchyne.sk\/eshop\/#\/schema\/logo\/image\/"},"sameAs":["https:\/\/www.facebook.com\/ikuchyne\/","https:\/\/www.instagram.com\/ikuchyne.sk\/","https:\/\/sk.pinterest.com\/ikuchynesk\/"]}]}},"_links":{"self":[{"href":"https:\/\/www.ikuchyne.sk\/eshop\/wp-json\/wp\/v2\/product\/148383"}],"collection":[{"href":"https:\/\/www.ikuchyne.sk\/eshop\/wp-json\/wp\/v2\/product"}],"about":[{"href":"https:\/\/www.ikuchyne.sk\/eshop\/wp-json\/wp\/v2\/types\/product"}],"replies":[{"embeddable":true,"href":"https:\/\/www.ikuchyne.sk\/eshop\/wp-json\/wp\/v2\/comments?post=148383"}],"wp:featuredmedia":[{"embeddable":true,"href":"https:\/\/www.ikuchyne.sk\/eshop\/wp-json\/wp\/v2\/media\/148384"}],"wp:attachment":[{"href":"https:\/\/www.ikuchyne.sk\/eshop\/wp-json\/wp\/v2\/media?parent=148383"}],"wp:term":[{"taxonomy":"product_cat","embeddable":true,"href":"https:\/\/www.ikuchyne.sk\/eshop\/wp-json\/wp\/v2\/product_cat?post=148383"},{"taxonomy":"product_tag","embeddable":true,"href":"https:\/\/www.ikuchyne.sk\/eshop\/wp-json\/wp\/v2\/product_tag?post=148383"}],"curies":[{"name":"wp","href":"https:\/\/api.w.org\/{rel}","templated":true}]}}