{"id":148456,"date":"2021-03-04T07:09:29","date_gmt":"2021-03-04T06:09:29","guid":{"rendered":"https:\/\/www.ikuchyne.sk\/eshop\/?post_type=product&#038;p=148456"},"modified":"2021-03-16T22:56:08","modified_gmt":"2021-03-16T21:56:08","slug":"konferencny-stolik-elements-50-cm-mramor-sivy","status":"publish","type":"product","link":"https:\/\/www.ikuchyne.sk\/eshop\/produkt\/konferencny-stolik-elements-50-cm-mramor-sivy\/","title":{"rendered":"Konferen\u010dn\u00fd stol\u00edk Elements 50 cm mramor siv\u00fd \u00bb"},"content":{"rendered":"<h1>Konferen\u010dn\u00fd stol\u00edk Elements 50 cm mramor siv\u00fd \u00bb<\/h1>\n<h4><strong>V\u0161eobecn\u00fd popis:<\/strong><\/h4>\n<p>Na prv\u00fd poh\u013ead nad\u010dasov\u00fd Konferen\u010dn\u00fd stol\u00edk Elements 50 cm mramor siv\u00fd s mramorovou doskou. Kr\u00e1sny vzh\u013ead stolovej dosky je v\u017edy jedine\u010dn\u00fd. \u010cierny kovov\u00fd r\u00e1m zais\u0165uje stabiln\u00fd stojan. Skombinujte mramorov\u00fd konferen\u010dn\u00fd stol\u00edk pod\u013ea v\u00e1\u0161ho vkusu!<\/p>\n<p>Tento konferen\u010dn\u00fd stol\u00edk zastupuje najkvalitnej\u0161ie materi\u00e1ly v perfektnom dizajne. Absol\u00fatnym l\u00e1kadlom tohto extravagantn\u00e9ho konferen\u010dn\u00e9ho stol\u00edka je bezpochyby hranat\u00e1 stolov\u00e1 doska zo \u0161ed\u00e9ho mramoru. Mramor, ktor\u00fd je starostlivo vyle\u0161ten\u00fd, \u017eiari ako \u017eiadny in\u00fd pr\u00edrodn\u00fd produkt a odha\u013euje svoje individu\u00e1lne zrno, ktor\u00e9 vzniklo po\u010das tis\u00edcro\u010d\u00ed geologick\u00fdch procesov. Po\u010detn\u00e9 svetl\u00e9 a tmavo\u0161ed\u00e9 nuansy mramoru akoby spl\u00fdvali ako jemn\u00e9 vlny a v\u00fdsledkom je jedine\u010dn\u00fd vzor, \u200b\u200bktor\u00fd rob\u00ed ka\u017ed\u00fd st\u00f4l jedine\u010dn\u00fdm.<\/p>\n<p>Tento konferen\u010dn\u00fd stol\u00edk sa vyzna\u010duje \u0161t\u00fdlovou \u013eahkos\u0165ou. Mramorov\u00fd disk je podopret\u00fd filigr\u00e1nov\u00fdm kovov\u00fdm r\u00e1mom v \u010diernej farbe. Kombin\u00e1cia ru\u010dne vyrobenej kamennej dosky a jemn\u00e9ho r\u00e1mu sp\u00f4sobuje, \u017ee st\u00f4l vyzer\u00e1 p\u00f4sobivo. Ka\u017ed\u00fd st\u00f4l in\u0161piruje ve\u013emi individu\u00e1lnou farebnou kresbou a autentick\u00fdmi kamenn\u00fdmi prvkami, ako s\u00fa mal\u00e9 hr\u010dky alebo inkl\u00fazie &#8211; te\u0161te sa na jedine\u010dn\u00fd k\u00fasok vo va\u0161ej dom\u00e1cnosti!<\/p>\n<p><strong>Detaily produktu:<\/strong><\/p>\n<p>Jedine\u010dn\u00fd vzh\u013ead mramoru rob\u00ed zo stola \u00fa\u017easn\u00fd jedine\u010dn\u00fd k\u00fasok. Ve\u013ea odtie\u0148ov tmavo\u0161edej a svetlo\u0161edej farby vedie k vzru\u0161uj\u00facemu vzoru. Ka\u017ed\u00e1 mramorov\u00e1 doska je starostlivo vyle\u0161ten\u00e1. Vhodn\u00e9 bytov\u00e9 doplnky pre kombinovanie interi\u00e9ru s t\u00fdmto konferen\u010dn\u00fdm stol\u00edkom n\u00e1jdete na na\u0161om e-shope v sekcii Bytov\u00e9 doplnky. Kontaktujte n\u00e1s a my v\u00e1m radi pom\u00f4\u017eeme s v\u00fdberom vhodn\u00fdch dekor\u00e1ci\u00ed.<\/p>\n<p><strong>Rozmery (cca):<\/strong><br \/>\n50cm x 41cm x 50cm (\u0160xVxH)<\/p>\n<p><b>Farba:\u00a0<\/b>siv\u00e1, \u010dierna<br \/>\n<b>Materi\u00e1l: <\/b><br \/>\nDoska stola: mramor, le\u0161ten\u00fd<br \/>\nR\u00e1m: kov<\/p>\n<p><strong>Tento konferen\u010dn\u00fd stol\u00edk m\u00f4\u017eete n\u00e1js\u0165 aj v prevedeniach:<\/strong><\/p>\n<p>Konferen\u010dn\u00fd stol\u00edk Elements 50 cm mramor biely<br \/>\nKonferen\u010dn\u00fd stol\u00edk Elements 50 cm mramor zelen\u00fd<\/p>\n<p>Dodac\u00ed stav: \u010diasto\u010dne zmontovan\u00fd<br \/>\nBalenie 1: (pribli\u017ene) 60 x 59 x 10 cm \/ 11 kg<br \/>\nBalenie 2: (pribli\u017ene) 55 x 54 x 43 cm \/ 5,5 kg<\/p>\n<p>Dodato\u010dn\u00e9 inform\u00e1cie:<\/p>\n<p>V pr\u00edpade z\u00e1ujmu o in\u00e9 stoly ako toaletn\u00e9, p\u00edsacie, konferen\u010dn\u00e9 stol\u00edky \u010di jed\u00e1lensk\u00e9 stoly, nav\u0161t\u00edvte sekciu stoly na <a href=\"https:\/\/www.ikuchyne.sk\/eshop\/kategoria\/stoly\/\">www.ikuchyne.sk\/eshop<\/a><br \/>\nV pr\u00edpade z\u00e1ujmu o n\u00e1bytok na mieru n\u00e1s kontaktuje na <a href=\"http:\/\/www.ikuchyne.sk\">www.ikuchyne.sk<\/a><\/p>\n","protected":false},"excerpt":{"rendered":"<p>Konferen\u010dn\u00fd stol\u00edk Elements 50 cm mramor siv\u00fd \u00bb V\u0161eobecn\u00fd popis: Na prv\u00fd poh\u013ead nad\u010dasov\u00fd Konferen\u010dn\u00fd stol\u00edk Elements 50 cm mramor siv\u00fd s mramorovou doskou. Kr\u00e1sny vzh\u013ead stolovej dosky je v\u017edy<\/p>\n","protected":false},"featured_media":148457,"comment_status":"closed","ping_status":"closed","template":"","meta":[],"product_cat":[832,842,304,839,772,287],"product_tag":[187,2943,204],"yoast_head":"<!-- This site is optimized with the Yoast SEO plugin v22.1 - https:\/\/yoast.com\/wordpress\/plugins\/seo\/ -->\n<title>Konferen\u010dn\u00fd stol\u00edk Elements mramor siv\u00fd &#187; iKuchyne iSHOP s n\u00e1bytkom<\/title>\n<meta name=\"description\" content=\"Konferen\u010dn\u00fd stol\u00edk Elements 50 cm mramor siv\u00fd \u00bb r\u00fdchle dodanie, poradenstvo, n\u00e1bytok skladom, ktor\u00e1 bude dominantou dom\u00e1cnosti s ikuchyne.sk\" \/>\n<meta name=\"robots\" content=\"index, follow, max-snippet:-1, max-image-preview:large, max-video-preview:-1\" \/>\n<link rel=\"canonical\" href=\"https:\/\/www.ikuchyne.sk\/eshop\/produkt\/konferencny-stolik-elements-50-cm-mramor-sivy\/\" \/>\n<meta property=\"og:locale\" content=\"sk_SK\" \/>\n<meta property=\"og:type\" content=\"article\" \/>\n<meta property=\"og:title\" content=\"Konferen\u010dn\u00fd stol\u00edk Elements mramor siv\u00fd &#187; iKuchyne iSHOP s n\u00e1bytkom\" \/>\n<meta property=\"og:description\" content=\"Konferen\u010dn\u00fd stol\u00edk Elements 50 cm mramor siv\u00fd \u00bb r\u00fdchle dodanie, poradenstvo, n\u00e1bytok skladom, ktor\u00e1 bude dominantou dom\u00e1cnosti s ikuchyne.sk\" \/>\n<meta property=\"og:url\" content=\"https:\/\/www.ikuchyne.sk\/eshop\/produkt\/konferencny-stolik-elements-50-cm-mramor-sivy\/\" \/>\n<meta property=\"og:site_name\" content=\"iKuchyne iSHOP s n\u00e1bytkom\" \/>\n<meta property=\"article:publisher\" content=\"https:\/\/www.facebook.com\/ikuchyne\/\" \/>\n<meta property=\"article:modified_time\" content=\"2021-03-16T21:56:08+00:00\" \/>\n<meta property=\"og:image\" content=\"https:\/\/www.ikuchyne.sk\/eshop\/wp-content\/uploads\/2020\/12\/Konferen\u010dn\u00fd-stol\u00edk-Elements-50cm-mramor-siv\u00e1-40113.jpg\" \/>\n\t<meta property=\"og:image:width\" content=\"800\" \/>\n\t<meta property=\"og:image:height\" content=\"533\" \/>\n\t<meta property=\"og:image:type\" content=\"image\/jpeg\" \/>\n<meta name=\"twitter:card\" content=\"summary_large_image\" \/>\n<meta name=\"twitter:label1\" content=\"Predpokladan\u00fd \u010das \u010d\u00edtania\" \/>\n\t<meta name=\"twitter:data1\" content=\"2 min\u00faty\" \/>\n<script type=\"application\/ld+json\" class=\"yoast-schema-graph\">{\"@context\":\"https:\/\/schema.org\",\"@graph\":[{\"@type\":\"WebPage\",\"@id\":\"https:\/\/www.ikuchyne.sk\/eshop\/produkt\/konferencny-stolik-elements-50-cm-mramor-sivy\/\",\"url\":\"https:\/\/www.ikuchyne.sk\/eshop\/produkt\/konferencny-stolik-elements-50-cm-mramor-sivy\/\",\"name\":\"Konferen\u010dn\u00fd stol\u00edk Elements mramor siv\u00fd &#187; iKuchyne iSHOP s n\u00e1bytkom\",\"isPartOf\":{\"@id\":\"https:\/\/www.ikuchyne.sk\/eshop\/#website\"},\"datePublished\":\"2021-03-04T06:09:29+00:00\",\"dateModified\":\"2021-03-16T21:56:08+00:00\",\"description\":\"Konferen\u010dn\u00fd stol\u00edk Elements 50 cm mramor siv\u00fd \u00bb r\u00fdchle dodanie, poradenstvo, n\u00e1bytok skladom, ktor\u00e1 bude dominantou dom\u00e1cnosti s ikuchyne.sk\",\"breadcrumb\":{\"@id\":\"https:\/\/www.ikuchyne.sk\/eshop\/produkt\/konferencny-stolik-elements-50-cm-mramor-sivy\/#breadcrumb\"},\"inLanguage\":\"sk-SK\",\"potentialAction\":[{\"@type\":\"ReadAction\",\"target\":[\"https:\/\/www.ikuchyne.sk\/eshop\/produkt\/konferencny-stolik-elements-50-cm-mramor-sivy\/\"]}]},{\"@type\":\"BreadcrumbList\",\"@id\":\"https:\/\/www.ikuchyne.sk\/eshop\/produkt\/konferencny-stolik-elements-50-cm-mramor-sivy\/#breadcrumb\",\"itemListElement\":[{\"@type\":\"ListItem\",\"position\":1,\"name\":\"Home\",\"item\":\"https:\/\/www.ikuchyne.sk\/eshop\/\"},{\"@type\":\"ListItem\",\"position\":2,\"name\":\"Obchod\",\"item\":\"https:\/\/www.ikuchyne.sk\/eshop\/obchod\/\"},{\"@type\":\"ListItem\",\"position\":3,\"name\":\"Konferen\u010dn\u00fd stol\u00edk Elements 50 cm mramor siv\u00fd \u00bb\"}]},{\"@type\":\"WebSite\",\"@id\":\"https:\/\/www.ikuchyne.sk\/eshop\/#website\",\"url\":\"https:\/\/www.ikuchyne.sk\/eshop\/\",\"name\":\"iKuchyne iSHOP s n\u00e1bytkom\",\"description\":\"Jed\u00e1lensk\u00e9 stoly, stoli\u010dky, n\u00e1bytok, svietidl\u00e1...\",\"publisher\":{\"@id\":\"https:\/\/www.ikuchyne.sk\/eshop\/#organization\"},\"potentialAction\":[{\"@type\":\"SearchAction\",\"target\":{\"@type\":\"EntryPoint\",\"urlTemplate\":\"https:\/\/www.ikuchyne.sk\/eshop\/?s={search_term_string}\"},\"query-input\":\"required name=search_term_string\"}],\"inLanguage\":\"sk-SK\"},{\"@type\":\"Organization\",\"@id\":\"https:\/\/www.ikuchyne.sk\/eshop\/#organization\",\"name\":\"ikuchyne!\",\"url\":\"https:\/\/www.ikuchyne.sk\/eshop\/\",\"logo\":{\"@type\":\"ImageObject\",\"inLanguage\":\"sk-SK\",\"@id\":\"https:\/\/www.ikuchyne.sk\/eshop\/#\/schema\/logo\/image\/\",\"url\":\"https:\/\/www.ikuchyne.sk\/eshop\/wp-content\/uploads\/2017\/04\/ikuchyne-logo.jpg\",\"contentUrl\":\"https:\/\/www.ikuchyne.sk\/eshop\/wp-content\/uploads\/2017\/04\/ikuchyne-logo.jpg\",\"width\":200,\"height\":48,\"caption\":\"ikuchyne!\"},\"image\":{\"@id\":\"https:\/\/www.ikuchyne.sk\/eshop\/#\/schema\/logo\/image\/\"},\"sameAs\":[\"https:\/\/www.facebook.com\/ikuchyne\/\",\"https:\/\/www.instagram.com\/ikuchyne.sk\/\",\"https:\/\/sk.pinterest.com\/ikuchynesk\/\"]}]}<\/script>\n<!-- \/ Yoast SEO plugin. -->","yoast_head_json":{"title":"Konferen\u010dn\u00fd stol\u00edk Elements mramor siv\u00fd &#187; iKuchyne iSHOP s n\u00e1bytkom","description":"Konferen\u010dn\u00fd stol\u00edk Elements 50 cm mramor siv\u00fd \u00bb r\u00fdchle dodanie, poradenstvo, n\u00e1bytok skladom, ktor\u00e1 bude dominantou dom\u00e1cnosti s ikuchyne.sk","robots":{"index":"index","follow":"follow","max-snippet":"max-snippet:-1","max-image-preview":"max-image-preview:large","max-video-preview":"max-video-preview:-1"},"canonical":"https:\/\/www.ikuchyne.sk\/eshop\/produkt\/konferencny-stolik-elements-50-cm-mramor-sivy\/","og_locale":"sk_SK","og_type":"article","og_title":"Konferen\u010dn\u00fd stol\u00edk Elements mramor siv\u00fd &#187; iKuchyne iSHOP s n\u00e1bytkom","og_description":"Konferen\u010dn\u00fd stol\u00edk Elements 50 cm mramor siv\u00fd \u00bb r\u00fdchle dodanie, poradenstvo, n\u00e1bytok skladom, ktor\u00e1 bude dominantou dom\u00e1cnosti s ikuchyne.sk","og_url":"https:\/\/www.ikuchyne.sk\/eshop\/produkt\/konferencny-stolik-elements-50-cm-mramor-sivy\/","og_site_name":"iKuchyne iSHOP s n\u00e1bytkom","article_publisher":"https:\/\/www.facebook.com\/ikuchyne\/","article_modified_time":"2021-03-16T21:56:08+00:00","og_image":[{"width":800,"height":533,"url":"https:\/\/www.ikuchyne.sk\/eshop\/wp-content\/uploads\/2020\/12\/Konferen\u010dn\u00fd-stol\u00edk-Elements-50cm-mramor-siv\u00e1-40113.jpg","type":"image\/jpeg"}],"twitter_card":"summary_large_image","twitter_misc":{"Predpokladan\u00fd \u010das \u010d\u00edtania":"2 min\u00faty"},"schema":{"@context":"https:\/\/schema.org","@graph":[{"@type":"WebPage","@id":"https:\/\/www.ikuchyne.sk\/eshop\/produkt\/konferencny-stolik-elements-50-cm-mramor-sivy\/","url":"https:\/\/www.ikuchyne.sk\/eshop\/produkt\/konferencny-stolik-elements-50-cm-mramor-sivy\/","name":"Konferen\u010dn\u00fd stol\u00edk Elements mramor siv\u00fd &#187; iKuchyne iSHOP s n\u00e1bytkom","isPartOf":{"@id":"https:\/\/www.ikuchyne.sk\/eshop\/#website"},"datePublished":"2021-03-04T06:09:29+00:00","dateModified":"2021-03-16T21:56:08+00:00","description":"Konferen\u010dn\u00fd stol\u00edk Elements 50 cm mramor siv\u00fd \u00bb r\u00fdchle dodanie, poradenstvo, n\u00e1bytok skladom, ktor\u00e1 bude dominantou dom\u00e1cnosti s ikuchyne.sk","breadcrumb":{"@id":"https:\/\/www.ikuchyne.sk\/eshop\/produkt\/konferencny-stolik-elements-50-cm-mramor-sivy\/#breadcrumb"},"inLanguage":"sk-SK","potentialAction":[{"@type":"ReadAction","target":["https:\/\/www.ikuchyne.sk\/eshop\/produkt\/konferencny-stolik-elements-50-cm-mramor-sivy\/"]}]},{"@type":"BreadcrumbList","@id":"https:\/\/www.ikuchyne.sk\/eshop\/produkt\/konferencny-stolik-elements-50-cm-mramor-sivy\/#breadcrumb","itemListElement":[{"@type":"ListItem","position":1,"name":"Home","item":"https:\/\/www.ikuchyne.sk\/eshop\/"},{"@type":"ListItem","position":2,"name":"Obchod","item":"https:\/\/www.ikuchyne.sk\/eshop\/obchod\/"},{"@type":"ListItem","position":3,"name":"Konferen\u010dn\u00fd stol\u00edk Elements 50 cm mramor siv\u00fd \u00bb"}]},{"@type":"WebSite","@id":"https:\/\/www.ikuchyne.sk\/eshop\/#website","url":"https:\/\/www.ikuchyne.sk\/eshop\/","name":"iKuchyne iSHOP s n\u00e1bytkom","description":"Jed\u00e1lensk\u00e9 stoly, stoli\u010dky, n\u00e1bytok, svietidl\u00e1...","publisher":{"@id":"https:\/\/www.ikuchyne.sk\/eshop\/#organization"},"potentialAction":[{"@type":"SearchAction","target":{"@type":"EntryPoint","urlTemplate":"https:\/\/www.ikuchyne.sk\/eshop\/?s={search_term_string}"},"query-input":"required name=search_term_string"}],"inLanguage":"sk-SK"},{"@type":"Organization","@id":"https:\/\/www.ikuchyne.sk\/eshop\/#organization","name":"ikuchyne!","url":"https:\/\/www.ikuchyne.sk\/eshop\/","logo":{"@type":"ImageObject","inLanguage":"sk-SK","@id":"https:\/\/www.ikuchyne.sk\/eshop\/#\/schema\/logo\/image\/","url":"https:\/\/www.ikuchyne.sk\/eshop\/wp-content\/uploads\/2017\/04\/ikuchyne-logo.jpg","contentUrl":"https:\/\/www.ikuchyne.sk\/eshop\/wp-content\/uploads\/2017\/04\/ikuchyne-logo.jpg","width":200,"height":48,"caption":"ikuchyne!"},"image":{"@id":"https:\/\/www.ikuchyne.sk\/eshop\/#\/schema\/logo\/image\/"},"sameAs":["https:\/\/www.facebook.com\/ikuchyne\/","https:\/\/www.instagram.com\/ikuchyne.sk\/","https:\/\/sk.pinterest.com\/ikuchynesk\/"]}]}},"_links":{"self":[{"href":"https:\/\/www.ikuchyne.sk\/eshop\/wp-json\/wp\/v2\/product\/148456"}],"collection":[{"href":"https:\/\/www.ikuchyne.sk\/eshop\/wp-json\/wp\/v2\/product"}],"about":[{"href":"https:\/\/www.ikuchyne.sk\/eshop\/wp-json\/wp\/v2\/types\/product"}],"replies":[{"embeddable":true,"href":"https:\/\/www.ikuchyne.sk\/eshop\/wp-json\/wp\/v2\/comments?post=148456"}],"wp:featuredmedia":[{"embeddable":true,"href":"https:\/\/www.ikuchyne.sk\/eshop\/wp-json\/wp\/v2\/media\/148457"}],"wp:attachment":[{"href":"https:\/\/www.ikuchyne.sk\/eshop\/wp-json\/wp\/v2\/media?parent=148456"}],"wp:term":[{"taxonomy":"product_cat","embeddable":true,"href":"https:\/\/www.ikuchyne.sk\/eshop\/wp-json\/wp\/v2\/product_cat?post=148456"},{"taxonomy":"product_tag","embeddable":true,"href":"https:\/\/www.ikuchyne.sk\/eshop\/wp-json\/wp\/v2\/product_tag?post=148456"}],"curies":[{"name":"wp","href":"https:\/\/api.w.org\/{rel}","templated":true}]}}