{"id":148484,"date":"2021-03-04T06:56:13","date_gmt":"2021-03-04T05:56:13","guid":{"rendered":"https:\/\/www.ikuchyne.sk\/eshop\/?post_type=product&#038;p=148484"},"modified":"2021-03-25T21:44:52","modified_gmt":"2021-03-25T20:44:52","slug":"konferencny-stolik-elements-oriental-set-2ks-strieborny","status":"publish","type":"product","link":"https:\/\/www.ikuchyne.sk\/eshop\/produkt\/konferencny-stolik-elements-oriental-set-2ks-strieborny\/","title":{"rendered":"Konferen\u010dn\u00fd stol\u00edk Elements Oriental set 2ks strieborn\u00fd \u00bb"},"content":{"rendered":"<h1>Konferen\u010dn\u00fd stol\u00edk Elements Oriental set 2ks strieborn\u00fd \u00bb<\/h1>\n<h4><strong>V\u0161eobecn\u00fd popis:<\/strong><\/h4>\n<p>Elegantn\u00fd konferen\u010dn\u00fd stol\u00edk Elements Oriental set 2ks strieborn\u00fd pozost\u00e1vaj\u00faci z dvoch konferen\u010dn\u00fdch stol\u00edkov r\u00f4znych ve\u013ekost\u00ed. Strieborn\u00e9 dosky stola sl\u00fa\u017eia aj ako odn\u00edmate\u013en\u00fd podnos. Obidva stoly je mo\u017en\u00e9 \u010diasto\u010dne pos\u00fava\u0165 jeden cez druh\u00fd. Dajte \u0161t\u00fdlov\u00fd a orient\u00e1lny dizajn do svojej ob\u00fdva\u010dky!<\/p>\n<p>Te\u0161te sa na obzvl\u00e1\u0161\u0165 elegantn\u00e9 stolov\u00e9 duo. Vytvorte vo svojej ob\u00fdvacej izbe o\u010daruj\u00faci dizajn! Na\u0161e dve sady o\u010daruj\u00fa \u00faspe\u0161nou kompoz\u00edciou inteligentn\u00e9ho dizajnu a elegantn\u00e9ho optick\u00e9ho vzh\u013eadu. Dva stoly, ktor\u00e9 maj\u00fa rozdielnu ve\u013ekos\u0165, je mo\u017en\u00e9 \u010diasto\u010dne zasun\u00fa\u0165 jeden pod druh\u00fd a strieborn\u00e9 stolov\u00e9 dosky s okr\u00fahlymi \u00fachytkami sl\u00fa\u017eia tie\u017e ako odkladacie t\u00e1cky, ktor\u00e9 m\u00f4\u017eete r\u00f4znymi sp\u00f4sobmi vyu\u017ei\u0165 na prezent\u00e1ciu n\u00e1pojov, ob\u010derstvenia alebo dekor\u00e1ci\u00ed.<\/p>\n<p>Konferen\u010dn\u00fd stol\u00edk Elements Oriental set 2ks strieborn\u00fd &#8211; autentick\u00e9 k\u00fazlo 1 000 a jednej noci. Dosky stolov s\u00fa spracovan\u00e9 s mimoriadnym d\u00f4razom na detail a s\u00fa vybaven\u00e9 mnoh\u00fdmi autentick\u00fdmi funkciami. Ka\u017ed\u00fd podnos je teda mal\u00fd, svojr\u00e1zny, ktor\u00fd do v\u00e1\u0161ho prostredia dokonale integruje n\u00e1dych orient\u00e1lneho \u0161armu. Stoly m\u00f4\u017eete \u00fa\u017easne kombinova\u0165 s ve\u013emi r\u00f4znymi pohovkami. N\u00e1\u0161 tip: Spolu s jedn\u00fdm alebo dvoma \u010fal\u0161\u00edmi strieborn\u00fdmi obytn\u00fdmi doplnkami bude v\u00e1\u0161 ob\u00fdva\u010dkov\u00fd n\u00e1bytok obzvl\u00e1\u0161\u0165 elegantn\u00fd!<\/p>\n<h4><strong>Detaily produktu:<\/strong><\/h4>\n<p>Stolov\u00e9 dosky funguj\u00fa aj ako odn\u00edmate\u013en\u00fd podnos. S ozdobn\u00fdmi r\u00fa\u010dkami pre lep\u0161ie dr\u017eanie tanierov. Stoly sa daj\u00fa pos\u00fava\u0165. Ka\u017ed\u00e1 stolov\u00e1 doska je jedine\u010dn\u00e1 s jedine\u010dn\u00fdmi povrchov\u00fdmi vlastnos\u0165ami. Ke\u010f sa stretne elegantn\u00fd dizajn a neprekonate\u013en\u00e1 funk\u010dnos\u0165, vznikn\u00fa presne tak\u00e9to konferen\u010dn\u00e9 stol\u00edky. Tu m\u00f4\u017eete st\u00f4l nielen pou\u017ei\u0165 ako klasick\u00fd konferen\u010dn\u00fd stol\u00edk ku gau\u010du alebo ako pr\u00edru\u010dn\u00fd stol\u00edk, ale aj odlo\u017ei\u0165 vrchn\u00fa \u010das\u0165 stola a pou\u017ei\u0165 ho ako \u0161t\u00fdlov\u00fd podnos. Kombinujte stol\u00edky s r\u00f4znymi bytov\u00fdmi doplnkami z n\u00e1\u0161ho e-shopu, ktor\u00e9 n\u00e1jdete v sekcii Bytov\u00e9 doplnky.<\/p>\n<p><strong>Rozmery (cca):<\/strong><br \/>\n<strong>Ve\u013ek\u00fd stol\u00edk:<\/strong> 62cm x 45cm x 62cm (\u0160xVxH)<br \/>\n<strong>Ve\u013ek\u00fd stol\u00edk:<\/strong> 46cm x 39cm x 46cm (\u0160xVxH)<\/p>\n<p><b>Farba:\u00a0<\/b>strieborn\u00e1, \u010dierna<br \/>\n<b>Materi\u00e1l: <\/b><br \/>\nDoska stola: zliatina kov-hlin\u00edk<br \/>\nR\u00e1m: kov<\/p>\n<p>Dodato\u010dn\u00e9 inform\u00e1cie:<\/p>\n<p>V pr\u00edpade z\u00e1ujmu o in\u00e9 stoly ako toaletn\u00e9, p\u00edsacie, konferen\u010dn\u00e9 stol\u00edky \u010di jed\u00e1lensk\u00e9 stoly, nav\u0161t\u00edvte sekciu stoly na <a href=\"https:\/\/www.ikuchyne.sk\/eshop\/kategoria\/stoly\/\">www.ikuchyne.sk\/eshop<\/a><br \/>\nV pr\u00edpade z\u00e1ujmu o n\u00e1bytok na mieru n\u00e1s kontaktuje na <a href=\"http:\/\/www.ikuchyne.sk\">www.ikuchyne.sk<\/a><\/p>\n","protected":false},"excerpt":{"rendered":"<p>Konferen\u010dn\u00fd stol\u00edk Elements Oriental set 2ks strieborn\u00fd \u00bb V\u0161eobecn\u00fd popis: Elegantn\u00fd konferen\u010dn\u00fd stol\u00edk Elements Oriental set 2ks strieborn\u00fd pozost\u00e1vaj\u00faci z dvoch konferen\u010dn\u00fdch stol\u00edkov r\u00f4znych ve\u013ekost\u00ed. Strieborn\u00e9 dosky stola sl\u00fa\u017eia aj<\/p>\n","protected":false},"featured_media":148485,"comment_status":"closed","ping_status":"closed","template":"","meta":[],"product_cat":[832,304,839,836,772,841,287,843],"product_tag":[187,210],"yoast_head":"<!-- This site is optimized with the Yoast SEO plugin v22.1 - https:\/\/yoast.com\/wordpress\/plugins\/seo\/ -->\n<title>Konferen\u010dn\u00fd stol\u00edk Elements Oriental set &#187; iKuchyne iSHOP s n\u00e1bytkom<\/title>\n<meta name=\"description\" content=\"Konferen\u010dn\u00fd stol\u00edk Elements Oriental set 2ks strieborn\u00fd \u00bb - r\u00fdchle dodanie, poradenstvo, n\u00e1bytok skladom v Bratislave s ikuchyne.sk\" \/>\n<meta name=\"robots\" content=\"index, follow, max-snippet:-1, max-image-preview:large, max-video-preview:-1\" \/>\n<link rel=\"canonical\" href=\"https:\/\/www.ikuchyne.sk\/eshop\/produkt\/konferencny-stolik-elements-oriental-set-2ks-strieborny\/\" \/>\n<meta property=\"og:locale\" content=\"sk_SK\" \/>\n<meta property=\"og:type\" content=\"article\" \/>\n<meta property=\"og:title\" content=\"Konferen\u010dn\u00fd stol\u00edk Elements Oriental set &#187; iKuchyne iSHOP s n\u00e1bytkom\" \/>\n<meta property=\"og:description\" content=\"Konferen\u010dn\u00fd stol\u00edk Elements Oriental set 2ks strieborn\u00fd \u00bb - r\u00fdchle dodanie, poradenstvo, n\u00e1bytok skladom v Bratislave s ikuchyne.sk\" \/>\n<meta property=\"og:url\" content=\"https:\/\/www.ikuchyne.sk\/eshop\/produkt\/konferencny-stolik-elements-oriental-set-2ks-strieborny\/\" \/>\n<meta property=\"og:site_name\" content=\"iKuchyne iSHOP s n\u00e1bytkom\" \/>\n<meta property=\"article:publisher\" content=\"https:\/\/www.facebook.com\/ikuchyne\/\" \/>\n<meta property=\"article:modified_time\" content=\"2021-03-25T20:44:52+00:00\" \/>\n<meta property=\"og:image\" content=\"https:\/\/www.ikuchyne.sk\/eshop\/wp-content\/uploads\/2020\/12\/Konferen\u010dn\u00fd-stol\u00edk-Elements-Oriental-set-2ks-strieborn\u00e1-40637.jpg\" \/>\n\t<meta property=\"og:image:width\" content=\"800\" \/>\n\t<meta property=\"og:image:height\" content=\"533\" \/>\n\t<meta property=\"og:image:type\" content=\"image\/jpeg\" \/>\n<meta name=\"twitter:card\" content=\"summary_large_image\" \/>\n<meta name=\"twitter:label1\" content=\"Predpokladan\u00fd \u010das \u010d\u00edtania\" \/>\n\t<meta name=\"twitter:data1\" content=\"2 min\u00faty\" \/>\n<script type=\"application\/ld+json\" class=\"yoast-schema-graph\">{\"@context\":\"https:\/\/schema.org\",\"@graph\":[{\"@type\":\"WebPage\",\"@id\":\"https:\/\/www.ikuchyne.sk\/eshop\/produkt\/konferencny-stolik-elements-oriental-set-2ks-strieborny\/\",\"url\":\"https:\/\/www.ikuchyne.sk\/eshop\/produkt\/konferencny-stolik-elements-oriental-set-2ks-strieborny\/\",\"name\":\"Konferen\u010dn\u00fd stol\u00edk Elements Oriental set &#187; iKuchyne iSHOP s n\u00e1bytkom\",\"isPartOf\":{\"@id\":\"https:\/\/www.ikuchyne.sk\/eshop\/#website\"},\"datePublished\":\"2021-03-04T05:56:13+00:00\",\"dateModified\":\"2021-03-25T20:44:52+00:00\",\"description\":\"Konferen\u010dn\u00fd stol\u00edk Elements Oriental set 2ks strieborn\u00fd \u00bb - r\u00fdchle dodanie, poradenstvo, n\u00e1bytok skladom v Bratislave s ikuchyne.sk\",\"breadcrumb\":{\"@id\":\"https:\/\/www.ikuchyne.sk\/eshop\/produkt\/konferencny-stolik-elements-oriental-set-2ks-strieborny\/#breadcrumb\"},\"inLanguage\":\"sk-SK\",\"potentialAction\":[{\"@type\":\"ReadAction\",\"target\":[\"https:\/\/www.ikuchyne.sk\/eshop\/produkt\/konferencny-stolik-elements-oriental-set-2ks-strieborny\/\"]}]},{\"@type\":\"BreadcrumbList\",\"@id\":\"https:\/\/www.ikuchyne.sk\/eshop\/produkt\/konferencny-stolik-elements-oriental-set-2ks-strieborny\/#breadcrumb\",\"itemListElement\":[{\"@type\":\"ListItem\",\"position\":1,\"name\":\"Home\",\"item\":\"https:\/\/www.ikuchyne.sk\/eshop\/\"},{\"@type\":\"ListItem\",\"position\":2,\"name\":\"Obchod\",\"item\":\"https:\/\/www.ikuchyne.sk\/eshop\/obchod\/\"},{\"@type\":\"ListItem\",\"position\":3,\"name\":\"Konferen\u010dn\u00fd stol\u00edk Elements Oriental set 2ks strieborn\u00fd \u00bb\"}]},{\"@type\":\"WebSite\",\"@id\":\"https:\/\/www.ikuchyne.sk\/eshop\/#website\",\"url\":\"https:\/\/www.ikuchyne.sk\/eshop\/\",\"name\":\"iKuchyne iSHOP s n\u00e1bytkom\",\"description\":\"Jed\u00e1lensk\u00e9 stoly, stoli\u010dky, n\u00e1bytok, svietidl\u00e1...\",\"publisher\":{\"@id\":\"https:\/\/www.ikuchyne.sk\/eshop\/#organization\"},\"potentialAction\":[{\"@type\":\"SearchAction\",\"target\":{\"@type\":\"EntryPoint\",\"urlTemplate\":\"https:\/\/www.ikuchyne.sk\/eshop\/?s={search_term_string}\"},\"query-input\":\"required name=search_term_string\"}],\"inLanguage\":\"sk-SK\"},{\"@type\":\"Organization\",\"@id\":\"https:\/\/www.ikuchyne.sk\/eshop\/#organization\",\"name\":\"ikuchyne!\",\"url\":\"https:\/\/www.ikuchyne.sk\/eshop\/\",\"logo\":{\"@type\":\"ImageObject\",\"inLanguage\":\"sk-SK\",\"@id\":\"https:\/\/www.ikuchyne.sk\/eshop\/#\/schema\/logo\/image\/\",\"url\":\"https:\/\/www.ikuchyne.sk\/eshop\/wp-content\/uploads\/2017\/04\/ikuchyne-logo.jpg\",\"contentUrl\":\"https:\/\/www.ikuchyne.sk\/eshop\/wp-content\/uploads\/2017\/04\/ikuchyne-logo.jpg\",\"width\":200,\"height\":48,\"caption\":\"ikuchyne!\"},\"image\":{\"@id\":\"https:\/\/www.ikuchyne.sk\/eshop\/#\/schema\/logo\/image\/\"},\"sameAs\":[\"https:\/\/www.facebook.com\/ikuchyne\/\",\"https:\/\/www.instagram.com\/ikuchyne.sk\/\",\"https:\/\/sk.pinterest.com\/ikuchynesk\/\"]}]}<\/script>\n<!-- \/ Yoast SEO plugin. -->","yoast_head_json":{"title":"Konferen\u010dn\u00fd stol\u00edk Elements Oriental set &#187; iKuchyne iSHOP s n\u00e1bytkom","description":"Konferen\u010dn\u00fd stol\u00edk Elements Oriental set 2ks strieborn\u00fd \u00bb - r\u00fdchle dodanie, poradenstvo, n\u00e1bytok skladom v Bratislave s ikuchyne.sk","robots":{"index":"index","follow":"follow","max-snippet":"max-snippet:-1","max-image-preview":"max-image-preview:large","max-video-preview":"max-video-preview:-1"},"canonical":"https:\/\/www.ikuchyne.sk\/eshop\/produkt\/konferencny-stolik-elements-oriental-set-2ks-strieborny\/","og_locale":"sk_SK","og_type":"article","og_title":"Konferen\u010dn\u00fd stol\u00edk Elements Oriental set &#187; iKuchyne iSHOP s n\u00e1bytkom","og_description":"Konferen\u010dn\u00fd stol\u00edk Elements Oriental set 2ks strieborn\u00fd \u00bb - r\u00fdchle dodanie, poradenstvo, n\u00e1bytok skladom v Bratislave s ikuchyne.sk","og_url":"https:\/\/www.ikuchyne.sk\/eshop\/produkt\/konferencny-stolik-elements-oriental-set-2ks-strieborny\/","og_site_name":"iKuchyne iSHOP s n\u00e1bytkom","article_publisher":"https:\/\/www.facebook.com\/ikuchyne\/","article_modified_time":"2021-03-25T20:44:52+00:00","og_image":[{"width":800,"height":533,"url":"https:\/\/www.ikuchyne.sk\/eshop\/wp-content\/uploads\/2020\/12\/Konferen\u010dn\u00fd-stol\u00edk-Elements-Oriental-set-2ks-strieborn\u00e1-40637.jpg","type":"image\/jpeg"}],"twitter_card":"summary_large_image","twitter_misc":{"Predpokladan\u00fd \u010das \u010d\u00edtania":"2 min\u00faty"},"schema":{"@context":"https:\/\/schema.org","@graph":[{"@type":"WebPage","@id":"https:\/\/www.ikuchyne.sk\/eshop\/produkt\/konferencny-stolik-elements-oriental-set-2ks-strieborny\/","url":"https:\/\/www.ikuchyne.sk\/eshop\/produkt\/konferencny-stolik-elements-oriental-set-2ks-strieborny\/","name":"Konferen\u010dn\u00fd stol\u00edk Elements Oriental set &#187; iKuchyne iSHOP s n\u00e1bytkom","isPartOf":{"@id":"https:\/\/www.ikuchyne.sk\/eshop\/#website"},"datePublished":"2021-03-04T05:56:13+00:00","dateModified":"2021-03-25T20:44:52+00:00","description":"Konferen\u010dn\u00fd stol\u00edk Elements Oriental set 2ks strieborn\u00fd \u00bb - r\u00fdchle dodanie, poradenstvo, n\u00e1bytok skladom v Bratislave s ikuchyne.sk","breadcrumb":{"@id":"https:\/\/www.ikuchyne.sk\/eshop\/produkt\/konferencny-stolik-elements-oriental-set-2ks-strieborny\/#breadcrumb"},"inLanguage":"sk-SK","potentialAction":[{"@type":"ReadAction","target":["https:\/\/www.ikuchyne.sk\/eshop\/produkt\/konferencny-stolik-elements-oriental-set-2ks-strieborny\/"]}]},{"@type":"BreadcrumbList","@id":"https:\/\/www.ikuchyne.sk\/eshop\/produkt\/konferencny-stolik-elements-oriental-set-2ks-strieborny\/#breadcrumb","itemListElement":[{"@type":"ListItem","position":1,"name":"Home","item":"https:\/\/www.ikuchyne.sk\/eshop\/"},{"@type":"ListItem","position":2,"name":"Obchod","item":"https:\/\/www.ikuchyne.sk\/eshop\/obchod\/"},{"@type":"ListItem","position":3,"name":"Konferen\u010dn\u00fd stol\u00edk Elements Oriental set 2ks strieborn\u00fd \u00bb"}]},{"@type":"WebSite","@id":"https:\/\/www.ikuchyne.sk\/eshop\/#website","url":"https:\/\/www.ikuchyne.sk\/eshop\/","name":"iKuchyne iSHOP s n\u00e1bytkom","description":"Jed\u00e1lensk\u00e9 stoly, stoli\u010dky, n\u00e1bytok, svietidl\u00e1...","publisher":{"@id":"https:\/\/www.ikuchyne.sk\/eshop\/#organization"},"potentialAction":[{"@type":"SearchAction","target":{"@type":"EntryPoint","urlTemplate":"https:\/\/www.ikuchyne.sk\/eshop\/?s={search_term_string}"},"query-input":"required name=search_term_string"}],"inLanguage":"sk-SK"},{"@type":"Organization","@id":"https:\/\/www.ikuchyne.sk\/eshop\/#organization","name":"ikuchyne!","url":"https:\/\/www.ikuchyne.sk\/eshop\/","logo":{"@type":"ImageObject","inLanguage":"sk-SK","@id":"https:\/\/www.ikuchyne.sk\/eshop\/#\/schema\/logo\/image\/","url":"https:\/\/www.ikuchyne.sk\/eshop\/wp-content\/uploads\/2017\/04\/ikuchyne-logo.jpg","contentUrl":"https:\/\/www.ikuchyne.sk\/eshop\/wp-content\/uploads\/2017\/04\/ikuchyne-logo.jpg","width":200,"height":48,"caption":"ikuchyne!"},"image":{"@id":"https:\/\/www.ikuchyne.sk\/eshop\/#\/schema\/logo\/image\/"},"sameAs":["https:\/\/www.facebook.com\/ikuchyne\/","https:\/\/www.instagram.com\/ikuchyne.sk\/","https:\/\/sk.pinterest.com\/ikuchynesk\/"]}]}},"_links":{"self":[{"href":"https:\/\/www.ikuchyne.sk\/eshop\/wp-json\/wp\/v2\/product\/148484"}],"collection":[{"href":"https:\/\/www.ikuchyne.sk\/eshop\/wp-json\/wp\/v2\/product"}],"about":[{"href":"https:\/\/www.ikuchyne.sk\/eshop\/wp-json\/wp\/v2\/types\/product"}],"replies":[{"embeddable":true,"href":"https:\/\/www.ikuchyne.sk\/eshop\/wp-json\/wp\/v2\/comments?post=148484"}],"wp:featuredmedia":[{"embeddable":true,"href":"https:\/\/www.ikuchyne.sk\/eshop\/wp-json\/wp\/v2\/media\/148485"}],"wp:attachment":[{"href":"https:\/\/www.ikuchyne.sk\/eshop\/wp-json\/wp\/v2\/media?parent=148484"}],"wp:term":[{"taxonomy":"product_cat","embeddable":true,"href":"https:\/\/www.ikuchyne.sk\/eshop\/wp-json\/wp\/v2\/product_cat?post=148484"},{"taxonomy":"product_tag","embeddable":true,"href":"https:\/\/www.ikuchyne.sk\/eshop\/wp-json\/wp\/v2\/product_tag?post=148484"}],"curies":[{"name":"wp","href":"https:\/\/api.w.org\/{rel}","templated":true}]}}