{"id":148509,"date":"2021-03-03T20:29:59","date_gmt":"2021-03-03T19:29:59","guid":{"rendered":"https:\/\/www.ikuchyne.sk\/eshop\/?post_type=product&#038;p=148509"},"modified":"2021-03-16T23:52:24","modified_gmt":"2021-03-16T22:52:24","slug":"konferencny-stolik-abstract-dizajn-rybie-supinky-40-cm","status":"publish","type":"product","link":"https:\/\/www.ikuchyne.sk\/eshop\/produkt\/konferencny-stolik-abstract-dizajn-rybie-supinky-40-cm\/","title":{"rendered":"Konferen\u010dn\u00fd stol\u00edk Abstract dizajn rybie \u0161upinky 40 cm \u00bb"},"content":{"rendered":"<h1>Konferen\u010dn\u00fd stol\u00edk Abstract dizajn rybie \u0161upinky 40 cm \u00bb<\/h1>\n<h4><strong>V\u0161eobecn\u00fd popis:<\/strong><\/h4>\n<p>Na prv\u00fd poh\u013ead v\u00fdnimo\u010dn\u00fd Konferen\u010dn\u00fd stol\u00edk Abstract dizajn rybacie \u0161upinky 70 cm s r\u00e1mom s dizajnom rybac\u00edch \u0161up\u00edn. Kovov\u00fd povrch zo staro\u017eitnej mosadze vy\u017earuje priemyseln\u00e9 k\u00fazlo. Okr\u00fahla sklenen\u00e1 doska stola dod\u00e1va stolu jemn\u00fd n\u00e1dych. Te\u0161te sa na nov\u00fd p\u00fata\u010d o\u010d\u00ed vo svojej ob\u00fdvacej izbe!<\/p>\n<p>Nov\u00fd ob\u013e\u00faben\u00fd k\u00fasok vo va\u0161ej dom\u00e1cnosti. Individu\u00e1lny \u0161t\u00fdl va\u0161ej ob\u00fdva\u010dky nevy\u017eaduje ve\u013ea, \u010dasto sta\u010d\u00ed jeden alebo dva \u0161peci\u00e1lne kusy n\u00e1bytku, ktor\u00e9 v\u00e1\u0161mu interi\u00e9ru dodaj\u00fa \u0161mrnc. N\u00e1\u0161 p\u00f4sobiv\u00fd Konferen\u010dn\u00fd stol\u00edk Abstract dizajn rybie \u0161upinky 40 cm m\u00f4\u017ee by\u0165 t\u00fdm prav\u00fdm pre va\u0161e prostredie. Okr\u00fahly st\u00f4l m\u00e1 stolov\u00fa dosku zo skla, ktor\u00e1 umo\u017e\u0148uje neobmedzen\u00fd v\u00fdh\u013ead na extravagantn\u00fd r\u00e1m tohto konferen\u010dn\u00e9ho stol\u00edka.<\/p>\n<p>A tu sa priemyseln\u00fd vkus stret\u00e1va s n\u00e1morn\u00fdm dizajnom. Kovov\u00fd r\u00e1m v staro\u017eitnom mosadznom vzh\u013eade bol navrhnut\u00fd v preveden\u00ed rybac\u00edch \u0161up\u00edn. Pre zvl\u00e1\u0161tny vzh\u013ead boli niektor\u00e9 v\u00e1hy ponechan\u00e9 otvoren\u00e9. Konferen\u010dn\u00fd stol\u00edk v\u010faka svojmu neobvykl\u00e9mu dizajnu kombinuje industri\u00e1lny \u0161t\u00fdl s n\u00e1morn\u00edckym vkusom a je mo\u017en\u00e9 ho kombinova\u0165 s pohovkou, skrinkami alebo doplnkami pod\u013ea v\u00e1\u0161ho vkusu.<\/p>\n<p><strong>Detaily produktu:<\/strong><\/p>\n<p>R\u00e1m je navrhnut\u00fd vo vzru\u0161uj\u00facom dizajne v rybac\u00edch \u0161up\u00edn. Kov v mosadznom t\u00f3ne dod\u00e1va stolu priemyseln\u00fd vzh\u013ead. Okr\u00fahla stolov\u00e1 doska je vyroben\u00e1 z vysoko kvalitn\u00e9ho skla Vhodn\u00e9 bytov\u00e9 doplnky pre kombinovanie interi\u00e9ru s t\u00fdmto konferen\u010dn\u00fdm stol\u00edkom n\u00e1jdete na na\u0161om e-shope v sekcii Bytov\u00e9 doplnky. Kontaktujte n\u00e1s a my v\u00e1m radi pom\u00f4\u017eeme s v\u00fdberom vhodn\u00fdch dekor\u00e1ci\u00ed.<\/p>\n<p><strong>Rozmery (cca):<\/strong><br \/>\n40cm x 54cm x 40cm (\u0160xVxH)<\/p>\n<p><b>Farba:\u00a0<\/b>staro\u017eitn\u00e1 mosadz<br \/>\n<b>Materi\u00e1l:<br \/>\n<\/b>Doska stola: bezpe\u010dnostn\u00e9 sklo<br \/>\nR\u00e1m: kov<\/p>\n<p><strong>Tento konferen\u010dn\u00fd stol\u00edk m\u00f4\u017eete n\u00e1js\u0165 aj v prevedeniach:<\/strong><\/p>\n<p>Konferen\u010dn\u00fd stol\u00edk Abstract dizajn rybie \u0161upinky 70 cm<\/p>\n<p>Dodac\u00ed stav: zmontovan\u00fd<br \/>\nBalenie 1: (pribli\u017ene) 45 x 46 x 66 cm \/ 13,7 kg<\/p>\n<p>Dodato\u010dn\u00e9 inform\u00e1cie:<\/p>\n<p>V pr\u00edpade z\u00e1ujmu o in\u00e9 stoly ako toaletn\u00e9, p\u00edsacie, konferen\u010dn\u00e9 stol\u00edky \u010di jed\u00e1lensk\u00e9 stoly, nav\u0161t\u00edvte sekciu stoly na <a href=\"https:\/\/www.ikuchyne.sk\/eshop\/kategoria\/stoly\/\">www.ikuchyne.sk\/eshop<\/a><br \/>\nV pr\u00edpade z\u00e1ujmu o n\u00e1bytok na mieru n\u00e1s kontaktuje na <a href=\"http:\/\/www.ikuchyne.sk\">www.ikuchyne.sk<\/a><\/p>\n","protected":false},"excerpt":{"rendered":"<p>Konferen\u010dn\u00fd stol\u00edk Abstract dizajn rybie \u0161upinky 40 cm \u00bb V\u0161eobecn\u00fd popis: Na prv\u00fd poh\u013ead v\u00fdnimo\u010dn\u00fd Konferen\u010dn\u00fd stol\u00edk Abstract dizajn rybacie \u0161upinky 70 cm s r\u00e1mom s dizajnom rybac\u00edch \u0161up\u00edn. Kovov\u00fd<\/p>\n","protected":false},"featured_media":148510,"comment_status":"closed","ping_status":"closed","template":"","meta":[],"product_cat":[319,304,839,836,772,287],"product_tag":[583,2948],"yoast_head":"<!-- This site is optimized with the Yoast SEO plugin v22.1 - https:\/\/yoast.com\/wordpress\/plugins\/seo\/ -->\n<title>Konferen\u010dn\u00fd stol\u00edk Abstract dizajn 40 cm &#187; iKuchyne iSHOP s n\u00e1bytkom<\/title>\n<meta name=\"description\" content=\"Konferen\u010dn\u00fd stol\u00edk Abstract dizajn rybie \u0161upinky 40 cm \u00bb r\u00fdchle dodanie, poradenstvo, n\u00e1bytok skladom, ktor\u00e1 bude dominantou dom\u00e1cnosti.\" \/>\n<meta name=\"robots\" content=\"index, follow, max-snippet:-1, max-image-preview:large, max-video-preview:-1\" \/>\n<link rel=\"canonical\" href=\"https:\/\/www.ikuchyne.sk\/eshop\/produkt\/konferencny-stolik-abstract-dizajn-rybie-supinky-40-cm\/\" \/>\n<meta property=\"og:locale\" content=\"sk_SK\" \/>\n<meta property=\"og:type\" content=\"article\" \/>\n<meta property=\"og:title\" content=\"Konferen\u010dn\u00fd stol\u00edk Abstract dizajn 40 cm &#187; iKuchyne iSHOP s n\u00e1bytkom\" \/>\n<meta property=\"og:description\" content=\"Konferen\u010dn\u00fd stol\u00edk Abstract dizajn rybie \u0161upinky 40 cm \u00bb r\u00fdchle dodanie, poradenstvo, n\u00e1bytok skladom, ktor\u00e1 bude dominantou dom\u00e1cnosti.\" \/>\n<meta property=\"og:url\" content=\"https:\/\/www.ikuchyne.sk\/eshop\/produkt\/konferencny-stolik-abstract-dizajn-rybie-supinky-40-cm\/\" \/>\n<meta property=\"og:site_name\" content=\"iKuchyne iSHOP s n\u00e1bytkom\" \/>\n<meta property=\"article:publisher\" content=\"https:\/\/www.facebook.com\/ikuchyne\/\" \/>\n<meta property=\"article:modified_time\" content=\"2021-03-16T22:52:24+00:00\" \/>\n<meta property=\"og:image\" content=\"https:\/\/www.ikuchyne.sk\/eshop\/wp-content\/uploads\/2020\/12\/Konferen\u010dn\u00fd-stol\u00edk-Abstract-Fischschuppen-Design-40cm-40111.jpg\" \/>\n\t<meta property=\"og:image:width\" content=\"800\" \/>\n\t<meta property=\"og:image:height\" content=\"533\" \/>\n\t<meta property=\"og:image:type\" content=\"image\/jpeg\" \/>\n<meta name=\"twitter:card\" content=\"summary_large_image\" \/>\n<meta name=\"twitter:label1\" content=\"Predpokladan\u00fd \u010das \u010d\u00edtania\" \/>\n\t<meta name=\"twitter:data1\" content=\"2 min\u00faty\" \/>\n<script type=\"application\/ld+json\" class=\"yoast-schema-graph\">{\"@context\":\"https:\/\/schema.org\",\"@graph\":[{\"@type\":\"WebPage\",\"@id\":\"https:\/\/www.ikuchyne.sk\/eshop\/produkt\/konferencny-stolik-abstract-dizajn-rybie-supinky-40-cm\/\",\"url\":\"https:\/\/www.ikuchyne.sk\/eshop\/produkt\/konferencny-stolik-abstract-dizajn-rybie-supinky-40-cm\/\",\"name\":\"Konferen\u010dn\u00fd stol\u00edk Abstract dizajn 40 cm &#187; iKuchyne iSHOP s n\u00e1bytkom\",\"isPartOf\":{\"@id\":\"https:\/\/www.ikuchyne.sk\/eshop\/#website\"},\"datePublished\":\"2021-03-03T19:29:59+00:00\",\"dateModified\":\"2021-03-16T22:52:24+00:00\",\"description\":\"Konferen\u010dn\u00fd stol\u00edk Abstract dizajn rybie \u0161upinky 40 cm \u00bb r\u00fdchle dodanie, poradenstvo, n\u00e1bytok skladom, ktor\u00e1 bude dominantou dom\u00e1cnosti.\",\"breadcrumb\":{\"@id\":\"https:\/\/www.ikuchyne.sk\/eshop\/produkt\/konferencny-stolik-abstract-dizajn-rybie-supinky-40-cm\/#breadcrumb\"},\"inLanguage\":\"sk-SK\",\"potentialAction\":[{\"@type\":\"ReadAction\",\"target\":[\"https:\/\/www.ikuchyne.sk\/eshop\/produkt\/konferencny-stolik-abstract-dizajn-rybie-supinky-40-cm\/\"]}]},{\"@type\":\"BreadcrumbList\",\"@id\":\"https:\/\/www.ikuchyne.sk\/eshop\/produkt\/konferencny-stolik-abstract-dizajn-rybie-supinky-40-cm\/#breadcrumb\",\"itemListElement\":[{\"@type\":\"ListItem\",\"position\":1,\"name\":\"Home\",\"item\":\"https:\/\/www.ikuchyne.sk\/eshop\/\"},{\"@type\":\"ListItem\",\"position\":2,\"name\":\"Obchod\",\"item\":\"https:\/\/www.ikuchyne.sk\/eshop\/obchod\/\"},{\"@type\":\"ListItem\",\"position\":3,\"name\":\"Konferen\u010dn\u00fd stol\u00edk Abstract dizajn rybie \u0161upinky 40 cm \u00bb\"}]},{\"@type\":\"WebSite\",\"@id\":\"https:\/\/www.ikuchyne.sk\/eshop\/#website\",\"url\":\"https:\/\/www.ikuchyne.sk\/eshop\/\",\"name\":\"iKuchyne iSHOP s n\u00e1bytkom\",\"description\":\"Jed\u00e1lensk\u00e9 stoly, stoli\u010dky, n\u00e1bytok, svietidl\u00e1...\",\"publisher\":{\"@id\":\"https:\/\/www.ikuchyne.sk\/eshop\/#organization\"},\"potentialAction\":[{\"@type\":\"SearchAction\",\"target\":{\"@type\":\"EntryPoint\",\"urlTemplate\":\"https:\/\/www.ikuchyne.sk\/eshop\/?s={search_term_string}\"},\"query-input\":\"required name=search_term_string\"}],\"inLanguage\":\"sk-SK\"},{\"@type\":\"Organization\",\"@id\":\"https:\/\/www.ikuchyne.sk\/eshop\/#organization\",\"name\":\"ikuchyne!\",\"url\":\"https:\/\/www.ikuchyne.sk\/eshop\/\",\"logo\":{\"@type\":\"ImageObject\",\"inLanguage\":\"sk-SK\",\"@id\":\"https:\/\/www.ikuchyne.sk\/eshop\/#\/schema\/logo\/image\/\",\"url\":\"https:\/\/www.ikuchyne.sk\/eshop\/wp-content\/uploads\/2017\/04\/ikuchyne-logo.jpg\",\"contentUrl\":\"https:\/\/www.ikuchyne.sk\/eshop\/wp-content\/uploads\/2017\/04\/ikuchyne-logo.jpg\",\"width\":200,\"height\":48,\"caption\":\"ikuchyne!\"},\"image\":{\"@id\":\"https:\/\/www.ikuchyne.sk\/eshop\/#\/schema\/logo\/image\/\"},\"sameAs\":[\"https:\/\/www.facebook.com\/ikuchyne\/\",\"https:\/\/www.instagram.com\/ikuchyne.sk\/\",\"https:\/\/sk.pinterest.com\/ikuchynesk\/\"]}]}<\/script>\n<!-- \/ Yoast SEO plugin. -->","yoast_head_json":{"title":"Konferen\u010dn\u00fd stol\u00edk Abstract dizajn 40 cm &#187; iKuchyne iSHOP s n\u00e1bytkom","description":"Konferen\u010dn\u00fd stol\u00edk Abstract dizajn rybie \u0161upinky 40 cm \u00bb r\u00fdchle dodanie, poradenstvo, n\u00e1bytok skladom, ktor\u00e1 bude dominantou dom\u00e1cnosti.","robots":{"index":"index","follow":"follow","max-snippet":"max-snippet:-1","max-image-preview":"max-image-preview:large","max-video-preview":"max-video-preview:-1"},"canonical":"https:\/\/www.ikuchyne.sk\/eshop\/produkt\/konferencny-stolik-abstract-dizajn-rybie-supinky-40-cm\/","og_locale":"sk_SK","og_type":"article","og_title":"Konferen\u010dn\u00fd stol\u00edk Abstract dizajn 40 cm &#187; iKuchyne iSHOP s n\u00e1bytkom","og_description":"Konferen\u010dn\u00fd stol\u00edk Abstract dizajn rybie \u0161upinky 40 cm \u00bb r\u00fdchle dodanie, poradenstvo, n\u00e1bytok skladom, ktor\u00e1 bude dominantou dom\u00e1cnosti.","og_url":"https:\/\/www.ikuchyne.sk\/eshop\/produkt\/konferencny-stolik-abstract-dizajn-rybie-supinky-40-cm\/","og_site_name":"iKuchyne iSHOP s n\u00e1bytkom","article_publisher":"https:\/\/www.facebook.com\/ikuchyne\/","article_modified_time":"2021-03-16T22:52:24+00:00","og_image":[{"width":800,"height":533,"url":"https:\/\/www.ikuchyne.sk\/eshop\/wp-content\/uploads\/2020\/12\/Konferen\u010dn\u00fd-stol\u00edk-Abstract-Fischschuppen-Design-40cm-40111.jpg","type":"image\/jpeg"}],"twitter_card":"summary_large_image","twitter_misc":{"Predpokladan\u00fd \u010das \u010d\u00edtania":"2 min\u00faty"},"schema":{"@context":"https:\/\/schema.org","@graph":[{"@type":"WebPage","@id":"https:\/\/www.ikuchyne.sk\/eshop\/produkt\/konferencny-stolik-abstract-dizajn-rybie-supinky-40-cm\/","url":"https:\/\/www.ikuchyne.sk\/eshop\/produkt\/konferencny-stolik-abstract-dizajn-rybie-supinky-40-cm\/","name":"Konferen\u010dn\u00fd stol\u00edk Abstract dizajn 40 cm &#187; iKuchyne iSHOP s n\u00e1bytkom","isPartOf":{"@id":"https:\/\/www.ikuchyne.sk\/eshop\/#website"},"datePublished":"2021-03-03T19:29:59+00:00","dateModified":"2021-03-16T22:52:24+00:00","description":"Konferen\u010dn\u00fd stol\u00edk Abstract dizajn rybie \u0161upinky 40 cm \u00bb r\u00fdchle dodanie, poradenstvo, n\u00e1bytok skladom, ktor\u00e1 bude dominantou dom\u00e1cnosti.","breadcrumb":{"@id":"https:\/\/www.ikuchyne.sk\/eshop\/produkt\/konferencny-stolik-abstract-dizajn-rybie-supinky-40-cm\/#breadcrumb"},"inLanguage":"sk-SK","potentialAction":[{"@type":"ReadAction","target":["https:\/\/www.ikuchyne.sk\/eshop\/produkt\/konferencny-stolik-abstract-dizajn-rybie-supinky-40-cm\/"]}]},{"@type":"BreadcrumbList","@id":"https:\/\/www.ikuchyne.sk\/eshop\/produkt\/konferencny-stolik-abstract-dizajn-rybie-supinky-40-cm\/#breadcrumb","itemListElement":[{"@type":"ListItem","position":1,"name":"Home","item":"https:\/\/www.ikuchyne.sk\/eshop\/"},{"@type":"ListItem","position":2,"name":"Obchod","item":"https:\/\/www.ikuchyne.sk\/eshop\/obchod\/"},{"@type":"ListItem","position":3,"name":"Konferen\u010dn\u00fd stol\u00edk Abstract dizajn rybie \u0161upinky 40 cm \u00bb"}]},{"@type":"WebSite","@id":"https:\/\/www.ikuchyne.sk\/eshop\/#website","url":"https:\/\/www.ikuchyne.sk\/eshop\/","name":"iKuchyne iSHOP s n\u00e1bytkom","description":"Jed\u00e1lensk\u00e9 stoly, stoli\u010dky, n\u00e1bytok, svietidl\u00e1...","publisher":{"@id":"https:\/\/www.ikuchyne.sk\/eshop\/#organization"},"potentialAction":[{"@type":"SearchAction","target":{"@type":"EntryPoint","urlTemplate":"https:\/\/www.ikuchyne.sk\/eshop\/?s={search_term_string}"},"query-input":"required name=search_term_string"}],"inLanguage":"sk-SK"},{"@type":"Organization","@id":"https:\/\/www.ikuchyne.sk\/eshop\/#organization","name":"ikuchyne!","url":"https:\/\/www.ikuchyne.sk\/eshop\/","logo":{"@type":"ImageObject","inLanguage":"sk-SK","@id":"https:\/\/www.ikuchyne.sk\/eshop\/#\/schema\/logo\/image\/","url":"https:\/\/www.ikuchyne.sk\/eshop\/wp-content\/uploads\/2017\/04\/ikuchyne-logo.jpg","contentUrl":"https:\/\/www.ikuchyne.sk\/eshop\/wp-content\/uploads\/2017\/04\/ikuchyne-logo.jpg","width":200,"height":48,"caption":"ikuchyne!"},"image":{"@id":"https:\/\/www.ikuchyne.sk\/eshop\/#\/schema\/logo\/image\/"},"sameAs":["https:\/\/www.facebook.com\/ikuchyne\/","https:\/\/www.instagram.com\/ikuchyne.sk\/","https:\/\/sk.pinterest.com\/ikuchynesk\/"]}]}},"_links":{"self":[{"href":"https:\/\/www.ikuchyne.sk\/eshop\/wp-json\/wp\/v2\/product\/148509"}],"collection":[{"href":"https:\/\/www.ikuchyne.sk\/eshop\/wp-json\/wp\/v2\/product"}],"about":[{"href":"https:\/\/www.ikuchyne.sk\/eshop\/wp-json\/wp\/v2\/types\/product"}],"replies":[{"embeddable":true,"href":"https:\/\/www.ikuchyne.sk\/eshop\/wp-json\/wp\/v2\/comments?post=148509"}],"wp:featuredmedia":[{"embeddable":true,"href":"https:\/\/www.ikuchyne.sk\/eshop\/wp-json\/wp\/v2\/media\/148510"}],"wp:attachment":[{"href":"https:\/\/www.ikuchyne.sk\/eshop\/wp-json\/wp\/v2\/media?parent=148509"}],"wp:term":[{"taxonomy":"product_cat","embeddable":true,"href":"https:\/\/www.ikuchyne.sk\/eshop\/wp-json\/wp\/v2\/product_cat?post=148509"},{"taxonomy":"product_tag","embeddable":true,"href":"https:\/\/www.ikuchyne.sk\/eshop\/wp-json\/wp\/v2\/product_tag?post=148509"}],"curies":[{"name":"wp","href":"https:\/\/api.w.org\/{rel}","templated":true}]}}