{"id":148539,"date":"2021-03-03T20:06:22","date_gmt":"2021-03-03T19:06:22","guid":{"rendered":"https:\/\/www.ikuchyne.sk\/eshop\/?post_type=product&#038;p=148539"},"modified":"2021-03-17T11:38:09","modified_gmt":"2021-03-17T10:38:09","slug":"konferencny-stolik-liquid-line-s-44-cm-zlaty","status":"publish","type":"product","link":"https:\/\/www.ikuchyne.sk\/eshop\/produkt\/konferencny-stolik-liquid-line-s-44-cm-zlaty\/","title":{"rendered":"Konferen\u010dn\u00fd stol\u00edk Liquid Line S 44 cm zlat\u00fd \u00bb"},"content":{"rendered":"<h1>Konferen\u010dn\u00fd stol\u00edk Liquid Line S 44 cm zlat\u00fd \u00bb<\/h1>\n<h4><strong>V\u0161eobecn\u00fd popis:<\/strong><\/h4>\n<h4><strong>V\u0161eobecn\u00fd popis:<\/strong><\/h4>\n<p>Na prv\u00fd poh\u013ead Konferen\u010dn\u00fd stol\u00edk Liquid Line S 44 cm zlat\u00fd v neobvyklom slzavom preveden\u00ed. Tok materi\u00e1lu je zn\u00e1zornen\u00fd ve\u013emi \u017eivo. Je mo\u017en\u00e9 kombinova\u0165 mnoh\u00fdmi sp\u00f4sobmi s r\u00f4znym n\u00e1bytkom a doplnkami. Za\u017eite, ako sa konferen\u010dn\u00fd stol\u00edk stane ob\u013e\u00faben\u00fdm k\u00faskom v\u00e1\u0161ho interi\u00e9ru!<\/p>\n<p>Konferen\u010dn\u00fd stol\u00edk a umeleck\u00fd predmet v jednom. St\u00e1le uva\u017eujete o tom, ako da\u0165 svojmu domovu ten osobit\u00fd n\u00e1dych? Potom m\u00e1me pre v\u00e1s v na\u0161om sortimente presne ten prav\u00fd kus n\u00e1bytku! Jemn\u00fd konferen\u010dn\u00fd stol\u00edk Konferen\u010dn\u00fd stol\u00edk Liquid Line S 44 cm zlat\u00fd zaujme skuto\u010dne neobvykl\u00fdm slzi\u010dkov\u00fdm dizajnom. Zd\u00e1 sa, \u017ee nohy aj doska stekaj\u00fa ako tekut\u00e9 zlato a dod\u00e1vaj\u00fa tomuto \u0161perku ve\u013emi zvl\u00e1\u0161tne \u010daro.<\/p>\n<p>Kde by mal by\u0165 v\u00e1\u0161 nov\u00fd ob\u013e\u00faben\u00fd k\u00fasok? Napriek extravagantn\u00e9mu dizajnu je mo\u017en\u00e9 st\u00f4l \u00fa\u017easne pou\u017ei\u0165 a kombinova\u0165 v mnoh\u00fdch oh\u013eadoch. Kombinuje modern\u00e9 a elegantn\u00e9 prvky, tak\u017ee ho m\u00f4\u017eete ve\u013emi slobodne kombinova\u0165 s in\u00fdm n\u00e1bytkom. \u010ci u\u017e ved\u013ea svojho zamatov\u00e9ho gau\u010da, v kombin\u00e1cii s modernou ko\u017eenou pohovkou alebo ako doplnok k telev\u00edznemu kreslu: tento konferen\u010dn\u00fd stol\u00edk bude ozdobou ka\u017edej ob\u00fdvacej izby!<\/p>\n<p><strong>Detaily produktu:<\/strong><\/p>\n<p>Dizajn konferen\u010dn\u00e9ho stol\u00edka navrhnut\u00fd tak, \u017ee doska a nohy stekaj\u00fa ako tekut\u00e9 zlato. Extravagantn\u00fd dizajn je skuto\u010dn\u00fdm p\u00fata\u010dom pozornosti. Konferen\u010dn\u00fd stol\u00edk je mo\u017en\u00e9 kombinova\u0165 mnoh\u00fdmi sp\u00f4sobmi s r\u00f4znymi \u0161t\u00fdlmi a n\u00e1bytkom. Vhodn\u00e9 bytov\u00e9 doplnky pre kombinovanie interi\u00e9ru s t\u00fdmto konferen\u010dn\u00fdm stol\u00edkom n\u00e1jdete na na\u0161om e-shope v sekcii Bytov\u00e9 doplnky. Kontaktujte n\u00e1s a my v\u00e1m radi pom\u00f4\u017eeme s v\u00fdberom vhodn\u00fdch dekor\u00e1ci\u00ed.<\/p>\n<p><strong>Rozmery (cca):<\/strong><br \/>\n34cm x 44cm x 34cm (\u0160xVxH)<\/p>\n<p><b>Farba:\u00a0<\/b>zlat\u00e1<br \/>\n<b>Materi\u00e1l:\u00a0<\/b>zliatina kov-hlin\u00edk<\/p>\n<p><strong>Tento konferen\u010dn\u00fd stol\u00edk m\u00f4\u017eete n\u00e1js\u0165 aj v prevedeniach:<\/strong><\/p>\n<p>Konferen\u010dn\u00fd stol\u00edk Liquid Line S 44cm strieborn\u00fd<br \/>\nKonferen\u010dn\u00fd stol\u00edk Liquid Line L 50cm strieborn\u00fd<br \/>\nKonferen\u010dn\u00fd stol\u00edk Liquid Line L 50cm zlat\u00fd<\/p>\n<p>Dodac\u00ed stav: zmontovan\u00fd<br \/>\nBalenie 1: (pribli\u017ene) 40 x 52 x 40 cm \/ 6 kg<\/p>\n<p>Dodato\u010dn\u00e9 inform\u00e1cie:<\/p>\n<p>V pr\u00edpade z\u00e1ujmu o in\u00e9 stoly ako toaletn\u00e9, p\u00edsacie, konferen\u010dn\u00e9 stol\u00edky \u010di jed\u00e1lensk\u00e9 stoly, nav\u0161t\u00edvte sekciu stoly na <a href=\"https:\/\/www.ikuchyne.sk\/eshop\/kategoria\/stoly\/\">www.ikuchyne.sk\/eshop<\/a><br \/>\nV pr\u00edpade z\u00e1ujmu o n\u00e1bytok na mieru n\u00e1s kontaktuje na <a href=\"http:\/\/www.ikuchyne.sk\">www.ikuchyne.sk<\/a><\/p>\n<p>&nbsp;<\/p>\n","protected":false},"excerpt":{"rendered":"<p>Konferen\u010dn\u00fd stol\u00edk Liquid Line S 44 cm zlat\u00fd \u00bb V\u0161eobecn\u00fd popis: V\u0161eobecn\u00fd popis: Na prv\u00fd poh\u013ead Konferen\u010dn\u00fd stol\u00edk Liquid Line S 44 cm zlat\u00fd v neobvyklom slzavom preveden\u00ed. Tok materi\u00e1lu<\/p>\n","protected":false},"featured_media":149856,"comment_status":"closed","ping_status":"closed","template":"","meta":[],"product_cat":[304,839,836,772,287,843],"product_tag":[188],"yoast_head":"<!-- This site is optimized with the Yoast SEO plugin v22.1 - https:\/\/yoast.com\/wordpress\/plugins\/seo\/ -->\n<title>Konferen\u010dn\u00fd stol\u00edk Liquid Line S zlat\u00fd &#187; iKuchyne iSHOP s n\u00e1bytkom<\/title>\n<meta name=\"description\" content=\"Konferen\u010dn\u00fd stol\u00edk Liquid Line S 44 cm zlat\u00fd \u00bb r\u00fdchle dodanie, poradenstvo, n\u00e1bytok skladom, ktor\u00e1 bude dominantou dom\u00e1cnosti s ikuchyne.sk\" \/>\n<meta name=\"robots\" content=\"index, follow, max-snippet:-1, max-image-preview:large, max-video-preview:-1\" \/>\n<link rel=\"canonical\" href=\"https:\/\/www.ikuchyne.sk\/eshop\/produkt\/konferencny-stolik-liquid-line-s-44-cm-zlaty\/\" \/>\n<meta property=\"og:locale\" content=\"sk_SK\" \/>\n<meta property=\"og:type\" content=\"article\" \/>\n<meta property=\"og:title\" content=\"Konferen\u010dn\u00fd stol\u00edk Liquid Line S zlat\u00fd &#187; iKuchyne iSHOP s n\u00e1bytkom\" \/>\n<meta property=\"og:description\" content=\"Konferen\u010dn\u00fd stol\u00edk Liquid Line S 44 cm zlat\u00fd \u00bb r\u00fdchle dodanie, poradenstvo, n\u00e1bytok skladom, ktor\u00e1 bude dominantou dom\u00e1cnosti s ikuchyne.sk\" \/>\n<meta property=\"og:url\" content=\"https:\/\/www.ikuchyne.sk\/eshop\/produkt\/konferencny-stolik-liquid-line-s-44-cm-zlaty\/\" \/>\n<meta property=\"og:site_name\" content=\"iKuchyne iSHOP s n\u00e1bytkom\" \/>\n<meta property=\"article:publisher\" content=\"https:\/\/www.facebook.com\/ikuchyne\/\" \/>\n<meta property=\"article:modified_time\" content=\"2021-03-17T10:38:09+00:00\" \/>\n<meta property=\"og:image\" content=\"https:\/\/www.ikuchyne.sk\/eshop\/wp-content\/uploads\/2020\/12\/file0039496.jpg\" \/>\n\t<meta property=\"og:image:width\" content=\"800\" \/>\n\t<meta property=\"og:image:height\" content=\"533\" \/>\n\t<meta property=\"og:image:type\" content=\"image\/jpeg\" \/>\n<meta name=\"twitter:card\" content=\"summary_large_image\" \/>\n<meta name=\"twitter:label1\" content=\"Predpokladan\u00fd \u010das \u010d\u00edtania\" \/>\n\t<meta name=\"twitter:data1\" content=\"2 min\u00faty\" \/>\n<script type=\"application\/ld+json\" class=\"yoast-schema-graph\">{\"@context\":\"https:\/\/schema.org\",\"@graph\":[{\"@type\":\"WebPage\",\"@id\":\"https:\/\/www.ikuchyne.sk\/eshop\/produkt\/konferencny-stolik-liquid-line-s-44-cm-zlaty\/\",\"url\":\"https:\/\/www.ikuchyne.sk\/eshop\/produkt\/konferencny-stolik-liquid-line-s-44-cm-zlaty\/\",\"name\":\"Konferen\u010dn\u00fd stol\u00edk Liquid Line S zlat\u00fd &#187; iKuchyne iSHOP s n\u00e1bytkom\",\"isPartOf\":{\"@id\":\"https:\/\/www.ikuchyne.sk\/eshop\/#website\"},\"datePublished\":\"2021-03-03T19:06:22+00:00\",\"dateModified\":\"2021-03-17T10:38:09+00:00\",\"description\":\"Konferen\u010dn\u00fd stol\u00edk Liquid Line S 44 cm zlat\u00fd \u00bb r\u00fdchle dodanie, poradenstvo, n\u00e1bytok skladom, ktor\u00e1 bude dominantou dom\u00e1cnosti s ikuchyne.sk\",\"breadcrumb\":{\"@id\":\"https:\/\/www.ikuchyne.sk\/eshop\/produkt\/konferencny-stolik-liquid-line-s-44-cm-zlaty\/#breadcrumb\"},\"inLanguage\":\"sk-SK\",\"potentialAction\":[{\"@type\":\"ReadAction\",\"target\":[\"https:\/\/www.ikuchyne.sk\/eshop\/produkt\/konferencny-stolik-liquid-line-s-44-cm-zlaty\/\"]}]},{\"@type\":\"BreadcrumbList\",\"@id\":\"https:\/\/www.ikuchyne.sk\/eshop\/produkt\/konferencny-stolik-liquid-line-s-44-cm-zlaty\/#breadcrumb\",\"itemListElement\":[{\"@type\":\"ListItem\",\"position\":1,\"name\":\"Home\",\"item\":\"https:\/\/www.ikuchyne.sk\/eshop\/\"},{\"@type\":\"ListItem\",\"position\":2,\"name\":\"Obchod\",\"item\":\"https:\/\/www.ikuchyne.sk\/eshop\/obchod\/\"},{\"@type\":\"ListItem\",\"position\":3,\"name\":\"Konferen\u010dn\u00fd stol\u00edk Liquid Line S 44 cm zlat\u00fd \u00bb\"}]},{\"@type\":\"WebSite\",\"@id\":\"https:\/\/www.ikuchyne.sk\/eshop\/#website\",\"url\":\"https:\/\/www.ikuchyne.sk\/eshop\/\",\"name\":\"iKuchyne iSHOP s n\u00e1bytkom\",\"description\":\"Jed\u00e1lensk\u00e9 stoly, stoli\u010dky, n\u00e1bytok, svietidl\u00e1...\",\"publisher\":{\"@id\":\"https:\/\/www.ikuchyne.sk\/eshop\/#organization\"},\"potentialAction\":[{\"@type\":\"SearchAction\",\"target\":{\"@type\":\"EntryPoint\",\"urlTemplate\":\"https:\/\/www.ikuchyne.sk\/eshop\/?s={search_term_string}\"},\"query-input\":\"required name=search_term_string\"}],\"inLanguage\":\"sk-SK\"},{\"@type\":\"Organization\",\"@id\":\"https:\/\/www.ikuchyne.sk\/eshop\/#organization\",\"name\":\"ikuchyne!\",\"url\":\"https:\/\/www.ikuchyne.sk\/eshop\/\",\"logo\":{\"@type\":\"ImageObject\",\"inLanguage\":\"sk-SK\",\"@id\":\"https:\/\/www.ikuchyne.sk\/eshop\/#\/schema\/logo\/image\/\",\"url\":\"https:\/\/www.ikuchyne.sk\/eshop\/wp-content\/uploads\/2017\/04\/ikuchyne-logo.jpg\",\"contentUrl\":\"https:\/\/www.ikuchyne.sk\/eshop\/wp-content\/uploads\/2017\/04\/ikuchyne-logo.jpg\",\"width\":200,\"height\":48,\"caption\":\"ikuchyne!\"},\"image\":{\"@id\":\"https:\/\/www.ikuchyne.sk\/eshop\/#\/schema\/logo\/image\/\"},\"sameAs\":[\"https:\/\/www.facebook.com\/ikuchyne\/\",\"https:\/\/www.instagram.com\/ikuchyne.sk\/\",\"https:\/\/sk.pinterest.com\/ikuchynesk\/\"]}]}<\/script>\n<!-- \/ Yoast SEO plugin. -->","yoast_head_json":{"title":"Konferen\u010dn\u00fd stol\u00edk Liquid Line S zlat\u00fd &#187; iKuchyne iSHOP s n\u00e1bytkom","description":"Konferen\u010dn\u00fd stol\u00edk Liquid Line S 44 cm zlat\u00fd \u00bb r\u00fdchle dodanie, poradenstvo, n\u00e1bytok skladom, ktor\u00e1 bude dominantou dom\u00e1cnosti s ikuchyne.sk","robots":{"index":"index","follow":"follow","max-snippet":"max-snippet:-1","max-image-preview":"max-image-preview:large","max-video-preview":"max-video-preview:-1"},"canonical":"https:\/\/www.ikuchyne.sk\/eshop\/produkt\/konferencny-stolik-liquid-line-s-44-cm-zlaty\/","og_locale":"sk_SK","og_type":"article","og_title":"Konferen\u010dn\u00fd stol\u00edk Liquid Line S zlat\u00fd &#187; iKuchyne iSHOP s n\u00e1bytkom","og_description":"Konferen\u010dn\u00fd stol\u00edk Liquid Line S 44 cm zlat\u00fd \u00bb r\u00fdchle dodanie, poradenstvo, n\u00e1bytok skladom, ktor\u00e1 bude dominantou dom\u00e1cnosti s ikuchyne.sk","og_url":"https:\/\/www.ikuchyne.sk\/eshop\/produkt\/konferencny-stolik-liquid-line-s-44-cm-zlaty\/","og_site_name":"iKuchyne iSHOP s n\u00e1bytkom","article_publisher":"https:\/\/www.facebook.com\/ikuchyne\/","article_modified_time":"2021-03-17T10:38:09+00:00","og_image":[{"width":800,"height":533,"url":"https:\/\/www.ikuchyne.sk\/eshop\/wp-content\/uploads\/2020\/12\/file0039496.jpg","type":"image\/jpeg"}],"twitter_card":"summary_large_image","twitter_misc":{"Predpokladan\u00fd \u010das \u010d\u00edtania":"2 min\u00faty"},"schema":{"@context":"https:\/\/schema.org","@graph":[{"@type":"WebPage","@id":"https:\/\/www.ikuchyne.sk\/eshop\/produkt\/konferencny-stolik-liquid-line-s-44-cm-zlaty\/","url":"https:\/\/www.ikuchyne.sk\/eshop\/produkt\/konferencny-stolik-liquid-line-s-44-cm-zlaty\/","name":"Konferen\u010dn\u00fd stol\u00edk Liquid Line S zlat\u00fd &#187; iKuchyne iSHOP s n\u00e1bytkom","isPartOf":{"@id":"https:\/\/www.ikuchyne.sk\/eshop\/#website"},"datePublished":"2021-03-03T19:06:22+00:00","dateModified":"2021-03-17T10:38:09+00:00","description":"Konferen\u010dn\u00fd stol\u00edk Liquid Line S 44 cm zlat\u00fd \u00bb r\u00fdchle dodanie, poradenstvo, n\u00e1bytok skladom, ktor\u00e1 bude dominantou dom\u00e1cnosti s ikuchyne.sk","breadcrumb":{"@id":"https:\/\/www.ikuchyne.sk\/eshop\/produkt\/konferencny-stolik-liquid-line-s-44-cm-zlaty\/#breadcrumb"},"inLanguage":"sk-SK","potentialAction":[{"@type":"ReadAction","target":["https:\/\/www.ikuchyne.sk\/eshop\/produkt\/konferencny-stolik-liquid-line-s-44-cm-zlaty\/"]}]},{"@type":"BreadcrumbList","@id":"https:\/\/www.ikuchyne.sk\/eshop\/produkt\/konferencny-stolik-liquid-line-s-44-cm-zlaty\/#breadcrumb","itemListElement":[{"@type":"ListItem","position":1,"name":"Home","item":"https:\/\/www.ikuchyne.sk\/eshop\/"},{"@type":"ListItem","position":2,"name":"Obchod","item":"https:\/\/www.ikuchyne.sk\/eshop\/obchod\/"},{"@type":"ListItem","position":3,"name":"Konferen\u010dn\u00fd stol\u00edk Liquid Line S 44 cm zlat\u00fd \u00bb"}]},{"@type":"WebSite","@id":"https:\/\/www.ikuchyne.sk\/eshop\/#website","url":"https:\/\/www.ikuchyne.sk\/eshop\/","name":"iKuchyne iSHOP s n\u00e1bytkom","description":"Jed\u00e1lensk\u00e9 stoly, stoli\u010dky, n\u00e1bytok, svietidl\u00e1...","publisher":{"@id":"https:\/\/www.ikuchyne.sk\/eshop\/#organization"},"potentialAction":[{"@type":"SearchAction","target":{"@type":"EntryPoint","urlTemplate":"https:\/\/www.ikuchyne.sk\/eshop\/?s={search_term_string}"},"query-input":"required name=search_term_string"}],"inLanguage":"sk-SK"},{"@type":"Organization","@id":"https:\/\/www.ikuchyne.sk\/eshop\/#organization","name":"ikuchyne!","url":"https:\/\/www.ikuchyne.sk\/eshop\/","logo":{"@type":"ImageObject","inLanguage":"sk-SK","@id":"https:\/\/www.ikuchyne.sk\/eshop\/#\/schema\/logo\/image\/","url":"https:\/\/www.ikuchyne.sk\/eshop\/wp-content\/uploads\/2017\/04\/ikuchyne-logo.jpg","contentUrl":"https:\/\/www.ikuchyne.sk\/eshop\/wp-content\/uploads\/2017\/04\/ikuchyne-logo.jpg","width":200,"height":48,"caption":"ikuchyne!"},"image":{"@id":"https:\/\/www.ikuchyne.sk\/eshop\/#\/schema\/logo\/image\/"},"sameAs":["https:\/\/www.facebook.com\/ikuchyne\/","https:\/\/www.instagram.com\/ikuchyne.sk\/","https:\/\/sk.pinterest.com\/ikuchynesk\/"]}]}},"_links":{"self":[{"href":"https:\/\/www.ikuchyne.sk\/eshop\/wp-json\/wp\/v2\/product\/148539"}],"collection":[{"href":"https:\/\/www.ikuchyne.sk\/eshop\/wp-json\/wp\/v2\/product"}],"about":[{"href":"https:\/\/www.ikuchyne.sk\/eshop\/wp-json\/wp\/v2\/types\/product"}],"replies":[{"embeddable":true,"href":"https:\/\/www.ikuchyne.sk\/eshop\/wp-json\/wp\/v2\/comments?post=148539"}],"wp:featuredmedia":[{"embeddable":true,"href":"https:\/\/www.ikuchyne.sk\/eshop\/wp-json\/wp\/v2\/media\/149856"}],"wp:attachment":[{"href":"https:\/\/www.ikuchyne.sk\/eshop\/wp-json\/wp\/v2\/media?parent=148539"}],"wp:term":[{"taxonomy":"product_cat","embeddable":true,"href":"https:\/\/www.ikuchyne.sk\/eshop\/wp-json\/wp\/v2\/product_cat?post=148539"},{"taxonomy":"product_tag","embeddable":true,"href":"https:\/\/www.ikuchyne.sk\/eshop\/wp-json\/wp\/v2\/product_tag?post=148539"}],"curies":[{"name":"wp","href":"https:\/\/api.w.org\/{rel}","templated":true}]}}