{"id":148673,"date":"2021-03-04T09:54:28","date_gmt":"2021-03-04T08:54:28","guid":{"rendered":"https:\/\/www.ikuchyne.sk\/eshop\/?post_type=product&#038;p=148673"},"modified":"2021-06-10T10:27:52","modified_gmt":"2021-06-10T08:27:52","slug":"jedalensky-stol-paris-180cm-sklo-mramor-optik-cierny","status":"publish","type":"product","link":"https:\/\/www.ikuchyne.sk\/eshop\/produkt\/jedalensky-stol-paris-180cm-sklo-mramor-optik-cierny\/","title":{"rendered":"Jed\u00e1lensk\u00fd st\u00f4l Paris 180cm sklo mramor-Optik \u010dierny \u00bb"},"content":{"rendered":"<h1>Jed\u00e1lensk\u00fd st\u00f4l Paris 180cm sklo mramor-Optik \u010dierny \u00bb<\/h1>\n<h4><strong>V\u0161eobecn\u00fd popis:<\/strong><\/h4>\n<p>Impozantn\u00fd jed\u00e1lensk\u00fd st\u00f4l Paris 180cm sklo mramor-Optik \u010dierny so stolovou doskou z bezpe\u010dnostn\u00e9ho skla v mramorovom vzh\u013eade. Zlat\u00e9 prvky na noh\u00e1ch s\u00fa \u0161peci\u00e1lnym p\u00fata\u010dom. Robustn\u00fd kovov\u00fd r\u00e1m dod\u00e1va dizajnu retro pocit. Posa\u010fte sa k svojmu nov\u00e9mu jed\u00e1lensk\u00e9mu stolu a u\u017eite si skvel\u00fd dizajn!<\/p>\n<p>Jed\u00e1lensk\u00fd st\u00f4l Paris 180cm sklo mramor-Optik siv\u00fd s mimoriadnym dizajnom. Tento st\u00f4l sa stane va\u0161im ob\u013e\u00faben\u00fdm miestom pre stretnutia s priate\u013emi a ve\u010dere. Ve\u013ek\u00e1 stolov\u00e1 doska vyroben\u00e1 z vysoko kvalitn\u00e9ho bezpe\u010dnostn\u00e9ho skla je skuto\u010dn\u00fdm p\u00fata\u010dom pozornosti. Doska stola vyzer\u00e1 obzvl\u00e1\u0161\u0165 p\u00f4sobivo v\u010faka elegantn\u00e9mu mramorov\u00e9mu vzh\u013eadu v \u010diernom preveden\u00ed. Dodato\u010dn\u00fdmi dizajnov\u00fdmi prvkami s\u00fa zlat\u00e9 zdoben\u00e9 nohy stola, ktor\u00e9 obzvl\u00e1\u0161\u0165 dobre zd\u00f4raz\u0148uj\u00fa retro vzh\u013ead jed\u00e1lensk\u00e9ho stola.<\/p>\n<p>Jed\u00e1lensk\u00fd st\u00f4l je skuto\u010dn\u00fd kombina\u010dn\u00fd talent. Nad\u010dasov\u00fd retro dizajn a vzh\u013ead u\u0161\u013eachtil\u00e9ho mramoru tvoria kombin\u00e1ciu, ktor\u00fa m\u00f4\u017eete doma skombinova\u0165 s ve\u013emi odli\u0161n\u00fdm n\u00e1bytkom a \u0161t\u00fdlmi b\u00fdvania. Zamatov\u00e9 stoli\u010dky v \u017eiariv\u00fdch farb\u00e1ch sa hodia rovnako dobre ako jednoduch\u00e1 z\u00e1vesn\u00e1 lampa z \u010dierneho kovu. N\u00e1\u0161 tip: na na\u0161om e-shope n\u00e1jdete mnoho bytov\u00fdch doplnkov a n\u00e1bytku s retro \u0161t\u00fdlom, ktor\u00fd sa bude dokonalo kombinova\u0165 s t\u00fdmto jed\u00e1lensk\u00fdm stolom.<\/p>\n<h4><strong>Retro \u0161t\u00fdl:<\/strong><\/h4>\n<p>Retro je trendovej\u0161\u00ed ako kedyko\u013evek predt\u00fdm! Tvary, materi\u00e1ly a farby z posledn\u00fdch desa\u0165ro\u010d\u00ed si \u010doraz viac nach\u00e1dzaj\u00fa cestu do na\u0161ich domovov. \u010ci u\u017e barov\u00fd st\u00f4l v kombin\u00e1cii so zodpovedaj\u00facimi stoli\u010dkami alebo pr\u00edborn\u00edk s charakteristick\u00fdmi roztiahnut\u00fdmi nohami: retro vzh\u013ead je absol\u00fatne nad\u010dasov\u00fd. Kombinujte tento st\u00f4l s vhodn\u00fdmi bytov\u00fdmi doplnkami a n\u00e1bytkom z n\u00e1\u0161ho e-shopu, na\u0161i odborn\u00edci v\u00e1m radi poradia a pom\u00f4\u017eu vybra\u0165 to najlep\u0161ie pre v\u00e1\u0161 domov.<\/p>\n<p><strong>Rozmery (cca):<br \/>\n<\/strong>180cm x 76cm x 90cm (\u0160xVxH)<\/p>\n<p><b>Farba: <\/b>mramor vzh\u013ead, \u010dierna &#8211; Retro \u0161t\u00fdl<br \/>\n<b>Materi\u00e1l:\u00a0<\/b><br \/>\nDoska stola: bezpe\u010dnostn\u00e9 sklo<br \/>\nR\u00e1m: kov<\/p>\n<h4>Tento jed\u00e1lensk\u00fd st\u00f4l m\u00f4\u017eete n\u00e1js\u0165 aj v t\u00fdchto prevedeniach:<\/h4>\n<ul>\n<li>Jed\u00e1lensk\u00fd st\u00f4l Paris 180cm sklo mramor-Optik siv\u00fd<\/li>\n<li>Jed\u00e1lensk\u00fd st\u00f4l Paris 180cm sklo mramor-Optik biely<\/li>\n<\/ul>\n<p>Dodato\u010dn\u00e9 inform\u00e1cie:<\/p>\n<p>V pr\u00edpade z\u00e1ujmu o in\u00e9 jed\u00e1lensk\u00e9 stoly, nav\u0161t\u00edvte sekciu jed\u00e1lensk\u00e9 stoly na <a href=\"https:\/\/www.ikuchyne.sk\/eshop\/kategoria\/jedalenske-stoly\/\">www.ikuchyne.sk\/eshop<\/a><br \/>\nV pr\u00edpade z\u00e1ujmu o n\u00e1bytok na mieru n\u00e1s kontaktuje na <a href=\"http:\/\/www.ikuchyne.sk\">www.ikuchyne.sk<\/a><\/p>\n","protected":false},"excerpt":{"rendered":"<p>Jed\u00e1lensk\u00fd st\u00f4l Paris 180cm sklo mramor-Optik \u010dierny \u00bb V\u0161eobecn\u00fd popis: Impozantn\u00fd jed\u00e1lensk\u00fd st\u00f4l Paris 180cm sklo mramor-Optik \u010dierny so stolovou doskou z bezpe\u010dnostn\u00e9ho skla v mramorovom vzh\u013eade. Zlat\u00e9 prvky na<\/p>\n","protected":false},"featured_media":149916,"comment_status":"closed","ping_status":"closed","template":"","meta":[],"product_cat":[298,855,846,772,287],"product_tag":[187,2951],"yoast_head":"<!-- This site is optimized with the Yoast SEO plugin v22.1 - https:\/\/yoast.com\/wordpress\/plugins\/seo\/ -->\n<title>Jed\u00e1lensk\u00fd st\u00f4l Paris mramor-Optik \u010dierny &#187; iKuchyne iSHOP s n\u00e1bytkom<\/title>\n<meta name=\"description\" content=\"Jed\u00e1lensk\u00fd st\u00f4l Paris 180cm sklo mramor-Optik \u010dierny \u00bb - r\u00fdchle dodanie, poradenstvo, n\u00e1bytok skladom v Bratislave s ikuchyne.sk - kuchyne na mieru.\" \/>\n<meta name=\"robots\" content=\"index, follow, max-snippet:-1, max-image-preview:large, max-video-preview:-1\" \/>\n<link rel=\"canonical\" href=\"https:\/\/www.ikuchyne.sk\/eshop\/produkt\/jedalensky-stol-paris-180cm-sklo-mramor-optik-cierny\/\" \/>\n<meta property=\"og:locale\" content=\"sk_SK\" \/>\n<meta property=\"og:type\" content=\"article\" \/>\n<meta property=\"og:title\" content=\"Jed\u00e1lensk\u00fd st\u00f4l Paris mramor-Optik \u010dierny &#187; iKuchyne iSHOP s n\u00e1bytkom\" \/>\n<meta property=\"og:description\" content=\"Jed\u00e1lensk\u00fd st\u00f4l Paris 180cm sklo mramor-Optik \u010dierny \u00bb - r\u00fdchle dodanie, poradenstvo, n\u00e1bytok skladom v Bratislave s ikuchyne.sk - kuchyne na mieru.\" \/>\n<meta property=\"og:url\" content=\"https:\/\/www.ikuchyne.sk\/eshop\/produkt\/jedalensky-stol-paris-180cm-sklo-mramor-optik-cierny\/\" \/>\n<meta property=\"og:site_name\" content=\"iKuchyne iSHOP s n\u00e1bytkom\" \/>\n<meta property=\"article:publisher\" content=\"https:\/\/www.facebook.com\/ikuchyne\/\" \/>\n<meta property=\"article:modified_time\" content=\"2021-06-10T08:27:52+00:00\" \/>\n<meta property=\"og:image\" content=\"https:\/\/www.ikuchyne.sk\/eshop\/wp-content\/uploads\/2020\/12\/file0039857.jpg\" \/>\n\t<meta property=\"og:image:width\" content=\"800\" \/>\n\t<meta property=\"og:image:height\" content=\"533\" \/>\n\t<meta property=\"og:image:type\" content=\"image\/jpeg\" \/>\n<meta name=\"twitter:card\" content=\"summary_large_image\" \/>\n<meta name=\"twitter:label1\" content=\"Predpokladan\u00fd \u010das \u010d\u00edtania\" \/>\n\t<meta name=\"twitter:data1\" content=\"2 min\u00faty\" \/>\n<script type=\"application\/ld+json\" class=\"yoast-schema-graph\">{\"@context\":\"https:\/\/schema.org\",\"@graph\":[{\"@type\":\"WebPage\",\"@id\":\"https:\/\/www.ikuchyne.sk\/eshop\/produkt\/jedalensky-stol-paris-180cm-sklo-mramor-optik-cierny\/\",\"url\":\"https:\/\/www.ikuchyne.sk\/eshop\/produkt\/jedalensky-stol-paris-180cm-sklo-mramor-optik-cierny\/\",\"name\":\"Jed\u00e1lensk\u00fd st\u00f4l Paris mramor-Optik \u010dierny &#187; iKuchyne iSHOP s n\u00e1bytkom\",\"isPartOf\":{\"@id\":\"https:\/\/www.ikuchyne.sk\/eshop\/#website\"},\"datePublished\":\"2021-03-04T08:54:28+00:00\",\"dateModified\":\"2021-06-10T08:27:52+00:00\",\"description\":\"Jed\u00e1lensk\u00fd st\u00f4l Paris 180cm sklo mramor-Optik \u010dierny \u00bb - r\u00fdchle dodanie, poradenstvo, n\u00e1bytok skladom v Bratislave s ikuchyne.sk - kuchyne na mieru.\",\"breadcrumb\":{\"@id\":\"https:\/\/www.ikuchyne.sk\/eshop\/produkt\/jedalensky-stol-paris-180cm-sklo-mramor-optik-cierny\/#breadcrumb\"},\"inLanguage\":\"sk-SK\",\"potentialAction\":[{\"@type\":\"ReadAction\",\"target\":[\"https:\/\/www.ikuchyne.sk\/eshop\/produkt\/jedalensky-stol-paris-180cm-sklo-mramor-optik-cierny\/\"]}]},{\"@type\":\"BreadcrumbList\",\"@id\":\"https:\/\/www.ikuchyne.sk\/eshop\/produkt\/jedalensky-stol-paris-180cm-sklo-mramor-optik-cierny\/#breadcrumb\",\"itemListElement\":[{\"@type\":\"ListItem\",\"position\":1,\"name\":\"Home\",\"item\":\"https:\/\/www.ikuchyne.sk\/eshop\/\"},{\"@type\":\"ListItem\",\"position\":2,\"name\":\"Obchod\",\"item\":\"https:\/\/www.ikuchyne.sk\/eshop\/obchod\/\"},{\"@type\":\"ListItem\",\"position\":3,\"name\":\"Jed\u00e1lensk\u00fd st\u00f4l Paris 180cm sklo mramor-Optik \u010dierny \u00bb\"}]},{\"@type\":\"WebSite\",\"@id\":\"https:\/\/www.ikuchyne.sk\/eshop\/#website\",\"url\":\"https:\/\/www.ikuchyne.sk\/eshop\/\",\"name\":\"iKuchyne iSHOP s n\u00e1bytkom\",\"description\":\"Jed\u00e1lensk\u00e9 stoly, stoli\u010dky, n\u00e1bytok, svietidl\u00e1...\",\"publisher\":{\"@id\":\"https:\/\/www.ikuchyne.sk\/eshop\/#organization\"},\"potentialAction\":[{\"@type\":\"SearchAction\",\"target\":{\"@type\":\"EntryPoint\",\"urlTemplate\":\"https:\/\/www.ikuchyne.sk\/eshop\/?s={search_term_string}\"},\"query-input\":\"required name=search_term_string\"}],\"inLanguage\":\"sk-SK\"},{\"@type\":\"Organization\",\"@id\":\"https:\/\/www.ikuchyne.sk\/eshop\/#organization\",\"name\":\"ikuchyne!\",\"url\":\"https:\/\/www.ikuchyne.sk\/eshop\/\",\"logo\":{\"@type\":\"ImageObject\",\"inLanguage\":\"sk-SK\",\"@id\":\"https:\/\/www.ikuchyne.sk\/eshop\/#\/schema\/logo\/image\/\",\"url\":\"https:\/\/www.ikuchyne.sk\/eshop\/wp-content\/uploads\/2017\/04\/ikuchyne-logo.jpg\",\"contentUrl\":\"https:\/\/www.ikuchyne.sk\/eshop\/wp-content\/uploads\/2017\/04\/ikuchyne-logo.jpg\",\"width\":200,\"height\":48,\"caption\":\"ikuchyne!\"},\"image\":{\"@id\":\"https:\/\/www.ikuchyne.sk\/eshop\/#\/schema\/logo\/image\/\"},\"sameAs\":[\"https:\/\/www.facebook.com\/ikuchyne\/\",\"https:\/\/www.instagram.com\/ikuchyne.sk\/\",\"https:\/\/sk.pinterest.com\/ikuchynesk\/\"]}]}<\/script>\n<!-- \/ Yoast SEO plugin. -->","yoast_head_json":{"title":"Jed\u00e1lensk\u00fd st\u00f4l Paris mramor-Optik \u010dierny &#187; iKuchyne iSHOP s n\u00e1bytkom","description":"Jed\u00e1lensk\u00fd st\u00f4l Paris 180cm sklo mramor-Optik \u010dierny \u00bb - r\u00fdchle dodanie, poradenstvo, n\u00e1bytok skladom v Bratislave s ikuchyne.sk - kuchyne na mieru.","robots":{"index":"index","follow":"follow","max-snippet":"max-snippet:-1","max-image-preview":"max-image-preview:large","max-video-preview":"max-video-preview:-1"},"canonical":"https:\/\/www.ikuchyne.sk\/eshop\/produkt\/jedalensky-stol-paris-180cm-sklo-mramor-optik-cierny\/","og_locale":"sk_SK","og_type":"article","og_title":"Jed\u00e1lensk\u00fd st\u00f4l Paris mramor-Optik \u010dierny &#187; iKuchyne iSHOP s n\u00e1bytkom","og_description":"Jed\u00e1lensk\u00fd st\u00f4l Paris 180cm sklo mramor-Optik \u010dierny \u00bb - r\u00fdchle dodanie, poradenstvo, n\u00e1bytok skladom v Bratislave s ikuchyne.sk - kuchyne na mieru.","og_url":"https:\/\/www.ikuchyne.sk\/eshop\/produkt\/jedalensky-stol-paris-180cm-sklo-mramor-optik-cierny\/","og_site_name":"iKuchyne iSHOP s n\u00e1bytkom","article_publisher":"https:\/\/www.facebook.com\/ikuchyne\/","article_modified_time":"2021-06-10T08:27:52+00:00","og_image":[{"width":800,"height":533,"url":"https:\/\/www.ikuchyne.sk\/eshop\/wp-content\/uploads\/2020\/12\/file0039857.jpg","type":"image\/jpeg"}],"twitter_card":"summary_large_image","twitter_misc":{"Predpokladan\u00fd \u010das \u010d\u00edtania":"2 min\u00faty"},"schema":{"@context":"https:\/\/schema.org","@graph":[{"@type":"WebPage","@id":"https:\/\/www.ikuchyne.sk\/eshop\/produkt\/jedalensky-stol-paris-180cm-sklo-mramor-optik-cierny\/","url":"https:\/\/www.ikuchyne.sk\/eshop\/produkt\/jedalensky-stol-paris-180cm-sklo-mramor-optik-cierny\/","name":"Jed\u00e1lensk\u00fd st\u00f4l Paris mramor-Optik \u010dierny &#187; iKuchyne iSHOP s n\u00e1bytkom","isPartOf":{"@id":"https:\/\/www.ikuchyne.sk\/eshop\/#website"},"datePublished":"2021-03-04T08:54:28+00:00","dateModified":"2021-06-10T08:27:52+00:00","description":"Jed\u00e1lensk\u00fd st\u00f4l Paris 180cm sklo mramor-Optik \u010dierny \u00bb - r\u00fdchle dodanie, poradenstvo, n\u00e1bytok skladom v Bratislave s ikuchyne.sk - kuchyne na mieru.","breadcrumb":{"@id":"https:\/\/www.ikuchyne.sk\/eshop\/produkt\/jedalensky-stol-paris-180cm-sklo-mramor-optik-cierny\/#breadcrumb"},"inLanguage":"sk-SK","potentialAction":[{"@type":"ReadAction","target":["https:\/\/www.ikuchyne.sk\/eshop\/produkt\/jedalensky-stol-paris-180cm-sklo-mramor-optik-cierny\/"]}]},{"@type":"BreadcrumbList","@id":"https:\/\/www.ikuchyne.sk\/eshop\/produkt\/jedalensky-stol-paris-180cm-sklo-mramor-optik-cierny\/#breadcrumb","itemListElement":[{"@type":"ListItem","position":1,"name":"Home","item":"https:\/\/www.ikuchyne.sk\/eshop\/"},{"@type":"ListItem","position":2,"name":"Obchod","item":"https:\/\/www.ikuchyne.sk\/eshop\/obchod\/"},{"@type":"ListItem","position":3,"name":"Jed\u00e1lensk\u00fd st\u00f4l Paris 180cm sklo mramor-Optik \u010dierny \u00bb"}]},{"@type":"WebSite","@id":"https:\/\/www.ikuchyne.sk\/eshop\/#website","url":"https:\/\/www.ikuchyne.sk\/eshop\/","name":"iKuchyne iSHOP s n\u00e1bytkom","description":"Jed\u00e1lensk\u00e9 stoly, stoli\u010dky, n\u00e1bytok, svietidl\u00e1...","publisher":{"@id":"https:\/\/www.ikuchyne.sk\/eshop\/#organization"},"potentialAction":[{"@type":"SearchAction","target":{"@type":"EntryPoint","urlTemplate":"https:\/\/www.ikuchyne.sk\/eshop\/?s={search_term_string}"},"query-input":"required name=search_term_string"}],"inLanguage":"sk-SK"},{"@type":"Organization","@id":"https:\/\/www.ikuchyne.sk\/eshop\/#organization","name":"ikuchyne!","url":"https:\/\/www.ikuchyne.sk\/eshop\/","logo":{"@type":"ImageObject","inLanguage":"sk-SK","@id":"https:\/\/www.ikuchyne.sk\/eshop\/#\/schema\/logo\/image\/","url":"https:\/\/www.ikuchyne.sk\/eshop\/wp-content\/uploads\/2017\/04\/ikuchyne-logo.jpg","contentUrl":"https:\/\/www.ikuchyne.sk\/eshop\/wp-content\/uploads\/2017\/04\/ikuchyne-logo.jpg","width":200,"height":48,"caption":"ikuchyne!"},"image":{"@id":"https:\/\/www.ikuchyne.sk\/eshop\/#\/schema\/logo\/image\/"},"sameAs":["https:\/\/www.facebook.com\/ikuchyne\/","https:\/\/www.instagram.com\/ikuchyne.sk\/","https:\/\/sk.pinterest.com\/ikuchynesk\/"]}]}},"_links":{"self":[{"href":"https:\/\/www.ikuchyne.sk\/eshop\/wp-json\/wp\/v2\/product\/148673"}],"collection":[{"href":"https:\/\/www.ikuchyne.sk\/eshop\/wp-json\/wp\/v2\/product"}],"about":[{"href":"https:\/\/www.ikuchyne.sk\/eshop\/wp-json\/wp\/v2\/types\/product"}],"replies":[{"embeddable":true,"href":"https:\/\/www.ikuchyne.sk\/eshop\/wp-json\/wp\/v2\/comments?post=148673"}],"wp:featuredmedia":[{"embeddable":true,"href":"https:\/\/www.ikuchyne.sk\/eshop\/wp-json\/wp\/v2\/media\/149916"}],"wp:attachment":[{"href":"https:\/\/www.ikuchyne.sk\/eshop\/wp-json\/wp\/v2\/media?parent=148673"}],"wp:term":[{"taxonomy":"product_cat","embeddable":true,"href":"https:\/\/www.ikuchyne.sk\/eshop\/wp-json\/wp\/v2\/product_cat?post=148673"},{"taxonomy":"product_tag","embeddable":true,"href":"https:\/\/www.ikuchyne.sk\/eshop\/wp-json\/wp\/v2\/product_tag?post=148673"}],"curies":[{"name":"wp","href":"https:\/\/api.w.org\/{rel}","templated":true}]}}