{"id":148786,"date":"2021-03-04T08:29:44","date_gmt":"2021-03-04T07:29:44","guid":{"rendered":"https:\/\/www.ikuchyne.sk\/eshop\/?post_type=product&#038;p=148786"},"modified":"2022-01-21T05:22:39","modified_gmt":"2022-01-21T04:22:39","slug":"konferencny-stolik-diamond-70-cm-mramor-zeleny","status":"publish","type":"product","link":"https:\/\/www.ikuchyne.sk\/eshop\/produkt\/konferencny-stolik-diamond-70-cm-mramor-zeleny\/","title":{"rendered":"Konferen\u010dn\u00fd stol\u00edk Diamond 70 cm mramor zelen\u00fd \u00bb"},"content":{"rendered":"<h1>Konferen\u010dn\u00fd stol\u00edk Diamond 70 cm mramor zelen\u00fd \u00bb<\/h1>\n<h4><strong>V\u0161eobecn\u00fd popis:<\/strong><\/h4>\n<p>Na prv\u00fd poh\u013ead o\u010daruj\u00faci Konferen\u010dn\u00fd stol\u00edk Diamond 70 cm mramor zelen\u00fd s doskou zo zelen\u00e9ho mramoru. Mramorov\u00e1 doska je opatrne ru\u010dne vyle\u0161ten\u00e1. Mosadzn\u00fd r\u00e1m je vymodelovan\u00fd do diamantu. Skombinujte konferen\u010dn\u00fd stol\u00edk pod\u013ea v\u00e1\u0161ho vkusu!<\/p>\n<p>Konferen\u010dn\u00fd stol\u00edk Diamond 70 cm mramor zelen\u00fd je nov\u00fd vrchol vo va\u0161ej ob\u00fdvacej izbe. S t\u00fdmto mimoriadnym konferen\u010dn\u00fdm stol\u00edkom sa do v\u00e1\u0161ho domova dostane skuto\u010dn\u00fd diamant. Otvoren\u00fd kovov\u00fd r\u00e1m v mosadznej farbe p\u00f4sob\u00ed elegantne a moderne z\u00e1rove\u0148. Stoj\u00ed na \u0148om osemuholn\u00edkov\u00e1 stolov\u00e1 doska z kvalitn\u00e9ho mramoru. Zd\u00e1 sa, \u017ee po\u010detn\u00e9 zelen\u00e9 nuansy mramoru sa navz\u00e1jom sp\u00e1jaj\u00fa ako mraky a v\u00fdsledkom je jedine\u010dn\u00fd vzor, \u200b\u200bktor\u00fd rob\u00ed ka\u017ed\u00fd pr\u00edru\u010dn\u00fd stol\u00edk jedine\u010dn\u00fdm.<\/p>\n<p>Ka\u017ed\u00fd konferen\u010dn\u00fd stol\u00edk je jedine\u010dn\u00fd. Ka\u017ed\u00e1 tabu\u013eka in\u0161piruje svojou individu\u00e1lnou farebnou kresbou a autentick\u00fdmi kamenn\u00fdmi prvkami, ako s\u00fa mal\u00e9 hr\u010dky alebo inkl\u00fazie. Te\u0161te sa teda na skuto\u010dne jedine\u010dn\u00fd k\u00fasok pre va\u0161e prostredie! Mimochodom, konferen\u010dn\u00fd stol\u00edk m\u00f4\u017eete skombinova\u0165 pod\u013ea svojej chuti. \u010ci u\u017e ko\u017een\u00fd gau\u010d alebo zamatov\u00e1 pohovka: st\u00f4l sa v\u017edy \u00fa\u017easne hod\u00ed do v\u00e1\u0161ho interi\u00e9ru. Vhodn\u00e9 bytov\u00e9 doplnky pre kombinovanie interi\u00e9ru s t\u00fdmto konferen\u010dn\u00fdm stol\u00edkom n\u00e1jdete na na\u0161om e-shope v sekcii Bytov\u00e9 doplnky. Kontaktujte n\u00e1s a my v\u00e1m radi pom\u00f4\u017eeme s v\u00fdberom vhodn\u00fdch dekor\u00e1ci\u00ed.<\/p>\n<p><strong>Rozmery (cca):<br \/>\n<\/strong>70cm x 38cm x 70cm (\u0160xVxH)<br \/>\n<strong>Vonkaj\u0161ia hr\u00fabka stola:<\/strong> 13mm<\/p>\n<p><b>Farba: <\/b>zelen\u00e1, staro\u017eitn\u00e1 mosadz<br \/>\n<b>Materi\u00e1l:<br \/>\n<\/b>Doska stola: mramor<br \/>\nR\u00e1m: \u017eelezo<\/p>\n<p><strong>Tento konferen\u010dn\u00fd stol\u00edk m\u00f4\u017eete n\u00e1js\u0165 aj v prevedeniach:<\/strong><\/p>\n<p>Konferen\u010dn\u00fd stol\u00edk Diamond 70 cm mango<br \/>\nKonferen\u010dn\u00fd stol\u00edk Diamond 70 cm mramor biely<br \/>\nKonferen\u010dn\u00fd stol\u00edk Diamond 70 cm mramor siv\u00fd<\/p>\n<p>Dodac\u00ed stav: \u010diasto\u010dne zmontovan\u00fd<br \/>\nBalenie 1: (pribli\u017ene) 75 x 77 x 12 cm \/ 15,3 kg<br \/>\nBalenie 2: (pribli\u017ene) 73 x 74 x 40 cm \/ 8 kg<\/p>\n<p>Dodato\u010dn\u00e9 inform\u00e1cie:<\/p>\n<p>V pr\u00edpade z\u00e1ujmu o in\u00e9 stoly ako toaletn\u00e9, p\u00edsacie, konferen\u010dn\u00e9 stol\u00edky \u010di jed\u00e1lensk\u00e9 stoly, nav\u0161t\u00edvte sekciu stoly na <a href=\"https:\/\/www.ikuchyne.sk\/eshop\/kategoria\/stoly\/\">www.ikuchyne.sk\/eshop<\/a><br \/>\nV pr\u00edpade z\u00e1ujmu o n\u00e1bytok na mieru n\u00e1s kontaktuje na <a href=\"http:\/\/www.ikuchyne.sk\">www.ikuchyne.sk<\/a><\/p>\n","protected":false},"excerpt":{"rendered":"<p>Konferen\u010dn\u00fd stol\u00edk Diamond 70 cm mramor zelen\u00fd \u00bb V\u0161eobecn\u00fd popis: Na prv\u00fd poh\u013ead o\u010daruj\u00faci Konferen\u010dn\u00fd stol\u00edk Diamond 70 cm mramor zelen\u00fd s doskou zo zelen\u00e9ho mramoru. Mramorov\u00e1 doska je opatrne<\/p>\n","protected":false},"featured_media":148787,"comment_status":"closed","ping_status":"closed","template":"","meta":[],"product_cat":[772,287,304,842,839],"product_tag":[2948,263],"yoast_head":"<!-- This site is optimized with the Yoast SEO plugin v22.1 - https:\/\/yoast.com\/wordpress\/plugins\/seo\/ -->\n<title>Konferen\u010dn\u00fd stol\u00edk Diamond mramor zelen\u00fd &#187; iKuchyne iSHOP s n\u00e1bytkom<\/title>\n<meta name=\"description\" content=\"Konferen\u010dn\u00fd stol\u00edk Diamond 70 cm mramor zelen\u00fd \u00bb r\u00fdchle dodanie, poradenstvo, n\u00e1bytok skladom, ktor\u00e1 bude dominantou dom\u00e1cnosti.\" \/>\n<meta name=\"robots\" content=\"index, follow, max-snippet:-1, max-image-preview:large, max-video-preview:-1\" \/>\n<link rel=\"canonical\" href=\"https:\/\/www.ikuchyne.sk\/eshop\/produkt\/konferencny-stolik-diamond-70-cm-mramor-zeleny\/\" \/>\n<meta property=\"og:locale\" content=\"sk_SK\" \/>\n<meta property=\"og:type\" content=\"article\" \/>\n<meta property=\"og:title\" content=\"Konferen\u010dn\u00fd stol\u00edk Diamond mramor zelen\u00fd &#187; iKuchyne iSHOP s n\u00e1bytkom\" \/>\n<meta property=\"og:description\" content=\"Konferen\u010dn\u00fd stol\u00edk Diamond 70 cm mramor zelen\u00fd \u00bb r\u00fdchle dodanie, poradenstvo, n\u00e1bytok skladom, ktor\u00e1 bude dominantou dom\u00e1cnosti.\" \/>\n<meta property=\"og:url\" content=\"https:\/\/www.ikuchyne.sk\/eshop\/produkt\/konferencny-stolik-diamond-70-cm-mramor-zeleny\/\" \/>\n<meta property=\"og:site_name\" content=\"iKuchyne iSHOP s n\u00e1bytkom\" \/>\n<meta property=\"article:publisher\" content=\"https:\/\/www.facebook.com\/ikuchyne\/\" \/>\n<meta property=\"article:modified_time\" content=\"2022-01-21T04:22:39+00:00\" \/>\n<meta property=\"og:image\" content=\"https:\/\/www.ikuchyne.sk\/eshop\/wp-content\/uploads\/2021\/01\/Konferen\u010dn\u00fd-stol\u00edk-Diamond-69cm-mramor-zelen\u00e1-40392.jpg\" \/>\n\t<meta property=\"og:image:width\" content=\"800\" \/>\n\t<meta property=\"og:image:height\" content=\"533\" \/>\n\t<meta property=\"og:image:type\" content=\"image\/jpeg\" \/>\n<meta name=\"twitter:card\" content=\"summary_large_image\" \/>\n<meta name=\"twitter:label1\" content=\"Predpokladan\u00fd \u010das \u010d\u00edtania\" \/>\n\t<meta name=\"twitter:data1\" content=\"2 min\u00faty\" \/>\n<script type=\"application\/ld+json\" class=\"yoast-schema-graph\">{\"@context\":\"https:\/\/schema.org\",\"@graph\":[{\"@type\":\"WebPage\",\"@id\":\"https:\/\/www.ikuchyne.sk\/eshop\/produkt\/konferencny-stolik-diamond-70-cm-mramor-zeleny\/\",\"url\":\"https:\/\/www.ikuchyne.sk\/eshop\/produkt\/konferencny-stolik-diamond-70-cm-mramor-zeleny\/\",\"name\":\"Konferen\u010dn\u00fd stol\u00edk Diamond mramor zelen\u00fd &#187; iKuchyne iSHOP s n\u00e1bytkom\",\"isPartOf\":{\"@id\":\"https:\/\/www.ikuchyne.sk\/eshop\/#website\"},\"datePublished\":\"2021-03-04T07:29:44+00:00\",\"dateModified\":\"2022-01-21T04:22:39+00:00\",\"description\":\"Konferen\u010dn\u00fd stol\u00edk Diamond 70 cm mramor zelen\u00fd \u00bb r\u00fdchle dodanie, poradenstvo, n\u00e1bytok skladom, ktor\u00e1 bude dominantou dom\u00e1cnosti.\",\"breadcrumb\":{\"@id\":\"https:\/\/www.ikuchyne.sk\/eshop\/produkt\/konferencny-stolik-diamond-70-cm-mramor-zeleny\/#breadcrumb\"},\"inLanguage\":\"sk-SK\",\"potentialAction\":[{\"@type\":\"ReadAction\",\"target\":[\"https:\/\/www.ikuchyne.sk\/eshop\/produkt\/konferencny-stolik-diamond-70-cm-mramor-zeleny\/\"]}]},{\"@type\":\"BreadcrumbList\",\"@id\":\"https:\/\/www.ikuchyne.sk\/eshop\/produkt\/konferencny-stolik-diamond-70-cm-mramor-zeleny\/#breadcrumb\",\"itemListElement\":[{\"@type\":\"ListItem\",\"position\":1,\"name\":\"Home\",\"item\":\"https:\/\/www.ikuchyne.sk\/eshop\/\"},{\"@type\":\"ListItem\",\"position\":2,\"name\":\"Obchod\",\"item\":\"https:\/\/www.ikuchyne.sk\/eshop\/obchod\/\"},{\"@type\":\"ListItem\",\"position\":3,\"name\":\"Konferen\u010dn\u00fd stol\u00edk Diamond 70 cm mramor zelen\u00fd \u00bb\"}]},{\"@type\":\"WebSite\",\"@id\":\"https:\/\/www.ikuchyne.sk\/eshop\/#website\",\"url\":\"https:\/\/www.ikuchyne.sk\/eshop\/\",\"name\":\"iKuchyne iSHOP s n\u00e1bytkom\",\"description\":\"Jed\u00e1lensk\u00e9 stoly, stoli\u010dky, n\u00e1bytok, svietidl\u00e1...\",\"publisher\":{\"@id\":\"https:\/\/www.ikuchyne.sk\/eshop\/#organization\"},\"potentialAction\":[{\"@type\":\"SearchAction\",\"target\":{\"@type\":\"EntryPoint\",\"urlTemplate\":\"https:\/\/www.ikuchyne.sk\/eshop\/?s={search_term_string}\"},\"query-input\":\"required name=search_term_string\"}],\"inLanguage\":\"sk-SK\"},{\"@type\":\"Organization\",\"@id\":\"https:\/\/www.ikuchyne.sk\/eshop\/#organization\",\"name\":\"ikuchyne!\",\"url\":\"https:\/\/www.ikuchyne.sk\/eshop\/\",\"logo\":{\"@type\":\"ImageObject\",\"inLanguage\":\"sk-SK\",\"@id\":\"https:\/\/www.ikuchyne.sk\/eshop\/#\/schema\/logo\/image\/\",\"url\":\"https:\/\/www.ikuchyne.sk\/eshop\/wp-content\/uploads\/2017\/04\/ikuchyne-logo.jpg\",\"contentUrl\":\"https:\/\/www.ikuchyne.sk\/eshop\/wp-content\/uploads\/2017\/04\/ikuchyne-logo.jpg\",\"width\":200,\"height\":48,\"caption\":\"ikuchyne!\"},\"image\":{\"@id\":\"https:\/\/www.ikuchyne.sk\/eshop\/#\/schema\/logo\/image\/\"},\"sameAs\":[\"https:\/\/www.facebook.com\/ikuchyne\/\",\"https:\/\/www.instagram.com\/ikuchyne.sk\/\",\"https:\/\/sk.pinterest.com\/ikuchynesk\/\"]}]}<\/script>\n<!-- \/ Yoast SEO plugin. -->","yoast_head_json":{"title":"Konferen\u010dn\u00fd stol\u00edk Diamond mramor zelen\u00fd &#187; iKuchyne iSHOP s n\u00e1bytkom","description":"Konferen\u010dn\u00fd stol\u00edk Diamond 70 cm mramor zelen\u00fd \u00bb r\u00fdchle dodanie, poradenstvo, n\u00e1bytok skladom, ktor\u00e1 bude dominantou dom\u00e1cnosti.","robots":{"index":"index","follow":"follow","max-snippet":"max-snippet:-1","max-image-preview":"max-image-preview:large","max-video-preview":"max-video-preview:-1"},"canonical":"https:\/\/www.ikuchyne.sk\/eshop\/produkt\/konferencny-stolik-diamond-70-cm-mramor-zeleny\/","og_locale":"sk_SK","og_type":"article","og_title":"Konferen\u010dn\u00fd stol\u00edk Diamond mramor zelen\u00fd &#187; iKuchyne iSHOP s n\u00e1bytkom","og_description":"Konferen\u010dn\u00fd stol\u00edk Diamond 70 cm mramor zelen\u00fd \u00bb r\u00fdchle dodanie, poradenstvo, n\u00e1bytok skladom, ktor\u00e1 bude dominantou dom\u00e1cnosti.","og_url":"https:\/\/www.ikuchyne.sk\/eshop\/produkt\/konferencny-stolik-diamond-70-cm-mramor-zeleny\/","og_site_name":"iKuchyne iSHOP s n\u00e1bytkom","article_publisher":"https:\/\/www.facebook.com\/ikuchyne\/","article_modified_time":"2022-01-21T04:22:39+00:00","og_image":[{"width":800,"height":533,"url":"https:\/\/www.ikuchyne.sk\/eshop\/wp-content\/uploads\/2021\/01\/Konferen\u010dn\u00fd-stol\u00edk-Diamond-69cm-mramor-zelen\u00e1-40392.jpg","type":"image\/jpeg"}],"twitter_card":"summary_large_image","twitter_misc":{"Predpokladan\u00fd \u010das \u010d\u00edtania":"2 min\u00faty"},"schema":{"@context":"https:\/\/schema.org","@graph":[{"@type":"WebPage","@id":"https:\/\/www.ikuchyne.sk\/eshop\/produkt\/konferencny-stolik-diamond-70-cm-mramor-zeleny\/","url":"https:\/\/www.ikuchyne.sk\/eshop\/produkt\/konferencny-stolik-diamond-70-cm-mramor-zeleny\/","name":"Konferen\u010dn\u00fd stol\u00edk Diamond mramor zelen\u00fd &#187; iKuchyne iSHOP s n\u00e1bytkom","isPartOf":{"@id":"https:\/\/www.ikuchyne.sk\/eshop\/#website"},"datePublished":"2021-03-04T07:29:44+00:00","dateModified":"2022-01-21T04:22:39+00:00","description":"Konferen\u010dn\u00fd stol\u00edk Diamond 70 cm mramor zelen\u00fd \u00bb r\u00fdchle dodanie, poradenstvo, n\u00e1bytok skladom, ktor\u00e1 bude dominantou dom\u00e1cnosti.","breadcrumb":{"@id":"https:\/\/www.ikuchyne.sk\/eshop\/produkt\/konferencny-stolik-diamond-70-cm-mramor-zeleny\/#breadcrumb"},"inLanguage":"sk-SK","potentialAction":[{"@type":"ReadAction","target":["https:\/\/www.ikuchyne.sk\/eshop\/produkt\/konferencny-stolik-diamond-70-cm-mramor-zeleny\/"]}]},{"@type":"BreadcrumbList","@id":"https:\/\/www.ikuchyne.sk\/eshop\/produkt\/konferencny-stolik-diamond-70-cm-mramor-zeleny\/#breadcrumb","itemListElement":[{"@type":"ListItem","position":1,"name":"Home","item":"https:\/\/www.ikuchyne.sk\/eshop\/"},{"@type":"ListItem","position":2,"name":"Obchod","item":"https:\/\/www.ikuchyne.sk\/eshop\/obchod\/"},{"@type":"ListItem","position":3,"name":"Konferen\u010dn\u00fd stol\u00edk Diamond 70 cm mramor zelen\u00fd \u00bb"}]},{"@type":"WebSite","@id":"https:\/\/www.ikuchyne.sk\/eshop\/#website","url":"https:\/\/www.ikuchyne.sk\/eshop\/","name":"iKuchyne iSHOP s n\u00e1bytkom","description":"Jed\u00e1lensk\u00e9 stoly, stoli\u010dky, n\u00e1bytok, svietidl\u00e1...","publisher":{"@id":"https:\/\/www.ikuchyne.sk\/eshop\/#organization"},"potentialAction":[{"@type":"SearchAction","target":{"@type":"EntryPoint","urlTemplate":"https:\/\/www.ikuchyne.sk\/eshop\/?s={search_term_string}"},"query-input":"required name=search_term_string"}],"inLanguage":"sk-SK"},{"@type":"Organization","@id":"https:\/\/www.ikuchyne.sk\/eshop\/#organization","name":"ikuchyne!","url":"https:\/\/www.ikuchyne.sk\/eshop\/","logo":{"@type":"ImageObject","inLanguage":"sk-SK","@id":"https:\/\/www.ikuchyne.sk\/eshop\/#\/schema\/logo\/image\/","url":"https:\/\/www.ikuchyne.sk\/eshop\/wp-content\/uploads\/2017\/04\/ikuchyne-logo.jpg","contentUrl":"https:\/\/www.ikuchyne.sk\/eshop\/wp-content\/uploads\/2017\/04\/ikuchyne-logo.jpg","width":200,"height":48,"caption":"ikuchyne!"},"image":{"@id":"https:\/\/www.ikuchyne.sk\/eshop\/#\/schema\/logo\/image\/"},"sameAs":["https:\/\/www.facebook.com\/ikuchyne\/","https:\/\/www.instagram.com\/ikuchyne.sk\/","https:\/\/sk.pinterest.com\/ikuchynesk\/"]}]}},"_links":{"self":[{"href":"https:\/\/www.ikuchyne.sk\/eshop\/wp-json\/wp\/v2\/product\/148786"}],"collection":[{"href":"https:\/\/www.ikuchyne.sk\/eshop\/wp-json\/wp\/v2\/product"}],"about":[{"href":"https:\/\/www.ikuchyne.sk\/eshop\/wp-json\/wp\/v2\/types\/product"}],"replies":[{"embeddable":true,"href":"https:\/\/www.ikuchyne.sk\/eshop\/wp-json\/wp\/v2\/comments?post=148786"}],"wp:featuredmedia":[{"embeddable":true,"href":"https:\/\/www.ikuchyne.sk\/eshop\/wp-json\/wp\/v2\/media\/148787"}],"wp:attachment":[{"href":"https:\/\/www.ikuchyne.sk\/eshop\/wp-json\/wp\/v2\/media?parent=148786"}],"wp:term":[{"taxonomy":"product_cat","embeddable":true,"href":"https:\/\/www.ikuchyne.sk\/eshop\/wp-json\/wp\/v2\/product_cat?post=148786"},{"taxonomy":"product_tag","embeddable":true,"href":"https:\/\/www.ikuchyne.sk\/eshop\/wp-json\/wp\/v2\/product_tag?post=148786"}],"curies":[{"name":"wp","href":"https:\/\/api.w.org\/{rel}","templated":true}]}}