{"id":148830,"date":"2021-03-04T12:11:17","date_gmt":"2021-03-04T11:11:17","guid":{"rendered":"https:\/\/www.ikuchyne.sk\/eshop\/?post_type=product&#038;p=148830"},"modified":"2021-03-25T22:09:48","modified_gmt":"2021-03-25T21:09:48","slug":"konferencny-stolik-elements-set-2ks-strieborny-cierny","status":"publish","type":"product","link":"https:\/\/www.ikuchyne.sk\/eshop\/produkt\/konferencny-stolik-elements-set-2ks-strieborny-cierny\/","title":{"rendered":"Konferen\u010dn\u00fd stol\u00edk Elements set 2ks strieborn\u00fd \u010dierny \u00bb"},"content":{"rendered":"<h1>Konferen\u010dn\u00fd stol\u00edk Elements set 2ks strieborn\u00fd \u010dierny \u00bb<\/h1>\n<h4><strong>V\u0161eobecn\u00fd popis:<\/strong><\/h4>\n<p>Konferen\u010dn\u00fd stol\u00edk Elements set 2ks strieborn\u00fd \u010dierny pozost\u00e1vaj\u00faci z dvoch stol\u00edkov. Dosky stola s\u00fa ru\u010dne vyroben\u00e9 v o\u0161\u00fachanom staro\u017eitnom vzh\u013eade. Konferen\u010dn\u00e9 stol\u00edky je mo\u017en\u00e9 posun\u00fa\u0165 jeden nad druh\u00fdm, aby ste u\u0161etrili miesto. Stoly umiestnite samostatne alebo kombinovane, presne tak, ako sa v\u00e1m p\u00e1\u010di!<\/p>\n<p>Sada pr\u00edru\u010dn\u00fdch stol\u00edkov zaujme zauj\u00edmav\u00fdm dizajnom. Tento konferen\u010dn\u00fd stol\u00edk Elements set 2ks strieborn\u00fd \u010dierny sa stane neprekonate\u013en\u00fdm favoritom vo va\u0161ej ob\u00fdvacej izbe. Pr\u00edru\u010dn\u00e9 stol\u00edky maj\u00fa skvel\u00fa samostatn\u00fa dosku stola vyroben\u00fa z kovu v staro\u017eitnom striebornom preveden\u00ed. \u010cierny kovov\u00fd r\u00e1m tvor\u00ed ve\u013ek\u00fd kontrast s leskl\u00fdmi doskami stola.<\/p>\n<p>Stoly je mo\u017en\u00e9 kombinova\u0165 r\u00f4znymi sp\u00f4sobmi. Dva konferen\u010dn\u00e9 stol\u00edky sa hodia k najr\u00f4znej\u0161\u00edm \u0161t\u00fdlom zariadenia a daj\u00fa sa kombinova\u0165 r\u00f4znymi sp\u00f4sobmi s r\u00f4znymi pohovkami, \u017eiv\u00fdmi doplnkami a pr\u00edborn\u00edkmi. Strieborn\u00e9 dosky stola dodaj\u00fa va\u0161ej ob\u00fdva\u010dke v\u017edy elegantn\u00e9 \u010daro. Samozrejme, m\u00e1 zmysel kombinova\u0165 stoly so strieborn\u00fdm n\u00e1bytkom z pr\u00edslu\u0161enstva, aby ste zachytili atmosf\u00e9ru konferen\u010dn\u00fdch stol\u00edkov a zaistili jednotn\u00e9 prostredie.<\/p>\n<h4><strong>Detaily produktu:<\/strong><\/h4>\n<p>Dosky stola s\u00fa navrhnut\u00e9 v autentickom staro\u017eitnom vzh\u013eade. Ka\u017ed\u00fd st\u00f4l je ru\u010dne vyroben\u00fd a jedine\u010dn\u00fd. M\u00f4\u017eu by\u0165 pou\u017eit\u00e9 ako pr\u00edru\u010dn\u00fd stol\u00edk aj ako konferen\u010dn\u00fd stol\u00edk. Nerovnosti podlahy je mo\u017en\u00e9 vyrovna\u0165 pomocou nastavite\u013en\u00fdch no\u017ei\u010diek. Stret\u00e1va sa vysoko kvalitn\u00fd materi\u00e1l a prepracovan\u00e9 spracovanie! Na\u0161e bytov\u00e9 doplnky a n\u00e1bytok z vysoko kvalitnej zliatiny kov-hlin\u00edk sa stan\u00fa leskl\u00fdm srdcom v\u00e1\u0161ho interi\u00e9ru a in\u0161piruj\u00fa u\u0161\u013eachtil\u00fdm vzh\u013eadom a necitliv\u00fdm povrchom. Kombinujte stol\u00edky s r\u00f4znymi bytov\u00fdmi doplnkami a n\u00e1bytkom z n\u00e1\u0161ho e-shopu, ktor\u00e9 n\u00e1jdete v sekcii Bytov\u00e9 doplnky.<\/p>\n<p><strong>Rozmery (cca):<br \/>\nVe\u013ek\u00fd stol\u00edk:<\/strong> 40cm x 55cm x 40cm (\u0160xVxH)<br \/>\n<strong>Mal\u00fd stol\u00edk:<\/strong> 35cm x 50cm x 35cm (\u0160xVxH)<br \/>\n<strong>Hr\u00fabka plechu:<\/strong> 10mm<\/p>\n<p><b>Farba:<\/b> strieborn\u00e1, \u010dierna<br \/>\n<b>Materi\u00e1l:<br \/>\n<\/b>Doska stola: zliatina kov-hlin\u00edk<br \/>\nR\u00e1m: \u017eelezo<\/p>\n<p>Dodato\u010dn\u00e9 inform\u00e1cie:<\/p>\n<p>V pr\u00edpade z\u00e1ujmu o in\u00e9 stoly ako toaletn\u00e9, p\u00edsacie, konferen\u010dn\u00e9 stol\u00edky \u010di jed\u00e1lensk\u00e9 stoly, nav\u0161t\u00edvte sekciu stoly na <a href=\"https:\/\/www.ikuchyne.sk\/eshop\/kategoria\/stoly\/\">www.ikuchyne.sk\/eshop<\/a><br \/>\nV pr\u00edpade z\u00e1ujmu o n\u00e1bytok na mieru n\u00e1s kontaktuje na <a href=\"http:\/\/www.ikuchyne.sk\">www.ikuchyne.sk<\/a><\/p>\n","protected":false},"excerpt":{"rendered":"<p>Konferen\u010dn\u00fd stol\u00edk Elements set 2ks strieborn\u00fd \u010dierny \u00bb V\u0161eobecn\u00fd popis: Konferen\u010dn\u00fd stol\u00edk Elements set 2ks strieborn\u00fd \u010dierny pozost\u00e1vaj\u00faci z dvoch stol\u00edkov. Dosky stola s\u00fa ru\u010dne vyroben\u00e9 v o\u0161\u00fachanom staro\u017eitnom vzh\u013eade.<\/p>\n","protected":false},"featured_media":148831,"comment_status":"closed","ping_status":"closed","template":"","meta":[],"product_cat":[832,842,304,839,836,772,590,287,843],"product_tag":[187,210],"yoast_head":"<!-- This site is optimized with the Yoast SEO plugin v22.1 - https:\/\/yoast.com\/wordpress\/plugins\/seo\/ -->\n<title>Konferen\u010dn\u00fd stol\u00edk Elements set strieborn\u00fd &#187; iKuchyne iSHOP s n\u00e1bytkom<\/title>\n<meta name=\"description\" content=\"Konferen\u010dn\u00fd stol\u00edk Elements set 2ks strieborn\u00fd \u010dierny \u00bb - r\u00fdchle dodanie, poradenstvo, n\u00e1bytok skladom v Bratislave s ikuchyne.sk.\" \/>\n<meta name=\"robots\" content=\"index, follow, max-snippet:-1, max-image-preview:large, max-video-preview:-1\" \/>\n<link rel=\"canonical\" href=\"https:\/\/www.ikuchyne.sk\/eshop\/produkt\/konferencny-stolik-elements-set-2ks-strieborny-cierny\/\" \/>\n<meta property=\"og:locale\" content=\"sk_SK\" \/>\n<meta property=\"og:type\" content=\"article\" \/>\n<meta property=\"og:title\" content=\"Konferen\u010dn\u00fd stol\u00edk Elements set strieborn\u00fd &#187; iKuchyne iSHOP s n\u00e1bytkom\" \/>\n<meta property=\"og:description\" content=\"Konferen\u010dn\u00fd stol\u00edk Elements set 2ks strieborn\u00fd \u010dierny \u00bb - r\u00fdchle dodanie, poradenstvo, n\u00e1bytok skladom v Bratislave s ikuchyne.sk.\" \/>\n<meta property=\"og:url\" content=\"https:\/\/www.ikuchyne.sk\/eshop\/produkt\/konferencny-stolik-elements-set-2ks-strieborny-cierny\/\" \/>\n<meta property=\"og:site_name\" content=\"iKuchyne iSHOP s n\u00e1bytkom\" \/>\n<meta property=\"article:publisher\" content=\"https:\/\/www.facebook.com\/ikuchyne\/\" \/>\n<meta property=\"article:modified_time\" content=\"2021-03-25T21:09:48+00:00\" \/>\n<meta property=\"og:image\" content=\"https:\/\/www.ikuchyne.sk\/eshop\/wp-content\/uploads\/2021\/01\/Konferen\u010dn\u00fd-stol\u00edk-Elements-set-2ks-strieborn\u00e1-\u010dierna-40387.jpg\" \/>\n\t<meta property=\"og:image:width\" content=\"800\" \/>\n\t<meta property=\"og:image:height\" content=\"533\" \/>\n\t<meta property=\"og:image:type\" content=\"image\/jpeg\" \/>\n<meta name=\"twitter:card\" content=\"summary_large_image\" \/>\n<meta name=\"twitter:label1\" content=\"Predpokladan\u00fd \u010das \u010d\u00edtania\" \/>\n\t<meta name=\"twitter:data1\" content=\"2 min\u00faty\" \/>\n<script type=\"application\/ld+json\" class=\"yoast-schema-graph\">{\"@context\":\"https:\/\/schema.org\",\"@graph\":[{\"@type\":\"WebPage\",\"@id\":\"https:\/\/www.ikuchyne.sk\/eshop\/produkt\/konferencny-stolik-elements-set-2ks-strieborny-cierny\/\",\"url\":\"https:\/\/www.ikuchyne.sk\/eshop\/produkt\/konferencny-stolik-elements-set-2ks-strieborny-cierny\/\",\"name\":\"Konferen\u010dn\u00fd stol\u00edk Elements set strieborn\u00fd &#187; iKuchyne iSHOP s n\u00e1bytkom\",\"isPartOf\":{\"@id\":\"https:\/\/www.ikuchyne.sk\/eshop\/#website\"},\"datePublished\":\"2021-03-04T11:11:17+00:00\",\"dateModified\":\"2021-03-25T21:09:48+00:00\",\"description\":\"Konferen\u010dn\u00fd stol\u00edk Elements set 2ks strieborn\u00fd \u010dierny \u00bb - r\u00fdchle dodanie, poradenstvo, n\u00e1bytok skladom v Bratislave s ikuchyne.sk.\",\"breadcrumb\":{\"@id\":\"https:\/\/www.ikuchyne.sk\/eshop\/produkt\/konferencny-stolik-elements-set-2ks-strieborny-cierny\/#breadcrumb\"},\"inLanguage\":\"sk-SK\",\"potentialAction\":[{\"@type\":\"ReadAction\",\"target\":[\"https:\/\/www.ikuchyne.sk\/eshop\/produkt\/konferencny-stolik-elements-set-2ks-strieborny-cierny\/\"]}]},{\"@type\":\"BreadcrumbList\",\"@id\":\"https:\/\/www.ikuchyne.sk\/eshop\/produkt\/konferencny-stolik-elements-set-2ks-strieborny-cierny\/#breadcrumb\",\"itemListElement\":[{\"@type\":\"ListItem\",\"position\":1,\"name\":\"Home\",\"item\":\"https:\/\/www.ikuchyne.sk\/eshop\/\"},{\"@type\":\"ListItem\",\"position\":2,\"name\":\"Obchod\",\"item\":\"https:\/\/www.ikuchyne.sk\/eshop\/obchod\/\"},{\"@type\":\"ListItem\",\"position\":3,\"name\":\"Konferen\u010dn\u00fd stol\u00edk Elements set 2ks strieborn\u00fd \u010dierny \u00bb\"}]},{\"@type\":\"WebSite\",\"@id\":\"https:\/\/www.ikuchyne.sk\/eshop\/#website\",\"url\":\"https:\/\/www.ikuchyne.sk\/eshop\/\",\"name\":\"iKuchyne iSHOP s n\u00e1bytkom\",\"description\":\"Jed\u00e1lensk\u00e9 stoly, stoli\u010dky, n\u00e1bytok, svietidl\u00e1...\",\"publisher\":{\"@id\":\"https:\/\/www.ikuchyne.sk\/eshop\/#organization\"},\"potentialAction\":[{\"@type\":\"SearchAction\",\"target\":{\"@type\":\"EntryPoint\",\"urlTemplate\":\"https:\/\/www.ikuchyne.sk\/eshop\/?s={search_term_string}\"},\"query-input\":\"required name=search_term_string\"}],\"inLanguage\":\"sk-SK\"},{\"@type\":\"Organization\",\"@id\":\"https:\/\/www.ikuchyne.sk\/eshop\/#organization\",\"name\":\"ikuchyne!\",\"url\":\"https:\/\/www.ikuchyne.sk\/eshop\/\",\"logo\":{\"@type\":\"ImageObject\",\"inLanguage\":\"sk-SK\",\"@id\":\"https:\/\/www.ikuchyne.sk\/eshop\/#\/schema\/logo\/image\/\",\"url\":\"https:\/\/www.ikuchyne.sk\/eshop\/wp-content\/uploads\/2017\/04\/ikuchyne-logo.jpg\",\"contentUrl\":\"https:\/\/www.ikuchyne.sk\/eshop\/wp-content\/uploads\/2017\/04\/ikuchyne-logo.jpg\",\"width\":200,\"height\":48,\"caption\":\"ikuchyne!\"},\"image\":{\"@id\":\"https:\/\/www.ikuchyne.sk\/eshop\/#\/schema\/logo\/image\/\"},\"sameAs\":[\"https:\/\/www.facebook.com\/ikuchyne\/\",\"https:\/\/www.instagram.com\/ikuchyne.sk\/\",\"https:\/\/sk.pinterest.com\/ikuchynesk\/\"]}]}<\/script>\n<!-- \/ Yoast SEO plugin. -->","yoast_head_json":{"title":"Konferen\u010dn\u00fd stol\u00edk Elements set strieborn\u00fd &#187; iKuchyne iSHOP s n\u00e1bytkom","description":"Konferen\u010dn\u00fd stol\u00edk Elements set 2ks strieborn\u00fd \u010dierny \u00bb - r\u00fdchle dodanie, poradenstvo, n\u00e1bytok skladom v Bratislave s ikuchyne.sk.","robots":{"index":"index","follow":"follow","max-snippet":"max-snippet:-1","max-image-preview":"max-image-preview:large","max-video-preview":"max-video-preview:-1"},"canonical":"https:\/\/www.ikuchyne.sk\/eshop\/produkt\/konferencny-stolik-elements-set-2ks-strieborny-cierny\/","og_locale":"sk_SK","og_type":"article","og_title":"Konferen\u010dn\u00fd stol\u00edk Elements set strieborn\u00fd &#187; iKuchyne iSHOP s n\u00e1bytkom","og_description":"Konferen\u010dn\u00fd stol\u00edk Elements set 2ks strieborn\u00fd \u010dierny \u00bb - r\u00fdchle dodanie, poradenstvo, n\u00e1bytok skladom v Bratislave s ikuchyne.sk.","og_url":"https:\/\/www.ikuchyne.sk\/eshop\/produkt\/konferencny-stolik-elements-set-2ks-strieborny-cierny\/","og_site_name":"iKuchyne iSHOP s n\u00e1bytkom","article_publisher":"https:\/\/www.facebook.com\/ikuchyne\/","article_modified_time":"2021-03-25T21:09:48+00:00","og_image":[{"width":800,"height":533,"url":"https:\/\/www.ikuchyne.sk\/eshop\/wp-content\/uploads\/2021\/01\/Konferen\u010dn\u00fd-stol\u00edk-Elements-set-2ks-strieborn\u00e1-\u010dierna-40387.jpg","type":"image\/jpeg"}],"twitter_card":"summary_large_image","twitter_misc":{"Predpokladan\u00fd \u010das \u010d\u00edtania":"2 min\u00faty"},"schema":{"@context":"https:\/\/schema.org","@graph":[{"@type":"WebPage","@id":"https:\/\/www.ikuchyne.sk\/eshop\/produkt\/konferencny-stolik-elements-set-2ks-strieborny-cierny\/","url":"https:\/\/www.ikuchyne.sk\/eshop\/produkt\/konferencny-stolik-elements-set-2ks-strieborny-cierny\/","name":"Konferen\u010dn\u00fd stol\u00edk Elements set strieborn\u00fd &#187; iKuchyne iSHOP s n\u00e1bytkom","isPartOf":{"@id":"https:\/\/www.ikuchyne.sk\/eshop\/#website"},"datePublished":"2021-03-04T11:11:17+00:00","dateModified":"2021-03-25T21:09:48+00:00","description":"Konferen\u010dn\u00fd stol\u00edk Elements set 2ks strieborn\u00fd \u010dierny \u00bb - r\u00fdchle dodanie, poradenstvo, n\u00e1bytok skladom v Bratislave s ikuchyne.sk.","breadcrumb":{"@id":"https:\/\/www.ikuchyne.sk\/eshop\/produkt\/konferencny-stolik-elements-set-2ks-strieborny-cierny\/#breadcrumb"},"inLanguage":"sk-SK","potentialAction":[{"@type":"ReadAction","target":["https:\/\/www.ikuchyne.sk\/eshop\/produkt\/konferencny-stolik-elements-set-2ks-strieborny-cierny\/"]}]},{"@type":"BreadcrumbList","@id":"https:\/\/www.ikuchyne.sk\/eshop\/produkt\/konferencny-stolik-elements-set-2ks-strieborny-cierny\/#breadcrumb","itemListElement":[{"@type":"ListItem","position":1,"name":"Home","item":"https:\/\/www.ikuchyne.sk\/eshop\/"},{"@type":"ListItem","position":2,"name":"Obchod","item":"https:\/\/www.ikuchyne.sk\/eshop\/obchod\/"},{"@type":"ListItem","position":3,"name":"Konferen\u010dn\u00fd stol\u00edk Elements set 2ks strieborn\u00fd \u010dierny \u00bb"}]},{"@type":"WebSite","@id":"https:\/\/www.ikuchyne.sk\/eshop\/#website","url":"https:\/\/www.ikuchyne.sk\/eshop\/","name":"iKuchyne iSHOP s n\u00e1bytkom","description":"Jed\u00e1lensk\u00e9 stoly, stoli\u010dky, n\u00e1bytok, svietidl\u00e1...","publisher":{"@id":"https:\/\/www.ikuchyne.sk\/eshop\/#organization"},"potentialAction":[{"@type":"SearchAction","target":{"@type":"EntryPoint","urlTemplate":"https:\/\/www.ikuchyne.sk\/eshop\/?s={search_term_string}"},"query-input":"required name=search_term_string"}],"inLanguage":"sk-SK"},{"@type":"Organization","@id":"https:\/\/www.ikuchyne.sk\/eshop\/#organization","name":"ikuchyne!","url":"https:\/\/www.ikuchyne.sk\/eshop\/","logo":{"@type":"ImageObject","inLanguage":"sk-SK","@id":"https:\/\/www.ikuchyne.sk\/eshop\/#\/schema\/logo\/image\/","url":"https:\/\/www.ikuchyne.sk\/eshop\/wp-content\/uploads\/2017\/04\/ikuchyne-logo.jpg","contentUrl":"https:\/\/www.ikuchyne.sk\/eshop\/wp-content\/uploads\/2017\/04\/ikuchyne-logo.jpg","width":200,"height":48,"caption":"ikuchyne!"},"image":{"@id":"https:\/\/www.ikuchyne.sk\/eshop\/#\/schema\/logo\/image\/"},"sameAs":["https:\/\/www.facebook.com\/ikuchyne\/","https:\/\/www.instagram.com\/ikuchyne.sk\/","https:\/\/sk.pinterest.com\/ikuchynesk\/"]}]}},"_links":{"self":[{"href":"https:\/\/www.ikuchyne.sk\/eshop\/wp-json\/wp\/v2\/product\/148830"}],"collection":[{"href":"https:\/\/www.ikuchyne.sk\/eshop\/wp-json\/wp\/v2\/product"}],"about":[{"href":"https:\/\/www.ikuchyne.sk\/eshop\/wp-json\/wp\/v2\/types\/product"}],"replies":[{"embeddable":true,"href":"https:\/\/www.ikuchyne.sk\/eshop\/wp-json\/wp\/v2\/comments?post=148830"}],"wp:featuredmedia":[{"embeddable":true,"href":"https:\/\/www.ikuchyne.sk\/eshop\/wp-json\/wp\/v2\/media\/148831"}],"wp:attachment":[{"href":"https:\/\/www.ikuchyne.sk\/eshop\/wp-json\/wp\/v2\/media?parent=148830"}],"wp:term":[{"taxonomy":"product_cat","embeddable":true,"href":"https:\/\/www.ikuchyne.sk\/eshop\/wp-json\/wp\/v2\/product_cat?post=148830"},{"taxonomy":"product_tag","embeddable":true,"href":"https:\/\/www.ikuchyne.sk\/eshop\/wp-json\/wp\/v2\/product_tag?post=148830"}],"curies":[{"name":"wp","href":"https:\/\/api.w.org\/{rel}","templated":true}]}}