{"id":148981,"date":"2021-03-04T12:00:38","date_gmt":"2021-03-04T11:00:38","guid":{"rendered":"https:\/\/www.ikuchyne.sk\/eshop\/?post_type=product&#038;p=148981"},"modified":"2024-02-21T06:31:42","modified_gmt":"2024-02-21T05:31:42","slug":"jedalensky-stol-amazonas-x-200-cm-prirodny-sheesham","status":"publish","type":"product","link":"https:\/\/www.ikuchyne.sk\/eshop\/produkt\/jedalensky-stol-amazonas-x-200-cm-prirodny-sheesham\/","title":{"rendered":"Jed\u00e1lensk\u00fd st\u00f4l Amazonas X 200 cm pr\u00edrodn\u00fd sheesham \u00bb"},"content":{"rendered":"<h1>Jed\u00e1lensk\u00fd st\u00f4l Amazonas X 200 cm pr\u00edrodn\u00fd sheesham \u00bb<\/h1>\n<h4><strong>V\u0161eobecn\u00fd popis:<\/strong><\/h4>\n<p>\u010cak\u00e1 v\u00e1s dokonal\u00e1 s\u00fahra kr\u00e1sneho pr\u00edrodn\u00e9ho produktu a pevn\u00e9ho kovu. Tento 200 cm ve\u013ek\u00fd jed\u00e1lensk\u00fd st\u00f4l zo s\u00e9rie AMAZONAS vyroben\u00fd z dreva sheesham je vyroben\u00fd z nalakovan\u00e9ho mas\u00edvneho dreva. Dreven\u00e1 stolov\u00e1 doska lad\u00ed s kovov\u00fdmi nohami v tvare X, na ktor\u00fdch doska stoj\u00ed. Ako \u0161peci\u00e1lne zv\u00fdraznenie boli okraje stola spracovan\u00e9 tak, aby vznikol p\u00f4vodn\u00fd charakter a prirodzen\u00fd dojem ve\u013ek\u00e9ho sheeshamov\u00e9ho stromu. Lak dod\u00e1va drevu hned\u00fa farbu a zrno sheesham dreva je obzvl\u00e1\u0161\u0165 kr\u00e1sne zd\u00f4raznen\u00e9 a vy\u017earuje teplo a \u00fatulnos\u0165 vo va\u0161ej jed\u00e1lni. \u010cierny kov dotv\u00e1ra \u0161ikovn\u00fd kontrast a dod\u00e1va stolu atmosf\u00e9ru industri\u00e1lnej elegancie. \u010ci u\u017e je to dreven\u00fd n\u00e1bytok, kovov\u00e9 lampy alebo stoli\u010dky z \u010diernej a hnedej ko\u017ee, st\u00f4l sa d\u00e1 v\u017edy \u00fa\u017easne kombinova\u0165. St\u00f4l do jed\u00e1lne zo s\u00e9rie Amazonas a s d\u013a\u017ekou 200 cm sa stane klenotom vo va\u0161ej dom\u00e1cnosti a dominantou jed\u00e1lne. Aj napriek industri\u00e1lnemu \u0161t\u00fdlu, v ktorom sa nesie jeho vzh\u013ead, je vhodn\u00fd aj do miestnosti s modern\u00fdm \u0161t\u00fdlom.<\/p>\n<h4><strong>Popis:<\/strong><\/h4>\n<p>Jed\u00e1lensk\u00fd st\u00f4l Amazonas 200 cm pr\u00edrodn\u00fd zo sheeshamov\u00e9ho mas\u00edvneho dreva je ide\u00e1lny pre spolo\u010dn\u00e9 posedenie s rodinou a priate\u013emi, ktor\u00fd m\u00f4\u017eete ve\u013emi pekne kombinova\u0165 s in\u00fdm n\u00e1bytkom z rovnakej s\u00e9rie Amazonas, pr\u00edpadne si nechajte poradi\u0165 na\u0161imi ochotn\u00fdmi odborn\u00edkmi, ak\u00fd n\u00e1bytok, \u010di u\u017e pr\u00edborn\u00edky, komody alebo jed\u00e1lensk\u00e9 stoli\u010dky je mo\u017en\u00e9 kombinova\u0165 s jed\u00e1lensk\u00fdm stolom zo sheeshamov\u00e9ho dreva. V\u00fdberom vhodn\u00fdch bytov\u00fdch doplnkov docielite, \u017ee va\u0161a miestnos\u0165 s jed\u00e1lensk\u00fdm stolom Amazonas bude jednou z najob\u013e\u00fabenej\u0161\u00edch miestnost\u00ed vo va\u0161om dome \u010di byte.<\/p>\n<p><strong>Pozn\u00e1mka:<\/strong> Ide o \u010disto pr\u00edrodn\u00fd produk a v\u0161etky nerovnosti, charizmatick\u00e9 uzly, praskliny alebo rozmerov\u00e9 rozdiely s\u00fa mo\u017en\u00e9. V\u0161etky tieto nedokonalosti tvoria originalitu a \u010daro mas\u00edvneho dreva sheesham. Existuj\u00face trhliny sa spoja a stabilizuj\u00fa po\u010das v\u00fdrobn\u00e9ho procesu spojen\u00edm kusov z rovnak\u00e9ho dreva. M\u00f4\u017eu existova\u0165 farebn\u00e9 odch\u00fdlky.<\/p>\n<p><strong>Rozmery (cca):<br \/>\n<\/strong>200cm x 76cm x 100cm (\u0160xVxH)<\/p>\n<p><b>Farba:<\/b> pr\u00edrodn\u00e1, \u010dierna &#8211; Industri\u00e1lny \u0161t\u00fdl<br \/>\n<b>Materi\u00e1l:<br \/>\n<\/b>Vrchn\u00e1 \u010das\u0165: mas\u00edvne drevo, sheesham, zataven\u00e9, lakovan\u00e9<br \/>\nR\u00e1m X: kov, s pr\u00e1\u0161kovou farbou<\/p>\n<p>Dodato\u010dn\u00e9 inform\u00e1cie:<\/p>\n<p>V pr\u00edpade z\u00e1ujmu o in\u00e9 jed\u00e1lensk\u00e9 stoly, nav\u0161t\u00edvte sekciu jed\u00e1lensk\u00e9 stoly na <a href=\"https:\/\/www.ikuchyne.sk\/eshop\/kategoria\/jedalenske-stoly\/\">www.ikuchyne.sk\/eshop<\/a><br \/>\nV pr\u00edpade z\u00e1ujmu o n\u00e1bytok na mieru n\u00e1s kontaktuje na <a href=\"http:\/\/www.ikuchyne.sk\">www.ikuchyne.sk<\/a>[\/vc_column_text][\/vc_column][\/vc_row]<\/p>\n","protected":false},"excerpt":{"rendered":"<p>Jed\u00e1lensk\u00fd st\u00f4l Amazonas X 200 cm pr\u00edrodn\u00fd sheesham \u00bb V\u0161eobecn\u00fd popis: \u010cak\u00e1 v\u00e1s dokonal\u00e1 s\u00fahra kr\u00e1sneho pr\u00edrodn\u00e9ho produktu a pevn\u00e9ho kovu. Tento 200 cm ve\u013ek\u00fd jed\u00e1lensk\u00fd st\u00f4l zo s\u00e9rie AMAZONAS<\/p>\n","protected":false},"featured_media":148982,"comment_status":"closed","ping_status":"closed","template":"","meta":[],"product_cat":[591,298,855,847,849,772,287],"product_tag":[256,261],"yoast_head":"<!-- This site is optimized with the Yoast SEO plugin v22.1 - https:\/\/yoast.com\/wordpress\/plugins\/seo\/ -->\n<title>Jed\u00e1lensk\u00fd st\u00f4l Amazonas X 200 cm &#187; iKuchyne iSHOP s n\u00e1bytkom<\/title>\n<meta name=\"description\" content=\"Jed\u00e1lensk\u00fd st\u00f4l Amazonas X 200 cm - r\u00fdchle dodanie, poradenstvo, n\u00e1bytok skladom. Dominanta va\u0161ej dom\u00e1cnosti v\u010faka ikuchyne.sk\" \/>\n<meta name=\"robots\" content=\"index, follow, max-snippet:-1, max-image-preview:large, max-video-preview:-1\" \/>\n<link rel=\"canonical\" href=\"https:\/\/www.ikuchyne.sk\/eshop\/produkt\/jedalensky-stol-amazonas-x-200-cm-prirodny-sheesham\/\" \/>\n<meta property=\"og:locale\" content=\"sk_SK\" \/>\n<meta property=\"og:type\" content=\"article\" \/>\n<meta property=\"og:title\" content=\"Jed\u00e1lensk\u00fd st\u00f4l Amazonas X 200 cm &#187; iKuchyne iSHOP s n\u00e1bytkom\" \/>\n<meta property=\"og:description\" content=\"Jed\u00e1lensk\u00fd st\u00f4l Amazonas X 200 cm - r\u00fdchle dodanie, poradenstvo, n\u00e1bytok skladom. Dominanta va\u0161ej dom\u00e1cnosti v\u010faka ikuchyne.sk\" \/>\n<meta property=\"og:url\" content=\"https:\/\/www.ikuchyne.sk\/eshop\/produkt\/jedalensky-stol-amazonas-x-200-cm-prirodny-sheesham\/\" \/>\n<meta property=\"og:site_name\" content=\"iKuchyne iSHOP s n\u00e1bytkom\" \/>\n<meta property=\"article:publisher\" content=\"https:\/\/www.facebook.com\/ikuchyne\/\" \/>\n<meta property=\"article:modified_time\" content=\"2024-02-21T05:31:42+00:00\" \/>\n<meta property=\"og:image\" content=\"https:\/\/www.ikuchyne.sk\/eshop\/wp-content\/uploads\/2021\/01\/Jed\u00e1lensk\u00fd-st\u00f4l-Amazonas-X-200cm-pr\u00edrodn\u00e1-sheesham-41063.jpg\" \/>\n\t<meta property=\"og:image:width\" content=\"800\" \/>\n\t<meta property=\"og:image:height\" content=\"533\" \/>\n\t<meta property=\"og:image:type\" content=\"image\/jpeg\" \/>\n<meta name=\"twitter:card\" content=\"summary_large_image\" \/>\n<meta name=\"twitter:label1\" content=\"Predpokladan\u00fd \u010das \u010d\u00edtania\" \/>\n\t<meta name=\"twitter:data1\" content=\"2 min\u00faty\" \/>\n<script type=\"application\/ld+json\" class=\"yoast-schema-graph\">{\"@context\":\"https:\/\/schema.org\",\"@graph\":[{\"@type\":\"WebPage\",\"@id\":\"https:\/\/www.ikuchyne.sk\/eshop\/produkt\/jedalensky-stol-amazonas-x-200-cm-prirodny-sheesham\/\",\"url\":\"https:\/\/www.ikuchyne.sk\/eshop\/produkt\/jedalensky-stol-amazonas-x-200-cm-prirodny-sheesham\/\",\"name\":\"Jed\u00e1lensk\u00fd st\u00f4l Amazonas X 200 cm &#187; iKuchyne iSHOP s n\u00e1bytkom\",\"isPartOf\":{\"@id\":\"https:\/\/www.ikuchyne.sk\/eshop\/#website\"},\"datePublished\":\"2021-03-04T11:00:38+00:00\",\"dateModified\":\"2024-02-21T05:31:42+00:00\",\"description\":\"Jed\u00e1lensk\u00fd st\u00f4l Amazonas X 200 cm - r\u00fdchle dodanie, poradenstvo, n\u00e1bytok skladom. Dominanta va\u0161ej dom\u00e1cnosti v\u010faka ikuchyne.sk\",\"breadcrumb\":{\"@id\":\"https:\/\/www.ikuchyne.sk\/eshop\/produkt\/jedalensky-stol-amazonas-x-200-cm-prirodny-sheesham\/#breadcrumb\"},\"inLanguage\":\"sk-SK\",\"potentialAction\":[{\"@type\":\"ReadAction\",\"target\":[\"https:\/\/www.ikuchyne.sk\/eshop\/produkt\/jedalensky-stol-amazonas-x-200-cm-prirodny-sheesham\/\"]}]},{\"@type\":\"BreadcrumbList\",\"@id\":\"https:\/\/www.ikuchyne.sk\/eshop\/produkt\/jedalensky-stol-amazonas-x-200-cm-prirodny-sheesham\/#breadcrumb\",\"itemListElement\":[{\"@type\":\"ListItem\",\"position\":1,\"name\":\"Home\",\"item\":\"https:\/\/www.ikuchyne.sk\/eshop\/\"},{\"@type\":\"ListItem\",\"position\":2,\"name\":\"Obchod\",\"item\":\"https:\/\/www.ikuchyne.sk\/eshop\/obchod\/\"},{\"@type\":\"ListItem\",\"position\":3,\"name\":\"Jed\u00e1lensk\u00fd st\u00f4l Amazonas X 200 cm pr\u00edrodn\u00fd sheesham \u00bb\"}]},{\"@type\":\"WebSite\",\"@id\":\"https:\/\/www.ikuchyne.sk\/eshop\/#website\",\"url\":\"https:\/\/www.ikuchyne.sk\/eshop\/\",\"name\":\"iKuchyne iSHOP s n\u00e1bytkom\",\"description\":\"Jed\u00e1lensk\u00e9 stoly, stoli\u010dky, n\u00e1bytok, svietidl\u00e1...\",\"publisher\":{\"@id\":\"https:\/\/www.ikuchyne.sk\/eshop\/#organization\"},\"potentialAction\":[{\"@type\":\"SearchAction\",\"target\":{\"@type\":\"EntryPoint\",\"urlTemplate\":\"https:\/\/www.ikuchyne.sk\/eshop\/?s={search_term_string}\"},\"query-input\":\"required name=search_term_string\"}],\"inLanguage\":\"sk-SK\"},{\"@type\":\"Organization\",\"@id\":\"https:\/\/www.ikuchyne.sk\/eshop\/#organization\",\"name\":\"ikuchyne!\",\"url\":\"https:\/\/www.ikuchyne.sk\/eshop\/\",\"logo\":{\"@type\":\"ImageObject\",\"inLanguage\":\"sk-SK\",\"@id\":\"https:\/\/www.ikuchyne.sk\/eshop\/#\/schema\/logo\/image\/\",\"url\":\"https:\/\/www.ikuchyne.sk\/eshop\/wp-content\/uploads\/2017\/04\/ikuchyne-logo.jpg\",\"contentUrl\":\"https:\/\/www.ikuchyne.sk\/eshop\/wp-content\/uploads\/2017\/04\/ikuchyne-logo.jpg\",\"width\":200,\"height\":48,\"caption\":\"ikuchyne!\"},\"image\":{\"@id\":\"https:\/\/www.ikuchyne.sk\/eshop\/#\/schema\/logo\/image\/\"},\"sameAs\":[\"https:\/\/www.facebook.com\/ikuchyne\/\",\"https:\/\/www.instagram.com\/ikuchyne.sk\/\",\"https:\/\/sk.pinterest.com\/ikuchynesk\/\"]}]}<\/script>\n<!-- \/ Yoast SEO plugin. -->","yoast_head_json":{"title":"Jed\u00e1lensk\u00fd st\u00f4l Amazonas X 200 cm &#187; iKuchyne iSHOP s n\u00e1bytkom","description":"Jed\u00e1lensk\u00fd st\u00f4l Amazonas X 200 cm - r\u00fdchle dodanie, poradenstvo, n\u00e1bytok skladom. Dominanta va\u0161ej dom\u00e1cnosti v\u010faka ikuchyne.sk","robots":{"index":"index","follow":"follow","max-snippet":"max-snippet:-1","max-image-preview":"max-image-preview:large","max-video-preview":"max-video-preview:-1"},"canonical":"https:\/\/www.ikuchyne.sk\/eshop\/produkt\/jedalensky-stol-amazonas-x-200-cm-prirodny-sheesham\/","og_locale":"sk_SK","og_type":"article","og_title":"Jed\u00e1lensk\u00fd st\u00f4l Amazonas X 200 cm &#187; iKuchyne iSHOP s n\u00e1bytkom","og_description":"Jed\u00e1lensk\u00fd st\u00f4l Amazonas X 200 cm - r\u00fdchle dodanie, poradenstvo, n\u00e1bytok skladom. Dominanta va\u0161ej dom\u00e1cnosti v\u010faka ikuchyne.sk","og_url":"https:\/\/www.ikuchyne.sk\/eshop\/produkt\/jedalensky-stol-amazonas-x-200-cm-prirodny-sheesham\/","og_site_name":"iKuchyne iSHOP s n\u00e1bytkom","article_publisher":"https:\/\/www.facebook.com\/ikuchyne\/","article_modified_time":"2024-02-21T05:31:42+00:00","og_image":[{"width":800,"height":533,"url":"https:\/\/www.ikuchyne.sk\/eshop\/wp-content\/uploads\/2021\/01\/Jed\u00e1lensk\u00fd-st\u00f4l-Amazonas-X-200cm-pr\u00edrodn\u00e1-sheesham-41063.jpg","type":"image\/jpeg"}],"twitter_card":"summary_large_image","twitter_misc":{"Predpokladan\u00fd \u010das \u010d\u00edtania":"2 min\u00faty"},"schema":{"@context":"https:\/\/schema.org","@graph":[{"@type":"WebPage","@id":"https:\/\/www.ikuchyne.sk\/eshop\/produkt\/jedalensky-stol-amazonas-x-200-cm-prirodny-sheesham\/","url":"https:\/\/www.ikuchyne.sk\/eshop\/produkt\/jedalensky-stol-amazonas-x-200-cm-prirodny-sheesham\/","name":"Jed\u00e1lensk\u00fd st\u00f4l Amazonas X 200 cm &#187; iKuchyne iSHOP s n\u00e1bytkom","isPartOf":{"@id":"https:\/\/www.ikuchyne.sk\/eshop\/#website"},"datePublished":"2021-03-04T11:00:38+00:00","dateModified":"2024-02-21T05:31:42+00:00","description":"Jed\u00e1lensk\u00fd st\u00f4l Amazonas X 200 cm - r\u00fdchle dodanie, poradenstvo, n\u00e1bytok skladom. Dominanta va\u0161ej dom\u00e1cnosti v\u010faka ikuchyne.sk","breadcrumb":{"@id":"https:\/\/www.ikuchyne.sk\/eshop\/produkt\/jedalensky-stol-amazonas-x-200-cm-prirodny-sheesham\/#breadcrumb"},"inLanguage":"sk-SK","potentialAction":[{"@type":"ReadAction","target":["https:\/\/www.ikuchyne.sk\/eshop\/produkt\/jedalensky-stol-amazonas-x-200-cm-prirodny-sheesham\/"]}]},{"@type":"BreadcrumbList","@id":"https:\/\/www.ikuchyne.sk\/eshop\/produkt\/jedalensky-stol-amazonas-x-200-cm-prirodny-sheesham\/#breadcrumb","itemListElement":[{"@type":"ListItem","position":1,"name":"Home","item":"https:\/\/www.ikuchyne.sk\/eshop\/"},{"@type":"ListItem","position":2,"name":"Obchod","item":"https:\/\/www.ikuchyne.sk\/eshop\/obchod\/"},{"@type":"ListItem","position":3,"name":"Jed\u00e1lensk\u00fd st\u00f4l Amazonas X 200 cm pr\u00edrodn\u00fd sheesham \u00bb"}]},{"@type":"WebSite","@id":"https:\/\/www.ikuchyne.sk\/eshop\/#website","url":"https:\/\/www.ikuchyne.sk\/eshop\/","name":"iKuchyne iSHOP s n\u00e1bytkom","description":"Jed\u00e1lensk\u00e9 stoly, stoli\u010dky, n\u00e1bytok, svietidl\u00e1...","publisher":{"@id":"https:\/\/www.ikuchyne.sk\/eshop\/#organization"},"potentialAction":[{"@type":"SearchAction","target":{"@type":"EntryPoint","urlTemplate":"https:\/\/www.ikuchyne.sk\/eshop\/?s={search_term_string}"},"query-input":"required name=search_term_string"}],"inLanguage":"sk-SK"},{"@type":"Organization","@id":"https:\/\/www.ikuchyne.sk\/eshop\/#organization","name":"ikuchyne!","url":"https:\/\/www.ikuchyne.sk\/eshop\/","logo":{"@type":"ImageObject","inLanguage":"sk-SK","@id":"https:\/\/www.ikuchyne.sk\/eshop\/#\/schema\/logo\/image\/","url":"https:\/\/www.ikuchyne.sk\/eshop\/wp-content\/uploads\/2017\/04\/ikuchyne-logo.jpg","contentUrl":"https:\/\/www.ikuchyne.sk\/eshop\/wp-content\/uploads\/2017\/04\/ikuchyne-logo.jpg","width":200,"height":48,"caption":"ikuchyne!"},"image":{"@id":"https:\/\/www.ikuchyne.sk\/eshop\/#\/schema\/logo\/image\/"},"sameAs":["https:\/\/www.facebook.com\/ikuchyne\/","https:\/\/www.instagram.com\/ikuchyne.sk\/","https:\/\/sk.pinterest.com\/ikuchynesk\/"]}]}},"_links":{"self":[{"href":"https:\/\/www.ikuchyne.sk\/eshop\/wp-json\/wp\/v2\/product\/148981"}],"collection":[{"href":"https:\/\/www.ikuchyne.sk\/eshop\/wp-json\/wp\/v2\/product"}],"about":[{"href":"https:\/\/www.ikuchyne.sk\/eshop\/wp-json\/wp\/v2\/types\/product"}],"replies":[{"embeddable":true,"href":"https:\/\/www.ikuchyne.sk\/eshop\/wp-json\/wp\/v2\/comments?post=148981"}],"wp:featuredmedia":[{"embeddable":true,"href":"https:\/\/www.ikuchyne.sk\/eshop\/wp-json\/wp\/v2\/media\/148982"}],"wp:attachment":[{"href":"https:\/\/www.ikuchyne.sk\/eshop\/wp-json\/wp\/v2\/media?parent=148981"}],"wp:term":[{"taxonomy":"product_cat","embeddable":true,"href":"https:\/\/www.ikuchyne.sk\/eshop\/wp-json\/wp\/v2\/product_cat?post=148981"},{"taxonomy":"product_tag","embeddable":true,"href":"https:\/\/www.ikuchyne.sk\/eshop\/wp-json\/wp\/v2\/product_tag?post=148981"}],"curies":[{"name":"wp","href":"https:\/\/api.w.org\/{rel}","templated":true}]}}