{"id":150242,"date":"2021-03-19T00:01:33","date_gmt":"2021-03-18T23:01:33","guid":{"rendered":"https:\/\/www.ikuchyne.sk\/eshop\/?post_type=product&#038;p=150242"},"modified":"2023-05-31T08:59:38","modified_gmt":"2023-05-31T06:59:38","slug":"stolicka-castle-siva-zamat-uslachtila-ocel","status":"publish","type":"product","link":"https:\/\/www.ikuchyne.sk\/eshop\/produkt\/stolicka-castle-siva-zamat-uslachtila-ocel\/","title":{"rendered":"Stoli\u010dka Castle siv\u00e1 zamat u\u0161\u013eachtil\u00e1 oce\u013e \u00bb"},"content":{"rendered":"<h1>Stoli\u010dka Castle siv\u00e1 zamat u\u0161\u013eachtil\u00e1 oce\u013e<\/h1>\n<h4><strong>V\u0161eobecn\u00fd popis:<\/strong><\/h4>\n<p>Pohodln\u00e1 jed\u00e1lensk\u00e1 stoli\u010dka Castle siv\u00e1 zamat u\u0161\u013eachtil\u00e1 oce\u013e s robustn\u00fdmi nohami z nehrdzavej\u00facej ocele a s kvalitn\u00fdm zamatov\u00fdm po\u0165ahom a elegantn\u00fdm ozdobn\u00fdm pre\u0161\u00edvan\u00edm Chesterfield. Strieborn\u00e1 levia hlava s rukov\u00e4\u0165ou je \u010fal\u0161\u00edm p\u00fata\u010dom pozornosti. Nechajte sa zvies\u0165 ok\u00faz\u013euj\u00facim barokov\u00fdm \u0161t\u00fdlom.<\/p>\n<p>Pre dotyk luxusu vo va\u0161ej dom\u00e1cnosti. Posa\u010fte sa a te\u0161te sa z nov\u00e9ho ob\u013e\u00faben\u00e9ho miesta pri jed\u00e1lenskom stole! Na\u0161a pohodln\u00e1 stoli\u010dka Castle siv\u00e1 zamat u\u0161\u013eachtil\u00e1 oce\u013e kombinuje maxim\u00e1lny komfort sedenia s elegantn\u00fdm dizajnom. Vysok\u00e9 operadlo a \u010dal\u00fanenie zais\u0165uj\u00fa \u010do najlep\u0161ie pohodlie a stoli\u010dka m\u00e1 n\u00e1dhern\u00e9 ozdobn\u00e9 gomb\u00edky, ktor\u00e9 pripom\u00ednaj\u00fa svetozn\u00e1my dizajn Chesterfield. Tyrkysov\u00e1 po\u0165ahov\u00e1 l\u00e1tka zo zamatu a zaoblen\u00e9, strieborn\u00e9 no\u017ei\u010dky a ozdobn\u00e9 nity dod\u00e1vaj\u00fa stoli\u010dke exkluz\u00edvny barokov\u00fd vzh\u013ead.<\/p>\n<p>T\u00e1to zamatov\u00e1 stoli\u010dka up\u00fata pozornos\u0165 v\u0161etk\u00fdch. Elegantn\u00e9 stoli\u010dky sr\u0161ia ur\u010ditou extravaganciou a daj\u00fa sa \u00fa\u017easne kombinova\u0165 s r\u00f4znymi jed\u00e1lensk\u00fdmi stolmi. \u0160peci\u00e1lnym dizajnov\u00fdm vrcholom na pohodlne \u010dal\u00fanenej stoli\u010dke je bezpochyby strieborn\u00e1 levia hlava na zadnej strane sedacej \u010dasti: v \u00fastach dr\u017e\u00ed ozdobn\u00fd strieborn\u00fd prste\u0148 a sr\u0161\u00ed z neho honosn\u00e1 elegancia.<\/p>\n<p><strong>Detaily produktu:<\/strong><\/p>\n<p>Zamat je ve\u013emi \u0161peci\u00e1lna po\u0165ahov\u00e1 l\u00e1tka s jedine\u010dn\u00fdmi vlastnos\u0165ami. Jas a intenzita farby sa m\u00f4\u017eu l\u00ed\u0161i\u0165 a na l\u00e1tke je mo\u017en\u00e9 vytv\u00e1ra\u0165 jedine\u010dn\u00e9 vzory &#8211; pod\u013ea toho, v akom smere s\u00fa jemn\u00e9 vl\u00e1kna ma\u013eovan\u00e9 a ako je l\u00e1tka osvetlen\u00e1. V\u00fdsledkom je individu\u00e1lne zlo\u017eenie farebn\u00fdch odtie\u0148ov a povrchov\u00fdch \u0161trukt\u00far, ktor\u00e9 z v\u00e1\u0161ho kusu n\u00e1bytku urobia v\u017edy fascinuj\u00faci poh\u013ead. Na operadle je aplik\u00e1cia strieborn\u00e1 levia hlava, ktor\u00e1 je l\u00e1kadlom pre o\u010di. Dokon\u010den\u00e9 pre\u0161\u00edvan\u00edm Chesterfield a strieborn\u00fdmi ozdobn\u00fdmi nitmi. Max. nosnos\u0165: cca 110 kg. Vhodn\u00e9 bytov\u00e9 doplnky pre kombinovanie interi\u00e9ru s t\u00fdmto konferen\u010dn\u00fdm stol\u00edkom n\u00e1jdete na na\u0161om e-shope v sekcii Bytov\u00e9 doplnky. Kontaktujte n\u00e1s a my v\u00e1m radi pom\u00f4\u017eeme s v\u00fdberom vhodn\u00fdch dekor\u00e1ci\u00ed.<\/p>\n<p><strong>Rozmery (cca):<br \/>\n<\/strong>53cm x 94cm x 63cm (\u0160xVxH)<\/p>\n<p><strong>Materi\u00e1l:<\/strong><br \/>\nPo\u0165ah: zamat (100% polyester)<br \/>\nNohy: nehrdzavej\u00faca oce\u013e<br \/>\nRukov\u00e4\u0165: kovov\u00e1<\/p>\n<p>Komfortn\u00e1 rukov\u00e4\u0165 | Ozdobn\u00e9 gomb\u00edky<br \/>\nOzdobn\u00e9 pre\u0161\u00edvanie<\/p>\n<p><strong>Farba:<\/strong> siv\u00e1, strieborn\u00e1<br \/>\nBarokov\u00fd dizajn<\/p>\n<p><strong>Tento konferen\u010dn\u00fd stol\u00edk m\u00f4\u017eete n\u00e1js\u0165 aj v prevedeniach:<\/strong><\/p>\n<ul>\n<li>tyrkysov\u00e1<\/li>\n<li>kr\u00e1\u013eovsk\u00e1 modr\u00e1<\/li>\n<li>\u010derven\u00e1<\/li>\n<\/ul>\n<p>Dodato\u010dn\u00e9 inform\u00e1cie:<\/p>\n<p>V pr\u00edpade z\u00e1ujmu o in\u00e9 stoli\u010dky &#8211; jed\u00e1lensk\u00e9, barov\u00e9, kancel\u00e1rske, nav\u0161t\u00edvte sekciu stoli\u010dky na <a href=\"https:\/\/www.ikuchyne.sk\/eshop\/kategoria\/stolicky\/\">www.ikuchyne.sk\/eshop<\/a><br \/>\nV pr\u00edpade z\u00e1ujmu o n\u00e1bytok na mieru n\u00e1s kontaktuje na <a href=\"http:\/\/www.ikuchyne.sk\">www.ikuchyne.sk<\/a><\/p>\n","protected":false},"excerpt":{"rendered":"<p>Stoli\u010dka Castle siv\u00e1 zamat u\u0161\u013eachtil\u00e1 oce\u013e V\u0161eobecn\u00fd popis: Pohodln\u00e1 jed\u00e1lensk\u00e1 stoli\u010dka Castle siv\u00e1 zamat u\u0161\u013eachtil\u00e1 oce\u013e s robustn\u00fdmi nohami z nehrdzavej\u00facej ocele a s kvalitn\u00fdm zamatov\u00fdm po\u0165ahom a elegantn\u00fdm ozdobn\u00fdm<\/p>\n","protected":false},"featured_media":150243,"comment_status":"closed","ping_status":"closed","template":"","meta":[],"product_cat":[936,310,823,829,830,592,772,935,288],"product_tag":[257,610],"yoast_head":"<!-- This site is optimized with the Yoast SEO plugin v22.1 - https:\/\/yoast.com\/wordpress\/plugins\/seo\/ -->\n<title>Stoli\u010dka Castle siv\u00e1 zamat u\u0161\u013eachtil\u00e1 oce\u013e \u00bb &#187; iKuchyne iSHOP s n\u00e1bytkom<\/title>\n<meta name=\"description\" content=\"Stoli\u010dka Castle siv\u00e1 zamat u\u0161\u013eachtil\u00e1 oce\u013e \u00bb r\u00fdchle dodanie, poradenstvo, n\u00e1bytok skladom, ktor\u00fd bude dominantou dom\u00e1cnosti.\" \/>\n<meta name=\"robots\" content=\"index, follow, max-snippet:-1, max-image-preview:large, max-video-preview:-1\" \/>\n<link rel=\"canonical\" href=\"https:\/\/www.ikuchyne.sk\/eshop\/produkt\/stolicka-castle-siva-zamat-uslachtila-ocel\/\" \/>\n<meta property=\"og:locale\" content=\"sk_SK\" \/>\n<meta property=\"og:type\" content=\"article\" \/>\n<meta property=\"og:title\" content=\"Stoli\u010dka Castle siv\u00e1 zamat u\u0161\u013eachtil\u00e1 oce\u013e \u00bb &#187; iKuchyne iSHOP s n\u00e1bytkom\" \/>\n<meta property=\"og:description\" content=\"Stoli\u010dka Castle siv\u00e1 zamat u\u0161\u013eachtil\u00e1 oce\u013e \u00bb r\u00fdchle dodanie, poradenstvo, n\u00e1bytok skladom, ktor\u00fd bude dominantou dom\u00e1cnosti.\" \/>\n<meta property=\"og:url\" content=\"https:\/\/www.ikuchyne.sk\/eshop\/produkt\/stolicka-castle-siva-zamat-uslachtila-ocel\/\" \/>\n<meta property=\"og:site_name\" content=\"iKuchyne iSHOP s n\u00e1bytkom\" \/>\n<meta property=\"article:publisher\" content=\"https:\/\/www.facebook.com\/ikuchyne\/\" \/>\n<meta property=\"article:modified_time\" content=\"2023-05-31T06:59:38+00:00\" \/>\n<meta property=\"og:image\" content=\"https:\/\/www.ikuchyne.sk\/eshop\/wp-content\/uploads\/2021\/03\/Stoli\u010dka-Castle-siv\u00e1-zamat-u\u0161\u013eachtil\u00e1-oce\u013e-L\u00f6wenkopf-40471.jpg\" \/>\n\t<meta property=\"og:image:width\" content=\"800\" \/>\n\t<meta property=\"og:image:height\" content=\"533\" \/>\n\t<meta property=\"og:image:type\" content=\"image\/jpeg\" \/>\n<meta name=\"twitter:card\" content=\"summary_large_image\" \/>\n<meta name=\"twitter:label1\" content=\"Predpokladan\u00fd \u010das \u010d\u00edtania\" \/>\n\t<meta name=\"twitter:data1\" content=\"2 min\u00faty\" \/>\n<script type=\"application\/ld+json\" class=\"yoast-schema-graph\">{\"@context\":\"https:\/\/schema.org\",\"@graph\":[{\"@type\":\"WebPage\",\"@id\":\"https:\/\/www.ikuchyne.sk\/eshop\/produkt\/stolicka-castle-siva-zamat-uslachtila-ocel\/\",\"url\":\"https:\/\/www.ikuchyne.sk\/eshop\/produkt\/stolicka-castle-siva-zamat-uslachtila-ocel\/\",\"name\":\"Stoli\u010dka Castle siv\u00e1 zamat u\u0161\u013eachtil\u00e1 oce\u013e \u00bb &#187; iKuchyne iSHOP s n\u00e1bytkom\",\"isPartOf\":{\"@id\":\"https:\/\/www.ikuchyne.sk\/eshop\/#website\"},\"datePublished\":\"2021-03-18T23:01:33+00:00\",\"dateModified\":\"2023-05-31T06:59:38+00:00\",\"description\":\"Stoli\u010dka Castle siv\u00e1 zamat u\u0161\u013eachtil\u00e1 oce\u013e \u00bb r\u00fdchle dodanie, poradenstvo, n\u00e1bytok skladom, ktor\u00fd bude dominantou dom\u00e1cnosti.\",\"breadcrumb\":{\"@id\":\"https:\/\/www.ikuchyne.sk\/eshop\/produkt\/stolicka-castle-siva-zamat-uslachtila-ocel\/#breadcrumb\"},\"inLanguage\":\"sk-SK\",\"potentialAction\":[{\"@type\":\"ReadAction\",\"target\":[\"https:\/\/www.ikuchyne.sk\/eshop\/produkt\/stolicka-castle-siva-zamat-uslachtila-ocel\/\"]}]},{\"@type\":\"BreadcrumbList\",\"@id\":\"https:\/\/www.ikuchyne.sk\/eshop\/produkt\/stolicka-castle-siva-zamat-uslachtila-ocel\/#breadcrumb\",\"itemListElement\":[{\"@type\":\"ListItem\",\"position\":1,\"name\":\"Home\",\"item\":\"https:\/\/www.ikuchyne.sk\/eshop\/\"},{\"@type\":\"ListItem\",\"position\":2,\"name\":\"Obchod\",\"item\":\"https:\/\/www.ikuchyne.sk\/eshop\/obchod\/\"},{\"@type\":\"ListItem\",\"position\":3,\"name\":\"Stoli\u010dka Castle siv\u00e1 zamat u\u0161\u013eachtil\u00e1 oce\u013e \u00bb\"}]},{\"@type\":\"WebSite\",\"@id\":\"https:\/\/www.ikuchyne.sk\/eshop\/#website\",\"url\":\"https:\/\/www.ikuchyne.sk\/eshop\/\",\"name\":\"iKuchyne iSHOP s n\u00e1bytkom\",\"description\":\"Jed\u00e1lensk\u00e9 stoly, stoli\u010dky, n\u00e1bytok, svietidl\u00e1...\",\"publisher\":{\"@id\":\"https:\/\/www.ikuchyne.sk\/eshop\/#organization\"},\"potentialAction\":[{\"@type\":\"SearchAction\",\"target\":{\"@type\":\"EntryPoint\",\"urlTemplate\":\"https:\/\/www.ikuchyne.sk\/eshop\/?s={search_term_string}\"},\"query-input\":\"required name=search_term_string\"}],\"inLanguage\":\"sk-SK\"},{\"@type\":\"Organization\",\"@id\":\"https:\/\/www.ikuchyne.sk\/eshop\/#organization\",\"name\":\"ikuchyne!\",\"url\":\"https:\/\/www.ikuchyne.sk\/eshop\/\",\"logo\":{\"@type\":\"ImageObject\",\"inLanguage\":\"sk-SK\",\"@id\":\"https:\/\/www.ikuchyne.sk\/eshop\/#\/schema\/logo\/image\/\",\"url\":\"https:\/\/www.ikuchyne.sk\/eshop\/wp-content\/uploads\/2017\/04\/ikuchyne-logo.jpg\",\"contentUrl\":\"https:\/\/www.ikuchyne.sk\/eshop\/wp-content\/uploads\/2017\/04\/ikuchyne-logo.jpg\",\"width\":200,\"height\":48,\"caption\":\"ikuchyne!\"},\"image\":{\"@id\":\"https:\/\/www.ikuchyne.sk\/eshop\/#\/schema\/logo\/image\/\"},\"sameAs\":[\"https:\/\/www.facebook.com\/ikuchyne\/\",\"https:\/\/www.instagram.com\/ikuchyne.sk\/\",\"https:\/\/sk.pinterest.com\/ikuchynesk\/\"]}]}<\/script>\n<!-- \/ Yoast SEO plugin. -->","yoast_head_json":{"title":"Stoli\u010dka Castle siv\u00e1 zamat u\u0161\u013eachtil\u00e1 oce\u013e \u00bb &#187; iKuchyne iSHOP s n\u00e1bytkom","description":"Stoli\u010dka Castle siv\u00e1 zamat u\u0161\u013eachtil\u00e1 oce\u013e \u00bb r\u00fdchle dodanie, poradenstvo, n\u00e1bytok skladom, ktor\u00fd bude dominantou dom\u00e1cnosti.","robots":{"index":"index","follow":"follow","max-snippet":"max-snippet:-1","max-image-preview":"max-image-preview:large","max-video-preview":"max-video-preview:-1"},"canonical":"https:\/\/www.ikuchyne.sk\/eshop\/produkt\/stolicka-castle-siva-zamat-uslachtila-ocel\/","og_locale":"sk_SK","og_type":"article","og_title":"Stoli\u010dka Castle siv\u00e1 zamat u\u0161\u013eachtil\u00e1 oce\u013e \u00bb &#187; iKuchyne iSHOP s n\u00e1bytkom","og_description":"Stoli\u010dka Castle siv\u00e1 zamat u\u0161\u013eachtil\u00e1 oce\u013e \u00bb r\u00fdchle dodanie, poradenstvo, n\u00e1bytok skladom, ktor\u00fd bude dominantou dom\u00e1cnosti.","og_url":"https:\/\/www.ikuchyne.sk\/eshop\/produkt\/stolicka-castle-siva-zamat-uslachtila-ocel\/","og_site_name":"iKuchyne iSHOP s n\u00e1bytkom","article_publisher":"https:\/\/www.facebook.com\/ikuchyne\/","article_modified_time":"2023-05-31T06:59:38+00:00","og_image":[{"width":800,"height":533,"url":"https:\/\/www.ikuchyne.sk\/eshop\/wp-content\/uploads\/2021\/03\/Stoli\u010dka-Castle-siv\u00e1-zamat-u\u0161\u013eachtil\u00e1-oce\u013e-L\u00f6wenkopf-40471.jpg","type":"image\/jpeg"}],"twitter_card":"summary_large_image","twitter_misc":{"Predpokladan\u00fd \u010das \u010d\u00edtania":"2 min\u00faty"},"schema":{"@context":"https:\/\/schema.org","@graph":[{"@type":"WebPage","@id":"https:\/\/www.ikuchyne.sk\/eshop\/produkt\/stolicka-castle-siva-zamat-uslachtila-ocel\/","url":"https:\/\/www.ikuchyne.sk\/eshop\/produkt\/stolicka-castle-siva-zamat-uslachtila-ocel\/","name":"Stoli\u010dka Castle siv\u00e1 zamat u\u0161\u013eachtil\u00e1 oce\u013e \u00bb &#187; iKuchyne iSHOP s n\u00e1bytkom","isPartOf":{"@id":"https:\/\/www.ikuchyne.sk\/eshop\/#website"},"datePublished":"2021-03-18T23:01:33+00:00","dateModified":"2023-05-31T06:59:38+00:00","description":"Stoli\u010dka Castle siv\u00e1 zamat u\u0161\u013eachtil\u00e1 oce\u013e \u00bb r\u00fdchle dodanie, poradenstvo, n\u00e1bytok skladom, ktor\u00fd bude dominantou dom\u00e1cnosti.","breadcrumb":{"@id":"https:\/\/www.ikuchyne.sk\/eshop\/produkt\/stolicka-castle-siva-zamat-uslachtila-ocel\/#breadcrumb"},"inLanguage":"sk-SK","potentialAction":[{"@type":"ReadAction","target":["https:\/\/www.ikuchyne.sk\/eshop\/produkt\/stolicka-castle-siva-zamat-uslachtila-ocel\/"]}]},{"@type":"BreadcrumbList","@id":"https:\/\/www.ikuchyne.sk\/eshop\/produkt\/stolicka-castle-siva-zamat-uslachtila-ocel\/#breadcrumb","itemListElement":[{"@type":"ListItem","position":1,"name":"Home","item":"https:\/\/www.ikuchyne.sk\/eshop\/"},{"@type":"ListItem","position":2,"name":"Obchod","item":"https:\/\/www.ikuchyne.sk\/eshop\/obchod\/"},{"@type":"ListItem","position":3,"name":"Stoli\u010dka Castle siv\u00e1 zamat u\u0161\u013eachtil\u00e1 oce\u013e \u00bb"}]},{"@type":"WebSite","@id":"https:\/\/www.ikuchyne.sk\/eshop\/#website","url":"https:\/\/www.ikuchyne.sk\/eshop\/","name":"iKuchyne iSHOP s n\u00e1bytkom","description":"Jed\u00e1lensk\u00e9 stoly, stoli\u010dky, n\u00e1bytok, svietidl\u00e1...","publisher":{"@id":"https:\/\/www.ikuchyne.sk\/eshop\/#organization"},"potentialAction":[{"@type":"SearchAction","target":{"@type":"EntryPoint","urlTemplate":"https:\/\/www.ikuchyne.sk\/eshop\/?s={search_term_string}"},"query-input":"required name=search_term_string"}],"inLanguage":"sk-SK"},{"@type":"Organization","@id":"https:\/\/www.ikuchyne.sk\/eshop\/#organization","name":"ikuchyne!","url":"https:\/\/www.ikuchyne.sk\/eshop\/","logo":{"@type":"ImageObject","inLanguage":"sk-SK","@id":"https:\/\/www.ikuchyne.sk\/eshop\/#\/schema\/logo\/image\/","url":"https:\/\/www.ikuchyne.sk\/eshop\/wp-content\/uploads\/2017\/04\/ikuchyne-logo.jpg","contentUrl":"https:\/\/www.ikuchyne.sk\/eshop\/wp-content\/uploads\/2017\/04\/ikuchyne-logo.jpg","width":200,"height":48,"caption":"ikuchyne!"},"image":{"@id":"https:\/\/www.ikuchyne.sk\/eshop\/#\/schema\/logo\/image\/"},"sameAs":["https:\/\/www.facebook.com\/ikuchyne\/","https:\/\/www.instagram.com\/ikuchyne.sk\/","https:\/\/sk.pinterest.com\/ikuchynesk\/"]}]}},"_links":{"self":[{"href":"https:\/\/www.ikuchyne.sk\/eshop\/wp-json\/wp\/v2\/product\/150242"}],"collection":[{"href":"https:\/\/www.ikuchyne.sk\/eshop\/wp-json\/wp\/v2\/product"}],"about":[{"href":"https:\/\/www.ikuchyne.sk\/eshop\/wp-json\/wp\/v2\/types\/product"}],"replies":[{"embeddable":true,"href":"https:\/\/www.ikuchyne.sk\/eshop\/wp-json\/wp\/v2\/comments?post=150242"}],"wp:featuredmedia":[{"embeddable":true,"href":"https:\/\/www.ikuchyne.sk\/eshop\/wp-json\/wp\/v2\/media\/150243"}],"wp:attachment":[{"href":"https:\/\/www.ikuchyne.sk\/eshop\/wp-json\/wp\/v2\/media?parent=150242"}],"wp:term":[{"taxonomy":"product_cat","embeddable":true,"href":"https:\/\/www.ikuchyne.sk\/eshop\/wp-json\/wp\/v2\/product_cat?post=150242"},{"taxonomy":"product_tag","embeddable":true,"href":"https:\/\/www.ikuchyne.sk\/eshop\/wp-json\/wp\/v2\/product_tag?post=150242"}],"curies":[{"name":"wp","href":"https:\/\/api.w.org\/{rel}","templated":true}]}}