{"id":150312,"date":"2021-03-19T12:13:09","date_gmt":"2021-03-19T11:13:09","guid":{"rendered":"https:\/\/www.ikuchyne.sk\/eshop\/?post_type=product&#038;p=150312"},"modified":"2024-12-02T21:08:37","modified_gmt":"2024-12-02T20:08:37","slug":"regal-na-vino-storage-180-cm-kov-cierny","status":"publish","type":"product","link":"https:\/\/www.ikuchyne.sk\/eshop\/produkt\/regal-na-vino-storage-180-cm-kov-cierny\/","title":{"rendered":"Reg\u00e1l na v\u00edno Storage 180 cm kov \u010dierny \u00bb"},"content":{"rendered":"<h1>Reg\u00e1l na v\u00edno Storage 180 cm kov \u010dierny<\/h1>\n<h4><strong>V\u0161eobecn\u00fd popis:<\/strong><\/h4>\n<p>Vysokokvalitn\u00fd reg\u00e1l na v\u00edno Storage 180 cm kov \u010dierny vyroben\u00fd z \u010dierneho kovu. Horizont\u00e1lne je mo\u017en\u00e9 ulo\u017ei\u0165 a\u017e 102 flia\u0161. Reg\u00e1l je mo\u017en\u00e9 priskrutkova\u0165 do steny pre bezpe\u010dn\u00e9 st\u00e1tie. Skombinujte si stojan na f\u013ea\u0161e pod\u013ea svojej chuti a \u0161t\u00fdlu v dom\u00e1cnosti!<\/p>\n<p>Ide\u00e1lne miesto pre va\u0161u zbierku v\u00edn. Bez oh\u013eadu na to, \u010di ide o \u010derven\u00e9 v\u00edno, biele v\u00edno alebo f\u013ea\u0161u sektu: na tejto ve\u013ekej poli\u010dke je dos\u0165 miesta pre v\u0161etky va\u0161e ob\u013e\u00faben\u00e9 n\u00e1poje. Na \u010diernu kovov\u00fa poli\u010dku \u013eahko ulo\u017e\u00edte a\u017e 102 flia\u0161. \u0160tyri kovov\u00e9 nohy a aplik\u00e1cie na pripevnenie na stenu zaru\u010duj\u00fa, \u017ee stojan na f\u013ea\u0161e m\u00f4\u017eete bezpe\u010dne umiestni\u0165 na ak\u00fdko\u013evek povrch a priskrutkova\u0165.<\/p>\n<p>Stojan na v\u00edno je mo\u017en\u00e9 pou\u017ei\u0165 mnoh\u00fdmi sp\u00f4sobmi. \u010ci u\u017e chcete prezentova\u0165 svoju zbierku v\u00edn v ob\u00fdvacej izbe alebo potrebujete nov\u00fd sklad pre obzvl\u00e1\u0161\u0165 kvalitn\u00e9 v\u00edna vo svojej osobnej v\u00ednnej pivnici: na\u0161a kovov\u00e1 polica je v\u017edy tou spr\u00e1vnou vo\u013ebou. Zdr\u017eanliv\u00fd priemyseln\u00fd dizajn nep\u00f4sob\u00ed ru\u0161ivo a je mo\u017en\u00e9 ho kombinova\u0165 s r\u00f4znym n\u00e1bytkom a bytov\u00fdmi doplnkami, sta\u010d\u00ed vysk\u00fa\u0161a\u0165.<\/p>\n<p><strong>Detaily produktu:<\/strong><\/p>\n<p>Pon\u00faka priestor a\u017e pre 102 flia\u0161. Aplik\u00e1cie na pripevnenie police k stene. Priemyseln\u00fd dizajn police je mo\u017en\u00e9 kombinova\u0165 mnoh\u00fdmi sp\u00f4sobmi. Vhodn\u00e9 bytov\u00e9 doplnky pre kombinovanie interi\u00e9ru s t\u00fdmto reg\u00e1lom na v\u00edno Storage n\u00e1jdete na na\u0161om e-shope v sekcii Bytov\u00e9 doplnky. Kontaktujte n\u00e1s a my v\u00e1m radi pom\u00f4\u017eeme s v\u00fdberom vhodn\u00fdch dekor\u00e1ci\u00ed a n\u00e1bytku.<\/p>\n<p><strong>Rozmery (cca):<br \/>\n<\/strong>64 cm x 182 cm x 30 cm (\u0160xVxH)<\/p>\n<p><strong>Materi\u00e1l:<\/strong><br \/>\nKov, pr\u00e1\u0161kovo lakovan\u00fd<\/p>\n<p>M\u00f4\u017ee by\u0165 priskrutkovan\u00fd k stene.<\/p>\n<p>Farba: \u010dierna<br \/>\nIndustri\u00e1lny \u0161t\u00fdl<\/p>\n<p><strong>Tento reg\u00e1l na v\u00edno m\u00f4\u017eete n\u00e1js\u0165 aj v prevedeniach:<\/strong><\/p>\n<ul>\n<li>reg\u00e1l na v\u00edno Storage 100 cm kov \u010dierny<\/li>\n<\/ul>\n<p>Dod\u00e1van\u00e9 v demonte.<br \/>\nBalenie 1: (pribli\u017ene) 108 x 67 x 11 cm \/ 12,5 kg<\/p>\n<p>Dodato\u010dn\u00e9 inform\u00e1cie:<\/p>\n<p>V pr\u00edpade z\u00e1ujmu o in\u00e9 reg\u00e1ly, skrine \u010di komody, nav\u0161t\u00edvte sekciu n\u00e1bytok na <a href=\"https:\/\/www.ikuchyne.sk\/eshop\/kategoria\/nabytok\/\">www.ikuchyne.sk\/eshop<\/a><br \/>\nV pr\u00edpade z\u00e1ujmu o n\u00e1bytok na mieru n\u00e1s kontaktuje na <a href=\"http:\/\/www.ikuchyne.sk\">www.ikuchyne.sk<\/a><\/p>\n","protected":false},"excerpt":{"rendered":"<p>Reg\u00e1l na v\u00edno Storage 180 cm kov \u010dierny V\u0161eobecn\u00fd popis: Vysokokvalitn\u00fd reg\u00e1l na v\u00edno Storage 180 cm kov \u010dierny vyroben\u00fd z \u010dierneho kovu. Horizont\u00e1lne je mo\u017en\u00e9 ulo\u017ei\u0165 a\u017e 102 flia\u0161.<\/p>\n","protected":false},"featured_media":150313,"comment_status":"closed","ping_status":"closed","template":"","meta":[],"product_cat":[289,286,296,772],"product_tag":[256],"yoast_head":"<!-- This site is optimized with the Yoast SEO plugin v22.1 - https:\/\/yoast.com\/wordpress\/plugins\/seo\/ -->\n<title>Reg\u00e1l na v\u00edno Storage 180 cm kov \u010dierny \u00bb &#187; iKuchyne iSHOP s n\u00e1bytkom<\/title>\n<meta name=\"description\" content=\"Reg\u00e1l na v\u00edno Storage 180 cm kov \u010dierny \u00bb r\u00fdchle dodanie, poradenstvo, n\u00e1bytok skladom v Bratislave s ikuchyne.sk - kuchyne na mieru.\" \/>\n<meta name=\"robots\" content=\"index, follow, max-snippet:-1, max-image-preview:large, max-video-preview:-1\" \/>\n<link rel=\"canonical\" href=\"https:\/\/www.ikuchyne.sk\/eshop\/produkt\/regal-na-vino-storage-180-cm-kov-cierny\/\" \/>\n<meta property=\"og:locale\" content=\"sk_SK\" \/>\n<meta property=\"og:type\" content=\"article\" \/>\n<meta property=\"og:title\" content=\"Reg\u00e1l na v\u00edno Storage 180 cm kov \u010dierny \u00bb &#187; iKuchyne iSHOP s n\u00e1bytkom\" \/>\n<meta property=\"og:description\" content=\"Reg\u00e1l na v\u00edno Storage 180 cm kov \u010dierny \u00bb r\u00fdchle dodanie, poradenstvo, n\u00e1bytok skladom v Bratislave s ikuchyne.sk - kuchyne na mieru.\" \/>\n<meta property=\"og:url\" content=\"https:\/\/www.ikuchyne.sk\/eshop\/produkt\/regal-na-vino-storage-180-cm-kov-cierny\/\" \/>\n<meta property=\"og:site_name\" content=\"iKuchyne iSHOP s n\u00e1bytkom\" \/>\n<meta property=\"article:publisher\" content=\"https:\/\/www.facebook.com\/ikuchyne\/\" \/>\n<meta property=\"article:modified_time\" content=\"2024-12-02T20:08:37+00:00\" \/>\n<meta property=\"og:image\" content=\"https:\/\/www.ikuchyne.sk\/eshop\/wp-content\/uploads\/2021\/03\/Reg\u00e1l-na-v\u00edno-Storage-180cm-kov-\u010dierna-40862.jpg\" \/>\n\t<meta property=\"og:image:width\" content=\"800\" \/>\n\t<meta property=\"og:image:height\" content=\"533\" \/>\n\t<meta property=\"og:image:type\" content=\"image\/jpeg\" \/>\n<meta name=\"twitter:card\" content=\"summary_large_image\" \/>\n<meta name=\"twitter:label1\" content=\"Predpokladan\u00fd \u010das \u010d\u00edtania\" \/>\n\t<meta name=\"twitter:data1\" content=\"2 min\u00faty\" \/>\n<script type=\"application\/ld+json\" class=\"yoast-schema-graph\">{\"@context\":\"https:\/\/schema.org\",\"@graph\":[{\"@type\":\"WebPage\",\"@id\":\"https:\/\/www.ikuchyne.sk\/eshop\/produkt\/regal-na-vino-storage-180-cm-kov-cierny\/\",\"url\":\"https:\/\/www.ikuchyne.sk\/eshop\/produkt\/regal-na-vino-storage-180-cm-kov-cierny\/\",\"name\":\"Reg\u00e1l na v\u00edno Storage 180 cm kov \u010dierny \u00bb &#187; iKuchyne iSHOP s n\u00e1bytkom\",\"isPartOf\":{\"@id\":\"https:\/\/www.ikuchyne.sk\/eshop\/#website\"},\"datePublished\":\"2021-03-19T11:13:09+00:00\",\"dateModified\":\"2024-12-02T20:08:37+00:00\",\"description\":\"Reg\u00e1l na v\u00edno Storage 180 cm kov \u010dierny \u00bb r\u00fdchle dodanie, poradenstvo, n\u00e1bytok skladom v Bratislave s ikuchyne.sk - kuchyne na mieru.\",\"breadcrumb\":{\"@id\":\"https:\/\/www.ikuchyne.sk\/eshop\/produkt\/regal-na-vino-storage-180-cm-kov-cierny\/#breadcrumb\"},\"inLanguage\":\"sk-SK\",\"potentialAction\":[{\"@type\":\"ReadAction\",\"target\":[\"https:\/\/www.ikuchyne.sk\/eshop\/produkt\/regal-na-vino-storage-180-cm-kov-cierny\/\"]}]},{\"@type\":\"BreadcrumbList\",\"@id\":\"https:\/\/www.ikuchyne.sk\/eshop\/produkt\/regal-na-vino-storage-180-cm-kov-cierny\/#breadcrumb\",\"itemListElement\":[{\"@type\":\"ListItem\",\"position\":1,\"name\":\"Home\",\"item\":\"https:\/\/www.ikuchyne.sk\/eshop\/\"},{\"@type\":\"ListItem\",\"position\":2,\"name\":\"Obchod\",\"item\":\"https:\/\/www.ikuchyne.sk\/eshop\/obchod\/\"},{\"@type\":\"ListItem\",\"position\":3,\"name\":\"Reg\u00e1l na v\u00edno Storage 180 cm kov \u010dierny \u00bb\"}]},{\"@type\":\"WebSite\",\"@id\":\"https:\/\/www.ikuchyne.sk\/eshop\/#website\",\"url\":\"https:\/\/www.ikuchyne.sk\/eshop\/\",\"name\":\"iKuchyne iSHOP s n\u00e1bytkom\",\"description\":\"Jed\u00e1lensk\u00e9 stoly, stoli\u010dky, n\u00e1bytok, svietidl\u00e1...\",\"publisher\":{\"@id\":\"https:\/\/www.ikuchyne.sk\/eshop\/#organization\"},\"potentialAction\":[{\"@type\":\"SearchAction\",\"target\":{\"@type\":\"EntryPoint\",\"urlTemplate\":\"https:\/\/www.ikuchyne.sk\/eshop\/?s={search_term_string}\"},\"query-input\":\"required name=search_term_string\"}],\"inLanguage\":\"sk-SK\"},{\"@type\":\"Organization\",\"@id\":\"https:\/\/www.ikuchyne.sk\/eshop\/#organization\",\"name\":\"ikuchyne!\",\"url\":\"https:\/\/www.ikuchyne.sk\/eshop\/\",\"logo\":{\"@type\":\"ImageObject\",\"inLanguage\":\"sk-SK\",\"@id\":\"https:\/\/www.ikuchyne.sk\/eshop\/#\/schema\/logo\/image\/\",\"url\":\"https:\/\/www.ikuchyne.sk\/eshop\/wp-content\/uploads\/2017\/04\/ikuchyne-logo.jpg\",\"contentUrl\":\"https:\/\/www.ikuchyne.sk\/eshop\/wp-content\/uploads\/2017\/04\/ikuchyne-logo.jpg\",\"width\":200,\"height\":48,\"caption\":\"ikuchyne!\"},\"image\":{\"@id\":\"https:\/\/www.ikuchyne.sk\/eshop\/#\/schema\/logo\/image\/\"},\"sameAs\":[\"https:\/\/www.facebook.com\/ikuchyne\/\",\"https:\/\/www.instagram.com\/ikuchyne.sk\/\",\"https:\/\/sk.pinterest.com\/ikuchynesk\/\"]}]}<\/script>\n<!-- \/ Yoast SEO plugin. -->","yoast_head_json":{"title":"Reg\u00e1l na v\u00edno Storage 180 cm kov \u010dierny \u00bb &#187; iKuchyne iSHOP s n\u00e1bytkom","description":"Reg\u00e1l na v\u00edno Storage 180 cm kov \u010dierny \u00bb r\u00fdchle dodanie, poradenstvo, n\u00e1bytok skladom v Bratislave s ikuchyne.sk - kuchyne na mieru.","robots":{"index":"index","follow":"follow","max-snippet":"max-snippet:-1","max-image-preview":"max-image-preview:large","max-video-preview":"max-video-preview:-1"},"canonical":"https:\/\/www.ikuchyne.sk\/eshop\/produkt\/regal-na-vino-storage-180-cm-kov-cierny\/","og_locale":"sk_SK","og_type":"article","og_title":"Reg\u00e1l na v\u00edno Storage 180 cm kov \u010dierny \u00bb &#187; iKuchyne iSHOP s n\u00e1bytkom","og_description":"Reg\u00e1l na v\u00edno Storage 180 cm kov \u010dierny \u00bb r\u00fdchle dodanie, poradenstvo, n\u00e1bytok skladom v Bratislave s ikuchyne.sk - kuchyne na mieru.","og_url":"https:\/\/www.ikuchyne.sk\/eshop\/produkt\/regal-na-vino-storage-180-cm-kov-cierny\/","og_site_name":"iKuchyne iSHOP s n\u00e1bytkom","article_publisher":"https:\/\/www.facebook.com\/ikuchyne\/","article_modified_time":"2024-12-02T20:08:37+00:00","og_image":[{"width":800,"height":533,"url":"https:\/\/www.ikuchyne.sk\/eshop\/wp-content\/uploads\/2021\/03\/Reg\u00e1l-na-v\u00edno-Storage-180cm-kov-\u010dierna-40862.jpg","type":"image\/jpeg"}],"twitter_card":"summary_large_image","twitter_misc":{"Predpokladan\u00fd \u010das \u010d\u00edtania":"2 min\u00faty"},"schema":{"@context":"https:\/\/schema.org","@graph":[{"@type":"WebPage","@id":"https:\/\/www.ikuchyne.sk\/eshop\/produkt\/regal-na-vino-storage-180-cm-kov-cierny\/","url":"https:\/\/www.ikuchyne.sk\/eshop\/produkt\/regal-na-vino-storage-180-cm-kov-cierny\/","name":"Reg\u00e1l na v\u00edno Storage 180 cm kov \u010dierny \u00bb &#187; iKuchyne iSHOP s n\u00e1bytkom","isPartOf":{"@id":"https:\/\/www.ikuchyne.sk\/eshop\/#website"},"datePublished":"2021-03-19T11:13:09+00:00","dateModified":"2024-12-02T20:08:37+00:00","description":"Reg\u00e1l na v\u00edno Storage 180 cm kov \u010dierny \u00bb r\u00fdchle dodanie, poradenstvo, n\u00e1bytok skladom v Bratislave s ikuchyne.sk - kuchyne na mieru.","breadcrumb":{"@id":"https:\/\/www.ikuchyne.sk\/eshop\/produkt\/regal-na-vino-storage-180-cm-kov-cierny\/#breadcrumb"},"inLanguage":"sk-SK","potentialAction":[{"@type":"ReadAction","target":["https:\/\/www.ikuchyne.sk\/eshop\/produkt\/regal-na-vino-storage-180-cm-kov-cierny\/"]}]},{"@type":"BreadcrumbList","@id":"https:\/\/www.ikuchyne.sk\/eshop\/produkt\/regal-na-vino-storage-180-cm-kov-cierny\/#breadcrumb","itemListElement":[{"@type":"ListItem","position":1,"name":"Home","item":"https:\/\/www.ikuchyne.sk\/eshop\/"},{"@type":"ListItem","position":2,"name":"Obchod","item":"https:\/\/www.ikuchyne.sk\/eshop\/obchod\/"},{"@type":"ListItem","position":3,"name":"Reg\u00e1l na v\u00edno Storage 180 cm kov \u010dierny \u00bb"}]},{"@type":"WebSite","@id":"https:\/\/www.ikuchyne.sk\/eshop\/#website","url":"https:\/\/www.ikuchyne.sk\/eshop\/","name":"iKuchyne iSHOP s n\u00e1bytkom","description":"Jed\u00e1lensk\u00e9 stoly, stoli\u010dky, n\u00e1bytok, svietidl\u00e1...","publisher":{"@id":"https:\/\/www.ikuchyne.sk\/eshop\/#organization"},"potentialAction":[{"@type":"SearchAction","target":{"@type":"EntryPoint","urlTemplate":"https:\/\/www.ikuchyne.sk\/eshop\/?s={search_term_string}"},"query-input":"required name=search_term_string"}],"inLanguage":"sk-SK"},{"@type":"Organization","@id":"https:\/\/www.ikuchyne.sk\/eshop\/#organization","name":"ikuchyne!","url":"https:\/\/www.ikuchyne.sk\/eshop\/","logo":{"@type":"ImageObject","inLanguage":"sk-SK","@id":"https:\/\/www.ikuchyne.sk\/eshop\/#\/schema\/logo\/image\/","url":"https:\/\/www.ikuchyne.sk\/eshop\/wp-content\/uploads\/2017\/04\/ikuchyne-logo.jpg","contentUrl":"https:\/\/www.ikuchyne.sk\/eshop\/wp-content\/uploads\/2017\/04\/ikuchyne-logo.jpg","width":200,"height":48,"caption":"ikuchyne!"},"image":{"@id":"https:\/\/www.ikuchyne.sk\/eshop\/#\/schema\/logo\/image\/"},"sameAs":["https:\/\/www.facebook.com\/ikuchyne\/","https:\/\/www.instagram.com\/ikuchyne.sk\/","https:\/\/sk.pinterest.com\/ikuchynesk\/"]}]}},"_links":{"self":[{"href":"https:\/\/www.ikuchyne.sk\/eshop\/wp-json\/wp\/v2\/product\/150312"}],"collection":[{"href":"https:\/\/www.ikuchyne.sk\/eshop\/wp-json\/wp\/v2\/product"}],"about":[{"href":"https:\/\/www.ikuchyne.sk\/eshop\/wp-json\/wp\/v2\/types\/product"}],"replies":[{"embeddable":true,"href":"https:\/\/www.ikuchyne.sk\/eshop\/wp-json\/wp\/v2\/comments?post=150312"}],"wp:featuredmedia":[{"embeddable":true,"href":"https:\/\/www.ikuchyne.sk\/eshop\/wp-json\/wp\/v2\/media\/150313"}],"wp:attachment":[{"href":"https:\/\/www.ikuchyne.sk\/eshop\/wp-json\/wp\/v2\/media?parent=150312"}],"wp:term":[{"taxonomy":"product_cat","embeddable":true,"href":"https:\/\/www.ikuchyne.sk\/eshop\/wp-json\/wp\/v2\/product_cat?post=150312"},{"taxonomy":"product_tag","embeddable":true,"href":"https:\/\/www.ikuchyne.sk\/eshop\/wp-json\/wp\/v2\/product_tag?post=150312"}],"curies":[{"name":"wp","href":"https:\/\/api.w.org\/{rel}","templated":true}]}}