{"id":150345,"date":"2021-03-19T14:01:06","date_gmt":"2021-03-19T13:01:06","guid":{"rendered":"https:\/\/www.ikuchyne.sk\/eshop\/?post_type=product&#038;p=150345"},"modified":"2024-02-21T06:31:58","modified_gmt":"2024-02-21T05:31:58","slug":"konferencny-stolik-leaf-set-2-ks-zlaty","status":"publish","type":"product","link":"https:\/\/www.ikuchyne.sk\/eshop\/produkt\/konferencny-stolik-leaf-set-2-ks-zlaty\/","title":{"rendered":"Konferen\u010dn\u00fd stol\u00edk Leaf set 2 ks zlat\u00fd \u00bb"},"content":{"rendered":"<h1>Konferen\u010dn\u00fd stol\u00edk Leaf set 2 ks zlat\u00fd<\/h1>\n<h4><strong>V\u0161eobecn\u00fd popis:<\/strong><\/h4>\n<p>O\u010daruj\u00faci konferen\u010dn\u00fd stol\u00edk Leaf set 2 ks zlat\u00fd s extravagantn\u00fdm dizajnom v po\u010dte 2 kusov, ktor\u00e9 m\u00f4\u017eete pou\u017ei\u0165 aj ako pr\u00edru\u010dn\u00e9 stol\u00edky. Dajte svojmu prostrediu \u017eiariv\u00fd a modern\u00fd vzh\u013ead!<\/p>\n<p>Extravagantn\u00fd konferen\u010dn\u00fd stol\u00edk Leaf set 2 ks zlat\u00fd sa stane \u0161perkom, ktor\u00fd bude vo va\u0161ej ob\u00fdva\u010dke skuto\u010dn\u00fdm p\u00fata\u010dom pozornosti. Tieto dva konferen\u010dn\u00e9 stol\u00edky pozost\u00e1vaj\u00fa z povrchu, ktor\u00fd pripom\u00edna jemn\u00fa \u0161trukt\u00faru listu. Nespo\u010detn\u00e9 mno\u017estvo jemn\u00fdch kon\u00e1rov vedie k stavbe stol\u00edka, ktor\u00e9 v\u010faka mnoh\u00fdm priehlbin\u00e1m vyzer\u00e1 s\u00edce komplikovane, no extravagantne. Ka\u017ed\u00fd konferen\u010dn\u00fd stol\u00edk je zostaven\u00fd ru\u010dne a predstavuje \u00fa\u017easn\u00fd jedine\u010dn\u00fd exempl\u00e1r.<\/p>\n<p>Konferen\u010dn\u00e9 stol\u00edky skombinujte pod\u013ea svojej chuti. Napriek leskl\u00e9mu zlat\u00e9mu povrchu sa zd\u00e1, \u017ee stol\u00edky maj\u00fa auru in\u0161pirovan\u00fa pr\u00edrodou, \u010do z nich rob\u00ed p\u00fata\u010d o\u010d\u00ed v ka\u017edej ob\u00fdvacej izbe. Opulentn\u00fd dizajn stola funguje s\u00e1m o sebe, nemus\u00edte ho kombinova\u0165 s mno\u017estvom dekor\u00e1ci\u00ed, aby ste vytvorili p\u00f4sobiv\u00fd \u017eivotn\u00fd z\u00e1\u017eitok. M\u00f4\u017eete si tie\u017e \u00faplne slobodne zvoli\u0165 pohovku &#8211; tmav\u00fd gau\u010d sa ku konferen\u010dn\u00e9mu stol\u00edku hod\u00ed rovnako dobre ako svetl\u00fd ob\u00fdvac\u00ed priestor.<\/p>\n<p>Odkladac\u00ed priestor v\u017edy tam, kde potrebujete. Konferen\u010dn\u00fd stol\u00edk Leaf m\u00f4\u017eete pou\u017ei\u0165 aj ako pr\u00edru\u010dn\u00fd stol\u00edk. Tieto dva extravagantn\u00e9 stol\u00edky m\u00f4\u017eete umiestni\u0165 v ob\u00fdvacej izbe ved\u013ea gau\u010da, ako doplnok na chodbe alebo ako extravagantn\u00e9 no\u010dn\u00e9 stol\u00edky ved\u013ea va\u0161ej postele. Pre harmonick\u00fd koncept zaria\u010fovania m\u00f4\u017eete dva bo\u010dn\u00e9 stol\u00edky skombinova\u0165 s in\u00fdm n\u00e1bytkom alebo doplnkami v striebornej farbe, sta\u010d\u00ed to vysk\u00fa\u0161a\u0165!<\/p>\n<h4>Detaily produktu:<\/h4>\n<p>Ka\u017ed\u00fd st\u00f4l je ru\u010dne vyroben\u00fd. Listov\u00fd vzor je usporiadan\u00fd individu\u00e1lne na ka\u017edom stol\u00edku. Asymetrick\u00fd tvar pod\u010diarkuje prirodzen\u00fd a modern\u00fd \u0161t\u00fdl konferen\u010dn\u00fdch stol\u00edkov. Charakteristick\u00e9 s\u00fa pre neho mal\u00e9 hr\u010dky a odch\u00fdlky vo ve\u013ekosti a hmotnosti, ktor\u00e9 robia ka\u017ed\u00fa k\u00f3piu jedine\u010dnou. Tieto vlastnosti v\u0161ak nijako neovplyv\u0148uj\u00fa funkciu konferen\u010dn\u00e9ho stol\u00edka a nepredstavuj\u00fa d\u00f4vod na reklam\u00e1ciu.<\/p>\n<p><strong>Rozmery (cca):<br \/>\n<\/strong>Ve\u013ek\u00fd st\u00f4l: 33cm x 47cm x 33cm (\u0160xVxH)<br \/>\nMal\u00fd stol\u00edk: 30 cm x 42 cm x 30 cm (\u0160xVxH)<\/p>\n<p><strong>Materi\u00e1l:<\/strong> zliatina kov-hlin\u00edk<\/p>\n<p><strong>Farba:<\/strong> zlat\u00fd<\/p>\n<p><strong>Tento konferen\u010dn\u00fd stol\u00edk m\u00f4\u017eete n\u00e1js\u0165 aj v prevedeniach:<\/strong><\/p>\n<ul>\n<li>Konferen\u010dn\u00fd stol\u00edk Leaf set 2 ks strieborn\u00fd<\/li>\n<\/ul>\n<p>Dodac\u00ed stav: zmontovan\u00fd<\/p>\n<p>Dodato\u010dn\u00e9 inform\u00e1cie:<\/p>\n<p>V pr\u00edpade z\u00e1ujmu o in\u00e9 stoly ako toaletn\u00e9, p\u00edsacie, konferen\u010dn\u00e9 stol\u00edky \u010di jed\u00e1lensk\u00e9 stoly, nav\u0161t\u00edvte sekciu stoly na <a href=\"https:\/\/www.ikuchyne.sk\/eshop\/kategoria\/stoly\/\">www.ikuchyne.sk\/eshop<\/a><br \/>\nV pr\u00edpade z\u00e1ujmu o n\u00e1bytok na mieru n\u00e1s kontaktuje na <a href=\"http:\/\/www.ikuchyne.sk\">www.ikuchyne.sk<\/a><\/p>\n","protected":false},"excerpt":{"rendered":"<p>Konferen\u010dn\u00fd stol\u00edk Leaf set 2 ks zlat\u00fd V\u0161eobecn\u00fd popis: O\u010daruj\u00faci konferen\u010dn\u00fd stol\u00edk Leaf set 2 ks zlat\u00fd s extravagantn\u00fdm dizajnom v po\u010dte 2 kusov, ktor\u00e9 m\u00f4\u017eete pou\u017ei\u0165 aj ako pr\u00edru\u010dn\u00e9<\/p>\n","protected":false},"featured_media":150346,"comment_status":"closed","ping_status":"closed","template":"","meta":[],"product_cat":[842,304,839,836,772,287],"product_tag":[188],"yoast_head":"<!-- This site is optimized with the Yoast SEO plugin v22.1 - https:\/\/yoast.com\/wordpress\/plugins\/seo\/ -->\n<title>Konferen\u010dn\u00fd stol\u00edk Leaf set 2 ks zlat\u00fd \u00bb &#187; iKuchyne iSHOP s n\u00e1bytkom<\/title>\n<meta name=\"description\" content=\"Konferen\u010dn\u00fd stol\u00edk Leaf set 2 ks zlat\u00fd \u00bb r\u00fdchle dodanie, poradenstvo, n\u00e1bytok skladom v Bratislave s ikuchyne.sk - kuchyne na mieru.\" \/>\n<meta name=\"robots\" content=\"index, follow, max-snippet:-1, max-image-preview:large, max-video-preview:-1\" \/>\n<link rel=\"canonical\" href=\"https:\/\/www.ikuchyne.sk\/eshop\/produkt\/konferencny-stolik-leaf-set-2-ks-zlaty\/\" \/>\n<meta property=\"og:locale\" content=\"sk_SK\" \/>\n<meta property=\"og:type\" content=\"article\" \/>\n<meta property=\"og:title\" content=\"Konferen\u010dn\u00fd stol\u00edk Leaf set 2 ks zlat\u00fd \u00bb &#187; iKuchyne iSHOP s n\u00e1bytkom\" \/>\n<meta property=\"og:description\" content=\"Konferen\u010dn\u00fd stol\u00edk Leaf set 2 ks zlat\u00fd \u00bb r\u00fdchle dodanie, poradenstvo, n\u00e1bytok skladom v Bratislave s ikuchyne.sk - kuchyne na mieru.\" \/>\n<meta property=\"og:url\" content=\"https:\/\/www.ikuchyne.sk\/eshop\/produkt\/konferencny-stolik-leaf-set-2-ks-zlaty\/\" \/>\n<meta property=\"og:site_name\" content=\"iKuchyne iSHOP s n\u00e1bytkom\" \/>\n<meta property=\"article:publisher\" content=\"https:\/\/www.facebook.com\/ikuchyne\/\" \/>\n<meta property=\"article:modified_time\" content=\"2024-02-21T05:31:58+00:00\" \/>\n<meta property=\"og:image\" content=\"https:\/\/www.ikuchyne.sk\/eshop\/wp-content\/uploads\/2021\/03\/Konferen\u010dn\u00fd-stol\u00edk-Leaf-set-2ks-zlat\u00e1-40613.jpg\" \/>\n\t<meta property=\"og:image:width\" content=\"800\" \/>\n\t<meta property=\"og:image:height\" content=\"533\" \/>\n\t<meta property=\"og:image:type\" content=\"image\/jpeg\" \/>\n<meta name=\"twitter:card\" content=\"summary_large_image\" \/>\n<meta name=\"twitter:label1\" content=\"Predpokladan\u00fd \u010das \u010d\u00edtania\" \/>\n\t<meta name=\"twitter:data1\" content=\"2 min\u00faty\" \/>\n<script type=\"application\/ld+json\" class=\"yoast-schema-graph\">{\"@context\":\"https:\/\/schema.org\",\"@graph\":[{\"@type\":\"WebPage\",\"@id\":\"https:\/\/www.ikuchyne.sk\/eshop\/produkt\/konferencny-stolik-leaf-set-2-ks-zlaty\/\",\"url\":\"https:\/\/www.ikuchyne.sk\/eshop\/produkt\/konferencny-stolik-leaf-set-2-ks-zlaty\/\",\"name\":\"Konferen\u010dn\u00fd stol\u00edk Leaf set 2 ks zlat\u00fd \u00bb &#187; iKuchyne iSHOP s n\u00e1bytkom\",\"isPartOf\":{\"@id\":\"https:\/\/www.ikuchyne.sk\/eshop\/#website\"},\"datePublished\":\"2021-03-19T13:01:06+00:00\",\"dateModified\":\"2024-02-21T05:31:58+00:00\",\"description\":\"Konferen\u010dn\u00fd stol\u00edk Leaf set 2 ks zlat\u00fd \u00bb r\u00fdchle dodanie, poradenstvo, n\u00e1bytok skladom v Bratislave s ikuchyne.sk - kuchyne na mieru.\",\"breadcrumb\":{\"@id\":\"https:\/\/www.ikuchyne.sk\/eshop\/produkt\/konferencny-stolik-leaf-set-2-ks-zlaty\/#breadcrumb\"},\"inLanguage\":\"sk-SK\",\"potentialAction\":[{\"@type\":\"ReadAction\",\"target\":[\"https:\/\/www.ikuchyne.sk\/eshop\/produkt\/konferencny-stolik-leaf-set-2-ks-zlaty\/\"]}]},{\"@type\":\"BreadcrumbList\",\"@id\":\"https:\/\/www.ikuchyne.sk\/eshop\/produkt\/konferencny-stolik-leaf-set-2-ks-zlaty\/#breadcrumb\",\"itemListElement\":[{\"@type\":\"ListItem\",\"position\":1,\"name\":\"Home\",\"item\":\"https:\/\/www.ikuchyne.sk\/eshop\/\"},{\"@type\":\"ListItem\",\"position\":2,\"name\":\"Obchod\",\"item\":\"https:\/\/www.ikuchyne.sk\/eshop\/obchod\/\"},{\"@type\":\"ListItem\",\"position\":3,\"name\":\"Konferen\u010dn\u00fd stol\u00edk Leaf set 2 ks zlat\u00fd \u00bb\"}]},{\"@type\":\"WebSite\",\"@id\":\"https:\/\/www.ikuchyne.sk\/eshop\/#website\",\"url\":\"https:\/\/www.ikuchyne.sk\/eshop\/\",\"name\":\"iKuchyne iSHOP s n\u00e1bytkom\",\"description\":\"Jed\u00e1lensk\u00e9 stoly, stoli\u010dky, n\u00e1bytok, svietidl\u00e1...\",\"publisher\":{\"@id\":\"https:\/\/www.ikuchyne.sk\/eshop\/#organization\"},\"potentialAction\":[{\"@type\":\"SearchAction\",\"target\":{\"@type\":\"EntryPoint\",\"urlTemplate\":\"https:\/\/www.ikuchyne.sk\/eshop\/?s={search_term_string}\"},\"query-input\":\"required name=search_term_string\"}],\"inLanguage\":\"sk-SK\"},{\"@type\":\"Organization\",\"@id\":\"https:\/\/www.ikuchyne.sk\/eshop\/#organization\",\"name\":\"ikuchyne!\",\"url\":\"https:\/\/www.ikuchyne.sk\/eshop\/\",\"logo\":{\"@type\":\"ImageObject\",\"inLanguage\":\"sk-SK\",\"@id\":\"https:\/\/www.ikuchyne.sk\/eshop\/#\/schema\/logo\/image\/\",\"url\":\"https:\/\/www.ikuchyne.sk\/eshop\/wp-content\/uploads\/2017\/04\/ikuchyne-logo.jpg\",\"contentUrl\":\"https:\/\/www.ikuchyne.sk\/eshop\/wp-content\/uploads\/2017\/04\/ikuchyne-logo.jpg\",\"width\":200,\"height\":48,\"caption\":\"ikuchyne!\"},\"image\":{\"@id\":\"https:\/\/www.ikuchyne.sk\/eshop\/#\/schema\/logo\/image\/\"},\"sameAs\":[\"https:\/\/www.facebook.com\/ikuchyne\/\",\"https:\/\/www.instagram.com\/ikuchyne.sk\/\",\"https:\/\/sk.pinterest.com\/ikuchynesk\/\"]}]}<\/script>\n<!-- \/ Yoast SEO plugin. -->","yoast_head_json":{"title":"Konferen\u010dn\u00fd stol\u00edk Leaf set 2 ks zlat\u00fd \u00bb &#187; iKuchyne iSHOP s n\u00e1bytkom","description":"Konferen\u010dn\u00fd stol\u00edk Leaf set 2 ks zlat\u00fd \u00bb r\u00fdchle dodanie, poradenstvo, n\u00e1bytok skladom v Bratislave s ikuchyne.sk - kuchyne na mieru.","robots":{"index":"index","follow":"follow","max-snippet":"max-snippet:-1","max-image-preview":"max-image-preview:large","max-video-preview":"max-video-preview:-1"},"canonical":"https:\/\/www.ikuchyne.sk\/eshop\/produkt\/konferencny-stolik-leaf-set-2-ks-zlaty\/","og_locale":"sk_SK","og_type":"article","og_title":"Konferen\u010dn\u00fd stol\u00edk Leaf set 2 ks zlat\u00fd \u00bb &#187; iKuchyne iSHOP s n\u00e1bytkom","og_description":"Konferen\u010dn\u00fd stol\u00edk Leaf set 2 ks zlat\u00fd \u00bb r\u00fdchle dodanie, poradenstvo, n\u00e1bytok skladom v Bratislave s ikuchyne.sk - kuchyne na mieru.","og_url":"https:\/\/www.ikuchyne.sk\/eshop\/produkt\/konferencny-stolik-leaf-set-2-ks-zlaty\/","og_site_name":"iKuchyne iSHOP s n\u00e1bytkom","article_publisher":"https:\/\/www.facebook.com\/ikuchyne\/","article_modified_time":"2024-02-21T05:31:58+00:00","og_image":[{"width":800,"height":533,"url":"https:\/\/www.ikuchyne.sk\/eshop\/wp-content\/uploads\/2021\/03\/Konferen\u010dn\u00fd-stol\u00edk-Leaf-set-2ks-zlat\u00e1-40613.jpg","type":"image\/jpeg"}],"twitter_card":"summary_large_image","twitter_misc":{"Predpokladan\u00fd \u010das \u010d\u00edtania":"2 min\u00faty"},"schema":{"@context":"https:\/\/schema.org","@graph":[{"@type":"WebPage","@id":"https:\/\/www.ikuchyne.sk\/eshop\/produkt\/konferencny-stolik-leaf-set-2-ks-zlaty\/","url":"https:\/\/www.ikuchyne.sk\/eshop\/produkt\/konferencny-stolik-leaf-set-2-ks-zlaty\/","name":"Konferen\u010dn\u00fd stol\u00edk Leaf set 2 ks zlat\u00fd \u00bb &#187; iKuchyne iSHOP s n\u00e1bytkom","isPartOf":{"@id":"https:\/\/www.ikuchyne.sk\/eshop\/#website"},"datePublished":"2021-03-19T13:01:06+00:00","dateModified":"2024-02-21T05:31:58+00:00","description":"Konferen\u010dn\u00fd stol\u00edk Leaf set 2 ks zlat\u00fd \u00bb r\u00fdchle dodanie, poradenstvo, n\u00e1bytok skladom v Bratislave s ikuchyne.sk - kuchyne na mieru.","breadcrumb":{"@id":"https:\/\/www.ikuchyne.sk\/eshop\/produkt\/konferencny-stolik-leaf-set-2-ks-zlaty\/#breadcrumb"},"inLanguage":"sk-SK","potentialAction":[{"@type":"ReadAction","target":["https:\/\/www.ikuchyne.sk\/eshop\/produkt\/konferencny-stolik-leaf-set-2-ks-zlaty\/"]}]},{"@type":"BreadcrumbList","@id":"https:\/\/www.ikuchyne.sk\/eshop\/produkt\/konferencny-stolik-leaf-set-2-ks-zlaty\/#breadcrumb","itemListElement":[{"@type":"ListItem","position":1,"name":"Home","item":"https:\/\/www.ikuchyne.sk\/eshop\/"},{"@type":"ListItem","position":2,"name":"Obchod","item":"https:\/\/www.ikuchyne.sk\/eshop\/obchod\/"},{"@type":"ListItem","position":3,"name":"Konferen\u010dn\u00fd stol\u00edk Leaf set 2 ks zlat\u00fd \u00bb"}]},{"@type":"WebSite","@id":"https:\/\/www.ikuchyne.sk\/eshop\/#website","url":"https:\/\/www.ikuchyne.sk\/eshop\/","name":"iKuchyne iSHOP s n\u00e1bytkom","description":"Jed\u00e1lensk\u00e9 stoly, stoli\u010dky, n\u00e1bytok, svietidl\u00e1...","publisher":{"@id":"https:\/\/www.ikuchyne.sk\/eshop\/#organization"},"potentialAction":[{"@type":"SearchAction","target":{"@type":"EntryPoint","urlTemplate":"https:\/\/www.ikuchyne.sk\/eshop\/?s={search_term_string}"},"query-input":"required name=search_term_string"}],"inLanguage":"sk-SK"},{"@type":"Organization","@id":"https:\/\/www.ikuchyne.sk\/eshop\/#organization","name":"ikuchyne!","url":"https:\/\/www.ikuchyne.sk\/eshop\/","logo":{"@type":"ImageObject","inLanguage":"sk-SK","@id":"https:\/\/www.ikuchyne.sk\/eshop\/#\/schema\/logo\/image\/","url":"https:\/\/www.ikuchyne.sk\/eshop\/wp-content\/uploads\/2017\/04\/ikuchyne-logo.jpg","contentUrl":"https:\/\/www.ikuchyne.sk\/eshop\/wp-content\/uploads\/2017\/04\/ikuchyne-logo.jpg","width":200,"height":48,"caption":"ikuchyne!"},"image":{"@id":"https:\/\/www.ikuchyne.sk\/eshop\/#\/schema\/logo\/image\/"},"sameAs":["https:\/\/www.facebook.com\/ikuchyne\/","https:\/\/www.instagram.com\/ikuchyne.sk\/","https:\/\/sk.pinterest.com\/ikuchynesk\/"]}]}},"_links":{"self":[{"href":"https:\/\/www.ikuchyne.sk\/eshop\/wp-json\/wp\/v2\/product\/150345"}],"collection":[{"href":"https:\/\/www.ikuchyne.sk\/eshop\/wp-json\/wp\/v2\/product"}],"about":[{"href":"https:\/\/www.ikuchyne.sk\/eshop\/wp-json\/wp\/v2\/types\/product"}],"replies":[{"embeddable":true,"href":"https:\/\/www.ikuchyne.sk\/eshop\/wp-json\/wp\/v2\/comments?post=150345"}],"wp:featuredmedia":[{"embeddable":true,"href":"https:\/\/www.ikuchyne.sk\/eshop\/wp-json\/wp\/v2\/media\/150346"}],"wp:attachment":[{"href":"https:\/\/www.ikuchyne.sk\/eshop\/wp-json\/wp\/v2\/media?parent=150345"}],"wp:term":[{"taxonomy":"product_cat","embeddable":true,"href":"https:\/\/www.ikuchyne.sk\/eshop\/wp-json\/wp\/v2\/product_cat?post=150345"},{"taxonomy":"product_tag","embeddable":true,"href":"https:\/\/www.ikuchyne.sk\/eshop\/wp-json\/wp\/v2\/product_tag?post=150345"}],"curies":[{"name":"wp","href":"https:\/\/api.w.org\/{rel}","templated":true}]}}