{"id":150404,"date":"2021-03-24T14:47:11","date_gmt":"2021-03-24T13:47:11","guid":{"rendered":"https:\/\/www.ikuchyne.sk\/eshop\/?post_type=product&#038;p=150404"},"modified":"2024-12-11T16:31:36","modified_gmt":"2024-12-11T15:31:36","slug":"lavica-castle-100-cm-bezova","status":"publish","type":"product","link":"https:\/\/www.ikuchyne.sk\/eshop\/produkt\/lavica-castle-100-cm-bezova\/","title":{"rendered":"Lavica Castle 100 cm b\u00e9\u017eov\u00e1 \u00bb"},"content":{"rendered":"<h1>Lavica Castle 100 cm b\u00e9\u017eov\u00e1<\/h1>\n<h4><strong>V\u0161eobecn\u00fd popis:<\/strong><\/h4>\n<p>Elegantn\u00e1 lavica Castle 100 cm b\u00e9\u017eov\u00e1 s ozdobn\u00fdm pre\u0161\u00edvan\u00edm Chesterfield. Pod pohodlne \u010dal\u00fanen\u00fdm sedadlom je \u010fal\u0161\u00ed odkladac\u00ed priestor. Nohy z mas\u00edvneho dreva vytv\u00e1raj\u00fa \u0161t\u00fdlov\u00fd kontrast s po\u0165ahom. Umiestnite lavicu do prostredia pod\u013ea v\u00e1\u0161ho v\u00fdberu!<\/p>\n<p>Lavica Castle 100 cm b\u00e9\u017eov\u00e1\u00a0sp\u00e1ja eleganciu a umenie dizajnu. Na\u0161a lavica zo s\u00e9rie CASTLE je na prv\u00fd poh\u013ead nie\u010d\u00edm ve\u013emi zvl\u00e1\u0161tnym. Husto \u010dal\u00fanen\u00e9 sedadlo lavice je nielen pohodln\u00fdm miestom na sedenie, ale zaujme aj elegantn\u00fdm a kvalitn\u00fdm vzh\u013eadom. Dekorat\u00edvne pre\u0161\u00edvanie pripom\u00edna \u0161t\u00fdlov\u00fd dizajn Chesterfield, ale v spojen\u00ed s nohami z \u013eahk\u00e9ho mas\u00edvneho dreva p\u00f4sob\u00ed lavi\u010dka moderne a nad\u010dasovo.<\/p>\n<p>Extra bonus lavice: extra \u00falo\u017en\u00fd priestor. Okrem kr\u00e1sneho dizajnu m\u00e1 lavica aj \u010fal\u0161\u00ed plusov\u00fd bod: sedadlo sa d\u00e1 \u013eahko otv\u00e1ra\u0165 a poskytuje v\u00e1m v\u00fdh\u013ead na priestrann\u00fd \u00falo\u017en\u00fd priestor. Tu m\u00f4\u017eete ulo\u017ei\u0165 dom\u00e1ce doplnky, prikr\u00fdvky, \u0161\u00e1ly alebo papu\u010de. Lavica zu\u0161\u013each\u0165uje va\u0161u predsie\u0148, stane sa p\u00fata\u010dom pozornosti v \u0161atni alebo v sp\u00e1lni &#8211; vysk\u00fa\u0161ajte!<\/p>\n<p><strong>Detaily produktu:<\/strong><\/p>\n<p>Zn\u00e1my dizajn Chesterfield poch\u00e1dza z Anglicka a predstavuje eleganciu a klasick\u00e9 dizajnov\u00e9 umenie ako \u017eiadny in\u00fd \u0161t\u00fdl. Tento n\u00e1bytok zu\u0161\u013each\u0165uje nezamenite\u013en\u00fd diamantov\u00fd vzor \u010dal\u00fanenia a ozdobn\u00e9 nity. Ka\u017ed\u00fd k\u00fasok pri\u0165ahuje pozornos\u0165, ktor\u00fd na lesk nepotrebuje ve\u013ea dekor\u00e1ci\u00ed! Vhodn\u00e9 bytov\u00e9 doplnky pre kombinovanie interi\u00e9ru s touto lavicou s Chesterfield dizajnom n\u00e1jdete na na\u0161om e-shope v sekcii Bytov\u00e9 doplnky. Kontaktujte n\u00e1s a my v\u00e1m radi pom\u00f4\u017eeme s v\u00fdberom vhodn\u00fdch dekor\u00e1ci\u00ed a n\u00e1bytku do va\u0161ej dom\u00e1cnosti.<\/p>\n<p><b>Rozme<\/b><strong>ry (cca):<\/strong><br \/>\n100 cm x 45 cm x 40 cm (\u0160xVxH)<\/p>\n<p><strong>Materi\u00e1l:<\/strong><br \/>\nPo\u0165ah: \u0161trukt\u00farovan\u00e1 l\u00e1tka (100% polyester)<br \/>\nNohy: mas\u00edvne drevo<\/p>\n<p>Ozdobn\u00e9 pre\u0161\u00edvanie. Ozdobn\u00e9 gomb\u00edky.<br \/>\n\u00dalo\u017en\u00fd priestor vo vn\u00fatri<\/p>\n<p><strong>Farba:<\/strong> b\u00e9\u017eov\u00e1, pr\u00edrodn\u00e1<br \/>\nVidiecky \u0161t\u00fdl, dizajn Chesterfield.<\/p>\n<p>Dodato\u010dn\u00e9 inform\u00e1cie:<\/p>\n<p>V pr\u00edpade z\u00e1ujmu o in\u00e9 lavice, seda\u010dky, le\u0148o\u0161ky, taburetky \u010di pohovky, nav\u0161t\u00edvte sekciu sedenie na <a href=\"https:\/\/www.ikuchyne.sk\/eshop\/kategoria\/sedenie\/\">www.ikuchyne.sk\/eshop<\/a><br \/>\nV pr\u00edpade z\u00e1ujmu o n\u00e1bytok na mieru n\u00e1s kontaktuje na <a href=\"http:\/\/www.ikuchyne.sk\">www.ikuchyne.sk<\/a><\/p>\n","protected":false},"excerpt":{"rendered":"<p>Lavica Castle 100 cm b\u00e9\u017eov\u00e1 V\u0161eobecn\u00fd popis: Elegantn\u00e1 lavica Castle 100 cm b\u00e9\u017eov\u00e1 s ozdobn\u00fdm pre\u0161\u00edvan\u00edm Chesterfield. Pod pohodlne \u010dal\u00fanen\u00fdm sedadlom je \u010fal\u0161\u00ed odkladac\u00ed priestor. Nohy z mas\u00edvneho dreva vytv\u00e1raj\u00fa<\/p>\n","protected":false},"featured_media":150405,"comment_status":"closed","ping_status":"closed","template":"","meta":[],"product_cat":[936,935,772,600,750],"product_tag":[259,261],"yoast_head":"<!-- This site is optimized with the Yoast SEO plugin v22.1 - https:\/\/yoast.com\/wordpress\/plugins\/seo\/ -->\n<title>Lavica Castle 100 cm b\u00e9\u017eov\u00e1 \u00bb &#187; iKuchyne iSHOP s n\u00e1bytkom<\/title>\n<meta name=\"description\" content=\"Lavica Castle 100 cm b\u00e9\u017eov\u00e1 \u00bb - r\u00fdchle dodanie, poradenstvo, n\u00e1bytok skladom v Bratislave s ikuchyne.sk - kuchyne na mieru.\" \/>\n<meta name=\"robots\" content=\"index, follow, max-snippet:-1, max-image-preview:large, max-video-preview:-1\" \/>\n<link rel=\"canonical\" href=\"https:\/\/www.ikuchyne.sk\/eshop\/produkt\/lavica-castle-100-cm-bezova\/\" \/>\n<meta property=\"og:locale\" content=\"sk_SK\" \/>\n<meta property=\"og:type\" content=\"article\" \/>\n<meta property=\"og:title\" content=\"Lavica Castle 100 cm b\u00e9\u017eov\u00e1 \u00bb &#187; iKuchyne iSHOP s n\u00e1bytkom\" \/>\n<meta property=\"og:description\" content=\"Lavica Castle 100 cm b\u00e9\u017eov\u00e1 \u00bb - r\u00fdchle dodanie, poradenstvo, n\u00e1bytok skladom v Bratislave s ikuchyne.sk - kuchyne na mieru.\" \/>\n<meta property=\"og:url\" content=\"https:\/\/www.ikuchyne.sk\/eshop\/produkt\/lavica-castle-100-cm-bezova\/\" \/>\n<meta property=\"og:site_name\" content=\"iKuchyne iSHOP s n\u00e1bytkom\" \/>\n<meta property=\"article:publisher\" content=\"https:\/\/www.facebook.com\/ikuchyne\/\" \/>\n<meta property=\"article:modified_time\" content=\"2024-12-11T15:31:36+00:00\" \/>\n<meta property=\"og:image\" content=\"https:\/\/www.ikuchyne.sk\/eshop\/wp-content\/uploads\/2021\/03\/Lavica-Castle-100cm-b\u00e9\u017eov\u00e1-40408.jpg\" \/>\n\t<meta property=\"og:image:width\" content=\"800\" \/>\n\t<meta property=\"og:image:height\" content=\"533\" \/>\n\t<meta property=\"og:image:type\" content=\"image\/jpeg\" \/>\n<meta name=\"twitter:card\" content=\"summary_large_image\" \/>\n<meta name=\"twitter:label1\" content=\"Predpokladan\u00fd \u010das \u010d\u00edtania\" \/>\n\t<meta name=\"twitter:data1\" content=\"2 min\u00faty\" \/>\n<script type=\"application\/ld+json\" class=\"yoast-schema-graph\">{\"@context\":\"https:\/\/schema.org\",\"@graph\":[{\"@type\":\"WebPage\",\"@id\":\"https:\/\/www.ikuchyne.sk\/eshop\/produkt\/lavica-castle-100-cm-bezova\/\",\"url\":\"https:\/\/www.ikuchyne.sk\/eshop\/produkt\/lavica-castle-100-cm-bezova\/\",\"name\":\"Lavica Castle 100 cm b\u00e9\u017eov\u00e1 \u00bb &#187; iKuchyne iSHOP s n\u00e1bytkom\",\"isPartOf\":{\"@id\":\"https:\/\/www.ikuchyne.sk\/eshop\/#website\"},\"datePublished\":\"2021-03-24T13:47:11+00:00\",\"dateModified\":\"2024-12-11T15:31:36+00:00\",\"description\":\"Lavica Castle 100 cm b\u00e9\u017eov\u00e1 \u00bb - r\u00fdchle dodanie, poradenstvo, n\u00e1bytok skladom v Bratislave s ikuchyne.sk - kuchyne na mieru.\",\"breadcrumb\":{\"@id\":\"https:\/\/www.ikuchyne.sk\/eshop\/produkt\/lavica-castle-100-cm-bezova\/#breadcrumb\"},\"inLanguage\":\"sk-SK\",\"potentialAction\":[{\"@type\":\"ReadAction\",\"target\":[\"https:\/\/www.ikuchyne.sk\/eshop\/produkt\/lavica-castle-100-cm-bezova\/\"]}]},{\"@type\":\"BreadcrumbList\",\"@id\":\"https:\/\/www.ikuchyne.sk\/eshop\/produkt\/lavica-castle-100-cm-bezova\/#breadcrumb\",\"itemListElement\":[{\"@type\":\"ListItem\",\"position\":1,\"name\":\"Home\",\"item\":\"https:\/\/www.ikuchyne.sk\/eshop\/\"},{\"@type\":\"ListItem\",\"position\":2,\"name\":\"Obchod\",\"item\":\"https:\/\/www.ikuchyne.sk\/eshop\/obchod\/\"},{\"@type\":\"ListItem\",\"position\":3,\"name\":\"Lavica Castle 100 cm b\u00e9\u017eov\u00e1 \u00bb\"}]},{\"@type\":\"WebSite\",\"@id\":\"https:\/\/www.ikuchyne.sk\/eshop\/#website\",\"url\":\"https:\/\/www.ikuchyne.sk\/eshop\/\",\"name\":\"iKuchyne iSHOP s n\u00e1bytkom\",\"description\":\"Jed\u00e1lensk\u00e9 stoly, stoli\u010dky, n\u00e1bytok, svietidl\u00e1...\",\"publisher\":{\"@id\":\"https:\/\/www.ikuchyne.sk\/eshop\/#organization\"},\"potentialAction\":[{\"@type\":\"SearchAction\",\"target\":{\"@type\":\"EntryPoint\",\"urlTemplate\":\"https:\/\/www.ikuchyne.sk\/eshop\/?s={search_term_string}\"},\"query-input\":\"required name=search_term_string\"}],\"inLanguage\":\"sk-SK\"},{\"@type\":\"Organization\",\"@id\":\"https:\/\/www.ikuchyne.sk\/eshop\/#organization\",\"name\":\"ikuchyne!\",\"url\":\"https:\/\/www.ikuchyne.sk\/eshop\/\",\"logo\":{\"@type\":\"ImageObject\",\"inLanguage\":\"sk-SK\",\"@id\":\"https:\/\/www.ikuchyne.sk\/eshop\/#\/schema\/logo\/image\/\",\"url\":\"https:\/\/www.ikuchyne.sk\/eshop\/wp-content\/uploads\/2017\/04\/ikuchyne-logo.jpg\",\"contentUrl\":\"https:\/\/www.ikuchyne.sk\/eshop\/wp-content\/uploads\/2017\/04\/ikuchyne-logo.jpg\",\"width\":200,\"height\":48,\"caption\":\"ikuchyne!\"},\"image\":{\"@id\":\"https:\/\/www.ikuchyne.sk\/eshop\/#\/schema\/logo\/image\/\"},\"sameAs\":[\"https:\/\/www.facebook.com\/ikuchyne\/\",\"https:\/\/www.instagram.com\/ikuchyne.sk\/\",\"https:\/\/sk.pinterest.com\/ikuchynesk\/\"]}]}<\/script>\n<!-- \/ Yoast SEO plugin. -->","yoast_head_json":{"title":"Lavica Castle 100 cm b\u00e9\u017eov\u00e1 \u00bb &#187; iKuchyne iSHOP s n\u00e1bytkom","description":"Lavica Castle 100 cm b\u00e9\u017eov\u00e1 \u00bb - r\u00fdchle dodanie, poradenstvo, n\u00e1bytok skladom v Bratislave s ikuchyne.sk - kuchyne na mieru.","robots":{"index":"index","follow":"follow","max-snippet":"max-snippet:-1","max-image-preview":"max-image-preview:large","max-video-preview":"max-video-preview:-1"},"canonical":"https:\/\/www.ikuchyne.sk\/eshop\/produkt\/lavica-castle-100-cm-bezova\/","og_locale":"sk_SK","og_type":"article","og_title":"Lavica Castle 100 cm b\u00e9\u017eov\u00e1 \u00bb &#187; iKuchyne iSHOP s n\u00e1bytkom","og_description":"Lavica Castle 100 cm b\u00e9\u017eov\u00e1 \u00bb - r\u00fdchle dodanie, poradenstvo, n\u00e1bytok skladom v Bratislave s ikuchyne.sk - kuchyne na mieru.","og_url":"https:\/\/www.ikuchyne.sk\/eshop\/produkt\/lavica-castle-100-cm-bezova\/","og_site_name":"iKuchyne iSHOP s n\u00e1bytkom","article_publisher":"https:\/\/www.facebook.com\/ikuchyne\/","article_modified_time":"2024-12-11T15:31:36+00:00","og_image":[{"width":800,"height":533,"url":"https:\/\/www.ikuchyne.sk\/eshop\/wp-content\/uploads\/2021\/03\/Lavica-Castle-100cm-b\u00e9\u017eov\u00e1-40408.jpg","type":"image\/jpeg"}],"twitter_card":"summary_large_image","twitter_misc":{"Predpokladan\u00fd \u010das \u010d\u00edtania":"2 min\u00faty"},"schema":{"@context":"https:\/\/schema.org","@graph":[{"@type":"WebPage","@id":"https:\/\/www.ikuchyne.sk\/eshop\/produkt\/lavica-castle-100-cm-bezova\/","url":"https:\/\/www.ikuchyne.sk\/eshop\/produkt\/lavica-castle-100-cm-bezova\/","name":"Lavica Castle 100 cm b\u00e9\u017eov\u00e1 \u00bb &#187; iKuchyne iSHOP s n\u00e1bytkom","isPartOf":{"@id":"https:\/\/www.ikuchyne.sk\/eshop\/#website"},"datePublished":"2021-03-24T13:47:11+00:00","dateModified":"2024-12-11T15:31:36+00:00","description":"Lavica Castle 100 cm b\u00e9\u017eov\u00e1 \u00bb - r\u00fdchle dodanie, poradenstvo, n\u00e1bytok skladom v Bratislave s ikuchyne.sk - kuchyne na mieru.","breadcrumb":{"@id":"https:\/\/www.ikuchyne.sk\/eshop\/produkt\/lavica-castle-100-cm-bezova\/#breadcrumb"},"inLanguage":"sk-SK","potentialAction":[{"@type":"ReadAction","target":["https:\/\/www.ikuchyne.sk\/eshop\/produkt\/lavica-castle-100-cm-bezova\/"]}]},{"@type":"BreadcrumbList","@id":"https:\/\/www.ikuchyne.sk\/eshop\/produkt\/lavica-castle-100-cm-bezova\/#breadcrumb","itemListElement":[{"@type":"ListItem","position":1,"name":"Home","item":"https:\/\/www.ikuchyne.sk\/eshop\/"},{"@type":"ListItem","position":2,"name":"Obchod","item":"https:\/\/www.ikuchyne.sk\/eshop\/obchod\/"},{"@type":"ListItem","position":3,"name":"Lavica Castle 100 cm b\u00e9\u017eov\u00e1 \u00bb"}]},{"@type":"WebSite","@id":"https:\/\/www.ikuchyne.sk\/eshop\/#website","url":"https:\/\/www.ikuchyne.sk\/eshop\/","name":"iKuchyne iSHOP s n\u00e1bytkom","description":"Jed\u00e1lensk\u00e9 stoly, stoli\u010dky, n\u00e1bytok, svietidl\u00e1...","publisher":{"@id":"https:\/\/www.ikuchyne.sk\/eshop\/#organization"},"potentialAction":[{"@type":"SearchAction","target":{"@type":"EntryPoint","urlTemplate":"https:\/\/www.ikuchyne.sk\/eshop\/?s={search_term_string}"},"query-input":"required name=search_term_string"}],"inLanguage":"sk-SK"},{"@type":"Organization","@id":"https:\/\/www.ikuchyne.sk\/eshop\/#organization","name":"ikuchyne!","url":"https:\/\/www.ikuchyne.sk\/eshop\/","logo":{"@type":"ImageObject","inLanguage":"sk-SK","@id":"https:\/\/www.ikuchyne.sk\/eshop\/#\/schema\/logo\/image\/","url":"https:\/\/www.ikuchyne.sk\/eshop\/wp-content\/uploads\/2017\/04\/ikuchyne-logo.jpg","contentUrl":"https:\/\/www.ikuchyne.sk\/eshop\/wp-content\/uploads\/2017\/04\/ikuchyne-logo.jpg","width":200,"height":48,"caption":"ikuchyne!"},"image":{"@id":"https:\/\/www.ikuchyne.sk\/eshop\/#\/schema\/logo\/image\/"},"sameAs":["https:\/\/www.facebook.com\/ikuchyne\/","https:\/\/www.instagram.com\/ikuchyne.sk\/","https:\/\/sk.pinterest.com\/ikuchynesk\/"]}]}},"_links":{"self":[{"href":"https:\/\/www.ikuchyne.sk\/eshop\/wp-json\/wp\/v2\/product\/150404"}],"collection":[{"href":"https:\/\/www.ikuchyne.sk\/eshop\/wp-json\/wp\/v2\/product"}],"about":[{"href":"https:\/\/www.ikuchyne.sk\/eshop\/wp-json\/wp\/v2\/types\/product"}],"replies":[{"embeddable":true,"href":"https:\/\/www.ikuchyne.sk\/eshop\/wp-json\/wp\/v2\/comments?post=150404"}],"wp:featuredmedia":[{"embeddable":true,"href":"https:\/\/www.ikuchyne.sk\/eshop\/wp-json\/wp\/v2\/media\/150405"}],"wp:attachment":[{"href":"https:\/\/www.ikuchyne.sk\/eshop\/wp-json\/wp\/v2\/media?parent=150404"}],"wp:term":[{"taxonomy":"product_cat","embeddable":true,"href":"https:\/\/www.ikuchyne.sk\/eshop\/wp-json\/wp\/v2\/product_cat?post=150404"},{"taxonomy":"product_tag","embeddable":true,"href":"https:\/\/www.ikuchyne.sk\/eshop\/wp-json\/wp\/v2\/product_tag?post=150404"}],"curies":[{"name":"wp","href":"https:\/\/api.w.org\/{rel}","templated":true}]}}