{"id":151421,"date":"2021-05-04T21:30:19","date_gmt":"2021-05-04T19:30:19","guid":{"rendered":"https:\/\/www.ikuchyne.sk\/eshop\/?post_type=product&#038;p=151421"},"modified":"2021-05-18T06:05:11","modified_gmt":"2021-05-18T04:05:11","slug":"jedalensky-stol-makassar-80cm-kruh-sheesham","status":"publish","type":"product","link":"https:\/\/www.ikuchyne.sk\/eshop\/produkt\/jedalensky-stol-makassar-80cm-kruh-sheesham\/","title":{"rendered":"Jed\u00e1lensk\u00fd st\u00f4l Makassar 80cm kruh sheesham \u00bb"},"content":{"rendered":"<h1>Jed\u00e1lensk\u00fd st\u00f4l Makassar 80cm sheesham kruh \u00bb<\/h1>\n<h4><strong>V\u0161eobecn\u00fd popis:<\/strong><\/h4>\n<p>Kvalitn\u00fd jed\u00e1lensk\u00fd st\u00f4l Makassar 80cm sheesham kruh s gu\u013eatou doskou z sheeshamov\u00e9ho dreva. Neobvykl\u00e9 zrnko dreva pri\u0165ahuje pozornos\u0165. Zauj\u00edmav\u00e9 nohy stola dodavaj\u00fa n\u00e1dych retro \u0161t\u00fdlu. S t\u00fdmto jed\u00e1lensk\u00fdm stolom sa va\u0161a jed\u00e1le\u0148 stane va\u0161ou novou ob\u013e\u00fabenou miestnos\u0165ou!<\/p>\n<p>K\u00fasok pr\u00edrody vo va\u0161ej jed\u00e1lni. V\u00e1\u0161 nov\u00fd jed\u00e1lensk\u00fd st\u00f4l sa stane skuto\u010dn\u00fdm skvostom v\u00e1\u0161ho interi\u00e9ru. Vrcholom je nepochybne ve\u013ek\u00e1 okr\u00fahla doska stola vyroben\u00e1 z mas\u00edvneho sheeshamov\u00e9ho dreva. Vysoko kvalitn\u00e9 drah\u00e9 drevo je na celom svete cenen\u00e9 pre svoje mimoriadne a v\u00fdrazn\u00e9 zrno. V\u00e1\u0161 nov\u00fd jed\u00e1lensk\u00fd st\u00f4l bude individu\u00e1lnym \u0161perkom s jedine\u010dn\u00fdm vzh\u013eadom.<\/p>\n<p>Ke\u010f sa pr\u00edroda stretne s retro \u0161t\u00fdlom. Efektn\u00fd dreven\u00e1 doska jed\u00e1lensk\u00e9ho stola je podopret\u00e1 \u0161tyrmi no\u017ei\u010dkami v trendovom dizajne. Kovov\u00fd r\u00e1m stola dod\u00e1va nezamenite\u013en\u00fd retro vzh\u013ead a tie\u017e zaist\u00ed bezpe\u010dn\u00e9 st\u00e1tie na akomko\u013evek povrchu. Mimochodom, v\u00e1\u0161 nov\u00fd jed\u00e1lensk\u00fd st\u00f4l m\u00f4\u017eete skombinova\u0165 so \u0161irokou \u0161k\u00e1lou stoli\u010diek, l\u00e1mp a pr\u00edborn\u00edkov &#8211; jednoducho nechajte svojej kreativite vo\u013en\u00fd priebeh!<\/p>\n<h4><strong>Detaily produktu:<\/strong><\/h4>\n<p>Preto\u017ee sa jedn\u00e1 o pr\u00edrodn\u00fd produkt, ka\u017ed\u00e1 doska stola je absol\u00fatne jedine\u010dn\u00e1. Nerovnosti, charizmatick\u00e9 uzly, praskliny alebo dokonca rozmerov\u00e9 rozdiely s\u00fa mo\u017en\u00e9 a vytv\u00e1raj\u00fa originalitu a \u010daro mas\u00edvneho dreva. Existuj\u00face trhliny s\u00fa po\u010das v\u00fdrobn\u00e9ho procesu spojen\u00e9 a stabilizovan\u00e9 spojovac\u00edmi kusmi z rovnak\u00e9ho dreva. Preto m\u00f4\u017eu existova\u0165 farebn\u00e9 odch\u00fdlky. \u017diadna z t\u00fdchto skuto\u010dnost\u00ed nie je d\u00f4vodom na reklam\u00e1ciu. Vhodn\u00e9 bytov\u00e9 doplnky pre kombinovanie interi\u00e9ru s t\u00fdmto jed\u00e1lensk\u00fdm stolom n\u00e1jdete na na\u0161om e-shope v sekcii Bytov\u00e9 doplnky. Kontaktujte n\u00e1s a my v\u00e1m radi pom\u00f4\u017eeme s v\u00fdberom vhodn\u00fdch dekor\u00e1ci\u00ed do va\u0161ej dom\u00e1cnosti v akomko\u013evek \u0161t\u00fdle.<\/p>\n<p>Jeho zauj\u00edmav\u00fd vzor prid\u00e1va stolu retro \u0161t\u00fdl.<\/p>\n<p><b>Rozmery<\/b> (cca):<br \/>\n80 cm x 75 cm x 80 cm (\u0160xVxH)<br \/>\nVonkaj\u0161ia hr\u00fabka stola: 50 mm<\/p>\n<p><strong>Materi\u00e1l:<\/strong><br \/>\nDoska stola: mas\u00edvne drevo, sheesham, lakovan\u00e9<br \/>\nR\u00e1m: kov, s pr\u00e1\u0161kovou farbou<\/p>\n<p><strong>Farba:<\/strong> pr\u00edrodn\u00e1, \u010dierna<br \/>\nSheeshamov\u00e9 drevo je zn\u00e1me po celom svete v\u010faka jeho vzru\u0161uj\u00facemu a jedine\u010dn\u00e9mu zrnu.<br \/>\nIndustri\u00e1lny \u0161t\u00fdl<\/p>\n<p>Dodato\u010dn\u00e9 inform\u00e1cie:<\/p>\n<p>V pr\u00edpade z\u00e1ujmu o in\u00e9 jed\u00e1lensk\u00e9 stoly, nav\u0161t\u00edvte sekciu jed\u00e1lensk\u00e9 stoly na <a href=\"https:\/\/www.ikuchyne.sk\/eshop\/kategoria\/jedalenske-stoly\/\">www.ikuchyne.sk\/eshop<\/a><br \/>\nV pr\u00edpade z\u00e1ujmu o n\u00e1bytok na mieru n\u00e1s kontaktuje na <a href=\"http:\/\/www.ikuchyne.sk\">www.ikuchyne.sk<\/a><\/p>\n","protected":false},"excerpt":{"rendered":"<p>Jed\u00e1lensk\u00fd st\u00f4l Makassar 80cm sheesham kruh \u00bb V\u0161eobecn\u00fd popis: Kvalitn\u00fd jed\u00e1lensk\u00fd st\u00f4l Makassar 80cm sheesham kruh s gu\u013eatou doskou z sheeshamov\u00e9ho dreva. Neobvykl\u00e9 zrnko dreva pri\u0165ahuje pozornos\u0165. Zauj\u00edmav\u00e9 nohy stola<\/p>\n","protected":false},"featured_media":151422,"comment_status":"closed","ping_status":"closed","template":"","meta":[],"product_cat":[298,855,847,846,849,772,287],"product_tag":[187,198],"yoast_head":"<!-- This site is optimized with the Yoast SEO plugin v22.1 - https:\/\/yoast.com\/wordpress\/plugins\/seo\/ -->\n<title>Jed\u00e1lensk\u00fd st\u00f4l Makassar 80cm kruh sheesham&#187; iKuchyne iSHOP s n\u00e1bytkom<\/title>\n<meta name=\"description\" content=\"Jed\u00e1lensk\u00fd st\u00f4l Makassar 80cm kruh sheesham \u00bb - r\u00fdchle dodanie, poradenstvo, n\u00e1bytok skladom v Bratislave s ikuchyne.sk - kuchyne na mieru.\" \/>\n<meta name=\"robots\" content=\"index, follow, max-snippet:-1, max-image-preview:large, max-video-preview:-1\" \/>\n<link rel=\"canonical\" href=\"https:\/\/www.ikuchyne.sk\/eshop\/produkt\/jedalensky-stol-makassar-80cm-kruh-sheesham\/\" \/>\n<meta property=\"og:locale\" content=\"sk_SK\" \/>\n<meta property=\"og:type\" content=\"article\" \/>\n<meta property=\"og:title\" content=\"Jed\u00e1lensk\u00fd st\u00f4l Makassar 80cm kruh sheesham&#187; iKuchyne iSHOP s n\u00e1bytkom\" \/>\n<meta property=\"og:description\" content=\"Jed\u00e1lensk\u00fd st\u00f4l Makassar 80cm kruh sheesham \u00bb - r\u00fdchle dodanie, poradenstvo, n\u00e1bytok skladom v Bratislave s ikuchyne.sk - kuchyne na mieru.\" \/>\n<meta property=\"og:url\" content=\"https:\/\/www.ikuchyne.sk\/eshop\/produkt\/jedalensky-stol-makassar-80cm-kruh-sheesham\/\" \/>\n<meta property=\"og:site_name\" content=\"iKuchyne iSHOP s n\u00e1bytkom\" \/>\n<meta property=\"article:publisher\" content=\"https:\/\/www.facebook.com\/ikuchyne\/\" \/>\n<meta property=\"article:modified_time\" content=\"2021-05-18T04:05:11+00:00\" \/>\n<meta property=\"og:image\" content=\"https:\/\/www.ikuchyne.sk\/eshop\/wp-content\/uploads\/2021\/04\/Jed\u00e1lensk\u00fd-st\u00f4l-Makassar-80cm-rund-sheesham-40781.jpg\" \/>\n\t<meta property=\"og:image:width\" content=\"800\" \/>\n\t<meta property=\"og:image:height\" content=\"533\" \/>\n\t<meta property=\"og:image:type\" content=\"image\/jpeg\" \/>\n<meta name=\"twitter:card\" content=\"summary_large_image\" \/>\n<meta name=\"twitter:label1\" content=\"Predpokladan\u00fd \u010das \u010d\u00edtania\" \/>\n\t<meta name=\"twitter:data1\" content=\"2 min\u00faty\" \/>\n<script type=\"application\/ld+json\" class=\"yoast-schema-graph\">{\"@context\":\"https:\/\/schema.org\",\"@graph\":[{\"@type\":\"WebPage\",\"@id\":\"https:\/\/www.ikuchyne.sk\/eshop\/produkt\/jedalensky-stol-makassar-80cm-kruh-sheesham\/\",\"url\":\"https:\/\/www.ikuchyne.sk\/eshop\/produkt\/jedalensky-stol-makassar-80cm-kruh-sheesham\/\",\"name\":\"Jed\u00e1lensk\u00fd st\u00f4l Makassar 80cm kruh sheesham&#187; iKuchyne iSHOP s n\u00e1bytkom\",\"isPartOf\":{\"@id\":\"https:\/\/www.ikuchyne.sk\/eshop\/#website\"},\"datePublished\":\"2021-05-04T19:30:19+00:00\",\"dateModified\":\"2021-05-18T04:05:11+00:00\",\"description\":\"Jed\u00e1lensk\u00fd st\u00f4l Makassar 80cm kruh sheesham \u00bb - r\u00fdchle dodanie, poradenstvo, n\u00e1bytok skladom v Bratislave s ikuchyne.sk - kuchyne na mieru.\",\"breadcrumb\":{\"@id\":\"https:\/\/www.ikuchyne.sk\/eshop\/produkt\/jedalensky-stol-makassar-80cm-kruh-sheesham\/#breadcrumb\"},\"inLanguage\":\"sk-SK\",\"potentialAction\":[{\"@type\":\"ReadAction\",\"target\":[\"https:\/\/www.ikuchyne.sk\/eshop\/produkt\/jedalensky-stol-makassar-80cm-kruh-sheesham\/\"]}]},{\"@type\":\"BreadcrumbList\",\"@id\":\"https:\/\/www.ikuchyne.sk\/eshop\/produkt\/jedalensky-stol-makassar-80cm-kruh-sheesham\/#breadcrumb\",\"itemListElement\":[{\"@type\":\"ListItem\",\"position\":1,\"name\":\"Home\",\"item\":\"https:\/\/www.ikuchyne.sk\/eshop\/\"},{\"@type\":\"ListItem\",\"position\":2,\"name\":\"Obchod\",\"item\":\"https:\/\/www.ikuchyne.sk\/eshop\/obchod\/\"},{\"@type\":\"ListItem\",\"position\":3,\"name\":\"Jed\u00e1lensk\u00fd st\u00f4l Makassar 80cm kruh sheesham \u00bb\"}]},{\"@type\":\"WebSite\",\"@id\":\"https:\/\/www.ikuchyne.sk\/eshop\/#website\",\"url\":\"https:\/\/www.ikuchyne.sk\/eshop\/\",\"name\":\"iKuchyne iSHOP s n\u00e1bytkom\",\"description\":\"Jed\u00e1lensk\u00e9 stoly, stoli\u010dky, n\u00e1bytok, svietidl\u00e1...\",\"publisher\":{\"@id\":\"https:\/\/www.ikuchyne.sk\/eshop\/#organization\"},\"potentialAction\":[{\"@type\":\"SearchAction\",\"target\":{\"@type\":\"EntryPoint\",\"urlTemplate\":\"https:\/\/www.ikuchyne.sk\/eshop\/?s={search_term_string}\"},\"query-input\":\"required name=search_term_string\"}],\"inLanguage\":\"sk-SK\"},{\"@type\":\"Organization\",\"@id\":\"https:\/\/www.ikuchyne.sk\/eshop\/#organization\",\"name\":\"ikuchyne!\",\"url\":\"https:\/\/www.ikuchyne.sk\/eshop\/\",\"logo\":{\"@type\":\"ImageObject\",\"inLanguage\":\"sk-SK\",\"@id\":\"https:\/\/www.ikuchyne.sk\/eshop\/#\/schema\/logo\/image\/\",\"url\":\"https:\/\/www.ikuchyne.sk\/eshop\/wp-content\/uploads\/2017\/04\/ikuchyne-logo.jpg\",\"contentUrl\":\"https:\/\/www.ikuchyne.sk\/eshop\/wp-content\/uploads\/2017\/04\/ikuchyne-logo.jpg\",\"width\":200,\"height\":48,\"caption\":\"ikuchyne!\"},\"image\":{\"@id\":\"https:\/\/www.ikuchyne.sk\/eshop\/#\/schema\/logo\/image\/\"},\"sameAs\":[\"https:\/\/www.facebook.com\/ikuchyne\/\",\"https:\/\/www.instagram.com\/ikuchyne.sk\/\",\"https:\/\/sk.pinterest.com\/ikuchynesk\/\"]}]}<\/script>\n<!-- \/ Yoast SEO plugin. -->","yoast_head_json":{"title":"Jed\u00e1lensk\u00fd st\u00f4l Makassar 80cm kruh sheesham&#187; iKuchyne iSHOP s n\u00e1bytkom","description":"Jed\u00e1lensk\u00fd st\u00f4l Makassar 80cm kruh sheesham \u00bb - r\u00fdchle dodanie, poradenstvo, n\u00e1bytok skladom v Bratislave s ikuchyne.sk - kuchyne na mieru.","robots":{"index":"index","follow":"follow","max-snippet":"max-snippet:-1","max-image-preview":"max-image-preview:large","max-video-preview":"max-video-preview:-1"},"canonical":"https:\/\/www.ikuchyne.sk\/eshop\/produkt\/jedalensky-stol-makassar-80cm-kruh-sheesham\/","og_locale":"sk_SK","og_type":"article","og_title":"Jed\u00e1lensk\u00fd st\u00f4l Makassar 80cm kruh sheesham&#187; iKuchyne iSHOP s n\u00e1bytkom","og_description":"Jed\u00e1lensk\u00fd st\u00f4l Makassar 80cm kruh sheesham \u00bb - r\u00fdchle dodanie, poradenstvo, n\u00e1bytok skladom v Bratislave s ikuchyne.sk - kuchyne na mieru.","og_url":"https:\/\/www.ikuchyne.sk\/eshop\/produkt\/jedalensky-stol-makassar-80cm-kruh-sheesham\/","og_site_name":"iKuchyne iSHOP s n\u00e1bytkom","article_publisher":"https:\/\/www.facebook.com\/ikuchyne\/","article_modified_time":"2021-05-18T04:05:11+00:00","og_image":[{"width":800,"height":533,"url":"https:\/\/www.ikuchyne.sk\/eshop\/wp-content\/uploads\/2021\/04\/Jed\u00e1lensk\u00fd-st\u00f4l-Makassar-80cm-rund-sheesham-40781.jpg","type":"image\/jpeg"}],"twitter_card":"summary_large_image","twitter_misc":{"Predpokladan\u00fd \u010das \u010d\u00edtania":"2 min\u00faty"},"schema":{"@context":"https:\/\/schema.org","@graph":[{"@type":"WebPage","@id":"https:\/\/www.ikuchyne.sk\/eshop\/produkt\/jedalensky-stol-makassar-80cm-kruh-sheesham\/","url":"https:\/\/www.ikuchyne.sk\/eshop\/produkt\/jedalensky-stol-makassar-80cm-kruh-sheesham\/","name":"Jed\u00e1lensk\u00fd st\u00f4l Makassar 80cm kruh sheesham&#187; iKuchyne iSHOP s n\u00e1bytkom","isPartOf":{"@id":"https:\/\/www.ikuchyne.sk\/eshop\/#website"},"datePublished":"2021-05-04T19:30:19+00:00","dateModified":"2021-05-18T04:05:11+00:00","description":"Jed\u00e1lensk\u00fd st\u00f4l Makassar 80cm kruh sheesham \u00bb - r\u00fdchle dodanie, poradenstvo, n\u00e1bytok skladom v Bratislave s ikuchyne.sk - kuchyne na mieru.","breadcrumb":{"@id":"https:\/\/www.ikuchyne.sk\/eshop\/produkt\/jedalensky-stol-makassar-80cm-kruh-sheesham\/#breadcrumb"},"inLanguage":"sk-SK","potentialAction":[{"@type":"ReadAction","target":["https:\/\/www.ikuchyne.sk\/eshop\/produkt\/jedalensky-stol-makassar-80cm-kruh-sheesham\/"]}]},{"@type":"BreadcrumbList","@id":"https:\/\/www.ikuchyne.sk\/eshop\/produkt\/jedalensky-stol-makassar-80cm-kruh-sheesham\/#breadcrumb","itemListElement":[{"@type":"ListItem","position":1,"name":"Home","item":"https:\/\/www.ikuchyne.sk\/eshop\/"},{"@type":"ListItem","position":2,"name":"Obchod","item":"https:\/\/www.ikuchyne.sk\/eshop\/obchod\/"},{"@type":"ListItem","position":3,"name":"Jed\u00e1lensk\u00fd st\u00f4l Makassar 80cm kruh sheesham \u00bb"}]},{"@type":"WebSite","@id":"https:\/\/www.ikuchyne.sk\/eshop\/#website","url":"https:\/\/www.ikuchyne.sk\/eshop\/","name":"iKuchyne iSHOP s n\u00e1bytkom","description":"Jed\u00e1lensk\u00e9 stoly, stoli\u010dky, n\u00e1bytok, svietidl\u00e1...","publisher":{"@id":"https:\/\/www.ikuchyne.sk\/eshop\/#organization"},"potentialAction":[{"@type":"SearchAction","target":{"@type":"EntryPoint","urlTemplate":"https:\/\/www.ikuchyne.sk\/eshop\/?s={search_term_string}"},"query-input":"required name=search_term_string"}],"inLanguage":"sk-SK"},{"@type":"Organization","@id":"https:\/\/www.ikuchyne.sk\/eshop\/#organization","name":"ikuchyne!","url":"https:\/\/www.ikuchyne.sk\/eshop\/","logo":{"@type":"ImageObject","inLanguage":"sk-SK","@id":"https:\/\/www.ikuchyne.sk\/eshop\/#\/schema\/logo\/image\/","url":"https:\/\/www.ikuchyne.sk\/eshop\/wp-content\/uploads\/2017\/04\/ikuchyne-logo.jpg","contentUrl":"https:\/\/www.ikuchyne.sk\/eshop\/wp-content\/uploads\/2017\/04\/ikuchyne-logo.jpg","width":200,"height":48,"caption":"ikuchyne!"},"image":{"@id":"https:\/\/www.ikuchyne.sk\/eshop\/#\/schema\/logo\/image\/"},"sameAs":["https:\/\/www.facebook.com\/ikuchyne\/","https:\/\/www.instagram.com\/ikuchyne.sk\/","https:\/\/sk.pinterest.com\/ikuchynesk\/"]}]}},"_links":{"self":[{"href":"https:\/\/www.ikuchyne.sk\/eshop\/wp-json\/wp\/v2\/product\/151421"}],"collection":[{"href":"https:\/\/www.ikuchyne.sk\/eshop\/wp-json\/wp\/v2\/product"}],"about":[{"href":"https:\/\/www.ikuchyne.sk\/eshop\/wp-json\/wp\/v2\/types\/product"}],"replies":[{"embeddable":true,"href":"https:\/\/www.ikuchyne.sk\/eshop\/wp-json\/wp\/v2\/comments?post=151421"}],"wp:featuredmedia":[{"embeddable":true,"href":"https:\/\/www.ikuchyne.sk\/eshop\/wp-json\/wp\/v2\/media\/151422"}],"wp:attachment":[{"href":"https:\/\/www.ikuchyne.sk\/eshop\/wp-json\/wp\/v2\/media?parent=151421"}],"wp:term":[{"taxonomy":"product_cat","embeddable":true,"href":"https:\/\/www.ikuchyne.sk\/eshop\/wp-json\/wp\/v2\/product_cat?post=151421"},{"taxonomy":"product_tag","embeddable":true,"href":"https:\/\/www.ikuchyne.sk\/eshop\/wp-json\/wp\/v2\/product_tag?post=151421"}],"curies":[{"name":"wp","href":"https:\/\/api.w.org\/{rel}","templated":true}]}}