{"id":152317,"date":"2021-05-19T00:02:40","date_gmt":"2021-05-18T22:02:40","guid":{"rendered":"https:\/\/www.ikuchyne.sk\/eshop\/?post_type=product&#038;p=152317"},"modified":"2021-06-22T06:24:13","modified_gmt":"2021-06-22T04:24:13","slug":"jedalensky-stol-eternity-ii-180-225cm-lava-keramika","status":"publish","type":"product","link":"https:\/\/www.ikuchyne.sk\/eshop\/produkt\/jedalensky-stol-eternity-ii-180-225cm-lava-keramika\/","title":{"rendered":"Jed\u00e1lensk\u00fd st\u00f4l Eternity II 180-225cm l\u00e1va keramika \u00bb"},"content":{"rendered":"<h1>Jed\u00e1lensk\u00fd st\u00f4l Eternity II 180-225cm l\u00e1va \u00bb<\/h1>\n<h4><strong>V\u0161eobecn\u00fd popis:<\/strong><\/h4>\n<p>Roz\u0165ahovac\u00ed jed\u00e1lensk\u00fd st\u00f4l Eternity II 180-225cm l\u00e1va s talianskou keramickou doskou v preveden\u00ed l\u00e1va. Zas\u00favacia doska v strede dosky stola sa vysunie \u00faplne automaticky. Z\u00edskajte tento modern\u00fd jed\u00e1lensk\u00fd st\u00f4l vo svojom dome u\u017e teraz! Zauj\u00edmavo rie\u0161en\u00fd dizajn n\u00f4h stola pri\u0165ahuj\u00faci poh\u013ead a pripom\u00ednaj\u00faci hviezdu. Ve\u013ek\u00fd st\u00f4l je mo\u017en\u00e9 pou\u017ei\u0165 aj ako modern\u00fd konferen\u010dn\u00fd st\u00f4l do va\u0161ej kancel\u00e1rie!<\/p>\n<p>St\u00f4l zaujme expres\u00edvnym dizajnom. Ak m\u00e1te radi neobvykl\u00e9 a netradi\u010dn\u00e9 veci, tento jed\u00e1lensk\u00fd st\u00f4l sa stane va\u0161im nov\u00fdm ob\u013e\u00faben\u00fdm k\u00faskom. Jed\u00e1lensk\u00fd st\u00f4l Eternity m\u00e1 ve\u013ek\u00fa dosku z vysoko kvalitnej talianskej keramiky, ktor\u00e1 je odoln\u00e1 proti po\u0161kodeniu. Povrch stolovej dosky je mierne zdrsnen\u00fd, aby sa dosiahol elegantn\u00fd vzh\u013ead a dojem. Impozantn\u00e9 prekr\u00ed\u017een\u00e9 nohy stola v robustnom industri\u00e1lnom vzh\u013eade vytv\u00e1raj\u00fa s takmer filigr\u00e1novou keramickou doskou \u0161ikovn\u00fd zlom v \u0161t\u00fdle.<\/p>\n<p>Jed\u00e1lensk\u00fd st\u00f4l je mo\u017en\u00e9 \u013eahko pred\u013a\u017ei\u0165. \u0160peci\u00e1lnym znakom stola je v\u00fdsuvn\u00e1 doska v strede dosky stola. St\u00f4l m\u00f4\u017eete variabilne pred\u013a\u017ei\u0165 z d\u013a\u017eky 180 cm na 225 cm jednoduch\u00fdm potiahnut\u00edm vrchnej \u010dasti od seba &#8211; vys\u00favacia doska sa vysunie automaticky. Ve\u013ek\u00e9 rodinn\u00e9 stretnutia alebo ve\u010dere so v\u0161etk\u00fdmi va\u0161imi priate\u013emi u\u017e nie s\u00fa probl\u00e9mom. Ak u\u017e nepotrebujete \u010fal\u0161\u00ed priestor, jednoducho dosky op\u00e4\u0165 od seba odtiahnete a n\u00e1stavec sa automaticky zasunie.<\/p>\n<h4><strong>Detaily produktu:<\/strong><\/h4>\n<p>Stolov\u00e1 doska sa d\u00e1 variabilne zv\u00e4\u010d\u0161i\u0165 v\u010faka v\u00fdsuvnej roz\u0161iruj\u00facej doske. U\u0161\u013eachtil\u00e1 talianska keramika bola nanesen\u00e1 na tabu\u013eu z bezpe\u010dnostn\u00e9ho skla. Mnoho z na\u0161ich stolov sa d\u00e1 \u013eahko roz\u0161\u00edri\u0165, aby sa poskytlo viac miesta pri jed\u00e1lenskom alebo konferen\u010dnom stole. Inteligentn\u00fd dizajn sp\u013a\u0148a najvy\u0161\u0161iu \u00farove\u0148 funk\u010dnosti. \u010ci u\u017e je to ve\u013ek\u00e1 rodinn\u00e1 ve\u010dera alebo d\u00f4le\u017eit\u00e9 stretnutie so v\u0161etk\u00fdmi kolegami: tieto stoly to umo\u017e\u0148uj\u00fa.<\/p>\n<p><b>Rozmery<\/b> (cca): 180-220-260cm x 76cm x 100cm (\u0160xVxH)<br \/>\n<strong>Hr\u00fabka dosky stola:<\/strong> 14mm<br \/>\n<b>Farba:<\/b> siv\u00e1, \u010dierna, imit\u00e1cia l\u00e1vy<br \/>\n<b>Materi\u00e1l:<\/b> keramick\u00e1 doska stola, kalen\u00e9 sklo<\/p>\n<p>Jed\u00e1lensk\u00fd st\u00f4l m\u00e1 a\u017e tri stupne roz\u0161\u00edrenia.<\/p>\n<p>Dodato\u010dn\u00e9 inform\u00e1cie:<\/p>\n<p>V pr\u00edpade z\u00e1ujmu o in\u00e9 jed\u00e1lensk\u00e9 stoly, nav\u0161t\u00edvte sekciu jed\u00e1lensk\u00e9 stoly na <a href=\"https:\/\/www.ikuchyne.sk\/eshop\/kategoria\/jedalenske-stoly\/\">www.ikuchyne.sk\/eshop<\/a><br \/>\nV pr\u00edpade z\u00e1ujmu o n\u00e1bytok na mieru n\u00e1s kontaktuje na <a href=\"http:\/\/www.ikuchyne.sk\">www.ikuchyne.sk<\/a><\/p>\n","protected":false},"excerpt":{"rendered":"<p>Jed\u00e1lensk\u00fd st\u00f4l Eternity II 180-225cm l\u00e1va \u00bb V\u0161eobecn\u00fd popis: Roz\u0165ahovac\u00ed jed\u00e1lensk\u00fd st\u00f4l Eternity II 180-225cm l\u00e1va s talianskou keramickou doskou v preveden\u00ed l\u00e1va. Zas\u00favacia doska v strede dosky stola sa<\/p>\n","protected":false},"featured_media":152318,"comment_status":"closed","ping_status":"closed","template":"","meta":[],"product_cat":[298,855,857,847,772,287],"product_tag":[187,1075,464],"yoast_head":"<!-- This site is optimized with the Yoast SEO plugin v22.1 - https:\/\/yoast.com\/wordpress\/plugins\/seo\/ -->\n<title>Jed\u00e1lensk\u00fd st\u00f4l Eternity II 180-225cm l\u00e1va &#187; iKuchyne iSHOP s n\u00e1bytkom<\/title>\n<meta name=\"description\" content=\"Jed\u00e1lensk\u00fd st\u00f4l Eternity II 180-225cm l\u00e1va - r\u00fdchle dodanie, poradenstvo, n\u00e1bytok skladom v Bratislave s ikuchyne.sk - kuchyne na mieru.\" \/>\n<meta name=\"robots\" content=\"index, follow, max-snippet:-1, max-image-preview:large, max-video-preview:-1\" \/>\n<link rel=\"canonical\" href=\"https:\/\/www.ikuchyne.sk\/eshop\/produkt\/jedalensky-stol-eternity-ii-180-225cm-lava-keramika\/\" \/>\n<meta property=\"og:locale\" content=\"sk_SK\" \/>\n<meta property=\"og:type\" content=\"article\" \/>\n<meta property=\"og:title\" content=\"Jed\u00e1lensk\u00fd st\u00f4l Eternity II 180-225cm l\u00e1va &#187; iKuchyne iSHOP s n\u00e1bytkom\" \/>\n<meta property=\"og:description\" content=\"Jed\u00e1lensk\u00fd st\u00f4l Eternity II 180-225cm l\u00e1va - r\u00fdchle dodanie, poradenstvo, n\u00e1bytok skladom v Bratislave s ikuchyne.sk - kuchyne na mieru.\" \/>\n<meta property=\"og:url\" content=\"https:\/\/www.ikuchyne.sk\/eshop\/produkt\/jedalensky-stol-eternity-ii-180-225cm-lava-keramika\/\" \/>\n<meta property=\"og:site_name\" content=\"iKuchyne iSHOP s n\u00e1bytkom\" \/>\n<meta property=\"article:publisher\" content=\"https:\/\/www.facebook.com\/ikuchyne\/\" \/>\n<meta property=\"article:modified_time\" content=\"2021-06-22T04:24:13+00:00\" \/>\n<meta property=\"og:image\" content=\"https:\/\/www.ikuchyne.sk\/eshop\/wp-content\/uploads\/2021\/05\/Jed\u00e1lensk\u00fd-st\u00f4l-Eternity-II-180-225cm-Lava-keramika-41090.jpg\" \/>\n\t<meta property=\"og:image:width\" content=\"800\" \/>\n\t<meta property=\"og:image:height\" content=\"533\" \/>\n\t<meta property=\"og:image:type\" content=\"image\/jpeg\" \/>\n<meta name=\"twitter:card\" content=\"summary_large_image\" \/>\n<meta name=\"twitter:label1\" content=\"Predpokladan\u00fd \u010das \u010d\u00edtania\" \/>\n\t<meta name=\"twitter:data1\" content=\"2 min\u00faty\" \/>\n<script type=\"application\/ld+json\" class=\"yoast-schema-graph\">{\"@context\":\"https:\/\/schema.org\",\"@graph\":[{\"@type\":\"WebPage\",\"@id\":\"https:\/\/www.ikuchyne.sk\/eshop\/produkt\/jedalensky-stol-eternity-ii-180-225cm-lava-keramika\/\",\"url\":\"https:\/\/www.ikuchyne.sk\/eshop\/produkt\/jedalensky-stol-eternity-ii-180-225cm-lava-keramika\/\",\"name\":\"Jed\u00e1lensk\u00fd st\u00f4l Eternity II 180-225cm l\u00e1va &#187; iKuchyne iSHOP s n\u00e1bytkom\",\"isPartOf\":{\"@id\":\"https:\/\/www.ikuchyne.sk\/eshop\/#website\"},\"datePublished\":\"2021-05-18T22:02:40+00:00\",\"dateModified\":\"2021-06-22T04:24:13+00:00\",\"description\":\"Jed\u00e1lensk\u00fd st\u00f4l Eternity II 180-225cm l\u00e1va - r\u00fdchle dodanie, poradenstvo, n\u00e1bytok skladom v Bratislave s ikuchyne.sk - kuchyne na mieru.\",\"breadcrumb\":{\"@id\":\"https:\/\/www.ikuchyne.sk\/eshop\/produkt\/jedalensky-stol-eternity-ii-180-225cm-lava-keramika\/#breadcrumb\"},\"inLanguage\":\"sk-SK\",\"potentialAction\":[{\"@type\":\"ReadAction\",\"target\":[\"https:\/\/www.ikuchyne.sk\/eshop\/produkt\/jedalensky-stol-eternity-ii-180-225cm-lava-keramika\/\"]}]},{\"@type\":\"BreadcrumbList\",\"@id\":\"https:\/\/www.ikuchyne.sk\/eshop\/produkt\/jedalensky-stol-eternity-ii-180-225cm-lava-keramika\/#breadcrumb\",\"itemListElement\":[{\"@type\":\"ListItem\",\"position\":1,\"name\":\"Home\",\"item\":\"https:\/\/www.ikuchyne.sk\/eshop\/\"},{\"@type\":\"ListItem\",\"position\":2,\"name\":\"Obchod\",\"item\":\"https:\/\/www.ikuchyne.sk\/eshop\/obchod\/\"},{\"@type\":\"ListItem\",\"position\":3,\"name\":\"Jed\u00e1lensk\u00fd st\u00f4l Eternity II 180-225cm l\u00e1va keramika \u00bb\"}]},{\"@type\":\"WebSite\",\"@id\":\"https:\/\/www.ikuchyne.sk\/eshop\/#website\",\"url\":\"https:\/\/www.ikuchyne.sk\/eshop\/\",\"name\":\"iKuchyne iSHOP s n\u00e1bytkom\",\"description\":\"Jed\u00e1lensk\u00e9 stoly, stoli\u010dky, n\u00e1bytok, svietidl\u00e1...\",\"publisher\":{\"@id\":\"https:\/\/www.ikuchyne.sk\/eshop\/#organization\"},\"potentialAction\":[{\"@type\":\"SearchAction\",\"target\":{\"@type\":\"EntryPoint\",\"urlTemplate\":\"https:\/\/www.ikuchyne.sk\/eshop\/?s={search_term_string}\"},\"query-input\":\"required name=search_term_string\"}],\"inLanguage\":\"sk-SK\"},{\"@type\":\"Organization\",\"@id\":\"https:\/\/www.ikuchyne.sk\/eshop\/#organization\",\"name\":\"ikuchyne!\",\"url\":\"https:\/\/www.ikuchyne.sk\/eshop\/\",\"logo\":{\"@type\":\"ImageObject\",\"inLanguage\":\"sk-SK\",\"@id\":\"https:\/\/www.ikuchyne.sk\/eshop\/#\/schema\/logo\/image\/\",\"url\":\"https:\/\/www.ikuchyne.sk\/eshop\/wp-content\/uploads\/2017\/04\/ikuchyne-logo.jpg\",\"contentUrl\":\"https:\/\/www.ikuchyne.sk\/eshop\/wp-content\/uploads\/2017\/04\/ikuchyne-logo.jpg\",\"width\":200,\"height\":48,\"caption\":\"ikuchyne!\"},\"image\":{\"@id\":\"https:\/\/www.ikuchyne.sk\/eshop\/#\/schema\/logo\/image\/\"},\"sameAs\":[\"https:\/\/www.facebook.com\/ikuchyne\/\",\"https:\/\/www.instagram.com\/ikuchyne.sk\/\",\"https:\/\/sk.pinterest.com\/ikuchynesk\/\"]}]}<\/script>\n<!-- \/ Yoast SEO plugin. -->","yoast_head_json":{"title":"Jed\u00e1lensk\u00fd st\u00f4l Eternity II 180-225cm l\u00e1va &#187; iKuchyne iSHOP s n\u00e1bytkom","description":"Jed\u00e1lensk\u00fd st\u00f4l Eternity II 180-225cm l\u00e1va - r\u00fdchle dodanie, poradenstvo, n\u00e1bytok skladom v Bratislave s ikuchyne.sk - kuchyne na mieru.","robots":{"index":"index","follow":"follow","max-snippet":"max-snippet:-1","max-image-preview":"max-image-preview:large","max-video-preview":"max-video-preview:-1"},"canonical":"https:\/\/www.ikuchyne.sk\/eshop\/produkt\/jedalensky-stol-eternity-ii-180-225cm-lava-keramika\/","og_locale":"sk_SK","og_type":"article","og_title":"Jed\u00e1lensk\u00fd st\u00f4l Eternity II 180-225cm l\u00e1va &#187; iKuchyne iSHOP s n\u00e1bytkom","og_description":"Jed\u00e1lensk\u00fd st\u00f4l Eternity II 180-225cm l\u00e1va - r\u00fdchle dodanie, poradenstvo, n\u00e1bytok skladom v Bratislave s ikuchyne.sk - kuchyne na mieru.","og_url":"https:\/\/www.ikuchyne.sk\/eshop\/produkt\/jedalensky-stol-eternity-ii-180-225cm-lava-keramika\/","og_site_name":"iKuchyne iSHOP s n\u00e1bytkom","article_publisher":"https:\/\/www.facebook.com\/ikuchyne\/","article_modified_time":"2021-06-22T04:24:13+00:00","og_image":[{"width":800,"height":533,"url":"https:\/\/www.ikuchyne.sk\/eshop\/wp-content\/uploads\/2021\/05\/Jed\u00e1lensk\u00fd-st\u00f4l-Eternity-II-180-225cm-Lava-keramika-41090.jpg","type":"image\/jpeg"}],"twitter_card":"summary_large_image","twitter_misc":{"Predpokladan\u00fd \u010das \u010d\u00edtania":"2 min\u00faty"},"schema":{"@context":"https:\/\/schema.org","@graph":[{"@type":"WebPage","@id":"https:\/\/www.ikuchyne.sk\/eshop\/produkt\/jedalensky-stol-eternity-ii-180-225cm-lava-keramika\/","url":"https:\/\/www.ikuchyne.sk\/eshop\/produkt\/jedalensky-stol-eternity-ii-180-225cm-lava-keramika\/","name":"Jed\u00e1lensk\u00fd st\u00f4l Eternity II 180-225cm l\u00e1va &#187; iKuchyne iSHOP s n\u00e1bytkom","isPartOf":{"@id":"https:\/\/www.ikuchyne.sk\/eshop\/#website"},"datePublished":"2021-05-18T22:02:40+00:00","dateModified":"2021-06-22T04:24:13+00:00","description":"Jed\u00e1lensk\u00fd st\u00f4l Eternity II 180-225cm l\u00e1va - r\u00fdchle dodanie, poradenstvo, n\u00e1bytok skladom v Bratislave s ikuchyne.sk - kuchyne na mieru.","breadcrumb":{"@id":"https:\/\/www.ikuchyne.sk\/eshop\/produkt\/jedalensky-stol-eternity-ii-180-225cm-lava-keramika\/#breadcrumb"},"inLanguage":"sk-SK","potentialAction":[{"@type":"ReadAction","target":["https:\/\/www.ikuchyne.sk\/eshop\/produkt\/jedalensky-stol-eternity-ii-180-225cm-lava-keramika\/"]}]},{"@type":"BreadcrumbList","@id":"https:\/\/www.ikuchyne.sk\/eshop\/produkt\/jedalensky-stol-eternity-ii-180-225cm-lava-keramika\/#breadcrumb","itemListElement":[{"@type":"ListItem","position":1,"name":"Home","item":"https:\/\/www.ikuchyne.sk\/eshop\/"},{"@type":"ListItem","position":2,"name":"Obchod","item":"https:\/\/www.ikuchyne.sk\/eshop\/obchod\/"},{"@type":"ListItem","position":3,"name":"Jed\u00e1lensk\u00fd st\u00f4l Eternity II 180-225cm l\u00e1va keramika \u00bb"}]},{"@type":"WebSite","@id":"https:\/\/www.ikuchyne.sk\/eshop\/#website","url":"https:\/\/www.ikuchyne.sk\/eshop\/","name":"iKuchyne iSHOP s n\u00e1bytkom","description":"Jed\u00e1lensk\u00e9 stoly, stoli\u010dky, n\u00e1bytok, svietidl\u00e1...","publisher":{"@id":"https:\/\/www.ikuchyne.sk\/eshop\/#organization"},"potentialAction":[{"@type":"SearchAction","target":{"@type":"EntryPoint","urlTemplate":"https:\/\/www.ikuchyne.sk\/eshop\/?s={search_term_string}"},"query-input":"required name=search_term_string"}],"inLanguage":"sk-SK"},{"@type":"Organization","@id":"https:\/\/www.ikuchyne.sk\/eshop\/#organization","name":"ikuchyne!","url":"https:\/\/www.ikuchyne.sk\/eshop\/","logo":{"@type":"ImageObject","inLanguage":"sk-SK","@id":"https:\/\/www.ikuchyne.sk\/eshop\/#\/schema\/logo\/image\/","url":"https:\/\/www.ikuchyne.sk\/eshop\/wp-content\/uploads\/2017\/04\/ikuchyne-logo.jpg","contentUrl":"https:\/\/www.ikuchyne.sk\/eshop\/wp-content\/uploads\/2017\/04\/ikuchyne-logo.jpg","width":200,"height":48,"caption":"ikuchyne!"},"image":{"@id":"https:\/\/www.ikuchyne.sk\/eshop\/#\/schema\/logo\/image\/"},"sameAs":["https:\/\/www.facebook.com\/ikuchyne\/","https:\/\/www.instagram.com\/ikuchyne.sk\/","https:\/\/sk.pinterest.com\/ikuchynesk\/"]}]}},"_links":{"self":[{"href":"https:\/\/www.ikuchyne.sk\/eshop\/wp-json\/wp\/v2\/product\/152317"}],"collection":[{"href":"https:\/\/www.ikuchyne.sk\/eshop\/wp-json\/wp\/v2\/product"}],"about":[{"href":"https:\/\/www.ikuchyne.sk\/eshop\/wp-json\/wp\/v2\/types\/product"}],"replies":[{"embeddable":true,"href":"https:\/\/www.ikuchyne.sk\/eshop\/wp-json\/wp\/v2\/comments?post=152317"}],"wp:featuredmedia":[{"embeddable":true,"href":"https:\/\/www.ikuchyne.sk\/eshop\/wp-json\/wp\/v2\/media\/152318"}],"wp:attachment":[{"href":"https:\/\/www.ikuchyne.sk\/eshop\/wp-json\/wp\/v2\/media?parent=152317"}],"wp:term":[{"taxonomy":"product_cat","embeddable":true,"href":"https:\/\/www.ikuchyne.sk\/eshop\/wp-json\/wp\/v2\/product_cat?post=152317"},{"taxonomy":"product_tag","embeddable":true,"href":"https:\/\/www.ikuchyne.sk\/eshop\/wp-json\/wp\/v2\/product_tag?post=152317"}],"curies":[{"name":"wp","href":"https:\/\/api.w.org\/{rel}","templated":true}]}}