{"id":154424,"date":"2021-09-27T12:37:24","date_gmt":"2021-09-27T10:37:24","guid":{"rendered":"https:\/\/www.ikuchyne.sk\/eshop\/?post_type=product&#038;p=154424"},"modified":"2021-09-27T12:37:25","modified_gmt":"2021-09-27T10:37:25","slug":"zahradny-konferencny-stolik-tampa-lounge-78cm-polywood-prirodny","status":"publish","type":"product","link":"https:\/\/www.ikuchyne.sk\/eshop\/produkt\/zahradny-konferencny-stolik-tampa-lounge-78cm-polywood-prirodny\/","title":{"rendered":"Z\u00e1hradn\u00fd konferen\u010dn\u00fd stol\u00edk Tampa Lounge 78cm Polywood pr\u00edrodn\u00fd"},"content":{"rendered":"<p><b>Rozmery<\/b> (cca):<br \/>\n78 cm x 48 cm x 78 cm (\u0160xVxH)<\/p>\n<p><strong>Materi\u00e1l:<\/strong><br \/>\nDoska stola: polywood (100% plast)<br \/>\nR\u00e1m: hlin\u00edk pr\u00e1\u0161kovo lakovan\u00fd<\/p>\n<p><strong>Farba:<\/strong><br \/>\nDoska stola: pr\u00edrodn\u00e1<br \/>\nR\u00e1m: siv\u00fd<\/p>\n<p>Z\u00e1hradn\u00fd n\u00e1bytok odoln\u00fd vo\u010di poveternostn\u00fdm vplyvom.<\/p>\n","protected":false},"excerpt":{"rendered":"<p>Rozmery (cca): 78 cm x 48 cm x 78 cm (\u0160xVxH) Materi\u00e1l: Doska stola: polywood (100% plast) R\u00e1m: hlin\u00edk pr\u00e1\u0161kovo lakovan\u00fd Farba: Doska stola: pr\u00edrodn\u00e1 R\u00e1m: siv\u00fd Z\u00e1hradn\u00fd n\u00e1bytok odoln\u00fd<\/p>\n","protected":false},"featured_media":154425,"comment_status":"closed","ping_status":"closed","template":"","meta":[],"product_cat":[834,842,304,839,772,287],"product_tag":[198,204],"yoast_head":"<!-- This site is optimized with the Yoast SEO plugin v22.1 - https:\/\/yoast.com\/wordpress\/plugins\/seo\/ -->\n<title>Z\u00e1hradn\u00fd konferen\u010dn\u00fd stol\u00edk Tampa Lounge 78cm Polywood pr\u00edrodn\u00fd &#187; iKuchyne iSHOP s n\u00e1bytkom<\/title>\n<meta name=\"description\" content=\"K\u00fapte si u n\u00e1s Z\u00e1hradn\u00fd konferen\u010dn\u00fd stol\u00edk Tampa Lounge 78cm Polywood pr\u00edrodn\u00fd za akciov\u00fa cenu. R\u00fdchle dodanie tovaru, odborn\u00e9 poradenstvo a stovky produktov skladom. Z\u00e1hradn\u00fd konferen\u010dn\u00fd stol\u00edk Tampa Lounge 78cm Polywood pr\u00edrodn\u00fd sa stane dominantou V\u00e1\u0161ho interi\u00e9ru. Internetov\u00fd obchod ikuchyne! pon\u00faka odber Z\u00e1hradn\u00fd konferen\u010dn\u00fd stol\u00edk Tampa Lounge 78cm Polywood pr\u00edrodn\u00fd u\u017e od 1 kusu.\" \/>\n<meta name=\"robots\" content=\"index, follow, max-snippet:-1, max-image-preview:large, max-video-preview:-1\" \/>\n<link rel=\"canonical\" href=\"https:\/\/www.ikuchyne.sk\/eshop\/produkt\/zahradny-konferencny-stolik-tampa-lounge-78cm-polywood-prirodny\/\" \/>\n<meta property=\"og:locale\" content=\"sk_SK\" \/>\n<meta property=\"og:type\" content=\"article\" \/>\n<meta property=\"og:title\" content=\"Z\u00e1hradn\u00fd konferen\u010dn\u00fd stol\u00edk Tampa Lounge 78cm Polywood pr\u00edrodn\u00fd &#187; iKuchyne iSHOP s n\u00e1bytkom\" \/>\n<meta property=\"og:description\" content=\"K\u00fapte si u n\u00e1s Z\u00e1hradn\u00fd konferen\u010dn\u00fd stol\u00edk Tampa Lounge 78cm Polywood pr\u00edrodn\u00fd za akciov\u00fa cenu. R\u00fdchle dodanie tovaru, odborn\u00e9 poradenstvo a stovky produktov skladom. Z\u00e1hradn\u00fd konferen\u010dn\u00fd stol\u00edk Tampa Lounge 78cm Polywood pr\u00edrodn\u00fd sa stane dominantou V\u00e1\u0161ho interi\u00e9ru. Internetov\u00fd obchod ikuchyne! pon\u00faka odber Z\u00e1hradn\u00fd konferen\u010dn\u00fd stol\u00edk Tampa Lounge 78cm Polywood pr\u00edrodn\u00fd u\u017e od 1 kusu.\" \/>\n<meta property=\"og:url\" content=\"https:\/\/www.ikuchyne.sk\/eshop\/produkt\/zahradny-konferencny-stolik-tampa-lounge-78cm-polywood-prirodny\/\" \/>\n<meta property=\"og:site_name\" content=\"iKuchyne iSHOP s n\u00e1bytkom\" \/>\n<meta property=\"article:publisher\" content=\"https:\/\/www.facebook.com\/ikuchyne\/\" \/>\n<meta property=\"article:modified_time\" content=\"2021-09-27T10:37:25+00:00\" \/>\n<meta property=\"og:image\" content=\"https:\/\/www.ikuchyne.sk\/eshop\/wp-content\/uploads\/2021\/09\/Garten-Konferen\u010dn\u00fd-stol\u00edk-Tampa-Lounge-78cm-Polywood-pr\u00edrodn\u00e1-40935.jpg\" \/>\n\t<meta property=\"og:image:width\" content=\"800\" \/>\n\t<meta property=\"og:image:height\" content=\"533\" \/>\n\t<meta property=\"og:image:type\" content=\"image\/jpeg\" \/>\n<meta name=\"twitter:card\" content=\"summary_large_image\" \/>\n<meta name=\"twitter:label1\" content=\"Predpokladan\u00fd \u010das \u010d\u00edtania\" \/>\n\t<meta name=\"twitter:data1\" content=\"1 min\u00fata\" \/>\n<script type=\"application\/ld+json\" class=\"yoast-schema-graph\">{\"@context\":\"https:\/\/schema.org\",\"@graph\":[{\"@type\":\"WebPage\",\"@id\":\"https:\/\/www.ikuchyne.sk\/eshop\/produkt\/zahradny-konferencny-stolik-tampa-lounge-78cm-polywood-prirodny\/\",\"url\":\"https:\/\/www.ikuchyne.sk\/eshop\/produkt\/zahradny-konferencny-stolik-tampa-lounge-78cm-polywood-prirodny\/\",\"name\":\"Z\u00e1hradn\u00fd konferen\u010dn\u00fd stol\u00edk Tampa Lounge 78cm Polywood pr\u00edrodn\u00fd &#187; iKuchyne iSHOP s n\u00e1bytkom\",\"isPartOf\":{\"@id\":\"https:\/\/www.ikuchyne.sk\/eshop\/#website\"},\"datePublished\":\"2021-09-27T10:37:24+00:00\",\"dateModified\":\"2021-09-27T10:37:25+00:00\",\"description\":\"K\u00fapte si u n\u00e1s Z\u00e1hradn\u00fd konferen\u010dn\u00fd stol\u00edk Tampa Lounge 78cm Polywood pr\u00edrodn\u00fd za akciov\u00fa cenu. R\u00fdchle dodanie tovaru, odborn\u00e9 poradenstvo a stovky produktov skladom. Z\u00e1hradn\u00fd konferen\u010dn\u00fd stol\u00edk Tampa Lounge 78cm Polywood pr\u00edrodn\u00fd sa stane dominantou V\u00e1\u0161ho interi\u00e9ru. Internetov\u00fd obchod ikuchyne! pon\u00faka odber Z\u00e1hradn\u00fd konferen\u010dn\u00fd stol\u00edk Tampa Lounge 78cm Polywood pr\u00edrodn\u00fd u\u017e od 1 kusu.\",\"breadcrumb\":{\"@id\":\"https:\/\/www.ikuchyne.sk\/eshop\/produkt\/zahradny-konferencny-stolik-tampa-lounge-78cm-polywood-prirodny\/#breadcrumb\"},\"inLanguage\":\"sk-SK\",\"potentialAction\":[{\"@type\":\"ReadAction\",\"target\":[\"https:\/\/www.ikuchyne.sk\/eshop\/produkt\/zahradny-konferencny-stolik-tampa-lounge-78cm-polywood-prirodny\/\"]}]},{\"@type\":\"BreadcrumbList\",\"@id\":\"https:\/\/www.ikuchyne.sk\/eshop\/produkt\/zahradny-konferencny-stolik-tampa-lounge-78cm-polywood-prirodny\/#breadcrumb\",\"itemListElement\":[{\"@type\":\"ListItem\",\"position\":1,\"name\":\"Home\",\"item\":\"https:\/\/www.ikuchyne.sk\/eshop\/\"},{\"@type\":\"ListItem\",\"position\":2,\"name\":\"Obchod\",\"item\":\"https:\/\/www.ikuchyne.sk\/eshop\/obchod\/\"},{\"@type\":\"ListItem\",\"position\":3,\"name\":\"Z\u00e1hradn\u00fd konferen\u010dn\u00fd stol\u00edk Tampa Lounge 78cm Polywood pr\u00edrodn\u00fd\"}]},{\"@type\":\"WebSite\",\"@id\":\"https:\/\/www.ikuchyne.sk\/eshop\/#website\",\"url\":\"https:\/\/www.ikuchyne.sk\/eshop\/\",\"name\":\"iKuchyne iSHOP s n\u00e1bytkom\",\"description\":\"Jed\u00e1lensk\u00e9 stoly, stoli\u010dky, n\u00e1bytok, svietidl\u00e1...\",\"publisher\":{\"@id\":\"https:\/\/www.ikuchyne.sk\/eshop\/#organization\"},\"potentialAction\":[{\"@type\":\"SearchAction\",\"target\":{\"@type\":\"EntryPoint\",\"urlTemplate\":\"https:\/\/www.ikuchyne.sk\/eshop\/?s={search_term_string}\"},\"query-input\":\"required name=search_term_string\"}],\"inLanguage\":\"sk-SK\"},{\"@type\":\"Organization\",\"@id\":\"https:\/\/www.ikuchyne.sk\/eshop\/#organization\",\"name\":\"ikuchyne!\",\"url\":\"https:\/\/www.ikuchyne.sk\/eshop\/\",\"logo\":{\"@type\":\"ImageObject\",\"inLanguage\":\"sk-SK\",\"@id\":\"https:\/\/www.ikuchyne.sk\/eshop\/#\/schema\/logo\/image\/\",\"url\":\"https:\/\/www.ikuchyne.sk\/eshop\/wp-content\/uploads\/2017\/04\/ikuchyne-logo.jpg\",\"contentUrl\":\"https:\/\/www.ikuchyne.sk\/eshop\/wp-content\/uploads\/2017\/04\/ikuchyne-logo.jpg\",\"width\":200,\"height\":48,\"caption\":\"ikuchyne!\"},\"image\":{\"@id\":\"https:\/\/www.ikuchyne.sk\/eshop\/#\/schema\/logo\/image\/\"},\"sameAs\":[\"https:\/\/www.facebook.com\/ikuchyne\/\",\"https:\/\/www.instagram.com\/ikuchyne.sk\/\",\"https:\/\/sk.pinterest.com\/ikuchynesk\/\"]}]}<\/script>\n<!-- \/ Yoast SEO plugin. -->","yoast_head_json":{"title":"Z\u00e1hradn\u00fd konferen\u010dn\u00fd stol\u00edk Tampa Lounge 78cm Polywood pr\u00edrodn\u00fd &#187; iKuchyne iSHOP s n\u00e1bytkom","description":"K\u00fapte si u n\u00e1s Z\u00e1hradn\u00fd konferen\u010dn\u00fd stol\u00edk Tampa Lounge 78cm Polywood pr\u00edrodn\u00fd za akciov\u00fa cenu. R\u00fdchle dodanie tovaru, odborn\u00e9 poradenstvo a stovky produktov skladom. Z\u00e1hradn\u00fd konferen\u010dn\u00fd stol\u00edk Tampa Lounge 78cm Polywood pr\u00edrodn\u00fd sa stane dominantou V\u00e1\u0161ho interi\u00e9ru. Internetov\u00fd obchod ikuchyne! pon\u00faka odber Z\u00e1hradn\u00fd konferen\u010dn\u00fd stol\u00edk Tampa Lounge 78cm Polywood pr\u00edrodn\u00fd u\u017e od 1 kusu.","robots":{"index":"index","follow":"follow","max-snippet":"max-snippet:-1","max-image-preview":"max-image-preview:large","max-video-preview":"max-video-preview:-1"},"canonical":"https:\/\/www.ikuchyne.sk\/eshop\/produkt\/zahradny-konferencny-stolik-tampa-lounge-78cm-polywood-prirodny\/","og_locale":"sk_SK","og_type":"article","og_title":"Z\u00e1hradn\u00fd konferen\u010dn\u00fd stol\u00edk Tampa Lounge 78cm Polywood pr\u00edrodn\u00fd &#187; iKuchyne iSHOP s n\u00e1bytkom","og_description":"K\u00fapte si u n\u00e1s Z\u00e1hradn\u00fd konferen\u010dn\u00fd stol\u00edk Tampa Lounge 78cm Polywood pr\u00edrodn\u00fd za akciov\u00fa cenu. R\u00fdchle dodanie tovaru, odborn\u00e9 poradenstvo a stovky produktov skladom. Z\u00e1hradn\u00fd konferen\u010dn\u00fd stol\u00edk Tampa Lounge 78cm Polywood pr\u00edrodn\u00fd sa stane dominantou V\u00e1\u0161ho interi\u00e9ru. Internetov\u00fd obchod ikuchyne! pon\u00faka odber Z\u00e1hradn\u00fd konferen\u010dn\u00fd stol\u00edk Tampa Lounge 78cm Polywood pr\u00edrodn\u00fd u\u017e od 1 kusu.","og_url":"https:\/\/www.ikuchyne.sk\/eshop\/produkt\/zahradny-konferencny-stolik-tampa-lounge-78cm-polywood-prirodny\/","og_site_name":"iKuchyne iSHOP s n\u00e1bytkom","article_publisher":"https:\/\/www.facebook.com\/ikuchyne\/","article_modified_time":"2021-09-27T10:37:25+00:00","og_image":[{"width":800,"height":533,"url":"https:\/\/www.ikuchyne.sk\/eshop\/wp-content\/uploads\/2021\/09\/Garten-Konferen\u010dn\u00fd-stol\u00edk-Tampa-Lounge-78cm-Polywood-pr\u00edrodn\u00e1-40935.jpg","type":"image\/jpeg"}],"twitter_card":"summary_large_image","twitter_misc":{"Predpokladan\u00fd \u010das \u010d\u00edtania":"1 min\u00fata"},"schema":{"@context":"https:\/\/schema.org","@graph":[{"@type":"WebPage","@id":"https:\/\/www.ikuchyne.sk\/eshop\/produkt\/zahradny-konferencny-stolik-tampa-lounge-78cm-polywood-prirodny\/","url":"https:\/\/www.ikuchyne.sk\/eshop\/produkt\/zahradny-konferencny-stolik-tampa-lounge-78cm-polywood-prirodny\/","name":"Z\u00e1hradn\u00fd konferen\u010dn\u00fd stol\u00edk Tampa Lounge 78cm Polywood pr\u00edrodn\u00fd &#187; iKuchyne iSHOP s n\u00e1bytkom","isPartOf":{"@id":"https:\/\/www.ikuchyne.sk\/eshop\/#website"},"datePublished":"2021-09-27T10:37:24+00:00","dateModified":"2021-09-27T10:37:25+00:00","description":"K\u00fapte si u n\u00e1s Z\u00e1hradn\u00fd konferen\u010dn\u00fd stol\u00edk Tampa Lounge 78cm Polywood pr\u00edrodn\u00fd za akciov\u00fa cenu. R\u00fdchle dodanie tovaru, odborn\u00e9 poradenstvo a stovky produktov skladom. Z\u00e1hradn\u00fd konferen\u010dn\u00fd stol\u00edk Tampa Lounge 78cm Polywood pr\u00edrodn\u00fd sa stane dominantou V\u00e1\u0161ho interi\u00e9ru. Internetov\u00fd obchod ikuchyne! pon\u00faka odber Z\u00e1hradn\u00fd konferen\u010dn\u00fd stol\u00edk Tampa Lounge 78cm Polywood pr\u00edrodn\u00fd u\u017e od 1 kusu.","breadcrumb":{"@id":"https:\/\/www.ikuchyne.sk\/eshop\/produkt\/zahradny-konferencny-stolik-tampa-lounge-78cm-polywood-prirodny\/#breadcrumb"},"inLanguage":"sk-SK","potentialAction":[{"@type":"ReadAction","target":["https:\/\/www.ikuchyne.sk\/eshop\/produkt\/zahradny-konferencny-stolik-tampa-lounge-78cm-polywood-prirodny\/"]}]},{"@type":"BreadcrumbList","@id":"https:\/\/www.ikuchyne.sk\/eshop\/produkt\/zahradny-konferencny-stolik-tampa-lounge-78cm-polywood-prirodny\/#breadcrumb","itemListElement":[{"@type":"ListItem","position":1,"name":"Home","item":"https:\/\/www.ikuchyne.sk\/eshop\/"},{"@type":"ListItem","position":2,"name":"Obchod","item":"https:\/\/www.ikuchyne.sk\/eshop\/obchod\/"},{"@type":"ListItem","position":3,"name":"Z\u00e1hradn\u00fd konferen\u010dn\u00fd stol\u00edk Tampa Lounge 78cm Polywood pr\u00edrodn\u00fd"}]},{"@type":"WebSite","@id":"https:\/\/www.ikuchyne.sk\/eshop\/#website","url":"https:\/\/www.ikuchyne.sk\/eshop\/","name":"iKuchyne iSHOP s n\u00e1bytkom","description":"Jed\u00e1lensk\u00e9 stoly, stoli\u010dky, n\u00e1bytok, svietidl\u00e1...","publisher":{"@id":"https:\/\/www.ikuchyne.sk\/eshop\/#organization"},"potentialAction":[{"@type":"SearchAction","target":{"@type":"EntryPoint","urlTemplate":"https:\/\/www.ikuchyne.sk\/eshop\/?s={search_term_string}"},"query-input":"required name=search_term_string"}],"inLanguage":"sk-SK"},{"@type":"Organization","@id":"https:\/\/www.ikuchyne.sk\/eshop\/#organization","name":"ikuchyne!","url":"https:\/\/www.ikuchyne.sk\/eshop\/","logo":{"@type":"ImageObject","inLanguage":"sk-SK","@id":"https:\/\/www.ikuchyne.sk\/eshop\/#\/schema\/logo\/image\/","url":"https:\/\/www.ikuchyne.sk\/eshop\/wp-content\/uploads\/2017\/04\/ikuchyne-logo.jpg","contentUrl":"https:\/\/www.ikuchyne.sk\/eshop\/wp-content\/uploads\/2017\/04\/ikuchyne-logo.jpg","width":200,"height":48,"caption":"ikuchyne!"},"image":{"@id":"https:\/\/www.ikuchyne.sk\/eshop\/#\/schema\/logo\/image\/"},"sameAs":["https:\/\/www.facebook.com\/ikuchyne\/","https:\/\/www.instagram.com\/ikuchyne.sk\/","https:\/\/sk.pinterest.com\/ikuchynesk\/"]}]}},"_links":{"self":[{"href":"https:\/\/www.ikuchyne.sk\/eshop\/wp-json\/wp\/v2\/product\/154424"}],"collection":[{"href":"https:\/\/www.ikuchyne.sk\/eshop\/wp-json\/wp\/v2\/product"}],"about":[{"href":"https:\/\/www.ikuchyne.sk\/eshop\/wp-json\/wp\/v2\/types\/product"}],"replies":[{"embeddable":true,"href":"https:\/\/www.ikuchyne.sk\/eshop\/wp-json\/wp\/v2\/comments?post=154424"}],"wp:featuredmedia":[{"embeddable":true,"href":"https:\/\/www.ikuchyne.sk\/eshop\/wp-json\/wp\/v2\/media\/154425"}],"wp:attachment":[{"href":"https:\/\/www.ikuchyne.sk\/eshop\/wp-json\/wp\/v2\/media?parent=154424"}],"wp:term":[{"taxonomy":"product_cat","embeddable":true,"href":"https:\/\/www.ikuchyne.sk\/eshop\/wp-json\/wp\/v2\/product_cat?post=154424"},{"taxonomy":"product_tag","embeddable":true,"href":"https:\/\/www.ikuchyne.sk\/eshop\/wp-json\/wp\/v2\/product_tag?post=154424"}],"curies":[{"name":"wp","href":"https:\/\/api.w.org\/{rel}","templated":true}]}}