{"id":155512,"date":"2022-04-01T09:38:30","date_gmt":"2022-04-01T07:38:30","guid":{"rendered":"https:\/\/www.ikuchyne.sk\/eshop\/?post_type=product&#038;p=155512"},"modified":"2022-04-01T09:38:31","modified_gmt":"2022-04-01T07:38:31","slug":"stolicka-modern-barock-kralovska-modra-zamat-s-uchytom","status":"publish","type":"product","link":"https:\/\/www.ikuchyne.sk\/eshop\/produkt\/stolicka-modern-barock-kralovska-modra-zamat-s-uchytom\/","title":{"rendered":"Stoli\u010dka Modern Barock kr\u00e1\u013eovsk\u00e1 modr\u00e1 zamat \/ s \u00fach\u00fdtom"},"content":{"rendered":"<p>Vysoko kvalitn\u00fd zamatov\u00fd a leskl\u00fd po\u0165ah.<br \/>\nNerezov\u00e9 nohy dotv\u00e1raj\u00fa barokov\u00fd \u0161t\u00fdl.<\/p>\n<p><b>Rozmery<\/b> (cca):<br \/>\n55 cm x 102 cm x 67 cm (\u0160xVxH)<br \/>\nSedadlo: 42 cm x 47 cm x 44 cm (\u0160xVxH)<br \/>\nV\u00fd\u0161ka chrbtovej opierky: 58 cm<\/p>\n<p><strong>Materi\u00e1l:<\/strong><br \/>\nPo\u0165ah: zamat (100% polyester)<br \/>\nNohy: kovov\u00e9, chr\u00f3movan\u00e9<\/p>\n<p><strong>Farba:<\/strong> kr\u00e1\u013eovsk\u00e1 modr\u00e1, strieborn\u00e1<br \/>\nBarokov\u00fd \u0161t\u00fdl<\/p>\n","protected":false},"excerpt":{"rendered":"<p>Vysoko kvalitn\u00fd zamatov\u00fd a leskl\u00fd po\u0165ah. Nerezov\u00e9 nohy dotv\u00e1raj\u00fa barokov\u00fd \u0161t\u00fdl. Rozmery (cca): 55 cm x 102 cm x 67 cm (\u0160xVxH) Sedadlo: 42 cm x 47 cm x 44<\/p>\n","protected":false},"featured_media":155513,"comment_status":"closed","ping_status":"closed","template":"","meta":[],"product_cat":[310,823,829,826,772,288],"product_tag":[191,2958,343],"yoast_head":"<!-- This site is optimized with the Yoast SEO plugin v22.1 - https:\/\/yoast.com\/wordpress\/plugins\/seo\/ -->\n<title>Stoli\u010dka Modern Barock kr\u00e1\u013eovsk\u00e1 modr\u00e1 zamat \/ s \u00fach\u00fdtom &#187; iKuchyne iSHOP s n\u00e1bytkom<\/title>\n<meta name=\"description\" content=\"K\u00fapte si u n\u00e1s Stoli\u010dka Modern Barock kr\u00e1\u013eovsk\u00e1 modr\u00e1 zamat \/ s \u00fach\u00fdtom za akciov\u00fa cenu. R\u00fdchle dodanie tovaru, odborn\u00e9 poradenstvo a stovky produktov skladom. Stoli\u010dka Modern Barock kr\u00e1\u013eovsk\u00e1 modr\u00e1 zamat \/ s \u00fach\u00fdtom sa stane dominantou V\u00e1\u0161ho interi\u00e9ru. Internetov\u00fd obchod ikuchyne! pon\u00faka odber Stoli\u010dka Modern Barock kr\u00e1\u013eovsk\u00e1 modr\u00e1 zamat \/ s \u00fach\u00fdtom u\u017e od 1 kusu.\" \/>\n<meta name=\"robots\" content=\"index, follow, max-snippet:-1, max-image-preview:large, max-video-preview:-1\" \/>\n<link rel=\"canonical\" href=\"https:\/\/www.ikuchyne.sk\/eshop\/produkt\/stolicka-modern-barock-kralovska-modra-zamat-s-uchytom\/\" \/>\n<meta property=\"og:locale\" content=\"sk_SK\" \/>\n<meta property=\"og:type\" content=\"article\" \/>\n<meta property=\"og:title\" content=\"Stoli\u010dka Modern Barock kr\u00e1\u013eovsk\u00e1 modr\u00e1 zamat \/ s \u00fach\u00fdtom &#187; iKuchyne iSHOP s n\u00e1bytkom\" \/>\n<meta property=\"og:description\" content=\"K\u00fapte si u n\u00e1s Stoli\u010dka Modern Barock kr\u00e1\u013eovsk\u00e1 modr\u00e1 zamat \/ s \u00fach\u00fdtom za akciov\u00fa cenu. R\u00fdchle dodanie tovaru, odborn\u00e9 poradenstvo a stovky produktov skladom. Stoli\u010dka Modern Barock kr\u00e1\u013eovsk\u00e1 modr\u00e1 zamat \/ s \u00fach\u00fdtom sa stane dominantou V\u00e1\u0161ho interi\u00e9ru. Internetov\u00fd obchod ikuchyne! pon\u00faka odber Stoli\u010dka Modern Barock kr\u00e1\u013eovsk\u00e1 modr\u00e1 zamat \/ s \u00fach\u00fdtom u\u017e od 1 kusu.\" \/>\n<meta property=\"og:url\" content=\"https:\/\/www.ikuchyne.sk\/eshop\/produkt\/stolicka-modern-barock-kralovska-modra-zamat-s-uchytom\/\" \/>\n<meta property=\"og:site_name\" content=\"iKuchyne iSHOP s n\u00e1bytkom\" \/>\n<meta property=\"article:publisher\" content=\"https:\/\/www.facebook.com\/ikuchyne\/\" \/>\n<meta property=\"article:modified_time\" content=\"2022-04-01T07:38:31+00:00\" \/>\n<meta property=\"og:image\" content=\"https:\/\/www.ikuchyne.sk\/eshop\/wp-content\/uploads\/2022\/03\/Stoli\u010dka-Modern-Barock-royalblau-zamat-L\u00f6wenkopf-41505.jpg\" \/>\n\t<meta property=\"og:image:width\" content=\"800\" \/>\n\t<meta property=\"og:image:height\" content=\"533\" \/>\n\t<meta property=\"og:image:type\" content=\"image\/jpeg\" \/>\n<meta name=\"twitter:card\" content=\"summary_large_image\" \/>\n<meta name=\"twitter:label1\" content=\"Predpokladan\u00fd \u010das \u010d\u00edtania\" \/>\n\t<meta name=\"twitter:data1\" content=\"1 min\u00fata\" \/>\n<script type=\"application\/ld+json\" class=\"yoast-schema-graph\">{\"@context\":\"https:\/\/schema.org\",\"@graph\":[{\"@type\":\"WebPage\",\"@id\":\"https:\/\/www.ikuchyne.sk\/eshop\/produkt\/stolicka-modern-barock-kralovska-modra-zamat-s-uchytom\/\",\"url\":\"https:\/\/www.ikuchyne.sk\/eshop\/produkt\/stolicka-modern-barock-kralovska-modra-zamat-s-uchytom\/\",\"name\":\"Stoli\u010dka Modern Barock kr\u00e1\u013eovsk\u00e1 modr\u00e1 zamat \/ s \u00fach\u00fdtom &#187; iKuchyne iSHOP s n\u00e1bytkom\",\"isPartOf\":{\"@id\":\"https:\/\/www.ikuchyne.sk\/eshop\/#website\"},\"datePublished\":\"2022-04-01T07:38:30+00:00\",\"dateModified\":\"2022-04-01T07:38:31+00:00\",\"description\":\"K\u00fapte si u n\u00e1s Stoli\u010dka Modern Barock kr\u00e1\u013eovsk\u00e1 modr\u00e1 zamat \/ s \u00fach\u00fdtom za akciov\u00fa cenu. R\u00fdchle dodanie tovaru, odborn\u00e9 poradenstvo a stovky produktov skladom. Stoli\u010dka Modern Barock kr\u00e1\u013eovsk\u00e1 modr\u00e1 zamat \/ s \u00fach\u00fdtom sa stane dominantou V\u00e1\u0161ho interi\u00e9ru. Internetov\u00fd obchod ikuchyne! pon\u00faka odber Stoli\u010dka Modern Barock kr\u00e1\u013eovsk\u00e1 modr\u00e1 zamat \/ s \u00fach\u00fdtom u\u017e od 1 kusu.\",\"breadcrumb\":{\"@id\":\"https:\/\/www.ikuchyne.sk\/eshop\/produkt\/stolicka-modern-barock-kralovska-modra-zamat-s-uchytom\/#breadcrumb\"},\"inLanguage\":\"sk-SK\",\"potentialAction\":[{\"@type\":\"ReadAction\",\"target\":[\"https:\/\/www.ikuchyne.sk\/eshop\/produkt\/stolicka-modern-barock-kralovska-modra-zamat-s-uchytom\/\"]}]},{\"@type\":\"BreadcrumbList\",\"@id\":\"https:\/\/www.ikuchyne.sk\/eshop\/produkt\/stolicka-modern-barock-kralovska-modra-zamat-s-uchytom\/#breadcrumb\",\"itemListElement\":[{\"@type\":\"ListItem\",\"position\":1,\"name\":\"Home\",\"item\":\"https:\/\/www.ikuchyne.sk\/eshop\/\"},{\"@type\":\"ListItem\",\"position\":2,\"name\":\"Obchod\",\"item\":\"https:\/\/www.ikuchyne.sk\/eshop\/obchod\/\"},{\"@type\":\"ListItem\",\"position\":3,\"name\":\"Stoli\u010dka Modern Barock kr\u00e1\u013eovsk\u00e1 modr\u00e1 zamat \/ s \u00fach\u00fdtom\"}]},{\"@type\":\"WebSite\",\"@id\":\"https:\/\/www.ikuchyne.sk\/eshop\/#website\",\"url\":\"https:\/\/www.ikuchyne.sk\/eshop\/\",\"name\":\"iKuchyne iSHOP s n\u00e1bytkom\",\"description\":\"Jed\u00e1lensk\u00e9 stoly, stoli\u010dky, n\u00e1bytok, svietidl\u00e1...\",\"publisher\":{\"@id\":\"https:\/\/www.ikuchyne.sk\/eshop\/#organization\"},\"potentialAction\":[{\"@type\":\"SearchAction\",\"target\":{\"@type\":\"EntryPoint\",\"urlTemplate\":\"https:\/\/www.ikuchyne.sk\/eshop\/?s={search_term_string}\"},\"query-input\":\"required name=search_term_string\"}],\"inLanguage\":\"sk-SK\"},{\"@type\":\"Organization\",\"@id\":\"https:\/\/www.ikuchyne.sk\/eshop\/#organization\",\"name\":\"ikuchyne!\",\"url\":\"https:\/\/www.ikuchyne.sk\/eshop\/\",\"logo\":{\"@type\":\"ImageObject\",\"inLanguage\":\"sk-SK\",\"@id\":\"https:\/\/www.ikuchyne.sk\/eshop\/#\/schema\/logo\/image\/\",\"url\":\"https:\/\/www.ikuchyne.sk\/eshop\/wp-content\/uploads\/2017\/04\/ikuchyne-logo.jpg\",\"contentUrl\":\"https:\/\/www.ikuchyne.sk\/eshop\/wp-content\/uploads\/2017\/04\/ikuchyne-logo.jpg\",\"width\":200,\"height\":48,\"caption\":\"ikuchyne!\"},\"image\":{\"@id\":\"https:\/\/www.ikuchyne.sk\/eshop\/#\/schema\/logo\/image\/\"},\"sameAs\":[\"https:\/\/www.facebook.com\/ikuchyne\/\",\"https:\/\/www.instagram.com\/ikuchyne.sk\/\",\"https:\/\/sk.pinterest.com\/ikuchynesk\/\"]}]}<\/script>\n<!-- \/ Yoast SEO plugin. -->","yoast_head_json":{"title":"Stoli\u010dka Modern Barock kr\u00e1\u013eovsk\u00e1 modr\u00e1 zamat \/ s \u00fach\u00fdtom &#187; iKuchyne iSHOP s n\u00e1bytkom","description":"K\u00fapte si u n\u00e1s Stoli\u010dka Modern Barock kr\u00e1\u013eovsk\u00e1 modr\u00e1 zamat \/ s \u00fach\u00fdtom za akciov\u00fa cenu. R\u00fdchle dodanie tovaru, odborn\u00e9 poradenstvo a stovky produktov skladom. Stoli\u010dka Modern Barock kr\u00e1\u013eovsk\u00e1 modr\u00e1 zamat \/ s \u00fach\u00fdtom sa stane dominantou V\u00e1\u0161ho interi\u00e9ru. Internetov\u00fd obchod ikuchyne! pon\u00faka odber Stoli\u010dka Modern Barock kr\u00e1\u013eovsk\u00e1 modr\u00e1 zamat \/ s \u00fach\u00fdtom u\u017e od 1 kusu.","robots":{"index":"index","follow":"follow","max-snippet":"max-snippet:-1","max-image-preview":"max-image-preview:large","max-video-preview":"max-video-preview:-1"},"canonical":"https:\/\/www.ikuchyne.sk\/eshop\/produkt\/stolicka-modern-barock-kralovska-modra-zamat-s-uchytom\/","og_locale":"sk_SK","og_type":"article","og_title":"Stoli\u010dka Modern Barock kr\u00e1\u013eovsk\u00e1 modr\u00e1 zamat \/ s \u00fach\u00fdtom &#187; iKuchyne iSHOP s n\u00e1bytkom","og_description":"K\u00fapte si u n\u00e1s Stoli\u010dka Modern Barock kr\u00e1\u013eovsk\u00e1 modr\u00e1 zamat \/ s \u00fach\u00fdtom za akciov\u00fa cenu. R\u00fdchle dodanie tovaru, odborn\u00e9 poradenstvo a stovky produktov skladom. Stoli\u010dka Modern Barock kr\u00e1\u013eovsk\u00e1 modr\u00e1 zamat \/ s \u00fach\u00fdtom sa stane dominantou V\u00e1\u0161ho interi\u00e9ru. Internetov\u00fd obchod ikuchyne! pon\u00faka odber Stoli\u010dka Modern Barock kr\u00e1\u013eovsk\u00e1 modr\u00e1 zamat \/ s \u00fach\u00fdtom u\u017e od 1 kusu.","og_url":"https:\/\/www.ikuchyne.sk\/eshop\/produkt\/stolicka-modern-barock-kralovska-modra-zamat-s-uchytom\/","og_site_name":"iKuchyne iSHOP s n\u00e1bytkom","article_publisher":"https:\/\/www.facebook.com\/ikuchyne\/","article_modified_time":"2022-04-01T07:38:31+00:00","og_image":[{"width":800,"height":533,"url":"https:\/\/www.ikuchyne.sk\/eshop\/wp-content\/uploads\/2022\/03\/Stoli\u010dka-Modern-Barock-royalblau-zamat-L\u00f6wenkopf-41505.jpg","type":"image\/jpeg"}],"twitter_card":"summary_large_image","twitter_misc":{"Predpokladan\u00fd \u010das \u010d\u00edtania":"1 min\u00fata"},"schema":{"@context":"https:\/\/schema.org","@graph":[{"@type":"WebPage","@id":"https:\/\/www.ikuchyne.sk\/eshop\/produkt\/stolicka-modern-barock-kralovska-modra-zamat-s-uchytom\/","url":"https:\/\/www.ikuchyne.sk\/eshop\/produkt\/stolicka-modern-barock-kralovska-modra-zamat-s-uchytom\/","name":"Stoli\u010dka Modern Barock kr\u00e1\u013eovsk\u00e1 modr\u00e1 zamat \/ s \u00fach\u00fdtom &#187; iKuchyne iSHOP s n\u00e1bytkom","isPartOf":{"@id":"https:\/\/www.ikuchyne.sk\/eshop\/#website"},"datePublished":"2022-04-01T07:38:30+00:00","dateModified":"2022-04-01T07:38:31+00:00","description":"K\u00fapte si u n\u00e1s Stoli\u010dka Modern Barock kr\u00e1\u013eovsk\u00e1 modr\u00e1 zamat \/ s \u00fach\u00fdtom za akciov\u00fa cenu. R\u00fdchle dodanie tovaru, odborn\u00e9 poradenstvo a stovky produktov skladom. Stoli\u010dka Modern Barock kr\u00e1\u013eovsk\u00e1 modr\u00e1 zamat \/ s \u00fach\u00fdtom sa stane dominantou V\u00e1\u0161ho interi\u00e9ru. Internetov\u00fd obchod ikuchyne! pon\u00faka odber Stoli\u010dka Modern Barock kr\u00e1\u013eovsk\u00e1 modr\u00e1 zamat \/ s \u00fach\u00fdtom u\u017e od 1 kusu.","breadcrumb":{"@id":"https:\/\/www.ikuchyne.sk\/eshop\/produkt\/stolicka-modern-barock-kralovska-modra-zamat-s-uchytom\/#breadcrumb"},"inLanguage":"sk-SK","potentialAction":[{"@type":"ReadAction","target":["https:\/\/www.ikuchyne.sk\/eshop\/produkt\/stolicka-modern-barock-kralovska-modra-zamat-s-uchytom\/"]}]},{"@type":"BreadcrumbList","@id":"https:\/\/www.ikuchyne.sk\/eshop\/produkt\/stolicka-modern-barock-kralovska-modra-zamat-s-uchytom\/#breadcrumb","itemListElement":[{"@type":"ListItem","position":1,"name":"Home","item":"https:\/\/www.ikuchyne.sk\/eshop\/"},{"@type":"ListItem","position":2,"name":"Obchod","item":"https:\/\/www.ikuchyne.sk\/eshop\/obchod\/"},{"@type":"ListItem","position":3,"name":"Stoli\u010dka Modern Barock kr\u00e1\u013eovsk\u00e1 modr\u00e1 zamat \/ s \u00fach\u00fdtom"}]},{"@type":"WebSite","@id":"https:\/\/www.ikuchyne.sk\/eshop\/#website","url":"https:\/\/www.ikuchyne.sk\/eshop\/","name":"iKuchyne iSHOP s n\u00e1bytkom","description":"Jed\u00e1lensk\u00e9 stoly, stoli\u010dky, n\u00e1bytok, svietidl\u00e1...","publisher":{"@id":"https:\/\/www.ikuchyne.sk\/eshop\/#organization"},"potentialAction":[{"@type":"SearchAction","target":{"@type":"EntryPoint","urlTemplate":"https:\/\/www.ikuchyne.sk\/eshop\/?s={search_term_string}"},"query-input":"required name=search_term_string"}],"inLanguage":"sk-SK"},{"@type":"Organization","@id":"https:\/\/www.ikuchyne.sk\/eshop\/#organization","name":"ikuchyne!","url":"https:\/\/www.ikuchyne.sk\/eshop\/","logo":{"@type":"ImageObject","inLanguage":"sk-SK","@id":"https:\/\/www.ikuchyne.sk\/eshop\/#\/schema\/logo\/image\/","url":"https:\/\/www.ikuchyne.sk\/eshop\/wp-content\/uploads\/2017\/04\/ikuchyne-logo.jpg","contentUrl":"https:\/\/www.ikuchyne.sk\/eshop\/wp-content\/uploads\/2017\/04\/ikuchyne-logo.jpg","width":200,"height":48,"caption":"ikuchyne!"},"image":{"@id":"https:\/\/www.ikuchyne.sk\/eshop\/#\/schema\/logo\/image\/"},"sameAs":["https:\/\/www.facebook.com\/ikuchyne\/","https:\/\/www.instagram.com\/ikuchyne.sk\/","https:\/\/sk.pinterest.com\/ikuchynesk\/"]}]}},"_links":{"self":[{"href":"https:\/\/www.ikuchyne.sk\/eshop\/wp-json\/wp\/v2\/product\/155512"}],"collection":[{"href":"https:\/\/www.ikuchyne.sk\/eshop\/wp-json\/wp\/v2\/product"}],"about":[{"href":"https:\/\/www.ikuchyne.sk\/eshop\/wp-json\/wp\/v2\/types\/product"}],"replies":[{"embeddable":true,"href":"https:\/\/www.ikuchyne.sk\/eshop\/wp-json\/wp\/v2\/comments?post=155512"}],"wp:featuredmedia":[{"embeddable":true,"href":"https:\/\/www.ikuchyne.sk\/eshop\/wp-json\/wp\/v2\/media\/155513"}],"wp:attachment":[{"href":"https:\/\/www.ikuchyne.sk\/eshop\/wp-json\/wp\/v2\/media?parent=155512"}],"wp:term":[{"taxonomy":"product_cat","embeddable":true,"href":"https:\/\/www.ikuchyne.sk\/eshop\/wp-json\/wp\/v2\/product_cat?post=155512"},{"taxonomy":"product_tag","embeddable":true,"href":"https:\/\/www.ikuchyne.sk\/eshop\/wp-json\/wp\/v2\/product_tag?post=155512"}],"curies":[{"name":"wp","href":"https:\/\/api.w.org\/{rel}","templated":true}]}}